{"id":174509,"date":"2025-07-14T10:20:01","date_gmt":"2025-07-14T08:20:01","guid":{"rendered":"https:\/\/hpx.eu\/product\/airtight-roof-8800\/"},"modified":"2025-07-14T10:27:28","modified_gmt":"2025-07-14T08:27:28","slug":"airtight-roof-8800","status":"publish","type":"product","link":"https:\/\/hpx.eu\/sv\/product\/airtight-roof-8800\/","title":{"rendered":"AIRTIGHT ROOF <span class=\"productNr\">8800<\/span>"},"content":{"rendered":"<p>&nbsp;<\/p>\n","protected":false},"excerpt":{"rendered":"<ul class=\"product_UPS\">\n<li>F\u00f6rseglings- och fogningstejp f\u00f6r vind- och regnskydd under sluttande tak<\/li>\n<li>Spunnen polypropylentejp skyddar mot exponering av fukt och \u00e5nga, \u00f6kar livsl\u00e4ngden p\u00e5 byggmaterialen<\/li>\n<li>Fungerar bra med termisk expansion och s\u00e4ttningar<\/li>\n<li>Kan spacklas \u00f6ver<\/li>\n<li>God vidh\u00e4ftningsf\u00f6rm\u00e5ga och l\u00e5ga energiytor (LSE), samt HDPE\/PP\/PE-fleece<\/li>\n<li>Arbetstemperatur: -10 \u00b0C (optimalt mellan 5 \u00b0C och 35 \u00b0C)<\/li>\n<li>DIN 4108\/7 och DIN 4108\/11<\/li>\n<li>EMICODE EC1 plus<\/li>\n<li>Inneh\u00e5ller inga l\u00f6sningsmedel<\/li>\n<li><\/li>\n<\/ul>\n<table class=\"product_table\">\n<thead>\n<tr>\n<th>Produkt nr.<\/th>\n<th>Bredd<\/th>\n<th>L\u00e4ngd<\/th>\n<th>F\u00e4rg<\/th>\n<th>Pack<\/th>\n<th>EAN-kod<\/th>\n<\/tr>\n<\/thead>\n<tbody>\n<tr>\n<td>AR6025<\/td>\n<td>60 mm<\/td>\n<td>25 m<\/td>\n<td>gr\u00e5<\/td>\n<td>16<\/td>\n<td>5407004563985<\/td>\n<\/tr>\n<tr>\n<td><\/td>\n<td><\/td>\n<td><\/td>\n<td><\/td>\n<td><\/td>\n<td><\/td>\n<\/tr>\n<tr>\n<td><\/td>\n<td><\/td>\n<td><\/td>\n<td><\/td>\n<td><\/td>\n<td><\/td>\n<\/tr>\n<tr>\n<td><\/td>\n<td><\/td>\n<td><\/td>\n<td><\/td>\n<td><\/td>\n<td><\/td>\n<\/tr>\n<tr>\n<td><\/td>\n<td><\/td>\n<td><\/td>\n<td><\/td>\n<td><\/td>\n<td><\/td>\n<\/tr>\n<tr>\n<td><\/td>\n<td><\/td>\n<td><\/td>\n<td><\/td>\n<td><\/td>\n<td><\/td>\n<\/tr>\n<tr>\n<td><\/td>\n<td><\/td>\n<td><\/td>\n<td><\/td>\n<td><\/td>\n<td><\/td>\n<\/tr>\n<tr>\n<td><\/td>\n<td><\/td>\n<td><\/td>\n<td><\/td>\n<td><\/td>\n<td><\/td>\n<\/tr>\n<tr>\n<td><\/td>\n<td><\/td>\n<td><\/td>\n<td><\/td>\n<td><\/td>\n<td><\/td>\n<\/tr>\n<tr>\n<td><\/td>\n<td><\/td>\n<td><\/td>\n<td><\/td>\n<td><\/td>\n<td><\/td>\n<\/tr>\n<tr>\n<td><\/td>\n<td><\/td>\n<td><\/td>\n<td><\/td>\n<td><\/td>\n<td><\/td>\n<\/tr>\n<tr>\n<td><\/td>\n<td><\/td>\n<td><\/td>\n<td><\/td>\n<td><\/td>\n<td><\/td>\n<\/tr>\n<tr>\n<td><\/td>\n<td><\/td>\n<td><\/td>\n<td><\/td>\n<td><\/td>\n<td><\/td>\n<\/tr>\n<tr>\n<td><\/td>\n<td><\/td>\n<td><\/td>\n<td><\/td>\n<td><\/td>\n<td><\/td>\n<\/tr>\n<tr>\n<td><\/td>\n<td><\/td>\n<td><\/td>\n<td><\/td>\n<td><\/td>\n<td><\/td>\n<\/tr>\n<tr>\n<td><\/td>\n<td><\/td>\n<td><\/td>\n<td><\/td>\n<td><\/td>\n<td><\/td>\n<\/tr>\n<tr>\n<td><\/td>\n<td><\/td>\n<td><\/td>\n<td><\/td>\n<td><\/td>\n<td><\/td>\n<\/tr>\n<tr>\n<td><\/td>\n<td><\/td>\n<td><\/td>\n<td><\/td>\n<td><\/td>\n<td><\/td>\n<\/tr>\n<\/tbody>\n<\/table>\n<div class=\"product_characteristics\">\n<p><b>Lim: <\/b><span>Akryl<\/span><\/p>\n<p><b>Ryggmaterial: <\/b><span>Spunnen polypropylen<\/span><\/p>\n<p><b>Max. temperatur: <\/b><span>-30\u00b0C &#8211; +100\u00b0C<\/span><\/p>\n<p><b>Dragh\u00e5llfashet: <\/b><span><\/span><\/p>\n<p><b>Vidh\u00e4ftningsh\u00e5llfasthet: <\/b><span>30 N\/25 mm<\/span><\/p>\n<p><b>Skjuvstyrka: <\/b><span><\/span><\/p>\n<p><b>Tjocklek: <\/b><span>0,55 mm<\/span><\/p>\n<p><b>Genomslagssp\u00e4nning: <\/b><span><\/span><\/p>\n<\/p><\/div>\n<p>  <a href=\"https:\/\/drive.google.com\/uc?id=17PwdcjcvmMRJ4YPHbbusxjUPd9T-ACBO&#038;export=download\" class=\"btnHPX\" target=\"_blank\"><i class=\"fa fa-download\" aria-hidden=\"true\"><\/i>Ladda ner tekniskt datablad (EN)<\/a><\/p>\n","protected":false},"featured_media":107009,"comment_status":"closed","ping_status":"open","template":"","meta":{"_exactmetrics_skip_tracking":false,"_exactmetrics_sitenote_active":false,"_exactmetrics_sitenote_note":"","_exactmetrics_sitenote_category":0,"_monsterinsights_skip_tracking":false,"_monsterinsights_sitenote_active":false,"_monsterinsights_sitenote_note":"","_monsterinsights_sitenote_category":0,"_themeisle_gutenberg_block_has_review":false},"product_brand":[],"product_cat":[1153],"product_tag":[],"class_list":{"0":"post-174509","1":"product","2":"type-product","3":"status-publish","4":"has-post-thumbnail","6":"product_cat-airtight-angsparrtejper","7":"post","8":"post-with-thumbnail","9":"post-with-thumbnail-large","11":"first","12":"instock","13":"product-type-simple"},"yoast_head":"<!-- This site is optimized with the Yoast SEO plugin v27.3 - https:\/\/yoast.com\/product\/yoast-seo-wordpress\/ -->\n<title>AIRTIGHT ROOF | HPX<\/title>\n<meta name=\"description\" content=\"F\u00f6rseglings- och fogningstejp f\u00f6r vind- och regnskydd under sluttande tak | Airtight \u00e5ngsp\u00e4rrtejper | AIRTIGHT ROOF | HPX\" \/>\n<meta name=\"robots\" content=\"index, follow, max-snippet:-1, max-image-preview:large, max-video-preview:-1\" \/>\n<link rel=\"canonical\" href=\"https:\/\/hpx.eu\/sv\/product\/airtight-roof-8800\/\" \/>\n<meta property=\"og:locale\" content=\"sv_SE\" \/>\n<meta property=\"og:type\" content=\"article\" \/>\n<meta property=\"og:title\" content=\"AIRTIGHT ROOF | HPX\" \/>\n<meta property=\"og:description\" content=\"F\u00f6rseglings- och fogningstejp f\u00f6r vind- och regnskydd under sluttande tak | Airtight \u00e5ngsp\u00e4rrtejper | AIRTIGHT ROOF | HPX\" \/>\n<meta property=\"og:url\" content=\"https:\/\/hpx.eu\/sv\/product\/airtight-roof-8800\/\" \/>\n<meta property=\"og:site_name\" content=\"HPX\" \/>\n<meta property=\"article:publisher\" content=\"https:\/\/www.facebook.com\/HPXtape\/\" \/>\n<meta property=\"article:modified_time\" content=\"2025-07-14T08:27:28+00:00\" \/>\n<meta property=\"og:image\" content=\"https:\/\/hpx.eu\/wp-content\/uploads\/2021\/04\/AR6025-Airtight_Roof-grey-60mm_x_25m-5407004563985.jpg\" \/>\n\t<meta property=\"og:image:width\" content=\"800\" \/>\n\t<meta property=\"og:image:height\" content=\"800\" \/>\n\t<meta property=\"og:image:type\" content=\"image\/jpeg\" \/>\n<meta name=\"twitter:card\" content=\"summary_large_image\" \/>\n<script type=\"application\/ld+json\" class=\"yoast-schema-graph\">{\"@context\":\"https:\\\/\\\/schema.org\",\"@graph\":[{\"@type\":\"WebPage\",\"@id\":\"https:\\\/\\\/hpx.eu\\\/sv\\\/product\\\/airtight-roof-8800\\\/\",\"url\":\"https:\\\/\\\/hpx.eu\\\/sv\\\/product\\\/airtight-roof-8800\\\/\",\"name\":\"AIRTIGHT ROOF | HPX\",\"isPartOf\":{\"@id\":\"http:\\\/\\\/hpx.eu\\\/sv\\\/#website\"},\"primaryImageOfPage\":{\"@id\":\"https:\\\/\\\/hpx.eu\\\/sv\\\/product\\\/airtight-roof-8800\\\/#primaryimage\"},\"image\":{\"@id\":\"https:\\\/\\\/hpx.eu\\\/sv\\\/product\\\/airtight-roof-8800\\\/#primaryimage\"},\"thumbnailUrl\":\"https:\\\/\\\/hpx.eu\\\/wp-content\\\/uploads\\\/2021\\\/04\\\/AR6025-Airtight_Roof-grey-60mm_x_25m-5407004563985.jpg\",\"datePublished\":\"2025-07-14T08:20:01+00:00\",\"dateModified\":\"2025-07-14T08:27:28+00:00\",\"description\":\"F\u00f6rseglings- och fogningstejp f\u00f6r vind- och regnskydd under sluttande tak | Airtight \u00e5ngsp\u00e4rrtejper | AIRTIGHT ROOF | HPX\",\"breadcrumb\":{\"@id\":\"https:\\\/\\\/hpx.eu\\\/sv\\\/product\\\/airtight-roof-8800\\\/#breadcrumb\"},\"inLanguage\":\"sv-SE\",\"potentialAction\":[{\"@type\":\"ReadAction\",\"target\":[\"https:\\\/\\\/hpx.eu\\\/sv\\\/product\\\/airtight-roof-8800\\\/\"]}]},{\"@type\":\"ImageObject\",\"inLanguage\":\"sv-SE\",\"@id\":\"https:\\\/\\\/hpx.eu\\\/sv\\\/product\\\/airtight-roof-8800\\\/#primaryimage\",\"url\":\"https:\\\/\\\/hpx.eu\\\/wp-content\\\/uploads\\\/2021\\\/04\\\/AR6025-Airtight_Roof-grey-60mm_x_25m-5407004563985.jpg\",\"contentUrl\":\"https:\\\/\\\/hpx.eu\\\/wp-content\\\/uploads\\\/2021\\\/04\\\/AR6025-Airtight_Roof-grey-60mm_x_25m-5407004563985.jpg\",\"width\":800,\"height\":800,\"caption\":\"AIRTIGHT ROOF | HPX\"},{\"@type\":\"BreadcrumbList\",\"@id\":\"https:\\\/\\\/hpx.eu\\\/sv\\\/product\\\/airtight-roof-8800\\\/#breadcrumb\",\"itemListElement\":[{\"@type\":\"ListItem\",\"position\":1,\"name\":\"Startseite\",\"item\":\"http:\\\/\\\/hpx.eu\\\/sv\\\/\"},{\"@type\":\"ListItem\",\"position\":2,\"name\":\"Produkter\",\"item\":\"http:\\\/\\\/hpx.eu\\\/sv\\\/produkter\\\/\"},{\"@type\":\"ListItem\",\"position\":3,\"name\":\"AIRTIGHT ROOF 8800\"}]},{\"@type\":\"WebSite\",\"@id\":\"http:\\\/\\\/hpx.eu\\\/sv\\\/#website\",\"url\":\"http:\\\/\\\/hpx.eu\\\/sv\\\/\",\"name\":\"HPX\",\"description\":\"Tough Job, Tougher Tape\",\"publisher\":{\"@id\":\"http:\\\/\\\/hpx.eu\\\/sv\\\/#organization\"},\"potentialAction\":[{\"@type\":\"SearchAction\",\"target\":{\"@type\":\"EntryPoint\",\"urlTemplate\":\"http:\\\/\\\/hpx.eu\\\/sv\\\/?s={search_term_string}\"},\"query-input\":{\"@type\":\"PropertyValueSpecification\",\"valueRequired\":true,\"valueName\":\"search_term_string\"}}],\"inLanguage\":\"sv-SE\"},{\"@type\":\"Organization\",\"@id\":\"http:\\\/\\\/hpx.eu\\\/sv\\\/#organization\",\"name\":\"Option Tape Specialties\",\"url\":\"http:\\\/\\\/hpx.eu\\\/sv\\\/\",\"logo\":{\"@type\":\"ImageObject\",\"inLanguage\":\"sv-SE\",\"@id\":\"http:\\\/\\\/hpx.eu\\\/sv\\\/#\\\/schema\\\/logo\\\/image\\\/\",\"url\":\"\",\"contentUrl\":\"\",\"caption\":\"Option Tape Specialties\"},\"image\":{\"@id\":\"http:\\\/\\\/hpx.eu\\\/sv\\\/#\\\/schema\\\/logo\\\/image\\\/\"},\"sameAs\":[\"https:\\\/\\\/www.facebook.com\\\/HPXtape\\\/\",\"https:\\\/\\\/www.linkedin.com\\\/company\\\/2913311\\\/\",\"https:\\\/\\\/www.youtube.com\\\/channel\\\/UCCYnFjBGfKw8SPW1hMUCVFg\"]}]}<\/script>\n<!-- \/ Yoast SEO plugin. -->","yoast_head_json":{"title":"AIRTIGHT ROOF | HPX","description":"F\u00f6rseglings- och fogningstejp f\u00f6r vind- och regnskydd under sluttande tak | Airtight \u00e5ngsp\u00e4rrtejper | AIRTIGHT ROOF | HPX","robots":{"index":"index","follow":"follow","max-snippet":"max-snippet:-1","max-image-preview":"max-image-preview:large","max-video-preview":"max-video-preview:-1"},"canonical":"https:\/\/hpx.eu\/sv\/product\/airtight-roof-8800\/","og_locale":"sv_SE","og_type":"article","og_title":"AIRTIGHT ROOF | HPX","og_description":"F\u00f6rseglings- och fogningstejp f\u00f6r vind- och regnskydd under sluttande tak | Airtight \u00e5ngsp\u00e4rrtejper | AIRTIGHT ROOF | HPX","og_url":"https:\/\/hpx.eu\/sv\/product\/airtight-roof-8800\/","og_site_name":"HPX","article_publisher":"https:\/\/www.facebook.com\/HPXtape\/","article_modified_time":"2025-07-14T08:27:28+00:00","og_image":[{"width":800,"height":800,"url":"https:\/\/hpx.eu\/wp-content\/uploads\/2021\/04\/AR6025-Airtight_Roof-grey-60mm_x_25m-5407004563985.jpg","type":"image\/jpeg"}],"twitter_card":"summary_large_image","schema":{"@context":"https:\/\/schema.org","@graph":[{"@type":"WebPage","@id":"https:\/\/hpx.eu\/sv\/product\/airtight-roof-8800\/","url":"https:\/\/hpx.eu\/sv\/product\/airtight-roof-8800\/","name":"AIRTIGHT ROOF | HPX","isPartOf":{"@id":"https:\/\/hpx.eu\/sv\/#website"},"primaryImageOfPage":{"@id":"https:\/\/hpx.eu\/sv\/product\/airtight-roof-8800\/#primaryimage"},"image":{"@id":"https:\/\/hpx.eu\/sv\/product\/airtight-roof-8800\/#primaryimage"},"thumbnailUrl":"https:\/\/hpx.eu\/wp-content\/uploads\/2021\/04\/AR6025-Airtight_Roof-grey-60mm_x_25m-5407004563985.jpg","datePublished":"2025-07-14T08:20:01+00:00","dateModified":"2025-07-14T08:27:28+00:00","description":"F\u00f6rseglings- och fogningstejp f\u00f6r vind- och regnskydd under sluttande tak | Airtight \u00e5ngsp\u00e4rrtejper | AIRTIGHT ROOF | HPX","breadcrumb":{"@id":"https:\/\/hpx.eu\/sv\/product\/airtight-roof-8800\/#breadcrumb"},"inLanguage":"sv-SE","potentialAction":[{"@type":"ReadAction","target":["https:\/\/hpx.eu\/sv\/product\/airtight-roof-8800\/"]}]},{"@type":"ImageObject","inLanguage":"sv-SE","@id":"https:\/\/hpx.eu\/sv\/product\/airtight-roof-8800\/#primaryimage","url":"https:\/\/hpx.eu\/wp-content\/uploads\/2021\/04\/AR6025-Airtight_Roof-grey-60mm_x_25m-5407004563985.jpg","contentUrl":"https:\/\/hpx.eu\/wp-content\/uploads\/2021\/04\/AR6025-Airtight_Roof-grey-60mm_x_25m-5407004563985.jpg","width":800,"height":800,"caption":"AIRTIGHT ROOF | HPX"},{"@type":"BreadcrumbList","@id":"https:\/\/hpx.eu\/sv\/product\/airtight-roof-8800\/#breadcrumb","itemListElement":[{"@type":"ListItem","position":1,"name":"Startseite","item":"https:\/\/hpx.eu\/sv\/"},{"@type":"ListItem","position":2,"name":"Produkter","item":"https:\/\/hpx.eu\/sv\/produkter\/"},{"@type":"ListItem","position":3,"name":"AIRTIGHT ROOF 8800"}]},{"@type":"WebSite","@id":"https:\/\/hpx.eu\/sv\/#website","url":"https:\/\/hpx.eu\/sv\/","name":"HPX","description":"Tough Job, Tougher Tape","publisher":{"@id":"https:\/\/hpx.eu\/sv\/#organization"},"potentialAction":[{"@type":"SearchAction","target":{"@type":"EntryPoint","urlTemplate":"https:\/\/hpx.eu\/sv\/?s={search_term_string}"},"query-input":{"@type":"PropertyValueSpecification","valueRequired":true,"valueName":"search_term_string"}}],"inLanguage":"sv-SE"},{"@type":"Organization","@id":"https:\/\/hpx.eu\/sv\/#organization","name":"Option Tape Specialties","url":"https:\/\/hpx.eu\/sv\/","logo":{"@type":"ImageObject","inLanguage":"sv-SE","@id":"https:\/\/hpx.eu\/sv\/#\/schema\/logo\/image\/","url":"","contentUrl":"","caption":"Option Tape Specialties"},"image":{"@id":"https:\/\/hpx.eu\/sv\/#\/schema\/logo\/image\/"},"sameAs":["https:\/\/www.facebook.com\/HPXtape\/","https:\/\/www.linkedin.com\/company\/2913311\/","https:\/\/www.youtube.com\/channel\/UCCYnFjBGfKw8SPW1hMUCVFg"]}]}},"_links":{"self":[{"href":"https:\/\/hpx.eu\/sv\/wp-json\/wp\/v2\/product\/174509","targetHints":{"allow":["GET"]}}],"collection":[{"href":"https:\/\/hpx.eu\/sv\/wp-json\/wp\/v2\/product"}],"about":[{"href":"https:\/\/hpx.eu\/sv\/wp-json\/wp\/v2\/types\/product"}],"replies":[{"embeddable":true,"href":"https:\/\/hpx.eu\/sv\/wp-json\/wp\/v2\/comments?post=174509"}],"wp:featuredmedia":[{"embeddable":true,"href":"https:\/\/hpx.eu\/sv\/wp-json\/wp\/v2\/media\/107009"}],"wp:attachment":[{"href":"https:\/\/hpx.eu\/sv\/wp-json\/wp\/v2\/media?parent=174509"}],"wp:term":[{"taxonomy":"product_brand","embeddable":true,"href":"https:\/\/hpx.eu\/sv\/wp-json\/wp\/v2\/product_brand?post=174509"},{"taxonomy":"product_cat","embeddable":true,"href":"https:\/\/hpx.eu\/sv\/wp-json\/wp\/v2\/product_cat?post=174509"},{"taxonomy":"product_tag","embeddable":true,"href":"https:\/\/hpx.eu\/sv\/wp-json\/wp\/v2\/product_tag?post=174509"}],"curies":[{"name":"wp","href":"https:\/\/api.w.org\/{rel}","templated":true}]}}