{"id":174287,"date":"2025-07-14T10:14:43","date_gmt":"2025-07-14T08:14:43","guid":{"rendered":"https:\/\/hpx.eu\/product\/drywall-jointing-tape-7700\/"},"modified":"2025-07-14T10:24:31","modified_gmt":"2025-07-14T08:24:31","slug":"drywall-jointing-tape-7700","status":"publish","type":"product","link":"https:\/\/hpx.eu\/sv\/product\/drywall-jointing-tape-7700\/","title":{"rendered":"DRYWALL JOINTING TAPE <span class=\"productNr\">7700<\/span>"},"content":{"rendered":"<p>&nbsp;<\/p>\n","protected":false},"excerpt":{"rendered":"<ul class=\"product_UPS\">\n<li>Sj\u00e4lvh\u00e4ftande, rivt\u00e5lig, flexibel glasfibertejp<\/li>\n<li>L\u00e4mplig f\u00f6r f\u00f6rst\u00e4rkning av gipsfogar f\u00f6re efterbehandling<\/li>\n<li>L\u00e4mplig f\u00f6r reparation av sprickor i v\u00e4ggar och tak<\/li>\n<li>F\u00e4ster v\u00e4l p\u00e5 rena, torra och dammfria ytor<\/li>\n<li>Kan gipsas direkt \u00f6ver f\u00f6r ett rent och s\u00f6ml\u00f6st resultat<\/li>\n<li><\/li>\n<li><\/li>\n<li><\/li>\n<li><\/li>\n<li><\/li>\n<\/ul>\n<table class=\"product_table\">\n<thead>\n<tr>\n<th>Produkt nr.<\/th>\n<th>Bredd<\/th>\n<th>L\u00e4ngd<\/th>\n<th>F\u00e4rg<\/th>\n<th>Pack<\/th>\n<th>EAN-kod<\/th>\n<\/tr>\n<\/thead>\n<tbody>\n<tr>\n<td>FT4845<\/td>\n<td>48 mm<\/td>\n<td>45 m<\/td>\n<td>vit<\/td>\n<td>54<\/td>\n<td>5407004560137<\/td>\n<\/tr>\n<tr>\n<td>FT5090<\/td>\n<td>50 mm<\/td>\n<td>90 m<\/td>\n<td>vit<\/td>\n<td>24<\/td>\n<td>5407004560151<\/td>\n<\/tr>\n<tr>\n<td>FT10090<\/td>\n<td>100 mm<\/td>\n<td>90 m<\/td>\n<td>vit<\/td>\n<td>12<\/td>\n<td>5407004560175<\/td>\n<\/tr>\n<tr>\n<td><\/td>\n<td><\/td>\n<td><\/td>\n<td><\/td>\n<td><\/td>\n<td><\/td>\n<\/tr>\n<tr>\n<td><\/td>\n<td><\/td>\n<td><\/td>\n<td><\/td>\n<td><\/td>\n<td><\/td>\n<\/tr>\n<tr>\n<td><\/td>\n<td><\/td>\n<td><\/td>\n<td><\/td>\n<td><\/td>\n<td><\/td>\n<\/tr>\n<tr>\n<td><\/td>\n<td><\/td>\n<td><\/td>\n<td><\/td>\n<td><\/td>\n<td><\/td>\n<\/tr>\n<tr>\n<td><\/td>\n<td><\/td>\n<td><\/td>\n<td><\/td>\n<td><\/td>\n<td><\/td>\n<\/tr>\n<tr>\n<td><\/td>\n<td><\/td>\n<td><\/td>\n<td><\/td>\n<td><\/td>\n<td><\/td>\n<\/tr>\n<tr>\n<td><\/td>\n<td><\/td>\n<td><\/td>\n<td><\/td>\n<td><\/td>\n<td><\/td>\n<\/tr>\n<tr>\n<td><\/td>\n<td><\/td>\n<td><\/td>\n<td><\/td>\n<td><\/td>\n<td><\/td>\n<\/tr>\n<tr>\n<td><\/td>\n<td><\/td>\n<td><\/td>\n<td><\/td>\n<td><\/td>\n<td><\/td>\n<\/tr>\n<tr>\n<td><\/td>\n<td><\/td>\n<td><\/td>\n<td><\/td>\n<td><\/td>\n<td><\/td>\n<\/tr>\n<tr>\n<td><\/td>\n<td><\/td>\n<td><\/td>\n<td><\/td>\n<td><\/td>\n<td><\/td>\n<\/tr>\n<tr>\n<td><\/td>\n<td><\/td>\n<td><\/td>\n<td><\/td>\n<td><\/td>\n<td><\/td>\n<\/tr>\n<tr>\n<td><\/td>\n<td><\/td>\n<td><\/td>\n<td><\/td>\n<td><\/td>\n<td><\/td>\n<\/tr>\n<tr>\n<td><\/td>\n<td><\/td>\n<td><\/td>\n<td><\/td>\n<td><\/td>\n<td><\/td>\n<\/tr>\n<tr>\n<td><\/td>\n<td><\/td>\n<td><\/td>\n<td><\/td>\n<td><\/td>\n<td><\/td>\n<\/tr>\n<\/tbody>\n<\/table>\n<div class=\"product_characteristics\">\n<p><b>Lim: <\/b><span><\/span><\/p>\n<p><b>Ryggmaterial: <\/b><span>glasfiber<\/span><\/p>\n<p><b>Max. temperatur: <\/b><span><\/span><\/p>\n<p><b>Dragh\u00e5llfashet: <\/b><span>warp 260 N\/2,54 cm &#8211; weft 550 N\/2,54 cm<\/span><\/p>\n<p><b>Vidh\u00e4ftningsh\u00e5llfasthet: <\/b><span><\/span><\/p>\n<p><b>Skjuvstyrka: <\/b><span><\/span><\/p>\n<p><b>Tjocklek: <\/b><span>0,26 mm<\/span><\/p>\n<p><b>Genomslagssp\u00e4nning: <\/b><span><\/span><\/p>\n<\/p><\/div>\n<p>  <a href=\"https:\/\/drive.google.com\/uc?id=1PrUMrFm_kF7KVYE1FfpkdaY3N2Kw0pxA&#038;export=download\" class=\"btnHPX\" target=\"_blank\"><i class=\"fa fa-download\" aria-hidden=\"true\"><\/i>Ladda ner tekniskt datablad (EN)<\/a><\/p>\n","protected":false},"featured_media":93947,"comment_status":"closed","ping_status":"closed","template":"","meta":{"_exactmetrics_skip_tracking":false,"_exactmetrics_sitenote_active":false,"_exactmetrics_sitenote_note":"","_exactmetrics_sitenote_category":0,"_monsterinsights_skip_tracking":false,"_monsterinsights_sitenote_active":false,"_monsterinsights_sitenote_note":"","_monsterinsights_sitenote_category":0,"_themeisle_gutenberg_block_has_review":false},"product_brand":[],"product_cat":[1143],"product_tag":[],"class_list":{"0":"post-174287","1":"product","2":"type-product","3":"status-publish","4":"has-post-thumbnail","6":"product_cat-specialtejp","7":"post","8":"post-with-thumbnail","9":"post-with-thumbnail-large","11":"first","12":"instock","13":"product-type-simple"},"yoast_head":"<!-- This site is optimized with the Yoast SEO plugin v27.3 - https:\/\/yoast.com\/product\/yoast-seo-wordpress\/ -->\n<title>DRYWALL JOINTING TAPE | HPX<\/title>\n<meta name=\"description\" content=\"Sj\u00e4lvh\u00e4ftande, rivt\u00e5lig, flexibel glasfibertejp | Specialtejp | DRYWALL JOINTING TAPE | HPX\" \/>\n<meta name=\"robots\" content=\"index, follow, max-snippet:-1, max-image-preview:large, max-video-preview:-1\" \/>\n<link rel=\"canonical\" href=\"https:\/\/hpx.eu\/sv\/product\/drywall-jointing-tape-7700\/\" \/>\n<meta property=\"og:locale\" content=\"sv_SE\" \/>\n<meta property=\"og:type\" content=\"article\" \/>\n<meta property=\"og:title\" content=\"DRYWALL JOINTING TAPE | HPX\" \/>\n<meta property=\"og:description\" content=\"Sj\u00e4lvh\u00e4ftande, rivt\u00e5lig, flexibel glasfibertejp | Specialtejp | DRYWALL JOINTING TAPE | HPX\" \/>\n<meta property=\"og:url\" content=\"https:\/\/hpx.eu\/sv\/product\/drywall-jointing-tape-7700\/\" \/>\n<meta property=\"og:site_name\" content=\"HPX\" \/>\n<meta property=\"article:publisher\" content=\"https:\/\/www.facebook.com\/HPXtape\/\" \/>\n<meta property=\"article:modified_time\" content=\"2025-07-14T08:24:31+00:00\" \/>\n<meta property=\"og:image\" content=\"https:\/\/hpx.eu\/wp-content\/uploads\/2018\/05\/FT5090-Drywall_jointing_tape-Fiberglass_mesh_tape-50mm_x_90m-5407004560151.jpg\" \/>\n\t<meta property=\"og:image:width\" content=\"800\" \/>\n\t<meta property=\"og:image:height\" content=\"800\" \/>\n\t<meta property=\"og:image:type\" content=\"image\/jpeg\" \/>\n<meta name=\"twitter:card\" content=\"summary_large_image\" \/>\n<script type=\"application\/ld+json\" class=\"yoast-schema-graph\">{\"@context\":\"https:\\\/\\\/schema.org\",\"@graph\":[{\"@type\":\"WebPage\",\"@id\":\"https:\\\/\\\/hpx.eu\\\/sv\\\/product\\\/drywall-jointing-tape-7700\\\/\",\"url\":\"https:\\\/\\\/hpx.eu\\\/sv\\\/product\\\/drywall-jointing-tape-7700\\\/\",\"name\":\"DRYWALL JOINTING TAPE | HPX\",\"isPartOf\":{\"@id\":\"http:\\\/\\\/hpx.eu\\\/sv\\\/#website\"},\"primaryImageOfPage\":{\"@id\":\"https:\\\/\\\/hpx.eu\\\/sv\\\/product\\\/drywall-jointing-tape-7700\\\/#primaryimage\"},\"image\":{\"@id\":\"https:\\\/\\\/hpx.eu\\\/sv\\\/product\\\/drywall-jointing-tape-7700\\\/#primaryimage\"},\"thumbnailUrl\":\"https:\\\/\\\/hpx.eu\\\/wp-content\\\/uploads\\\/2020\\\/04\\\/FT5090-Drywall_jointing_tape-Fiberglass_mesh_tape-50mm_x_90m-5407004560151-HPX.jpg\",\"datePublished\":\"2025-07-14T08:14:43+00:00\",\"dateModified\":\"2025-07-14T08:24:31+00:00\",\"description\":\"Sj\u00e4lvh\u00e4ftande, rivt\u00e5lig, flexibel glasfibertejp | Specialtejp | DRYWALL JOINTING TAPE | HPX\",\"breadcrumb\":{\"@id\":\"https:\\\/\\\/hpx.eu\\\/sv\\\/product\\\/drywall-jointing-tape-7700\\\/#breadcrumb\"},\"inLanguage\":\"sv-SE\",\"potentialAction\":[{\"@type\":\"ReadAction\",\"target\":[\"https:\\\/\\\/hpx.eu\\\/sv\\\/product\\\/drywall-jointing-tape-7700\\\/\"]}]},{\"@type\":\"ImageObject\",\"inLanguage\":\"sv-SE\",\"@id\":\"https:\\\/\\\/hpx.eu\\\/sv\\\/product\\\/drywall-jointing-tape-7700\\\/#primaryimage\",\"url\":\"https:\\\/\\\/hpx.eu\\\/wp-content\\\/uploads\\\/2020\\\/04\\\/FT5090-Drywall_jointing_tape-Fiberglass_mesh_tape-50mm_x_90m-5407004560151-HPX.jpg\",\"contentUrl\":\"https:\\\/\\\/hpx.eu\\\/wp-content\\\/uploads\\\/2020\\\/04\\\/FT5090-Drywall_jointing_tape-Fiberglass_mesh_tape-50mm_x_90m-5407004560151-HPX.jpg\",\"width\":800,\"height\":800,\"caption\":\"DRYWALL JOINTING TAPE | HPX\"},{\"@type\":\"BreadcrumbList\",\"@id\":\"https:\\\/\\\/hpx.eu\\\/sv\\\/product\\\/drywall-jointing-tape-7700\\\/#breadcrumb\",\"itemListElement\":[{\"@type\":\"ListItem\",\"position\":1,\"name\":\"Startseite\",\"item\":\"http:\\\/\\\/hpx.eu\\\/sv\\\/\"},{\"@type\":\"ListItem\",\"position\":2,\"name\":\"Produkter\",\"item\":\"http:\\\/\\\/hpx.eu\\\/sv\\\/produkter\\\/\"},{\"@type\":\"ListItem\",\"position\":3,\"name\":\"DRYWALL JOINTING TAPE 7700\"}]},{\"@type\":\"WebSite\",\"@id\":\"http:\\\/\\\/hpx.eu\\\/sv\\\/#website\",\"url\":\"http:\\\/\\\/hpx.eu\\\/sv\\\/\",\"name\":\"HPX\",\"description\":\"Tough Job, Tougher Tape\",\"publisher\":{\"@id\":\"http:\\\/\\\/hpx.eu\\\/sv\\\/#organization\"},\"potentialAction\":[{\"@type\":\"SearchAction\",\"target\":{\"@type\":\"EntryPoint\",\"urlTemplate\":\"http:\\\/\\\/hpx.eu\\\/sv\\\/?s={search_term_string}\"},\"query-input\":{\"@type\":\"PropertyValueSpecification\",\"valueRequired\":true,\"valueName\":\"search_term_string\"}}],\"inLanguage\":\"sv-SE\"},{\"@type\":\"Organization\",\"@id\":\"http:\\\/\\\/hpx.eu\\\/sv\\\/#organization\",\"name\":\"Option Tape Specialties\",\"url\":\"http:\\\/\\\/hpx.eu\\\/sv\\\/\",\"logo\":{\"@type\":\"ImageObject\",\"inLanguage\":\"sv-SE\",\"@id\":\"http:\\\/\\\/hpx.eu\\\/sv\\\/#\\\/schema\\\/logo\\\/image\\\/\",\"url\":\"\",\"contentUrl\":\"\",\"caption\":\"Option Tape Specialties\"},\"image\":{\"@id\":\"http:\\\/\\\/hpx.eu\\\/sv\\\/#\\\/schema\\\/logo\\\/image\\\/\"},\"sameAs\":[\"https:\\\/\\\/www.facebook.com\\\/HPXtape\\\/\",\"https:\\\/\\\/www.linkedin.com\\\/company\\\/2913311\\\/\",\"https:\\\/\\\/www.youtube.com\\\/channel\\\/UCCYnFjBGfKw8SPW1hMUCVFg\"]}]}<\/script>\n<!-- \/ Yoast SEO plugin. -->","yoast_head_json":{"title":"DRYWALL JOINTING TAPE | HPX","description":"Sj\u00e4lvh\u00e4ftande, rivt\u00e5lig, flexibel glasfibertejp | Specialtejp | DRYWALL JOINTING TAPE | HPX","robots":{"index":"index","follow":"follow","max-snippet":"max-snippet:-1","max-image-preview":"max-image-preview:large","max-video-preview":"max-video-preview:-1"},"canonical":"https:\/\/hpx.eu\/sv\/product\/drywall-jointing-tape-7700\/","og_locale":"sv_SE","og_type":"article","og_title":"DRYWALL JOINTING TAPE | HPX","og_description":"Sj\u00e4lvh\u00e4ftande, rivt\u00e5lig, flexibel glasfibertejp | Specialtejp | DRYWALL JOINTING TAPE | HPX","og_url":"https:\/\/hpx.eu\/sv\/product\/drywall-jointing-tape-7700\/","og_site_name":"HPX","article_publisher":"https:\/\/www.facebook.com\/HPXtape\/","article_modified_time":"2025-07-14T08:24:31+00:00","og_image":[{"width":800,"height":800,"url":"https:\/\/hpx.eu\/wp-content\/uploads\/2018\/05\/FT5090-Drywall_jointing_tape-Fiberglass_mesh_tape-50mm_x_90m-5407004560151.jpg","type":"image\/jpeg"}],"twitter_card":"summary_large_image","schema":{"@context":"https:\/\/schema.org","@graph":[{"@type":"WebPage","@id":"https:\/\/hpx.eu\/sv\/product\/drywall-jointing-tape-7700\/","url":"https:\/\/hpx.eu\/sv\/product\/drywall-jointing-tape-7700\/","name":"DRYWALL JOINTING TAPE | HPX","isPartOf":{"@id":"https:\/\/hpx.eu\/sv\/#website"},"primaryImageOfPage":{"@id":"https:\/\/hpx.eu\/sv\/product\/drywall-jointing-tape-7700\/#primaryimage"},"image":{"@id":"https:\/\/hpx.eu\/sv\/product\/drywall-jointing-tape-7700\/#primaryimage"},"thumbnailUrl":"https:\/\/hpx.eu\/wp-content\/uploads\/2020\/04\/FT5090-Drywall_jointing_tape-Fiberglass_mesh_tape-50mm_x_90m-5407004560151-HPX.jpg","datePublished":"2025-07-14T08:14:43+00:00","dateModified":"2025-07-14T08:24:31+00:00","description":"Sj\u00e4lvh\u00e4ftande, rivt\u00e5lig, flexibel glasfibertejp | Specialtejp | DRYWALL JOINTING TAPE | HPX","breadcrumb":{"@id":"https:\/\/hpx.eu\/sv\/product\/drywall-jointing-tape-7700\/#breadcrumb"},"inLanguage":"sv-SE","potentialAction":[{"@type":"ReadAction","target":["https:\/\/hpx.eu\/sv\/product\/drywall-jointing-tape-7700\/"]}]},{"@type":"ImageObject","inLanguage":"sv-SE","@id":"https:\/\/hpx.eu\/sv\/product\/drywall-jointing-tape-7700\/#primaryimage","url":"https:\/\/hpx.eu\/wp-content\/uploads\/2020\/04\/FT5090-Drywall_jointing_tape-Fiberglass_mesh_tape-50mm_x_90m-5407004560151-HPX.jpg","contentUrl":"https:\/\/hpx.eu\/wp-content\/uploads\/2020\/04\/FT5090-Drywall_jointing_tape-Fiberglass_mesh_tape-50mm_x_90m-5407004560151-HPX.jpg","width":800,"height":800,"caption":"DRYWALL JOINTING TAPE | HPX"},{"@type":"BreadcrumbList","@id":"https:\/\/hpx.eu\/sv\/product\/drywall-jointing-tape-7700\/#breadcrumb","itemListElement":[{"@type":"ListItem","position":1,"name":"Startseite","item":"https:\/\/hpx.eu\/sv\/"},{"@type":"ListItem","position":2,"name":"Produkter","item":"https:\/\/hpx.eu\/sv\/produkter\/"},{"@type":"ListItem","position":3,"name":"DRYWALL JOINTING TAPE 7700"}]},{"@type":"WebSite","@id":"https:\/\/hpx.eu\/sv\/#website","url":"https:\/\/hpx.eu\/sv\/","name":"HPX","description":"Tough Job, Tougher Tape","publisher":{"@id":"https:\/\/hpx.eu\/sv\/#organization"},"potentialAction":[{"@type":"SearchAction","target":{"@type":"EntryPoint","urlTemplate":"https:\/\/hpx.eu\/sv\/?s={search_term_string}"},"query-input":{"@type":"PropertyValueSpecification","valueRequired":true,"valueName":"search_term_string"}}],"inLanguage":"sv-SE"},{"@type":"Organization","@id":"https:\/\/hpx.eu\/sv\/#organization","name":"Option Tape Specialties","url":"https:\/\/hpx.eu\/sv\/","logo":{"@type":"ImageObject","inLanguage":"sv-SE","@id":"https:\/\/hpx.eu\/sv\/#\/schema\/logo\/image\/","url":"","contentUrl":"","caption":"Option Tape Specialties"},"image":{"@id":"https:\/\/hpx.eu\/sv\/#\/schema\/logo\/image\/"},"sameAs":["https:\/\/www.facebook.com\/HPXtape\/","https:\/\/www.linkedin.com\/company\/2913311\/","https:\/\/www.youtube.com\/channel\/UCCYnFjBGfKw8SPW1hMUCVFg"]}]}},"_links":{"self":[{"href":"https:\/\/hpx.eu\/sv\/wp-json\/wp\/v2\/product\/174287","targetHints":{"allow":["GET"]}}],"collection":[{"href":"https:\/\/hpx.eu\/sv\/wp-json\/wp\/v2\/product"}],"about":[{"href":"https:\/\/hpx.eu\/sv\/wp-json\/wp\/v2\/types\/product"}],"replies":[{"embeddable":true,"href":"https:\/\/hpx.eu\/sv\/wp-json\/wp\/v2\/comments?post=174287"}],"wp:featuredmedia":[{"embeddable":true,"href":"https:\/\/hpx.eu\/sv\/wp-json\/wp\/v2\/media\/93947"}],"wp:attachment":[{"href":"https:\/\/hpx.eu\/sv\/wp-json\/wp\/v2\/media?parent=174287"}],"wp:term":[{"taxonomy":"product_brand","embeddable":true,"href":"https:\/\/hpx.eu\/sv\/wp-json\/wp\/v2\/product_brand?post=174287"},{"taxonomy":"product_cat","embeddable":true,"href":"https:\/\/hpx.eu\/sv\/wp-json\/wp\/v2\/product_cat?post=174287"},{"taxonomy":"product_tag","embeddable":true,"href":"https:\/\/hpx.eu\/sv\/wp-json\/wp\/v2\/product_tag?post=174287"}],"curies":[{"name":"wp","href":"https:\/\/api.w.org\/{rel}","templated":true}]}}