{"id":174085,"date":"2025-07-14T10:07:50","date_gmt":"2025-07-14T08:07:50","guid":{"rendered":"https:\/\/hpx.eu\/product\/alubutyl-8200\/"},"modified":"2025-07-14T10:22:01","modified_gmt":"2025-07-14T08:22:01","slug":"alubutyl-8200","status":"publish","type":"product","link":"https:\/\/hpx.eu\/sv\/product\/alubutyl-8200\/","title":{"rendered":"ALUBUTYL <span class=\"productNr\">8200<\/span>"},"content":{"rendered":"<p>&nbsp;<\/p>\n","protected":false},"excerpt":{"rendered":"<ul class=\"product_UPS\">\n<li>F\u00f6r anv\u00e4ndning vid vattent\u00e4tning av byggnadsarbeten<\/li>\n<li>F\u00f6r vattent\u00e4tning av byggnader<\/li>\n<li>Utm\u00e4rkt h\u00e5llbarhet och motst\u00e5ndskraft mot vatten<\/li>\n<li>Utm\u00e4rkt motst\u00e5ndskraft mot \u00e5ldrande<\/li>\n<li>Vatten\u00e5ngpermeabilitet 0,5\u00a0g\/m\u00b2 \u2013 24\u00a0h<\/li>\n<li><\/li>\n<li><\/li>\n<li><\/li>\n<li><\/li>\n<li><\/li>\n<\/ul>\n<table class=\"product_table\">\n<thead>\n<tr>\n<th>Produkt nr.<\/th>\n<th>Bredd<\/th>\n<th>L\u00e4ngd<\/th>\n<th>F\u00e4rg<\/th>\n<th>Pack<\/th>\n<th>EAN-kod<\/th>\n<\/tr>\n<\/thead>\n<tbody>\n<tr>\n<td>AY5020<\/td>\n<td>50 mm<\/td>\n<td>20 m<\/td>\n<td>alu-svart<\/td>\n<td>18<\/td>\n<td>5407004561240<\/td>\n<\/tr>\n<tr>\n<td><\/td>\n<td><\/td>\n<td><\/td>\n<td><\/td>\n<td><\/td>\n<td><\/td>\n<\/tr>\n<tr>\n<td><\/td>\n<td><\/td>\n<td><\/td>\n<td><\/td>\n<td><\/td>\n<td><\/td>\n<\/tr>\n<tr>\n<td><\/td>\n<td><\/td>\n<td><\/td>\n<td><\/td>\n<td><\/td>\n<td><\/td>\n<\/tr>\n<tr>\n<td><\/td>\n<td><\/td>\n<td><\/td>\n<td><\/td>\n<td><\/td>\n<td><\/td>\n<\/tr>\n<tr>\n<td><\/td>\n<td><\/td>\n<td><\/td>\n<td><\/td>\n<td><\/td>\n<td><\/td>\n<\/tr>\n<tr>\n<td><\/td>\n<td><\/td>\n<td><\/td>\n<td><\/td>\n<td><\/td>\n<td><\/td>\n<\/tr>\n<tr>\n<td><\/td>\n<td><\/td>\n<td><\/td>\n<td><\/td>\n<td><\/td>\n<td><\/td>\n<\/tr>\n<tr>\n<td><\/td>\n<td><\/td>\n<td><\/td>\n<td><\/td>\n<td><\/td>\n<td><\/td>\n<\/tr>\n<tr>\n<td><\/td>\n<td><\/td>\n<td><\/td>\n<td><\/td>\n<td><\/td>\n<td><\/td>\n<\/tr>\n<tr>\n<td><\/td>\n<td><\/td>\n<td><\/td>\n<td><\/td>\n<td><\/td>\n<td><\/td>\n<\/tr>\n<tr>\n<td><\/td>\n<td><\/td>\n<td><\/td>\n<td><\/td>\n<td><\/td>\n<td><\/td>\n<\/tr>\n<tr>\n<td><\/td>\n<td><\/td>\n<td><\/td>\n<td><\/td>\n<td><\/td>\n<td><\/td>\n<\/tr>\n<tr>\n<td><\/td>\n<td><\/td>\n<td><\/td>\n<td><\/td>\n<td><\/td>\n<td><\/td>\n<\/tr>\n<tr>\n<td><\/td>\n<td><\/td>\n<td><\/td>\n<td><\/td>\n<td><\/td>\n<td><\/td>\n<\/tr>\n<tr>\n<td><\/td>\n<td><\/td>\n<td><\/td>\n<td><\/td>\n<td><\/td>\n<td><\/td>\n<\/tr>\n<tr>\n<td><\/td>\n<td><\/td>\n<td><\/td>\n<td><\/td>\n<td><\/td>\n<td><\/td>\n<\/tr>\n<tr>\n<td><\/td>\n<td><\/td>\n<td><\/td>\n<td><\/td>\n<td><\/td>\n<td><\/td>\n<\/tr>\n<\/tbody>\n<\/table>\n<div class=\"product_characteristics\">\n<p><b>Lim: <\/b><span>Butylgummi<\/span><\/p>\n<p><b>Ryggmaterial: <\/b><span>Butyl + aluminium<\/span><\/p>\n<p><b>Max. temperatur: <\/b><span>90\u00b0C<\/span><\/p>\n<p><b>Dragh\u00e5llfashet: <\/b><span>118 N\/25 mm<\/span><\/p>\n<p><b>Vidh\u00e4ftningsh\u00e5llfasthet: <\/b><span>20 N\/25 mm<\/span><\/p>\n<p><b>Skjuvstyrka: <\/b><span><\/span><\/p>\n<p><b>Tjocklek: <\/b><span>0,50 mm<\/span><\/p>\n<p><b>Genomslagssp\u00e4nning: <\/b><span><\/span><\/p>\n<\/p><\/div>\n<p>  <a href=\"https:\/\/drive.google.com\/uc?id=1IX-PSxjUMYkAoZJu_Ig8A9RGQljCbBYF&#038;export=download\" class=\"btnHPX\" target=\"_blank\"><i class=\"fa fa-download\" aria-hidden=\"true\"><\/i>Ladda ner tekniskt datablad (EN)<\/a><\/p>\n","protected":false},"featured_media":91967,"comment_status":"closed","ping_status":"closed","template":"","meta":{"_exactmetrics_skip_tracking":false,"_exactmetrics_sitenote_active":false,"_exactmetrics_sitenote_note":"","_exactmetrics_sitenote_category":0,"_monsterinsights_skip_tracking":false,"_monsterinsights_sitenote_active":false,"_monsterinsights_sitenote_note":"","_monsterinsights_sitenote_category":0,"_themeisle_gutenberg_block_has_review":false},"product_brand":[],"product_cat":[1147],"product_tag":[],"class_list":{"0":"post-174085","1":"product","2":"type-product","3":"status-publish","4":"has-post-thumbnail","6":"product_cat-tatningstejp","7":"post","8":"post-with-thumbnail","9":"post-with-thumbnail-large","11":"first","12":"instock","13":"product-type-simple"},"yoast_head":"<!-- This site is optimized with the Yoast SEO plugin v27.3 - https:\/\/yoast.com\/product\/yoast-seo-wordpress\/ -->\n<title>ALUBUTYL | HPX<\/title>\n<meta name=\"description\" content=\"F\u00f6r anv\u00e4ndning vid vattent\u00e4tning av byggnadsarbeten | T\u00e4tningstejp | ALUBUTYL | HPX\" \/>\n<meta name=\"robots\" content=\"index, follow, max-snippet:-1, max-image-preview:large, max-video-preview:-1\" \/>\n<link rel=\"canonical\" href=\"https:\/\/hpx.eu\/sv\/product\/alubutyl-8200\/\" \/>\n<meta property=\"og:locale\" content=\"sv_SE\" \/>\n<meta property=\"og:type\" content=\"article\" \/>\n<meta property=\"og:title\" content=\"ALUBUTYL | HPX\" \/>\n<meta property=\"og:description\" content=\"F\u00f6r anv\u00e4ndning vid vattent\u00e4tning av byggnadsarbeten | T\u00e4tningstejp | ALUBUTYL | HPX\" \/>\n<meta property=\"og:url\" content=\"https:\/\/hpx.eu\/sv\/product\/alubutyl-8200\/\" \/>\n<meta property=\"og:site_name\" content=\"HPX\" \/>\n<meta property=\"article:publisher\" content=\"https:\/\/www.facebook.com\/HPXtape\/\" \/>\n<meta property=\"article:modified_time\" content=\"2025-07-14T08:22:01+00:00\" \/>\n<meta property=\"og:image\" content=\"https:\/\/hpx.eu\/wp-content\/uploads\/2018\/05\/AY5020-Alubutyl_tape-50mm_x_20m-5407004561240.jpg\" \/>\n\t<meta property=\"og:image:width\" content=\"800\" \/>\n\t<meta property=\"og:image:height\" content=\"800\" \/>\n\t<meta property=\"og:image:type\" content=\"image\/jpeg\" \/>\n<meta name=\"twitter:card\" content=\"summary_large_image\" \/>\n<script type=\"application\/ld+json\" class=\"yoast-schema-graph\">{\"@context\":\"https:\\\/\\\/schema.org\",\"@graph\":[{\"@type\":\"WebPage\",\"@id\":\"https:\\\/\\\/hpx.eu\\\/sv\\\/product\\\/alubutyl-8200\\\/\",\"url\":\"https:\\\/\\\/hpx.eu\\\/sv\\\/product\\\/alubutyl-8200\\\/\",\"name\":\"ALUBUTYL | HPX\",\"isPartOf\":{\"@id\":\"http:\\\/\\\/hpx.eu\\\/sv\\\/#website\"},\"primaryImageOfPage\":{\"@id\":\"https:\\\/\\\/hpx.eu\\\/sv\\\/product\\\/alubutyl-8200\\\/#primaryimage\"},\"image\":{\"@id\":\"https:\\\/\\\/hpx.eu\\\/sv\\\/product\\\/alubutyl-8200\\\/#primaryimage\"},\"thumbnailUrl\":\"https:\\\/\\\/hpx.eu\\\/wp-content\\\/uploads\\\/2020\\\/04\\\/AY5020-Alubutyl_tape-50mm_x_20m-5407004561240-HPX.jpg\",\"datePublished\":\"2025-07-14T08:07:50+00:00\",\"dateModified\":\"2025-07-14T08:22:01+00:00\",\"description\":\"F\u00f6r anv\u00e4ndning vid vattent\u00e4tning av byggnadsarbeten | T\u00e4tningstejp | ALUBUTYL | HPX\",\"breadcrumb\":{\"@id\":\"https:\\\/\\\/hpx.eu\\\/sv\\\/product\\\/alubutyl-8200\\\/#breadcrumb\"},\"inLanguage\":\"sv-SE\",\"potentialAction\":[{\"@type\":\"ReadAction\",\"target\":[\"https:\\\/\\\/hpx.eu\\\/sv\\\/product\\\/alubutyl-8200\\\/\"]}]},{\"@type\":\"ImageObject\",\"inLanguage\":\"sv-SE\",\"@id\":\"https:\\\/\\\/hpx.eu\\\/sv\\\/product\\\/alubutyl-8200\\\/#primaryimage\",\"url\":\"https:\\\/\\\/hpx.eu\\\/wp-content\\\/uploads\\\/2020\\\/04\\\/AY5020-Alubutyl_tape-50mm_x_20m-5407004561240-HPX.jpg\",\"contentUrl\":\"https:\\\/\\\/hpx.eu\\\/wp-content\\\/uploads\\\/2020\\\/04\\\/AY5020-Alubutyl_tape-50mm_x_20m-5407004561240-HPX.jpg\",\"width\":800,\"height\":800,\"caption\":\"ALUBUTYL | HPX\"},{\"@type\":\"BreadcrumbList\",\"@id\":\"https:\\\/\\\/hpx.eu\\\/sv\\\/product\\\/alubutyl-8200\\\/#breadcrumb\",\"itemListElement\":[{\"@type\":\"ListItem\",\"position\":1,\"name\":\"Startseite\",\"item\":\"http:\\\/\\\/hpx.eu\\\/sv\\\/\"},{\"@type\":\"ListItem\",\"position\":2,\"name\":\"Produkter\",\"item\":\"http:\\\/\\\/hpx.eu\\\/sv\\\/produkter\\\/\"},{\"@type\":\"ListItem\",\"position\":3,\"name\":\"ALUBUTYL 8200\"}]},{\"@type\":\"WebSite\",\"@id\":\"http:\\\/\\\/hpx.eu\\\/sv\\\/#website\",\"url\":\"http:\\\/\\\/hpx.eu\\\/sv\\\/\",\"name\":\"HPX\",\"description\":\"Tough Job, Tougher Tape\",\"publisher\":{\"@id\":\"http:\\\/\\\/hpx.eu\\\/sv\\\/#organization\"},\"potentialAction\":[{\"@type\":\"SearchAction\",\"target\":{\"@type\":\"EntryPoint\",\"urlTemplate\":\"http:\\\/\\\/hpx.eu\\\/sv\\\/?s={search_term_string}\"},\"query-input\":{\"@type\":\"PropertyValueSpecification\",\"valueRequired\":true,\"valueName\":\"search_term_string\"}}],\"inLanguage\":\"sv-SE\"},{\"@type\":\"Organization\",\"@id\":\"http:\\\/\\\/hpx.eu\\\/sv\\\/#organization\",\"name\":\"Option Tape Specialties\",\"url\":\"http:\\\/\\\/hpx.eu\\\/sv\\\/\",\"logo\":{\"@type\":\"ImageObject\",\"inLanguage\":\"sv-SE\",\"@id\":\"http:\\\/\\\/hpx.eu\\\/sv\\\/#\\\/schema\\\/logo\\\/image\\\/\",\"url\":\"\",\"contentUrl\":\"\",\"caption\":\"Option Tape Specialties\"},\"image\":{\"@id\":\"http:\\\/\\\/hpx.eu\\\/sv\\\/#\\\/schema\\\/logo\\\/image\\\/\"},\"sameAs\":[\"https:\\\/\\\/www.facebook.com\\\/HPXtape\\\/\",\"https:\\\/\\\/www.linkedin.com\\\/company\\\/2913311\\\/\",\"https:\\\/\\\/www.youtube.com\\\/channel\\\/UCCYnFjBGfKw8SPW1hMUCVFg\"]}]}<\/script>\n<!-- \/ Yoast SEO plugin. -->","yoast_head_json":{"title":"ALUBUTYL | HPX","description":"F\u00f6r anv\u00e4ndning vid vattent\u00e4tning av byggnadsarbeten | T\u00e4tningstejp | ALUBUTYL | HPX","robots":{"index":"index","follow":"follow","max-snippet":"max-snippet:-1","max-image-preview":"max-image-preview:large","max-video-preview":"max-video-preview:-1"},"canonical":"https:\/\/hpx.eu\/sv\/product\/alubutyl-8200\/","og_locale":"sv_SE","og_type":"article","og_title":"ALUBUTYL | HPX","og_description":"F\u00f6r anv\u00e4ndning vid vattent\u00e4tning av byggnadsarbeten | T\u00e4tningstejp | ALUBUTYL | HPX","og_url":"https:\/\/hpx.eu\/sv\/product\/alubutyl-8200\/","og_site_name":"HPX","article_publisher":"https:\/\/www.facebook.com\/HPXtape\/","article_modified_time":"2025-07-14T08:22:01+00:00","og_image":[{"width":800,"height":800,"url":"https:\/\/hpx.eu\/wp-content\/uploads\/2018\/05\/AY5020-Alubutyl_tape-50mm_x_20m-5407004561240.jpg","type":"image\/jpeg"}],"twitter_card":"summary_large_image","schema":{"@context":"https:\/\/schema.org","@graph":[{"@type":"WebPage","@id":"https:\/\/hpx.eu\/sv\/product\/alubutyl-8200\/","url":"https:\/\/hpx.eu\/sv\/product\/alubutyl-8200\/","name":"ALUBUTYL | HPX","isPartOf":{"@id":"https:\/\/hpx.eu\/sv\/#website"},"primaryImageOfPage":{"@id":"https:\/\/hpx.eu\/sv\/product\/alubutyl-8200\/#primaryimage"},"image":{"@id":"https:\/\/hpx.eu\/sv\/product\/alubutyl-8200\/#primaryimage"},"thumbnailUrl":"https:\/\/hpx.eu\/wp-content\/uploads\/2020\/04\/AY5020-Alubutyl_tape-50mm_x_20m-5407004561240-HPX.jpg","datePublished":"2025-07-14T08:07:50+00:00","dateModified":"2025-07-14T08:22:01+00:00","description":"F\u00f6r anv\u00e4ndning vid vattent\u00e4tning av byggnadsarbeten | T\u00e4tningstejp | ALUBUTYL | HPX","breadcrumb":{"@id":"https:\/\/hpx.eu\/sv\/product\/alubutyl-8200\/#breadcrumb"},"inLanguage":"sv-SE","potentialAction":[{"@type":"ReadAction","target":["https:\/\/hpx.eu\/sv\/product\/alubutyl-8200\/"]}]},{"@type":"ImageObject","inLanguage":"sv-SE","@id":"https:\/\/hpx.eu\/sv\/product\/alubutyl-8200\/#primaryimage","url":"https:\/\/hpx.eu\/wp-content\/uploads\/2020\/04\/AY5020-Alubutyl_tape-50mm_x_20m-5407004561240-HPX.jpg","contentUrl":"https:\/\/hpx.eu\/wp-content\/uploads\/2020\/04\/AY5020-Alubutyl_tape-50mm_x_20m-5407004561240-HPX.jpg","width":800,"height":800,"caption":"ALUBUTYL | HPX"},{"@type":"BreadcrumbList","@id":"https:\/\/hpx.eu\/sv\/product\/alubutyl-8200\/#breadcrumb","itemListElement":[{"@type":"ListItem","position":1,"name":"Startseite","item":"https:\/\/hpx.eu\/sv\/"},{"@type":"ListItem","position":2,"name":"Produkter","item":"https:\/\/hpx.eu\/sv\/produkter\/"},{"@type":"ListItem","position":3,"name":"ALUBUTYL 8200"}]},{"@type":"WebSite","@id":"https:\/\/hpx.eu\/sv\/#website","url":"https:\/\/hpx.eu\/sv\/","name":"HPX","description":"Tough Job, Tougher Tape","publisher":{"@id":"https:\/\/hpx.eu\/sv\/#organization"},"potentialAction":[{"@type":"SearchAction","target":{"@type":"EntryPoint","urlTemplate":"https:\/\/hpx.eu\/sv\/?s={search_term_string}"},"query-input":{"@type":"PropertyValueSpecification","valueRequired":true,"valueName":"search_term_string"}}],"inLanguage":"sv-SE"},{"@type":"Organization","@id":"https:\/\/hpx.eu\/sv\/#organization","name":"Option Tape Specialties","url":"https:\/\/hpx.eu\/sv\/","logo":{"@type":"ImageObject","inLanguage":"sv-SE","@id":"https:\/\/hpx.eu\/sv\/#\/schema\/logo\/image\/","url":"","contentUrl":"","caption":"Option Tape Specialties"},"image":{"@id":"https:\/\/hpx.eu\/sv\/#\/schema\/logo\/image\/"},"sameAs":["https:\/\/www.facebook.com\/HPXtape\/","https:\/\/www.linkedin.com\/company\/2913311\/","https:\/\/www.youtube.com\/channel\/UCCYnFjBGfKw8SPW1hMUCVFg"]}]}},"_links":{"self":[{"href":"https:\/\/hpx.eu\/sv\/wp-json\/wp\/v2\/product\/174085","targetHints":{"allow":["GET"]}}],"collection":[{"href":"https:\/\/hpx.eu\/sv\/wp-json\/wp\/v2\/product"}],"about":[{"href":"https:\/\/hpx.eu\/sv\/wp-json\/wp\/v2\/types\/product"}],"replies":[{"embeddable":true,"href":"https:\/\/hpx.eu\/sv\/wp-json\/wp\/v2\/comments?post=174085"}],"wp:featuredmedia":[{"embeddable":true,"href":"https:\/\/hpx.eu\/sv\/wp-json\/wp\/v2\/media\/91967"}],"wp:attachment":[{"href":"https:\/\/hpx.eu\/sv\/wp-json\/wp\/v2\/media?parent=174085"}],"wp:term":[{"taxonomy":"product_brand","embeddable":true,"href":"https:\/\/hpx.eu\/sv\/wp-json\/wp\/v2\/product_brand?post=174085"},{"taxonomy":"product_cat","embeddable":true,"href":"https:\/\/hpx.eu\/sv\/wp-json\/wp\/v2\/product_cat?post=174085"},{"taxonomy":"product_tag","embeddable":true,"href":"https:\/\/hpx.eu\/sv\/wp-json\/wp\/v2\/product_tag?post=174085"}],"curies":[{"name":"wp","href":"https:\/\/api.w.org\/{rel}","templated":true}]}}