{"id":174051,"date":"2025-07-14T10:05:46","date_gmt":"2025-07-14T08:05:46","guid":{"rendered":"https:\/\/hpx.eu\/product\/double-sided-paper-tape-1300\/"},"modified":"2025-07-14T10:21:28","modified_gmt":"2025-07-14T08:21:28","slug":"double-sided-paper-tape-1300","status":"publish","type":"product","link":"https:\/\/hpx.eu\/sv\/product\/double-sided-paper-tape-1300\/","title":{"rendered":"DOUBLE SIDED PAPER TAPE <span class=\"productNr\">1300<\/span>"},"content":{"rendered":"<p>&nbsp;<\/p>\n","protected":false},"excerpt":{"rendered":"<ul class=\"product_UPS\">\n<li>Extra tunn, dubbelh\u00e4ftande papperstejp med h\u00f6gt h\u00e4ftmotst\u00e5nd<\/li>\n<li>L\u00e4mplig f\u00f6r allm\u00e4n limning, f\u00f6rsegling av p\u00e5sar och kuvert, klistring av bilder, skumlaminering etc.<\/li>\n<li>Anv\u00e4ndning av displayer p\u00e5 f\u00f6rs\u00e4ljningsst\u00e4llen<\/li>\n<li>Rivbar f\u00f6r hand<\/li>\n<li><\/li>\n<li><\/li>\n<li><\/li>\n<li><\/li>\n<li><\/li>\n<li><\/li>\n<\/ul>\n<table class=\"product_table\">\n<thead>\n<tr>\n<th>Produkt nr.<\/th>\n<th>Bredd<\/th>\n<th>L\u00e4ngd<\/th>\n<th>F\u00e4rg<\/th>\n<th>Pack<\/th>\n<th>EAN-kod<\/th>\n<\/tr>\n<\/thead>\n<tbody>\n<tr>\n<td>TT1250<\/td>\n<td>12 mm<\/td>\n<td>50 m<\/td>\n<td>halvtransparent<\/td>\n<td>100<\/td>\n<td>5407004562094<\/td>\n<\/tr>\n<tr>\n<td>TT1550<\/td>\n<td>15 mm<\/td>\n<td>50 m<\/td>\n<td>halvtransparent<\/td>\n<td>80<\/td>\n<td>5407004562117<\/td>\n<\/tr>\n<tr>\n<td>TT1950<\/td>\n<td>19 mm<\/td>\n<td>50 m<\/td>\n<td>halvtransparent<\/td>\n<td>65<\/td>\n<td>5407004562131<\/td>\n<\/tr>\n<tr>\n<td><\/td>\n<td><\/td>\n<td><\/td>\n<td><\/td>\n<td><\/td>\n<td><\/td>\n<\/tr>\n<tr>\n<td><\/td>\n<td><\/td>\n<td><\/td>\n<td><\/td>\n<td><\/td>\n<td><\/td>\n<\/tr>\n<tr>\n<td><\/td>\n<td><\/td>\n<td><\/td>\n<td><\/td>\n<td><\/td>\n<td><\/td>\n<\/tr>\n<tr>\n<td><\/td>\n<td><\/td>\n<td><\/td>\n<td><\/td>\n<td><\/td>\n<td><\/td>\n<\/tr>\n<tr>\n<td><\/td>\n<td><\/td>\n<td><\/td>\n<td><\/td>\n<td><\/td>\n<td><\/td>\n<\/tr>\n<tr>\n<td><\/td>\n<td><\/td>\n<td><\/td>\n<td><\/td>\n<td><\/td>\n<td><\/td>\n<\/tr>\n<tr>\n<td><\/td>\n<td><\/td>\n<td><\/td>\n<td><\/td>\n<td><\/td>\n<td><\/td>\n<\/tr>\n<tr>\n<td><\/td>\n<td><\/td>\n<td><\/td>\n<td><\/td>\n<td><\/td>\n<td><\/td>\n<\/tr>\n<tr>\n<td><\/td>\n<td><\/td>\n<td><\/td>\n<td><\/td>\n<td><\/td>\n<td><\/td>\n<\/tr>\n<tr>\n<td><\/td>\n<td><\/td>\n<td><\/td>\n<td><\/td>\n<td><\/td>\n<td><\/td>\n<\/tr>\n<tr>\n<td><\/td>\n<td><\/td>\n<td><\/td>\n<td><\/td>\n<td><\/td>\n<td><\/td>\n<\/tr>\n<tr>\n<td><\/td>\n<td><\/td>\n<td><\/td>\n<td><\/td>\n<td><\/td>\n<td><\/td>\n<\/tr>\n<tr>\n<td><\/td>\n<td><\/td>\n<td><\/td>\n<td><\/td>\n<td><\/td>\n<td><\/td>\n<\/tr>\n<tr>\n<td><\/td>\n<td><\/td>\n<td><\/td>\n<td><\/td>\n<td><\/td>\n<td><\/td>\n<\/tr>\n<tr>\n<td><\/td>\n<td><\/td>\n<td><\/td>\n<td><\/td>\n<td><\/td>\n<td><\/td>\n<\/tr>\n<\/tbody>\n<\/table>\n<div class=\"product_characteristics\">\n<p><b>Lim: <\/b><span>Syntetiskt gummi<\/span><\/p>\n<p><b>Ryggmaterial: <\/b><span>Non-woven<\/span><\/p>\n<p><b>Max. temperatur: <\/b><span>60\u00b0C<\/span><\/p>\n<p><b>Dragh\u00e5llfashet: <\/b><span><\/span><\/p>\n<p><b>Vidh\u00e4ftningsh\u00e5llfasthet: <\/b><span>29 N\/25 mm<\/span><\/p>\n<p><b>Skjuvstyrka: <\/b><span><\/span><\/p>\n<p><b>Tjocklek: <\/b><span>0,10 mm<\/span><\/p>\n<p><b>Genomslagssp\u00e4nning: <\/b><span><\/span><\/p>\n<\/p><\/div>\n<p>  <a href=\"https:\/\/drive.google.com\/uc?id=1jXoLd1AY7u-i-1RoI5bjHGEdfI_m7xZH&#038;export=download\" class=\"btnHPX\" target=\"_blank\"><i class=\"fa fa-download\" aria-hidden=\"true\"><\/i>Ladda ner tekniskt datablad (EN)<\/a><\/p>\n","protected":false},"featured_media":88617,"comment_status":"closed","ping_status":"open","template":"","meta":{"_exactmetrics_skip_tracking":false,"_exactmetrics_sitenote_active":false,"_exactmetrics_sitenote_note":"","_exactmetrics_sitenote_category":0,"_monsterinsights_skip_tracking":false,"_monsterinsights_sitenote_active":false,"_monsterinsights_sitenote_note":"","_monsterinsights_sitenote_category":0,"_themeisle_gutenberg_block_has_review":false},"product_brand":[],"product_cat":[1087],"product_tag":[],"class_list":{"0":"post-174051","1":"product","2":"type-product","3":"status-publish","4":"has-post-thumbnail","6":"product_cat-monteringstejp","7":"post","8":"post-with-thumbnail","9":"post-with-thumbnail-large","11":"first","12":"instock","13":"product-type-simple"},"yoast_head":"<!-- This site is optimized with the Yoast SEO plugin v27.3 - https:\/\/yoast.com\/product\/yoast-seo-wordpress\/ -->\n<title>DOUBLE SIDED TISSUE TAPE | HPX<\/title>\n<meta name=\"description\" content=\"Extra tunn, dubbelh\u00e4ftande papperstejp med h\u00f6gt h\u00e4ftmotst\u00e5nd | Monteringstejp | DOUBLE SIDED TISSUE TAPE | HPX\" \/>\n<meta name=\"robots\" content=\"index, follow, max-snippet:-1, max-image-preview:large, max-video-preview:-1\" \/>\n<link rel=\"canonical\" href=\"https:\/\/hpx.eu\/sv\/product\/double-sided-paper-tape-1300\/\" \/>\n<meta property=\"og:locale\" content=\"sv_SE\" \/>\n<meta property=\"og:type\" content=\"article\" \/>\n<meta property=\"og:title\" content=\"DOUBLE SIDED TISSUE TAPE | HPX\" \/>\n<meta property=\"og:description\" content=\"Extra tunn, dubbelh\u00e4ftande papperstejp med h\u00f6gt h\u00e4ftmotst\u00e5nd | Monteringstejp | DOUBLE SIDED TISSUE TAPE | HPX\" \/>\n<meta property=\"og:url\" content=\"https:\/\/hpx.eu\/sv\/product\/double-sided-paper-tape-1300\/\" \/>\n<meta property=\"og:site_name\" content=\"HPX\" \/>\n<meta property=\"article:publisher\" content=\"https:\/\/www.facebook.com\/HPXtape\/\" \/>\n<meta property=\"article:modified_time\" content=\"2025-07-14T08:21:28+00:00\" \/>\n<meta property=\"og:image\" content=\"https:\/\/hpx.eu\/wp-content\/uploads\/2019\/06\/TT1950-Double_sided_tissue_tape-white-19mm_x_50m-5407004562131.jpg\" \/>\n\t<meta property=\"og:image:width\" content=\"800\" \/>\n\t<meta property=\"og:image:height\" content=\"800\" \/>\n\t<meta property=\"og:image:type\" content=\"image\/jpeg\" \/>\n<meta name=\"twitter:card\" content=\"summary_large_image\" \/>\n<script type=\"application\/ld+json\" class=\"yoast-schema-graph\">{\"@context\":\"https:\\\/\\\/schema.org\",\"@graph\":[{\"@type\":\"WebPage\",\"@id\":\"https:\\\/\\\/hpx.eu\\\/sv\\\/product\\\/double-sided-paper-tape-1300\\\/\",\"url\":\"https:\\\/\\\/hpx.eu\\\/sv\\\/product\\\/double-sided-paper-tape-1300\\\/\",\"name\":\"DOUBLE SIDED TISSUE TAPE | HPX\",\"isPartOf\":{\"@id\":\"http:\\\/\\\/hpx.eu\\\/sv\\\/#website\"},\"primaryImageOfPage\":{\"@id\":\"https:\\\/\\\/hpx.eu\\\/sv\\\/product\\\/double-sided-paper-tape-1300\\\/#primaryimage\"},\"image\":{\"@id\":\"https:\\\/\\\/hpx.eu\\\/sv\\\/product\\\/double-sided-paper-tape-1300\\\/#primaryimage\"},\"thumbnailUrl\":\"https:\\\/\\\/hpx.eu\\\/wp-content\\\/uploads\\\/2019\\\/06\\\/TT1950-Double_sided_tissue_tape-white-19mm_x_50m-5407004562131.jpg\",\"datePublished\":\"2025-07-14T08:05:46+00:00\",\"dateModified\":\"2025-07-14T08:21:28+00:00\",\"description\":\"Extra tunn, dubbelh\u00e4ftande papperstejp med h\u00f6gt h\u00e4ftmotst\u00e5nd | Monteringstejp | DOUBLE SIDED TISSUE TAPE | HPX\",\"breadcrumb\":{\"@id\":\"https:\\\/\\\/hpx.eu\\\/sv\\\/product\\\/double-sided-paper-tape-1300\\\/#breadcrumb\"},\"inLanguage\":\"sv-SE\",\"potentialAction\":[{\"@type\":\"ReadAction\",\"target\":[\"https:\\\/\\\/hpx.eu\\\/sv\\\/product\\\/double-sided-paper-tape-1300\\\/\"]}]},{\"@type\":\"ImageObject\",\"inLanguage\":\"sv-SE\",\"@id\":\"https:\\\/\\\/hpx.eu\\\/sv\\\/product\\\/double-sided-paper-tape-1300\\\/#primaryimage\",\"url\":\"https:\\\/\\\/hpx.eu\\\/wp-content\\\/uploads\\\/2019\\\/06\\\/TT1950-Double_sided_tissue_tape-white-19mm_x_50m-5407004562131.jpg\",\"contentUrl\":\"https:\\\/\\\/hpx.eu\\\/wp-content\\\/uploads\\\/2019\\\/06\\\/TT1950-Double_sided_tissue_tape-white-19mm_x_50m-5407004562131.jpg\",\"width\":800,\"height\":800,\"caption\":\"DOUBLE SIDED TISSUE TAPE | HPX\"},{\"@type\":\"BreadcrumbList\",\"@id\":\"https:\\\/\\\/hpx.eu\\\/sv\\\/product\\\/double-sided-paper-tape-1300\\\/#breadcrumb\",\"itemListElement\":[{\"@type\":\"ListItem\",\"position\":1,\"name\":\"Startseite\",\"item\":\"http:\\\/\\\/hpx.eu\\\/sv\\\/\"},{\"@type\":\"ListItem\",\"position\":2,\"name\":\"Produkter\",\"item\":\"http:\\\/\\\/hpx.eu\\\/sv\\\/produkter\\\/\"},{\"@type\":\"ListItem\",\"position\":3,\"name\":\"DOUBLE SIDED PAPER TAPE 1300\"}]},{\"@type\":\"WebSite\",\"@id\":\"http:\\\/\\\/hpx.eu\\\/sv\\\/#website\",\"url\":\"http:\\\/\\\/hpx.eu\\\/sv\\\/\",\"name\":\"HPX\",\"description\":\"Tough Job, Tougher Tape\",\"publisher\":{\"@id\":\"http:\\\/\\\/hpx.eu\\\/sv\\\/#organization\"},\"potentialAction\":[{\"@type\":\"SearchAction\",\"target\":{\"@type\":\"EntryPoint\",\"urlTemplate\":\"http:\\\/\\\/hpx.eu\\\/sv\\\/?s={search_term_string}\"},\"query-input\":{\"@type\":\"PropertyValueSpecification\",\"valueRequired\":true,\"valueName\":\"search_term_string\"}}],\"inLanguage\":\"sv-SE\"},{\"@type\":\"Organization\",\"@id\":\"http:\\\/\\\/hpx.eu\\\/sv\\\/#organization\",\"name\":\"Option Tape Specialties\",\"url\":\"http:\\\/\\\/hpx.eu\\\/sv\\\/\",\"logo\":{\"@type\":\"ImageObject\",\"inLanguage\":\"sv-SE\",\"@id\":\"http:\\\/\\\/hpx.eu\\\/sv\\\/#\\\/schema\\\/logo\\\/image\\\/\",\"url\":\"\",\"contentUrl\":\"\",\"caption\":\"Option Tape Specialties\"},\"image\":{\"@id\":\"http:\\\/\\\/hpx.eu\\\/sv\\\/#\\\/schema\\\/logo\\\/image\\\/\"},\"sameAs\":[\"https:\\\/\\\/www.facebook.com\\\/HPXtape\\\/\",\"https:\\\/\\\/www.linkedin.com\\\/company\\\/2913311\\\/\",\"https:\\\/\\\/www.youtube.com\\\/channel\\\/UCCYnFjBGfKw8SPW1hMUCVFg\"]}]}<\/script>\n<!-- \/ Yoast SEO plugin. -->","yoast_head_json":{"title":"DOUBLE SIDED TISSUE TAPE | HPX","description":"Extra tunn, dubbelh\u00e4ftande papperstejp med h\u00f6gt h\u00e4ftmotst\u00e5nd | Monteringstejp | DOUBLE SIDED TISSUE TAPE | HPX","robots":{"index":"index","follow":"follow","max-snippet":"max-snippet:-1","max-image-preview":"max-image-preview:large","max-video-preview":"max-video-preview:-1"},"canonical":"https:\/\/hpx.eu\/sv\/product\/double-sided-paper-tape-1300\/","og_locale":"sv_SE","og_type":"article","og_title":"DOUBLE SIDED TISSUE TAPE | HPX","og_description":"Extra tunn, dubbelh\u00e4ftande papperstejp med h\u00f6gt h\u00e4ftmotst\u00e5nd | Monteringstejp | DOUBLE SIDED TISSUE TAPE | HPX","og_url":"https:\/\/hpx.eu\/sv\/product\/double-sided-paper-tape-1300\/","og_site_name":"HPX","article_publisher":"https:\/\/www.facebook.com\/HPXtape\/","article_modified_time":"2025-07-14T08:21:28+00:00","og_image":[{"width":800,"height":800,"url":"https:\/\/hpx.eu\/wp-content\/uploads\/2019\/06\/TT1950-Double_sided_tissue_tape-white-19mm_x_50m-5407004562131.jpg","type":"image\/jpeg"}],"twitter_card":"summary_large_image","schema":{"@context":"https:\/\/schema.org","@graph":[{"@type":"WebPage","@id":"https:\/\/hpx.eu\/sv\/product\/double-sided-paper-tape-1300\/","url":"https:\/\/hpx.eu\/sv\/product\/double-sided-paper-tape-1300\/","name":"DOUBLE SIDED TISSUE TAPE | HPX","isPartOf":{"@id":"https:\/\/hpx.eu\/sv\/#website"},"primaryImageOfPage":{"@id":"https:\/\/hpx.eu\/sv\/product\/double-sided-paper-tape-1300\/#primaryimage"},"image":{"@id":"https:\/\/hpx.eu\/sv\/product\/double-sided-paper-tape-1300\/#primaryimage"},"thumbnailUrl":"https:\/\/hpx.eu\/wp-content\/uploads\/2019\/06\/TT1950-Double_sided_tissue_tape-white-19mm_x_50m-5407004562131.jpg","datePublished":"2025-07-14T08:05:46+00:00","dateModified":"2025-07-14T08:21:28+00:00","description":"Extra tunn, dubbelh\u00e4ftande papperstejp med h\u00f6gt h\u00e4ftmotst\u00e5nd | Monteringstejp | DOUBLE SIDED TISSUE TAPE | HPX","breadcrumb":{"@id":"https:\/\/hpx.eu\/sv\/product\/double-sided-paper-tape-1300\/#breadcrumb"},"inLanguage":"sv-SE","potentialAction":[{"@type":"ReadAction","target":["https:\/\/hpx.eu\/sv\/product\/double-sided-paper-tape-1300\/"]}]},{"@type":"ImageObject","inLanguage":"sv-SE","@id":"https:\/\/hpx.eu\/sv\/product\/double-sided-paper-tape-1300\/#primaryimage","url":"https:\/\/hpx.eu\/wp-content\/uploads\/2019\/06\/TT1950-Double_sided_tissue_tape-white-19mm_x_50m-5407004562131.jpg","contentUrl":"https:\/\/hpx.eu\/wp-content\/uploads\/2019\/06\/TT1950-Double_sided_tissue_tape-white-19mm_x_50m-5407004562131.jpg","width":800,"height":800,"caption":"DOUBLE SIDED TISSUE TAPE | HPX"},{"@type":"BreadcrumbList","@id":"https:\/\/hpx.eu\/sv\/product\/double-sided-paper-tape-1300\/#breadcrumb","itemListElement":[{"@type":"ListItem","position":1,"name":"Startseite","item":"https:\/\/hpx.eu\/sv\/"},{"@type":"ListItem","position":2,"name":"Produkter","item":"https:\/\/hpx.eu\/sv\/produkter\/"},{"@type":"ListItem","position":3,"name":"DOUBLE SIDED PAPER TAPE 1300"}]},{"@type":"WebSite","@id":"https:\/\/hpx.eu\/sv\/#website","url":"https:\/\/hpx.eu\/sv\/","name":"HPX","description":"Tough Job, Tougher Tape","publisher":{"@id":"https:\/\/hpx.eu\/sv\/#organization"},"potentialAction":[{"@type":"SearchAction","target":{"@type":"EntryPoint","urlTemplate":"https:\/\/hpx.eu\/sv\/?s={search_term_string}"},"query-input":{"@type":"PropertyValueSpecification","valueRequired":true,"valueName":"search_term_string"}}],"inLanguage":"sv-SE"},{"@type":"Organization","@id":"https:\/\/hpx.eu\/sv\/#organization","name":"Option Tape Specialties","url":"https:\/\/hpx.eu\/sv\/","logo":{"@type":"ImageObject","inLanguage":"sv-SE","@id":"https:\/\/hpx.eu\/sv\/#\/schema\/logo\/image\/","url":"","contentUrl":"","caption":"Option Tape Specialties"},"image":{"@id":"https:\/\/hpx.eu\/sv\/#\/schema\/logo\/image\/"},"sameAs":["https:\/\/www.facebook.com\/HPXtape\/","https:\/\/www.linkedin.com\/company\/2913311\/","https:\/\/www.youtube.com\/channel\/UCCYnFjBGfKw8SPW1hMUCVFg"]}]}},"_links":{"self":[{"href":"https:\/\/hpx.eu\/sv\/wp-json\/wp\/v2\/product\/174051","targetHints":{"allow":["GET"]}}],"collection":[{"href":"https:\/\/hpx.eu\/sv\/wp-json\/wp\/v2\/product"}],"about":[{"href":"https:\/\/hpx.eu\/sv\/wp-json\/wp\/v2\/types\/product"}],"replies":[{"embeddable":true,"href":"https:\/\/hpx.eu\/sv\/wp-json\/wp\/v2\/comments?post=174051"}],"wp:featuredmedia":[{"embeddable":true,"href":"https:\/\/hpx.eu\/sv\/wp-json\/wp\/v2\/media\/88617"}],"wp:attachment":[{"href":"https:\/\/hpx.eu\/sv\/wp-json\/wp\/v2\/media?parent=174051"}],"wp:term":[{"taxonomy":"product_brand","embeddable":true,"href":"https:\/\/hpx.eu\/sv\/wp-json\/wp\/v2\/product_brand?post=174051"},{"taxonomy":"product_cat","embeddable":true,"href":"https:\/\/hpx.eu\/sv\/wp-json\/wp\/v2\/product_cat?post=174051"},{"taxonomy":"product_tag","embeddable":true,"href":"https:\/\/hpx.eu\/sv\/wp-json\/wp\/v2\/product_tag?post=174051"}],"curies":[{"name":"wp","href":"https:\/\/api.w.org\/{rel}","templated":true}]}}