{"id":10060,"date":"2017-06-14T10:54:10","date_gmt":"2017-06-14T08:54:10","guid":{"rendered":"http:\/\/hpx.jonathanhuyssens.be\/?page_id=10060"},"modified":"2026-04-09T10:40:31","modified_gmt":"2026-04-09T08:40:31","slug":"kampanjer","status":"publish","type":"page","link":"https:\/\/hpx.eu\/sv\/kampanjer\/","title":{"rendered":"Kampanjer"},"content":{"rendered":"<p>H\u00e4r ser du en \u00f6versikt \u00f6ver v\u00e5ra aktuella kampanjer.<br \/>\n<\/p>\n<div class=\"ThreeCol promo\">\n<h2>BASKET PROMO<\/h2>\n<p><a href=\"https:\/\/hpx.eu\/wp-content\/promotions\/Calendar_HPX-2026\/Calendar_HPX-2026-INT\/BASKET_PROMO-INT.pdf\" target=\"_blank\" rel=\"noopener\"><img decoding=\"async\" src=\"https:\/\/hpx.eu\/wp-content\/promotions\/website-IMG\/BASKET_PROMO-INT.jpg\" width=\"300\"><\/a><a href=\"https:\/\/hpx.eu\/wp-content\/promotions\/Calendar_HPX-2026\/Calendar_HPX-2026-INT\/BASKET_PROMO-INT.pdfhttps:\/\/hpx.eu\/wp-content\/promotions\/Calendar_HPX-2026\/Calendar_HPX-2026-INT\/BASKET_PROMO-INT.pdf\" target=\"_blank\" rel=\"noopener\"><\/a><\/div>\n<p><br \/>\n<!------------------------------------------- AUTOMOTIVE ----------------------------------------------------><\/p>\n<p class=\"clearBoth\">&nbsp;<\/p>\n<h2>Automotive<\/h2>\n<\/p>\n<div class=\"ThreeCol promo\">\n<h2>CHROME 2 BLACK PROMO<\/h2>\n<p><a href=\"https:\/\/hpx.eu\/wp-content\/promotions\/Calendar_HPX-2026\/Calendar_HPX-2026-INT\/CHROME_2_BLACK_PROMO-INT.pdf\" target=\"_blank\" rel=\"noopener\"><img decoding=\"async\" src=\"https:\/\/hpx.eu\/wp-content\/promotions\/website-IMG\/CHROME_2_BLACK_PROMO-INT.jpg\" width=\"300\"><\/a><a href=\"https:\/\/hpx.eu\/wp-content\/promotions\/Calendar_HPX-2026\/Calendar_HPX-2026-INT\/CHROME_2_BLACK_PROMO-INT.pdf\" target=_blank\" rel=\"noopener\"><\/p>\n<div class=\"full_screen\"><\/div>\n<p><\/a><a href=\"https:\/\/hpx.eu\/wp-content\/promotions\/Calendar_HPX-2026\/Calendar_HPX-2026-INT\/CHROME_2_BLACK_PROMO-INT.pdf\" target=\"_blank\" rel=\"noopener\"><\/a><\/div>\n<p><br \/>\n<!---------------------------------------------------- LEGAL ----------------------------------------------------><\/p>\n<p class=\"clearBoth\">&nbsp;<\/p>\n<hr>\n<h2>PROMOTIONAL TERMS AND CONDITIONS<\/h2>\n<p>Promotions are only valid within the period specified on the promotional leaflets or while stocks last. Offers cannot be combined with other discounts, promotions or specific conditions. Subject to printing and\/or typesetting errors. Please state \u2018<b>PROMO<\/b>\u2019 on your purchase order to participate in a promotion.<\/p>\n","protected":false},"excerpt":{"rendered":"<p>H\u00e4r ser du en \u00f6versikt \u00f6ver v\u00e5ra aktuella kampanjer. &nbsp; Automotive &nbsp; PROMOTIONAL TERMS AND CONDITIONS Promotions are only valid within the period specified on the promotional leaflets or while stocks last. Offers cannot be combined with other discounts, promotions or specific conditions. Subject to printing and\/or typesetting errors. Please state \u2018PROMO\u2019 on your purchase [&hellip;]<\/p>\n","protected":false},"author":1,"featured_media":0,"parent":0,"menu_order":0,"comment_status":"closed","ping_status":"closed","template":"","meta":{"_exactmetrics_skip_tracking":false,"_exactmetrics_sitenote_active":false,"_exactmetrics_sitenote_note":"","_exactmetrics_sitenote_category":0,"_monsterinsights_skip_tracking":false,"_monsterinsights_sitenote_active":false,"_monsterinsights_sitenote_note":"","_monsterinsights_sitenote_category":0,"_themeisle_gutenberg_block_has_review":false,"footnotes":""},"class_list":["post-10060","page","type-page","status-publish","hentry","post"],"yoast_head":"<!-- This site is optimized with the Yoast SEO plugin v27.3 - https:\/\/yoast.com\/product\/yoast-seo-wordpress\/ -->\n<title>Kampanjer - HPX<\/title>\n<meta name=\"robots\" content=\"index, follow, max-snippet:-1, max-image-preview:large, max-video-preview:-1\" \/>\n<link rel=\"canonical\" href=\"https:\/\/hpx.eu\/sv\/kampanjer\/\" \/>\n<meta property=\"og:locale\" content=\"sv_SE\" \/>\n<meta property=\"og:type\" content=\"article\" \/>\n<meta property=\"og:title\" content=\"Kampanjer - HPX\" \/>\n<meta property=\"og:description\" content=\"H\u00e4r ser du en \u00f6versikt \u00f6ver v\u00e5ra aktuella kampanjer. &nbsp; Automotive &nbsp; PROMOTIONAL TERMS AND CONDITIONS Promotions are only valid within the period specified on the promotional leaflets or while stocks last. Offers cannot be combined with other discounts, promotions or specific conditions. Subject to printing and\/or typesetting errors. Please state \u2018PROMO\u2019 on your purchase [&hellip;]\" \/>\n<meta property=\"og:url\" content=\"https:\/\/hpx.eu\/sv\/kampanjer\/\" \/>\n<meta property=\"og:site_name\" content=\"HPX\" \/>\n<meta property=\"article:publisher\" content=\"https:\/\/www.facebook.com\/HPXtape\/\" \/>\n<meta property=\"article:modified_time\" content=\"2026-04-09T08:40:31+00:00\" \/>\n<meta property=\"og:image\" content=\"https:\/\/hpx.eu\/wp-content\/promotions\/promos-2025-jpeg\/DP0025-DP0026-INT.jpg\" \/>\n<meta name=\"twitter:card\" content=\"summary_large_image\" \/>\n<meta name=\"twitter:label1\" content=\"Ber\u00e4knad l\u00e4stid\" \/>\n\t<meta name=\"twitter:data1\" content=\"5 minuter\" \/>\n<script type=\"application\/ld+json\" class=\"yoast-schema-graph\">{\"@context\":\"https:\\\/\\\/schema.org\",\"@graph\":[{\"@type\":\"WebPage\",\"@id\":\"https:\\\/\\\/hpx.eu\\\/sv\\\/kampanjer\\\/\",\"url\":\"https:\\\/\\\/hpx.eu\\\/sv\\\/kampanjer\\\/\",\"name\":\"Kampanjer - HPX\",\"isPartOf\":{\"@id\":\"http:\\\/\\\/hpx.eu\\\/sv\\\/#website\"},\"primaryImageOfPage\":{\"@id\":\"https:\\\/\\\/hpx.eu\\\/sv\\\/kampanjer\\\/#primaryimage\"},\"image\":{\"@id\":\"https:\\\/\\\/hpx.eu\\\/sv\\\/kampanjer\\\/#primaryimage\"},\"thumbnailUrl\":\"https:\\\/\\\/hpx.eu\\\/wp-content\\\/promotions\\\/promos-2025-jpeg\\\/DP0025-DP0026-INT.jpg\",\"datePublished\":\"2017-06-14T08:54:10+00:00\",\"dateModified\":\"2026-04-09T08:40:31+00:00\",\"breadcrumb\":{\"@id\":\"https:\\\/\\\/hpx.eu\\\/sv\\\/kampanjer\\\/#breadcrumb\"},\"inLanguage\":\"sv-SE\",\"potentialAction\":[{\"@type\":\"ReadAction\",\"target\":[\"https:\\\/\\\/hpx.eu\\\/sv\\\/kampanjer\\\/\"]}]},{\"@type\":\"ImageObject\",\"inLanguage\":\"sv-SE\",\"@id\":\"https:\\\/\\\/hpx.eu\\\/sv\\\/kampanjer\\\/#primaryimage\",\"url\":\"https:\\\/\\\/hpx.eu\\\/wp-content\\\/promotions\\\/promos-2025-jpeg\\\/DP0025-DP0026-INT.jpg\",\"contentUrl\":\"https:\\\/\\\/hpx.eu\\\/wp-content\\\/promotions\\\/promos-2025-jpeg\\\/DP0025-DP0026-INT.jpg\"},{\"@type\":\"BreadcrumbList\",\"@id\":\"https:\\\/\\\/hpx.eu\\\/sv\\\/kampanjer\\\/#breadcrumb\",\"itemListElement\":[{\"@type\":\"ListItem\",\"position\":1,\"name\":\"Startseite\",\"item\":\"http:\\\/\\\/hpx.eu\\\/sv\\\/\"},{\"@type\":\"ListItem\",\"position\":2,\"name\":\"Kampanjer\"}]},{\"@type\":\"WebSite\",\"@id\":\"http:\\\/\\\/hpx.eu\\\/sv\\\/#website\",\"url\":\"http:\\\/\\\/hpx.eu\\\/sv\\\/\",\"name\":\"HPX\",\"description\":\"Tough Job, Tougher Tape\",\"publisher\":{\"@id\":\"http:\\\/\\\/hpx.eu\\\/sv\\\/#organization\"},\"potentialAction\":[{\"@type\":\"SearchAction\",\"target\":{\"@type\":\"EntryPoint\",\"urlTemplate\":\"http:\\\/\\\/hpx.eu\\\/sv\\\/?s={search_term_string}\"},\"query-input\":{\"@type\":\"PropertyValueSpecification\",\"valueRequired\":true,\"valueName\":\"search_term_string\"}}],\"inLanguage\":\"sv-SE\"},{\"@type\":\"Organization\",\"@id\":\"http:\\\/\\\/hpx.eu\\\/sv\\\/#organization\",\"name\":\"Option Tape Specialties\",\"url\":\"http:\\\/\\\/hpx.eu\\\/sv\\\/\",\"logo\":{\"@type\":\"ImageObject\",\"inLanguage\":\"sv-SE\",\"@id\":\"http:\\\/\\\/hpx.eu\\\/sv\\\/#\\\/schema\\\/logo\\\/image\\\/\",\"url\":\"\",\"contentUrl\":\"\",\"caption\":\"Option Tape Specialties\"},\"image\":{\"@id\":\"http:\\\/\\\/hpx.eu\\\/sv\\\/#\\\/schema\\\/logo\\\/image\\\/\"},\"sameAs\":[\"https:\\\/\\\/www.facebook.com\\\/HPXtape\\\/\",\"https:\\\/\\\/www.linkedin.com\\\/company\\\/2913311\\\/\",\"https:\\\/\\\/www.youtube.com\\\/channel\\\/UCCYnFjBGfKw8SPW1hMUCVFg\"]}]}<\/script>\n<!-- \/ Yoast SEO plugin. -->","yoast_head_json":{"title":"Kampanjer - HPX","robots":{"index":"index","follow":"follow","max-snippet":"max-snippet:-1","max-image-preview":"max-image-preview:large","max-video-preview":"max-video-preview:-1"},"canonical":"https:\/\/hpx.eu\/sv\/kampanjer\/","og_locale":"sv_SE","og_type":"article","og_title":"Kampanjer - HPX","og_description":"H\u00e4r ser du en \u00f6versikt \u00f6ver v\u00e5ra aktuella kampanjer. &nbsp; Automotive &nbsp; PROMOTIONAL TERMS AND CONDITIONS Promotions are only valid within the period specified on the promotional leaflets or while stocks last. Offers cannot be combined with other discounts, promotions or specific conditions. Subject to printing and\/or typesetting errors. Please state \u2018PROMO\u2019 on your purchase [&hellip;]","og_url":"https:\/\/hpx.eu\/sv\/kampanjer\/","og_site_name":"HPX","article_publisher":"https:\/\/www.facebook.com\/HPXtape\/","article_modified_time":"2026-04-09T08:40:31+00:00","og_image":[{"url":"https:\/\/hpx.eu\/wp-content\/promotions\/promos-2025-jpeg\/DP0025-DP0026-INT.jpg","type":"","width":"","height":""}],"twitter_card":"summary_large_image","twitter_misc":{"Ber\u00e4knad l\u00e4stid":"5 minuter"},"schema":{"@context":"https:\/\/schema.org","@graph":[{"@type":"WebPage","@id":"https:\/\/hpx.eu\/sv\/kampanjer\/","url":"https:\/\/hpx.eu\/sv\/kampanjer\/","name":"Kampanjer - HPX","isPartOf":{"@id":"https:\/\/hpx.eu\/sv\/#website"},"primaryImageOfPage":{"@id":"https:\/\/hpx.eu\/sv\/kampanjer\/#primaryimage"},"image":{"@id":"https:\/\/hpx.eu\/sv\/kampanjer\/#primaryimage"},"thumbnailUrl":"https:\/\/hpx.eu\/wp-content\/promotions\/promos-2025-jpeg\/DP0025-DP0026-INT.jpg","datePublished":"2017-06-14T08:54:10+00:00","dateModified":"2026-04-09T08:40:31+00:00","breadcrumb":{"@id":"https:\/\/hpx.eu\/sv\/kampanjer\/#breadcrumb"},"inLanguage":"sv-SE","potentialAction":[{"@type":"ReadAction","target":["https:\/\/hpx.eu\/sv\/kampanjer\/"]}]},{"@type":"ImageObject","inLanguage":"sv-SE","@id":"https:\/\/hpx.eu\/sv\/kampanjer\/#primaryimage","url":"https:\/\/hpx.eu\/wp-content\/promotions\/promos-2025-jpeg\/DP0025-DP0026-INT.jpg","contentUrl":"https:\/\/hpx.eu\/wp-content\/promotions\/promos-2025-jpeg\/DP0025-DP0026-INT.jpg"},{"@type":"BreadcrumbList","@id":"https:\/\/hpx.eu\/sv\/kampanjer\/#breadcrumb","itemListElement":[{"@type":"ListItem","position":1,"name":"Startseite","item":"https:\/\/hpx.eu\/sv\/"},{"@type":"ListItem","position":2,"name":"Kampanjer"}]},{"@type":"WebSite","@id":"https:\/\/hpx.eu\/sv\/#website","url":"https:\/\/hpx.eu\/sv\/","name":"HPX","description":"Tough Job, Tougher Tape","publisher":{"@id":"https:\/\/hpx.eu\/sv\/#organization"},"potentialAction":[{"@type":"SearchAction","target":{"@type":"EntryPoint","urlTemplate":"https:\/\/hpx.eu\/sv\/?s={search_term_string}"},"query-input":{"@type":"PropertyValueSpecification","valueRequired":true,"valueName":"search_term_string"}}],"inLanguage":"sv-SE"},{"@type":"Organization","@id":"https:\/\/hpx.eu\/sv\/#organization","name":"Option Tape Specialties","url":"https:\/\/hpx.eu\/sv\/","logo":{"@type":"ImageObject","inLanguage":"sv-SE","@id":"https:\/\/hpx.eu\/sv\/#\/schema\/logo\/image\/","url":"","contentUrl":"","caption":"Option Tape Specialties"},"image":{"@id":"https:\/\/hpx.eu\/sv\/#\/schema\/logo\/image\/"},"sameAs":["https:\/\/www.facebook.com\/HPXtape\/","https:\/\/www.linkedin.com\/company\/2913311\/","https:\/\/www.youtube.com\/channel\/UCCYnFjBGfKw8SPW1hMUCVFg"]}]}},"_links":{"self":[{"href":"https:\/\/hpx.eu\/sv\/wp-json\/wp\/v2\/pages\/10060","targetHints":{"allow":["GET"]}}],"collection":[{"href":"https:\/\/hpx.eu\/sv\/wp-json\/wp\/v2\/pages"}],"about":[{"href":"https:\/\/hpx.eu\/sv\/wp-json\/wp\/v2\/types\/page"}],"author":[{"embeddable":true,"href":"https:\/\/hpx.eu\/sv\/wp-json\/wp\/v2\/users\/1"}],"replies":[{"embeddable":true,"href":"https:\/\/hpx.eu\/sv\/wp-json\/wp\/v2\/comments?post=10060"}],"version-history":[{"count":28,"href":"https:\/\/hpx.eu\/sv\/wp-json\/wp\/v2\/pages\/10060\/revisions"}],"predecessor-version":[{"id":196737,"href":"https:\/\/hpx.eu\/sv\/wp-json\/wp\/v2\/pages\/10060\/revisions\/196737"}],"wp:attachment":[{"href":"https:\/\/hpx.eu\/sv\/wp-json\/wp\/v2\/media?parent=10060"}],"curies":[{"name":"wp","href":"https:\/\/api.w.org\/{rel}","templated":true}]}}