{"id":10055,"date":"2017-06-14T10:52:37","date_gmt":"2017-06-14T08:52:37","guid":{"rendered":"http:\/\/hpx.jonathanhuyssens.be\/?page_id=10055"},"modified":"2017-07-04T09:59:25","modified_gmt":"2017-07-04T07:59:25","slug":"kontakta","status":"publish","type":"page","link":"https:\/\/hpx.eu\/sv\/kontakta\/","title":{"rendered":"Kontakta"},"content":{"rendered":"<h1>Kontakta oss<\/h1>\n<div class=\"contact_left\">\n<h2>HPX<\/h2>\n<p>Frankrijkstraat 8<br \/>\n9140 Temse<br \/>\nBelgien<br \/>\nT 0032 3 710 19 19<br \/>\nF 0032 3 711 34 64<br \/>\n<a href=\"mailto:info@hpx.eu\">info@hpx.eu<\/a><\/p>\n<p><a href=\"https:\/\/goo.gl\/maps\/kCUKtJZYik32\" target=\"_blank\"><img loading=\"lazy\" decoding=\"async\" src=\"https:\/\/hpx.eu\/wp-content\/uploads\/2017\/06\/contact_map.png\" alt=\"\" width=\"270\" height=\"330\" class=\"alignnone size-full wp-image-16333\" srcset=\"https:\/\/hpx.eu\/wp-content\/uploads\/2017\/06\/contact_map.png 270w, https:\/\/hpx.eu\/wp-content\/uploads\/2017\/06\/contact_map-245x300.png 245w\" sizes=\"auto, (max-width: 270px) 100vw, 270px\" \/><\/a>\n<\/div>\n<div class=\"contact_right\">\n<span>Fyll i nedanst\u00e5ende formul\u00e4r om du vill ha mer information om v\u00e5ra produkter eller tj\u00e4nster. Vi kontaktar dig s\u00e5 fort som m\u00f6jligt.<\/span><br \/>\n\n<div class=\"wpcf7 no-js\" id=\"wpcf7-f15987-o1\" lang=\"nl-NL\" dir=\"ltr\" data-wpcf7-id=\"15987\">\n<div class=\"screen-reader-response\"><p role=\"status\" aria-live=\"polite\" aria-atomic=\"true\"><\/p> <ul><\/ul><\/div>\n<form action=\"\/sv\/wp-json\/wp\/v2\/pages\/10055#wpcf7-f15987-o1\" method=\"post\" class=\"wpcf7-form init\" aria-label=\"Contactformulier\" novalidate=\"novalidate\" data-status=\"init\">\n<fieldset class=\"hidden-fields-container\"><input type=\"hidden\" name=\"_wpcf7\" value=\"15987\" \/><input type=\"hidden\" name=\"_wpcf7_version\" value=\"6.1.5\" \/><input type=\"hidden\" name=\"_wpcf7_locale\" value=\"nl_NL\" \/><input type=\"hidden\" name=\"_wpcf7_unit_tag\" value=\"wpcf7-f15987-o1\" \/><input type=\"hidden\" name=\"_wpcf7_container_post\" value=\"0\" \/><input type=\"hidden\" name=\"_wpcf7_posted_data_hash\" value=\"\" \/>\n<\/fieldset>\n<div class=\"wpcf7-turnstile cf-turnstile\" data-sitekey=\"0x4AAAAAAB16H8LgtTcRk7N2\" data-response-field-name=\"_wpcf7_turnstile_response\"><\/div>\n\n<p><br \/>\n<label>Namn: *<\/label><span><i class=\"fa fa-user\" aria-hidden=\"true\"><\/i><span class=\"wpcf7-form-control-wrap\" data-name=\"HPX-Naam\"><input size=\"40\" maxlength=\"400\" class=\"wpcf7-form-control wpcf7-text wpcf7-validates-as-required\" aria-required=\"true\" aria-invalid=\"false\" value=\"\" type=\"text\" name=\"HPX-Naam\" \/><\/span><\/span>\n<\/p>\n<p><br \/>\n<label>F\u00f6retag: *<\/label><span><i class=\"fa fa-industry\" aria-hidden=\"true\"><\/i><span class=\"wpcf7-form-control-wrap\" data-name=\"HPX-Bedrijf\"><input size=\"40\" maxlength=\"400\" class=\"wpcf7-form-control wpcf7-text wpcf7-validates-as-required\" aria-required=\"true\" aria-invalid=\"false\" value=\"\" type=\"text\" name=\"HPX-Bedrijf\" \/><\/span><\/span>\n<\/p>\n<p><br \/>\n<label>E-post: *<\/label><span><i class=\"fa fa-envelope\" aria-hidden=\"true\"><\/i><span class=\"wpcf7-form-control-wrap\" data-name=\"HPX-Email\"><input size=\"40\" maxlength=\"400\" class=\"wpcf7-form-control wpcf7-email wpcf7-validates-as-required wpcf7-text wpcf7-validates-as-email\" aria-required=\"true\" aria-invalid=\"false\" value=\"\" type=\"email\" name=\"HPX-Email\" \/><\/span><\/span>\n<\/p>\n<p><br \/>\n<label>Webbplats:<\/label><span><i class=\"fa fa-globe\" aria-hidden=\"true\"><\/i><span class=\"wpcf7-form-control-wrap\" data-name=\"website\"><input size=\"40\" maxlength=\"400\" class=\"wpcf7-form-control wpcf7-text\" aria-invalid=\"false\" value=\"\" type=\"text\" name=\"website\" \/><\/span><\/span>\n<\/p>\n<p><br \/>\n<label>Telefon: *<\/label><span><i class=\"fa fa-phone\" aria-hidden=\"true\"><\/i><span class=\"wpcf7-form-control-wrap\" data-name=\"HPX-Tel\"><input size=\"40\" maxlength=\"400\" class=\"wpcf7-form-control wpcf7-tel wpcf7-validates-as-required wpcf7-text wpcf7-validates-as-tel\" aria-required=\"true\" aria-invalid=\"false\" value=\"\" type=\"tel\" name=\"HPX-Tel\" \/><\/span><\/span>\n<\/p>\n<p><br \/>\n<label>\u00c4mne: *<\/label><span id=\"HPX-radio\"><span class=\"wpcf7-form-control-wrap\" data-name=\"HPX-Onderwerp\"><span class=\"wpcf7-form-control wpcf7-radio\"><span class=\"wpcf7-list-item first\"><label><input type=\"radio\" name=\"HPX-Onderwerp\" value=\"Offert\" checked=\"checked\" \/><span class=\"wpcf7-list-item-label\">Offert<\/span><\/label><\/span><span class=\"wpcf7-list-item\"><label><input type=\"radio\" name=\"HPX-Onderwerp\" value=\"Kampanjer\" \/><span class=\"wpcf7-list-item-label\">Kampanjer<\/span><\/label><\/span><span class=\"wpcf7-list-item\"><label><input type=\"radio\" name=\"HPX-Onderwerp\" value=\"Produktinformation\" \/><span class=\"wpcf7-list-item-label\">Produktinformation<\/span><\/label><\/span><span class=\"wpcf7-list-item\"><label><input type=\"radio\" name=\"HPX-Onderwerp\" value=\"Tekniska datablad\" \/><span class=\"wpcf7-list-item-label\">Tekniska datablad<\/span><\/label><\/span><span class=\"wpcf7-list-item last\"><label><input type=\"radio\" name=\"HPX-Onderwerp\" value=\"\u00d6vrigt\" \/><span class=\"wpcf7-list-item-label\">\u00d6vrigt<\/span><\/label><\/span><\/span><\/span><\/span>\n<\/p>\n<p><br \/>\n<label>Meddelande: *<\/label><span><span class=\"wpcf7-form-control-wrap\" data-name=\"HPX-Boodschap\"><textarea cols=\"40\" rows=\"10\" maxlength=\"2000\" class=\"wpcf7-form-control wpcf7-textarea wpcf7-validates-as-required\" aria-required=\"true\" aria-invalid=\"false\" name=\"HPX-Boodschap\"><\/textarea><\/span><\/span>\n<\/p>\n<p>[recaptcha]\n<\/p>\n<p><br \/>\n<label>&nbsp;<\/label><span class=\"wpcf7-form-control-wrap\" data-name=\"GDPR\"><span class=\"wpcf7-form-control wpcf7-checkbox wpcf7-validates-as-required\"><span class=\"wpcf7-list-item first last\"><input type=\"checkbox\" name=\"GDPR[]\" value=\"I have read and agree to the\" \/><span class=\"wpcf7-list-item-label\">I have read and agree to the<\/span><\/span><\/span><\/span><a href=https:\/\/hpx.eu\/en\/privacy\/>Privacy Policy<\/a>*.\n<\/p>\n<p><input class=\"wpcf7-form-control wpcf7-submit has-spinner\" type=\"submit\" value=\"Skicka\" \/><br \/>\n<i class=\"fa fa-paper-plane\" aria-hidden=\"true\"><\/i>\n<\/p><div class=\"wpcf7-response-output\" aria-hidden=\"true\"><\/div>\n<\/form>\n<\/div>\n<\/p>\n<p class=\"verplicht\">* Obligatoriskt f\u00e4lt<\/p>\n<\/div>\n","protected":false},"excerpt":{"rendered":"<p>Kontakta oss HPX Frankrijkstraat 8 9140 Temse Belgien T 0032 3 710 19 19 F 0032 3 711 34 64 info@hpx.eu Fyll i nedanst\u00e5ende formul\u00e4r om du vill ha mer information om v\u00e5ra produkter eller tj\u00e4nster. Vi kontaktar dig s\u00e5 fort som m\u00f6jligt. * Obligatoriskt f\u00e4lt<\/p>\n","protected":false},"author":1,"featured_media":0,"parent":0,"menu_order":0,"comment_status":"closed","ping_status":"closed","template":"","meta":{"_exactmetrics_skip_tracking":false,"_exactmetrics_sitenote_active":false,"_exactmetrics_sitenote_note":"","_exactmetrics_sitenote_category":0,"_monsterinsights_skip_tracking":false,"_monsterinsights_sitenote_active":false,"_monsterinsights_sitenote_note":"","_monsterinsights_sitenote_category":0,"_themeisle_gutenberg_block_has_review":false,"footnotes":""},"class_list":["post-10055","page","type-page","status-publish","hentry","post"],"yoast_head":"<!-- This site is optimized with the Yoast SEO plugin v27.3 - https:\/\/yoast.com\/product\/yoast-seo-wordpress\/ -->\n<title>Kontakta - HPX<\/title>\n<meta name=\"robots\" content=\"index, follow, max-snippet:-1, max-image-preview:large, max-video-preview:-1\" \/>\n<link rel=\"canonical\" href=\"https:\/\/hpx.eu\/sv\/kontakta\/\" \/>\n<meta property=\"og:locale\" content=\"sv_SE\" \/>\n<meta property=\"og:type\" content=\"article\" \/>\n<meta property=\"og:title\" content=\"Kontakta - HPX\" \/>\n<meta property=\"og:description\" content=\"Kontakta oss HPX Frankrijkstraat 8 9140 Temse Belgien T 0032 3 710 19 19 F 0032 3 711 34 64 info@hpx.eu Fyll i nedanst\u00e5ende formul\u00e4r om du vill ha mer information om v\u00e5ra produkter eller tj\u00e4nster. Vi kontaktar dig s\u00e5 fort som m\u00f6jligt. * Obligatoriskt f\u00e4lt\" \/>\n<meta property=\"og:url\" content=\"https:\/\/hpx.eu\/sv\/kontakta\/\" \/>\n<meta property=\"og:site_name\" content=\"HPX\" \/>\n<meta property=\"article:publisher\" content=\"https:\/\/www.facebook.com\/HPXtape\/\" \/>\n<meta property=\"article:modified_time\" content=\"2017-07-04T07:59:25+00:00\" \/>\n<meta property=\"og:image\" content=\"https:\/\/hpx.eu\/wp-content\/uploads\/2017\/06\/contact_map.png\" \/>\n<meta name=\"twitter:card\" content=\"summary_large_image\" \/>\n<script type=\"application\/ld+json\" class=\"yoast-schema-graph\">{\"@context\":\"https:\\\/\\\/schema.org\",\"@graph\":[{\"@type\":\"WebPage\",\"@id\":\"https:\\\/\\\/hpx.eu\\\/sv\\\/kontakta\\\/\",\"url\":\"https:\\\/\\\/hpx.eu\\\/sv\\\/kontakta\\\/\",\"name\":\"Kontakta - HPX\",\"isPartOf\":{\"@id\":\"http:\\\/\\\/hpx.eu\\\/sv\\\/#website\"},\"primaryImageOfPage\":{\"@id\":\"https:\\\/\\\/hpx.eu\\\/sv\\\/kontakta\\\/#primaryimage\"},\"image\":{\"@id\":\"https:\\\/\\\/hpx.eu\\\/sv\\\/kontakta\\\/#primaryimage\"},\"thumbnailUrl\":\"http:\\\/\\\/hpx.eu\\\/wp-content\\\/uploads\\\/2017\\\/06\\\/contact_map.png\",\"datePublished\":\"2017-06-14T08:52:37+00:00\",\"dateModified\":\"2017-07-04T07:59:25+00:00\",\"breadcrumb\":{\"@id\":\"https:\\\/\\\/hpx.eu\\\/sv\\\/kontakta\\\/#breadcrumb\"},\"inLanguage\":\"sv-SE\",\"potentialAction\":[{\"@type\":\"ReadAction\",\"target\":[\"https:\\\/\\\/hpx.eu\\\/sv\\\/kontakta\\\/\"]}]},{\"@type\":\"ImageObject\",\"inLanguage\":\"sv-SE\",\"@id\":\"https:\\\/\\\/hpx.eu\\\/sv\\\/kontakta\\\/#primaryimage\",\"url\":\"http:\\\/\\\/hpx.eu\\\/wp-content\\\/uploads\\\/2017\\\/06\\\/contact_map.png\",\"contentUrl\":\"http:\\\/\\\/hpx.eu\\\/wp-content\\\/uploads\\\/2017\\\/06\\\/contact_map.png\"},{\"@type\":\"BreadcrumbList\",\"@id\":\"https:\\\/\\\/hpx.eu\\\/sv\\\/kontakta\\\/#breadcrumb\",\"itemListElement\":[{\"@type\":\"ListItem\",\"position\":1,\"name\":\"Startseite\",\"item\":\"http:\\\/\\\/hpx.eu\\\/sv\\\/\"},{\"@type\":\"ListItem\",\"position\":2,\"name\":\"Kontakta\"}]},{\"@type\":\"WebSite\",\"@id\":\"http:\\\/\\\/hpx.eu\\\/sv\\\/#website\",\"url\":\"http:\\\/\\\/hpx.eu\\\/sv\\\/\",\"name\":\"HPX\",\"description\":\"Tough Job, Tougher Tape\",\"publisher\":{\"@id\":\"http:\\\/\\\/hpx.eu\\\/sv\\\/#organization\"},\"potentialAction\":[{\"@type\":\"SearchAction\",\"target\":{\"@type\":\"EntryPoint\",\"urlTemplate\":\"http:\\\/\\\/hpx.eu\\\/sv\\\/?s={search_term_string}\"},\"query-input\":{\"@type\":\"PropertyValueSpecification\",\"valueRequired\":true,\"valueName\":\"search_term_string\"}}],\"inLanguage\":\"sv-SE\"},{\"@type\":\"Organization\",\"@id\":\"http:\\\/\\\/hpx.eu\\\/sv\\\/#organization\",\"name\":\"Option Tape Specialties\",\"url\":\"http:\\\/\\\/hpx.eu\\\/sv\\\/\",\"logo\":{\"@type\":\"ImageObject\",\"inLanguage\":\"sv-SE\",\"@id\":\"http:\\\/\\\/hpx.eu\\\/sv\\\/#\\\/schema\\\/logo\\\/image\\\/\",\"url\":\"\",\"contentUrl\":\"\",\"caption\":\"Option Tape Specialties\"},\"image\":{\"@id\":\"http:\\\/\\\/hpx.eu\\\/sv\\\/#\\\/schema\\\/logo\\\/image\\\/\"},\"sameAs\":[\"https:\\\/\\\/www.facebook.com\\\/HPXtape\\\/\",\"https:\\\/\\\/www.linkedin.com\\\/company\\\/2913311\\\/\",\"https:\\\/\\\/www.youtube.com\\\/channel\\\/UCCYnFjBGfKw8SPW1hMUCVFg\"]}]}<\/script>\n<!-- \/ Yoast SEO plugin. -->","yoast_head_json":{"title":"Kontakta - HPX","robots":{"index":"index","follow":"follow","max-snippet":"max-snippet:-1","max-image-preview":"max-image-preview:large","max-video-preview":"max-video-preview:-1"},"canonical":"https:\/\/hpx.eu\/sv\/kontakta\/","og_locale":"sv_SE","og_type":"article","og_title":"Kontakta - HPX","og_description":"Kontakta oss HPX Frankrijkstraat 8 9140 Temse Belgien T 0032 3 710 19 19 F 0032 3 711 34 64 info@hpx.eu Fyll i nedanst\u00e5ende formul\u00e4r om du vill ha mer information om v\u00e5ra produkter eller tj\u00e4nster. Vi kontaktar dig s\u00e5 fort som m\u00f6jligt. * Obligatoriskt f\u00e4lt","og_url":"https:\/\/hpx.eu\/sv\/kontakta\/","og_site_name":"HPX","article_publisher":"https:\/\/www.facebook.com\/HPXtape\/","article_modified_time":"2017-07-04T07:59:25+00:00","og_image":[{"url":"https:\/\/hpx.eu\/wp-content\/uploads\/2017\/06\/contact_map.png","type":"","width":"","height":""}],"twitter_card":"summary_large_image","schema":{"@context":"https:\/\/schema.org","@graph":[{"@type":"WebPage","@id":"https:\/\/hpx.eu\/sv\/kontakta\/","url":"https:\/\/hpx.eu\/sv\/kontakta\/","name":"Kontakta - HPX","isPartOf":{"@id":"https:\/\/hpx.eu\/sv\/#website"},"primaryImageOfPage":{"@id":"https:\/\/hpx.eu\/sv\/kontakta\/#primaryimage"},"image":{"@id":"https:\/\/hpx.eu\/sv\/kontakta\/#primaryimage"},"thumbnailUrl":"https:\/\/hpx.eu\/wp-content\/uploads\/2017\/06\/contact_map.png","datePublished":"2017-06-14T08:52:37+00:00","dateModified":"2017-07-04T07:59:25+00:00","breadcrumb":{"@id":"https:\/\/hpx.eu\/sv\/kontakta\/#breadcrumb"},"inLanguage":"sv-SE","potentialAction":[{"@type":"ReadAction","target":["https:\/\/hpx.eu\/sv\/kontakta\/"]}]},{"@type":"ImageObject","inLanguage":"sv-SE","@id":"https:\/\/hpx.eu\/sv\/kontakta\/#primaryimage","url":"https:\/\/hpx.eu\/wp-content\/uploads\/2017\/06\/contact_map.png","contentUrl":"https:\/\/hpx.eu\/wp-content\/uploads\/2017\/06\/contact_map.png"},{"@type":"BreadcrumbList","@id":"https:\/\/hpx.eu\/sv\/kontakta\/#breadcrumb","itemListElement":[{"@type":"ListItem","position":1,"name":"Startseite","item":"https:\/\/hpx.eu\/sv\/"},{"@type":"ListItem","position":2,"name":"Kontakta"}]},{"@type":"WebSite","@id":"https:\/\/hpx.eu\/sv\/#website","url":"https:\/\/hpx.eu\/sv\/","name":"HPX","description":"Tough Job, Tougher Tape","publisher":{"@id":"https:\/\/hpx.eu\/sv\/#organization"},"potentialAction":[{"@type":"SearchAction","target":{"@type":"EntryPoint","urlTemplate":"https:\/\/hpx.eu\/sv\/?s={search_term_string}"},"query-input":{"@type":"PropertyValueSpecification","valueRequired":true,"valueName":"search_term_string"}}],"inLanguage":"sv-SE"},{"@type":"Organization","@id":"https:\/\/hpx.eu\/sv\/#organization","name":"Option Tape Specialties","url":"https:\/\/hpx.eu\/sv\/","logo":{"@type":"ImageObject","inLanguage":"sv-SE","@id":"https:\/\/hpx.eu\/sv\/#\/schema\/logo\/image\/","url":"","contentUrl":"","caption":"Option Tape Specialties"},"image":{"@id":"https:\/\/hpx.eu\/sv\/#\/schema\/logo\/image\/"},"sameAs":["https:\/\/www.facebook.com\/HPXtape\/","https:\/\/www.linkedin.com\/company\/2913311\/","https:\/\/www.youtube.com\/channel\/UCCYnFjBGfKw8SPW1hMUCVFg"]}]}},"_links":{"self":[{"href":"https:\/\/hpx.eu\/sv\/wp-json\/wp\/v2\/pages\/10055","targetHints":{"allow":["GET"]}}],"collection":[{"href":"https:\/\/hpx.eu\/sv\/wp-json\/wp\/v2\/pages"}],"about":[{"href":"https:\/\/hpx.eu\/sv\/wp-json\/wp\/v2\/types\/page"}],"author":[{"embeddable":true,"href":"https:\/\/hpx.eu\/sv\/wp-json\/wp\/v2\/users\/1"}],"replies":[{"embeddable":true,"href":"https:\/\/hpx.eu\/sv\/wp-json\/wp\/v2\/comments?post=10055"}],"version-history":[{"count":4,"href":"https:\/\/hpx.eu\/sv\/wp-json\/wp\/v2\/pages\/10055\/revisions"}],"predecessor-version":[{"id":16367,"href":"https:\/\/hpx.eu\/sv\/wp-json\/wp\/v2\/pages\/10055\/revisions\/16367"}],"wp:attachment":[{"href":"https:\/\/hpx.eu\/sv\/wp-json\/wp\/v2\/media?parent=10055"}],"curies":[{"name":"wp","href":"https:\/\/api.w.org\/{rel}","templated":true}]}}