{"id":10053,"date":"2017-06-14T10:52:15","date_gmt":"2017-06-14T08:52:15","guid":{"rendered":"http:\/\/hpx.jonathanhuyssens.be\/?page_id=10053"},"modified":"2020-05-11T09:07:39","modified_gmt":"2020-05-11T07:07:39","slug":"hyllkoncept","status":"publish","type":"page","link":"https:\/\/hpx.eu\/sv\/hyllkoncept\/","title":{"rendered":"Hyllkoncept"},"content":{"rendered":"<p>F\u00f6r olika marknader har vi olika koncept tillg\u00e4ngliga f\u00f6r bland annat fordonssektorn, industrigrossister, byggrossister, fritids- och rekreationshandeln osv. Vi kan ocks\u00e5 utveckla skr\u00e4ddarsydda hyllkoncept p\u00e5 grundval av f\u00f6rs\u00e4ljningssiffror, f\u00f6rs\u00e4ljningsst\u00e4lle och v\u00e5r erfarenhet. Om du vill ha mer information om vilka m\u00f6jligheter som finns kan du <a href=\"..\/kontakta\">klicka h\u00e4r<\/a>.<\/p>\n<div class=\"ThreeCol\">\n<h3>Steg 1: Utarbeta planogram<\/h3>\n<p><img loading=\"lazy\" decoding=\"async\" src=\"https:\/\/hpx.eu\/wp-content\/uploads\/2017\/06\/Shelf_plan-step_1.png\" alt=\"Utarbeta planogram\" width=\"300\" height=\"749\" class=\"alignnone size-full wp-image-17357\"><\/p>\n<\/div>\n<div class=\"ThreeCol\">\n<h3>Steg 2: Grafisk framst\u00e4llning<\/h3>\n<p><img loading=\"lazy\" decoding=\"async\" src=\"https:\/\/hpx.eu\/wp-content\/uploads\/2017\/06\/Shelf_plan-step_2.jpg\" alt=\"Grafisk framst\u00e4llning\" width=\"300\" height=\"749\" class=\"alignnone size-full wp-image-17377\" srcset=\"https:\/\/hpx.eu\/wp-content\/uploads\/2017\/06\/Shelf_plan-step_2.jpg 300w, https:\/\/hpx.eu\/wp-content\/uploads\/2017\/06\/Shelf_plan-step_2-120x300.jpg 120w\" sizes=\"auto, (max-width: 300px) 100vw, 300px\" \/><\/p>\n<\/div>\n<div class=\"ThreeCol\">\n<h3>Steg 3: Verklighet<\/h3>\n<p><img loading=\"lazy\" decoding=\"async\" src=\"https:\/\/hpx.eu\/wp-content\/uploads\/2017\/06\/Shelf_plan-step_3.jpg\" alt=\"Verklighet\" width=\"311\" height=\"749\" class=\"alignnone size-full wp-image-17395\" srcset=\"https:\/\/hpx.eu\/wp-content\/uploads\/2017\/06\/Shelf_plan-step_3.jpg 311w, https:\/\/hpx.eu\/wp-content\/uploads\/2017\/06\/Shelf_plan-step_3-125x300.jpg 125w\" sizes=\"auto, (max-width: 311px) 100vw, 311px\" \/><\/p>\n<\/div>\n","protected":false},"excerpt":{"rendered":"<p>F\u00f6r olika marknader har vi olika koncept tillg\u00e4ngliga f\u00f6r bland annat fordonssektorn, industrigrossister, byggrossister, fritids- och rekreationshandeln osv. Vi kan ocks\u00e5 utveckla skr\u00e4ddarsydda hyllkoncept p\u00e5 grundval av f\u00f6rs\u00e4ljningssiffror, f\u00f6rs\u00e4ljningsst\u00e4lle och v\u00e5r erfarenhet. Om du vill ha mer information om vilka m\u00f6jligheter som finns kan du klicka h\u00e4r. Steg 1: Utarbeta planogram Steg 2: Grafisk framst\u00e4llning [&hellip;]<\/p>\n","protected":false},"author":1,"featured_media":0,"parent":0,"menu_order":0,"comment_status":"closed","ping_status":"closed","template":"","meta":{"_exactmetrics_skip_tracking":false,"_exactmetrics_sitenote_active":false,"_exactmetrics_sitenote_note":"","_exactmetrics_sitenote_category":0,"_monsterinsights_skip_tracking":false,"_monsterinsights_sitenote_active":false,"_monsterinsights_sitenote_note":"","_monsterinsights_sitenote_category":0,"_themeisle_gutenberg_block_has_review":false,"footnotes":""},"class_list":["post-10053","page","type-page","status-publish","hentry","post"],"yoast_head":"<!-- This site is optimized with the Yoast SEO plugin v27.5 - https:\/\/yoast.com\/product\/yoast-seo-wordpress\/ -->\n<title>Hyllkoncept - HPX<\/title>\n<meta name=\"robots\" content=\"index, follow, max-snippet:-1, max-image-preview:large, max-video-preview:-1\" \/>\n<link rel=\"canonical\" href=\"https:\/\/hpx.eu\/sv\/hyllkoncept\/\" \/>\n<meta property=\"og:locale\" content=\"sv_SE\" \/>\n<meta property=\"og:type\" content=\"article\" \/>\n<meta property=\"og:title\" content=\"Hyllkoncept - HPX\" \/>\n<meta property=\"og:description\" content=\"F\u00f6r olika marknader har vi olika koncept tillg\u00e4ngliga f\u00f6r bland annat fordonssektorn, industrigrossister, byggrossister, fritids- och rekreationshandeln osv. Vi kan ocks\u00e5 utveckla skr\u00e4ddarsydda hyllkoncept p\u00e5 grundval av f\u00f6rs\u00e4ljningssiffror, f\u00f6rs\u00e4ljningsst\u00e4lle och v\u00e5r erfarenhet. Om du vill ha mer information om vilka m\u00f6jligheter som finns kan du klicka h\u00e4r. Steg 1: Utarbeta planogram Steg 2: Grafisk framst\u00e4llning [&hellip;]\" \/>\n<meta property=\"og:url\" content=\"https:\/\/hpx.eu\/sv\/hyllkoncept\/\" \/>\n<meta property=\"og:site_name\" content=\"HPX\" \/>\n<meta property=\"article:publisher\" content=\"https:\/\/www.facebook.com\/HPXtape\/\" \/>\n<meta property=\"article:modified_time\" content=\"2020-05-11T07:07:39+00:00\" \/>\n<meta property=\"og:image\" content=\"https:\/\/hpx.eu\/wp-content\/uploads\/2017\/06\/Shelf_plan-step_1.png\" \/>\n<meta name=\"twitter:card\" content=\"summary_large_image\" \/>\n<script type=\"application\/ld+json\" class=\"yoast-schema-graph\">{\"@context\":\"https:\\\/\\\/schema.org\",\"@graph\":[{\"@type\":\"WebPage\",\"@id\":\"https:\\\/\\\/hpx.eu\\\/sv\\\/hyllkoncept\\\/\",\"url\":\"https:\\\/\\\/hpx.eu\\\/sv\\\/hyllkoncept\\\/\",\"name\":\"Hyllkoncept - HPX\",\"isPartOf\":{\"@id\":\"http:\\\/\\\/hpx.eu\\\/sv\\\/#website\"},\"primaryImageOfPage\":{\"@id\":\"https:\\\/\\\/hpx.eu\\\/sv\\\/hyllkoncept\\\/#primaryimage\"},\"image\":{\"@id\":\"https:\\\/\\\/hpx.eu\\\/sv\\\/hyllkoncept\\\/#primaryimage\"},\"thumbnailUrl\":\"http:\\\/\\\/hpx.eu\\\/wp-content\\\/uploads\\\/2017\\\/06\\\/Shelf_plan-step_1.png\",\"datePublished\":\"2017-06-14T08:52:15+00:00\",\"dateModified\":\"2020-05-11T07:07:39+00:00\",\"breadcrumb\":{\"@id\":\"https:\\\/\\\/hpx.eu\\\/sv\\\/hyllkoncept\\\/#breadcrumb\"},\"inLanguage\":\"sv-SE\",\"potentialAction\":[{\"@type\":\"ReadAction\",\"target\":[\"https:\\\/\\\/hpx.eu\\\/sv\\\/hyllkoncept\\\/\"]}]},{\"@type\":\"ImageObject\",\"inLanguage\":\"sv-SE\",\"@id\":\"https:\\\/\\\/hpx.eu\\\/sv\\\/hyllkoncept\\\/#primaryimage\",\"url\":\"http:\\\/\\\/hpx.eu\\\/wp-content\\\/uploads\\\/2017\\\/06\\\/Shelf_plan-step_1.png\",\"contentUrl\":\"http:\\\/\\\/hpx.eu\\\/wp-content\\\/uploads\\\/2017\\\/06\\\/Shelf_plan-step_1.png\"},{\"@type\":\"BreadcrumbList\",\"@id\":\"https:\\\/\\\/hpx.eu\\\/sv\\\/hyllkoncept\\\/#breadcrumb\",\"itemListElement\":[{\"@type\":\"ListItem\",\"position\":1,\"name\":\"Startseite\",\"item\":\"http:\\\/\\\/hpx.eu\\\/sv\\\/\"},{\"@type\":\"ListItem\",\"position\":2,\"name\":\"Hyllkoncept\"}]},{\"@type\":\"WebSite\",\"@id\":\"http:\\\/\\\/hpx.eu\\\/sv\\\/#website\",\"url\":\"http:\\\/\\\/hpx.eu\\\/sv\\\/\",\"name\":\"HPX\",\"description\":\"Tough Job, Tougher Tape\",\"publisher\":{\"@id\":\"http:\\\/\\\/hpx.eu\\\/sv\\\/#organization\"},\"potentialAction\":[{\"@type\":\"SearchAction\",\"target\":{\"@type\":\"EntryPoint\",\"urlTemplate\":\"http:\\\/\\\/hpx.eu\\\/sv\\\/?s={search_term_string}\"},\"query-input\":{\"@type\":\"PropertyValueSpecification\",\"valueRequired\":true,\"valueName\":\"search_term_string\"}}],\"inLanguage\":\"sv-SE\"},{\"@type\":\"Organization\",\"@id\":\"http:\\\/\\\/hpx.eu\\\/sv\\\/#organization\",\"name\":\"Option Tape Specialties\",\"url\":\"http:\\\/\\\/hpx.eu\\\/sv\\\/\",\"logo\":{\"@type\":\"ImageObject\",\"inLanguage\":\"sv-SE\",\"@id\":\"http:\\\/\\\/hpx.eu\\\/sv\\\/#\\\/schema\\\/logo\\\/image\\\/\",\"url\":\"\",\"contentUrl\":\"\",\"caption\":\"Option Tape Specialties\"},\"image\":{\"@id\":\"http:\\\/\\\/hpx.eu\\\/sv\\\/#\\\/schema\\\/logo\\\/image\\\/\"},\"sameAs\":[\"https:\\\/\\\/www.facebook.com\\\/HPXtape\\\/\",\"https:\\\/\\\/www.linkedin.com\\\/company\\\/2913311\\\/\",\"https:\\\/\\\/www.youtube.com\\\/channel\\\/UCCYnFjBGfKw8SPW1hMUCVFg\"]}]}<\/script>\n<!-- \/ Yoast SEO plugin. -->","yoast_head_json":{"title":"Hyllkoncept - HPX","robots":{"index":"index","follow":"follow","max-snippet":"max-snippet:-1","max-image-preview":"max-image-preview:large","max-video-preview":"max-video-preview:-1"},"canonical":"https:\/\/hpx.eu\/sv\/hyllkoncept\/","og_locale":"sv_SE","og_type":"article","og_title":"Hyllkoncept - HPX","og_description":"F\u00f6r olika marknader har vi olika koncept tillg\u00e4ngliga f\u00f6r bland annat fordonssektorn, industrigrossister, byggrossister, fritids- och rekreationshandeln osv. Vi kan ocks\u00e5 utveckla skr\u00e4ddarsydda hyllkoncept p\u00e5 grundval av f\u00f6rs\u00e4ljningssiffror, f\u00f6rs\u00e4ljningsst\u00e4lle och v\u00e5r erfarenhet. Om du vill ha mer information om vilka m\u00f6jligheter som finns kan du klicka h\u00e4r. Steg 1: Utarbeta planogram Steg 2: Grafisk framst\u00e4llning [&hellip;]","og_url":"https:\/\/hpx.eu\/sv\/hyllkoncept\/","og_site_name":"HPX","article_publisher":"https:\/\/www.facebook.com\/HPXtape\/","article_modified_time":"2020-05-11T07:07:39+00:00","og_image":[{"url":"https:\/\/hpx.eu\/wp-content\/uploads\/2017\/06\/Shelf_plan-step_1.png","type":"","width":"","height":""}],"twitter_card":"summary_large_image","schema":{"@context":"https:\/\/schema.org","@graph":[{"@type":"WebPage","@id":"https:\/\/hpx.eu\/sv\/hyllkoncept\/","url":"https:\/\/hpx.eu\/sv\/hyllkoncept\/","name":"Hyllkoncept - HPX","isPartOf":{"@id":"https:\/\/hpx.eu\/sv\/#website"},"primaryImageOfPage":{"@id":"https:\/\/hpx.eu\/sv\/hyllkoncept\/#primaryimage"},"image":{"@id":"https:\/\/hpx.eu\/sv\/hyllkoncept\/#primaryimage"},"thumbnailUrl":"https:\/\/hpx.eu\/wp-content\/uploads\/2017\/06\/Shelf_plan-step_1.png","datePublished":"2017-06-14T08:52:15+00:00","dateModified":"2020-05-11T07:07:39+00:00","breadcrumb":{"@id":"https:\/\/hpx.eu\/sv\/hyllkoncept\/#breadcrumb"},"inLanguage":"sv-SE","potentialAction":[{"@type":"ReadAction","target":["https:\/\/hpx.eu\/sv\/hyllkoncept\/"]}]},{"@type":"ImageObject","inLanguage":"sv-SE","@id":"https:\/\/hpx.eu\/sv\/hyllkoncept\/#primaryimage","url":"https:\/\/hpx.eu\/wp-content\/uploads\/2017\/06\/Shelf_plan-step_1.png","contentUrl":"https:\/\/hpx.eu\/wp-content\/uploads\/2017\/06\/Shelf_plan-step_1.png"},{"@type":"BreadcrumbList","@id":"https:\/\/hpx.eu\/sv\/hyllkoncept\/#breadcrumb","itemListElement":[{"@type":"ListItem","position":1,"name":"Startseite","item":"https:\/\/hpx.eu\/sv\/"},{"@type":"ListItem","position":2,"name":"Hyllkoncept"}]},{"@type":"WebSite","@id":"https:\/\/hpx.eu\/sv\/#website","url":"https:\/\/hpx.eu\/sv\/","name":"HPX","description":"Tough Job, Tougher Tape","publisher":{"@id":"https:\/\/hpx.eu\/sv\/#organization"},"potentialAction":[{"@type":"SearchAction","target":{"@type":"EntryPoint","urlTemplate":"https:\/\/hpx.eu\/sv\/?s={search_term_string}"},"query-input":{"@type":"PropertyValueSpecification","valueRequired":true,"valueName":"search_term_string"}}],"inLanguage":"sv-SE"},{"@type":"Organization","@id":"https:\/\/hpx.eu\/sv\/#organization","name":"Option Tape Specialties","url":"https:\/\/hpx.eu\/sv\/","logo":{"@type":"ImageObject","inLanguage":"sv-SE","@id":"https:\/\/hpx.eu\/sv\/#\/schema\/logo\/image\/","url":"","contentUrl":"","caption":"Option Tape Specialties"},"image":{"@id":"https:\/\/hpx.eu\/sv\/#\/schema\/logo\/image\/"},"sameAs":["https:\/\/www.facebook.com\/HPXtape\/","https:\/\/www.linkedin.com\/company\/2913311\/","https:\/\/www.youtube.com\/channel\/UCCYnFjBGfKw8SPW1hMUCVFg"]}]}},"_links":{"self":[{"href":"https:\/\/hpx.eu\/sv\/wp-json\/wp\/v2\/pages\/10053","targetHints":{"allow":["GET"]}}],"collection":[{"href":"https:\/\/hpx.eu\/sv\/wp-json\/wp\/v2\/pages"}],"about":[{"href":"https:\/\/hpx.eu\/sv\/wp-json\/wp\/v2\/types\/page"}],"author":[{"embeddable":true,"href":"https:\/\/hpx.eu\/sv\/wp-json\/wp\/v2\/users\/1"}],"replies":[{"embeddable":true,"href":"https:\/\/hpx.eu\/sv\/wp-json\/wp\/v2\/comments?post=10053"}],"version-history":[{"count":5,"href":"https:\/\/hpx.eu\/sv\/wp-json\/wp\/v2\/pages\/10053\/revisions"}],"predecessor-version":[{"id":100351,"href":"https:\/\/hpx.eu\/sv\/wp-json\/wp\/v2\/pages\/10053\/revisions\/100351"}],"wp:attachment":[{"href":"https:\/\/hpx.eu\/sv\/wp-json\/wp\/v2\/media?parent=10053"}],"curies":[{"name":"wp","href":"https:\/\/api.w.org\/{rel}","templated":true}]}}