{"id":173705,"date":"2025-07-14T10:08:36","date_gmt":"2025-07-14T08:08:36","guid":{"rendered":"https:\/\/hpx.eu\/product\/masking-4400-fine-line-4400\/"},"modified":"2025-07-14T10:16:03","modified_gmt":"2025-07-14T08:16:03","slug":"masking-4400-fine-line-4400","status":"publish","type":"product","link":"https:\/\/hpx.eu\/pl\/produkt\/masking-4400-fine-line-4400\/","title":{"rendered":"MASKING 4400 FINE LINE <span class=\"productNr\">4400<\/span>"},"content":{"rendered":"<p>&nbsp;<\/p>\n","protected":false},"excerpt":{"rendered":"<ul class=\"product_UPS\">\n<li>\u201eZ\u0142ota\u201d ta\u015bma maskuj\u0105ca o wysokiej jako\u015bci do niezwykle ostrych kraw\u0119dzi<\/li>\n<li>Dobra przylepno\u015b\u0107 do element\u00f3w z metalu, szk\u0142a, plastiku oraz gumy<\/li>\n<li>Produkt odporny na rozpuszczalniki<\/li>\n<li>Produkt odporny na promieniowanie UV, nie pozostawia \u017cadnych \u015blad\u00f3w na wi\u0119kszo\u015bci pod\u0142o\u017cy, o ile zostanie \u015bci\u0105gni\u0119ty w ci\u0105gu 4 miesi\u0119cy od aplikacji<\/li>\n<li>Nadaje si\u0119 tak\u017ce jako ta\u015bma odcinaj\u0105ca do sektora motoryzacyjnego<\/li>\n<li><\/li>\n<li><\/li>\n<li><\/li>\n<li><\/li>\n<li><\/li>\n<\/ul>\n<table class=\"product_table\">\n<thead>\n<tr>\n<th>Numer artyku\u0142u<\/th>\n<th>Szeroko\u015b\u0107<\/th>\n<th>D\u0142ugo\u015b\u0107<\/th>\n<th>Kolor<\/th>\n<th>Paczka<\/th>\n<th>Kod EAN<\/th>\n<\/tr>\n<\/thead>\n<tbody>\n<tr>\n<td>FP2525<\/td>\n<td>25 mm<\/td>\n<td>25 m<\/td>\n<td>Pomara\u0144czowy<\/td>\n<td>45<\/td>\n<td>5425014223231<\/td>\n<\/tr>\n<tr>\n<td>FP0950<\/td>\n<td>9 mm<\/td>\n<td>50 m<\/td>\n<td>Pomara\u0144czowy<\/td>\n<td>24<\/td>\n<td>5407004564784<\/td>\n<\/tr>\n<tr>\n<td>FP1950<\/td>\n<td>18 mm<\/td>\n<td>50 m<\/td>\n<td>Pomara\u0144czowy<\/td>\n<td>48<\/td>\n<td>5425014224719<\/td>\n<\/tr>\n<tr>\n<td>FP2550<\/td>\n<td>24 mm<\/td>\n<td>50 m<\/td>\n<td>Pomara\u0144czowy<\/td>\n<td>36<\/td>\n<td>5425014220858<\/td>\n<\/tr>\n<tr>\n<td>FP3850<\/td>\n<td>36 mm<\/td>\n<td>50 m<\/td>\n<td>Pomara\u0144czowy<\/td>\n<td>24<\/td>\n<td>5425014220841<\/td>\n<\/tr>\n<tr>\n<td>FP5050<\/td>\n<td>48 mm<\/td>\n<td>50 m<\/td>\n<td>Pomara\u0144czowy<\/td>\n<td>16<\/td>\n<td>5425014223484<\/td>\n<\/tr>\n<tr>\n<td><\/td>\n<td><\/td>\n<td><\/td>\n<td><\/td>\n<td><\/td>\n<td><\/td>\n<\/tr>\n<tr>\n<td><\/td>\n<td><\/td>\n<td><\/td>\n<td><\/td>\n<td><\/td>\n<td><\/td>\n<\/tr>\n<tr>\n<td><\/td>\n<td><\/td>\n<td><\/td>\n<td><\/td>\n<td><\/td>\n<td><\/td>\n<\/tr>\n<tr>\n<td><\/td>\n<td><\/td>\n<td><\/td>\n<td><\/td>\n<td><\/td>\n<td><\/td>\n<\/tr>\n<tr>\n<td><\/td>\n<td><\/td>\n<td><\/td>\n<td><\/td>\n<td><\/td>\n<td><\/td>\n<\/tr>\n<tr>\n<td><\/td>\n<td><\/td>\n<td><\/td>\n<td><\/td>\n<td><\/td>\n<td><\/td>\n<\/tr>\n<tr>\n<td><\/td>\n<td><\/td>\n<td><\/td>\n<td><\/td>\n<td><\/td>\n<td><\/td>\n<\/tr>\n<tr>\n<td><\/td>\n<td><\/td>\n<td><\/td>\n<td><\/td>\n<td><\/td>\n<td><\/td>\n<\/tr>\n<tr>\n<td><\/td>\n<td><\/td>\n<td><\/td>\n<td><\/td>\n<td><\/td>\n<td><\/td>\n<\/tr>\n<tr>\n<td><\/td>\n<td><\/td>\n<td><\/td>\n<td><\/td>\n<td><\/td>\n<td><\/td>\n<\/tr>\n<tr>\n<td><\/td>\n<td><\/td>\n<td><\/td>\n<td><\/td>\n<td><\/td>\n<td><\/td>\n<\/tr>\n<tr>\n<td><\/td>\n<td><\/td>\n<td><\/td>\n<td><\/td>\n<td><\/td>\n<td><\/td>\n<\/tr>\n<\/tbody>\n<\/table>\n<div class=\"product_characteristics\">\n<p><b>Klej: <\/b><span>akryl<\/span><\/p>\n<p><b>No\u015bnik: <\/b><span>papier washi<\/span><\/p>\n<p><b>Temperatura maksymalna: <\/b><span>100\u00b0C (do 150\u00b0C przez kr\u00f3tki czas)<\/span><\/p>\n<p><b>Wytrzyma\u0142o\u015b\u0107 na rozci\u0105ganie: <\/b><span>75 N\/25 mm<\/span><\/p>\n<p><b>Si\u0142a klejenia: <\/b><span>4 N\/25 mm<\/span><\/p>\n<p><b>Wytrzyma\u0142o\u015b\u0107 na \u015bcinanie: <\/b><span><\/span><\/p>\n<p><b>Grubo\u015b\u0107: <\/b><span>0,09 mm<\/span><\/p>\n<p><b>Napi\u0119cie przebicia: <\/b><span><\/span><\/p>\n<\/p><\/div>\n<p>  <a href=\"https:\/\/drive.google.com\/uc?id=1cf4da22i0rYdUQDlbaH4tE4CFZeFFyUs&#038;export=download\" class=\"btnHPX\" target=\"_blank\"><i class=\"fa fa-download\" aria-hidden=\"true\"><\/i>Pobierz arkusz danych technicznych<\/a><\/p>\n","protected":false},"featured_media":93821,"comment_status":"closed","ping_status":"closed","template":"","meta":{"_exactmetrics_skip_tracking":false,"_exactmetrics_sitenote_active":false,"_exactmetrics_sitenote_note":"","_exactmetrics_sitenote_category":0,"_monsterinsights_skip_tracking":false,"_monsterinsights_sitenote_active":false,"_monsterinsights_sitenote_note":"","_monsterinsights_sitenote_category":0,"_themeisle_gutenberg_block_has_review":false},"product_brand":[],"product_cat":[1109],"product_tag":[],"class_list":{"0":"post-173705","1":"product","2":"type-product","3":"status-publish","4":"has-post-thumbnail","6":"product_cat-tasmy-maskujace","7":"post","8":"post-with-thumbnail","9":"post-with-thumbnail-large","11":"first","12":"instock","13":"product-type-simple"},"yoast_head":"<!-- This site is optimized with the Yoast SEO plugin v27.3 - https:\/\/yoast.com\/product\/yoast-seo-wordpress\/ -->\n<title>MASKING 4400 FINE LINE | HPX<\/title>\n<meta name=\"description\" content=\"\u201eZ\u0142ota\u201d ta\u015bma maskuj\u0105ca o wysokiej jako\u015bci do niezwykle ostrych kraw\u0119dzi | Ta\u015bmy maskuj\u0105ce | MASKING 4400 FINE LINE | HPX\" \/>\n<meta name=\"robots\" content=\"index, follow, max-snippet:-1, max-image-preview:large, max-video-preview:-1\" \/>\n<link rel=\"canonical\" href=\"https:\/\/hpx.eu\/pl\/produkt\/masking-4400-fine-line-4400\/\" \/>\n<meta property=\"og:locale\" content=\"pl_PL\" \/>\n<meta property=\"og:type\" content=\"article\" \/>\n<meta property=\"og:title\" content=\"MASKING 4400 FINE LINE | HPX\" \/>\n<meta property=\"og:description\" content=\"\u201eZ\u0142ota\u201d ta\u015bma maskuj\u0105ca o wysokiej jako\u015bci do niezwykle ostrych kraw\u0119dzi | Ta\u015bmy maskuj\u0105ce | MASKING 4400 FINE LINE | HPX\" \/>\n<meta property=\"og:url\" content=\"https:\/\/hpx.eu\/pl\/produkt\/masking-4400-fine-line-4400\/\" \/>\n<meta property=\"og:site_name\" content=\"HPX\" \/>\n<meta property=\"article:publisher\" content=\"https:\/\/www.facebook.com\/HPXtape\/\" \/>\n<meta property=\"article:modified_time\" content=\"2025-07-14T08:16:03+00:00\" \/>\n<meta property=\"og:image\" content=\"https:\/\/hpx.eu\/wp-content\/uploads\/2018\/05\/FP1950-Gold_Masking_tape_4400-orange-19mm_x_50m-5425014224719.jpg\" \/>\n\t<meta property=\"og:image:width\" content=\"800\" \/>\n\t<meta property=\"og:image:height\" content=\"800\" \/>\n\t<meta property=\"og:image:type\" content=\"image\/jpeg\" \/>\n<meta name=\"twitter:card\" content=\"summary_large_image\" \/>\n<script type=\"application\/ld+json\" class=\"yoast-schema-graph\">{\"@context\":\"https:\\\/\\\/schema.org\",\"@graph\":[{\"@type\":\"WebPage\",\"@id\":\"https:\\\/\\\/hpx.eu\\\/pl\\\/produkt\\\/masking-4400-fine-line-4400\\\/\",\"url\":\"https:\\\/\\\/hpx.eu\\\/pl\\\/produkt\\\/masking-4400-fine-line-4400\\\/\",\"name\":\"MASKING 4400 FINE LINE | HPX\",\"isPartOf\":{\"@id\":\"http:\\\/\\\/hpx.eu\\\/pl\\\/#website\"},\"primaryImageOfPage\":{\"@id\":\"https:\\\/\\\/hpx.eu\\\/pl\\\/produkt\\\/masking-4400-fine-line-4400\\\/#primaryimage\"},\"image\":{\"@id\":\"https:\\\/\\\/hpx.eu\\\/pl\\\/produkt\\\/masking-4400-fine-line-4400\\\/#primaryimage\"},\"thumbnailUrl\":\"https:\\\/\\\/hpx.eu\\\/wp-content\\\/uploads\\\/2020\\\/04\\\/FP2550-Gold_masking_tape_4400-orange-25mm_x_50m-5425014220858-HPX.jpg\",\"datePublished\":\"2025-07-14T08:08:36+00:00\",\"dateModified\":\"2025-07-14T08:16:03+00:00\",\"description\":\"\u201eZ\u0142ota\u201d ta\u015bma maskuj\u0105ca o wysokiej jako\u015bci do niezwykle ostrych kraw\u0119dzi | Ta\u015bmy maskuj\u0105ce | MASKING 4400 FINE LINE | HPX\",\"breadcrumb\":{\"@id\":\"https:\\\/\\\/hpx.eu\\\/pl\\\/produkt\\\/masking-4400-fine-line-4400\\\/#breadcrumb\"},\"inLanguage\":\"pl-PL\",\"potentialAction\":[{\"@type\":\"ReadAction\",\"target\":[\"https:\\\/\\\/hpx.eu\\\/pl\\\/produkt\\\/masking-4400-fine-line-4400\\\/\"]}]},{\"@type\":\"ImageObject\",\"inLanguage\":\"pl-PL\",\"@id\":\"https:\\\/\\\/hpx.eu\\\/pl\\\/produkt\\\/masking-4400-fine-line-4400\\\/#primaryimage\",\"url\":\"https:\\\/\\\/hpx.eu\\\/wp-content\\\/uploads\\\/2020\\\/04\\\/FP2550-Gold_masking_tape_4400-orange-25mm_x_50m-5425014220858-HPX.jpg\",\"contentUrl\":\"https:\\\/\\\/hpx.eu\\\/wp-content\\\/uploads\\\/2020\\\/04\\\/FP2550-Gold_masking_tape_4400-orange-25mm_x_50m-5425014220858-HPX.jpg\",\"width\":800,\"height\":800,\"caption\":\"FP2550 - Gold masking tape 4400 - orange - 25mm x 50m - 5425014220858\"},{\"@type\":\"BreadcrumbList\",\"@id\":\"https:\\\/\\\/hpx.eu\\\/pl\\\/produkt\\\/masking-4400-fine-line-4400\\\/#breadcrumb\",\"itemListElement\":[{\"@type\":\"ListItem\",\"position\":1,\"name\":\"Startseite\",\"item\":\"http:\\\/\\\/hpx.eu\\\/pl\\\/\"},{\"@type\":\"ListItem\",\"position\":2,\"name\":\"Produkty\",\"item\":\"http:\\\/\\\/hpx.eu\\\/pl\\\/produkty\\\/\"},{\"@type\":\"ListItem\",\"position\":3,\"name\":\"MASKING 4400 FINE LINE 4400\"}]},{\"@type\":\"WebSite\",\"@id\":\"http:\\\/\\\/hpx.eu\\\/pl\\\/#website\",\"url\":\"http:\\\/\\\/hpx.eu\\\/pl\\\/\",\"name\":\"HPX\",\"description\":\"Tough Job, Tougher Tape\",\"publisher\":{\"@id\":\"http:\\\/\\\/hpx.eu\\\/pl\\\/#organization\"},\"potentialAction\":[{\"@type\":\"SearchAction\",\"target\":{\"@type\":\"EntryPoint\",\"urlTemplate\":\"http:\\\/\\\/hpx.eu\\\/pl\\\/?s={search_term_string}\"},\"query-input\":{\"@type\":\"PropertyValueSpecification\",\"valueRequired\":true,\"valueName\":\"search_term_string\"}}],\"inLanguage\":\"pl-PL\"},{\"@type\":\"Organization\",\"@id\":\"http:\\\/\\\/hpx.eu\\\/pl\\\/#organization\",\"name\":\"Option Tape Specialties\",\"url\":\"http:\\\/\\\/hpx.eu\\\/pl\\\/\",\"logo\":{\"@type\":\"ImageObject\",\"inLanguage\":\"pl-PL\",\"@id\":\"http:\\\/\\\/hpx.eu\\\/pl\\\/#\\\/schema\\\/logo\\\/image\\\/\",\"url\":\"\",\"contentUrl\":\"\",\"caption\":\"Option Tape Specialties\"},\"image\":{\"@id\":\"http:\\\/\\\/hpx.eu\\\/pl\\\/#\\\/schema\\\/logo\\\/image\\\/\"},\"sameAs\":[\"https:\\\/\\\/www.facebook.com\\\/HPXtape\\\/\",\"https:\\\/\\\/www.linkedin.com\\\/company\\\/2913311\\\/\",\"https:\\\/\\\/www.youtube.com\\\/channel\\\/UCCYnFjBGfKw8SPW1hMUCVFg\"]}]}<\/script>\n<!-- \/ Yoast SEO plugin. -->","yoast_head_json":{"title":"MASKING 4400 FINE LINE | HPX","description":"\u201eZ\u0142ota\u201d ta\u015bma maskuj\u0105ca o wysokiej jako\u015bci do niezwykle ostrych kraw\u0119dzi | Ta\u015bmy maskuj\u0105ce | MASKING 4400 FINE LINE | HPX","robots":{"index":"index","follow":"follow","max-snippet":"max-snippet:-1","max-image-preview":"max-image-preview:large","max-video-preview":"max-video-preview:-1"},"canonical":"https:\/\/hpx.eu\/pl\/produkt\/masking-4400-fine-line-4400\/","og_locale":"pl_PL","og_type":"article","og_title":"MASKING 4400 FINE LINE | HPX","og_description":"\u201eZ\u0142ota\u201d ta\u015bma maskuj\u0105ca o wysokiej jako\u015bci do niezwykle ostrych kraw\u0119dzi | Ta\u015bmy maskuj\u0105ce | MASKING 4400 FINE LINE | HPX","og_url":"https:\/\/hpx.eu\/pl\/produkt\/masking-4400-fine-line-4400\/","og_site_name":"HPX","article_publisher":"https:\/\/www.facebook.com\/HPXtape\/","article_modified_time":"2025-07-14T08:16:03+00:00","og_image":[{"width":800,"height":800,"url":"https:\/\/hpx.eu\/wp-content\/uploads\/2018\/05\/FP1950-Gold_Masking_tape_4400-orange-19mm_x_50m-5425014224719.jpg","type":"image\/jpeg"}],"twitter_card":"summary_large_image","schema":{"@context":"https:\/\/schema.org","@graph":[{"@type":"WebPage","@id":"https:\/\/hpx.eu\/pl\/produkt\/masking-4400-fine-line-4400\/","url":"https:\/\/hpx.eu\/pl\/produkt\/masking-4400-fine-line-4400\/","name":"MASKING 4400 FINE LINE | HPX","isPartOf":{"@id":"https:\/\/hpx.eu\/pl\/#website"},"primaryImageOfPage":{"@id":"https:\/\/hpx.eu\/pl\/produkt\/masking-4400-fine-line-4400\/#primaryimage"},"image":{"@id":"https:\/\/hpx.eu\/pl\/produkt\/masking-4400-fine-line-4400\/#primaryimage"},"thumbnailUrl":"https:\/\/hpx.eu\/wp-content\/uploads\/2020\/04\/FP2550-Gold_masking_tape_4400-orange-25mm_x_50m-5425014220858-HPX.jpg","datePublished":"2025-07-14T08:08:36+00:00","dateModified":"2025-07-14T08:16:03+00:00","description":"\u201eZ\u0142ota\u201d ta\u015bma maskuj\u0105ca o wysokiej jako\u015bci do niezwykle ostrych kraw\u0119dzi | Ta\u015bmy maskuj\u0105ce | MASKING 4400 FINE LINE | HPX","breadcrumb":{"@id":"https:\/\/hpx.eu\/pl\/produkt\/masking-4400-fine-line-4400\/#breadcrumb"},"inLanguage":"pl-PL","potentialAction":[{"@type":"ReadAction","target":["https:\/\/hpx.eu\/pl\/produkt\/masking-4400-fine-line-4400\/"]}]},{"@type":"ImageObject","inLanguage":"pl-PL","@id":"https:\/\/hpx.eu\/pl\/produkt\/masking-4400-fine-line-4400\/#primaryimage","url":"https:\/\/hpx.eu\/wp-content\/uploads\/2020\/04\/FP2550-Gold_masking_tape_4400-orange-25mm_x_50m-5425014220858-HPX.jpg","contentUrl":"https:\/\/hpx.eu\/wp-content\/uploads\/2020\/04\/FP2550-Gold_masking_tape_4400-orange-25mm_x_50m-5425014220858-HPX.jpg","width":800,"height":800,"caption":"FP2550 - Gold masking tape 4400 - orange - 25mm x 50m - 5425014220858"},{"@type":"BreadcrumbList","@id":"https:\/\/hpx.eu\/pl\/produkt\/masking-4400-fine-line-4400\/#breadcrumb","itemListElement":[{"@type":"ListItem","position":1,"name":"Startseite","item":"https:\/\/hpx.eu\/pl\/"},{"@type":"ListItem","position":2,"name":"Produkty","item":"https:\/\/hpx.eu\/pl\/produkty\/"},{"@type":"ListItem","position":3,"name":"MASKING 4400 FINE LINE 4400"}]},{"@type":"WebSite","@id":"https:\/\/hpx.eu\/pl\/#website","url":"https:\/\/hpx.eu\/pl\/","name":"HPX","description":"Tough Job, Tougher Tape","publisher":{"@id":"https:\/\/hpx.eu\/pl\/#organization"},"potentialAction":[{"@type":"SearchAction","target":{"@type":"EntryPoint","urlTemplate":"https:\/\/hpx.eu\/pl\/?s={search_term_string}"},"query-input":{"@type":"PropertyValueSpecification","valueRequired":true,"valueName":"search_term_string"}}],"inLanguage":"pl-PL"},{"@type":"Organization","@id":"https:\/\/hpx.eu\/pl\/#organization","name":"Option Tape Specialties","url":"https:\/\/hpx.eu\/pl\/","logo":{"@type":"ImageObject","inLanguage":"pl-PL","@id":"https:\/\/hpx.eu\/pl\/#\/schema\/logo\/image\/","url":"","contentUrl":"","caption":"Option Tape Specialties"},"image":{"@id":"https:\/\/hpx.eu\/pl\/#\/schema\/logo\/image\/"},"sameAs":["https:\/\/www.facebook.com\/HPXtape\/","https:\/\/www.linkedin.com\/company\/2913311\/","https:\/\/www.youtube.com\/channel\/UCCYnFjBGfKw8SPW1hMUCVFg"]}]}},"_links":{"self":[{"href":"https:\/\/hpx.eu\/pl\/wp-json\/wp\/v2\/product\/173705","targetHints":{"allow":["GET"]}}],"collection":[{"href":"https:\/\/hpx.eu\/pl\/wp-json\/wp\/v2\/product"}],"about":[{"href":"https:\/\/hpx.eu\/pl\/wp-json\/wp\/v2\/types\/product"}],"replies":[{"embeddable":true,"href":"https:\/\/hpx.eu\/pl\/wp-json\/wp\/v2\/comments?post=173705"}],"wp:featuredmedia":[{"embeddable":true,"href":"https:\/\/hpx.eu\/pl\/wp-json\/wp\/v2\/media\/93821"}],"wp:attachment":[{"href":"https:\/\/hpx.eu\/pl\/wp-json\/wp\/v2\/media?parent=173705"}],"wp:term":[{"taxonomy":"product_brand","embeddable":true,"href":"https:\/\/hpx.eu\/pl\/wp-json\/wp\/v2\/product_brand?post=173705"},{"taxonomy":"product_cat","embeddable":true,"href":"https:\/\/hpx.eu\/pl\/wp-json\/wp\/v2\/product_cat?post=173705"},{"taxonomy":"product_tag","embeddable":true,"href":"https:\/\/hpx.eu\/pl\/wp-json\/wp\/v2\/product_tag?post=173705"}],"curies":[{"name":"wp","href":"https:\/\/api.w.org\/{rel}","templated":true}]}}