{"id":173701,"date":"2025-07-14T10:08:25","date_gmt":"2025-07-14T08:08:25","guid":{"rendered":"https:\/\/hpx.eu\/product\/masking-4300-stucco-4300\/"},"modified":"2025-07-14T10:16:00","modified_gmt":"2025-07-14T08:16:00","slug":"masking-4300-stucco-4300","status":"publish","type":"product","link":"https:\/\/hpx.eu\/pl\/produkt\/masking-4300-stucco-4300\/","title":{"rendered":"MASKING 4300 STUCCO <span class=\"productNr\">4300<\/span>"},"content":{"rendered":"<p>&nbsp;<\/p>\n","protected":false},"excerpt":{"rendered":"<ul class=\"product_UPS\">\n<li>Wodoodporna, impregnowana ta\u015bma maskuj\u0105ca<\/li>\n<li>Nadaje si\u0119 do szpachlowania, tynkowania i sztukaterii<\/li>\n<li>Nadaje si\u0119 do g\u0142adkich i szorstkich pod\u0142o\u017cy<\/li>\n<li>Doskona\u0142a odporno\u015b\u0107 na ciep\u0142o i wilgo\u0107<\/li>\n<li>U\u017cyta wewn\u0105trz pomieszcze\u0144, usuni\u0119ta do 6 tygodni po aplikacji nie pozostawia \u015blad\u00f3w oraz zabrudze\u0144.<\/li>\n<li><\/li>\n<li><\/li>\n<li><\/li>\n<li><\/li>\n<li><\/li>\n<\/ul>\n<table class=\"product_table\">\n<thead>\n<tr>\n<th>Numer artyku\u0142u<\/th>\n<th>Szeroko\u015b\u0107<\/th>\n<th>D\u0142ugo\u015b\u0107<\/th>\n<th>Kolor<\/th>\n<th>Paczka<\/th>\n<th>Kod EAN<\/th>\n<\/tr>\n<\/thead>\n<tbody>\n<tr>\n<td>MY2450<\/td>\n<td>24 mm<\/td>\n<td>50 m<\/td>\n<td>\u017c\u00f3\u0142ty<\/td>\n<td>36<\/td>\n<td>5407004564814<\/td>\n<\/tr>\n<tr>\n<td>MY3650<\/td>\n<td>36 mm<\/td>\n<td>50 m<\/td>\n<td>\u017c\u00f3\u0142ty<\/td>\n<td>24<\/td>\n<td>5407004564838<\/td>\n<\/tr>\n<tr>\n<td>MY4850<\/td>\n<td>48 mm<\/td>\n<td>50 m<\/td>\n<td>\u017c\u00f3\u0142ty<\/td>\n<td>24<\/td>\n<td>5407004564852<\/td>\n<\/tr>\n<tr>\n<td><\/td>\n<td><\/td>\n<td><\/td>\n<td><\/td>\n<td><\/td>\n<td><\/td>\n<\/tr>\n<tr>\n<td><\/td>\n<td><\/td>\n<td><\/td>\n<td><\/td>\n<td><\/td>\n<td><\/td>\n<\/tr>\n<tr>\n<td><\/td>\n<td><\/td>\n<td><\/td>\n<td><\/td>\n<td><\/td>\n<td><\/td>\n<\/tr>\n<tr>\n<td><\/td>\n<td><\/td>\n<td><\/td>\n<td><\/td>\n<td><\/td>\n<td><\/td>\n<\/tr>\n<tr>\n<td><\/td>\n<td><\/td>\n<td><\/td>\n<td><\/td>\n<td><\/td>\n<td><\/td>\n<\/tr>\n<tr>\n<td><\/td>\n<td><\/td>\n<td><\/td>\n<td><\/td>\n<td><\/td>\n<td><\/td>\n<\/tr>\n<tr>\n<td><\/td>\n<td><\/td>\n<td><\/td>\n<td><\/td>\n<td><\/td>\n<td><\/td>\n<\/tr>\n<tr>\n<td><\/td>\n<td><\/td>\n<td><\/td>\n<td><\/td>\n<td><\/td>\n<td><\/td>\n<\/tr>\n<tr>\n<td><\/td>\n<td><\/td>\n<td><\/td>\n<td><\/td>\n<td><\/td>\n<td><\/td>\n<\/tr>\n<tr>\n<td><\/td>\n<td><\/td>\n<td><\/td>\n<td><\/td>\n<td><\/td>\n<td><\/td>\n<\/tr>\n<tr>\n<td><\/td>\n<td><\/td>\n<td><\/td>\n<td><\/td>\n<td><\/td>\n<td><\/td>\n<\/tr>\n<tr>\n<td><\/td>\n<td><\/td>\n<td><\/td>\n<td><\/td>\n<td><\/td>\n<td><\/td>\n<\/tr>\n<tr>\n<td><\/td>\n<td><\/td>\n<td><\/td>\n<td><\/td>\n<td><\/td>\n<td><\/td>\n<\/tr>\n<tr>\n<td><\/td>\n<td><\/td>\n<td><\/td>\n<td><\/td>\n<td><\/td>\n<td><\/td>\n<\/tr>\n<tr>\n<td><\/td>\n<td><\/td>\n<td><\/td>\n<td><\/td>\n<td><\/td>\n<td><\/td>\n<\/tr>\n<\/tbody>\n<\/table>\n<div class=\"product_characteristics\">\n<p><b>Klej: <\/b><span>kauczuk naturalny<\/span><\/p>\n<p><b>No\u015bnik: <\/b><span>papier krepowy<\/span><\/p>\n<p><b>Temperatura maksymalna: <\/b><span>120\u00b0C<\/span><\/p>\n<p><b>Wytrzyma\u0142o\u015b\u0107 na rozci\u0105ganie: <\/b><span>110 N\/25 mm<\/span><\/p>\n<p><b>Si\u0142a klejenia: <\/b><span>5,5 N\/25 mm<\/span><\/p>\n<p><b>Wytrzyma\u0142o\u015b\u0107 na \u015bcinanie: <\/b><span><\/span><\/p>\n<p><b>Grubo\u015b\u0107: <\/b><span>0,15 mm<\/span><\/p>\n<p><b>Napi\u0119cie przebicia: <\/b><span><\/span><\/p>\n<\/p><\/div>\n<p>  <a href=\"https:\/\/drive.google.com\/uc?id=1DbTNjkQ7OoUkNXwvXbQL7_h14OJEwv96&#038;export=download\" class=\"btnHPX\" target=\"_blank\"><i class=\"fa fa-download\" aria-hidden=\"true\"><\/i>Pobierz arkusz danych technicznych<\/a><\/p>\n","protected":false},"featured_media":112061,"comment_status":"closed","ping_status":"open","template":"","meta":{"_exactmetrics_skip_tracking":false,"_exactmetrics_sitenote_active":false,"_exactmetrics_sitenote_note":"","_exactmetrics_sitenote_category":0,"_monsterinsights_skip_tracking":false,"_monsterinsights_sitenote_active":false,"_monsterinsights_sitenote_note":"","_monsterinsights_sitenote_category":0,"_themeisle_gutenberg_block_has_review":false},"product_brand":[],"product_cat":[1109],"product_tag":[],"class_list":{"0":"post-173701","1":"product","2":"type-product","3":"status-publish","4":"has-post-thumbnail","6":"product_cat-tasmy-maskujace","7":"post","8":"post-with-thumbnail","9":"post-with-thumbnail-large","11":"first","12":"instock","13":"product-type-simple"},"yoast_head":"<!-- This site is optimized with the Yoast SEO plugin v27.3 - https:\/\/yoast.com\/product\/yoast-seo-wordpress\/ -->\n<title>MASKING 4300 STUCCO | HPX<\/title>\n<meta name=\"description\" content=\"Wodoodporna, impregnowana ta\u015bma maskuj\u0105ca | Ta\u015bmy maskuj\u0105ce | MASKING 4300 STUCCO | HPX\" \/>\n<meta name=\"robots\" content=\"index, follow, max-snippet:-1, max-image-preview:large, max-video-preview:-1\" \/>\n<link rel=\"canonical\" href=\"https:\/\/hpx.eu\/pl\/produkt\/masking-4300-stucco-4300\/\" \/>\n<meta property=\"og:locale\" content=\"pl_PL\" \/>\n<meta property=\"og:type\" content=\"article\" \/>\n<meta property=\"og:title\" content=\"MASKING 4300 STUCCO | HPX\" \/>\n<meta property=\"og:description\" content=\"Wodoodporna, impregnowana ta\u015bma maskuj\u0105ca | Ta\u015bmy maskuj\u0105ce | MASKING 4300 STUCCO | HPX\" \/>\n<meta property=\"og:url\" content=\"https:\/\/hpx.eu\/pl\/produkt\/masking-4300-stucco-4300\/\" \/>\n<meta property=\"og:site_name\" content=\"HPX\" \/>\n<meta property=\"article:publisher\" content=\"https:\/\/www.facebook.com\/HPXtape\/\" \/>\n<meta property=\"article:modified_time\" content=\"2025-07-14T08:16:00+00:00\" \/>\n<meta property=\"og:image\" content=\"https:\/\/hpx.eu\/wp-content\/uploads\/2022\/01\/MY2450-Masking_4300_Stucco-yellow-24mm_x_50m-5407004564814.jpg\" \/>\n\t<meta property=\"og:image:width\" content=\"800\" \/>\n\t<meta property=\"og:image:height\" content=\"800\" \/>\n\t<meta property=\"og:image:type\" content=\"image\/jpeg\" \/>\n<meta name=\"twitter:card\" content=\"summary_large_image\" \/>\n<script type=\"application\/ld+json\" class=\"yoast-schema-graph\">{\"@context\":\"https:\\\/\\\/schema.org\",\"@graph\":[{\"@type\":\"WebPage\",\"@id\":\"https:\\\/\\\/hpx.eu\\\/pl\\\/produkt\\\/masking-4300-stucco-4300\\\/\",\"url\":\"https:\\\/\\\/hpx.eu\\\/pl\\\/produkt\\\/masking-4300-stucco-4300\\\/\",\"name\":\"MASKING 4300 STUCCO | HPX\",\"isPartOf\":{\"@id\":\"http:\\\/\\\/hpx.eu\\\/pl\\\/#website\"},\"primaryImageOfPage\":{\"@id\":\"https:\\\/\\\/hpx.eu\\\/pl\\\/produkt\\\/masking-4300-stucco-4300\\\/#primaryimage\"},\"image\":{\"@id\":\"https:\\\/\\\/hpx.eu\\\/pl\\\/produkt\\\/masking-4300-stucco-4300\\\/#primaryimage\"},\"thumbnailUrl\":\"https:\\\/\\\/hpx.eu\\\/wp-content\\\/uploads\\\/2022\\\/01\\\/MY2450-Masking_4300_Stucco-yellow-24mm_x_50m-5407004564814.jpg\",\"datePublished\":\"2025-07-14T08:08:25+00:00\",\"dateModified\":\"2025-07-14T08:16:00+00:00\",\"description\":\"Wodoodporna, impregnowana ta\u015bma maskuj\u0105ca | Ta\u015bmy maskuj\u0105ce | MASKING 4300 STUCCO | HPX\",\"breadcrumb\":{\"@id\":\"https:\\\/\\\/hpx.eu\\\/pl\\\/produkt\\\/masking-4300-stucco-4300\\\/#breadcrumb\"},\"inLanguage\":\"pl-PL\",\"potentialAction\":[{\"@type\":\"ReadAction\",\"target\":[\"https:\\\/\\\/hpx.eu\\\/pl\\\/produkt\\\/masking-4300-stucco-4300\\\/\"]}]},{\"@type\":\"ImageObject\",\"inLanguage\":\"pl-PL\",\"@id\":\"https:\\\/\\\/hpx.eu\\\/pl\\\/produkt\\\/masking-4300-stucco-4300\\\/#primaryimage\",\"url\":\"https:\\\/\\\/hpx.eu\\\/wp-content\\\/uploads\\\/2022\\\/01\\\/MY2450-Masking_4300_Stucco-yellow-24mm_x_50m-5407004564814.jpg\",\"contentUrl\":\"https:\\\/\\\/hpx.eu\\\/wp-content\\\/uploads\\\/2022\\\/01\\\/MY2450-Masking_4300_Stucco-yellow-24mm_x_50m-5407004564814.jpg\",\"width\":800,\"height\":800,\"caption\":\"MASKING 4300 STUCCO | HPX\"},{\"@type\":\"BreadcrumbList\",\"@id\":\"https:\\\/\\\/hpx.eu\\\/pl\\\/produkt\\\/masking-4300-stucco-4300\\\/#breadcrumb\",\"itemListElement\":[{\"@type\":\"ListItem\",\"position\":1,\"name\":\"Startseite\",\"item\":\"http:\\\/\\\/hpx.eu\\\/pl\\\/\"},{\"@type\":\"ListItem\",\"position\":2,\"name\":\"Produkty\",\"item\":\"http:\\\/\\\/hpx.eu\\\/pl\\\/produkty\\\/\"},{\"@type\":\"ListItem\",\"position\":3,\"name\":\"MASKING 4300 STUCCO 4300\"}]},{\"@type\":\"WebSite\",\"@id\":\"http:\\\/\\\/hpx.eu\\\/pl\\\/#website\",\"url\":\"http:\\\/\\\/hpx.eu\\\/pl\\\/\",\"name\":\"HPX\",\"description\":\"Tough Job, Tougher Tape\",\"publisher\":{\"@id\":\"http:\\\/\\\/hpx.eu\\\/pl\\\/#organization\"},\"potentialAction\":[{\"@type\":\"SearchAction\",\"target\":{\"@type\":\"EntryPoint\",\"urlTemplate\":\"http:\\\/\\\/hpx.eu\\\/pl\\\/?s={search_term_string}\"},\"query-input\":{\"@type\":\"PropertyValueSpecification\",\"valueRequired\":true,\"valueName\":\"search_term_string\"}}],\"inLanguage\":\"pl-PL\"},{\"@type\":\"Organization\",\"@id\":\"http:\\\/\\\/hpx.eu\\\/pl\\\/#organization\",\"name\":\"Option Tape Specialties\",\"url\":\"http:\\\/\\\/hpx.eu\\\/pl\\\/\",\"logo\":{\"@type\":\"ImageObject\",\"inLanguage\":\"pl-PL\",\"@id\":\"http:\\\/\\\/hpx.eu\\\/pl\\\/#\\\/schema\\\/logo\\\/image\\\/\",\"url\":\"\",\"contentUrl\":\"\",\"caption\":\"Option Tape Specialties\"},\"image\":{\"@id\":\"http:\\\/\\\/hpx.eu\\\/pl\\\/#\\\/schema\\\/logo\\\/image\\\/\"},\"sameAs\":[\"https:\\\/\\\/www.facebook.com\\\/HPXtape\\\/\",\"https:\\\/\\\/www.linkedin.com\\\/company\\\/2913311\\\/\",\"https:\\\/\\\/www.youtube.com\\\/channel\\\/UCCYnFjBGfKw8SPW1hMUCVFg\"]}]}<\/script>\n<!-- \/ Yoast SEO plugin. -->","yoast_head_json":{"title":"MASKING 4300 STUCCO | HPX","description":"Wodoodporna, impregnowana ta\u015bma maskuj\u0105ca | Ta\u015bmy maskuj\u0105ce | MASKING 4300 STUCCO | HPX","robots":{"index":"index","follow":"follow","max-snippet":"max-snippet:-1","max-image-preview":"max-image-preview:large","max-video-preview":"max-video-preview:-1"},"canonical":"https:\/\/hpx.eu\/pl\/produkt\/masking-4300-stucco-4300\/","og_locale":"pl_PL","og_type":"article","og_title":"MASKING 4300 STUCCO | HPX","og_description":"Wodoodporna, impregnowana ta\u015bma maskuj\u0105ca | Ta\u015bmy maskuj\u0105ce | MASKING 4300 STUCCO | HPX","og_url":"https:\/\/hpx.eu\/pl\/produkt\/masking-4300-stucco-4300\/","og_site_name":"HPX","article_publisher":"https:\/\/www.facebook.com\/HPXtape\/","article_modified_time":"2025-07-14T08:16:00+00:00","og_image":[{"width":800,"height":800,"url":"https:\/\/hpx.eu\/wp-content\/uploads\/2022\/01\/MY2450-Masking_4300_Stucco-yellow-24mm_x_50m-5407004564814.jpg","type":"image\/jpeg"}],"twitter_card":"summary_large_image","schema":{"@context":"https:\/\/schema.org","@graph":[{"@type":"WebPage","@id":"https:\/\/hpx.eu\/pl\/produkt\/masking-4300-stucco-4300\/","url":"https:\/\/hpx.eu\/pl\/produkt\/masking-4300-stucco-4300\/","name":"MASKING 4300 STUCCO | HPX","isPartOf":{"@id":"https:\/\/hpx.eu\/pl\/#website"},"primaryImageOfPage":{"@id":"https:\/\/hpx.eu\/pl\/produkt\/masking-4300-stucco-4300\/#primaryimage"},"image":{"@id":"https:\/\/hpx.eu\/pl\/produkt\/masking-4300-stucco-4300\/#primaryimage"},"thumbnailUrl":"https:\/\/hpx.eu\/wp-content\/uploads\/2022\/01\/MY2450-Masking_4300_Stucco-yellow-24mm_x_50m-5407004564814.jpg","datePublished":"2025-07-14T08:08:25+00:00","dateModified":"2025-07-14T08:16:00+00:00","description":"Wodoodporna, impregnowana ta\u015bma maskuj\u0105ca | Ta\u015bmy maskuj\u0105ce | MASKING 4300 STUCCO | HPX","breadcrumb":{"@id":"https:\/\/hpx.eu\/pl\/produkt\/masking-4300-stucco-4300\/#breadcrumb"},"inLanguage":"pl-PL","potentialAction":[{"@type":"ReadAction","target":["https:\/\/hpx.eu\/pl\/produkt\/masking-4300-stucco-4300\/"]}]},{"@type":"ImageObject","inLanguage":"pl-PL","@id":"https:\/\/hpx.eu\/pl\/produkt\/masking-4300-stucco-4300\/#primaryimage","url":"https:\/\/hpx.eu\/wp-content\/uploads\/2022\/01\/MY2450-Masking_4300_Stucco-yellow-24mm_x_50m-5407004564814.jpg","contentUrl":"https:\/\/hpx.eu\/wp-content\/uploads\/2022\/01\/MY2450-Masking_4300_Stucco-yellow-24mm_x_50m-5407004564814.jpg","width":800,"height":800,"caption":"MASKING 4300 STUCCO | HPX"},{"@type":"BreadcrumbList","@id":"https:\/\/hpx.eu\/pl\/produkt\/masking-4300-stucco-4300\/#breadcrumb","itemListElement":[{"@type":"ListItem","position":1,"name":"Startseite","item":"https:\/\/hpx.eu\/pl\/"},{"@type":"ListItem","position":2,"name":"Produkty","item":"https:\/\/hpx.eu\/pl\/produkty\/"},{"@type":"ListItem","position":3,"name":"MASKING 4300 STUCCO 4300"}]},{"@type":"WebSite","@id":"https:\/\/hpx.eu\/pl\/#website","url":"https:\/\/hpx.eu\/pl\/","name":"HPX","description":"Tough Job, Tougher Tape","publisher":{"@id":"https:\/\/hpx.eu\/pl\/#organization"},"potentialAction":[{"@type":"SearchAction","target":{"@type":"EntryPoint","urlTemplate":"https:\/\/hpx.eu\/pl\/?s={search_term_string}"},"query-input":{"@type":"PropertyValueSpecification","valueRequired":true,"valueName":"search_term_string"}}],"inLanguage":"pl-PL"},{"@type":"Organization","@id":"https:\/\/hpx.eu\/pl\/#organization","name":"Option Tape Specialties","url":"https:\/\/hpx.eu\/pl\/","logo":{"@type":"ImageObject","inLanguage":"pl-PL","@id":"https:\/\/hpx.eu\/pl\/#\/schema\/logo\/image\/","url":"","contentUrl":"","caption":"Option Tape Specialties"},"image":{"@id":"https:\/\/hpx.eu\/pl\/#\/schema\/logo\/image\/"},"sameAs":["https:\/\/www.facebook.com\/HPXtape\/","https:\/\/www.linkedin.com\/company\/2913311\/","https:\/\/www.youtube.com\/channel\/UCCYnFjBGfKw8SPW1hMUCVFg"]}]}},"_links":{"self":[{"href":"https:\/\/hpx.eu\/pl\/wp-json\/wp\/v2\/product\/173701","targetHints":{"allow":["GET"]}}],"collection":[{"href":"https:\/\/hpx.eu\/pl\/wp-json\/wp\/v2\/product"}],"about":[{"href":"https:\/\/hpx.eu\/pl\/wp-json\/wp\/v2\/types\/product"}],"replies":[{"embeddable":true,"href":"https:\/\/hpx.eu\/pl\/wp-json\/wp\/v2\/comments?post=173701"}],"wp:featuredmedia":[{"embeddable":true,"href":"https:\/\/hpx.eu\/pl\/wp-json\/wp\/v2\/media\/112061"}],"wp:attachment":[{"href":"https:\/\/hpx.eu\/pl\/wp-json\/wp\/v2\/media?parent=173701"}],"wp:term":[{"taxonomy":"product_brand","embeddable":true,"href":"https:\/\/hpx.eu\/pl\/wp-json\/wp\/v2\/product_brand?post=173701"},{"taxonomy":"product_cat","embeddable":true,"href":"https:\/\/hpx.eu\/pl\/wp-json\/wp\/v2\/product_cat?post=173701"},{"taxonomy":"product_tag","embeddable":true,"href":"https:\/\/hpx.eu\/pl\/wp-json\/wp\/v2\/product_tag?post=173701"}],"curies":[{"name":"wp","href":"https:\/\/api.w.org\/{rel}","templated":true}]}}