{"id":173697,"date":"2025-07-14T10:08:17","date_gmt":"2025-07-14T08:08:17","guid":{"rendered":"https:\/\/hpx.eu\/product\/masking-4600-uv-4600\/"},"modified":"2025-07-14T10:15:57","modified_gmt":"2025-07-14T08:15:57","slug":"masking-4600-uv-4600","status":"publish","type":"product","link":"https:\/\/hpx.eu\/pl\/produkt\/masking-4600-uv-4600\/","title":{"rendered":"MASKING 4600 UV <span class=\"productNr\">4600<\/span>"},"content":{"rendered":"<p>&nbsp;<\/p>\n","protected":false},"excerpt":{"rendered":"<ul class=\"product_UPS\">\n<li>Do zastosowania wewn\u0105trz pomieszcze\u0144 i na zewn\u0105trz<\/li>\n<li>Produkt mo\u017cna \u0142atwo \u015bci\u0105gn\u0105\u0107 bez zostawiania \u015blad\u00f3w \u2013 nawet do 14 dni po aplikacji<\/li>\n<li>Dobra przylepno\u015b\u0107 i odporno\u015b\u0107 na promieniowanie UV<\/li>\n<li><\/li>\n<li><\/li>\n<li><\/li>\n<li><\/li>\n<li><\/li>\n<li><\/li>\n<li><\/li>\n<\/ul>\n<table class=\"product_table\">\n<thead>\n<tr>\n<th>Numer artyku\u0142u<\/th>\n<th>Szeroko\u015b\u0107<\/th>\n<th>D\u0142ugo\u015b\u0107<\/th>\n<th>Kolor<\/th>\n<th>Paczka<\/th>\n<th>Kod EAN<\/th>\n<\/tr>\n<\/thead>\n<tbody>\n<tr>\n<td>MU1950<\/td>\n<td>19 mm<\/td>\n<td>50 m<\/td>\n<td>niebieski<\/td>\n<td>48<\/td>\n<td>5425014224894<\/td>\n<\/tr>\n<tr>\n<td>MU2550<\/td>\n<td>25 mm<\/td>\n<td>50 m<\/td>\n<td>niebieski<\/td>\n<td>36<\/td>\n<td>5425014224917<\/td>\n<\/tr>\n<tr>\n<td>MU3850<\/td>\n<td>38 mm<\/td>\n<td>50 m<\/td>\n<td>niebieski<\/td>\n<td>24<\/td>\n<td>5425014224931<\/td>\n<\/tr>\n<tr>\n<td>MU5050<\/td>\n<td>50 mm<\/td>\n<td>50 m<\/td>\n<td>niebieski<\/td>\n<td>16<\/td>\n<td>5407004566573<\/td>\n<\/tr>\n<tr>\n<td><\/td>\n<td><\/td>\n<td><\/td>\n<td><\/td>\n<td><\/td>\n<td><\/td>\n<\/tr>\n<tr>\n<td><\/td>\n<td><\/td>\n<td><\/td>\n<td><\/td>\n<td><\/td>\n<td><\/td>\n<\/tr>\n<tr>\n<td><\/td>\n<td><\/td>\n<td><\/td>\n<td><\/td>\n<td><\/td>\n<td><\/td>\n<\/tr>\n<tr>\n<td><\/td>\n<td><\/td>\n<td><\/td>\n<td><\/td>\n<td><\/td>\n<td><\/td>\n<\/tr>\n<tr>\n<td><\/td>\n<td><\/td>\n<td><\/td>\n<td><\/td>\n<td><\/td>\n<td><\/td>\n<\/tr>\n<tr>\n<td><\/td>\n<td><\/td>\n<td><\/td>\n<td><\/td>\n<td><\/td>\n<td><\/td>\n<\/tr>\n<tr>\n<td><\/td>\n<td><\/td>\n<td><\/td>\n<td><\/td>\n<td><\/td>\n<td><\/td>\n<\/tr>\n<tr>\n<td><\/td>\n<td><\/td>\n<td><\/td>\n<td><\/td>\n<td><\/td>\n<td><\/td>\n<\/tr>\n<tr>\n<td><\/td>\n<td><\/td>\n<td><\/td>\n<td><\/td>\n<td><\/td>\n<td><\/td>\n<\/tr>\n<tr>\n<td><\/td>\n<td><\/td>\n<td><\/td>\n<td><\/td>\n<td><\/td>\n<td><\/td>\n<\/tr>\n<tr>\n<td><\/td>\n<td><\/td>\n<td><\/td>\n<td><\/td>\n<td><\/td>\n<td><\/td>\n<\/tr>\n<tr>\n<td><\/td>\n<td><\/td>\n<td><\/td>\n<td><\/td>\n<td><\/td>\n<td><\/td>\n<\/tr>\n<tr>\n<td><\/td>\n<td><\/td>\n<td><\/td>\n<td><\/td>\n<td><\/td>\n<td><\/td>\n<\/tr>\n<tr>\n<td><\/td>\n<td><\/td>\n<td><\/td>\n<td><\/td>\n<td><\/td>\n<td><\/td>\n<\/tr>\n<\/tbody>\n<\/table>\n<div class=\"product_characteristics\">\n<p><b>Klej: <\/b><span>kauczuk naturalny<\/span><\/p>\n<p><b>No\u015bnik: <\/b><span>papier nas\u0105czony<\/span><\/p>\n<p><b>Temperatura maksymalna: <\/b><span>60\u00b0C<\/span><\/p>\n<p><b>Wytrzyma\u0142o\u015b\u0107 na rozci\u0105ganie: <\/b><span>96 N\/25 mm<\/span><\/p>\n<p><b>Si\u0142a klejenia: <\/b><span>4,9 N\/25 mm<\/span><\/p>\n<p><b>Wytrzyma\u0142o\u015b\u0107 na \u015bcinanie: <\/b><span><\/span><\/p>\n<p><b>Grubo\u015b\u0107: <\/b><span>0,15 mm<\/span><\/p>\n<p><b>Napi\u0119cie przebicia: <\/b><span><\/span><\/p>\n<\/p><\/div>\n<p>  <a href=\"https:\/\/drive.google.com\/uc?id=1vGgLn1rfhwgm4_5nCNAth6LWgNv3gobK&#038;export=download\" class=\"btnHPX\" target=\"_blank\"><i class=\"fa fa-download\" aria-hidden=\"true\"><\/i>Pobierz arkusz danych technicznych<\/a><\/p>\n","protected":false},"featured_media":171763,"comment_status":"closed","ping_status":"closed","template":"","meta":{"_exactmetrics_skip_tracking":false,"_exactmetrics_sitenote_active":false,"_exactmetrics_sitenote_note":"","_exactmetrics_sitenote_category":0,"_monsterinsights_skip_tracking":false,"_monsterinsights_sitenote_active":false,"_monsterinsights_sitenote_note":"","_monsterinsights_sitenote_category":0,"_themeisle_gutenberg_block_has_review":false},"product_brand":[],"product_cat":[1109],"product_tag":[],"class_list":{"0":"post-173697","1":"product","2":"type-product","3":"status-publish","4":"has-post-thumbnail","6":"product_cat-tasmy-maskujace","7":"post","8":"post-with-thumbnail","9":"post-with-thumbnail-large","11":"first","12":"instock","13":"product-type-simple"},"yoast_head":"<!-- This site is optimized with the Yoast SEO plugin v27.3 - https:\/\/yoast.com\/product\/yoast-seo-wordpress\/ -->\n<title>MASKING TAPE UV | HPX<\/title>\n<meta name=\"description\" content=\"Do zastosowania wewn\u0105trz pomieszcze\u0144 i na zewn\u0105trz | Ta\u015bmy maskuj\u0105ce | MASKING TAPE UV | HPX\" \/>\n<meta name=\"robots\" content=\"index, follow, max-snippet:-1, max-image-preview:large, max-video-preview:-1\" \/>\n<link rel=\"canonical\" href=\"https:\/\/hpx.eu\/pl\/produkt\/masking-4600-uv-4600\/\" \/>\n<meta property=\"og:locale\" content=\"pl_PL\" \/>\n<meta property=\"og:type\" content=\"article\" \/>\n<meta property=\"og:title\" content=\"MASKING TAPE UV | HPX\" \/>\n<meta property=\"og:description\" content=\"Do zastosowania wewn\u0105trz pomieszcze\u0144 i na zewn\u0105trz | Ta\u015bmy maskuj\u0105ce | MASKING TAPE UV | HPX\" \/>\n<meta property=\"og:url\" content=\"https:\/\/hpx.eu\/pl\/produkt\/masking-4600-uv-4600\/\" \/>\n<meta property=\"og:site_name\" content=\"HPX\" \/>\n<meta property=\"article:publisher\" content=\"https:\/\/www.facebook.com\/HPXtape\/\" \/>\n<meta property=\"article:modified_time\" content=\"2025-07-14T08:15:57+00:00\" \/>\n<meta property=\"og:image\" content=\"https:\/\/hpx.eu\/wp-content\/uploads\/2018\/05\/MU2550-Masking_tape_UV-blue-25mm_x_50m-5425014224917.jpg\" \/>\n\t<meta property=\"og:image:width\" content=\"800\" \/>\n\t<meta property=\"og:image:height\" content=\"800\" \/>\n\t<meta property=\"og:image:type\" content=\"image\/jpeg\" \/>\n<meta name=\"twitter:card\" content=\"summary_large_image\" \/>\n<script type=\"application\/ld+json\" class=\"yoast-schema-graph\">{\"@context\":\"https:\\\/\\\/schema.org\",\"@graph\":[{\"@type\":\"WebPage\",\"@id\":\"https:\\\/\\\/hpx.eu\\\/pl\\\/produkt\\\/masking-4600-uv-4600\\\/\",\"url\":\"https:\\\/\\\/hpx.eu\\\/pl\\\/produkt\\\/masking-4600-uv-4600\\\/\",\"name\":\"MASKING TAPE UV | HPX\",\"isPartOf\":{\"@id\":\"http:\\\/\\\/hpx.eu\\\/pl\\\/#website\"},\"primaryImageOfPage\":{\"@id\":\"https:\\\/\\\/hpx.eu\\\/pl\\\/produkt\\\/masking-4600-uv-4600\\\/#primaryimage\"},\"image\":{\"@id\":\"https:\\\/\\\/hpx.eu\\\/pl\\\/produkt\\\/masking-4600-uv-4600\\\/#primaryimage\"},\"thumbnailUrl\":\"https:\\\/\\\/hpx.eu\\\/wp-content\\\/uploads\\\/2025\\\/06\\\/MU2550-Masking_tape_UV-blue-25mm_x_50m-5425014224917.jpg\",\"datePublished\":\"2025-07-14T08:08:17+00:00\",\"dateModified\":\"2025-07-14T08:15:57+00:00\",\"description\":\"Do zastosowania wewn\u0105trz pomieszcze\u0144 i na zewn\u0105trz | Ta\u015bmy maskuj\u0105ce | MASKING TAPE UV | HPX\",\"breadcrumb\":{\"@id\":\"https:\\\/\\\/hpx.eu\\\/pl\\\/produkt\\\/masking-4600-uv-4600\\\/#breadcrumb\"},\"inLanguage\":\"pl-PL\",\"potentialAction\":[{\"@type\":\"ReadAction\",\"target\":[\"https:\\\/\\\/hpx.eu\\\/pl\\\/produkt\\\/masking-4600-uv-4600\\\/\"]}]},{\"@type\":\"ImageObject\",\"inLanguage\":\"pl-PL\",\"@id\":\"https:\\\/\\\/hpx.eu\\\/pl\\\/produkt\\\/masking-4600-uv-4600\\\/#primaryimage\",\"url\":\"https:\\\/\\\/hpx.eu\\\/wp-content\\\/uploads\\\/2025\\\/06\\\/MU2550-Masking_tape_UV-blue-25mm_x_50m-5425014224917.jpg\",\"contentUrl\":\"https:\\\/\\\/hpx.eu\\\/wp-content\\\/uploads\\\/2025\\\/06\\\/MU2550-Masking_tape_UV-blue-25mm_x_50m-5425014224917.jpg\",\"width\":800,\"height\":800},{\"@type\":\"BreadcrumbList\",\"@id\":\"https:\\\/\\\/hpx.eu\\\/pl\\\/produkt\\\/masking-4600-uv-4600\\\/#breadcrumb\",\"itemListElement\":[{\"@type\":\"ListItem\",\"position\":1,\"name\":\"Startseite\",\"item\":\"http:\\\/\\\/hpx.eu\\\/pl\\\/\"},{\"@type\":\"ListItem\",\"position\":2,\"name\":\"Produkty\",\"item\":\"http:\\\/\\\/hpx.eu\\\/pl\\\/produkty\\\/\"},{\"@type\":\"ListItem\",\"position\":3,\"name\":\"MASKING 4600 UV 4600\"}]},{\"@type\":\"WebSite\",\"@id\":\"http:\\\/\\\/hpx.eu\\\/pl\\\/#website\",\"url\":\"http:\\\/\\\/hpx.eu\\\/pl\\\/\",\"name\":\"HPX\",\"description\":\"Tough Job, Tougher Tape\",\"publisher\":{\"@id\":\"http:\\\/\\\/hpx.eu\\\/pl\\\/#organization\"},\"potentialAction\":[{\"@type\":\"SearchAction\",\"target\":{\"@type\":\"EntryPoint\",\"urlTemplate\":\"http:\\\/\\\/hpx.eu\\\/pl\\\/?s={search_term_string}\"},\"query-input\":{\"@type\":\"PropertyValueSpecification\",\"valueRequired\":true,\"valueName\":\"search_term_string\"}}],\"inLanguage\":\"pl-PL\"},{\"@type\":\"Organization\",\"@id\":\"http:\\\/\\\/hpx.eu\\\/pl\\\/#organization\",\"name\":\"Option Tape Specialties\",\"url\":\"http:\\\/\\\/hpx.eu\\\/pl\\\/\",\"logo\":{\"@type\":\"ImageObject\",\"inLanguage\":\"pl-PL\",\"@id\":\"http:\\\/\\\/hpx.eu\\\/pl\\\/#\\\/schema\\\/logo\\\/image\\\/\",\"url\":\"\",\"contentUrl\":\"\",\"caption\":\"Option Tape Specialties\"},\"image\":{\"@id\":\"http:\\\/\\\/hpx.eu\\\/pl\\\/#\\\/schema\\\/logo\\\/image\\\/\"},\"sameAs\":[\"https:\\\/\\\/www.facebook.com\\\/HPXtape\\\/\",\"https:\\\/\\\/www.linkedin.com\\\/company\\\/2913311\\\/\",\"https:\\\/\\\/www.youtube.com\\\/channel\\\/UCCYnFjBGfKw8SPW1hMUCVFg\"]}]}<\/script>\n<!-- \/ Yoast SEO plugin. -->","yoast_head_json":{"title":"MASKING TAPE UV | HPX","description":"Do zastosowania wewn\u0105trz pomieszcze\u0144 i na zewn\u0105trz | Ta\u015bmy maskuj\u0105ce | MASKING TAPE UV | HPX","robots":{"index":"index","follow":"follow","max-snippet":"max-snippet:-1","max-image-preview":"max-image-preview:large","max-video-preview":"max-video-preview:-1"},"canonical":"https:\/\/hpx.eu\/pl\/produkt\/masking-4600-uv-4600\/","og_locale":"pl_PL","og_type":"article","og_title":"MASKING TAPE UV | HPX","og_description":"Do zastosowania wewn\u0105trz pomieszcze\u0144 i na zewn\u0105trz | Ta\u015bmy maskuj\u0105ce | MASKING TAPE UV | HPX","og_url":"https:\/\/hpx.eu\/pl\/produkt\/masking-4600-uv-4600\/","og_site_name":"HPX","article_publisher":"https:\/\/www.facebook.com\/HPXtape\/","article_modified_time":"2025-07-14T08:15:57+00:00","og_image":[{"width":800,"height":800,"url":"https:\/\/hpx.eu\/wp-content\/uploads\/2018\/05\/MU2550-Masking_tape_UV-blue-25mm_x_50m-5425014224917.jpg","type":"image\/jpeg"}],"twitter_card":"summary_large_image","schema":{"@context":"https:\/\/schema.org","@graph":[{"@type":"WebPage","@id":"https:\/\/hpx.eu\/pl\/produkt\/masking-4600-uv-4600\/","url":"https:\/\/hpx.eu\/pl\/produkt\/masking-4600-uv-4600\/","name":"MASKING TAPE UV | HPX","isPartOf":{"@id":"https:\/\/hpx.eu\/pl\/#website"},"primaryImageOfPage":{"@id":"https:\/\/hpx.eu\/pl\/produkt\/masking-4600-uv-4600\/#primaryimage"},"image":{"@id":"https:\/\/hpx.eu\/pl\/produkt\/masking-4600-uv-4600\/#primaryimage"},"thumbnailUrl":"https:\/\/hpx.eu\/wp-content\/uploads\/2025\/06\/MU2550-Masking_tape_UV-blue-25mm_x_50m-5425014224917.jpg","datePublished":"2025-07-14T08:08:17+00:00","dateModified":"2025-07-14T08:15:57+00:00","description":"Do zastosowania wewn\u0105trz pomieszcze\u0144 i na zewn\u0105trz | Ta\u015bmy maskuj\u0105ce | MASKING TAPE UV | HPX","breadcrumb":{"@id":"https:\/\/hpx.eu\/pl\/produkt\/masking-4600-uv-4600\/#breadcrumb"},"inLanguage":"pl-PL","potentialAction":[{"@type":"ReadAction","target":["https:\/\/hpx.eu\/pl\/produkt\/masking-4600-uv-4600\/"]}]},{"@type":"ImageObject","inLanguage":"pl-PL","@id":"https:\/\/hpx.eu\/pl\/produkt\/masking-4600-uv-4600\/#primaryimage","url":"https:\/\/hpx.eu\/wp-content\/uploads\/2025\/06\/MU2550-Masking_tape_UV-blue-25mm_x_50m-5425014224917.jpg","contentUrl":"https:\/\/hpx.eu\/wp-content\/uploads\/2025\/06\/MU2550-Masking_tape_UV-blue-25mm_x_50m-5425014224917.jpg","width":800,"height":800},{"@type":"BreadcrumbList","@id":"https:\/\/hpx.eu\/pl\/produkt\/masking-4600-uv-4600\/#breadcrumb","itemListElement":[{"@type":"ListItem","position":1,"name":"Startseite","item":"https:\/\/hpx.eu\/pl\/"},{"@type":"ListItem","position":2,"name":"Produkty","item":"https:\/\/hpx.eu\/pl\/produkty\/"},{"@type":"ListItem","position":3,"name":"MASKING 4600 UV 4600"}]},{"@type":"WebSite","@id":"https:\/\/hpx.eu\/pl\/#website","url":"https:\/\/hpx.eu\/pl\/","name":"HPX","description":"Tough Job, Tougher Tape","publisher":{"@id":"https:\/\/hpx.eu\/pl\/#organization"},"potentialAction":[{"@type":"SearchAction","target":{"@type":"EntryPoint","urlTemplate":"https:\/\/hpx.eu\/pl\/?s={search_term_string}"},"query-input":{"@type":"PropertyValueSpecification","valueRequired":true,"valueName":"search_term_string"}}],"inLanguage":"pl-PL"},{"@type":"Organization","@id":"https:\/\/hpx.eu\/pl\/#organization","name":"Option Tape Specialties","url":"https:\/\/hpx.eu\/pl\/","logo":{"@type":"ImageObject","inLanguage":"pl-PL","@id":"https:\/\/hpx.eu\/pl\/#\/schema\/logo\/image\/","url":"","contentUrl":"","caption":"Option Tape Specialties"},"image":{"@id":"https:\/\/hpx.eu\/pl\/#\/schema\/logo\/image\/"},"sameAs":["https:\/\/www.facebook.com\/HPXtape\/","https:\/\/www.linkedin.com\/company\/2913311\/","https:\/\/www.youtube.com\/channel\/UCCYnFjBGfKw8SPW1hMUCVFg"]}]}},"_links":{"self":[{"href":"https:\/\/hpx.eu\/pl\/wp-json\/wp\/v2\/product\/173697","targetHints":{"allow":["GET"]}}],"collection":[{"href":"https:\/\/hpx.eu\/pl\/wp-json\/wp\/v2\/product"}],"about":[{"href":"https:\/\/hpx.eu\/pl\/wp-json\/wp\/v2\/types\/product"}],"replies":[{"embeddable":true,"href":"https:\/\/hpx.eu\/pl\/wp-json\/wp\/v2\/comments?post=173697"}],"wp:featuredmedia":[{"embeddable":true,"href":"https:\/\/hpx.eu\/pl\/wp-json\/wp\/v2\/media\/171763"}],"wp:attachment":[{"href":"https:\/\/hpx.eu\/pl\/wp-json\/wp\/v2\/media?parent=173697"}],"wp:term":[{"taxonomy":"product_brand","embeddable":true,"href":"https:\/\/hpx.eu\/pl\/wp-json\/wp\/v2\/product_brand?post=173697"},{"taxonomy":"product_cat","embeddable":true,"href":"https:\/\/hpx.eu\/pl\/wp-json\/wp\/v2\/product_cat?post=173697"},{"taxonomy":"product_tag","embeddable":true,"href":"https:\/\/hpx.eu\/pl\/wp-json\/wp\/v2\/product_tag?post=173697"}],"curies":[{"name":"wp","href":"https:\/\/api.w.org\/{rel}","templated":true}]}}