{"id":173689,"date":"2025-07-14T10:07:59","date_gmt":"2025-07-14T08:07:59","guid":{"rendered":"https:\/\/hpx.eu\/product\/masking-4100-automotive-110c-4100\/"},"modified":"2025-07-14T10:15:51","modified_gmt":"2025-07-14T08:15:51","slug":"masking-4100-automotive-110c-4100","status":"publish","type":"product","link":"https:\/\/hpx.eu\/pl\/produkt\/masking-4100-automotive-110c-4100\/","title":{"rendered":"MASKING 4100 AUTOMOTIVE 110\u00b0C <span class=\"productNr\">4100<\/span>"},"content":{"rendered":"<p>&nbsp;<\/p>\n","protected":false},"excerpt":{"rendered":"<ul class=\"product_UPS\">\n<li>Ta\u015bma maskuj\u0105ca o wysokiej jako\u015bci \u2013 jako\u015bci wymaganej przez sektor motoryzacyjny<\/li>\n<li>Nadaje si\u0119 do maskowania wszystkich typ\u00f3w przedmiot\u00f3w<\/li>\n<li>Dobra przylepno\u015b\u0107 do metalu, szk\u0142a, plastiku i gumy<\/li>\n<li>Nie zostawia \u017cadnych \u015blad\u00f3w po kleju w temp. do 110\u00b0C<\/li>\n<li>Produkt odporny na rozpuszczalniki<\/li>\n<li>Produkt nie jest odporny na promieniowanie UV (gdy jest u\u017cytkowany na zewn\u0105trz, nale\u017cy go \u015bci\u0105gn\u0105\u0107 w ci\u0105gu 8 godzin od aplikacji)<\/li>\n<li><\/li>\n<li><\/li>\n<li><\/li>\n<li><\/li>\n<\/ul>\n<table class=\"product_table\">\n<thead>\n<tr>\n<th>Numer artyku\u0142u<\/th>\n<th>Szeroko\u015b\u0107<\/th>\n<th>D\u0142ugo\u015b\u0107<\/th>\n<th>Kolor<\/th>\n<th>Paczka<\/th>\n<th>Kod EAN<\/th>\n<\/tr>\n<\/thead>\n<tbody>\n<tr>\n<td>MT1950<\/td>\n<td>19 mm<\/td>\n<td>50 m<\/td>\n<td>b\u00e9\u017eov\u00fd<\/td>\n<td>48<\/td>\n<td>n\/a<\/td>\n<\/tr>\n<tr>\n<td>MT2550<\/td>\n<td>25 mm<\/td>\n<td>50 m<\/td>\n<td>b\u00e9\u017eov\u00fd<\/td>\n<td>36<\/td>\n<td>n\/a<\/td>\n<\/tr>\n<tr>\n<td>MT3850<\/td>\n<td>38 mm<\/td>\n<td>50 m<\/td>\n<td>b\u00e9\u017eov\u00fd<\/td>\n<td>24<\/td>\n<td>n\/a<\/td>\n<\/tr>\n<tr>\n<td>MT5050<\/td>\n<td>50 mm<\/td>\n<td>50 m<\/td>\n<td>b\u00e9\u017eov\u00fd<\/td>\n<td>24<\/td>\n<td>n\/a<\/td>\n<\/tr>\n<tr>\n<td><\/td>\n<td><\/td>\n<td><\/td>\n<td><\/td>\n<td><\/td>\n<td><\/td>\n<\/tr>\n<tr>\n<td><\/td>\n<td><\/td>\n<td><\/td>\n<td><\/td>\n<td><\/td>\n<td><\/td>\n<\/tr>\n<tr>\n<td><\/td>\n<td><\/td>\n<td><\/td>\n<td><\/td>\n<td><\/td>\n<td><\/td>\n<\/tr>\n<tr>\n<td><\/td>\n<td><\/td>\n<td><\/td>\n<td><\/td>\n<td><\/td>\n<td><\/td>\n<\/tr>\n<tr>\n<td><\/td>\n<td><\/td>\n<td><\/td>\n<td><\/td>\n<td><\/td>\n<td><\/td>\n<\/tr>\n<tr>\n<td><\/td>\n<td><\/td>\n<td><\/td>\n<td><\/td>\n<td><\/td>\n<td><\/td>\n<\/tr>\n<tr>\n<td><\/td>\n<td><\/td>\n<td><\/td>\n<td><\/td>\n<td><\/td>\n<td><\/td>\n<\/tr>\n<tr>\n<td><\/td>\n<td><\/td>\n<td><\/td>\n<td><\/td>\n<td><\/td>\n<td><\/td>\n<\/tr>\n<tr>\n<td><\/td>\n<td><\/td>\n<td><\/td>\n<td><\/td>\n<td><\/td>\n<td><\/td>\n<\/tr>\n<tr>\n<td><\/td>\n<td><\/td>\n<td><\/td>\n<td><\/td>\n<td><\/td>\n<td><\/td>\n<\/tr>\n<tr>\n<td><\/td>\n<td><\/td>\n<td><\/td>\n<td><\/td>\n<td><\/td>\n<td><\/td>\n<\/tr>\n<tr>\n<td><\/td>\n<td><\/td>\n<td><\/td>\n<td><\/td>\n<td><\/td>\n<td><\/td>\n<\/tr>\n<tr>\n<td><\/td>\n<td><\/td>\n<td><\/td>\n<td><\/td>\n<td><\/td>\n<td><\/td>\n<\/tr>\n<tr>\n<td><\/td>\n<td><\/td>\n<td><\/td>\n<td><\/td>\n<td><\/td>\n<td><\/td>\n<\/tr>\n<\/tbody>\n<\/table>\n<div class=\"product_characteristics\">\n<p><b>Klej: <\/b><span>kauczuk naturalny<\/span><\/p>\n<p><b>No\u015bnik: <\/b><span>papier krepowy<\/span><\/p>\n<p><b>Temperatura maksymalna: <\/b><span>100\u00b0C (do 110\u00b0C przez kr\u00f3tki czas)<\/span><\/p>\n<p><b>Wytrzyma\u0142o\u015b\u0107 na rozci\u0105ganie: <\/b><span>87,5 N\/25 mm<\/span><\/p>\n<p><b>Si\u0142a klejenia: <\/b><span>5,5 N\/25 mm<\/span><\/p>\n<p><b>Wytrzyma\u0142o\u015b\u0107 na \u015bcinanie: <\/b><span><\/span><\/p>\n<p><b>Grubo\u015b\u0107: <\/b><span>0,13 mm<\/span><\/p>\n<p><b>Napi\u0119cie przebicia: <\/b><span><\/span><\/p>\n<\/p><\/div>\n<p>  <a href=\"https:\/\/drive.google.com\/uc?id=1DDKfv1skJy7dgqYbiAcLYkdaDAxxqnQl&#038;export=download\" class=\"btnHPX\" target=\"_blank\"><i class=\"fa fa-download\" aria-hidden=\"true\"><\/i>Pobierz arkusz danych technicznych<\/a><\/p>\n","protected":false},"featured_media":95881,"comment_status":"closed","ping_status":"closed","template":"","meta":{"_exactmetrics_skip_tracking":false,"_exactmetrics_sitenote_active":false,"_exactmetrics_sitenote_note":"","_exactmetrics_sitenote_category":0,"_monsterinsights_skip_tracking":false,"_monsterinsights_sitenote_active":false,"_monsterinsights_sitenote_note":"","_monsterinsights_sitenote_category":0,"_themeisle_gutenberg_block_has_review":false},"product_brand":[],"product_cat":[1109],"product_tag":[],"class_list":{"0":"post-173689","1":"product","2":"type-product","3":"status-publish","4":"has-post-thumbnail","6":"product_cat-tasmy-maskujace","7":"post","8":"post-with-thumbnail","9":"post-with-thumbnail-large","11":"first","12":"instock","13":"product-type-simple"},"yoast_head":"<!-- This site is optimized with the Yoast SEO plugin v27.3 - https:\/\/yoast.com\/product\/yoast-seo-wordpress\/ -->\n<title>MASKING TAPE 110\u00b0C | HPX<\/title>\n<meta name=\"description\" content=\"Ta\u015bma maskuj\u0105ca o wysokiej jako\u015bci \u2013 jako\u015bci wymaganej przez sektor motoryzacyjny | Ta\u015bmy maskuj\u0105ce | MASKING TAPE 110\u00b0C | HPX\" \/>\n<meta name=\"robots\" content=\"index, follow, max-snippet:-1, max-image-preview:large, max-video-preview:-1\" \/>\n<link rel=\"canonical\" href=\"https:\/\/hpx.eu\/pl\/produkt\/masking-4100-automotive-110c-4100\/\" \/>\n<meta property=\"og:locale\" content=\"pl_PL\" \/>\n<meta property=\"og:type\" content=\"article\" \/>\n<meta property=\"og:title\" content=\"MASKING TAPE 110\u00b0C | HPX\" \/>\n<meta property=\"og:description\" content=\"Ta\u015bma maskuj\u0105ca o wysokiej jako\u015bci \u2013 jako\u015bci wymaganej przez sektor motoryzacyjny | Ta\u015bmy maskuj\u0105ce | MASKING TAPE 110\u00b0C | HPX\" \/>\n<meta property=\"og:url\" content=\"https:\/\/hpx.eu\/pl\/produkt\/masking-4100-automotive-110c-4100\/\" \/>\n<meta property=\"og:site_name\" content=\"HPX\" \/>\n<meta property=\"article:publisher\" content=\"https:\/\/www.facebook.com\/HPXtape\/\" \/>\n<meta property=\"article:modified_time\" content=\"2025-07-14T08:15:51+00:00\" \/>\n<meta property=\"og:image\" content=\"https:\/\/hpx.eu\/wp-content\/uploads\/2018\/05\/MT1950-Masking_tape_100C-cream-19mm_x_50m.jpg\" \/>\n\t<meta property=\"og:image:width\" content=\"800\" \/>\n\t<meta property=\"og:image:height\" content=\"800\" \/>\n\t<meta property=\"og:image:type\" content=\"image\/jpeg\" \/>\n<meta name=\"twitter:card\" content=\"summary_large_image\" \/>\n<script type=\"application\/ld+json\" class=\"yoast-schema-graph\">{\"@context\":\"https:\\\/\\\/schema.org\",\"@graph\":[{\"@type\":\"WebPage\",\"@id\":\"https:\\\/\\\/hpx.eu\\\/pl\\\/produkt\\\/masking-4100-automotive-110c-4100\\\/\",\"url\":\"https:\\\/\\\/hpx.eu\\\/pl\\\/produkt\\\/masking-4100-automotive-110c-4100\\\/\",\"name\":\"MASKING TAPE 110\u00b0C | HPX\",\"isPartOf\":{\"@id\":\"http:\\\/\\\/hpx.eu\\\/pl\\\/#website\"},\"primaryImageOfPage\":{\"@id\":\"https:\\\/\\\/hpx.eu\\\/pl\\\/produkt\\\/masking-4100-automotive-110c-4100\\\/#primaryimage\"},\"image\":{\"@id\":\"https:\\\/\\\/hpx.eu\\\/pl\\\/produkt\\\/masking-4100-automotive-110c-4100\\\/#primaryimage\"},\"thumbnailUrl\":\"https:\\\/\\\/hpx.eu\\\/wp-content\\\/uploads\\\/2020\\\/04\\\/MT2550-Masking_tape_100C-cream-25mm_x_50m-HPX.jpg\",\"datePublished\":\"2025-07-14T08:07:59+00:00\",\"dateModified\":\"2025-07-14T08:15:51+00:00\",\"description\":\"Ta\u015bma maskuj\u0105ca o wysokiej jako\u015bci \u2013 jako\u015bci wymaganej przez sektor motoryzacyjny | Ta\u015bmy maskuj\u0105ce | MASKING TAPE 110\u00b0C | HPX\",\"breadcrumb\":{\"@id\":\"https:\\\/\\\/hpx.eu\\\/pl\\\/produkt\\\/masking-4100-automotive-110c-4100\\\/#breadcrumb\"},\"inLanguage\":\"pl-PL\",\"potentialAction\":[{\"@type\":\"ReadAction\",\"target\":[\"https:\\\/\\\/hpx.eu\\\/pl\\\/produkt\\\/masking-4100-automotive-110c-4100\\\/\"]}]},{\"@type\":\"ImageObject\",\"inLanguage\":\"pl-PL\",\"@id\":\"https:\\\/\\\/hpx.eu\\\/pl\\\/produkt\\\/masking-4100-automotive-110c-4100\\\/#primaryimage\",\"url\":\"https:\\\/\\\/hpx.eu\\\/wp-content\\\/uploads\\\/2020\\\/04\\\/MT2550-Masking_tape_100C-cream-25mm_x_50m-HPX.jpg\",\"contentUrl\":\"https:\\\/\\\/hpx.eu\\\/wp-content\\\/uploads\\\/2020\\\/04\\\/MT2550-Masking_tape_100C-cream-25mm_x_50m-HPX.jpg\",\"width\":800,\"height\":800,\"caption\":\"MT2550 - Masking tape 100C - cream - 25mm x 50m\"},{\"@type\":\"BreadcrumbList\",\"@id\":\"https:\\\/\\\/hpx.eu\\\/pl\\\/produkt\\\/masking-4100-automotive-110c-4100\\\/#breadcrumb\",\"itemListElement\":[{\"@type\":\"ListItem\",\"position\":1,\"name\":\"Startseite\",\"item\":\"http:\\\/\\\/hpx.eu\\\/pl\\\/\"},{\"@type\":\"ListItem\",\"position\":2,\"name\":\"Produkty\",\"item\":\"http:\\\/\\\/hpx.eu\\\/pl\\\/produkty\\\/\"},{\"@type\":\"ListItem\",\"position\":3,\"name\":\"MASKING 4100 AUTOMOTIVE 110\u00b0C 4100\"}]},{\"@type\":\"WebSite\",\"@id\":\"http:\\\/\\\/hpx.eu\\\/pl\\\/#website\",\"url\":\"http:\\\/\\\/hpx.eu\\\/pl\\\/\",\"name\":\"HPX\",\"description\":\"Tough Job, Tougher Tape\",\"publisher\":{\"@id\":\"http:\\\/\\\/hpx.eu\\\/pl\\\/#organization\"},\"potentialAction\":[{\"@type\":\"SearchAction\",\"target\":{\"@type\":\"EntryPoint\",\"urlTemplate\":\"http:\\\/\\\/hpx.eu\\\/pl\\\/?s={search_term_string}\"},\"query-input\":{\"@type\":\"PropertyValueSpecification\",\"valueRequired\":true,\"valueName\":\"search_term_string\"}}],\"inLanguage\":\"pl-PL\"},{\"@type\":\"Organization\",\"@id\":\"http:\\\/\\\/hpx.eu\\\/pl\\\/#organization\",\"name\":\"Option Tape Specialties\",\"url\":\"http:\\\/\\\/hpx.eu\\\/pl\\\/\",\"logo\":{\"@type\":\"ImageObject\",\"inLanguage\":\"pl-PL\",\"@id\":\"http:\\\/\\\/hpx.eu\\\/pl\\\/#\\\/schema\\\/logo\\\/image\\\/\",\"url\":\"\",\"contentUrl\":\"\",\"caption\":\"Option Tape Specialties\"},\"image\":{\"@id\":\"http:\\\/\\\/hpx.eu\\\/pl\\\/#\\\/schema\\\/logo\\\/image\\\/\"},\"sameAs\":[\"https:\\\/\\\/www.facebook.com\\\/HPXtape\\\/\",\"https:\\\/\\\/www.linkedin.com\\\/company\\\/2913311\\\/\",\"https:\\\/\\\/www.youtube.com\\\/channel\\\/UCCYnFjBGfKw8SPW1hMUCVFg\"]}]}<\/script>\n<!-- \/ Yoast SEO plugin. -->","yoast_head_json":{"title":"MASKING TAPE 110\u00b0C | HPX","description":"Ta\u015bma maskuj\u0105ca o wysokiej jako\u015bci \u2013 jako\u015bci wymaganej przez sektor motoryzacyjny | Ta\u015bmy maskuj\u0105ce | MASKING TAPE 110\u00b0C | HPX","robots":{"index":"index","follow":"follow","max-snippet":"max-snippet:-1","max-image-preview":"max-image-preview:large","max-video-preview":"max-video-preview:-1"},"canonical":"https:\/\/hpx.eu\/pl\/produkt\/masking-4100-automotive-110c-4100\/","og_locale":"pl_PL","og_type":"article","og_title":"MASKING TAPE 110\u00b0C | HPX","og_description":"Ta\u015bma maskuj\u0105ca o wysokiej jako\u015bci \u2013 jako\u015bci wymaganej przez sektor motoryzacyjny | Ta\u015bmy maskuj\u0105ce | MASKING TAPE 110\u00b0C | HPX","og_url":"https:\/\/hpx.eu\/pl\/produkt\/masking-4100-automotive-110c-4100\/","og_site_name":"HPX","article_publisher":"https:\/\/www.facebook.com\/HPXtape\/","article_modified_time":"2025-07-14T08:15:51+00:00","og_image":[{"width":800,"height":800,"url":"https:\/\/hpx.eu\/wp-content\/uploads\/2018\/05\/MT1950-Masking_tape_100C-cream-19mm_x_50m.jpg","type":"image\/jpeg"}],"twitter_card":"summary_large_image","schema":{"@context":"https:\/\/schema.org","@graph":[{"@type":"WebPage","@id":"https:\/\/hpx.eu\/pl\/produkt\/masking-4100-automotive-110c-4100\/","url":"https:\/\/hpx.eu\/pl\/produkt\/masking-4100-automotive-110c-4100\/","name":"MASKING TAPE 110\u00b0C | HPX","isPartOf":{"@id":"https:\/\/hpx.eu\/pl\/#website"},"primaryImageOfPage":{"@id":"https:\/\/hpx.eu\/pl\/produkt\/masking-4100-automotive-110c-4100\/#primaryimage"},"image":{"@id":"https:\/\/hpx.eu\/pl\/produkt\/masking-4100-automotive-110c-4100\/#primaryimage"},"thumbnailUrl":"https:\/\/hpx.eu\/wp-content\/uploads\/2020\/04\/MT2550-Masking_tape_100C-cream-25mm_x_50m-HPX.jpg","datePublished":"2025-07-14T08:07:59+00:00","dateModified":"2025-07-14T08:15:51+00:00","description":"Ta\u015bma maskuj\u0105ca o wysokiej jako\u015bci \u2013 jako\u015bci wymaganej przez sektor motoryzacyjny | Ta\u015bmy maskuj\u0105ce | MASKING TAPE 110\u00b0C | HPX","breadcrumb":{"@id":"https:\/\/hpx.eu\/pl\/produkt\/masking-4100-automotive-110c-4100\/#breadcrumb"},"inLanguage":"pl-PL","potentialAction":[{"@type":"ReadAction","target":["https:\/\/hpx.eu\/pl\/produkt\/masking-4100-automotive-110c-4100\/"]}]},{"@type":"ImageObject","inLanguage":"pl-PL","@id":"https:\/\/hpx.eu\/pl\/produkt\/masking-4100-automotive-110c-4100\/#primaryimage","url":"https:\/\/hpx.eu\/wp-content\/uploads\/2020\/04\/MT2550-Masking_tape_100C-cream-25mm_x_50m-HPX.jpg","contentUrl":"https:\/\/hpx.eu\/wp-content\/uploads\/2020\/04\/MT2550-Masking_tape_100C-cream-25mm_x_50m-HPX.jpg","width":800,"height":800,"caption":"MT2550 - Masking tape 100C - cream - 25mm x 50m"},{"@type":"BreadcrumbList","@id":"https:\/\/hpx.eu\/pl\/produkt\/masking-4100-automotive-110c-4100\/#breadcrumb","itemListElement":[{"@type":"ListItem","position":1,"name":"Startseite","item":"https:\/\/hpx.eu\/pl\/"},{"@type":"ListItem","position":2,"name":"Produkty","item":"https:\/\/hpx.eu\/pl\/produkty\/"},{"@type":"ListItem","position":3,"name":"MASKING 4100 AUTOMOTIVE 110\u00b0C 4100"}]},{"@type":"WebSite","@id":"https:\/\/hpx.eu\/pl\/#website","url":"https:\/\/hpx.eu\/pl\/","name":"HPX","description":"Tough Job, Tougher Tape","publisher":{"@id":"https:\/\/hpx.eu\/pl\/#organization"},"potentialAction":[{"@type":"SearchAction","target":{"@type":"EntryPoint","urlTemplate":"https:\/\/hpx.eu\/pl\/?s={search_term_string}"},"query-input":{"@type":"PropertyValueSpecification","valueRequired":true,"valueName":"search_term_string"}}],"inLanguage":"pl-PL"},{"@type":"Organization","@id":"https:\/\/hpx.eu\/pl\/#organization","name":"Option Tape Specialties","url":"https:\/\/hpx.eu\/pl\/","logo":{"@type":"ImageObject","inLanguage":"pl-PL","@id":"https:\/\/hpx.eu\/pl\/#\/schema\/logo\/image\/","url":"","contentUrl":"","caption":"Option Tape Specialties"},"image":{"@id":"https:\/\/hpx.eu\/pl\/#\/schema\/logo\/image\/"},"sameAs":["https:\/\/www.facebook.com\/HPXtape\/","https:\/\/www.linkedin.com\/company\/2913311\/","https:\/\/www.youtube.com\/channel\/UCCYnFjBGfKw8SPW1hMUCVFg"]}]}},"_links":{"self":[{"href":"https:\/\/hpx.eu\/pl\/wp-json\/wp\/v2\/product\/173689","targetHints":{"allow":["GET"]}}],"collection":[{"href":"https:\/\/hpx.eu\/pl\/wp-json\/wp\/v2\/product"}],"about":[{"href":"https:\/\/hpx.eu\/pl\/wp-json\/wp\/v2\/types\/product"}],"replies":[{"embeddable":true,"href":"https:\/\/hpx.eu\/pl\/wp-json\/wp\/v2\/comments?post=173689"}],"wp:featuredmedia":[{"embeddable":true,"href":"https:\/\/hpx.eu\/pl\/wp-json\/wp\/v2\/media\/95881"}],"wp:attachment":[{"href":"https:\/\/hpx.eu\/pl\/wp-json\/wp\/v2\/media?parent=173689"}],"wp:term":[{"taxonomy":"product_brand","embeddable":true,"href":"https:\/\/hpx.eu\/pl\/wp-json\/wp\/v2\/product_brand?post=173689"},{"taxonomy":"product_cat","embeddable":true,"href":"https:\/\/hpx.eu\/pl\/wp-json\/wp\/v2\/product_cat?post=173689"},{"taxonomy":"product_tag","embeddable":true,"href":"https:\/\/hpx.eu\/pl\/wp-json\/wp\/v2\/product_tag?post=173689"}],"curies":[{"name":"wp","href":"https:\/\/api.w.org\/{rel}","templated":true}]}}