{"id":173675,"date":"2025-07-14T10:07:36","date_gmt":"2025-07-14T08:07:36","guid":{"rendered":"https:\/\/hpx.eu\/product\/butyl-sealing-tape-8000\/"},"modified":"2025-07-14T10:15:31","modified_gmt":"2025-07-14T08:15:31","slug":"butyl-sealing-tape-8000","status":"publish","type":"product","link":"https:\/\/hpx.eu\/pl\/produkt\/butyl-sealing-tape-8000\/","title":{"rendered":"BUTYL SEALING TAPE <span class=\"productNr\">8000<\/span>"},"content":{"rendered":"<p>&nbsp;<\/p>\n","protected":false},"excerpt":{"rendered":"<ul class=\"product_UPS\">\n<li>Ta\u015bma uszczelniaj\u0105ca, jest odporna na wod\u0119, kurz oraz przeci\u0105g w trakcie jazdy autem lub przyczep\u0105 kempingow\u0105 (uszczelnienie chlapaczy, ram dekoracyjnych oraz drzwiowych), w domach (uszczelnienie \u015bwietlik\u00f3w, listew przypod\u0142ogowych, rynien i ram okien) oraz w \u0142odziach (uszczelnia przestrze\u0144 mi\u0119dzy elementami z metalu, drewna oraz plastiku)<\/li>\n<li>Wytrzyma\u0142y, elastyczny i odporny na zu\u017cycie materia\u0142<\/li>\n<li>Produkt mo\u017ce by\u0107 przewiercony maszynowo<\/li>\n<li>Do wykorzystania tak\u017ce jako mi\u0119kki materia\u0142 do dziur, rog\u00f3w i po\u0142\u0105cze\u0144<\/li>\n<li><\/li>\n<li><\/li>\n<li><\/li>\n<li><\/li>\n<li><\/li>\n<li><\/li>\n<\/ul>\n<table class=\"product_table\">\n<thead>\n<tr>\n<th>Numer artyku\u0142u<\/th>\n<th>Szeroko\u015b\u0107<\/th>\n<th>D\u0142ugo\u015b\u0107<\/th>\n<th>Kolor<\/th>\n<th>Paczka<\/th>\n<th>Kod EAN<\/th>\n<\/tr>\n<\/thead>\n<tbody>\n<tr>\n<td>BU2003<\/td>\n<td>20 mm<\/td>\n<td>3 m<\/td>\n<td>szary<\/td>\n<td>12<\/td>\n<td>5425014223378<\/td>\n<\/tr>\n<tr>\n<td><\/td>\n<td><\/td>\n<td><\/td>\n<td><\/td>\n<td><\/td>\n<td><\/td>\n<\/tr>\n<tr>\n<td><\/td>\n<td><\/td>\n<td><\/td>\n<td><\/td>\n<td><\/td>\n<td><\/td>\n<\/tr>\n<tr>\n<td><\/td>\n<td><\/td>\n<td><\/td>\n<td><\/td>\n<td><\/td>\n<td><\/td>\n<\/tr>\n<tr>\n<td><\/td>\n<td><\/td>\n<td><\/td>\n<td><\/td>\n<td><\/td>\n<td><\/td>\n<\/tr>\n<tr>\n<td><\/td>\n<td><\/td>\n<td><\/td>\n<td><\/td>\n<td><\/td>\n<td><\/td>\n<\/tr>\n<tr>\n<td><\/td>\n<td><\/td>\n<td><\/td>\n<td><\/td>\n<td><\/td>\n<td><\/td>\n<\/tr>\n<tr>\n<td><\/td>\n<td><\/td>\n<td><\/td>\n<td><\/td>\n<td><\/td>\n<td><\/td>\n<\/tr>\n<tr>\n<td><\/td>\n<td><\/td>\n<td><\/td>\n<td><\/td>\n<td><\/td>\n<td><\/td>\n<\/tr>\n<tr>\n<td><\/td>\n<td><\/td>\n<td><\/td>\n<td><\/td>\n<td><\/td>\n<td><\/td>\n<\/tr>\n<tr>\n<td><\/td>\n<td><\/td>\n<td><\/td>\n<td><\/td>\n<td><\/td>\n<td><\/td>\n<\/tr>\n<tr>\n<td><\/td>\n<td><\/td>\n<td><\/td>\n<td><\/td>\n<td><\/td>\n<td><\/td>\n<\/tr>\n<tr>\n<td><\/td>\n<td><\/td>\n<td><\/td>\n<td><\/td>\n<td><\/td>\n<td><\/td>\n<\/tr>\n<tr>\n<td><\/td>\n<td><\/td>\n<td><\/td>\n<td><\/td>\n<td><\/td>\n<td><\/td>\n<\/tr>\n<tr>\n<td><\/td>\n<td><\/td>\n<td><\/td>\n<td><\/td>\n<td><\/td>\n<td><\/td>\n<\/tr>\n<tr>\n<td><\/td>\n<td><\/td>\n<td><\/td>\n<td><\/td>\n<td><\/td>\n<td><\/td>\n<\/tr>\n<tr>\n<td><\/td>\n<td><\/td>\n<td><\/td>\n<td><\/td>\n<td><\/td>\n<td><\/td>\n<\/tr>\n<tr>\n<td><\/td>\n<td><\/td>\n<td><\/td>\n<td><\/td>\n<td><\/td>\n<td><\/td>\n<\/tr>\n<\/tbody>\n<\/table>\n<div class=\"product_characteristics\">\n<p><b>Klej: <\/b><span>kauczuk butylowy<\/span><\/p>\n<p><b>No\u015bnik: <\/b><span>butyl<\/span><\/p>\n<p><b>Temperatura maksymalna: <\/b><span>90\u00b0C<\/span><\/p>\n<p><b>Wytrzyma\u0142o\u015b\u0107 na rozci\u0105ganie: <\/b><span><\/span><\/p>\n<p><b>Si\u0142a klejenia: <\/b><span>20 N\/25 mm<\/span><\/p>\n<p><b>Wytrzyma\u0142o\u015b\u0107 na \u015bcinanie: <\/b><span><\/span><\/p>\n<p><b>Grubo\u015b\u0107: <\/b><span>2,00 mm<\/span><\/p>\n<p><b>Napi\u0119cie przebicia: <\/b><span><\/span><\/p>\n<\/p><\/div>\n<p>  <a href=\"https:\/\/drive.google.com\/uc?id=1yT_OkOK9-nDZm-LlO4iWC-zEcjDQOTFr&#038;export=download\" class=\"btnHPX\" target=\"_blank\"><i class=\"fa fa-download\" aria-hidden=\"true\"><\/i>Pobierz arkusz danych technicznych<\/a><\/p>\n","protected":false},"featured_media":92221,"comment_status":"closed","ping_status":"closed","template":"","meta":{"_exactmetrics_skip_tracking":false,"_exactmetrics_sitenote_active":false,"_exactmetrics_sitenote_note":"","_exactmetrics_sitenote_category":0,"_monsterinsights_skip_tracking":false,"_monsterinsights_sitenote_active":false,"_monsterinsights_sitenote_note":"","_monsterinsights_sitenote_category":0,"_themeisle_gutenberg_block_has_review":false},"product_brand":[],"product_cat":[1135],"product_tag":[],"class_list":{"0":"post-173675","1":"product","2":"type-product","3":"status-publish","4":"has-post-thumbnail","6":"product_cat-tasmy-uszczelniajace","7":"post","8":"post-with-thumbnail","9":"post-with-thumbnail-large","11":"first","12":"instock","13":"product-type-simple"},"yoast_head":"<!-- This site is optimized with the Yoast SEO plugin v27.3 - https:\/\/yoast.com\/product\/yoast-seo-wordpress\/ -->\n<title>BUTYL SEALING TAPE | HPX<\/title>\n<meta name=\"description\" content=\"Ta\u015bma uszczelniaj\u0105ca, jest odporna na wod\u0119, kurz oraz przeci\u0105g w trakcie jazdy autem lub przyczep\u0105 kempingow\u0105 (uszczelnienie chlapaczy, ram dekoracyjnych oraz drzwiowych), w domach (uszczelnienie \u015bwietlik\u00f3w, listew przypod\u0142ogowych, rynien i ram okien) oraz w \u0142odziach (uszczelnia przestrze\u0144 mi\u0119dzy elementami z metalu, drewna oraz plastiku) | Ta\u015bmy uszczelniaj\u0105ce | BUTYL SEALING TAPE | HPX\" \/>\n<meta name=\"robots\" content=\"index, follow, max-snippet:-1, max-image-preview:large, max-video-preview:-1\" \/>\n<link rel=\"canonical\" href=\"https:\/\/hpx.eu\/pl\/produkt\/butyl-sealing-tape-8000\/\" \/>\n<meta property=\"og:locale\" content=\"pl_PL\" \/>\n<meta property=\"og:type\" content=\"article\" \/>\n<meta property=\"og:title\" content=\"BUTYL SEALING TAPE | HPX\" \/>\n<meta property=\"og:description\" content=\"Ta\u015bma uszczelniaj\u0105ca, jest odporna na wod\u0119, kurz oraz przeci\u0105g w trakcie jazdy autem lub przyczep\u0105 kempingow\u0105 (uszczelnienie chlapaczy, ram dekoracyjnych oraz drzwiowych), w domach (uszczelnienie \u015bwietlik\u00f3w, listew przypod\u0142ogowych, rynien i ram okien) oraz w \u0142odziach (uszczelnia przestrze\u0144 mi\u0119dzy elementami z metalu, drewna oraz plastiku) | Ta\u015bmy uszczelniaj\u0105ce | BUTYL SEALING TAPE | HPX\" \/>\n<meta property=\"og:url\" content=\"https:\/\/hpx.eu\/pl\/produkt\/butyl-sealing-tape-8000\/\" \/>\n<meta property=\"og:site_name\" content=\"HPX\" \/>\n<meta property=\"article:publisher\" content=\"https:\/\/www.facebook.com\/HPXtape\/\" \/>\n<meta property=\"article:modified_time\" content=\"2025-07-14T08:15:31+00:00\" \/>\n<meta property=\"og:image\" content=\"https:\/\/hpx.eu\/wp-content\/uploads\/2018\/05\/BU2003-Butyl_sealing_tape-grey-20mm_x_3m-5425014223378.jpg\" \/>\n\t<meta property=\"og:image:width\" content=\"800\" \/>\n\t<meta property=\"og:image:height\" content=\"800\" \/>\n\t<meta property=\"og:image:type\" content=\"image\/jpeg\" \/>\n<meta name=\"twitter:card\" content=\"summary_large_image\" \/>\n<script type=\"application\/ld+json\" class=\"yoast-schema-graph\">{\"@context\":\"https:\\\/\\\/schema.org\",\"@graph\":[{\"@type\":\"WebPage\",\"@id\":\"https:\\\/\\\/hpx.eu\\\/pl\\\/produkt\\\/butyl-sealing-tape-8000\\\/\",\"url\":\"https:\\\/\\\/hpx.eu\\\/pl\\\/produkt\\\/butyl-sealing-tape-8000\\\/\",\"name\":\"BUTYL SEALING TAPE | HPX\",\"isPartOf\":{\"@id\":\"http:\\\/\\\/hpx.eu\\\/pl\\\/#website\"},\"primaryImageOfPage\":{\"@id\":\"https:\\\/\\\/hpx.eu\\\/pl\\\/produkt\\\/butyl-sealing-tape-8000\\\/#primaryimage\"},\"image\":{\"@id\":\"https:\\\/\\\/hpx.eu\\\/pl\\\/produkt\\\/butyl-sealing-tape-8000\\\/#primaryimage\"},\"thumbnailUrl\":\"https:\\\/\\\/hpx.eu\\\/wp-content\\\/uploads\\\/2020\\\/04\\\/BU2003-Butyl_sealing_tape-grey-20mm_x_3m-5425014223378-HPX.jpg\",\"datePublished\":\"2025-07-14T08:07:36+00:00\",\"dateModified\":\"2025-07-14T08:15:31+00:00\",\"description\":\"Ta\u015bma uszczelniaj\u0105ca, jest odporna na wod\u0119, kurz oraz przeci\u0105g w trakcie jazdy autem lub przyczep\u0105 kempingow\u0105 (uszczelnienie chlapaczy, ram dekoracyjnych oraz drzwiowych), w domach (uszczelnienie \u015bwietlik\u00f3w, listew przypod\u0142ogowych, rynien i ram okien) oraz w \u0142odziach (uszczelnia przestrze\u0144 mi\u0119dzy elementami z metalu, drewna oraz plastiku) | Ta\u015bmy uszczelniaj\u0105ce | BUTYL SEALING TAPE | HPX\",\"breadcrumb\":{\"@id\":\"https:\\\/\\\/hpx.eu\\\/pl\\\/produkt\\\/butyl-sealing-tape-8000\\\/#breadcrumb\"},\"inLanguage\":\"pl-PL\",\"potentialAction\":[{\"@type\":\"ReadAction\",\"target\":[\"https:\\\/\\\/hpx.eu\\\/pl\\\/produkt\\\/butyl-sealing-tape-8000\\\/\"]}]},{\"@type\":\"ImageObject\",\"inLanguage\":\"pl-PL\",\"@id\":\"https:\\\/\\\/hpx.eu\\\/pl\\\/produkt\\\/butyl-sealing-tape-8000\\\/#primaryimage\",\"url\":\"https:\\\/\\\/hpx.eu\\\/wp-content\\\/uploads\\\/2020\\\/04\\\/BU2003-Butyl_sealing_tape-grey-20mm_x_3m-5425014223378-HPX.jpg\",\"contentUrl\":\"https:\\\/\\\/hpx.eu\\\/wp-content\\\/uploads\\\/2020\\\/04\\\/BU2003-Butyl_sealing_tape-grey-20mm_x_3m-5425014223378-HPX.jpg\",\"width\":800,\"height\":800,\"caption\":\"BUTYL SEALING TAPE | HPX\"},{\"@type\":\"BreadcrumbList\",\"@id\":\"https:\\\/\\\/hpx.eu\\\/pl\\\/produkt\\\/butyl-sealing-tape-8000\\\/#breadcrumb\",\"itemListElement\":[{\"@type\":\"ListItem\",\"position\":1,\"name\":\"Startseite\",\"item\":\"http:\\\/\\\/hpx.eu\\\/pl\\\/\"},{\"@type\":\"ListItem\",\"position\":2,\"name\":\"Produkty\",\"item\":\"http:\\\/\\\/hpx.eu\\\/pl\\\/produkty\\\/\"},{\"@type\":\"ListItem\",\"position\":3,\"name\":\"BUTYL SEALING TAPE 8000\"}]},{\"@type\":\"WebSite\",\"@id\":\"http:\\\/\\\/hpx.eu\\\/pl\\\/#website\",\"url\":\"http:\\\/\\\/hpx.eu\\\/pl\\\/\",\"name\":\"HPX\",\"description\":\"Tough Job, Tougher Tape\",\"publisher\":{\"@id\":\"http:\\\/\\\/hpx.eu\\\/pl\\\/#organization\"},\"potentialAction\":[{\"@type\":\"SearchAction\",\"target\":{\"@type\":\"EntryPoint\",\"urlTemplate\":\"http:\\\/\\\/hpx.eu\\\/pl\\\/?s={search_term_string}\"},\"query-input\":{\"@type\":\"PropertyValueSpecification\",\"valueRequired\":true,\"valueName\":\"search_term_string\"}}],\"inLanguage\":\"pl-PL\"},{\"@type\":\"Organization\",\"@id\":\"http:\\\/\\\/hpx.eu\\\/pl\\\/#organization\",\"name\":\"Option Tape Specialties\",\"url\":\"http:\\\/\\\/hpx.eu\\\/pl\\\/\",\"logo\":{\"@type\":\"ImageObject\",\"inLanguage\":\"pl-PL\",\"@id\":\"http:\\\/\\\/hpx.eu\\\/pl\\\/#\\\/schema\\\/logo\\\/image\\\/\",\"url\":\"\",\"contentUrl\":\"\",\"caption\":\"Option Tape Specialties\"},\"image\":{\"@id\":\"http:\\\/\\\/hpx.eu\\\/pl\\\/#\\\/schema\\\/logo\\\/image\\\/\"},\"sameAs\":[\"https:\\\/\\\/www.facebook.com\\\/HPXtape\\\/\",\"https:\\\/\\\/www.linkedin.com\\\/company\\\/2913311\\\/\",\"https:\\\/\\\/www.youtube.com\\\/channel\\\/UCCYnFjBGfKw8SPW1hMUCVFg\"]}]}<\/script>\n<!-- \/ Yoast SEO plugin. -->","yoast_head_json":{"title":"BUTYL SEALING TAPE | HPX","description":"Ta\u015bma uszczelniaj\u0105ca, jest odporna na wod\u0119, kurz oraz przeci\u0105g w trakcie jazdy autem lub przyczep\u0105 kempingow\u0105 (uszczelnienie chlapaczy, ram dekoracyjnych oraz drzwiowych), w domach (uszczelnienie \u015bwietlik\u00f3w, listew przypod\u0142ogowych, rynien i ram okien) oraz w \u0142odziach (uszczelnia przestrze\u0144 mi\u0119dzy elementami z metalu, drewna oraz plastiku) | Ta\u015bmy uszczelniaj\u0105ce | BUTYL SEALING TAPE | HPX","robots":{"index":"index","follow":"follow","max-snippet":"max-snippet:-1","max-image-preview":"max-image-preview:large","max-video-preview":"max-video-preview:-1"},"canonical":"https:\/\/hpx.eu\/pl\/produkt\/butyl-sealing-tape-8000\/","og_locale":"pl_PL","og_type":"article","og_title":"BUTYL SEALING TAPE | HPX","og_description":"Ta\u015bma uszczelniaj\u0105ca, jest odporna na wod\u0119, kurz oraz przeci\u0105g w trakcie jazdy autem lub przyczep\u0105 kempingow\u0105 (uszczelnienie chlapaczy, ram dekoracyjnych oraz drzwiowych), w domach (uszczelnienie \u015bwietlik\u00f3w, listew przypod\u0142ogowych, rynien i ram okien) oraz w \u0142odziach (uszczelnia przestrze\u0144 mi\u0119dzy elementami z metalu, drewna oraz plastiku) | Ta\u015bmy uszczelniaj\u0105ce | BUTYL SEALING TAPE | HPX","og_url":"https:\/\/hpx.eu\/pl\/produkt\/butyl-sealing-tape-8000\/","og_site_name":"HPX","article_publisher":"https:\/\/www.facebook.com\/HPXtape\/","article_modified_time":"2025-07-14T08:15:31+00:00","og_image":[{"width":800,"height":800,"url":"https:\/\/hpx.eu\/wp-content\/uploads\/2018\/05\/BU2003-Butyl_sealing_tape-grey-20mm_x_3m-5425014223378.jpg","type":"image\/jpeg"}],"twitter_card":"summary_large_image","schema":{"@context":"https:\/\/schema.org","@graph":[{"@type":"WebPage","@id":"https:\/\/hpx.eu\/pl\/produkt\/butyl-sealing-tape-8000\/","url":"https:\/\/hpx.eu\/pl\/produkt\/butyl-sealing-tape-8000\/","name":"BUTYL SEALING TAPE | HPX","isPartOf":{"@id":"https:\/\/hpx.eu\/pl\/#website"},"primaryImageOfPage":{"@id":"https:\/\/hpx.eu\/pl\/produkt\/butyl-sealing-tape-8000\/#primaryimage"},"image":{"@id":"https:\/\/hpx.eu\/pl\/produkt\/butyl-sealing-tape-8000\/#primaryimage"},"thumbnailUrl":"https:\/\/hpx.eu\/wp-content\/uploads\/2020\/04\/BU2003-Butyl_sealing_tape-grey-20mm_x_3m-5425014223378-HPX.jpg","datePublished":"2025-07-14T08:07:36+00:00","dateModified":"2025-07-14T08:15:31+00:00","description":"Ta\u015bma uszczelniaj\u0105ca, jest odporna na wod\u0119, kurz oraz przeci\u0105g w trakcie jazdy autem lub przyczep\u0105 kempingow\u0105 (uszczelnienie chlapaczy, ram dekoracyjnych oraz drzwiowych), w domach (uszczelnienie \u015bwietlik\u00f3w, listew przypod\u0142ogowych, rynien i ram okien) oraz w \u0142odziach (uszczelnia przestrze\u0144 mi\u0119dzy elementami z metalu, drewna oraz plastiku) | Ta\u015bmy uszczelniaj\u0105ce | BUTYL SEALING TAPE | HPX","breadcrumb":{"@id":"https:\/\/hpx.eu\/pl\/produkt\/butyl-sealing-tape-8000\/#breadcrumb"},"inLanguage":"pl-PL","potentialAction":[{"@type":"ReadAction","target":["https:\/\/hpx.eu\/pl\/produkt\/butyl-sealing-tape-8000\/"]}]},{"@type":"ImageObject","inLanguage":"pl-PL","@id":"https:\/\/hpx.eu\/pl\/produkt\/butyl-sealing-tape-8000\/#primaryimage","url":"https:\/\/hpx.eu\/wp-content\/uploads\/2020\/04\/BU2003-Butyl_sealing_tape-grey-20mm_x_3m-5425014223378-HPX.jpg","contentUrl":"https:\/\/hpx.eu\/wp-content\/uploads\/2020\/04\/BU2003-Butyl_sealing_tape-grey-20mm_x_3m-5425014223378-HPX.jpg","width":800,"height":800,"caption":"BUTYL SEALING TAPE | HPX"},{"@type":"BreadcrumbList","@id":"https:\/\/hpx.eu\/pl\/produkt\/butyl-sealing-tape-8000\/#breadcrumb","itemListElement":[{"@type":"ListItem","position":1,"name":"Startseite","item":"https:\/\/hpx.eu\/pl\/"},{"@type":"ListItem","position":2,"name":"Produkty","item":"https:\/\/hpx.eu\/pl\/produkty\/"},{"@type":"ListItem","position":3,"name":"BUTYL SEALING TAPE 8000"}]},{"@type":"WebSite","@id":"https:\/\/hpx.eu\/pl\/#website","url":"https:\/\/hpx.eu\/pl\/","name":"HPX","description":"Tough Job, Tougher Tape","publisher":{"@id":"https:\/\/hpx.eu\/pl\/#organization"},"potentialAction":[{"@type":"SearchAction","target":{"@type":"EntryPoint","urlTemplate":"https:\/\/hpx.eu\/pl\/?s={search_term_string}"},"query-input":{"@type":"PropertyValueSpecification","valueRequired":true,"valueName":"search_term_string"}}],"inLanguage":"pl-PL"},{"@type":"Organization","@id":"https:\/\/hpx.eu\/pl\/#organization","name":"Option Tape Specialties","url":"https:\/\/hpx.eu\/pl\/","logo":{"@type":"ImageObject","inLanguage":"pl-PL","@id":"https:\/\/hpx.eu\/pl\/#\/schema\/logo\/image\/","url":"","contentUrl":"","caption":"Option Tape Specialties"},"image":{"@id":"https:\/\/hpx.eu\/pl\/#\/schema\/logo\/image\/"},"sameAs":["https:\/\/www.facebook.com\/HPXtape\/","https:\/\/www.linkedin.com\/company\/2913311\/","https:\/\/www.youtube.com\/channel\/UCCYnFjBGfKw8SPW1hMUCVFg"]}]}},"_links":{"self":[{"href":"https:\/\/hpx.eu\/pl\/wp-json\/wp\/v2\/product\/173675","targetHints":{"allow":["GET"]}}],"collection":[{"href":"https:\/\/hpx.eu\/pl\/wp-json\/wp\/v2\/product"}],"about":[{"href":"https:\/\/hpx.eu\/pl\/wp-json\/wp\/v2\/types\/product"}],"replies":[{"embeddable":true,"href":"https:\/\/hpx.eu\/pl\/wp-json\/wp\/v2\/comments?post=173675"}],"wp:featuredmedia":[{"embeddable":true,"href":"https:\/\/hpx.eu\/pl\/wp-json\/wp\/v2\/media\/92221"}],"wp:attachment":[{"href":"https:\/\/hpx.eu\/pl\/wp-json\/wp\/v2\/media?parent=173675"}],"wp:term":[{"taxonomy":"product_brand","embeddable":true,"href":"https:\/\/hpx.eu\/pl\/wp-json\/wp\/v2\/product_brand?post=173675"},{"taxonomy":"product_cat","embeddable":true,"href":"https:\/\/hpx.eu\/pl\/wp-json\/wp\/v2\/product_cat?post=173675"},{"taxonomy":"product_tag","embeddable":true,"href":"https:\/\/hpx.eu\/pl\/wp-json\/wp\/v2\/product_tag?post=173675"}],"curies":[{"name":"wp","href":"https:\/\/api.w.org\/{rel}","templated":true}]}}