{"id":53601,"date":"2019-07-25T11:40:24","date_gmt":"2019-07-25T09:40:24","guid":{"rendered":"https:\/\/hpx.eu\/?page_id=53601"},"modified":"2019-08-06T09:02:24","modified_gmt":"2019-08-06T07:02:24","slug":"kontakt","status":"publish","type":"page","link":"https:\/\/hpx.eu\/pl\/kontakt\/","title":{"rendered":"Kontakt"},"content":{"rendered":"<h1>Skontaktuj si<span class=\"special_character\">\u0119<\/span> z nami<\/h1>\n<div class=\"contact_left\">\n<h2>HPX<\/h2>\n<p>Frankrijkstraat 8<br \/>\n9140 Temse<br \/>\nBelgia<br \/>\nT 0032 3 710 19 19<br \/>\nF 0032 3 711 34 64<br \/>\n<a href=\"mailto:info@hpx.eu\">info@hpx.eu<\/a><\/p>\n<p><a href=\"https:\/\/goo.gl\/maps\/kCUKtJZYik32\" target=\"_blank\" rel=\"noopener noreferrer\"><img loading=\"lazy\" decoding=\"async\" src=\"https:\/\/hpx.eu\/wp-content\/uploads\/2017\/06\/contact_map.png\" alt=\"\" width=\"270\" height=\"330\" class=\"alignnone size-full wp-image-16333\" srcset=\"https:\/\/hpx.eu\/wp-content\/uploads\/2017\/06\/contact_map.png 270w, https:\/\/hpx.eu\/wp-content\/uploads\/2017\/06\/contact_map-245x300.png 245w\" sizes=\"auto, (max-width: 270px) 100vw, 270px\" \/><\/a><\/p>\n<\/div>\n<div class=\"contact_right\">\n<span>Aby uzyska\u0107 wi\u0119cej informacji na temat naszych produkt\u00f3w lub us\u0142ug, prosimy o wype\u0142nienie formularza. Skontaktujemy si\u0119 z Tob\u0105 tak szybko, jak to tylko mo\u017cliwe.<\/span><br \/>\n\n<div class=\"wpcf7 no-js\" id=\"wpcf7-f53603-o1\" lang=\"en-US\" dir=\"ltr\" data-wpcf7-id=\"53603\">\n<div class=\"screen-reader-response\"><p role=\"status\" aria-live=\"polite\" aria-atomic=\"true\"><\/p> <ul><\/ul><\/div>\n<form action=\"\/pl\/wp-json\/wp\/v2\/pages\/53601#wpcf7-f53603-o1\" method=\"post\" class=\"wpcf7-form init\" aria-label=\"Contact form\" novalidate=\"novalidate\" data-status=\"init\">\n<fieldset class=\"hidden-fields-container\"><input type=\"hidden\" name=\"_wpcf7\" value=\"53603\" \/><input type=\"hidden\" name=\"_wpcf7_version\" value=\"6.1.5\" \/><input type=\"hidden\" name=\"_wpcf7_locale\" value=\"en_US\" \/><input type=\"hidden\" name=\"_wpcf7_unit_tag\" value=\"wpcf7-f53603-o1\" \/><input type=\"hidden\" name=\"_wpcf7_container_post\" value=\"0\" \/><input type=\"hidden\" name=\"_wpcf7_posted_data_hash\" value=\"\" \/>\n<\/fieldset>\n<div class=\"wpcf7-turnstile cf-turnstile\" data-sitekey=\"0x4AAAAAAB16H8LgtTcRk7N2\" data-response-field-name=\"_wpcf7_turnstile_response\"><\/div>\n\n<p><br \/>\n<label>Imi\u0119 i nazwisko: *<\/label><span><i class=\"fa fa-user\" aria-hidden=\"true\"><\/i><span class=\"wpcf7-form-control-wrap\" data-name=\"HPX-Naam\"><input size=\"40\" maxlength=\"400\" class=\"wpcf7-form-control wpcf7-text wpcf7-validates-as-required\" aria-required=\"true\" aria-invalid=\"false\" value=\"\" type=\"text\" name=\"HPX-Naam\" \/><\/span><\/span>\n<\/p>\n<p><br \/>\n<label>Nazwa firmy: *<\/label><span><i class=\"fa fa-industry\" aria-hidden=\"true\"><\/i><span class=\"wpcf7-form-control-wrap\" data-name=\"HPX-Bedrijf\"><input size=\"40\" maxlength=\"400\" class=\"wpcf7-form-control wpcf7-text wpcf7-validates-as-required\" aria-required=\"true\" aria-invalid=\"false\" value=\"\" type=\"text\" name=\"HPX-Bedrijf\" \/><\/span><\/span>\n<\/p>\n<p><br \/>\n<label>Adres e-mail: *<\/label><span><i class=\"fa fa-envelope\" aria-hidden=\"true\"><\/i><span class=\"wpcf7-form-control-wrap\" data-name=\"HPX-Email\"><input size=\"40\" maxlength=\"400\" class=\"wpcf7-form-control wpcf7-email wpcf7-validates-as-required wpcf7-text wpcf7-validates-as-email\" aria-required=\"true\" aria-invalid=\"false\" value=\"\" type=\"email\" name=\"HPX-Email\" \/><\/span><\/span>\n<\/p>\n<p><br \/>\n<label>Strona internetowa:<\/label><span><i class=\"fa fa-globe\" aria-hidden=\"true\"><\/i><span class=\"wpcf7-form-control-wrap\" data-name=\"website\"><input size=\"40\" maxlength=\"400\" class=\"wpcf7-form-control wpcf7-text\" aria-invalid=\"false\" value=\"\" type=\"text\" name=\"website\" \/><\/span><\/span>\n<\/p>\n<p><br \/>\n<label>Nr telefonu: *<\/label><span><i class=\"fa fa-phone\" aria-hidden=\"true\"><\/i><span class=\"wpcf7-form-control-wrap\" data-name=\"HPX-Tel\"><input size=\"40\" maxlength=\"400\" class=\"wpcf7-form-control wpcf7-tel wpcf7-validates-as-required wpcf7-text wpcf7-validates-as-tel\" aria-required=\"true\" aria-invalid=\"false\" value=\"\" type=\"tel\" name=\"HPX-Tel\" \/><\/span><\/span>\n<\/p>\n<p><br \/>\n<label>Temat: *<\/label><span id=\"HPX-radio\"><span class=\"wpcf7-form-control-wrap\" data-name=\"HPX-Onderwerp\"><span class=\"wpcf7-form-control wpcf7-radio\"><span class=\"wpcf7-list-item first\"><label><input type=\"radio\" name=\"HPX-Onderwerp\" value=\"Oferta cenowa\" checked=\"checked\" \/><span class=\"wpcf7-list-item-label\">Oferta cenowa<\/span><\/label><\/span><span class=\"wpcf7-list-item\"><label><input type=\"radio\" name=\"HPX-Onderwerp\" value=\"Promocje\" \/><span class=\"wpcf7-list-item-label\">Promocje<\/span><\/label><\/span><span class=\"wpcf7-list-item\"><label><input type=\"radio\" name=\"HPX-Onderwerp\" value=\"Informacje o produkcie\" \/><span class=\"wpcf7-list-item-label\">Informacje o produkcie<\/span><\/label><\/span><span class=\"wpcf7-list-item\"><label><input type=\"radio\" name=\"HPX-Onderwerp\" value=\"Karta techniczna produktu\" \/><span class=\"wpcf7-list-item-label\">Karta techniczna produktu<\/span><\/label><\/span><span class=\"wpcf7-list-item last\"><label><input type=\"radio\" name=\"HPX-Onderwerp\" value=\"Inny\" \/><span class=\"wpcf7-list-item-label\">Inny<\/span><\/label><\/span><\/span><\/span><\/span>\n<\/p>\n<p><br \/>\n<label>Pytania<br \/>\nuwagi: *<\/label><span><span class=\"wpcf7-form-control-wrap\" data-name=\"HPX-Boodschap\"><textarea cols=\"40\" rows=\"10\" maxlength=\"2000\" class=\"wpcf7-form-control wpcf7-textarea wpcf7-validates-as-required\" aria-required=\"true\" aria-invalid=\"false\" name=\"HPX-Boodschap\"><\/textarea><\/span><\/span>\n<\/p>\n<p>[recaptcha]\n<\/p>\n<p><br \/>\n<label>&nbsp;<\/label><span class=\"wpcf7-form-control-wrap\" data-name=\"GDPR\"><span class=\"wpcf7-form-control wpcf7-checkbox wpcf7-validates-as-required\"><span class=\"wpcf7-list-item first last\"><input type=\"checkbox\" name=\"GDPR[]\" value=\"Zapozna\u0142em(-am) si\u0119 z\" \/><span class=\"wpcf7-list-item-label\">Zapozna\u0142em(-am) si\u0119 z<\/span><\/span><\/span><\/span><a href=https:\/\/hpx.eu\/en\/privacy\/>Polityk\u0105 prywatno\u015bci <\/a>i wyra\u017cam na ni\u0105 zgod\u0119*.\n<\/p>\n<p><input class=\"wpcf7-form-control wpcf7-submit has-spinner\" type=\"submit\" value=\"Zatwierd\u017a\" \/><br \/>\n<i class=\"fa fa-paper-plane\" aria-hidden=\"true\"><\/i>\n<\/p><div class=\"wpcf7-response-output\" aria-hidden=\"true\"><\/div>\n<\/form>\n<\/div>\n<\/p>\n<p class=\"verplicht\">* Wymagane pole<\/p>\n<\/div>\n","protected":false},"excerpt":{"rendered":"<p>Skontaktuj si\u0119 z nami HPX Frankrijkstraat 8 9140 Temse Belgia T 0032 3 710 19 19 F 0032 3 711 34 64 info@hpx.eu Aby uzyska\u0107 wi\u0119cej informacji na temat naszych produkt\u00f3w lub us\u0142ug, prosimy o wype\u0142nienie formularza. Skontaktujemy si\u0119 z Tob\u0105 tak szybko, jak to tylko mo\u017cliwe. * Wymagane pole<\/p>\n","protected":false},"author":1,"featured_media":0,"parent":0,"menu_order":0,"comment_status":"closed","ping_status":"closed","template":"","meta":{"_exactmetrics_skip_tracking":false,"_exactmetrics_sitenote_active":false,"_exactmetrics_sitenote_note":"","_exactmetrics_sitenote_category":0,"_monsterinsights_skip_tracking":false,"_monsterinsights_sitenote_active":false,"_monsterinsights_sitenote_note":"","_monsterinsights_sitenote_category":0,"_themeisle_gutenberg_block_has_review":false,"footnotes":""},"class_list":["post-53601","page","type-page","status-publish","hentry","post"],"yoast_head":"<!-- This site is optimized with the Yoast SEO plugin v27.3 - https:\/\/yoast.com\/product\/yoast-seo-wordpress\/ -->\n<title>Kontakt - HPX<\/title>\n<meta name=\"robots\" content=\"index, follow, max-snippet:-1, max-image-preview:large, max-video-preview:-1\" \/>\n<link rel=\"canonical\" href=\"https:\/\/hpx.eu\/pl\/kontakt\/\" \/>\n<meta property=\"og:locale\" content=\"pl_PL\" \/>\n<meta property=\"og:type\" content=\"article\" \/>\n<meta property=\"og:title\" content=\"Kontakt - HPX\" \/>\n<meta property=\"og:description\" content=\"Skontaktuj si\u0119 z nami HPX Frankrijkstraat 8 9140 Temse Belgia T 0032 3 710 19 19 F 0032 3 711 34 64 info@hpx.eu Aby uzyska\u0107 wi\u0119cej informacji na temat naszych produkt\u00f3w lub us\u0142ug, prosimy o wype\u0142nienie formularza. Skontaktujemy si\u0119 z Tob\u0105 tak szybko, jak to tylko mo\u017cliwe. * Wymagane pole\" \/>\n<meta property=\"og:url\" content=\"https:\/\/hpx.eu\/pl\/kontakt\/\" \/>\n<meta property=\"og:site_name\" content=\"HPX\" \/>\n<meta property=\"article:publisher\" content=\"https:\/\/www.facebook.com\/HPXtape\/\" \/>\n<meta property=\"article:modified_time\" content=\"2019-08-06T07:02:24+00:00\" \/>\n<meta property=\"og:image\" content=\"https:\/\/hpx.eu\/wp-content\/uploads\/2017\/06\/contact_map.png\" \/>\n<meta name=\"twitter:card\" content=\"summary_large_image\" \/>\n<script type=\"application\/ld+json\" class=\"yoast-schema-graph\">{\"@context\":\"https:\\\/\\\/schema.org\",\"@graph\":[{\"@type\":\"WebPage\",\"@id\":\"https:\\\/\\\/hpx.eu\\\/pl\\\/kontakt\\\/\",\"url\":\"https:\\\/\\\/hpx.eu\\\/pl\\\/kontakt\\\/\",\"name\":\"Kontakt - HPX\",\"isPartOf\":{\"@id\":\"http:\\\/\\\/hpx.eu\\\/pl\\\/#website\"},\"primaryImageOfPage\":{\"@id\":\"https:\\\/\\\/hpx.eu\\\/pl\\\/kontakt\\\/#primaryimage\"},\"image\":{\"@id\":\"https:\\\/\\\/hpx.eu\\\/pl\\\/kontakt\\\/#primaryimage\"},\"thumbnailUrl\":\"http:\\\/\\\/hpx.eu\\\/wp-content\\\/uploads\\\/2017\\\/06\\\/contact_map.png\",\"datePublished\":\"2019-07-25T09:40:24+00:00\",\"dateModified\":\"2019-08-06T07:02:24+00:00\",\"breadcrumb\":{\"@id\":\"https:\\\/\\\/hpx.eu\\\/pl\\\/kontakt\\\/#breadcrumb\"},\"inLanguage\":\"pl-PL\",\"potentialAction\":[{\"@type\":\"ReadAction\",\"target\":[\"https:\\\/\\\/hpx.eu\\\/pl\\\/kontakt\\\/\"]}]},{\"@type\":\"ImageObject\",\"inLanguage\":\"pl-PL\",\"@id\":\"https:\\\/\\\/hpx.eu\\\/pl\\\/kontakt\\\/#primaryimage\",\"url\":\"http:\\\/\\\/hpx.eu\\\/wp-content\\\/uploads\\\/2017\\\/06\\\/contact_map.png\",\"contentUrl\":\"http:\\\/\\\/hpx.eu\\\/wp-content\\\/uploads\\\/2017\\\/06\\\/contact_map.png\"},{\"@type\":\"BreadcrumbList\",\"@id\":\"https:\\\/\\\/hpx.eu\\\/pl\\\/kontakt\\\/#breadcrumb\",\"itemListElement\":[{\"@type\":\"ListItem\",\"position\":1,\"name\":\"Startseite\",\"item\":\"http:\\\/\\\/hpx.eu\\\/pl\\\/\"},{\"@type\":\"ListItem\",\"position\":2,\"name\":\"Kontakt\"}]},{\"@type\":\"WebSite\",\"@id\":\"http:\\\/\\\/hpx.eu\\\/pl\\\/#website\",\"url\":\"http:\\\/\\\/hpx.eu\\\/pl\\\/\",\"name\":\"HPX\",\"description\":\"Tough Job, Tougher Tape\",\"publisher\":{\"@id\":\"http:\\\/\\\/hpx.eu\\\/pl\\\/#organization\"},\"potentialAction\":[{\"@type\":\"SearchAction\",\"target\":{\"@type\":\"EntryPoint\",\"urlTemplate\":\"http:\\\/\\\/hpx.eu\\\/pl\\\/?s={search_term_string}\"},\"query-input\":{\"@type\":\"PropertyValueSpecification\",\"valueRequired\":true,\"valueName\":\"search_term_string\"}}],\"inLanguage\":\"pl-PL\"},{\"@type\":\"Organization\",\"@id\":\"http:\\\/\\\/hpx.eu\\\/pl\\\/#organization\",\"name\":\"Option Tape Specialties\",\"url\":\"http:\\\/\\\/hpx.eu\\\/pl\\\/\",\"logo\":{\"@type\":\"ImageObject\",\"inLanguage\":\"pl-PL\",\"@id\":\"http:\\\/\\\/hpx.eu\\\/pl\\\/#\\\/schema\\\/logo\\\/image\\\/\",\"url\":\"\",\"contentUrl\":\"\",\"caption\":\"Option Tape Specialties\"},\"image\":{\"@id\":\"http:\\\/\\\/hpx.eu\\\/pl\\\/#\\\/schema\\\/logo\\\/image\\\/\"},\"sameAs\":[\"https:\\\/\\\/www.facebook.com\\\/HPXtape\\\/\",\"https:\\\/\\\/www.linkedin.com\\\/company\\\/2913311\\\/\",\"https:\\\/\\\/www.youtube.com\\\/channel\\\/UCCYnFjBGfKw8SPW1hMUCVFg\"]}]}<\/script>\n<!-- \/ Yoast SEO plugin. -->","yoast_head_json":{"title":"Kontakt - HPX","robots":{"index":"index","follow":"follow","max-snippet":"max-snippet:-1","max-image-preview":"max-image-preview:large","max-video-preview":"max-video-preview:-1"},"canonical":"https:\/\/hpx.eu\/pl\/kontakt\/","og_locale":"pl_PL","og_type":"article","og_title":"Kontakt - HPX","og_description":"Skontaktuj si\u0119 z nami HPX Frankrijkstraat 8 9140 Temse Belgia T 0032 3 710 19 19 F 0032 3 711 34 64 info@hpx.eu Aby uzyska\u0107 wi\u0119cej informacji na temat naszych produkt\u00f3w lub us\u0142ug, prosimy o wype\u0142nienie formularza. Skontaktujemy si\u0119 z Tob\u0105 tak szybko, jak to tylko mo\u017cliwe. * Wymagane pole","og_url":"https:\/\/hpx.eu\/pl\/kontakt\/","og_site_name":"HPX","article_publisher":"https:\/\/www.facebook.com\/HPXtape\/","article_modified_time":"2019-08-06T07:02:24+00:00","og_image":[{"url":"https:\/\/hpx.eu\/wp-content\/uploads\/2017\/06\/contact_map.png","type":"","width":"","height":""}],"twitter_card":"summary_large_image","schema":{"@context":"https:\/\/schema.org","@graph":[{"@type":"WebPage","@id":"https:\/\/hpx.eu\/pl\/kontakt\/","url":"https:\/\/hpx.eu\/pl\/kontakt\/","name":"Kontakt - HPX","isPartOf":{"@id":"https:\/\/hpx.eu\/pl\/#website"},"primaryImageOfPage":{"@id":"https:\/\/hpx.eu\/pl\/kontakt\/#primaryimage"},"image":{"@id":"https:\/\/hpx.eu\/pl\/kontakt\/#primaryimage"},"thumbnailUrl":"https:\/\/hpx.eu\/wp-content\/uploads\/2017\/06\/contact_map.png","datePublished":"2019-07-25T09:40:24+00:00","dateModified":"2019-08-06T07:02:24+00:00","breadcrumb":{"@id":"https:\/\/hpx.eu\/pl\/kontakt\/#breadcrumb"},"inLanguage":"pl-PL","potentialAction":[{"@type":"ReadAction","target":["https:\/\/hpx.eu\/pl\/kontakt\/"]}]},{"@type":"ImageObject","inLanguage":"pl-PL","@id":"https:\/\/hpx.eu\/pl\/kontakt\/#primaryimage","url":"https:\/\/hpx.eu\/wp-content\/uploads\/2017\/06\/contact_map.png","contentUrl":"https:\/\/hpx.eu\/wp-content\/uploads\/2017\/06\/contact_map.png"},{"@type":"BreadcrumbList","@id":"https:\/\/hpx.eu\/pl\/kontakt\/#breadcrumb","itemListElement":[{"@type":"ListItem","position":1,"name":"Startseite","item":"https:\/\/hpx.eu\/pl\/"},{"@type":"ListItem","position":2,"name":"Kontakt"}]},{"@type":"WebSite","@id":"https:\/\/hpx.eu\/pl\/#website","url":"https:\/\/hpx.eu\/pl\/","name":"HPX","description":"Tough Job, Tougher Tape","publisher":{"@id":"https:\/\/hpx.eu\/pl\/#organization"},"potentialAction":[{"@type":"SearchAction","target":{"@type":"EntryPoint","urlTemplate":"https:\/\/hpx.eu\/pl\/?s={search_term_string}"},"query-input":{"@type":"PropertyValueSpecification","valueRequired":true,"valueName":"search_term_string"}}],"inLanguage":"pl-PL"},{"@type":"Organization","@id":"https:\/\/hpx.eu\/pl\/#organization","name":"Option Tape Specialties","url":"https:\/\/hpx.eu\/pl\/","logo":{"@type":"ImageObject","inLanguage":"pl-PL","@id":"https:\/\/hpx.eu\/pl\/#\/schema\/logo\/image\/","url":"","contentUrl":"","caption":"Option Tape Specialties"},"image":{"@id":"https:\/\/hpx.eu\/pl\/#\/schema\/logo\/image\/"},"sameAs":["https:\/\/www.facebook.com\/HPXtape\/","https:\/\/www.linkedin.com\/company\/2913311\/","https:\/\/www.youtube.com\/channel\/UCCYnFjBGfKw8SPW1hMUCVFg"]}]}},"_links":{"self":[{"href":"https:\/\/hpx.eu\/pl\/wp-json\/wp\/v2\/pages\/53601","targetHints":{"allow":["GET"]}}],"collection":[{"href":"https:\/\/hpx.eu\/pl\/wp-json\/wp\/v2\/pages"}],"about":[{"href":"https:\/\/hpx.eu\/pl\/wp-json\/wp\/v2\/types\/page"}],"author":[{"embeddable":true,"href":"https:\/\/hpx.eu\/pl\/wp-json\/wp\/v2\/users\/1"}],"replies":[{"embeddable":true,"href":"https:\/\/hpx.eu\/pl\/wp-json\/wp\/v2\/comments?post=53601"}],"version-history":[{"count":2,"href":"https:\/\/hpx.eu\/pl\/wp-json\/wp\/v2\/pages\/53601\/revisions"}],"predecessor-version":[{"id":54311,"href":"https:\/\/hpx.eu\/pl\/wp-json\/wp\/v2\/pages\/53601\/revisions\/54311"}],"wp:attachment":[{"href":"https:\/\/hpx.eu\/pl\/wp-json\/wp\/v2\/media?parent=53601"}],"curies":[{"name":"wp","href":"https:\/\/api.w.org\/{rel}","templated":true}]}}