{"id":53595,"date":"2019-07-25T11:31:02","date_gmt":"2019-07-25T09:31:02","guid":{"rendered":"https:\/\/hpx.eu\/?page_id=53595"},"modified":"2023-01-12T14:53:33","modified_gmt":"2023-01-12T13:53:33","slug":"p-o-s","status":"publish","type":"page","link":"https:\/\/hpx.eu\/pl\/p-o-s\/","title":{"rendered":"P.O.S."},"content":{"rendered":"<p>Firma HPX wykorzystuje szeroki zakres mo\u017cliwo\u015b\u0107 POS (tak\u017ce POSM; materia\u0142y wspieraj\u0105ce sprzeda\u017c).<br \/>\nUdowodniono, \u017ce sprzeda\u017c przy wykorzystaniu POS oraz sprzeda\u017c wi\u0105zana maj\u0105 po\u017c\u0105dany wp\u0142yw na zachowanie konsumenta. Takie metody zwi\u0119kszaj\u0105 widoczno\u015b\u0107 marki HPX oraz stymuluj\u0105 zakupy pod wp\u0142ywem impulsu.<\/p>\n<p>Za pomoc\u0105 sprzeda\u017cy wi\u0105zanej sprzedasz wi\u0119cej produkt\u00f3w HPX, umieszczaj\u0105c je w miejscu z produktami powi\u0105zanymi \u2013 poza zasi\u0119giem rega\u0142u z ta\u015bmami. Taka strategia pomaga r\u00f3wnie\u017c klientowi w odnalezieniu w\u0142a\u015bciwej kombinacji produktowej dla jego zadania.<\/p>\n<p>Za pomoc\u0105 tej strony mo\u017cesz zawsze skonsultowa\u0107 si\u0119 w sprawie najnowszej aktualizacji dotycz\u0105cej mo\u017cliwo\u015bci POS firmy HPX. Je\u015bli chcesz uzyska\u0107 wi\u0119cej informacji, <a href=\"..\/kontakt\">jeste\u015bmy do dyspozycji<\/a>.<\/p>\n<h2>Katalog P.O.S.<\/h2>\n<div class=\"ThreeCol promo\"><a href=\"https:\/\/drive.google.com\/file\/d\/1Y7fHSfWSPBNQLefsKgBdioG4C6i6_uQt\/view?usp=sharing\" target=\"_blank\" rel=\"noopener noreferrer\"><br \/>\n<\/a><a href=\"https:\/\/drive.google.com\/file\/d\/1Y7fHSfWSPBNQLefsKgBdioG4C6i6_uQt\/view?usp=sharing\" target=\"_blank\" rel=\"noopener noreferrer\"><img loading=\"lazy\" decoding=\"async\" class=\"alignnone\" src=\"https:\/\/hpx.eu\/wp-content\/uploads\/2021\/02\/POS_Catalog.jpg\" alt=\"\" width=\"300\" height=\"658\"><\/a><\/p>\n<div class=\"full_screen\"><\/div>\n<\/div>\n","protected":false},"excerpt":{"rendered":"<p>Firma HPX wykorzystuje szeroki zakres mo\u017cliwo\u015b\u0107 POS (tak\u017ce POSM; materia\u0142y wspieraj\u0105ce sprzeda\u017c). Udowodniono, \u017ce sprzeda\u017c przy wykorzystaniu POS oraz sprzeda\u017c wi\u0105zana maj\u0105 po\u017c\u0105dany wp\u0142yw na zachowanie konsumenta. Takie metody zwi\u0119kszaj\u0105 widoczno\u015b\u0107 marki HPX oraz stymuluj\u0105 zakupy pod wp\u0142ywem impulsu. Za pomoc\u0105 sprzeda\u017cy wi\u0105zanej sprzedasz wi\u0119cej produkt\u00f3w HPX, umieszczaj\u0105c je w miejscu z produktami powi\u0105zanymi \u2013 [&hellip;]<\/p>\n","protected":false},"author":1,"featured_media":0,"parent":0,"menu_order":0,"comment_status":"closed","ping_status":"closed","template":"","meta":{"_exactmetrics_skip_tracking":false,"_exactmetrics_sitenote_active":false,"_exactmetrics_sitenote_note":"","_exactmetrics_sitenote_category":0,"_monsterinsights_skip_tracking":false,"_monsterinsights_sitenote_active":false,"_monsterinsights_sitenote_note":"","_monsterinsights_sitenote_category":0,"_themeisle_gutenberg_block_has_review":false,"footnotes":""},"class_list":["post-53595","page","type-page","status-publish","hentry","post"],"yoast_head":"<!-- This site is optimized with the Yoast SEO plugin v27.3 - https:\/\/yoast.com\/product\/yoast-seo-wordpress\/ -->\n<title>P.O.S. - HPX<\/title>\n<meta name=\"robots\" content=\"index, follow, max-snippet:-1, max-image-preview:large, max-video-preview:-1\" \/>\n<link rel=\"canonical\" href=\"https:\/\/hpx.eu\/pl\/p-o-s\/\" \/>\n<meta property=\"og:locale\" content=\"pl_PL\" \/>\n<meta property=\"og:type\" content=\"article\" \/>\n<meta property=\"og:title\" content=\"P.O.S. - HPX\" \/>\n<meta property=\"og:description\" content=\"Firma HPX wykorzystuje szeroki zakres mo\u017cliwo\u015b\u0107 POS (tak\u017ce POSM; materia\u0142y wspieraj\u0105ce sprzeda\u017c). Udowodniono, \u017ce sprzeda\u017c przy wykorzystaniu POS oraz sprzeda\u017c wi\u0105zana maj\u0105 po\u017c\u0105dany wp\u0142yw na zachowanie konsumenta. Takie metody zwi\u0119kszaj\u0105 widoczno\u015b\u0107 marki HPX oraz stymuluj\u0105 zakupy pod wp\u0142ywem impulsu. Za pomoc\u0105 sprzeda\u017cy wi\u0105zanej sprzedasz wi\u0119cej produkt\u00f3w HPX, umieszczaj\u0105c je w miejscu z produktami powi\u0105zanymi \u2013 [&hellip;]\" \/>\n<meta property=\"og:url\" content=\"https:\/\/hpx.eu\/pl\/p-o-s\/\" \/>\n<meta property=\"og:site_name\" content=\"HPX\" \/>\n<meta property=\"article:publisher\" content=\"https:\/\/www.facebook.com\/HPXtape\/\" \/>\n<meta property=\"article:modified_time\" content=\"2023-01-12T13:53:33+00:00\" \/>\n<meta property=\"og:image\" content=\"https:\/\/hpx.eu\/wp-content\/uploads\/2021\/02\/POS_Catalog.jpg\" \/>\n<meta name=\"twitter:card\" content=\"summary_large_image\" \/>\n<meta name=\"twitter:label1\" content=\"Szacowany czas czytania\" \/>\n\t<meta name=\"twitter:data1\" content=\"1 minuta\" \/>\n<script type=\"application\/ld+json\" class=\"yoast-schema-graph\">{\"@context\":\"https:\\\/\\\/schema.org\",\"@graph\":[{\"@type\":\"WebPage\",\"@id\":\"https:\\\/\\\/hpx.eu\\\/pl\\\/p-o-s\\\/\",\"url\":\"https:\\\/\\\/hpx.eu\\\/pl\\\/p-o-s\\\/\",\"name\":\"P.O.S. - HPX\",\"isPartOf\":{\"@id\":\"http:\\\/\\\/hpx.eu\\\/pl\\\/#website\"},\"primaryImageOfPage\":{\"@id\":\"https:\\\/\\\/hpx.eu\\\/pl\\\/p-o-s\\\/#primaryimage\"},\"image\":{\"@id\":\"https:\\\/\\\/hpx.eu\\\/pl\\\/p-o-s\\\/#primaryimage\"},\"thumbnailUrl\":\"https:\\\/\\\/hpx.eu\\\/wp-content\\\/uploads\\\/2021\\\/02\\\/POS_Catalog.jpg\",\"datePublished\":\"2019-07-25T09:31:02+00:00\",\"dateModified\":\"2023-01-12T13:53:33+00:00\",\"breadcrumb\":{\"@id\":\"https:\\\/\\\/hpx.eu\\\/pl\\\/p-o-s\\\/#breadcrumb\"},\"inLanguage\":\"pl-PL\",\"potentialAction\":[{\"@type\":\"ReadAction\",\"target\":[\"https:\\\/\\\/hpx.eu\\\/pl\\\/p-o-s\\\/\"]}]},{\"@type\":\"ImageObject\",\"inLanguage\":\"pl-PL\",\"@id\":\"https:\\\/\\\/hpx.eu\\\/pl\\\/p-o-s\\\/#primaryimage\",\"url\":\"https:\\\/\\\/hpx.eu\\\/wp-content\\\/uploads\\\/2021\\\/02\\\/POS_Catalog.jpg\",\"contentUrl\":\"https:\\\/\\\/hpx.eu\\\/wp-content\\\/uploads\\\/2021\\\/02\\\/POS_Catalog.jpg\"},{\"@type\":\"BreadcrumbList\",\"@id\":\"https:\\\/\\\/hpx.eu\\\/pl\\\/p-o-s\\\/#breadcrumb\",\"itemListElement\":[{\"@type\":\"ListItem\",\"position\":1,\"name\":\"Startseite\",\"item\":\"http:\\\/\\\/hpx.eu\\\/pl\\\/\"},{\"@type\":\"ListItem\",\"position\":2,\"name\":\"P.O.S.\"}]},{\"@type\":\"WebSite\",\"@id\":\"http:\\\/\\\/hpx.eu\\\/pl\\\/#website\",\"url\":\"http:\\\/\\\/hpx.eu\\\/pl\\\/\",\"name\":\"HPX\",\"description\":\"Tough Job, Tougher Tape\",\"publisher\":{\"@id\":\"http:\\\/\\\/hpx.eu\\\/pl\\\/#organization\"},\"potentialAction\":[{\"@type\":\"SearchAction\",\"target\":{\"@type\":\"EntryPoint\",\"urlTemplate\":\"http:\\\/\\\/hpx.eu\\\/pl\\\/?s={search_term_string}\"},\"query-input\":{\"@type\":\"PropertyValueSpecification\",\"valueRequired\":true,\"valueName\":\"search_term_string\"}}],\"inLanguage\":\"pl-PL\"},{\"@type\":\"Organization\",\"@id\":\"http:\\\/\\\/hpx.eu\\\/pl\\\/#organization\",\"name\":\"Option Tape Specialties\",\"url\":\"http:\\\/\\\/hpx.eu\\\/pl\\\/\",\"logo\":{\"@type\":\"ImageObject\",\"inLanguage\":\"pl-PL\",\"@id\":\"http:\\\/\\\/hpx.eu\\\/pl\\\/#\\\/schema\\\/logo\\\/image\\\/\",\"url\":\"\",\"contentUrl\":\"\",\"caption\":\"Option Tape Specialties\"},\"image\":{\"@id\":\"http:\\\/\\\/hpx.eu\\\/pl\\\/#\\\/schema\\\/logo\\\/image\\\/\"},\"sameAs\":[\"https:\\\/\\\/www.facebook.com\\\/HPXtape\\\/\",\"https:\\\/\\\/www.linkedin.com\\\/company\\\/2913311\\\/\",\"https:\\\/\\\/www.youtube.com\\\/channel\\\/UCCYnFjBGfKw8SPW1hMUCVFg\"]}]}<\/script>\n<!-- \/ Yoast SEO plugin. -->","yoast_head_json":{"title":"P.O.S. - HPX","robots":{"index":"index","follow":"follow","max-snippet":"max-snippet:-1","max-image-preview":"max-image-preview:large","max-video-preview":"max-video-preview:-1"},"canonical":"https:\/\/hpx.eu\/pl\/p-o-s\/","og_locale":"pl_PL","og_type":"article","og_title":"P.O.S. - HPX","og_description":"Firma HPX wykorzystuje szeroki zakres mo\u017cliwo\u015b\u0107 POS (tak\u017ce POSM; materia\u0142y wspieraj\u0105ce sprzeda\u017c). Udowodniono, \u017ce sprzeda\u017c przy wykorzystaniu POS oraz sprzeda\u017c wi\u0105zana maj\u0105 po\u017c\u0105dany wp\u0142yw na zachowanie konsumenta. Takie metody zwi\u0119kszaj\u0105 widoczno\u015b\u0107 marki HPX oraz stymuluj\u0105 zakupy pod wp\u0142ywem impulsu. Za pomoc\u0105 sprzeda\u017cy wi\u0105zanej sprzedasz wi\u0119cej produkt\u00f3w HPX, umieszczaj\u0105c je w miejscu z produktami powi\u0105zanymi \u2013 [&hellip;]","og_url":"https:\/\/hpx.eu\/pl\/p-o-s\/","og_site_name":"HPX","article_publisher":"https:\/\/www.facebook.com\/HPXtape\/","article_modified_time":"2023-01-12T13:53:33+00:00","og_image":[{"url":"https:\/\/hpx.eu\/wp-content\/uploads\/2021\/02\/POS_Catalog.jpg","type":"","width":"","height":""}],"twitter_card":"summary_large_image","twitter_misc":{"Szacowany czas czytania":"1 minuta"},"schema":{"@context":"https:\/\/schema.org","@graph":[{"@type":"WebPage","@id":"https:\/\/hpx.eu\/pl\/p-o-s\/","url":"https:\/\/hpx.eu\/pl\/p-o-s\/","name":"P.O.S. - HPX","isPartOf":{"@id":"https:\/\/hpx.eu\/pl\/#website"},"primaryImageOfPage":{"@id":"https:\/\/hpx.eu\/pl\/p-o-s\/#primaryimage"},"image":{"@id":"https:\/\/hpx.eu\/pl\/p-o-s\/#primaryimage"},"thumbnailUrl":"https:\/\/hpx.eu\/wp-content\/uploads\/2021\/02\/POS_Catalog.jpg","datePublished":"2019-07-25T09:31:02+00:00","dateModified":"2023-01-12T13:53:33+00:00","breadcrumb":{"@id":"https:\/\/hpx.eu\/pl\/p-o-s\/#breadcrumb"},"inLanguage":"pl-PL","potentialAction":[{"@type":"ReadAction","target":["https:\/\/hpx.eu\/pl\/p-o-s\/"]}]},{"@type":"ImageObject","inLanguage":"pl-PL","@id":"https:\/\/hpx.eu\/pl\/p-o-s\/#primaryimage","url":"https:\/\/hpx.eu\/wp-content\/uploads\/2021\/02\/POS_Catalog.jpg","contentUrl":"https:\/\/hpx.eu\/wp-content\/uploads\/2021\/02\/POS_Catalog.jpg"},{"@type":"BreadcrumbList","@id":"https:\/\/hpx.eu\/pl\/p-o-s\/#breadcrumb","itemListElement":[{"@type":"ListItem","position":1,"name":"Startseite","item":"https:\/\/hpx.eu\/pl\/"},{"@type":"ListItem","position":2,"name":"P.O.S."}]},{"@type":"WebSite","@id":"https:\/\/hpx.eu\/pl\/#website","url":"https:\/\/hpx.eu\/pl\/","name":"HPX","description":"Tough Job, Tougher Tape","publisher":{"@id":"https:\/\/hpx.eu\/pl\/#organization"},"potentialAction":[{"@type":"SearchAction","target":{"@type":"EntryPoint","urlTemplate":"https:\/\/hpx.eu\/pl\/?s={search_term_string}"},"query-input":{"@type":"PropertyValueSpecification","valueRequired":true,"valueName":"search_term_string"}}],"inLanguage":"pl-PL"},{"@type":"Organization","@id":"https:\/\/hpx.eu\/pl\/#organization","name":"Option Tape Specialties","url":"https:\/\/hpx.eu\/pl\/","logo":{"@type":"ImageObject","inLanguage":"pl-PL","@id":"https:\/\/hpx.eu\/pl\/#\/schema\/logo\/image\/","url":"","contentUrl":"","caption":"Option Tape Specialties"},"image":{"@id":"https:\/\/hpx.eu\/pl\/#\/schema\/logo\/image\/"},"sameAs":["https:\/\/www.facebook.com\/HPXtape\/","https:\/\/www.linkedin.com\/company\/2913311\/","https:\/\/www.youtube.com\/channel\/UCCYnFjBGfKw8SPW1hMUCVFg"]}]}},"_links":{"self":[{"href":"https:\/\/hpx.eu\/pl\/wp-json\/wp\/v2\/pages\/53595","targetHints":{"allow":["GET"]}}],"collection":[{"href":"https:\/\/hpx.eu\/pl\/wp-json\/wp\/v2\/pages"}],"about":[{"href":"https:\/\/hpx.eu\/pl\/wp-json\/wp\/v2\/types\/page"}],"author":[{"embeddable":true,"href":"https:\/\/hpx.eu\/pl\/wp-json\/wp\/v2\/users\/1"}],"replies":[{"embeddable":true,"href":"https:\/\/hpx.eu\/pl\/wp-json\/wp\/v2\/comments?post=53595"}],"version-history":[{"count":11,"href":"https:\/\/hpx.eu\/pl\/wp-json\/wp\/v2\/pages\/53595\/revisions"}],"predecessor-version":[{"id":144101,"href":"https:\/\/hpx.eu\/pl\/wp-json\/wp\/v2\/pages\/53595\/revisions\/144101"}],"wp:attachment":[{"href":"https:\/\/hpx.eu\/pl\/wp-json\/wp\/v2\/media?parent=53595"}],"curies":[{"name":"wp","href":"https:\/\/api.w.org\/{rel}","templated":true}]}}