{"id":53583,"date":"2019-07-25T11:03:25","date_gmt":"2019-07-25T09:03:25","guid":{"rendered":"https:\/\/hpx.eu\/?page_id=53583"},"modified":"2020-05-11T09:08:47","modified_gmt":"2020-05-11T07:08:47","slug":"planowanie-ekspozycji-produktow","status":"publish","type":"page","link":"https:\/\/hpx.eu\/pl\/planowanie-ekspozycji-produktow\/","title":{"rendered":"Planowanie ekspozycji produkt\u00f3w"},"content":{"rendered":"<p>Dost\u0119pnych jest kilka koncepcji w zale\u017cno\u015bci od r\u00f3\u017cnych rynk\u00f3w obejmuj\u0105cych sektor motoryzacyjny, sprzeda\u017c hurtow\u0105 w sektorze przemys\u0142owym i budowlanym, sklepy zwi\u0105zane z odpoczynkiem i rekreacj\u0105 itp. Mo\u017cemy tak\u017ce zaplanowa\u0107 wystawy produkt\u00f3w na \u017c\u0105danie w oparciu o wielko\u015b\u0107 sprzeda\u017cy, POS oraz nasze do\u015bwiadczenie. Je\u015bli chcesz otrzyma\u0107 wi\u0119cej informacji na temat tych mo\u017cliwo\u015bci,&nbsp;<a href=\"..\/kontakt\">prosimy klikn\u0105\u0107 w tym miejscu<\/a>.<\/p>\n<div class=\"ThreeCol\">\n<h3>Krok 1: Opracowanie planu ekspozycji produkt\u00f3w<\/h3>\n<p><img loading=\"lazy\" decoding=\"async\" src=\"https:\/\/hpx.eu\/wp-content\/uploads\/2017\/06\/Shelf_plan-step_1.png\" alt=\"Development shelf plan\" width=\"300\" height=\"749\" class=\"alignnone size-full wp-image-17357\"><\/p>\n<\/div>\n<div class=\"ThreeCol\">\n<h3>Krok 2: Prezentacja w formie graficznej<br \/>\n&nbsp;<\/h3>\n<p><img loading=\"lazy\" decoding=\"async\" src=\"https:\/\/hpx.eu\/wp-content\/uploads\/2017\/06\/Shelf_plan-step_2.jpg\" alt=\"Graphical representation\" width=\"300\" height=\"749\" class=\"alignnone size-full wp-image-17377\" srcset=\"https:\/\/hpx.eu\/wp-content\/uploads\/2017\/06\/Shelf_plan-step_2.jpg 300w, https:\/\/hpx.eu\/wp-content\/uploads\/2017\/06\/Shelf_plan-step_2-120x300.jpg 120w\" sizes=\"auto, (max-width: 300px) 100vw, 300px\" \/><\/p>\n<\/div>\n<div class=\"ThreeCol\">\n<h3>Krok 3: Rezultat<br \/>\n&nbsp;<\/h3>\n<p><img loading=\"lazy\" decoding=\"async\" src=\"https:\/\/hpx.eu\/wp-content\/uploads\/2017\/06\/Shelf_plan-step_3.jpg\" alt=\"Reality\" width=\"311\" height=\"749\" class=\"alignnone size-full wp-image-17395\" srcset=\"https:\/\/hpx.eu\/wp-content\/uploads\/2017\/06\/Shelf_plan-step_3.jpg 311w, https:\/\/hpx.eu\/wp-content\/uploads\/2017\/06\/Shelf_plan-step_3-125x300.jpg 125w\" sizes=\"auto, (max-width: 311px) 100vw, 311px\" \/><\/p>\n<\/div>\n","protected":false},"excerpt":{"rendered":"<p>Dost\u0119pnych jest kilka koncepcji w zale\u017cno\u015bci od r\u00f3\u017cnych rynk\u00f3w obejmuj\u0105cych sektor motoryzacyjny, sprzeda\u017c hurtow\u0105 w sektorze przemys\u0142owym i budowlanym, sklepy zwi\u0105zane z odpoczynkiem i rekreacj\u0105 itp. Mo\u017cemy tak\u017ce zaplanowa\u0107 wystawy produkt\u00f3w na \u017c\u0105danie w oparciu o wielko\u015b\u0107 sprzeda\u017cy, POS oraz nasze do\u015bwiadczenie. Je\u015bli chcesz otrzyma\u0107 wi\u0119cej informacji na temat tych mo\u017cliwo\u015bci,&nbsp;prosimy klikn\u0105\u0107 w tym miejscu. [&hellip;]<\/p>\n","protected":false},"author":1,"featured_media":0,"parent":0,"menu_order":0,"comment_status":"closed","ping_status":"closed","template":"","meta":{"_exactmetrics_skip_tracking":false,"_exactmetrics_sitenote_active":false,"_exactmetrics_sitenote_note":"","_exactmetrics_sitenote_category":0,"_monsterinsights_skip_tracking":false,"_monsterinsights_sitenote_active":false,"_monsterinsights_sitenote_note":"","_monsterinsights_sitenote_category":0,"_themeisle_gutenberg_block_has_review":false,"footnotes":""},"class_list":["post-53583","page","type-page","status-publish","hentry","post"],"yoast_head":"<!-- This site is optimized with the Yoast SEO plugin v27.3 - https:\/\/yoast.com\/product\/yoast-seo-wordpress\/ -->\n<title>Planowanie ekspozycji produkt\u00f3w - HPX<\/title>\n<meta name=\"robots\" content=\"index, follow, max-snippet:-1, max-image-preview:large, max-video-preview:-1\" \/>\n<link rel=\"canonical\" href=\"https:\/\/hpx.eu\/pl\/planowanie-ekspozycji-produktow\/\" \/>\n<meta property=\"og:locale\" content=\"pl_PL\" \/>\n<meta property=\"og:type\" content=\"article\" \/>\n<meta property=\"og:title\" content=\"Planowanie ekspozycji produkt\u00f3w - HPX\" \/>\n<meta property=\"og:description\" content=\"Dost\u0119pnych jest kilka koncepcji w zale\u017cno\u015bci od r\u00f3\u017cnych rynk\u00f3w obejmuj\u0105cych sektor motoryzacyjny, sprzeda\u017c hurtow\u0105 w sektorze przemys\u0142owym i budowlanym, sklepy zwi\u0105zane z odpoczynkiem i rekreacj\u0105 itp. Mo\u017cemy tak\u017ce zaplanowa\u0107 wystawy produkt\u00f3w na \u017c\u0105danie w oparciu o wielko\u015b\u0107 sprzeda\u017cy, POS oraz nasze do\u015bwiadczenie. Je\u015bli chcesz otrzyma\u0107 wi\u0119cej informacji na temat tych mo\u017cliwo\u015bci,&nbsp;prosimy klikn\u0105\u0107 w tym miejscu. [&hellip;]\" \/>\n<meta property=\"og:url\" content=\"https:\/\/hpx.eu\/pl\/planowanie-ekspozycji-produktow\/\" \/>\n<meta property=\"og:site_name\" content=\"HPX\" \/>\n<meta property=\"article:publisher\" content=\"https:\/\/www.facebook.com\/HPXtape\/\" \/>\n<meta property=\"article:modified_time\" content=\"2020-05-11T07:08:47+00:00\" \/>\n<meta property=\"og:image\" content=\"https:\/\/hpx.eu\/wp-content\/uploads\/2017\/06\/Shelf_plan-step_1.png\" \/>\n<meta name=\"twitter:card\" content=\"summary_large_image\" \/>\n<script type=\"application\/ld+json\" class=\"yoast-schema-graph\">{\"@context\":\"https:\\\/\\\/schema.org\",\"@graph\":[{\"@type\":\"WebPage\",\"@id\":\"https:\\\/\\\/hpx.eu\\\/pl\\\/planowanie-ekspozycji-produktow\\\/\",\"url\":\"https:\\\/\\\/hpx.eu\\\/pl\\\/planowanie-ekspozycji-produktow\\\/\",\"name\":\"Planowanie ekspozycji produkt\u00f3w - HPX\",\"isPartOf\":{\"@id\":\"http:\\\/\\\/hpx.eu\\\/pl\\\/#website\"},\"primaryImageOfPage\":{\"@id\":\"https:\\\/\\\/hpx.eu\\\/pl\\\/planowanie-ekspozycji-produktow\\\/#primaryimage\"},\"image\":{\"@id\":\"https:\\\/\\\/hpx.eu\\\/pl\\\/planowanie-ekspozycji-produktow\\\/#primaryimage\"},\"thumbnailUrl\":\"http:\\\/\\\/hpx.eu\\\/wp-content\\\/uploads\\\/2017\\\/06\\\/Shelf_plan-step_1.png\",\"datePublished\":\"2019-07-25T09:03:25+00:00\",\"dateModified\":\"2020-05-11T07:08:47+00:00\",\"breadcrumb\":{\"@id\":\"https:\\\/\\\/hpx.eu\\\/pl\\\/planowanie-ekspozycji-produktow\\\/#breadcrumb\"},\"inLanguage\":\"pl-PL\",\"potentialAction\":[{\"@type\":\"ReadAction\",\"target\":[\"https:\\\/\\\/hpx.eu\\\/pl\\\/planowanie-ekspozycji-produktow\\\/\"]}]},{\"@type\":\"ImageObject\",\"inLanguage\":\"pl-PL\",\"@id\":\"https:\\\/\\\/hpx.eu\\\/pl\\\/planowanie-ekspozycji-produktow\\\/#primaryimage\",\"url\":\"http:\\\/\\\/hpx.eu\\\/wp-content\\\/uploads\\\/2017\\\/06\\\/Shelf_plan-step_1.png\",\"contentUrl\":\"http:\\\/\\\/hpx.eu\\\/wp-content\\\/uploads\\\/2017\\\/06\\\/Shelf_plan-step_1.png\"},{\"@type\":\"BreadcrumbList\",\"@id\":\"https:\\\/\\\/hpx.eu\\\/pl\\\/planowanie-ekspozycji-produktow\\\/#breadcrumb\",\"itemListElement\":[{\"@type\":\"ListItem\",\"position\":1,\"name\":\"Startseite\",\"item\":\"http:\\\/\\\/hpx.eu\\\/pl\\\/\"},{\"@type\":\"ListItem\",\"position\":2,\"name\":\"Planowanie ekspozycji produkt\u00f3w\"}]},{\"@type\":\"WebSite\",\"@id\":\"http:\\\/\\\/hpx.eu\\\/pl\\\/#website\",\"url\":\"http:\\\/\\\/hpx.eu\\\/pl\\\/\",\"name\":\"HPX\",\"description\":\"Tough Job, Tougher Tape\",\"publisher\":{\"@id\":\"http:\\\/\\\/hpx.eu\\\/pl\\\/#organization\"},\"potentialAction\":[{\"@type\":\"SearchAction\",\"target\":{\"@type\":\"EntryPoint\",\"urlTemplate\":\"http:\\\/\\\/hpx.eu\\\/pl\\\/?s={search_term_string}\"},\"query-input\":{\"@type\":\"PropertyValueSpecification\",\"valueRequired\":true,\"valueName\":\"search_term_string\"}}],\"inLanguage\":\"pl-PL\"},{\"@type\":\"Organization\",\"@id\":\"http:\\\/\\\/hpx.eu\\\/pl\\\/#organization\",\"name\":\"Option Tape Specialties\",\"url\":\"http:\\\/\\\/hpx.eu\\\/pl\\\/\",\"logo\":{\"@type\":\"ImageObject\",\"inLanguage\":\"pl-PL\",\"@id\":\"http:\\\/\\\/hpx.eu\\\/pl\\\/#\\\/schema\\\/logo\\\/image\\\/\",\"url\":\"\",\"contentUrl\":\"\",\"caption\":\"Option Tape Specialties\"},\"image\":{\"@id\":\"http:\\\/\\\/hpx.eu\\\/pl\\\/#\\\/schema\\\/logo\\\/image\\\/\"},\"sameAs\":[\"https:\\\/\\\/www.facebook.com\\\/HPXtape\\\/\",\"https:\\\/\\\/www.linkedin.com\\\/company\\\/2913311\\\/\",\"https:\\\/\\\/www.youtube.com\\\/channel\\\/UCCYnFjBGfKw8SPW1hMUCVFg\"]}]}<\/script>\n<!-- \/ Yoast SEO plugin. -->","yoast_head_json":{"title":"Planowanie ekspozycji produkt\u00f3w - HPX","robots":{"index":"index","follow":"follow","max-snippet":"max-snippet:-1","max-image-preview":"max-image-preview:large","max-video-preview":"max-video-preview:-1"},"canonical":"https:\/\/hpx.eu\/pl\/planowanie-ekspozycji-produktow\/","og_locale":"pl_PL","og_type":"article","og_title":"Planowanie ekspozycji produkt\u00f3w - HPX","og_description":"Dost\u0119pnych jest kilka koncepcji w zale\u017cno\u015bci od r\u00f3\u017cnych rynk\u00f3w obejmuj\u0105cych sektor motoryzacyjny, sprzeda\u017c hurtow\u0105 w sektorze przemys\u0142owym i budowlanym, sklepy zwi\u0105zane z odpoczynkiem i rekreacj\u0105 itp. Mo\u017cemy tak\u017ce zaplanowa\u0107 wystawy produkt\u00f3w na \u017c\u0105danie w oparciu o wielko\u015b\u0107 sprzeda\u017cy, POS oraz nasze do\u015bwiadczenie. Je\u015bli chcesz otrzyma\u0107 wi\u0119cej informacji na temat tych mo\u017cliwo\u015bci,&nbsp;prosimy klikn\u0105\u0107 w tym miejscu. [&hellip;]","og_url":"https:\/\/hpx.eu\/pl\/planowanie-ekspozycji-produktow\/","og_site_name":"HPX","article_publisher":"https:\/\/www.facebook.com\/HPXtape\/","article_modified_time":"2020-05-11T07:08:47+00:00","og_image":[{"url":"https:\/\/hpx.eu\/wp-content\/uploads\/2017\/06\/Shelf_plan-step_1.png","type":"","width":"","height":""}],"twitter_card":"summary_large_image","schema":{"@context":"https:\/\/schema.org","@graph":[{"@type":"WebPage","@id":"https:\/\/hpx.eu\/pl\/planowanie-ekspozycji-produktow\/","url":"https:\/\/hpx.eu\/pl\/planowanie-ekspozycji-produktow\/","name":"Planowanie ekspozycji produkt\u00f3w - HPX","isPartOf":{"@id":"https:\/\/hpx.eu\/pl\/#website"},"primaryImageOfPage":{"@id":"https:\/\/hpx.eu\/pl\/planowanie-ekspozycji-produktow\/#primaryimage"},"image":{"@id":"https:\/\/hpx.eu\/pl\/planowanie-ekspozycji-produktow\/#primaryimage"},"thumbnailUrl":"https:\/\/hpx.eu\/wp-content\/uploads\/2017\/06\/Shelf_plan-step_1.png","datePublished":"2019-07-25T09:03:25+00:00","dateModified":"2020-05-11T07:08:47+00:00","breadcrumb":{"@id":"https:\/\/hpx.eu\/pl\/planowanie-ekspozycji-produktow\/#breadcrumb"},"inLanguage":"pl-PL","potentialAction":[{"@type":"ReadAction","target":["https:\/\/hpx.eu\/pl\/planowanie-ekspozycji-produktow\/"]}]},{"@type":"ImageObject","inLanguage":"pl-PL","@id":"https:\/\/hpx.eu\/pl\/planowanie-ekspozycji-produktow\/#primaryimage","url":"https:\/\/hpx.eu\/wp-content\/uploads\/2017\/06\/Shelf_plan-step_1.png","contentUrl":"https:\/\/hpx.eu\/wp-content\/uploads\/2017\/06\/Shelf_plan-step_1.png"},{"@type":"BreadcrumbList","@id":"https:\/\/hpx.eu\/pl\/planowanie-ekspozycji-produktow\/#breadcrumb","itemListElement":[{"@type":"ListItem","position":1,"name":"Startseite","item":"https:\/\/hpx.eu\/pl\/"},{"@type":"ListItem","position":2,"name":"Planowanie ekspozycji produkt\u00f3w"}]},{"@type":"WebSite","@id":"https:\/\/hpx.eu\/pl\/#website","url":"https:\/\/hpx.eu\/pl\/","name":"HPX","description":"Tough Job, Tougher Tape","publisher":{"@id":"https:\/\/hpx.eu\/pl\/#organization"},"potentialAction":[{"@type":"SearchAction","target":{"@type":"EntryPoint","urlTemplate":"https:\/\/hpx.eu\/pl\/?s={search_term_string}"},"query-input":{"@type":"PropertyValueSpecification","valueRequired":true,"valueName":"search_term_string"}}],"inLanguage":"pl-PL"},{"@type":"Organization","@id":"https:\/\/hpx.eu\/pl\/#organization","name":"Option Tape Specialties","url":"https:\/\/hpx.eu\/pl\/","logo":{"@type":"ImageObject","inLanguage":"pl-PL","@id":"https:\/\/hpx.eu\/pl\/#\/schema\/logo\/image\/","url":"","contentUrl":"","caption":"Option Tape Specialties"},"image":{"@id":"https:\/\/hpx.eu\/pl\/#\/schema\/logo\/image\/"},"sameAs":["https:\/\/www.facebook.com\/HPXtape\/","https:\/\/www.linkedin.com\/company\/2913311\/","https:\/\/www.youtube.com\/channel\/UCCYnFjBGfKw8SPW1hMUCVFg"]}]}},"_links":{"self":[{"href":"https:\/\/hpx.eu\/pl\/wp-json\/wp\/v2\/pages\/53583","targetHints":{"allow":["GET"]}}],"collection":[{"href":"https:\/\/hpx.eu\/pl\/wp-json\/wp\/v2\/pages"}],"about":[{"href":"https:\/\/hpx.eu\/pl\/wp-json\/wp\/v2\/types\/page"}],"author":[{"embeddable":true,"href":"https:\/\/hpx.eu\/pl\/wp-json\/wp\/v2\/users\/1"}],"replies":[{"embeddable":true,"href":"https:\/\/hpx.eu\/pl\/wp-json\/wp\/v2\/comments?post=53583"}],"version-history":[{"count":3,"href":"https:\/\/hpx.eu\/pl\/wp-json\/wp\/v2\/pages\/53583\/revisions"}],"predecessor-version":[{"id":100355,"href":"https:\/\/hpx.eu\/pl\/wp-json\/wp\/v2\/pages\/53583\/revisions\/100355"}],"wp:attachment":[{"href":"https:\/\/hpx.eu\/pl\/wp-json\/wp\/v2\/media?parent=53583"}],"curies":[{"name":"wp","href":"https:\/\/api.w.org\/{rel}","templated":true}]}}