{"id":109253,"date":"2021-06-18T15:07:37","date_gmt":"2021-06-18T13:07:37","guid":{"rendered":"https:\/\/hpx.eu\/?page_id=109253"},"modified":"2022-06-29T16:21:27","modified_gmt":"2022-06-29T14:21:27","slug":"sticky-cover-paper","status":"publish","type":"page","link":"https:\/\/hpx.eu\/pl\/sticky-cover-paper\/","title":{"rendered":"Sticky Cover Paper"},"content":{"rendered":"<div id=\"AIRTIGHT\">\n<h1>STICKY COVER PAPER<\/h1>\n<p><img decoding=\"async\" src=\"https:\/\/hpx.eu\/wp-content\/uploads\/2021\/06\/Sticky_Cover_Paper-Applications.png\" alt=\"Sticky Cover Paper - Applications\" class=\"SCP\"><br \/>\n<iframe loading=\"lazy\" width=\"827\" height=\"465\" src=\"https:\/\/www.youtube.com\/embed\/Tgq1Rn4Gp1E\" title=\"YouTube video player\" frameborder=\"0\" allow=\"accelerometer; autoplay; clipboard-write; encrypted-media; gyroscope; picture-in-picture\" allowfullscreen=\"\"><\/iframe><\/p>\n<h3>W pe\u0142ni samoprzylepny papier maskuj\u0105cy do szybkiego i \u0142atwego zabezpieczania.<\/h3>\n<ul>\n<li>Maskowanie r\u00f3\u017cnych powierzchni, takich jak pod\u0142oga, schody, parapety, kaloryfery, balustrady itp.<\/li>\n<li>Idealny do malowania i natryskiwania<\/li>\n<li>Dzi\u0119ki specjalnym w\u0142a\u015bciwo\u015bciom adhezyjnym mo\u017cliwo\u015b\u0107 korygowania po\u0142o\u017cenia po aplikacji.<\/li>\n<li>Do wielokrotnego u\u017cytku. Mo\u017ce by\u0107 usuni\u0119ty bez pozosta\u0142o\u015bci kleju.<\/li>\n<li>\u0141atwa aplikacja.<\/li>\n<li>Przyjazny dla \u015brodowiska<\/li>\n<\/ul>\n<div class=\"productImg\">\n        <img decoding=\"async\" src=\"https:\/\/hpx.eu\/wp-content\/uploads\/2021\/06\/CP7530-Sticky_Cover_Paper-brown-75mm_x_30m-5407004564494.jpg\" alt=\"CP730 | HPX Sticky Cover Paper | 75 mm x 30 m\"><img decoding=\"async\" src=\"https:\/\/hpx.eu\/wp-content\/uploads\/2021\/06\/CP1530-Sticky_Cover_Paper-brown-150mm_x_30m-5407004564517.jpg\" alt=\"CP1530 | HPX Sticky Cover Paper | 150 mm x 30 m\"><img decoding=\"async\" src=\"https:\/\/hpx.eu\/wp-content\/uploads\/2021\/06\/CP2230-Sticky_Cover_Paper-brown-225mm_x_30m-5407004564531.jpg\" alt=\"CP2230 | HPX Sticky Cover Paper | 225 mm x 30 m\"><img decoding=\"async\" src=\"https:\/\/hpx.eu\/wp-content\/uploads\/2021\/06\/CP3030-Sticky_Cover_Paper-brown-300mm_x_30m-5407004564555.jpg\" alt=\"CP3030 | HPX Sticky Cover Paper | 300 mm x 30 m\"><\/div>\n<div class=\"body\">\n<table class=\"product_table\">\n<thead>\n<tr>\n<th>Numer artyku\u0142u<\/th>\n<th>Szeroko\u015b\u0107<\/th>\n<th>D\u0142ugo\u015b\u0107<\/th>\n<th>Kolor<\/th>\n<th>Paczka<\/th>\n<th>Kod EAN<\/th>\n<\/tr>\n<\/thead>\n<tbody>\n<tr>\n<td>CP7530<\/td>\n<td>74 mm<\/td>\n<td>30 m<\/td>\n<td>br\u0105zowy<\/td>\n<td>24<\/td>\n<td>5407004564494<\/td>\n<\/tr>\n<tr>\n<td>CP1530<\/td>\n<td>148 mm<\/td>\n<td>30 m<\/td>\n<td>br\u0105zowy<\/td>\n<td>32<\/td>\n<td>5407004564517<\/td>\n<\/tr>\n<tr>\n<td>CP2230<\/td>\n<td>222 mm<\/td>\n<td>30 m<\/td>\n<td>br\u0105zowy<\/td>\n<td>25<\/td>\n<td>5407004564531<\/td>\n<\/tr>\n<tr>\n<td>CP3030<\/td>\n<td>296 mm<\/td>\n<td>30 m<\/td>\n<td>br\u0105zowy<\/td>\n<td>16<\/td>\n<td>5407004564555<\/td>\n<\/tr>\n<\/tbody>\n<\/table>\n<\/div>\n<p><img decoding=\"async\" src=\"https:\/\/hpx.eu\/wp-content\/uploads\/2021\/06\/CP730-CP1530-CP2230-CP3030-Sticky_Cover_Paper.jpg\" alt=\"CP7530 | CP1530 | CP2230 | CP3030 | HPX Sticky Cover Paper\"><\/p>\n<\/div>\n","protected":false},"excerpt":{"rendered":"<p>STICKY COVER PAPER W pe\u0142ni samoprzylepny papier maskuj\u0105cy do szybkiego i \u0142atwego zabezpieczania. Maskowanie r\u00f3\u017cnych powierzchni, takich jak pod\u0142oga, schody, parapety, kaloryfery, balustrady itp. Idealny do malowania i natryskiwania Dzi\u0119ki specjalnym w\u0142a\u015bciwo\u015bciom adhezyjnym mo\u017cliwo\u015b\u0107 korygowania po\u0142o\u017cenia po aplikacji. Do wielokrotnego u\u017cytku. Mo\u017ce by\u0107 usuni\u0119ty bez pozosta\u0142o\u015bci kleju. \u0141atwa aplikacja. Przyjazny dla \u015brodowiska Numer artyku\u0142u Szeroko\u015b\u0107 [&hellip;]<\/p>\n","protected":false},"author":1,"featured_media":0,"parent":0,"menu_order":0,"comment_status":"closed","ping_status":"closed","template":"","meta":{"_exactmetrics_skip_tracking":false,"_exactmetrics_sitenote_active":false,"_exactmetrics_sitenote_note":"","_exactmetrics_sitenote_category":0,"_monsterinsights_skip_tracking":false,"_monsterinsights_sitenote_active":false,"_monsterinsights_sitenote_note":"","_monsterinsights_sitenote_category":0,"_themeisle_gutenberg_block_has_review":false,"footnotes":""},"class_list":["post-109253","page","type-page","status-publish","hentry","post"],"yoast_head":"<!-- This site is optimized with the Yoast SEO plugin v27.3 - https:\/\/yoast.com\/product\/yoast-seo-wordpress\/ -->\n<title>Sticky Cover Paper - HPX<\/title>\n<meta name=\"robots\" content=\"index, follow, max-snippet:-1, max-image-preview:large, max-video-preview:-1\" \/>\n<link rel=\"canonical\" href=\"https:\/\/hpx.eu\/pl\/sticky-cover-paper\/\" \/>\n<meta property=\"og:locale\" content=\"pl_PL\" \/>\n<meta property=\"og:type\" content=\"article\" \/>\n<meta property=\"og:title\" content=\"Sticky Cover Paper - HPX\" \/>\n<meta property=\"og:description\" content=\"STICKY COVER PAPER W pe\u0142ni samoprzylepny papier maskuj\u0105cy do szybkiego i \u0142atwego zabezpieczania. Maskowanie r\u00f3\u017cnych powierzchni, takich jak pod\u0142oga, schody, parapety, kaloryfery, balustrady itp. Idealny do malowania i natryskiwania Dzi\u0119ki specjalnym w\u0142a\u015bciwo\u015bciom adhezyjnym mo\u017cliwo\u015b\u0107 korygowania po\u0142o\u017cenia po aplikacji. Do wielokrotnego u\u017cytku. Mo\u017ce by\u0107 usuni\u0119ty bez pozosta\u0142o\u015bci kleju. \u0141atwa aplikacja. Przyjazny dla \u015brodowiska Numer artyku\u0142u Szeroko\u015b\u0107 [&hellip;]\" \/>\n<meta property=\"og:url\" content=\"https:\/\/hpx.eu\/pl\/sticky-cover-paper\/\" \/>\n<meta property=\"og:site_name\" content=\"HPX\" \/>\n<meta property=\"article:publisher\" content=\"https:\/\/www.facebook.com\/HPXtape\/\" \/>\n<meta property=\"article:modified_time\" content=\"2022-06-29T14:21:27+00:00\" \/>\n<meta property=\"og:image\" content=\"https:\/\/hpx.eu\/wp-content\/uploads\/2021\/06\/Sticky_Cover_Paper-Applications.png\" \/>\n<meta name=\"twitter:card\" content=\"summary_large_image\" \/>\n<meta name=\"twitter:label1\" content=\"Szacowany czas czytania\" \/>\n\t<meta name=\"twitter:data1\" content=\"2 minuty\" \/>\n<script type=\"application\/ld+json\" class=\"yoast-schema-graph\">{\"@context\":\"https:\\\/\\\/schema.org\",\"@graph\":[{\"@type\":\"WebPage\",\"@id\":\"https:\\\/\\\/hpx.eu\\\/pl\\\/sticky-cover-paper\\\/\",\"url\":\"https:\\\/\\\/hpx.eu\\\/pl\\\/sticky-cover-paper\\\/\",\"name\":\"Sticky Cover Paper - HPX\",\"isPartOf\":{\"@id\":\"http:\\\/\\\/hpx.eu\\\/pl\\\/#website\"},\"primaryImageOfPage\":{\"@id\":\"https:\\\/\\\/hpx.eu\\\/pl\\\/sticky-cover-paper\\\/#primaryimage\"},\"image\":{\"@id\":\"https:\\\/\\\/hpx.eu\\\/pl\\\/sticky-cover-paper\\\/#primaryimage\"},\"thumbnailUrl\":\"https:\\\/\\\/hpx.eu\\\/wp-content\\\/uploads\\\/2021\\\/06\\\/Sticky_Cover_Paper-Applications.png\",\"datePublished\":\"2021-06-18T13:07:37+00:00\",\"dateModified\":\"2022-06-29T14:21:27+00:00\",\"breadcrumb\":{\"@id\":\"https:\\\/\\\/hpx.eu\\\/pl\\\/sticky-cover-paper\\\/#breadcrumb\"},\"inLanguage\":\"pl-PL\",\"potentialAction\":[{\"@type\":\"ReadAction\",\"target\":[\"https:\\\/\\\/hpx.eu\\\/pl\\\/sticky-cover-paper\\\/\"]}]},{\"@type\":\"ImageObject\",\"inLanguage\":\"pl-PL\",\"@id\":\"https:\\\/\\\/hpx.eu\\\/pl\\\/sticky-cover-paper\\\/#primaryimage\",\"url\":\"https:\\\/\\\/hpx.eu\\\/wp-content\\\/uploads\\\/2021\\\/06\\\/Sticky_Cover_Paper-Applications.png\",\"contentUrl\":\"https:\\\/\\\/hpx.eu\\\/wp-content\\\/uploads\\\/2021\\\/06\\\/Sticky_Cover_Paper-Applications.png\"},{\"@type\":\"BreadcrumbList\",\"@id\":\"https:\\\/\\\/hpx.eu\\\/pl\\\/sticky-cover-paper\\\/#breadcrumb\",\"itemListElement\":[{\"@type\":\"ListItem\",\"position\":1,\"name\":\"Startseite\",\"item\":\"http:\\\/\\\/hpx.eu\\\/pl\\\/\"},{\"@type\":\"ListItem\",\"position\":2,\"name\":\"Sticky Cover Paper\"}]},{\"@type\":\"WebSite\",\"@id\":\"http:\\\/\\\/hpx.eu\\\/pl\\\/#website\",\"url\":\"http:\\\/\\\/hpx.eu\\\/pl\\\/\",\"name\":\"HPX\",\"description\":\"Tough Job, Tougher Tape\",\"publisher\":{\"@id\":\"http:\\\/\\\/hpx.eu\\\/pl\\\/#organization\"},\"potentialAction\":[{\"@type\":\"SearchAction\",\"target\":{\"@type\":\"EntryPoint\",\"urlTemplate\":\"http:\\\/\\\/hpx.eu\\\/pl\\\/?s={search_term_string}\"},\"query-input\":{\"@type\":\"PropertyValueSpecification\",\"valueRequired\":true,\"valueName\":\"search_term_string\"}}],\"inLanguage\":\"pl-PL\"},{\"@type\":\"Organization\",\"@id\":\"http:\\\/\\\/hpx.eu\\\/pl\\\/#organization\",\"name\":\"Option Tape Specialties\",\"url\":\"http:\\\/\\\/hpx.eu\\\/pl\\\/\",\"logo\":{\"@type\":\"ImageObject\",\"inLanguage\":\"pl-PL\",\"@id\":\"http:\\\/\\\/hpx.eu\\\/pl\\\/#\\\/schema\\\/logo\\\/image\\\/\",\"url\":\"\",\"contentUrl\":\"\",\"caption\":\"Option Tape Specialties\"},\"image\":{\"@id\":\"http:\\\/\\\/hpx.eu\\\/pl\\\/#\\\/schema\\\/logo\\\/image\\\/\"},\"sameAs\":[\"https:\\\/\\\/www.facebook.com\\\/HPXtape\\\/\",\"https:\\\/\\\/www.linkedin.com\\\/company\\\/2913311\\\/\",\"https:\\\/\\\/www.youtube.com\\\/channel\\\/UCCYnFjBGfKw8SPW1hMUCVFg\"]}]}<\/script>\n<!-- \/ Yoast SEO plugin. -->","yoast_head_json":{"title":"Sticky Cover Paper - HPX","robots":{"index":"index","follow":"follow","max-snippet":"max-snippet:-1","max-image-preview":"max-image-preview:large","max-video-preview":"max-video-preview:-1"},"canonical":"https:\/\/hpx.eu\/pl\/sticky-cover-paper\/","og_locale":"pl_PL","og_type":"article","og_title":"Sticky Cover Paper - HPX","og_description":"STICKY COVER PAPER W pe\u0142ni samoprzylepny papier maskuj\u0105cy do szybkiego i \u0142atwego zabezpieczania. Maskowanie r\u00f3\u017cnych powierzchni, takich jak pod\u0142oga, schody, parapety, kaloryfery, balustrady itp. Idealny do malowania i natryskiwania Dzi\u0119ki specjalnym w\u0142a\u015bciwo\u015bciom adhezyjnym mo\u017cliwo\u015b\u0107 korygowania po\u0142o\u017cenia po aplikacji. Do wielokrotnego u\u017cytku. Mo\u017ce by\u0107 usuni\u0119ty bez pozosta\u0142o\u015bci kleju. \u0141atwa aplikacja. Przyjazny dla \u015brodowiska Numer artyku\u0142u Szeroko\u015b\u0107 [&hellip;]","og_url":"https:\/\/hpx.eu\/pl\/sticky-cover-paper\/","og_site_name":"HPX","article_publisher":"https:\/\/www.facebook.com\/HPXtape\/","article_modified_time":"2022-06-29T14:21:27+00:00","og_image":[{"url":"https:\/\/hpx.eu\/wp-content\/uploads\/2021\/06\/Sticky_Cover_Paper-Applications.png","type":"","width":"","height":""}],"twitter_card":"summary_large_image","twitter_misc":{"Szacowany czas czytania":"2 minuty"},"schema":{"@context":"https:\/\/schema.org","@graph":[{"@type":"WebPage","@id":"https:\/\/hpx.eu\/pl\/sticky-cover-paper\/","url":"https:\/\/hpx.eu\/pl\/sticky-cover-paper\/","name":"Sticky Cover Paper - HPX","isPartOf":{"@id":"https:\/\/hpx.eu\/pl\/#website"},"primaryImageOfPage":{"@id":"https:\/\/hpx.eu\/pl\/sticky-cover-paper\/#primaryimage"},"image":{"@id":"https:\/\/hpx.eu\/pl\/sticky-cover-paper\/#primaryimage"},"thumbnailUrl":"https:\/\/hpx.eu\/wp-content\/uploads\/2021\/06\/Sticky_Cover_Paper-Applications.png","datePublished":"2021-06-18T13:07:37+00:00","dateModified":"2022-06-29T14:21:27+00:00","breadcrumb":{"@id":"https:\/\/hpx.eu\/pl\/sticky-cover-paper\/#breadcrumb"},"inLanguage":"pl-PL","potentialAction":[{"@type":"ReadAction","target":["https:\/\/hpx.eu\/pl\/sticky-cover-paper\/"]}]},{"@type":"ImageObject","inLanguage":"pl-PL","@id":"https:\/\/hpx.eu\/pl\/sticky-cover-paper\/#primaryimage","url":"https:\/\/hpx.eu\/wp-content\/uploads\/2021\/06\/Sticky_Cover_Paper-Applications.png","contentUrl":"https:\/\/hpx.eu\/wp-content\/uploads\/2021\/06\/Sticky_Cover_Paper-Applications.png"},{"@type":"BreadcrumbList","@id":"https:\/\/hpx.eu\/pl\/sticky-cover-paper\/#breadcrumb","itemListElement":[{"@type":"ListItem","position":1,"name":"Startseite","item":"https:\/\/hpx.eu\/pl\/"},{"@type":"ListItem","position":2,"name":"Sticky Cover Paper"}]},{"@type":"WebSite","@id":"https:\/\/hpx.eu\/pl\/#website","url":"https:\/\/hpx.eu\/pl\/","name":"HPX","description":"Tough Job, Tougher Tape","publisher":{"@id":"https:\/\/hpx.eu\/pl\/#organization"},"potentialAction":[{"@type":"SearchAction","target":{"@type":"EntryPoint","urlTemplate":"https:\/\/hpx.eu\/pl\/?s={search_term_string}"},"query-input":{"@type":"PropertyValueSpecification","valueRequired":true,"valueName":"search_term_string"}}],"inLanguage":"pl-PL"},{"@type":"Organization","@id":"https:\/\/hpx.eu\/pl\/#organization","name":"Option Tape Specialties","url":"https:\/\/hpx.eu\/pl\/","logo":{"@type":"ImageObject","inLanguage":"pl-PL","@id":"https:\/\/hpx.eu\/pl\/#\/schema\/logo\/image\/","url":"","contentUrl":"","caption":"Option Tape Specialties"},"image":{"@id":"https:\/\/hpx.eu\/pl\/#\/schema\/logo\/image\/"},"sameAs":["https:\/\/www.facebook.com\/HPXtape\/","https:\/\/www.linkedin.com\/company\/2913311\/","https:\/\/www.youtube.com\/channel\/UCCYnFjBGfKw8SPW1hMUCVFg"]}]}},"_links":{"self":[{"href":"https:\/\/hpx.eu\/pl\/wp-json\/wp\/v2\/pages\/109253","targetHints":{"allow":["GET"]}}],"collection":[{"href":"https:\/\/hpx.eu\/pl\/wp-json\/wp\/v2\/pages"}],"about":[{"href":"https:\/\/hpx.eu\/pl\/wp-json\/wp\/v2\/types\/page"}],"author":[{"embeddable":true,"href":"https:\/\/hpx.eu\/pl\/wp-json\/wp\/v2\/users\/1"}],"replies":[{"embeddable":true,"href":"https:\/\/hpx.eu\/pl\/wp-json\/wp\/v2\/comments?post=109253"}],"version-history":[{"count":3,"href":"https:\/\/hpx.eu\/pl\/wp-json\/wp\/v2\/pages\/109253\/revisions"}],"predecessor-version":[{"id":113843,"href":"https:\/\/hpx.eu\/pl\/wp-json\/wp\/v2\/pages\/109253\/revisions\/113843"}],"wp:attachment":[{"href":"https:\/\/hpx.eu\/pl\/wp-json\/wp\/v2\/media?parent=109253"}],"curies":[{"name":"wp","href":"https:\/\/api.w.org\/{rel}","templated":true}]}}