{"id":134499,"date":"2023-01-11T13:14:01","date_gmt":"2023-01-11T12:14:01","guid":{"rendered":"https:\/\/hpx.eu\/?page_id=134499"},"modified":"2023-01-18T11:27:46","modified_gmt":"2023-01-18T10:27:46","slug":"hpx-tough-job-tougher-tape","status":"publish","type":"page","link":"https:\/\/hpx.eu\/it\/","title":{"rendered":"HPX &#8211; Tough Job, Tougher Tape"},"content":{"rendered":"<p><img loading=\"lazy\" decoding=\"async\" id=\"mobile_header\" class=\"alignnone wp-image-16109 size-full\" src=\"https:\/\/hpx.eu\/wp-content\/uploads\/2017\/03\/HPX-Tough_Job_Tougher_Tape.jpg\" alt=\"\" width=\"800\" height=\"566\" srcset=\"https:\/\/hpx.eu\/wp-content\/uploads\/2017\/03\/HPX-Tough_Job_Tougher_Tape.jpg 800w, https:\/\/hpx.eu\/wp-content\/uploads\/2017\/03\/HPX-Tough_Job_Tougher_Tape-600x425.jpg 600w, https:\/\/hpx.eu\/wp-content\/uploads\/2017\/03\/HPX-Tough_Job_Tougher_Tape-300x212.jpg 300w, https:\/\/hpx.eu\/wp-content\/uploads\/2017\/03\/HPX-Tough_Job_Tougher_Tape-768x543.jpg 768w\" sizes=\"auto, (max-width: 800px) 100vw, 800px\" \/><\/p>\n<h1>Benvenuti in HPX<\/h1>\n<p>Offriamo una vasta gamma di nastri adesivi, con soluzioni professionali che soddisfano sempre i pi\u00f9 elevati standard qualitativi. Il marchio HPX \u00e8 nato nel 2004 e da allora il miglioramento e lo sviluppo della qualit\u00e0 sono la nostra priorit\u00e0 assoluta. Inoltre, possiamo vantare oltre 25 anni di esperienza.<\/p>\n<p>HPX detiene un&#8217;importante quota di mercato in diversi Paesi dell&#8217;Europa occidentale e grazie ai nostri partner e distributori. HPX \u00e8 presente in oltre 3.000 punti vendita in 20 Paesi. HPX ha sede a Temse (Belgio) e grazie a questa posizione centrale \u00e8 possibile effettuare consegne rapide ed efficienti.<\/p>\n<p>La gamma HPX comprende dieci diverse categorie di prodotti destinati ad applicazioni automobilistiche, industriali, edilizie e di bricolage.<\/p>\n<section id=\"content_table\">\n<div class=\"content_table right\"><a href=\"\/it\/categorie-produit\/durable-airtight-products\/\"><img loading=\"lazy\" decoding=\"async\" class=\"alignnone size-thumbnail wp-image-10282\" src=\"\n\/wp-content\/uploads\/2021\/04\/IS5025-IS6025-US6025-US9025-AI6025-AR6025-AF3850-Durable_Airtight_Products.jpg\" alt=\"Nastri adesivi a tenuta d\u2019aria\" width=\"150\" height=\"150\"><\/p>\n<h2>Nastri adesivi a tenuta d\u2019aria<\/h2>\n<p><\/a><a href=\"\/it\/categorie-produit\/durable-airtight-products\/\"><\/a><a href=\"\/it\/categorie-produit\/durable-airtight-products\/\"><\/a><a href=\"\/it\/categorie-produit\/durable-airtight-products\/\"><\/a><a href=\"\/it\/categorie-produit\/durable-airtight-products\/\"><\/a><a href=\"\/it\/categorie-produit\/durable-airtight-products\/\"><\/a><a href=\"\/it\/categorie-produit\/durable-airtight-products\/\"><\/a><a href=\"\/it\/categorie-produit\/durable-airtight-products\/\"><\/a><a href=\"\/it\/categorie-produit\/durable-airtight-products\/\"><\/a><a href=\"\/it\/categorie-produit\/durable-airtight-products\/\"><\/a><a href=\"\/it\/categorie-produit\/durable-airtight-products\/\"><\/a><a href=\"\/it\/categorie-produit\/durable-airtight-products\/\"><\/a><a href=\"\/it\/categorie-produit\/durable-airtight-products\/\"><\/a><a href=\"\/it\/categorie-produit\/durable-airtight-products\/\"><\/a><a href=\"\/it\/categorie-produit\/durable-airtight-products\/\"><\/a><a href=\"\/it\/categorie-produit\/durable-airtight-products\/\"><\/a><a href=\"\/it\/categorie-produit\/durable-airtight-products\/\"><\/a><\/p>\n<\/div>\n<div class=\"content_table left\"><a href=\"\/it\/categorie-produit\/duct_tapes-en\/\"><img loading=\"lazy\" decoding=\"async\" class=\"alignnone size-thumbnail wp-image-12197\" src=\"\/wp-content\/uploads\/2020\/03\/HPX_6200_Repair_tape.jpg\n\" alt=\"Nastri adesivi americani\" width=\"150\" height=\"150\"><\/p>\n<h2>Nastri adesivi americani<\/h2>\n<p><\/a><a href=\"\/it\/categorie-produit\/duct_tapes-en\/\"><\/a><a href=\"\/it\/categorie-produit\/duct_tapes-en\/\"><\/a><a href=\"\/it\/categorie-produit\/duct_tapes-en\/\"><\/a><a href=\"\/it\/categorie-produit\/duct_tapes-en\/\"><\/a><a href=\"\/it\/categorie-produit\/duct_tapes-en\/\"><\/a><a href=\"\/it\/categorie-produit\/duct_tapes-en\/\"><\/a><a href=\"\/it\/categorie-produit\/duct_tapes-en\/\"><\/a><a href=\"\/it\/categorie-produit\/duct_tapes-en\/\"><\/a><a href=\"\/it\/categorie-produit\/duct_tapes-en\/\"><\/a><a href=\"\/it\/categorie-produit\/duct_tapes-en\/\"><\/a><a href=\"\/it\/categorie-produit\/duct_tapes-en\/\"><\/a><a href=\"\/it\/categorie-produit\/duct_tapes-en\/\"><\/a><a href=\"\/it\/categorie-produit\/duct_tapes-en\/\"><\/a><a href=\"\/it\/categorie-produit\/duct_tapes-en\/\"><\/a><a href=\"\/it\/categorie-produit\/duct_tapes-en\/\"><\/a><a href=\"\/it\/categorie-produit\/duct_tapes-en\/\"><\/a><\/p>\n<\/div>\n<div class=\"content_table right\"><a href=\"\/it\/categorie-produit\/mounting-tapes\/\"><img loading=\"lazy\" decoding=\"async\" class=\"alignnone size-thumbnail wp-image-10282\" src=\"\n\/wp-content\/uploads\/2020\/03\/HT1902-HT1905-HT1916-Max_Power_Transparent-Mounting_tape.jpg\" alt=\"Nastri adesivi per montaggio\" width=\"150\" height=\"150\"><\/p>\n<h2>Nastri adesivi per montaggio<\/h2>\n<p><\/a><a href=\"\/it\/categorie-produit\/mounting-tapes\/\"><\/a><a href=\"\/it\/categorie-produit\/mounting-tapes\/\"><\/a><a href=\"\/it\/categorie-produit\/mounting-tapes\/\"><\/a><a href=\"\/it\/categorie-produit\/mounting-tapes\/\"><\/a><a href=\"\/it\/categorie-produit\/mounting-tapes\/\"><\/a><a href=\"\/it\/categorie-produit\/mounting-tapes\/\"><\/a><a href=\"\/it\/categorie-produit\/mounting-tapes\/\"><\/a><a href=\"\/it\/categorie-produit\/mounting-tapes\/\"><\/a><a href=\"\/it\/categorie-produit\/mounting-tapes\/\"><\/a><a href=\"\/it\/categorie-produit\/mounting-tapes\/\"><\/a><a href=\"\/it\/categorie-produit\/mounting-tapes\/\"><\/a><a href=\"\/it\/categorie-produit\/mounting-tapes\/\"><\/a><a href=\"\/it\/categorie-produit\/mounting-tapes\/\"><\/a><a href=\"\/it\/categorie-produit\/mounting-tapes\/\"><\/a><a href=\"\/it\/categorie-produit\/mounting-tapes\/\"><\/a><a href=\"\/it\/categorie-produit\/mounting-tapes\/\"><\/a><\/p>\n<\/div>\n<div class=\"content_table left\"><a href=\"\/it\/categorie-produit\/sealing-tapes\/\"><img loading=\"lazy\" decoding=\"async\" class=\"alignnone size-thumbnail wp-image-12181\" src=\"\/wp-content\/uploads\/2020\/03\/AY5020-Alubutyl_tape-50mm_x_20m-5407004561240.jpg\" alt=\"Nastri adesivi sigillanti\" width=\"150\" height=\"150\"><\/p>\n<h2>Nastri adesivi sigillanti<\/h2>\n<p><\/a><a href=\"\/it\/categorie-produit\/sealing-tapes\/\"><\/a><a href=\"\/it\/categorie-produit\/sealing-tapes\/\"><\/a><a href=\"\/it\/categorie-produit\/sealing-tapes\/\"><\/a><a href=\"\/it\/categorie-produit\/sealing-tapes\/\"><\/a><a href=\"\/it\/categorie-produit\/sealing-tapes\/\"><\/a><a href=\"\/it\/categorie-produit\/sealing-tapes\/\"><\/a><a href=\"\/it\/categorie-produit\/sealing-tapes\/\"><\/a><a href=\"\/it\/categorie-produit\/sealing-tapes\/\"><\/a><a href=\"\/it\/categorie-produit\/sealing-tapes\/\"><\/a><a href=\"\/it\/categorie-produit\/sealing-tapes\/\"><\/a><a href=\"\/it\/categorie-produit\/sealing-tapes\/\"><\/a><a href=\"\/it\/categorie-produit\/sealing-tapes\/\"><\/a><a href=\"\/it\/categorie-produit\/sealing-tapes\/\"><\/a><a href=\"\/it\/categorie-produit\/sealing-tapes\/\"><\/a><a href=\"\/it\/categorie-produit\/sealing-tapes\/\"><\/a><a href=\"\/it\/categorie-produit\/sealing-tapes\/\"><\/a><\/p>\n<\/div>\n<div class=\"content_table right\"><a href=\"\/it\/categorie-produit\/masking_tapes-en\/\"><img loading=\"lazy\" decoding=\"async\" class=\"alignnone size-thumbnail wp-image-12209\" src=\"\/wp-content\/uploads\/2020\/03\/MA2550-Masking_tape_60C-cream-25mm_x_50m-8711347178773.jpg\" alt=\"Nastri per mascheratura\" width=\"150\" height=\"150\"><\/p>\n<h2>Nastri per mascheratura<\/h2>\n<p><\/a><a href=\"\/it\/categorie-produit\/masking_tapes-en\/\"><\/a><a href=\"\/it\/categorie-produit\/masking_tapes-en\/\"><\/a><a href=\"\/it\/categorie-produit\/masking_tapes-en\/\"><\/a><a href=\"\/it\/categorie-produit\/masking_tapes-en\/\"><\/a><a href=\"\/it\/categorie-produit\/masking_tapes-en\/\"><\/a><a href=\"\/it\/categorie-produit\/masking_tapes-en\/\"><\/a><a href=\"\/it\/categorie-produit\/masking_tapes-en\/\"><\/a><a href=\"\/it\/categorie-produit\/masking_tapes-en\/\"><\/a><a href=\"\/it\/categorie-produit\/masking_tapes-en\/\"><\/a><a href=\"\/it\/categorie-produit\/masking_tapes-en\/\"><\/a><a href=\"\/it\/categorie-produit\/masking_tapes-en\/\"><\/a><a href=\"\/it\/categorie-produit\/masking_tapes-en\/\"><\/a><a href=\"\/it\/categorie-produit\/masking_tapes-en\/\"><\/a><a href=\"\/it\/categorie-produit\/masking_tapes-en\/\"><\/a><a href=\"\/it\/categorie-produit\/masking_tapes-en\/\"><\/a><a href=\"\/it\/categorie-produit\/masking_tapes-en\/\"><\/a><\/p>\n<\/div>\n<div class=\"content_table left\"><a href=\"\/it\/categorie-produit\/safety-and-marking\/\"><img loading=\"lazy\" decoding=\"async\" class=\"alignnone size-thumbnail wp-image-11101\" src=\"\/wp-content\/uploads\/2020\/03\/HW5033-RW5033-Safety_tape-Security_marking_tape-50mm_x_33m.jpg\" alt=\"Segnalazione e sicurezza\" width=\"150\" height=\"150\"><\/p>\n<h2>Segnalazione e sicurezza<\/h2>\n<p><\/a><a href=\"\/it\/categorie-produit\/safety-and-marking\/\"><\/a><a href=\"\/it\/categorie-produit\/safety-and-marking\/\"><\/a><a href=\"\/it\/categorie-produit\/safety-and-marking\/\"><\/a><a href=\"\/it\/categorie-produit\/safety-and-marking\/\"><\/a><a href=\"\/it\/categorie-produit\/safety-and-marking\/\"><\/a><a href=\"\/it\/categorie-produit\/safety-and-marking\/\"><\/a><a href=\"\/it\/categorie-produit\/safety-and-marking\/\"><\/a><a href=\"\/it\/categorie-produit\/safety-and-marking\/\"><\/a><a href=\"\/it\/categorie-produit\/safety-and-marking\/\"><\/a><a href=\"\/it\/categorie-produit\/safety-and-marking\/\"><\/a><a href=\"\/it\/categorie-produit\/safety-and-marking\/\"><\/a><a href=\"\/it\/categorie-produit\/safety-and-marking\/\"><\/a><a href=\"\/it\/categorie-produit\/safety-and-marking\/\"><\/a><a href=\"\/it\/categorie-produit\/safety-and-marking\/\"><\/a><a href=\"\/it\/categorie-produit\/safety-and-marking\/\"><\/a><a href=\"\/it\/categorie-produit\/safety-and-marking\/\"><\/a><\/p>\n<\/div>\n<div class=\"content_table right\"><a href=\"\/it\/categorie-produit\/specialties\/\"><img loading=\"lazy\" decoding=\"async\" class=\"alignnone size-thumbnail wp-image-11272\" src=\"\/wp-content\/uploads\/2020\/03\/FT5090-Drywall_jointing_tape-Fiberglass_mesh_tape-50mm_x_90m-5407004560151.jpg\" alt=\"Specialit\u00e0\" width=\"150\" height=\"150\"><\/p>\n<h2>Specialit\u00e0<\/h2>\n<p><\/a><a href=\"\/it\/categorie-produit\/specialties\/\"><\/a><a href=\"\/it\/categorie-produit\/specialties\/\"><\/a><a href=\"\/it\/categorie-produit\/specialties\/\"><\/a><a href=\"\/it\/categorie-produit\/specialties\/\"><\/a><a href=\"\/it\/categorie-produit\/specialties\/\"><\/a><a href=\"\/it\/categorie-produit\/specialties\/\"><\/a><a href=\"\/it\/categorie-produit\/specialties\/\"><\/a><a href=\"\/it\/categorie-produit\/specialties\/\"><\/a><a href=\"\/it\/categorie-produit\/specialties\/\"><\/a><a href=\"\/it\/categorie-produit\/specialties\/\"><\/a><a href=\"\/it\/categorie-produit\/specialties\/\"><\/a><a href=\"\/it\/categorie-produit\/specialties\/\"><\/a><a href=\"\/it\/categorie-produit\/specialties\/\"><\/a><a href=\"\/it\/categorie-produit\/specialties\/\"><\/a><a href=\"\/it\/categorie-produit\/specialties\/\"><\/a><a href=\"\/it\/categorie-produit\/specialties\/\"><\/a><\/p>\n<\/div>\n<div class=\"content_table left\"><a href=\"\/it\/categorie-produit\/insulating-tapes\/\"><img loading=\"lazy\" decoding=\"async\" class=\"alignnone size-thumbnail wp-image-11290\" src=\"\/wp-content\/uploads\/2020\/03\/PVC_insulating_tape_5200-black.jpg\" alt=\"Nastri isolanti\" width=\"150\" height=\"150\"><\/p>\n<h2>Nastri isolanti<\/h2>\n<p><\/a><a href=\"\/it\/categorie-produit\/insulating-tapes\/\"><\/a><a href=\"\/it\/categorie-produit\/insulating-tapes\/\"><\/a><a href=\"\/it\/categorie-produit\/insulating-tapes\/\"><\/a><a href=\"\/it\/categorie-produit\/insulating-tapes\/\"><\/a><a href=\"\/it\/categorie-produit\/insulating-tapes\/\"><\/a><a href=\"\/it\/categorie-produit\/insulating-tapes\/\"><\/a><a href=\"\/it\/categorie-produit\/insulating-tapes\/\"><\/a><a href=\"\/it\/categorie-produit\/insulating-tapes\/\"><\/a><a href=\"\/it\/categorie-produit\/insulating-tapes\/\"><\/a><a href=\"\/it\/categorie-produit\/insulating-tapes\/\"><\/a><a href=\"\/it\/categorie-produit\/insulating-tapes\/\"><\/a><a href=\"\/it\/categorie-produit\/insulating-tapes\/\"><\/a><a href=\"\/it\/categorie-produit\/insulating-tapes\/\"><\/a><a href=\"\/it\/categorie-produit\/insulating-tapes\/\"><\/a><a href=\"\/it\/categorie-produit\/insulating-tapes\/\"><\/a><a href=\"\/it\/categorie-produit\/insulating-tapes\/\"><\/a><\/p>\n<\/div>\n<div class=\"content_table right\"><a href=\"\/it\/categorie-produit\/packaging\/\"><img loading=\"lazy\" decoding=\"async\" class=\"alignnone size-thumbnail wp-image-12290\" src=\"\/wp-content\/uploads\/2020\/03\/VB5066-VT5066-Packaging_tape-50mm_x_66m.jpg\" alt=\"Nastri per Imballo\" width=\"150\" height=\"150\"><\/p>\n<h2>Nastri per Imballo<\/h2>\n<p><\/a><a href=\"\/it\/categorie-produit\/packaging\/\"><\/a><a href=\"\/it\/categorie-produit\/packaging\/\"><\/a><a href=\"\/it\/categorie-produit\/packaging\/\"><\/a><a href=\"\/it\/categorie-produit\/packaging\/\"><\/a><a href=\"\/it\/categorie-produit\/packaging\/\"><\/a><a href=\"\/it\/categorie-produit\/packaging\/\"><\/a><a href=\"\/it\/categorie-produit\/packaging\/\"><\/a><a href=\"\/it\/categorie-produit\/packaging\/\"><\/a><a href=\"\/it\/categorie-produit\/packaging\/\"><\/a><a href=\"\/it\/categorie-produit\/packaging\/\"><\/a><a href=\"\/it\/categorie-produit\/packaging\/\"><\/a><a href=\"\/it\/categorie-produit\/packaging\/\"><\/a><a href=\"\/it\/categorie-produit\/packaging\/\"><\/a><a href=\"\/it\/categorie-produit\/packaging\/\"><\/a><a href=\"\/it\/categorie-produit\/packaging\/\"><\/a><a href=\"\/it\/categorie-produit\/packaging\/\"><\/a><\/p>\n<\/div>\n<div class=\"content_table left\"><a href=\"\/it\/categorie-produit\/tapes-in-blister-packs\/\"><img loading=\"lazy\" decoding=\"async\" class=\"alignnone size-thumbnail wp-image-11740\" src=\"\/wp-content\/uploads\/2020\/03\/HT2525-Removable_Transparent-Pads-25mm_x_25mm-5407004561813.jpg\n\" alt=\"Nastri adesivi in blister\" width=\"150\" height=\"150\"><\/p>\n<h2>Nastri adesivi in blister<\/h2>\n<p><\/a><a href=\"\/it\/categorie-produit\/tapes-in-blister-packs\/\"><\/a><a href=\"\/it\/categorie-produit\/tapes-in-blister-packs\/\"><\/a><a href=\"\/it\/categorie-produit\/tapes-in-blister-packs\/\"><\/a><a href=\"\/it\/categorie-produit\/tapes-in-blister-packs\/\"><\/a><a href=\"\/it\/categorie-produit\/tapes-in-blister-packs\/\"><\/a><a href=\"\/it\/categorie-produit\/tapes-in-blister-packs\/\"><\/a><a href=\"\/it\/categorie-produit\/tapes-in-blister-packs\/\"><\/a><a href=\"\/it\/categorie-produit\/tapes-in-blister-packs\/\"><\/a><a href=\"\/it\/categorie-produit\/tapes-in-blister-packs\/\"><\/a><a href=\"\/it\/categorie-produit\/tapes-in-blister-packs\/\"><\/a><a href=\"\/it\/categorie-produit\/tapes-in-blister-packs\/\"><\/a><a href=\"\/it\/categorie-produit\/tapes-in-blister-packs\/\"><\/a><a href=\"\/it\/categorie-produit\/tapes-in-blister-packs\/\"><\/a><a href=\"\/it\/categorie-produit\/tapes-in-blister-packs\/\"><\/a><a href=\"\/it\/categorie-produit\/tapes-in-blister-packs\/\"><\/a><a href=\"\/it\/categorie-produit\/tapes-in-blister-packs\/\"><\/a><\/p>\n<\/div>\n<div class=\"content_table right\"><a href=\"\/it\/categorie-produit\/non-paint-articles\/\"><img loading=\"lazy\" decoding=\"async\" class=\"alignnone size-thumbnail wp-image-12109\" src=\"\/wp-content\/uploads\/2020\/03\/ZCRE04-ZCRE07-Tape__striping_remover.jpg\" alt=\"Altri prodotti\" width=\"150\" height=\"150\"><\/p>\n<h2>Altri prodotti<\/h2>\n<p><\/a><a href=\"\/it\/categorie-produit\/non-paint-articles\/\"><\/a><a href=\"\/it\/categorie-produit\/non-paint-articles\/\"><\/a><a href=\"\/it\/categorie-produit\/non-paint-articles\/\"><\/a><a href=\"\/it\/categorie-produit\/non-paint-articles\/\"><\/a><a href=\"\/it\/categorie-produit\/non-paint-articles\/\"><\/a><a href=\"\/it\/categorie-produit\/non-paint-articles\/\"><\/a><a href=\"\/it\/categorie-produit\/non-paint-articles\/\"><\/a><a href=\"\/it\/categorie-produit\/non-paint-articles\/\"><\/a><a href=\"\/it\/categorie-produit\/non-paint-articles\/\"><\/a><a href=\"\/it\/categorie-produit\/non-paint-articles\/\"><\/a><a href=\"\/it\/categorie-produit\/non-paint-articles\/\"><\/a><a href=\"\/it\/categorie-produit\/non-paint-articles\/\"><\/a><a href=\"\/it\/categorie-produit\/non-paint-articles\/\"><\/a><a href=\"\/it\/categorie-produit\/non-paint-articles\/\"><\/a><a href=\"\/it\/categorie-produit\/non-paint-articles\/\"><\/a><a href=\"\/it\/categorie-produit\/non-paint-articles\/\"><\/a><\/p>\n<\/div>\n<\/section>\n","protected":false},"excerpt":{"rendered":"<p>Benvenuti in HPX Offriamo una vasta gamma di nastri adesivi, con soluzioni professionali che soddisfano sempre i pi\u00f9 elevati standard qualitativi. Il marchio HPX \u00e8 nato nel 2004 e da allora il miglioramento e lo sviluppo della qualit\u00e0 sono la nostra priorit\u00e0 assoluta. Inoltre, possiamo vantare oltre 25 anni di esperienza. HPX detiene un&#8217;importante quota [&hellip;]<\/p>\n","protected":false},"author":1,"featured_media":122835,"parent":0,"menu_order":0,"comment_status":"closed","ping_status":"closed","template":"","meta":{"_exactmetrics_skip_tracking":false,"_exactmetrics_sitenote_active":false,"_exactmetrics_sitenote_note":"","_exactmetrics_sitenote_category":0,"_monsterinsights_skip_tracking":false,"_monsterinsights_sitenote_active":false,"_monsterinsights_sitenote_note":"","_monsterinsights_sitenote_category":0,"_themeisle_gutenberg_block_has_review":false,"footnotes":""},"class_list":["post-134499","page","type-page","status-publish","has-post-thumbnail","hentry","post","post-with-thumbnail","post-with-thumbnail-large"],"yoast_head":"<!-- This site is optimized with the Yoast SEO plugin v27.3 - https:\/\/yoast.com\/product\/yoast-seo-wordpress\/ -->\n<title>HPX - Tough Job, Tougher Tape - HPX<\/title>\n<meta name=\"robots\" content=\"index, follow, max-snippet:-1, max-image-preview:large, max-video-preview:-1\" \/>\n<link rel=\"canonical\" href=\"https:\/\/hpx.eu\/it\/\" \/>\n<meta property=\"og:locale\" content=\"it_IT\" \/>\n<meta property=\"og:type\" content=\"article\" \/>\n<meta property=\"og:title\" content=\"HPX - Tough Job, Tougher Tape - HPX\" \/>\n<meta property=\"og:description\" content=\"Benvenuti in HPX Offriamo una vasta gamma di nastri adesivi, con soluzioni professionali che soddisfano sempre i pi\u00f9 elevati standard qualitativi. Il marchio HPX \u00e8 nato nel 2004 e da allora il miglioramento e lo sviluppo della qualit\u00e0 sono la nostra priorit\u00e0 assoluta. Inoltre, possiamo vantare oltre 25 anni di esperienza. HPX detiene un&#8217;importante quota [&hellip;]\" \/>\n<meta property=\"og:url\" content=\"https:\/\/hpx.eu\/it\/\" \/>\n<meta property=\"og:site_name\" content=\"HPX\" \/>\n<meta property=\"article:publisher\" content=\"https:\/\/www.facebook.com\/HPXtape\/\" \/>\n<meta property=\"article:modified_time\" content=\"2023-01-18T10:27:46+00:00\" \/>\n<meta property=\"og:image\" content=\"https:\/\/hpx.eu\/wp-content\/uploads\/2017\/03\/HPX-Tough_Job_Tougher_Tape.jpg\" \/>\n\t<meta property=\"og:image:width\" content=\"800\" \/>\n\t<meta property=\"og:image:height\" content=\"566\" \/>\n\t<meta property=\"og:image:type\" content=\"image\/jpeg\" \/>\n<meta name=\"twitter:card\" content=\"summary_large_image\" \/>\n<meta name=\"twitter:label1\" content=\"Tempo di lettura stimato\" \/>\n\t<meta name=\"twitter:data1\" content=\"4 minuti\" \/>\n<script type=\"application\/ld+json\" class=\"yoast-schema-graph\">{\"@context\":\"https:\\\/\\\/schema.org\",\"@graph\":[{\"@type\":\"WebPage\",\"@id\":\"https:\\\/\\\/hpx.eu\\\/it\\\/\",\"url\":\"https:\\\/\\\/hpx.eu\\\/it\\\/\",\"name\":\"HPX - Tough Job, Tougher Tape - HPX\",\"isPartOf\":{\"@id\":\"http:\\\/\\\/hpx.eu\\\/it\\\/#website\"},\"primaryImageOfPage\":{\"@id\":\"https:\\\/\\\/hpx.eu\\\/it\\\/#primaryimage\"},\"image\":{\"@id\":\"https:\\\/\\\/hpx.eu\\\/it\\\/#primaryimage\"},\"thumbnailUrl\":\"https:\\\/\\\/hpx.eu\\\/wp-content\\\/uploads\\\/2017\\\/03\\\/HPX-Tough_Job_Tougher_Tape.jpg\",\"datePublished\":\"2023-01-11T12:14:01+00:00\",\"dateModified\":\"2023-01-18T10:27:46+00:00\",\"breadcrumb\":{\"@id\":\"https:\\\/\\\/hpx.eu\\\/it\\\/#breadcrumb\"},\"inLanguage\":\"it-IT\",\"potentialAction\":[{\"@type\":\"ReadAction\",\"target\":[\"https:\\\/\\\/hpx.eu\\\/it\\\/\"]}]},{\"@type\":\"ImageObject\",\"inLanguage\":\"it-IT\",\"@id\":\"https:\\\/\\\/hpx.eu\\\/it\\\/#primaryimage\",\"url\":\"https:\\\/\\\/hpx.eu\\\/wp-content\\\/uploads\\\/2017\\\/03\\\/HPX-Tough_Job_Tougher_Tape.jpg\",\"contentUrl\":\"https:\\\/\\\/hpx.eu\\\/wp-content\\\/uploads\\\/2017\\\/03\\\/HPX-Tough_Job_Tougher_Tape.jpg\",\"width\":800,\"height\":566},{\"@type\":\"BreadcrumbList\",\"@id\":\"https:\\\/\\\/hpx.eu\\\/it\\\/#breadcrumb\",\"itemListElement\":[{\"@type\":\"ListItem\",\"position\":1,\"name\":\"Startseite\",\"item\":\"https:\\\/\\\/hpx.eu\\\/it\\\/\"},{\"@type\":\"ListItem\",\"position\":2,\"name\":\"HPX &#8211; Tough Job, Tougher Tape\"}]},{\"@type\":\"WebSite\",\"@id\":\"http:\\\/\\\/hpx.eu\\\/it\\\/#website\",\"url\":\"http:\\\/\\\/hpx.eu\\\/it\\\/\",\"name\":\"HPX\",\"description\":\"Tough Job, Tougher Tape\",\"publisher\":{\"@id\":\"http:\\\/\\\/hpx.eu\\\/it\\\/#organization\"},\"potentialAction\":[{\"@type\":\"SearchAction\",\"target\":{\"@type\":\"EntryPoint\",\"urlTemplate\":\"http:\\\/\\\/hpx.eu\\\/it\\\/?s={search_term_string}\"},\"query-input\":{\"@type\":\"PropertyValueSpecification\",\"valueRequired\":true,\"valueName\":\"search_term_string\"}}],\"inLanguage\":\"it-IT\"},{\"@type\":\"Organization\",\"@id\":\"http:\\\/\\\/hpx.eu\\\/it\\\/#organization\",\"name\":\"Option Tape Specialties\",\"url\":\"http:\\\/\\\/hpx.eu\\\/it\\\/\",\"logo\":{\"@type\":\"ImageObject\",\"inLanguage\":\"it-IT\",\"@id\":\"http:\\\/\\\/hpx.eu\\\/it\\\/#\\\/schema\\\/logo\\\/image\\\/\",\"url\":\"\",\"contentUrl\":\"\",\"caption\":\"Option Tape Specialties\"},\"image\":{\"@id\":\"http:\\\/\\\/hpx.eu\\\/it\\\/#\\\/schema\\\/logo\\\/image\\\/\"},\"sameAs\":[\"https:\\\/\\\/www.facebook.com\\\/HPXtape\\\/\",\"https:\\\/\\\/www.linkedin.com\\\/company\\\/2913311\\\/\",\"https:\\\/\\\/www.youtube.com\\\/channel\\\/UCCYnFjBGfKw8SPW1hMUCVFg\"]}]}<\/script>\n<!-- \/ Yoast SEO plugin. -->","yoast_head_json":{"title":"HPX - Tough Job, Tougher Tape - HPX","robots":{"index":"index","follow":"follow","max-snippet":"max-snippet:-1","max-image-preview":"max-image-preview:large","max-video-preview":"max-video-preview:-1"},"canonical":"https:\/\/hpx.eu\/it\/","og_locale":"it_IT","og_type":"article","og_title":"HPX - Tough Job, Tougher Tape - HPX","og_description":"Benvenuti in HPX Offriamo una vasta gamma di nastri adesivi, con soluzioni professionali che soddisfano sempre i pi\u00f9 elevati standard qualitativi. Il marchio HPX \u00e8 nato nel 2004 e da allora il miglioramento e lo sviluppo della qualit\u00e0 sono la nostra priorit\u00e0 assoluta. Inoltre, possiamo vantare oltre 25 anni di esperienza. HPX detiene un&#8217;importante quota [&hellip;]","og_url":"https:\/\/hpx.eu\/it\/","og_site_name":"HPX","article_publisher":"https:\/\/www.facebook.com\/HPXtape\/","article_modified_time":"2023-01-18T10:27:46+00:00","og_image":[{"width":800,"height":566,"url":"https:\/\/hpx.eu\/wp-content\/uploads\/2017\/03\/HPX-Tough_Job_Tougher_Tape.jpg","type":"image\/jpeg"}],"twitter_card":"summary_large_image","twitter_misc":{"Tempo di lettura stimato":"4 minuti"},"schema":{"@context":"https:\/\/schema.org","@graph":[{"@type":"WebPage","@id":"https:\/\/hpx.eu\/it\/","url":"https:\/\/hpx.eu\/it\/","name":"HPX - Tough Job, Tougher Tape - HPX","isPartOf":{"@id":"https:\/\/hpx.eu\/it\/#website"},"primaryImageOfPage":{"@id":"https:\/\/hpx.eu\/it\/#primaryimage"},"image":{"@id":"https:\/\/hpx.eu\/it\/#primaryimage"},"thumbnailUrl":"https:\/\/hpx.eu\/wp-content\/uploads\/2017\/03\/HPX-Tough_Job_Tougher_Tape.jpg","datePublished":"2023-01-11T12:14:01+00:00","dateModified":"2023-01-18T10:27:46+00:00","breadcrumb":{"@id":"https:\/\/hpx.eu\/it\/#breadcrumb"},"inLanguage":"it-IT","potentialAction":[{"@type":"ReadAction","target":["https:\/\/hpx.eu\/it\/"]}]},{"@type":"ImageObject","inLanguage":"it-IT","@id":"https:\/\/hpx.eu\/it\/#primaryimage","url":"https:\/\/hpx.eu\/wp-content\/uploads\/2017\/03\/HPX-Tough_Job_Tougher_Tape.jpg","contentUrl":"https:\/\/hpx.eu\/wp-content\/uploads\/2017\/03\/HPX-Tough_Job_Tougher_Tape.jpg","width":800,"height":566},{"@type":"BreadcrumbList","@id":"https:\/\/hpx.eu\/it\/#breadcrumb","itemListElement":[{"@type":"ListItem","position":1,"name":"Startseite","item":"https:\/\/hpx.eu\/it\/"},{"@type":"ListItem","position":2,"name":"HPX &#8211; Tough Job, Tougher Tape"}]},{"@type":"WebSite","@id":"https:\/\/hpx.eu\/it\/#website","url":"https:\/\/hpx.eu\/it\/","name":"HPX","description":"Tough Job, Tougher Tape","publisher":{"@id":"https:\/\/hpx.eu\/it\/#organization"},"potentialAction":[{"@type":"SearchAction","target":{"@type":"EntryPoint","urlTemplate":"https:\/\/hpx.eu\/it\/?s={search_term_string}"},"query-input":{"@type":"PropertyValueSpecification","valueRequired":true,"valueName":"search_term_string"}}],"inLanguage":"it-IT"},{"@type":"Organization","@id":"https:\/\/hpx.eu\/it\/#organization","name":"Option Tape Specialties","url":"https:\/\/hpx.eu\/it\/","logo":{"@type":"ImageObject","inLanguage":"it-IT","@id":"https:\/\/hpx.eu\/it\/#\/schema\/logo\/image\/","url":"","contentUrl":"","caption":"Option Tape Specialties"},"image":{"@id":"https:\/\/hpx.eu\/it\/#\/schema\/logo\/image\/"},"sameAs":["https:\/\/www.facebook.com\/HPXtape\/","https:\/\/www.linkedin.com\/company\/2913311\/","https:\/\/www.youtube.com\/channel\/UCCYnFjBGfKw8SPW1hMUCVFg"]}]}},"_links":{"self":[{"href":"https:\/\/hpx.eu\/it\/wp-json\/wp\/v2\/pages\/134499","targetHints":{"allow":["GET"]}}],"collection":[{"href":"https:\/\/hpx.eu\/it\/wp-json\/wp\/v2\/pages"}],"about":[{"href":"https:\/\/hpx.eu\/it\/wp-json\/wp\/v2\/types\/page"}],"author":[{"embeddable":true,"href":"https:\/\/hpx.eu\/it\/wp-json\/wp\/v2\/users\/1"}],"replies":[{"embeddable":true,"href":"https:\/\/hpx.eu\/it\/wp-json\/wp\/v2\/comments?post=134499"}],"version-history":[{"count":2,"href":"https:\/\/hpx.eu\/it\/wp-json\/wp\/v2\/pages\/134499\/revisions"}],"predecessor-version":[{"id":145037,"href":"https:\/\/hpx.eu\/it\/wp-json\/wp\/v2\/pages\/134499\/revisions\/145037"}],"wp:featuredmedia":[{"embeddable":true,"href":"https:\/\/hpx.eu\/it\/wp-json\/wp\/v2\/media\/122835"}],"wp:attachment":[{"href":"https:\/\/hpx.eu\/it\/wp-json\/wp\/v2\/media?parent=134499"}],"curies":[{"name":"wp","href":"https:\/\/api.w.org\/{rel}","templated":true}]}}