{"id":173517,"date":"2025-07-14T10:11:37","date_gmt":"2025-07-14T08:11:37","guid":{"rendered":"https:\/\/hpx.eu\/product\/airtight-roof-8800\/"},"modified":"2025-07-14T10:11:43","modified_gmt":"2025-07-14T08:11:43","slug":"airtight-roof-8800","status":"publish","type":"product","link":"https:\/\/hpx.eu\/fr\/product\/airtight-roof-8800\/","title":{"rendered":"AIRTIGHT ROOF <span class=\"productNr\">8800<\/span>"},"content":{"rendered":"<p>&nbsp;<\/p>\n","protected":false},"excerpt":{"rendered":"<ul class=\"product_UPS\">\n<li>Ruban adh\u00e9sif simple face de scellement et de collage rendant les films de sous-toiture des toits pentus \u00e9tanches aux intemp\u00e9ries<\/li>\n<li>Ruban adh\u00e9sif avec support en polypropyl\u00e8ne fil\u00e9\/li\u00e9 (Spunbond), trait\u00e9 contre l\u2019humidit\u00e9 et la moisissure afin de prolonger la dur\u00e9e de vie des mat\u00e9riaux de construction<\/li>\n<li>Bon pour la dilatation thermique et le mouvement de l\u2019enveloppe\/enceinte du b\u00e2timent<\/li>\n<li>Possibilit\u00e9 de pl\u00e2trer par-dessus<\/li>\n<li>Bonne adh\u00e9rence sur surfaces non polaires, \u00e0 faible \u00e9nergie de surface (LSE) et sur HDPE\/PP\/PE non tiss\u00e9s<\/li>\n<li>Tenue en temp\u00e9rature : Jusqu\u2019\u00e0 -10\u00b0C (application id\u00e9ale entre +5\u00b0C &#038; +35\u00b0C)<\/li>\n<li>DIN 4108\/7 et DIN 4108\/11<\/li>\n<li>EMICODE EC1 plus<\/li>\n<li>Ne contient pas de solvants<\/li>\n<li><\/li>\n<\/ul>\n<table class=\"product_table\">\n<thead>\n<tr>\n<th>R\u00e9f. Art.<\/th>\n<th>largeur<\/th>\n<th>longueur<\/th>\n<th>couleur<\/th>\n<th>Emb.<\/th>\n<th>Gencod<\/th>\n<\/tr>\n<\/thead>\n<tbody>\n<tr>\n<td>AR6025<\/td>\n<td>60 mm<\/td>\n<td>25 m<\/td>\n<td>gris<\/td>\n<td>16<\/td>\n<td>5407004563985<\/td>\n<\/tr>\n<tr>\n<td><\/td>\n<td><\/td>\n<td><\/td>\n<td><\/td>\n<td><\/td>\n<td><\/td>\n<\/tr>\n<tr>\n<td><\/td>\n<td><\/td>\n<td><\/td>\n<td><\/td>\n<td><\/td>\n<td><\/td>\n<\/tr>\n<tr>\n<td><\/td>\n<td><\/td>\n<td><\/td>\n<td><\/td>\n<td><\/td>\n<td><\/td>\n<\/tr>\n<tr>\n<td><\/td>\n<td><\/td>\n<td><\/td>\n<td><\/td>\n<td><\/td>\n<td><\/td>\n<\/tr>\n<tr>\n<td><\/td>\n<td><\/td>\n<td><\/td>\n<td><\/td>\n<td><\/td>\n<td><\/td>\n<\/tr>\n<tr>\n<td><\/td>\n<td><\/td>\n<td><\/td>\n<td><\/td>\n<td><\/td>\n<td><\/td>\n<\/tr>\n<tr>\n<td><\/td>\n<td><\/td>\n<td><\/td>\n<td><\/td>\n<td><\/td>\n<td><\/td>\n<\/tr>\n<tr>\n<td><\/td>\n<td><\/td>\n<td><\/td>\n<td><\/td>\n<td><\/td>\n<td><\/td>\n<\/tr>\n<tr>\n<td><\/td>\n<td><\/td>\n<td><\/td>\n<td><\/td>\n<td><\/td>\n<td><\/td>\n<\/tr>\n<tr>\n<td><\/td>\n<td><\/td>\n<td><\/td>\n<td><\/td>\n<td><\/td>\n<td><\/td>\n<\/tr>\n<tr>\n<td><\/td>\n<td><\/td>\n<td><\/td>\n<td><\/td>\n<td><\/td>\n<td><\/td>\n<\/tr>\n<tr>\n<td><\/td>\n<td><\/td>\n<td><\/td>\n<td><\/td>\n<td><\/td>\n<td><\/td>\n<\/tr>\n<tr>\n<td><\/td>\n<td><\/td>\n<td><\/td>\n<td><\/td>\n<td><\/td>\n<td><\/td>\n<\/tr>\n<tr>\n<td><\/td>\n<td><\/td>\n<td><\/td>\n<td><\/td>\n<td><\/td>\n<td><\/td>\n<\/tr>\n<tr>\n<td><\/td>\n<td><\/td>\n<td><\/td>\n<td><\/td>\n<td><\/td>\n<td><\/td>\n<\/tr>\n<tr>\n<td><\/td>\n<td><\/td>\n<td><\/td>\n<td><\/td>\n<td><\/td>\n<td><\/td>\n<\/tr>\n<tr>\n<td><\/td>\n<td><\/td>\n<td><\/td>\n<td><\/td>\n<td><\/td>\n<td><\/td>\n<\/tr>\n<\/tbody>\n<\/table>\n<div class=\"product_characteristics\">\n<p><b>Adh\u00e9sif: <\/b><span>acrylique<\/span><\/p>\n<p><b>Support: <\/b><span>polypropyl\u00e8ne file\/li\u00e9 (Spunbond)<\/span><\/p>\n<p><b>Tenue en temp\u00e9rature: <\/b><span>-30\u00b0C &#8211; +100\u00b0C<\/span><\/p>\n<p><b>Charge de rupture: <\/b><span><\/span><\/p>\n<p><b>Pouvoir adh\u00e9sif: <\/b><span>30 N\/25 mm<\/span><\/p>\n<p><b>R\u00e9sistance au cisaillement: <\/b><span><\/span><\/p>\n<p><b>Epaisseur: <\/b><span>0,55 mm<\/span><\/p>\n<p><b>Tension de rupture: <\/b><span><\/span><\/p>\n<\/p><\/div>\n<p>  <a href=\"https:\/\/drive.google.com\/uc?id=1Sa3xvksYo2S8GuGoqyn3UOqoWiqSHf9z&#038;export=download\" class=\"btnHPX\" target=\"_blank\"><i class=\"fa fa-download\" aria-hidden=\"true\"><\/i>Download Technical Data Sheet<\/a><\/p>\n","protected":false},"featured_media":106999,"comment_status":"closed","ping_status":"open","template":"","meta":{"_exactmetrics_skip_tracking":false,"_exactmetrics_sitenote_active":false,"_exactmetrics_sitenote_note":"","_exactmetrics_sitenote_category":0,"_monsterinsights_skip_tracking":false,"_monsterinsights_sitenote_active":false,"_monsterinsights_sitenote_note":"","_monsterinsights_sitenote_category":0,"_themeisle_gutenberg_block_has_review":false},"product_brand":[],"product_cat":[1011],"product_tag":[],"class_list":{"0":"post-173517","1":"product","2":"type-product","3":"status-publish","4":"has-post-thumbnail","6":"product_cat-produits-daposetancheite-durables","7":"post","8":"post-with-thumbnail","9":"post-with-thumbnail-large","11":"first","12":"instock","13":"product-type-simple"},"yoast_head":"<!-- This site is optimized with the Yoast SEO plugin v27.3 - https:\/\/yoast.com\/product\/yoast-seo-wordpress\/ -->\n<title>AIRTIGHT ROOF | HPX<\/title>\n<meta name=\"description\" content=\"Ruban adh\u00e9sif simple face de scellement et de collage rendant les films de sous-toiture des toits pentus \u00e9tanches aux intemp\u00e9ries | Produits d&amp;apos;\u00e9tanch\u00e9it\u00e9 durables | AIRTIGHT ROOF | HPX\" \/>\n<meta name=\"robots\" content=\"index, follow, max-snippet:-1, max-image-preview:large, max-video-preview:-1\" \/>\n<link rel=\"canonical\" href=\"https:\/\/hpx.eu\/fr\/product\/airtight-roof-8800\/\" \/>\n<meta property=\"og:locale\" content=\"fr_FR\" \/>\n<meta property=\"og:type\" content=\"article\" \/>\n<meta property=\"og:title\" content=\"AIRTIGHT ROOF | HPX\" \/>\n<meta property=\"og:description\" content=\"Ruban adh\u00e9sif simple face de scellement et de collage rendant les films de sous-toiture des toits pentus \u00e9tanches aux intemp\u00e9ries | Produits d&amp;apos;\u00e9tanch\u00e9it\u00e9 durables | AIRTIGHT ROOF | HPX\" \/>\n<meta property=\"og:url\" content=\"https:\/\/hpx.eu\/fr\/product\/airtight-roof-8800\/\" \/>\n<meta property=\"og:site_name\" content=\"HPX\" \/>\n<meta property=\"article:publisher\" content=\"https:\/\/www.facebook.com\/HPXtape\/\" \/>\n<meta property=\"article:modified_time\" content=\"2025-07-14T08:11:43+00:00\" \/>\n<meta property=\"og:image\" content=\"https:\/\/hpx.eu\/wp-content\/uploads\/2021\/04\/AR6025-Airtight_Roof-grey-60mm_x_25m-5407004563985.jpg\" \/>\n\t<meta property=\"og:image:width\" content=\"800\" \/>\n\t<meta property=\"og:image:height\" content=\"800\" \/>\n\t<meta property=\"og:image:type\" content=\"image\/jpeg\" \/>\n<meta name=\"twitter:card\" content=\"summary_large_image\" \/>\n<script type=\"application\/ld+json\" class=\"yoast-schema-graph\">{\"@context\":\"https:\\\/\\\/schema.org\",\"@graph\":[{\"@type\":\"WebPage\",\"@id\":\"https:\\\/\\\/hpx.eu\\\/fr\\\/product\\\/airtight-roof-8800\\\/\",\"url\":\"https:\\\/\\\/hpx.eu\\\/fr\\\/product\\\/airtight-roof-8800\\\/\",\"name\":\"AIRTIGHT ROOF | HPX\",\"isPartOf\":{\"@id\":\"http:\\\/\\\/hpx.eu\\\/fr\\\/#website\"},\"primaryImageOfPage\":{\"@id\":\"https:\\\/\\\/hpx.eu\\\/fr\\\/product\\\/airtight-roof-8800\\\/#primaryimage\"},\"image\":{\"@id\":\"https:\\\/\\\/hpx.eu\\\/fr\\\/product\\\/airtight-roof-8800\\\/#primaryimage\"},\"thumbnailUrl\":\"https:\\\/\\\/hpx.eu\\\/wp-content\\\/uploads\\\/2021\\\/04\\\/AR6025-Airtight_Roof-grey-60mm_x_25m-5407004563985.jpg\",\"datePublished\":\"2025-07-14T08:11:37+00:00\",\"dateModified\":\"2025-07-14T08:11:43+00:00\",\"description\":\"Ruban adh\u00e9sif simple face de scellement et de collage rendant les films de sous-toiture des toits pentus \u00e9tanches aux intemp\u00e9ries | Produits d&apos;\u00e9tanch\u00e9it\u00e9 durables | AIRTIGHT ROOF | HPX\",\"breadcrumb\":{\"@id\":\"https:\\\/\\\/hpx.eu\\\/fr\\\/product\\\/airtight-roof-8800\\\/#breadcrumb\"},\"inLanguage\":\"fr-FR\",\"potentialAction\":[{\"@type\":\"ReadAction\",\"target\":[\"https:\\\/\\\/hpx.eu\\\/fr\\\/product\\\/airtight-roof-8800\\\/\"]}]},{\"@type\":\"ImageObject\",\"inLanguage\":\"fr-FR\",\"@id\":\"https:\\\/\\\/hpx.eu\\\/fr\\\/product\\\/airtight-roof-8800\\\/#primaryimage\",\"url\":\"https:\\\/\\\/hpx.eu\\\/wp-content\\\/uploads\\\/2021\\\/04\\\/AR6025-Airtight_Roof-grey-60mm_x_25m-5407004563985.jpg\",\"contentUrl\":\"https:\\\/\\\/hpx.eu\\\/wp-content\\\/uploads\\\/2021\\\/04\\\/AR6025-Airtight_Roof-grey-60mm_x_25m-5407004563985.jpg\",\"width\":800,\"height\":800,\"caption\":\"AIRTIGHT ROOF | HPX\"},{\"@type\":\"BreadcrumbList\",\"@id\":\"https:\\\/\\\/hpx.eu\\\/fr\\\/product\\\/airtight-roof-8800\\\/#breadcrumb\",\"itemListElement\":[{\"@type\":\"ListItem\",\"position\":1,\"name\":\"Startseite\",\"item\":\"http:\\\/\\\/hpx.eu\\\/fr\\\/\"},{\"@type\":\"ListItem\",\"position\":2,\"name\":\"Produits\",\"item\":\"http:\\\/\\\/hpx.eu\\\/fr\\\/produits\\\/\"},{\"@type\":\"ListItem\",\"position\":3,\"name\":\"AIRTIGHT ROOF 8800\"}]},{\"@type\":\"WebSite\",\"@id\":\"http:\\\/\\\/hpx.eu\\\/fr\\\/#website\",\"url\":\"http:\\\/\\\/hpx.eu\\\/fr\\\/\",\"name\":\"HPX\",\"description\":\"Tough Job, Tougher Tape\",\"publisher\":{\"@id\":\"http:\\\/\\\/hpx.eu\\\/fr\\\/#organization\"},\"potentialAction\":[{\"@type\":\"SearchAction\",\"target\":{\"@type\":\"EntryPoint\",\"urlTemplate\":\"http:\\\/\\\/hpx.eu\\\/fr\\\/?s={search_term_string}\"},\"query-input\":{\"@type\":\"PropertyValueSpecification\",\"valueRequired\":true,\"valueName\":\"search_term_string\"}}],\"inLanguage\":\"fr-FR\"},{\"@type\":\"Organization\",\"@id\":\"http:\\\/\\\/hpx.eu\\\/fr\\\/#organization\",\"name\":\"Option Tape Specialties\",\"url\":\"http:\\\/\\\/hpx.eu\\\/fr\\\/\",\"logo\":{\"@type\":\"ImageObject\",\"inLanguage\":\"fr-FR\",\"@id\":\"http:\\\/\\\/hpx.eu\\\/fr\\\/#\\\/schema\\\/logo\\\/image\\\/\",\"url\":\"\",\"contentUrl\":\"\",\"caption\":\"Option Tape Specialties\"},\"image\":{\"@id\":\"http:\\\/\\\/hpx.eu\\\/fr\\\/#\\\/schema\\\/logo\\\/image\\\/\"},\"sameAs\":[\"https:\\\/\\\/www.facebook.com\\\/HPXtape\\\/\",\"https:\\\/\\\/www.linkedin.com\\\/company\\\/2913311\\\/\",\"https:\\\/\\\/www.youtube.com\\\/channel\\\/UCCYnFjBGfKw8SPW1hMUCVFg\"]}]}<\/script>\n<!-- \/ Yoast SEO plugin. -->","yoast_head_json":{"title":"AIRTIGHT ROOF | HPX","description":"Ruban adh\u00e9sif simple face de scellement et de collage rendant les films de sous-toiture des toits pentus \u00e9tanches aux intemp\u00e9ries | Produits d&apos;\u00e9tanch\u00e9it\u00e9 durables | AIRTIGHT ROOF | HPX","robots":{"index":"index","follow":"follow","max-snippet":"max-snippet:-1","max-image-preview":"max-image-preview:large","max-video-preview":"max-video-preview:-1"},"canonical":"https:\/\/hpx.eu\/fr\/product\/airtight-roof-8800\/","og_locale":"fr_FR","og_type":"article","og_title":"AIRTIGHT ROOF | HPX","og_description":"Ruban adh\u00e9sif simple face de scellement et de collage rendant les films de sous-toiture des toits pentus \u00e9tanches aux intemp\u00e9ries | Produits d&apos;\u00e9tanch\u00e9it\u00e9 durables | AIRTIGHT ROOF | HPX","og_url":"https:\/\/hpx.eu\/fr\/product\/airtight-roof-8800\/","og_site_name":"HPX","article_publisher":"https:\/\/www.facebook.com\/HPXtape\/","article_modified_time":"2025-07-14T08:11:43+00:00","og_image":[{"width":800,"height":800,"url":"https:\/\/hpx.eu\/wp-content\/uploads\/2021\/04\/AR6025-Airtight_Roof-grey-60mm_x_25m-5407004563985.jpg","type":"image\/jpeg"}],"twitter_card":"summary_large_image","schema":{"@context":"https:\/\/schema.org","@graph":[{"@type":"WebPage","@id":"https:\/\/hpx.eu\/fr\/product\/airtight-roof-8800\/","url":"https:\/\/hpx.eu\/fr\/product\/airtight-roof-8800\/","name":"AIRTIGHT ROOF | HPX","isPartOf":{"@id":"https:\/\/hpx.eu\/fr\/#website"},"primaryImageOfPage":{"@id":"https:\/\/hpx.eu\/fr\/product\/airtight-roof-8800\/#primaryimage"},"image":{"@id":"https:\/\/hpx.eu\/fr\/product\/airtight-roof-8800\/#primaryimage"},"thumbnailUrl":"https:\/\/hpx.eu\/wp-content\/uploads\/2021\/04\/AR6025-Airtight_Roof-grey-60mm_x_25m-5407004563985.jpg","datePublished":"2025-07-14T08:11:37+00:00","dateModified":"2025-07-14T08:11:43+00:00","description":"Ruban adh\u00e9sif simple face de scellement et de collage rendant les films de sous-toiture des toits pentus \u00e9tanches aux intemp\u00e9ries | Produits d&apos;\u00e9tanch\u00e9it\u00e9 durables | AIRTIGHT ROOF | HPX","breadcrumb":{"@id":"https:\/\/hpx.eu\/fr\/product\/airtight-roof-8800\/#breadcrumb"},"inLanguage":"fr-FR","potentialAction":[{"@type":"ReadAction","target":["https:\/\/hpx.eu\/fr\/product\/airtight-roof-8800\/"]}]},{"@type":"ImageObject","inLanguage":"fr-FR","@id":"https:\/\/hpx.eu\/fr\/product\/airtight-roof-8800\/#primaryimage","url":"https:\/\/hpx.eu\/wp-content\/uploads\/2021\/04\/AR6025-Airtight_Roof-grey-60mm_x_25m-5407004563985.jpg","contentUrl":"https:\/\/hpx.eu\/wp-content\/uploads\/2021\/04\/AR6025-Airtight_Roof-grey-60mm_x_25m-5407004563985.jpg","width":800,"height":800,"caption":"AIRTIGHT ROOF | HPX"},{"@type":"BreadcrumbList","@id":"https:\/\/hpx.eu\/fr\/product\/airtight-roof-8800\/#breadcrumb","itemListElement":[{"@type":"ListItem","position":1,"name":"Startseite","item":"https:\/\/hpx.eu\/fr\/"},{"@type":"ListItem","position":2,"name":"Produits","item":"https:\/\/hpx.eu\/fr\/produits\/"},{"@type":"ListItem","position":3,"name":"AIRTIGHT ROOF 8800"}]},{"@type":"WebSite","@id":"https:\/\/hpx.eu\/fr\/#website","url":"https:\/\/hpx.eu\/fr\/","name":"HPX","description":"Tough Job, Tougher Tape","publisher":{"@id":"https:\/\/hpx.eu\/fr\/#organization"},"potentialAction":[{"@type":"SearchAction","target":{"@type":"EntryPoint","urlTemplate":"https:\/\/hpx.eu\/fr\/?s={search_term_string}"},"query-input":{"@type":"PropertyValueSpecification","valueRequired":true,"valueName":"search_term_string"}}],"inLanguage":"fr-FR"},{"@type":"Organization","@id":"https:\/\/hpx.eu\/fr\/#organization","name":"Option Tape Specialties","url":"https:\/\/hpx.eu\/fr\/","logo":{"@type":"ImageObject","inLanguage":"fr-FR","@id":"https:\/\/hpx.eu\/fr\/#\/schema\/logo\/image\/","url":"","contentUrl":"","caption":"Option Tape Specialties"},"image":{"@id":"https:\/\/hpx.eu\/fr\/#\/schema\/logo\/image\/"},"sameAs":["https:\/\/www.facebook.com\/HPXtape\/","https:\/\/www.linkedin.com\/company\/2913311\/","https:\/\/www.youtube.com\/channel\/UCCYnFjBGfKw8SPW1hMUCVFg"]}]}},"_links":{"self":[{"href":"https:\/\/hpx.eu\/fr\/wp-json\/wp\/v2\/product\/173517","targetHints":{"allow":["GET"]}}],"collection":[{"href":"https:\/\/hpx.eu\/fr\/wp-json\/wp\/v2\/product"}],"about":[{"href":"https:\/\/hpx.eu\/fr\/wp-json\/wp\/v2\/types\/product"}],"replies":[{"embeddable":true,"href":"https:\/\/hpx.eu\/fr\/wp-json\/wp\/v2\/comments?post=173517"}],"wp:featuredmedia":[{"embeddable":true,"href":"https:\/\/hpx.eu\/fr\/wp-json\/wp\/v2\/media\/106999"}],"wp:attachment":[{"href":"https:\/\/hpx.eu\/fr\/wp-json\/wp\/v2\/media?parent=173517"}],"wp:term":[{"taxonomy":"product_brand","embeddable":true,"href":"https:\/\/hpx.eu\/fr\/wp-json\/wp\/v2\/product_brand?post=173517"},{"taxonomy":"product_cat","embeddable":true,"href":"https:\/\/hpx.eu\/fr\/wp-json\/wp\/v2\/product_cat?post=173517"},{"taxonomy":"product_tag","embeddable":true,"href":"https:\/\/hpx.eu\/fr\/wp-json\/wp\/v2\/product_tag?post=173517"}],"curies":[{"name":"wp","href":"https:\/\/api.w.org\/{rel}","templated":true}]}}