{"id":173477,"date":"2025-07-14T10:10:50","date_gmt":"2025-07-14T08:10:50","guid":{"rendered":"https:\/\/hpx.eu\/product\/power-bond-3200\/"},"modified":"2025-07-15T09:09:13","modified_gmt":"2025-07-15T07:09:13","slug":"power-bond-3200","status":"publish","type":"product","link":"https:\/\/hpx.eu\/fr\/product\/power-bond-3200\/","title":{"rendered":"POWER BOND <span class=\"productNr\">3200<\/span>"},"content":{"rendered":"","protected":false},"excerpt":{"rendered":"<ul class=\"product_UPS\">\n<li>Pads adh\u00e9sif acrylique double face \u00e0 tr\u00e8s forte adh\u00e9rence<\/li>\n<li>Destin\u00e9 \u00e0 la fixation des embl\u00e8mes, supports PDA\/portables, r\u00e9troviseurs, etc.<\/li>\n<li>Bonne adh\u00e9sion au m\u00e9tal, au verre et \u00e0 la plupart des mati\u00e8res synth\u00e9tiques<\/li>\n<li>Bien repositionnable<\/li>\n<li>2 pads 28 x 40 mm, 2 pads 28 x 15 mm<\/li>\n<li><\/li>\n<li><\/li>\n<li><\/li>\n<li><\/li>\n<li><\/li>\n<\/ul>\n<table class=\"product_table\">\n<thead>\n<tr>\n<th>R\u00e9f. Art.<\/th>\n<th>largeur<\/th>\n<th>longueur<\/th>\n<th>couleur<\/th>\n<th>Emb.<\/th>\n<th>Gencod<\/th>\n<\/tr>\n<\/thead>\n<tbody>\n<tr>\n<td>PB1000<\/td>\n<td><\/td>\n<td><\/td>\n<td>noir<\/td>\n<td>20<\/td>\n<td>5425014220346<\/td>\n<\/tr>\n<tr>\n<td><\/td>\n<td><\/td>\n<td><\/td>\n<td><\/td>\n<td><\/td>\n<td><\/td>\n<\/tr>\n<tr>\n<td><\/td>\n<td><\/td>\n<td><\/td>\n<td><\/td>\n<td><\/td>\n<td><\/td>\n<\/tr>\n<tr>\n<td><\/td>\n<td><\/td>\n<td><\/td>\n<td><\/td>\n<td><\/td>\n<td><\/td>\n<\/tr>\n<tr>\n<td><\/td>\n<td><\/td>\n<td><\/td>\n<td><\/td>\n<td><\/td>\n<td><\/td>\n<\/tr>\n<tr>\n<td><\/td>\n<td><\/td>\n<td><\/td>\n<td><\/td>\n<td><\/td>\n<td><\/td>\n<\/tr>\n<tr>\n<td><\/td>\n<td><\/td>\n<td><\/td>\n<td><\/td>\n<td><\/td>\n<td><\/td>\n<\/tr>\n<tr>\n<td><\/td>\n<td><\/td>\n<td><\/td>\n<td><\/td>\n<td><\/td>\n<td><\/td>\n<\/tr>\n<tr>\n<td><\/td>\n<td><\/td>\n<td><\/td>\n<td><\/td>\n<td><\/td>\n<td><\/td>\n<\/tr>\n<tr>\n<td><\/td>\n<td><\/td>\n<td><\/td>\n<td><\/td>\n<td><\/td>\n<td><\/td>\n<\/tr>\n<tr>\n<td><\/td>\n<td><\/td>\n<td><\/td>\n<td><\/td>\n<td><\/td>\n<td><\/td>\n<\/tr>\n<tr>\n<td><\/td>\n<td><\/td>\n<td><\/td>\n<td><\/td>\n<td><\/td>\n<td><\/td>\n<\/tr>\n<tr>\n<td><\/td>\n<td><\/td>\n<td><\/td>\n<td><\/td>\n<td><\/td>\n<td><\/td>\n<\/tr>\n<tr>\n<td><\/td>\n<td><\/td>\n<td><\/td>\n<td><\/td>\n<td><\/td>\n<td><\/td>\n<\/tr>\n<tr>\n<td><\/td>\n<td><\/td>\n<td><\/td>\n<td><\/td>\n<td><\/td>\n<td><\/td>\n<\/tr>\n<tr>\n<td><\/td>\n<td><\/td>\n<td><\/td>\n<td><\/td>\n<td><\/td>\n<td><\/td>\n<\/tr>\n<tr>\n<td><\/td>\n<td><\/td>\n<td><\/td>\n<td><\/td>\n<td><\/td>\n<td><\/td>\n<\/tr>\n<tr>\n<td><\/td>\n<td><\/td>\n<td><\/td>\n<td><\/td>\n<td><\/td>\n<td><\/td>\n<\/tr>\n<\/tbody>\n<\/table>\n<div class=\"product_characteristics\">\n<p><b>Adh\u00e9sif: <\/b>acrylique<\/p>\n<p><b>Support: <\/b>mousse acrylique<\/p>\n<p><b>Tenue en temp\u00e9rature: <\/b>93\u00b0C (temporairement jusqu&rsquo;\u00e0 150\u00b0C)<\/p>\n<p><b>Charge de rupture: <\/b><\/p>\n<p><b>Pouvoir adh\u00e9sif: <\/b>53 N\/25 mm<\/p>\n<p><b>R\u00e9sistance au cisaillement: <\/b><\/p>\n<p><b>Epaisseur: <\/b>1,10 mm<\/p>\n<p><b>Tension de rupture: <\/b><\/p>\n<\/div>\n<p><a class=\"btnHPX\" href=\"https:\/\/drive.google.com\/uc?id=1TtsZ25Umwa9Q3A8Xr8xPphr1QAQ6lPUo&amp;export=download\" target=\"_blank\" rel=\"noopener\"><i class=\"fa fa-download\" aria-hidden=\"true\"><\/i>Download Technical Data Sheet<\/a><\/p>\n","protected":false},"featured_media":96217,"comment_status":"closed","ping_status":"closed","template":"","meta":{"_exactmetrics_skip_tracking":false,"_exactmetrics_sitenote_active":false,"_exactmetrics_sitenote_note":"","_exactmetrics_sitenote_category":0,"_monsterinsights_skip_tracking":false,"_monsterinsights_sitenote_active":false,"_monsterinsights_sitenote_note":"","_monsterinsights_sitenote_category":0,"_themeisle_gutenberg_block_has_review":false},"product_brand":[],"product_cat":[963],"product_tag":[],"class_list":{"0":"post-173477","1":"product","2":"type-product","3":"status-publish","4":"has-post-thumbnail","6":"product_cat-rubans-adhesifs-en-blister","7":"post","8":"post-with-thumbnail","9":"post-with-thumbnail-large","11":"first","12":"instock","13":"product-type-simple"},"yoast_head":"<!-- This site is optimized with the Yoast SEO plugin v27.3 - https:\/\/yoast.com\/product\/yoast-seo-wordpress\/ -->\n<title>POWER BOND | HPX<\/title>\n<meta name=\"description\" content=\"Pads adh\u00e9sif acrylique double face \u00e0 tr\u00e8s forte adh\u00e9rence | Rubans adh\u00e9sifs en blister | POWER BOND | HPX\" \/>\n<meta name=\"robots\" content=\"index, follow, max-snippet:-1, max-image-preview:large, max-video-preview:-1\" \/>\n<link rel=\"canonical\" href=\"https:\/\/hpx.eu\/fr\/product\/power-bond-3200\/\" \/>\n<meta property=\"og:locale\" content=\"fr_FR\" \/>\n<meta property=\"og:type\" content=\"article\" \/>\n<meta property=\"og:title\" content=\"POWER BOND | HPX\" \/>\n<meta property=\"og:description\" content=\"Pads adh\u00e9sif acrylique double face \u00e0 tr\u00e8s forte adh\u00e9rence | Rubans adh\u00e9sifs en blister | POWER BOND | HPX\" \/>\n<meta property=\"og:url\" content=\"https:\/\/hpx.eu\/fr\/product\/power-bond-3200\/\" \/>\n<meta property=\"og:site_name\" content=\"HPX\" \/>\n<meta property=\"article:publisher\" content=\"https:\/\/www.facebook.com\/HPXtape\/\" \/>\n<meta property=\"article:modified_time\" content=\"2025-07-15T07:09:13+00:00\" \/>\n<meta property=\"og:image\" content=\"https:\/\/hpx.eu\/wp-content\/uploads\/2020\/04\/PB1000-Power_bond-Double_sided_HSA_adhesive_pads-anthracite-5425014220346-HPX.jpg\" \/>\n\t<meta property=\"og:image:width\" content=\"800\" \/>\n\t<meta property=\"og:image:height\" content=\"800\" \/>\n\t<meta property=\"og:image:type\" content=\"image\/jpeg\" \/>\n<meta name=\"twitter:card\" content=\"summary_large_image\" \/>\n<meta name=\"twitter:label1\" content=\"Dur\u00e9e de lecture estim\u00e9e\" \/>\n\t<meta name=\"twitter:data1\" content=\"1 minute\" \/>\n<script type=\"application\/ld+json\" class=\"yoast-schema-graph\">{\"@context\":\"https:\\\/\\\/schema.org\",\"@graph\":[{\"@type\":\"WebPage\",\"@id\":\"https:\\\/\\\/hpx.eu\\\/fr\\\/product\\\/power-bond-3200\\\/\",\"url\":\"https:\\\/\\\/hpx.eu\\\/fr\\\/product\\\/power-bond-3200\\\/\",\"name\":\"POWER BOND | HPX\",\"isPartOf\":{\"@id\":\"http:\\\/\\\/hpx.eu\\\/fr\\\/#website\"},\"primaryImageOfPage\":{\"@id\":\"https:\\\/\\\/hpx.eu\\\/fr\\\/product\\\/power-bond-3200\\\/#primaryimage\"},\"image\":{\"@id\":\"https:\\\/\\\/hpx.eu\\\/fr\\\/product\\\/power-bond-3200\\\/#primaryimage\"},\"thumbnailUrl\":\"https:\\\/\\\/hpx.eu\\\/wp-content\\\/uploads\\\/2020\\\/04\\\/PB1000-Power_bond-Double_sided_HSA_adhesive_pads-anthracite-5425014220346-HPX.jpg\",\"datePublished\":\"2025-07-14T08:10:50+00:00\",\"dateModified\":\"2025-07-15T07:09:13+00:00\",\"description\":\"Pads adh\u00e9sif acrylique double face \u00e0 tr\u00e8s forte adh\u00e9rence | Rubans adh\u00e9sifs en blister | POWER BOND | HPX\",\"breadcrumb\":{\"@id\":\"https:\\\/\\\/hpx.eu\\\/fr\\\/product\\\/power-bond-3200\\\/#breadcrumb\"},\"inLanguage\":\"fr-FR\",\"potentialAction\":[{\"@type\":\"ReadAction\",\"target\":[\"https:\\\/\\\/hpx.eu\\\/fr\\\/product\\\/power-bond-3200\\\/\"]}]},{\"@type\":\"ImageObject\",\"inLanguage\":\"fr-FR\",\"@id\":\"https:\\\/\\\/hpx.eu\\\/fr\\\/product\\\/power-bond-3200\\\/#primaryimage\",\"url\":\"https:\\\/\\\/hpx.eu\\\/wp-content\\\/uploads\\\/2020\\\/04\\\/PB1000-Power_bond-Double_sided_HSA_adhesive_pads-anthracite-5425014220346-HPX.jpg\",\"contentUrl\":\"https:\\\/\\\/hpx.eu\\\/wp-content\\\/uploads\\\/2020\\\/04\\\/PB1000-Power_bond-Double_sided_HSA_adhesive_pads-anthracite-5425014220346-HPX.jpg\",\"width\":800,\"height\":800,\"caption\":\"POWER BOND | HPX\"},{\"@type\":\"BreadcrumbList\",\"@id\":\"https:\\\/\\\/hpx.eu\\\/fr\\\/product\\\/power-bond-3200\\\/#breadcrumb\",\"itemListElement\":[{\"@type\":\"ListItem\",\"position\":1,\"name\":\"Startseite\",\"item\":\"http:\\\/\\\/hpx.eu\\\/fr\\\/\"},{\"@type\":\"ListItem\",\"position\":2,\"name\":\"Produits\",\"item\":\"http:\\\/\\\/hpx.eu\\\/fr\\\/produits\\\/\"},{\"@type\":\"ListItem\",\"position\":3,\"name\":\"POWER BOND 3200\"}]},{\"@type\":\"WebSite\",\"@id\":\"http:\\\/\\\/hpx.eu\\\/fr\\\/#website\",\"url\":\"http:\\\/\\\/hpx.eu\\\/fr\\\/\",\"name\":\"HPX\",\"description\":\"Tough Job, Tougher Tape\",\"publisher\":{\"@id\":\"http:\\\/\\\/hpx.eu\\\/fr\\\/#organization\"},\"potentialAction\":[{\"@type\":\"SearchAction\",\"target\":{\"@type\":\"EntryPoint\",\"urlTemplate\":\"http:\\\/\\\/hpx.eu\\\/fr\\\/?s={search_term_string}\"},\"query-input\":{\"@type\":\"PropertyValueSpecification\",\"valueRequired\":true,\"valueName\":\"search_term_string\"}}],\"inLanguage\":\"fr-FR\"},{\"@type\":\"Organization\",\"@id\":\"http:\\\/\\\/hpx.eu\\\/fr\\\/#organization\",\"name\":\"Option Tape Specialties\",\"url\":\"http:\\\/\\\/hpx.eu\\\/fr\\\/\",\"logo\":{\"@type\":\"ImageObject\",\"inLanguage\":\"fr-FR\",\"@id\":\"http:\\\/\\\/hpx.eu\\\/fr\\\/#\\\/schema\\\/logo\\\/image\\\/\",\"url\":\"\",\"contentUrl\":\"\",\"caption\":\"Option Tape Specialties\"},\"image\":{\"@id\":\"http:\\\/\\\/hpx.eu\\\/fr\\\/#\\\/schema\\\/logo\\\/image\\\/\"},\"sameAs\":[\"https:\\\/\\\/www.facebook.com\\\/HPXtape\\\/\",\"https:\\\/\\\/www.linkedin.com\\\/company\\\/2913311\\\/\",\"https:\\\/\\\/www.youtube.com\\\/channel\\\/UCCYnFjBGfKw8SPW1hMUCVFg\"]}]}<\/script>\n<!-- \/ Yoast SEO plugin. -->","yoast_head_json":{"title":"POWER BOND | HPX","description":"Pads adh\u00e9sif acrylique double face \u00e0 tr\u00e8s forte adh\u00e9rence | Rubans adh\u00e9sifs en blister | POWER BOND | HPX","robots":{"index":"index","follow":"follow","max-snippet":"max-snippet:-1","max-image-preview":"max-image-preview:large","max-video-preview":"max-video-preview:-1"},"canonical":"https:\/\/hpx.eu\/fr\/product\/power-bond-3200\/","og_locale":"fr_FR","og_type":"article","og_title":"POWER BOND | HPX","og_description":"Pads adh\u00e9sif acrylique double face \u00e0 tr\u00e8s forte adh\u00e9rence | Rubans adh\u00e9sifs en blister | POWER BOND | HPX","og_url":"https:\/\/hpx.eu\/fr\/product\/power-bond-3200\/","og_site_name":"HPX","article_publisher":"https:\/\/www.facebook.com\/HPXtape\/","article_modified_time":"2025-07-15T07:09:13+00:00","og_image":[{"width":800,"height":800,"url":"https:\/\/hpx.eu\/wp-content\/uploads\/2020\/04\/PB1000-Power_bond-Double_sided_HSA_adhesive_pads-anthracite-5425014220346-HPX.jpg","type":"image\/jpeg"}],"twitter_card":"summary_large_image","twitter_misc":{"Dur\u00e9e de lecture estim\u00e9e":"1 minute"},"schema":{"@context":"https:\/\/schema.org","@graph":[{"@type":"WebPage","@id":"https:\/\/hpx.eu\/fr\/product\/power-bond-3200\/","url":"https:\/\/hpx.eu\/fr\/product\/power-bond-3200\/","name":"POWER BOND | HPX","isPartOf":{"@id":"https:\/\/hpx.eu\/fr\/#website"},"primaryImageOfPage":{"@id":"https:\/\/hpx.eu\/fr\/product\/power-bond-3200\/#primaryimage"},"image":{"@id":"https:\/\/hpx.eu\/fr\/product\/power-bond-3200\/#primaryimage"},"thumbnailUrl":"https:\/\/hpx.eu\/wp-content\/uploads\/2020\/04\/PB1000-Power_bond-Double_sided_HSA_adhesive_pads-anthracite-5425014220346-HPX.jpg","datePublished":"2025-07-14T08:10:50+00:00","dateModified":"2025-07-15T07:09:13+00:00","description":"Pads adh\u00e9sif acrylique double face \u00e0 tr\u00e8s forte adh\u00e9rence | Rubans adh\u00e9sifs en blister | POWER BOND | HPX","breadcrumb":{"@id":"https:\/\/hpx.eu\/fr\/product\/power-bond-3200\/#breadcrumb"},"inLanguage":"fr-FR","potentialAction":[{"@type":"ReadAction","target":["https:\/\/hpx.eu\/fr\/product\/power-bond-3200\/"]}]},{"@type":"ImageObject","inLanguage":"fr-FR","@id":"https:\/\/hpx.eu\/fr\/product\/power-bond-3200\/#primaryimage","url":"https:\/\/hpx.eu\/wp-content\/uploads\/2020\/04\/PB1000-Power_bond-Double_sided_HSA_adhesive_pads-anthracite-5425014220346-HPX.jpg","contentUrl":"https:\/\/hpx.eu\/wp-content\/uploads\/2020\/04\/PB1000-Power_bond-Double_sided_HSA_adhesive_pads-anthracite-5425014220346-HPX.jpg","width":800,"height":800,"caption":"POWER BOND | HPX"},{"@type":"BreadcrumbList","@id":"https:\/\/hpx.eu\/fr\/product\/power-bond-3200\/#breadcrumb","itemListElement":[{"@type":"ListItem","position":1,"name":"Startseite","item":"https:\/\/hpx.eu\/fr\/"},{"@type":"ListItem","position":2,"name":"Produits","item":"https:\/\/hpx.eu\/fr\/produits\/"},{"@type":"ListItem","position":3,"name":"POWER BOND 3200"}]},{"@type":"WebSite","@id":"https:\/\/hpx.eu\/fr\/#website","url":"https:\/\/hpx.eu\/fr\/","name":"HPX","description":"Tough Job, Tougher Tape","publisher":{"@id":"https:\/\/hpx.eu\/fr\/#organization"},"potentialAction":[{"@type":"SearchAction","target":{"@type":"EntryPoint","urlTemplate":"https:\/\/hpx.eu\/fr\/?s={search_term_string}"},"query-input":{"@type":"PropertyValueSpecification","valueRequired":true,"valueName":"search_term_string"}}],"inLanguage":"fr-FR"},{"@type":"Organization","@id":"https:\/\/hpx.eu\/fr\/#organization","name":"Option Tape Specialties","url":"https:\/\/hpx.eu\/fr\/","logo":{"@type":"ImageObject","inLanguage":"fr-FR","@id":"https:\/\/hpx.eu\/fr\/#\/schema\/logo\/image\/","url":"","contentUrl":"","caption":"Option Tape Specialties"},"image":{"@id":"https:\/\/hpx.eu\/fr\/#\/schema\/logo\/image\/"},"sameAs":["https:\/\/www.facebook.com\/HPXtape\/","https:\/\/www.linkedin.com\/company\/2913311\/","https:\/\/www.youtube.com\/channel\/UCCYnFjBGfKw8SPW1hMUCVFg"]}]}},"_links":{"self":[{"href":"https:\/\/hpx.eu\/fr\/wp-json\/wp\/v2\/product\/173477","targetHints":{"allow":["GET"]}}],"collection":[{"href":"https:\/\/hpx.eu\/fr\/wp-json\/wp\/v2\/product"}],"about":[{"href":"https:\/\/hpx.eu\/fr\/wp-json\/wp\/v2\/types\/product"}],"replies":[{"embeddable":true,"href":"https:\/\/hpx.eu\/fr\/wp-json\/wp\/v2\/comments?post=173477"}],"wp:featuredmedia":[{"embeddable":true,"href":"https:\/\/hpx.eu\/fr\/wp-json\/wp\/v2\/media\/96217"}],"wp:attachment":[{"href":"https:\/\/hpx.eu\/fr\/wp-json\/wp\/v2\/media?parent=173477"}],"wp:term":[{"taxonomy":"product_brand","embeddable":true,"href":"https:\/\/hpx.eu\/fr\/wp-json\/wp\/v2\/product_brand?post=173477"},{"taxonomy":"product_cat","embeddable":true,"href":"https:\/\/hpx.eu\/fr\/wp-json\/wp\/v2\/product_cat?post=173477"},{"taxonomy":"product_tag","embeddable":true,"href":"https:\/\/hpx.eu\/fr\/wp-json\/wp\/v2\/product_tag?post=173477"}],"curies":[{"name":"wp","href":"https:\/\/api.w.org\/{rel}","templated":true}]}}