{"id":173459,"date":"2025-07-14T10:10:27","date_gmt":"2025-07-14T08:10:27","guid":{"rendered":"https:\/\/hpx.eu\/product\/removable-transparent-pads-3050\/"},"modified":"2025-07-14T10:10:30","modified_gmt":"2025-07-14T08:10:30","slug":"removable-transparent-pads-3050","status":"publish","type":"product","link":"https:\/\/hpx.eu\/fr\/product\/removable-transparent-pads-3050\/","title":{"rendered":"REMOVABLE TRANSPARENT PADS <span class=\"productNr\">3050<\/span>"},"content":{"rendered":"<p>&nbsp;<\/p>\n","protected":false},"excerpt":{"rendered":"<ul class=\"product_UPS\">\n<li>Pastilles auto-adh\u00e9sives transparentes enlevables sans r\u00e9sidu de colle<\/li>\n<li>Montage sans clous ni vis<\/li>\n<li>1 pastille = 250g<\/li>\n<li>Pour usage int\u00e9rieur et ext\u00e9rieur<\/li>\n<li>15 pads par enveloppe<\/li>\n<li><\/li>\n<li><\/li>\n<li><\/li>\n<li><\/li>\n<li><\/li>\n<\/ul>\n<table class=\"product_table\">\n<thead>\n<tr>\n<th>R\u00e9f. Art.<\/th>\n<th>largeur<\/th>\n<th>longueur<\/th>\n<th>couleur<\/th>\n<th>Emb.<\/th>\n<th>Gencod<\/th>\n<\/tr>\n<\/thead>\n<tbody>\n<tr>\n<td>HT2525<\/td>\n<td>25 mm<\/td>\n<td>25 mm<\/td>\n<td>transparent<\/td>\n<td>20<\/td>\n<td>5407004561813<\/td>\n<\/tr>\n<tr>\n<td><\/td>\n<td><\/td>\n<td><\/td>\n<td><\/td>\n<td><\/td>\n<td><\/td>\n<\/tr>\n<tr>\n<td><\/td>\n<td><\/td>\n<td><\/td>\n<td><\/td>\n<td><\/td>\n<td><\/td>\n<\/tr>\n<tr>\n<td><\/td>\n<td><\/td>\n<td><\/td>\n<td><\/td>\n<td><\/td>\n<td><\/td>\n<\/tr>\n<tr>\n<td><\/td>\n<td><\/td>\n<td><\/td>\n<td><\/td>\n<td><\/td>\n<td><\/td>\n<\/tr>\n<tr>\n<td><\/td>\n<td><\/td>\n<td><\/td>\n<td><\/td>\n<td><\/td>\n<td><\/td>\n<\/tr>\n<tr>\n<td><\/td>\n<td><\/td>\n<td><\/td>\n<td><\/td>\n<td><\/td>\n<td><\/td>\n<\/tr>\n<tr>\n<td><\/td>\n<td><\/td>\n<td><\/td>\n<td><\/td>\n<td><\/td>\n<td><\/td>\n<\/tr>\n<tr>\n<td><\/td>\n<td><\/td>\n<td><\/td>\n<td><\/td>\n<td><\/td>\n<td><\/td>\n<\/tr>\n<tr>\n<td><\/td>\n<td><\/td>\n<td><\/td>\n<td><\/td>\n<td><\/td>\n<td><\/td>\n<\/tr>\n<tr>\n<td><\/td>\n<td><\/td>\n<td><\/td>\n<td><\/td>\n<td><\/td>\n<td><\/td>\n<\/tr>\n<tr>\n<td><\/td>\n<td><\/td>\n<td><\/td>\n<td><\/td>\n<td><\/td>\n<td><\/td>\n<\/tr>\n<tr>\n<td><\/td>\n<td><\/td>\n<td><\/td>\n<td><\/td>\n<td><\/td>\n<td><\/td>\n<\/tr>\n<tr>\n<td><\/td>\n<td><\/td>\n<td><\/td>\n<td><\/td>\n<td><\/td>\n<td><\/td>\n<\/tr>\n<tr>\n<td><\/td>\n<td><\/td>\n<td><\/td>\n<td><\/td>\n<td><\/td>\n<td><\/td>\n<\/tr>\n<tr>\n<td><\/td>\n<td><\/td>\n<td><\/td>\n<td><\/td>\n<td><\/td>\n<td><\/td>\n<\/tr>\n<tr>\n<td><\/td>\n<td><\/td>\n<td><\/td>\n<td><\/td>\n<td><\/td>\n<td><\/td>\n<\/tr>\n<tr>\n<td><\/td>\n<td><\/td>\n<td><\/td>\n<td><\/td>\n<td><\/td>\n<td><\/td>\n<\/tr>\n<\/tbody>\n<\/table>\n<div class=\"product_characteristics\">\n<p><b>Adh\u00e9sif: <\/b><span>acrylique<\/span><\/p>\n<p><b>Support: <\/b><span>mousse acrylique<\/span><\/p>\n<p><b>Tenue en temp\u00e9rature: <\/b><span>120\u00b0C<\/span><\/p>\n<p><b>Charge de rupture: <\/b><span><\/span><\/p>\n<p><b>Pouvoir adh\u00e9sif: <\/b><span>25 N\/25 mm<\/span><\/p>\n<p><b>R\u00e9sistance au cisaillement: <\/b><span><\/span><\/p>\n<p><b>Epaisseur: <\/b><span>0,50 mm<\/span><\/p>\n<p><b>Tension de rupture: <\/b><span><\/span><\/p>\n<\/p><\/div>\n<p>  <a href=\"https:\/\/drive.google.com\/uc?id=14f-heJeKQAnKKogPCf6b50H8iFR4kNts&#038;export=download\" class=\"btnHPX\" target=\"_blank\"><i class=\"fa fa-download\" aria-hidden=\"true\"><\/i>Download Technical Data Sheet<\/a><\/p>\n","protected":false},"featured_media":41589,"comment_status":"closed","ping_status":"open","template":"","meta":{"_exactmetrics_skip_tracking":false,"_exactmetrics_sitenote_active":false,"_exactmetrics_sitenote_note":"","_exactmetrics_sitenote_category":0,"_monsterinsights_skip_tracking":false,"_monsterinsights_sitenote_active":false,"_monsterinsights_sitenote_note":"","_monsterinsights_sitenote_category":0,"_themeisle_gutenberg_block_has_review":false},"product_brand":[],"product_cat":[963],"product_tag":[],"class_list":{"0":"post-173459","1":"product","2":"type-product","3":"status-publish","4":"has-post-thumbnail","6":"product_cat-rubans-adhesifs-en-blister","7":"post","8":"post-with-thumbnail","9":"post-with-thumbnail-large","11":"first","12":"instock","13":"product-type-simple"},"yoast_head":"<!-- This site is optimized with the Yoast SEO plugin v27.3 - https:\/\/yoast.com\/product\/yoast-seo-wordpress\/ -->\n<title>REMOVABLE TRANSPARENT PADS | HPX<\/title>\n<meta name=\"description\" content=\"Pastilles auto-adh\u00e9sives transparentes enlevables sans r\u00e9sidu de colle | Rubans adh\u00e9sifs en blister | REMOVABLE TRANSPARENT PADS | HPX\" \/>\n<meta name=\"robots\" content=\"index, follow, max-snippet:-1, max-image-preview:large, max-video-preview:-1\" \/>\n<link rel=\"canonical\" href=\"https:\/\/hpx.eu\/fr\/product\/removable-transparent-pads-3050\/\" \/>\n<meta property=\"og:locale\" content=\"fr_FR\" \/>\n<meta property=\"og:type\" content=\"article\" \/>\n<meta property=\"og:title\" content=\"REMOVABLE TRANSPARENT PADS | HPX\" \/>\n<meta property=\"og:description\" content=\"Pastilles auto-adh\u00e9sives transparentes enlevables sans r\u00e9sidu de colle | Rubans adh\u00e9sifs en blister | REMOVABLE TRANSPARENT PADS | HPX\" \/>\n<meta property=\"og:url\" content=\"https:\/\/hpx.eu\/fr\/product\/removable-transparent-pads-3050\/\" \/>\n<meta property=\"og:site_name\" content=\"HPX\" \/>\n<meta property=\"article:publisher\" content=\"https:\/\/www.facebook.com\/HPXtape\/\" \/>\n<meta property=\"article:modified_time\" content=\"2025-07-14T08:10:30+00:00\" \/>\n<meta property=\"og:image\" content=\"https:\/\/hpx.eu\/wp-content\/uploads\/2019\/06\/HT2525-Removable_Transparent-Pads-25mm_x_25mm-5407004561813.jpg\" \/>\n\t<meta property=\"og:image:width\" content=\"800\" \/>\n\t<meta property=\"og:image:height\" content=\"800\" \/>\n\t<meta property=\"og:image:type\" content=\"image\/jpeg\" \/>\n<meta name=\"twitter:card\" content=\"summary_large_image\" \/>\n<script type=\"application\/ld+json\" class=\"yoast-schema-graph\">{\"@context\":\"https:\\\/\\\/schema.org\",\"@graph\":[{\"@type\":\"WebPage\",\"@id\":\"https:\\\/\\\/hpx.eu\\\/fr\\\/product\\\/removable-transparent-pads-3050\\\/\",\"url\":\"https:\\\/\\\/hpx.eu\\\/fr\\\/product\\\/removable-transparent-pads-3050\\\/\",\"name\":\"REMOVABLE TRANSPARENT PADS | HPX\",\"isPartOf\":{\"@id\":\"http:\\\/\\\/hpx.eu\\\/fr\\\/#website\"},\"primaryImageOfPage\":{\"@id\":\"https:\\\/\\\/hpx.eu\\\/fr\\\/product\\\/removable-transparent-pads-3050\\\/#primaryimage\"},\"image\":{\"@id\":\"https:\\\/\\\/hpx.eu\\\/fr\\\/product\\\/removable-transparent-pads-3050\\\/#primaryimage\"},\"thumbnailUrl\":\"https:\\\/\\\/hpx.eu\\\/wp-content\\\/uploads\\\/2019\\\/06\\\/HT2525-Removable_Transparent-Pads-25mm_x_25mm-5407004561813.jpg\",\"datePublished\":\"2025-07-14T08:10:27+00:00\",\"dateModified\":\"2025-07-14T08:10:30+00:00\",\"description\":\"Pastilles auto-adh\u00e9sives transparentes enlevables sans r\u00e9sidu de colle | Rubans adh\u00e9sifs en blister | REMOVABLE TRANSPARENT PADS | HPX\",\"breadcrumb\":{\"@id\":\"https:\\\/\\\/hpx.eu\\\/fr\\\/product\\\/removable-transparent-pads-3050\\\/#breadcrumb\"},\"inLanguage\":\"fr-FR\",\"potentialAction\":[{\"@type\":\"ReadAction\",\"target\":[\"https:\\\/\\\/hpx.eu\\\/fr\\\/product\\\/removable-transparent-pads-3050\\\/\"]}]},{\"@type\":\"ImageObject\",\"inLanguage\":\"fr-FR\",\"@id\":\"https:\\\/\\\/hpx.eu\\\/fr\\\/product\\\/removable-transparent-pads-3050\\\/#primaryimage\",\"url\":\"https:\\\/\\\/hpx.eu\\\/wp-content\\\/uploads\\\/2019\\\/06\\\/HT2525-Removable_Transparent-Pads-25mm_x_25mm-5407004561813.jpg\",\"contentUrl\":\"https:\\\/\\\/hpx.eu\\\/wp-content\\\/uploads\\\/2019\\\/06\\\/HT2525-Removable_Transparent-Pads-25mm_x_25mm-5407004561813.jpg\",\"width\":800,\"height\":800,\"caption\":\"REMOVABLE TRANSPARENT PADS | HPX\"},{\"@type\":\"BreadcrumbList\",\"@id\":\"https:\\\/\\\/hpx.eu\\\/fr\\\/product\\\/removable-transparent-pads-3050\\\/#breadcrumb\",\"itemListElement\":[{\"@type\":\"ListItem\",\"position\":1,\"name\":\"Startseite\",\"item\":\"http:\\\/\\\/hpx.eu\\\/fr\\\/\"},{\"@type\":\"ListItem\",\"position\":2,\"name\":\"Produits\",\"item\":\"http:\\\/\\\/hpx.eu\\\/fr\\\/produits\\\/\"},{\"@type\":\"ListItem\",\"position\":3,\"name\":\"REMOVABLE TRANSPARENT PADS 3050\"}]},{\"@type\":\"WebSite\",\"@id\":\"http:\\\/\\\/hpx.eu\\\/fr\\\/#website\",\"url\":\"http:\\\/\\\/hpx.eu\\\/fr\\\/\",\"name\":\"HPX\",\"description\":\"Tough Job, Tougher Tape\",\"publisher\":{\"@id\":\"http:\\\/\\\/hpx.eu\\\/fr\\\/#organization\"},\"potentialAction\":[{\"@type\":\"SearchAction\",\"target\":{\"@type\":\"EntryPoint\",\"urlTemplate\":\"http:\\\/\\\/hpx.eu\\\/fr\\\/?s={search_term_string}\"},\"query-input\":{\"@type\":\"PropertyValueSpecification\",\"valueRequired\":true,\"valueName\":\"search_term_string\"}}],\"inLanguage\":\"fr-FR\"},{\"@type\":\"Organization\",\"@id\":\"http:\\\/\\\/hpx.eu\\\/fr\\\/#organization\",\"name\":\"Option Tape Specialties\",\"url\":\"http:\\\/\\\/hpx.eu\\\/fr\\\/\",\"logo\":{\"@type\":\"ImageObject\",\"inLanguage\":\"fr-FR\",\"@id\":\"http:\\\/\\\/hpx.eu\\\/fr\\\/#\\\/schema\\\/logo\\\/image\\\/\",\"url\":\"\",\"contentUrl\":\"\",\"caption\":\"Option Tape Specialties\"},\"image\":{\"@id\":\"http:\\\/\\\/hpx.eu\\\/fr\\\/#\\\/schema\\\/logo\\\/image\\\/\"},\"sameAs\":[\"https:\\\/\\\/www.facebook.com\\\/HPXtape\\\/\",\"https:\\\/\\\/www.linkedin.com\\\/company\\\/2913311\\\/\",\"https:\\\/\\\/www.youtube.com\\\/channel\\\/UCCYnFjBGfKw8SPW1hMUCVFg\"]}]}<\/script>\n<!-- \/ Yoast SEO plugin. -->","yoast_head_json":{"title":"REMOVABLE TRANSPARENT PADS | HPX","description":"Pastilles auto-adh\u00e9sives transparentes enlevables sans r\u00e9sidu de colle | Rubans adh\u00e9sifs en blister | REMOVABLE TRANSPARENT PADS | HPX","robots":{"index":"index","follow":"follow","max-snippet":"max-snippet:-1","max-image-preview":"max-image-preview:large","max-video-preview":"max-video-preview:-1"},"canonical":"https:\/\/hpx.eu\/fr\/product\/removable-transparent-pads-3050\/","og_locale":"fr_FR","og_type":"article","og_title":"REMOVABLE TRANSPARENT PADS | HPX","og_description":"Pastilles auto-adh\u00e9sives transparentes enlevables sans r\u00e9sidu de colle | Rubans adh\u00e9sifs en blister | REMOVABLE TRANSPARENT PADS | HPX","og_url":"https:\/\/hpx.eu\/fr\/product\/removable-transparent-pads-3050\/","og_site_name":"HPX","article_publisher":"https:\/\/www.facebook.com\/HPXtape\/","article_modified_time":"2025-07-14T08:10:30+00:00","og_image":[{"width":800,"height":800,"url":"https:\/\/hpx.eu\/wp-content\/uploads\/2019\/06\/HT2525-Removable_Transparent-Pads-25mm_x_25mm-5407004561813.jpg","type":"image\/jpeg"}],"twitter_card":"summary_large_image","schema":{"@context":"https:\/\/schema.org","@graph":[{"@type":"WebPage","@id":"https:\/\/hpx.eu\/fr\/product\/removable-transparent-pads-3050\/","url":"https:\/\/hpx.eu\/fr\/product\/removable-transparent-pads-3050\/","name":"REMOVABLE TRANSPARENT PADS | HPX","isPartOf":{"@id":"https:\/\/hpx.eu\/fr\/#website"},"primaryImageOfPage":{"@id":"https:\/\/hpx.eu\/fr\/product\/removable-transparent-pads-3050\/#primaryimage"},"image":{"@id":"https:\/\/hpx.eu\/fr\/product\/removable-transparent-pads-3050\/#primaryimage"},"thumbnailUrl":"https:\/\/hpx.eu\/wp-content\/uploads\/2019\/06\/HT2525-Removable_Transparent-Pads-25mm_x_25mm-5407004561813.jpg","datePublished":"2025-07-14T08:10:27+00:00","dateModified":"2025-07-14T08:10:30+00:00","description":"Pastilles auto-adh\u00e9sives transparentes enlevables sans r\u00e9sidu de colle | Rubans adh\u00e9sifs en blister | REMOVABLE TRANSPARENT PADS | HPX","breadcrumb":{"@id":"https:\/\/hpx.eu\/fr\/product\/removable-transparent-pads-3050\/#breadcrumb"},"inLanguage":"fr-FR","potentialAction":[{"@type":"ReadAction","target":["https:\/\/hpx.eu\/fr\/product\/removable-transparent-pads-3050\/"]}]},{"@type":"ImageObject","inLanguage":"fr-FR","@id":"https:\/\/hpx.eu\/fr\/product\/removable-transparent-pads-3050\/#primaryimage","url":"https:\/\/hpx.eu\/wp-content\/uploads\/2019\/06\/HT2525-Removable_Transparent-Pads-25mm_x_25mm-5407004561813.jpg","contentUrl":"https:\/\/hpx.eu\/wp-content\/uploads\/2019\/06\/HT2525-Removable_Transparent-Pads-25mm_x_25mm-5407004561813.jpg","width":800,"height":800,"caption":"REMOVABLE TRANSPARENT PADS | HPX"},{"@type":"BreadcrumbList","@id":"https:\/\/hpx.eu\/fr\/product\/removable-transparent-pads-3050\/#breadcrumb","itemListElement":[{"@type":"ListItem","position":1,"name":"Startseite","item":"https:\/\/hpx.eu\/fr\/"},{"@type":"ListItem","position":2,"name":"Produits","item":"https:\/\/hpx.eu\/fr\/produits\/"},{"@type":"ListItem","position":3,"name":"REMOVABLE TRANSPARENT PADS 3050"}]},{"@type":"WebSite","@id":"https:\/\/hpx.eu\/fr\/#website","url":"https:\/\/hpx.eu\/fr\/","name":"HPX","description":"Tough Job, Tougher Tape","publisher":{"@id":"https:\/\/hpx.eu\/fr\/#organization"},"potentialAction":[{"@type":"SearchAction","target":{"@type":"EntryPoint","urlTemplate":"https:\/\/hpx.eu\/fr\/?s={search_term_string}"},"query-input":{"@type":"PropertyValueSpecification","valueRequired":true,"valueName":"search_term_string"}}],"inLanguage":"fr-FR"},{"@type":"Organization","@id":"https:\/\/hpx.eu\/fr\/#organization","name":"Option Tape Specialties","url":"https:\/\/hpx.eu\/fr\/","logo":{"@type":"ImageObject","inLanguage":"fr-FR","@id":"https:\/\/hpx.eu\/fr\/#\/schema\/logo\/image\/","url":"","contentUrl":"","caption":"Option Tape Specialties"},"image":{"@id":"https:\/\/hpx.eu\/fr\/#\/schema\/logo\/image\/"},"sameAs":["https:\/\/www.facebook.com\/HPXtape\/","https:\/\/www.linkedin.com\/company\/2913311\/","https:\/\/www.youtube.com\/channel\/UCCYnFjBGfKw8SPW1hMUCVFg"]}]}},"_links":{"self":[{"href":"https:\/\/hpx.eu\/fr\/wp-json\/wp\/v2\/product\/173459","targetHints":{"allow":["GET"]}}],"collection":[{"href":"https:\/\/hpx.eu\/fr\/wp-json\/wp\/v2\/product"}],"about":[{"href":"https:\/\/hpx.eu\/fr\/wp-json\/wp\/v2\/types\/product"}],"replies":[{"embeddable":true,"href":"https:\/\/hpx.eu\/fr\/wp-json\/wp\/v2\/comments?post=173459"}],"wp:featuredmedia":[{"embeddable":true,"href":"https:\/\/hpx.eu\/fr\/wp-json\/wp\/v2\/media\/41589"}],"wp:attachment":[{"href":"https:\/\/hpx.eu\/fr\/wp-json\/wp\/v2\/media?parent=173459"}],"wp:term":[{"taxonomy":"product_brand","embeddable":true,"href":"https:\/\/hpx.eu\/fr\/wp-json\/wp\/v2\/product_brand?post=173459"},{"taxonomy":"product_cat","embeddable":true,"href":"https:\/\/hpx.eu\/fr\/wp-json\/wp\/v2\/product_cat?post=173459"},{"taxonomy":"product_tag","embeddable":true,"href":"https:\/\/hpx.eu\/fr\/wp-json\/wp\/v2\/product_tag?post=173459"}],"curies":[{"name":"wp","href":"https:\/\/api.w.org\/{rel}","templated":true}]}}