{"id":173399,"date":"2025-07-14T10:09:42","date_gmt":"2025-07-14T08:09:42","guid":{"rendered":"https:\/\/hpx.eu\/product\/stretch-fuse-52700\/"},"modified":"2025-07-15T08:56:36","modified_gmt":"2025-07-15T06:56:36","slug":"stretch-fuse-52700","status":"publish","type":"product","link":"https:\/\/hpx.eu\/fr\/product\/stretch-fuse-52700\/","title":{"rendered":"STRETCH &#038; FUSE <span class=\"productNr\">52700<\/span>"},"content":{"rendered":"<p><iframe loading=\"lazy\" title=\"HPX Stretch &amp; Fuse\" width=\"720\" height=\"405\" src=\"https:\/\/www.youtube.com\/embed\/oygfVVsi8wg?feature=oembed\" frameborder=\"0\" allow=\"accelerometer; autoplay; clipboard-write; encrypted-media; gyroscope; picture-in-picture; web-share\" referrerpolicy=\"strict-origin-when-cross-origin\" allowfullscreen><\/iframe><\/p>\n","protected":false},"excerpt":{"rendered":"<ul class=\"product_UPS\">\n<li>Etanch\u00e9it\u00e9 \u00e0 l&rsquo;eau permanente<\/li>\n<li>Isolation des c\u00e2bles \u00e9lectriques<\/li>\n<li>Adapt\u00e9 pour toutes les surfaces<\/li>\n<li>Ne laisse aucun r\u00e9sidu<\/li>\n<li>Facile \u00e0 utiliser<\/li>\n<li>R\u00e9sistant \u00e0 la pression jusqu&rsquo;\u00e0 8 bar<\/li>\n<li><\/li>\n<li><\/li>\n<li><\/li>\n<li><\/li>\n<\/ul>\n<table class=\"product_table\">\n<thead>\n<tr>\n<th>R\u00e9f. Art.<\/th>\n<th>largeur<\/th>\n<th>longueur<\/th>\n<th>couleur<\/th>\n<th>Emb.<\/th>\n<th>Gencod<\/th>\n<\/tr>\n<\/thead>\n<tbody>\n<tr>\n<td>SI2580<\/td>\n<td>25 mm<\/td>\n<td>1,80 m<\/td>\n<td>transparent<\/td>\n<td>8<\/td>\n<td>5425014225860<\/td>\n<\/tr>\n<tr>\n<td>SI2503<\/td>\n<td>25 mm<\/td>\n<td>3 m<\/td>\n<td>transparent<\/td>\n<td>6<\/td>\n<td>5425014225884<\/td>\n<\/tr>\n<tr>\n<td>SO2503<\/td>\n<td>25 mm<\/td>\n<td>3 m<\/td>\n<td>rouge<\/td>\n<td>6<\/td>\n<td>5425014225907<\/td>\n<\/tr>\n<tr>\n<td>SZ2503<\/td>\n<td>25 mm<\/td>\n<td>3 m<\/td>\n<td>noir<\/td>\n<td>6<\/td>\n<td>5425014225921<\/td>\n<\/tr>\n<tr>\n<td><\/td>\n<td><\/td>\n<td><\/td>\n<td><\/td>\n<td><\/td>\n<td><\/td>\n<\/tr>\n<tr>\n<td><\/td>\n<td><\/td>\n<td><\/td>\n<td><\/td>\n<td><\/td>\n<td><\/td>\n<\/tr>\n<tr>\n<td><\/td>\n<td><\/td>\n<td><\/td>\n<td><\/td>\n<td><\/td>\n<td><\/td>\n<\/tr>\n<tr>\n<td><\/td>\n<td><\/td>\n<td><\/td>\n<td><\/td>\n<td><\/td>\n<td><\/td>\n<\/tr>\n<tr>\n<td><\/td>\n<td><\/td>\n<td><\/td>\n<td><\/td>\n<td><\/td>\n<td><\/td>\n<\/tr>\n<tr>\n<td><\/td>\n<td><\/td>\n<td><\/td>\n<td><\/td>\n<td><\/td>\n<td><\/td>\n<\/tr>\n<tr>\n<td><\/td>\n<td><\/td>\n<td><\/td>\n<td><\/td>\n<td><\/td>\n<td><\/td>\n<\/tr>\n<tr>\n<td><\/td>\n<td><\/td>\n<td><\/td>\n<td><\/td>\n<td><\/td>\n<td><\/td>\n<\/tr>\n<tr>\n<td><\/td>\n<td><\/td>\n<td><\/td>\n<td><\/td>\n<td><\/td>\n<td><\/td>\n<\/tr>\n<tr>\n<td><\/td>\n<td><\/td>\n<td><\/td>\n<td><\/td>\n<td><\/td>\n<td><\/td>\n<\/tr>\n<tr>\n<td><\/td>\n<td><\/td>\n<td><\/td>\n<td><\/td>\n<td><\/td>\n<td><\/td>\n<\/tr>\n<tr>\n<td><\/td>\n<td><\/td>\n<td><\/td>\n<td><\/td>\n<td><\/td>\n<td><\/td>\n<\/tr>\n<tr>\n<td><\/td>\n<td><\/td>\n<td><\/td>\n<td><\/td>\n<td><\/td>\n<td><\/td>\n<\/tr>\n<tr>\n<td><\/td>\n<td><\/td>\n<td><\/td>\n<td><\/td>\n<td><\/td>\n<td><\/td>\n<\/tr>\n<\/tbody>\n<\/table>\n<div class=\"product_characteristics\">\n<p><b>Adh\u00e9sif: <\/b><\/p>\n<p><b>Support: <\/b>silicone<\/p>\n<p><b>Tenue en temp\u00e9rature: <\/b>200\u00b0C (temporairement jusqu&rsquo;\u00e0 260\u00b0C)<\/p>\n<p><b>Charge de rupture: <\/b>5 MPa<\/p>\n<p><b>Pouvoir adh\u00e9sif: <\/b><\/p>\n<p><b>R\u00e9sistance au cisaillement: <\/b><\/p>\n<p><b>Epaisseur: <\/b>0,50 mm<\/p>\n<p><b>Tension de rupture: <\/b>8 kV<\/p>\n<\/div>\n<p><a class=\"btnHPX\" href=\"https:\/\/drive.google.com\/uc?id=1fAPjTEtY39hbpLKg_ncuZ7fl785RQxQv&amp;export=download\" target=\"_blank\" rel=\"noopener\"><i class=\"fa fa-download\" aria-hidden=\"true\"><\/i>Download Technical Data Sheet<\/a><\/p>\n","protected":false},"featured_media":97277,"comment_status":"closed","ping_status":"closed","template":"","meta":{"_exactmetrics_skip_tracking":false,"_exactmetrics_sitenote_active":false,"_exactmetrics_sitenote_note":"","_exactmetrics_sitenote_category":0,"_monsterinsights_skip_tracking":false,"_monsterinsights_sitenote_active":false,"_monsterinsights_sitenote_note":"","_monsterinsights_sitenote_category":0,"_themeisle_gutenberg_block_has_review":false},"product_brand":[],"product_cat":[987],"product_tag":[],"class_list":{"0":"post-173399","1":"product","2":"type-product","3":"status-publish","4":"has-post-thumbnail","6":"product_cat-rubans-isolants","7":"post","8":"post-with-thumbnail","9":"post-with-thumbnail-large","11":"first","12":"instock","13":"product-type-simple"},"yoast_head":"<!-- This site is optimized with the Yoast SEO plugin v27.3 - https:\/\/yoast.com\/product\/yoast-seo-wordpress\/ -->\n<title>STRETCH &amp; FUSE | HPX<\/title>\n<meta name=\"description\" content=\"Etanch\u00e9it\u00e9 \u00e0 l&amp;apos;eau permanente | Rubans isolants | STRETCH &amp; FUSE | HPX\" \/>\n<meta name=\"robots\" content=\"index, follow, max-snippet:-1, max-image-preview:large, max-video-preview:-1\" \/>\n<link rel=\"canonical\" href=\"https:\/\/hpx.eu\/fr\/product\/stretch-fuse-52700\/\" \/>\n<meta property=\"og:locale\" content=\"fr_FR\" \/>\n<meta property=\"og:type\" content=\"article\" \/>\n<meta property=\"og:title\" content=\"STRETCH &amp; FUSE | HPX\" \/>\n<meta property=\"og:description\" content=\"Etanch\u00e9it\u00e9 \u00e0 l&amp;apos;eau permanente | Rubans isolants | STRETCH &amp; FUSE | HPX\" \/>\n<meta property=\"og:url\" content=\"https:\/\/hpx.eu\/fr\/product\/stretch-fuse-52700\/\" \/>\n<meta property=\"og:site_name\" content=\"HPX\" \/>\n<meta property=\"article:publisher\" content=\"https:\/\/www.facebook.com\/HPXtape\/\" \/>\n<meta property=\"article:modified_time\" content=\"2025-07-15T06:56:36+00:00\" \/>\n<meta property=\"og:image\" content=\"https:\/\/hpx.eu\/wp-content\/uploads\/2020\/04\/SI2580-SI2503-SO2503-SZ2503-Stretch__Fuse-Self_fusion_tape-HPX.jpg\" \/>\n\t<meta property=\"og:image:width\" content=\"800\" \/>\n\t<meta property=\"og:image:height\" content=\"800\" \/>\n\t<meta property=\"og:image:type\" content=\"image\/jpeg\" \/>\n<meta name=\"twitter:card\" content=\"summary_large_image\" \/>\n<meta name=\"twitter:label1\" content=\"Dur\u00e9e de lecture estim\u00e9e\" \/>\n\t<meta name=\"twitter:data1\" content=\"1 minute\" \/>\n<script type=\"application\/ld+json\" class=\"yoast-schema-graph\">{\"@context\":\"https:\\\/\\\/schema.org\",\"@graph\":[{\"@type\":\"WebPage\",\"@id\":\"https:\\\/\\\/hpx.eu\\\/fr\\\/product\\\/stretch-fuse-52700\\\/\",\"url\":\"https:\\\/\\\/hpx.eu\\\/fr\\\/product\\\/stretch-fuse-52700\\\/\",\"name\":\"STRETCH & FUSE | HPX\",\"isPartOf\":{\"@id\":\"http:\\\/\\\/hpx.eu\\\/fr\\\/#website\"},\"primaryImageOfPage\":{\"@id\":\"https:\\\/\\\/hpx.eu\\\/fr\\\/product\\\/stretch-fuse-52700\\\/#primaryimage\"},\"image\":{\"@id\":\"https:\\\/\\\/hpx.eu\\\/fr\\\/product\\\/stretch-fuse-52700\\\/#primaryimage\"},\"thumbnailUrl\":\"https:\\\/\\\/hpx.eu\\\/wp-content\\\/uploads\\\/2020\\\/04\\\/SI2580-SI2503-SO2503-SZ2503-Stretch__Fuse-Self_fusion_tape-HPX.jpg\",\"datePublished\":\"2025-07-14T08:09:42+00:00\",\"dateModified\":\"2025-07-15T06:56:36+00:00\",\"description\":\"Etanch\u00e9it\u00e9 \u00e0 l&apos;eau permanente | Rubans isolants | STRETCH & FUSE | HPX\",\"breadcrumb\":{\"@id\":\"https:\\\/\\\/hpx.eu\\\/fr\\\/product\\\/stretch-fuse-52700\\\/#breadcrumb\"},\"inLanguage\":\"fr-FR\",\"potentialAction\":[{\"@type\":\"ReadAction\",\"target\":[\"https:\\\/\\\/hpx.eu\\\/fr\\\/product\\\/stretch-fuse-52700\\\/\"]}]},{\"@type\":\"ImageObject\",\"inLanguage\":\"fr-FR\",\"@id\":\"https:\\\/\\\/hpx.eu\\\/fr\\\/product\\\/stretch-fuse-52700\\\/#primaryimage\",\"url\":\"https:\\\/\\\/hpx.eu\\\/wp-content\\\/uploads\\\/2020\\\/04\\\/SI2580-SI2503-SO2503-SZ2503-Stretch__Fuse-Self_fusion_tape-HPX.jpg\",\"contentUrl\":\"https:\\\/\\\/hpx.eu\\\/wp-content\\\/uploads\\\/2020\\\/04\\\/SI2580-SI2503-SO2503-SZ2503-Stretch__Fuse-Self_fusion_tape-HPX.jpg\",\"width\":800,\"height\":800,\"caption\":\"STRETCH & FUSE | HPX\"},{\"@type\":\"BreadcrumbList\",\"@id\":\"https:\\\/\\\/hpx.eu\\\/fr\\\/product\\\/stretch-fuse-52700\\\/#breadcrumb\",\"itemListElement\":[{\"@type\":\"ListItem\",\"position\":1,\"name\":\"Startseite\",\"item\":\"http:\\\/\\\/hpx.eu\\\/fr\\\/\"},{\"@type\":\"ListItem\",\"position\":2,\"name\":\"Produits\",\"item\":\"http:\\\/\\\/hpx.eu\\\/fr\\\/produits\\\/\"},{\"@type\":\"ListItem\",\"position\":3,\"name\":\"STRETCH &#038; FUSE 52700\"}]},{\"@type\":\"WebSite\",\"@id\":\"http:\\\/\\\/hpx.eu\\\/fr\\\/#website\",\"url\":\"http:\\\/\\\/hpx.eu\\\/fr\\\/\",\"name\":\"HPX\",\"description\":\"Tough Job, Tougher Tape\",\"publisher\":{\"@id\":\"http:\\\/\\\/hpx.eu\\\/fr\\\/#organization\"},\"potentialAction\":[{\"@type\":\"SearchAction\",\"target\":{\"@type\":\"EntryPoint\",\"urlTemplate\":\"http:\\\/\\\/hpx.eu\\\/fr\\\/?s={search_term_string}\"},\"query-input\":{\"@type\":\"PropertyValueSpecification\",\"valueRequired\":true,\"valueName\":\"search_term_string\"}}],\"inLanguage\":\"fr-FR\"},{\"@type\":\"Organization\",\"@id\":\"http:\\\/\\\/hpx.eu\\\/fr\\\/#organization\",\"name\":\"Option Tape Specialties\",\"url\":\"http:\\\/\\\/hpx.eu\\\/fr\\\/\",\"logo\":{\"@type\":\"ImageObject\",\"inLanguage\":\"fr-FR\",\"@id\":\"http:\\\/\\\/hpx.eu\\\/fr\\\/#\\\/schema\\\/logo\\\/image\\\/\",\"url\":\"\",\"contentUrl\":\"\",\"caption\":\"Option Tape Specialties\"},\"image\":{\"@id\":\"http:\\\/\\\/hpx.eu\\\/fr\\\/#\\\/schema\\\/logo\\\/image\\\/\"},\"sameAs\":[\"https:\\\/\\\/www.facebook.com\\\/HPXtape\\\/\",\"https:\\\/\\\/www.linkedin.com\\\/company\\\/2913311\\\/\",\"https:\\\/\\\/www.youtube.com\\\/channel\\\/UCCYnFjBGfKw8SPW1hMUCVFg\"]}]}<\/script>\n<!-- \/ Yoast SEO plugin. -->","yoast_head_json":{"title":"STRETCH & FUSE | HPX","description":"Etanch\u00e9it\u00e9 \u00e0 l&apos;eau permanente | Rubans isolants | STRETCH & FUSE | HPX","robots":{"index":"index","follow":"follow","max-snippet":"max-snippet:-1","max-image-preview":"max-image-preview:large","max-video-preview":"max-video-preview:-1"},"canonical":"https:\/\/hpx.eu\/fr\/product\/stretch-fuse-52700\/","og_locale":"fr_FR","og_type":"article","og_title":"STRETCH & FUSE | HPX","og_description":"Etanch\u00e9it\u00e9 \u00e0 l&apos;eau permanente | Rubans isolants | STRETCH & FUSE | HPX","og_url":"https:\/\/hpx.eu\/fr\/product\/stretch-fuse-52700\/","og_site_name":"HPX","article_publisher":"https:\/\/www.facebook.com\/HPXtape\/","article_modified_time":"2025-07-15T06:56:36+00:00","og_image":[{"width":800,"height":800,"url":"https:\/\/hpx.eu\/wp-content\/uploads\/2020\/04\/SI2580-SI2503-SO2503-SZ2503-Stretch__Fuse-Self_fusion_tape-HPX.jpg","type":"image\/jpeg"}],"twitter_card":"summary_large_image","twitter_misc":{"Dur\u00e9e de lecture estim\u00e9e":"1 minute"},"schema":{"@context":"https:\/\/schema.org","@graph":[{"@type":"WebPage","@id":"https:\/\/hpx.eu\/fr\/product\/stretch-fuse-52700\/","url":"https:\/\/hpx.eu\/fr\/product\/stretch-fuse-52700\/","name":"STRETCH & FUSE | HPX","isPartOf":{"@id":"https:\/\/hpx.eu\/fr\/#website"},"primaryImageOfPage":{"@id":"https:\/\/hpx.eu\/fr\/product\/stretch-fuse-52700\/#primaryimage"},"image":{"@id":"https:\/\/hpx.eu\/fr\/product\/stretch-fuse-52700\/#primaryimage"},"thumbnailUrl":"https:\/\/hpx.eu\/wp-content\/uploads\/2020\/04\/SI2580-SI2503-SO2503-SZ2503-Stretch__Fuse-Self_fusion_tape-HPX.jpg","datePublished":"2025-07-14T08:09:42+00:00","dateModified":"2025-07-15T06:56:36+00:00","description":"Etanch\u00e9it\u00e9 \u00e0 l&apos;eau permanente | Rubans isolants | STRETCH & FUSE | HPX","breadcrumb":{"@id":"https:\/\/hpx.eu\/fr\/product\/stretch-fuse-52700\/#breadcrumb"},"inLanguage":"fr-FR","potentialAction":[{"@type":"ReadAction","target":["https:\/\/hpx.eu\/fr\/product\/stretch-fuse-52700\/"]}]},{"@type":"ImageObject","inLanguage":"fr-FR","@id":"https:\/\/hpx.eu\/fr\/product\/stretch-fuse-52700\/#primaryimage","url":"https:\/\/hpx.eu\/wp-content\/uploads\/2020\/04\/SI2580-SI2503-SO2503-SZ2503-Stretch__Fuse-Self_fusion_tape-HPX.jpg","contentUrl":"https:\/\/hpx.eu\/wp-content\/uploads\/2020\/04\/SI2580-SI2503-SO2503-SZ2503-Stretch__Fuse-Self_fusion_tape-HPX.jpg","width":800,"height":800,"caption":"STRETCH & FUSE | HPX"},{"@type":"BreadcrumbList","@id":"https:\/\/hpx.eu\/fr\/product\/stretch-fuse-52700\/#breadcrumb","itemListElement":[{"@type":"ListItem","position":1,"name":"Startseite","item":"https:\/\/hpx.eu\/fr\/"},{"@type":"ListItem","position":2,"name":"Produits","item":"https:\/\/hpx.eu\/fr\/produits\/"},{"@type":"ListItem","position":3,"name":"STRETCH &#038; FUSE 52700"}]},{"@type":"WebSite","@id":"https:\/\/hpx.eu\/fr\/#website","url":"https:\/\/hpx.eu\/fr\/","name":"HPX","description":"Tough Job, Tougher Tape","publisher":{"@id":"https:\/\/hpx.eu\/fr\/#organization"},"potentialAction":[{"@type":"SearchAction","target":{"@type":"EntryPoint","urlTemplate":"https:\/\/hpx.eu\/fr\/?s={search_term_string}"},"query-input":{"@type":"PropertyValueSpecification","valueRequired":true,"valueName":"search_term_string"}}],"inLanguage":"fr-FR"},{"@type":"Organization","@id":"https:\/\/hpx.eu\/fr\/#organization","name":"Option Tape Specialties","url":"https:\/\/hpx.eu\/fr\/","logo":{"@type":"ImageObject","inLanguage":"fr-FR","@id":"https:\/\/hpx.eu\/fr\/#\/schema\/logo\/image\/","url":"","contentUrl":"","caption":"Option Tape Specialties"},"image":{"@id":"https:\/\/hpx.eu\/fr\/#\/schema\/logo\/image\/"},"sameAs":["https:\/\/www.facebook.com\/HPXtape\/","https:\/\/www.linkedin.com\/company\/2913311\/","https:\/\/www.youtube.com\/channel\/UCCYnFjBGfKw8SPW1hMUCVFg"]}]}},"_links":{"self":[{"href":"https:\/\/hpx.eu\/fr\/wp-json\/wp\/v2\/product\/173399","targetHints":{"allow":["GET"]}}],"collection":[{"href":"https:\/\/hpx.eu\/fr\/wp-json\/wp\/v2\/product"}],"about":[{"href":"https:\/\/hpx.eu\/fr\/wp-json\/wp\/v2\/types\/product"}],"replies":[{"embeddable":true,"href":"https:\/\/hpx.eu\/fr\/wp-json\/wp\/v2\/comments?post=173399"}],"wp:featuredmedia":[{"embeddable":true,"href":"https:\/\/hpx.eu\/fr\/wp-json\/wp\/v2\/media\/97277"}],"wp:attachment":[{"href":"https:\/\/hpx.eu\/fr\/wp-json\/wp\/v2\/media?parent=173399"}],"wp:term":[{"taxonomy":"product_brand","embeddable":true,"href":"https:\/\/hpx.eu\/fr\/wp-json\/wp\/v2\/product_brand?post=173399"},{"taxonomy":"product_cat","embeddable":true,"href":"https:\/\/hpx.eu\/fr\/wp-json\/wp\/v2\/product_cat?post=173399"},{"taxonomy":"product_tag","embeddable":true,"href":"https:\/\/hpx.eu\/fr\/wp-json\/wp\/v2\/product_tag?post=173399"}],"curies":[{"name":"wp","href":"https:\/\/api.w.org\/{rel}","templated":true}]}}