{"id":173291,"date":"2025-07-14T10:08:17","date_gmt":"2025-07-14T08:08:17","guid":{"rendered":"https:\/\/hpx.eu\/product\/safety-grip-9600\/"},"modified":"2025-07-15T08:41:09","modified_gmt":"2025-07-15T06:41:09","slug":"safety-grip-9600","status":"publish","type":"product","link":"https:\/\/hpx.eu\/fr\/product\/safety-grip-9600\/","title":{"rendered":"SAFETY GRIP <span class=\"productNr\">9600<\/span>"},"content":{"rendered":"","protected":false},"excerpt":{"rendered":"<ul class=\"product_UPS\">\n<li>Protection contre les glissades sur les surfaces lisses<\/li>\n<li>Ruban antid\u00e9rapant pour application industrielle ou domestique<\/li>\n<li>Forte adh\u00e9rence<\/li>\n<li>R\u00e9sistant \u00e0 l&rsquo;huile et \u00e0 l&rsquo;eau<\/li>\n<li>Usage int\u00e9rieur ou ext\u00e9rieur<\/li>\n<li><\/li>\n<li><\/li>\n<li><\/li>\n<li><\/li>\n<li><\/li>\n<\/ul>\n<table class=\"product_table\">\n<thead>\n<tr>\n<th>R\u00e9f. Art.<\/th>\n<th>largeur<\/th>\n<th>longueur<\/th>\n<th>couleur<\/th>\n<th>Emb.<\/th>\n<th>Gencod<\/th>\n<\/tr>\n<\/thead>\n<tbody>\n<tr>\n<td>SB2505<\/td>\n<td>25 mm<\/td>\n<td>5 m<\/td>\n<td>noir<\/td>\n<td>36<\/td>\n<td>5425014224986<\/td>\n<\/tr>\n<tr>\n<td>SB2518<\/td>\n<td>25 mm<\/td>\n<td>18 m<\/td>\n<td>noir<\/td>\n<td>12<\/td>\n<td>5425014224177<\/td>\n<\/tr>\n<tr>\n<td>SC2518<\/td>\n<td>25 mm<\/td>\n<td>18 m<\/td>\n<td>semi-transparent<\/td>\n<td>12<\/td>\n<td>5425014225020<\/td>\n<\/tr>\n<tr>\n<td>SY2518<\/td>\n<td>25 mm<\/td>\n<td>18 m<\/td>\n<td>jaune-noir<\/td>\n<td>12<\/td>\n<td>5425014224191<\/td>\n<\/tr>\n<tr>\n<td>SB3618<\/td>\n<td>36 mm<\/td>\n<td>18 m<\/td>\n<td>noir<\/td>\n<td>12<\/td>\n<td>5407004567105<\/td>\n<\/tr>\n<tr>\n<td>SB5005<\/td>\n<td>50 mm<\/td>\n<td>5 m<\/td>\n<td>noir<\/td>\n<td>16<\/td>\n<td>5407004561592<\/td>\n<\/tr>\n<tr>\n<td>SB5018<\/td>\n<td>50 mm<\/td>\n<td>18 m<\/td>\n<td>noir<\/td>\n<td>12<\/td>\n<td>5425014224214<\/td>\n<\/tr>\n<tr>\n<td>SY5018<\/td>\n<td>50 mm<\/td>\n<td>18 m<\/td>\n<td>jaune-noir<\/td>\n<td>12<\/td>\n<td>5425014225228<\/td>\n<\/tr>\n<tr>\n<td><\/td>\n<td><\/td>\n<td><\/td>\n<td><\/td>\n<td><\/td>\n<td><\/td>\n<\/tr>\n<tr>\n<td><\/td>\n<td><\/td>\n<td><\/td>\n<td><\/td>\n<td><\/td>\n<td><\/td>\n<\/tr>\n<tr>\n<td><\/td>\n<td><\/td>\n<td><\/td>\n<td><\/td>\n<td><\/td>\n<td><\/td>\n<\/tr>\n<tr>\n<td><\/td>\n<td><\/td>\n<td><\/td>\n<td><\/td>\n<td><\/td>\n<td><\/td>\n<\/tr>\n<tr>\n<td><\/td>\n<td><\/td>\n<td><\/td>\n<td><\/td>\n<td><\/td>\n<td><\/td>\n<\/tr>\n<tr>\n<td><\/td>\n<td><\/td>\n<td><\/td>\n<td><\/td>\n<td><\/td>\n<td><\/td>\n<\/tr>\n<tr>\n<td><\/td>\n<td><\/td>\n<td><\/td>\n<td><\/td>\n<td><\/td>\n<td><\/td>\n<\/tr>\n<tr>\n<td><\/td>\n<td><\/td>\n<td><\/td>\n<td><\/td>\n<td><\/td>\n<td><\/td>\n<\/tr>\n<tr>\n<td><\/td>\n<td><\/td>\n<td><\/td>\n<td><\/td>\n<td><\/td>\n<td><\/td>\n<\/tr>\n<tr>\n<td><\/td>\n<td><\/td>\n<td><\/td>\n<td><\/td>\n<td><\/td>\n<td><\/td>\n<\/tr>\n<\/tbody>\n<\/table>\n<div class=\"product_characteristics\">\n<p><b>Adh\u00e9sif: <\/b>acrylique \u00e0 base de solvant<\/p>\n<p><b>Support: <\/b>PVC<\/p>\n<p><b>Tenue en temp\u00e9rature: <\/b>50\u00b0C<\/p>\n<p><b>Charge de rupture: <\/b>&gt; 40 N\/25 mm<\/p>\n<p><b>Pouvoir adh\u00e9sif: <\/b>15 N\/25 mm<\/p>\n<p><b>R\u00e9sistance au cisaillement: <\/b><\/p>\n<p><b>Epaisseur: <\/b>0,90 mm<\/p>\n<p><b>Tension de rupture: <\/b><\/p>\n<\/div>\n<p><a class=\"btnHPX\" href=\"https:\/\/drive.google.com\/uc?id=1MTVsnM3Xde1GmzKJSxM4BaXCF9Eyqpzj&amp;export=download\" target=\"_blank\" rel=\"noopener\"><i class=\"fa fa-download\" aria-hidden=\"true\"><\/i>Download Technical Data Sheet<\/a><\/p>\n","protected":false},"featured_media":171779,"comment_status":"closed","ping_status":"closed","template":"","meta":{"_exactmetrics_skip_tracking":false,"_exactmetrics_sitenote_active":false,"_exactmetrics_sitenote_note":"","_exactmetrics_sitenote_category":0,"_monsterinsights_skip_tracking":false,"_monsterinsights_sitenote_active":false,"_monsterinsights_sitenote_note":"","_monsterinsights_sitenote_category":0,"_themeisle_gutenberg_block_has_review":false},"product_brand":[],"product_cat":[997],"product_tag":[],"class_list":{"0":"post-173291","1":"product","2":"type-product","3":"status-publish","4":"has-post-thumbnail","6":"product_cat-securite-et-marquage","7":"post","8":"post-with-thumbnail","9":"post-with-thumbnail-large","11":"first","12":"instock","13":"product-type-simple"},"yoast_head":"<!-- This site is optimized with the Yoast SEO plugin v27.4 - https:\/\/yoast.com\/product\/yoast-seo-wordpress\/ -->\n<title>SAFETY GRIP | HPX<\/title>\n<meta name=\"description\" content=\"Protection contre les glissades sur les surfaces lisses | S\u00e9curit\u00e9 et marquage | SAFETY GRIP | HPX\" \/>\n<meta name=\"robots\" content=\"index, follow, max-snippet:-1, max-image-preview:large, max-video-preview:-1\" \/>\n<link rel=\"canonical\" href=\"https:\/\/hpx.eu\/fr\/product\/safety-grip-9600\/\" \/>\n<meta property=\"og:locale\" content=\"fr_FR\" \/>\n<meta property=\"og:type\" content=\"article\" \/>\n<meta property=\"og:title\" content=\"SAFETY GRIP | HPX\" \/>\n<meta property=\"og:description\" content=\"Protection contre les glissades sur les surfaces lisses | S\u00e9curit\u00e9 et marquage | SAFETY GRIP | HPX\" \/>\n<meta property=\"og:url\" content=\"https:\/\/hpx.eu\/fr\/product\/safety-grip-9600\/\" \/>\n<meta property=\"og:site_name\" content=\"HPX\" \/>\n<meta property=\"article:publisher\" content=\"https:\/\/www.facebook.com\/HPXtape\/\" \/>\n<meta property=\"article:modified_time\" content=\"2025-07-15T06:41:09+00:00\" \/>\n<meta property=\"og:image\" content=\"https:\/\/hpx.eu\/wp-content\/uploads\/2025\/06\/SB5018-Safety_grip-Anti-slip_tape-black-50mm_x_18m-5425014224214.jpg\" \/>\n\t<meta property=\"og:image:width\" content=\"800\" \/>\n\t<meta property=\"og:image:height\" content=\"800\" \/>\n\t<meta property=\"og:image:type\" content=\"image\/jpeg\" \/>\n<meta name=\"twitter:card\" content=\"summary_large_image\" \/>\n<meta name=\"twitter:label1\" content=\"Dur\u00e9e de lecture estim\u00e9e\" \/>\n\t<meta name=\"twitter:data1\" content=\"1 minute\" \/>\n<script type=\"application\/ld+json\" class=\"yoast-schema-graph\">{\"@context\":\"https:\\\/\\\/schema.org\",\"@graph\":[{\"@type\":\"WebPage\",\"@id\":\"https:\\\/\\\/hpx.eu\\\/fr\\\/product\\\/safety-grip-9600\\\/\",\"url\":\"https:\\\/\\\/hpx.eu\\\/fr\\\/product\\\/safety-grip-9600\\\/\",\"name\":\"SAFETY GRIP | HPX\",\"isPartOf\":{\"@id\":\"http:\\\/\\\/hpx.eu\\\/fr\\\/#website\"},\"primaryImageOfPage\":{\"@id\":\"https:\\\/\\\/hpx.eu\\\/fr\\\/product\\\/safety-grip-9600\\\/#primaryimage\"},\"image\":{\"@id\":\"https:\\\/\\\/hpx.eu\\\/fr\\\/product\\\/safety-grip-9600\\\/#primaryimage\"},\"thumbnailUrl\":\"https:\\\/\\\/hpx.eu\\\/wp-content\\\/uploads\\\/2025\\\/06\\\/SB5018-Safety_grip-Anti-slip_tape-black-50mm_x_18m-5425014224214.jpg\",\"datePublished\":\"2025-07-14T08:08:17+00:00\",\"dateModified\":\"2025-07-15T06:41:09+00:00\",\"description\":\"Protection contre les glissades sur les surfaces lisses | S\u00e9curit\u00e9 et marquage | SAFETY GRIP | HPX\",\"breadcrumb\":{\"@id\":\"https:\\\/\\\/hpx.eu\\\/fr\\\/product\\\/safety-grip-9600\\\/#breadcrumb\"},\"inLanguage\":\"fr-FR\",\"potentialAction\":[{\"@type\":\"ReadAction\",\"target\":[\"https:\\\/\\\/hpx.eu\\\/fr\\\/product\\\/safety-grip-9600\\\/\"]}]},{\"@type\":\"ImageObject\",\"inLanguage\":\"fr-FR\",\"@id\":\"https:\\\/\\\/hpx.eu\\\/fr\\\/product\\\/safety-grip-9600\\\/#primaryimage\",\"url\":\"https:\\\/\\\/hpx.eu\\\/wp-content\\\/uploads\\\/2025\\\/06\\\/SB5018-Safety_grip-Anti-slip_tape-black-50mm_x_18m-5425014224214.jpg\",\"contentUrl\":\"https:\\\/\\\/hpx.eu\\\/wp-content\\\/uploads\\\/2025\\\/06\\\/SB5018-Safety_grip-Anti-slip_tape-black-50mm_x_18m-5425014224214.jpg\",\"width\":800,\"height\":800},{\"@type\":\"BreadcrumbList\",\"@id\":\"https:\\\/\\\/hpx.eu\\\/fr\\\/product\\\/safety-grip-9600\\\/#breadcrumb\",\"itemListElement\":[{\"@type\":\"ListItem\",\"position\":1,\"name\":\"Startseite\",\"item\":\"http:\\\/\\\/hpx.eu\\\/fr\\\/\"},{\"@type\":\"ListItem\",\"position\":2,\"name\":\"Produits\",\"item\":\"http:\\\/\\\/hpx.eu\\\/fr\\\/produits\\\/\"},{\"@type\":\"ListItem\",\"position\":3,\"name\":\"SAFETY GRIP 9600\"}]},{\"@type\":\"WebSite\",\"@id\":\"http:\\\/\\\/hpx.eu\\\/fr\\\/#website\",\"url\":\"http:\\\/\\\/hpx.eu\\\/fr\\\/\",\"name\":\"HPX\",\"description\":\"Tough Job, Tougher Tape\",\"publisher\":{\"@id\":\"http:\\\/\\\/hpx.eu\\\/fr\\\/#organization\"},\"potentialAction\":[{\"@type\":\"SearchAction\",\"target\":{\"@type\":\"EntryPoint\",\"urlTemplate\":\"http:\\\/\\\/hpx.eu\\\/fr\\\/?s={search_term_string}\"},\"query-input\":{\"@type\":\"PropertyValueSpecification\",\"valueRequired\":true,\"valueName\":\"search_term_string\"}}],\"inLanguage\":\"fr-FR\"},{\"@type\":\"Organization\",\"@id\":\"http:\\\/\\\/hpx.eu\\\/fr\\\/#organization\",\"name\":\"Option Tape Specialties\",\"url\":\"http:\\\/\\\/hpx.eu\\\/fr\\\/\",\"logo\":{\"@type\":\"ImageObject\",\"inLanguage\":\"fr-FR\",\"@id\":\"http:\\\/\\\/hpx.eu\\\/fr\\\/#\\\/schema\\\/logo\\\/image\\\/\",\"url\":\"\",\"contentUrl\":\"\",\"caption\":\"Option Tape Specialties\"},\"image\":{\"@id\":\"http:\\\/\\\/hpx.eu\\\/fr\\\/#\\\/schema\\\/logo\\\/image\\\/\"},\"sameAs\":[\"https:\\\/\\\/www.facebook.com\\\/HPXtape\\\/\",\"https:\\\/\\\/www.linkedin.com\\\/company\\\/2913311\\\/\",\"https:\\\/\\\/www.youtube.com\\\/channel\\\/UCCYnFjBGfKw8SPW1hMUCVFg\"]}]}<\/script>\n<!-- \/ Yoast SEO plugin. -->","yoast_head_json":{"title":"SAFETY GRIP | HPX","description":"Protection contre les glissades sur les surfaces lisses | S\u00e9curit\u00e9 et marquage | SAFETY GRIP | HPX","robots":{"index":"index","follow":"follow","max-snippet":"max-snippet:-1","max-image-preview":"max-image-preview:large","max-video-preview":"max-video-preview:-1"},"canonical":"https:\/\/hpx.eu\/fr\/product\/safety-grip-9600\/","og_locale":"fr_FR","og_type":"article","og_title":"SAFETY GRIP | HPX","og_description":"Protection contre les glissades sur les surfaces lisses | S\u00e9curit\u00e9 et marquage | SAFETY GRIP | HPX","og_url":"https:\/\/hpx.eu\/fr\/product\/safety-grip-9600\/","og_site_name":"HPX","article_publisher":"https:\/\/www.facebook.com\/HPXtape\/","article_modified_time":"2025-07-15T06:41:09+00:00","og_image":[{"width":800,"height":800,"url":"https:\/\/hpx.eu\/wp-content\/uploads\/2025\/06\/SB5018-Safety_grip-Anti-slip_tape-black-50mm_x_18m-5425014224214.jpg","type":"image\/jpeg"}],"twitter_card":"summary_large_image","twitter_misc":{"Dur\u00e9e de lecture estim\u00e9e":"1 minute"},"schema":{"@context":"https:\/\/schema.org","@graph":[{"@type":"WebPage","@id":"https:\/\/hpx.eu\/fr\/product\/safety-grip-9600\/","url":"https:\/\/hpx.eu\/fr\/product\/safety-grip-9600\/","name":"SAFETY GRIP | HPX","isPartOf":{"@id":"https:\/\/hpx.eu\/fr\/#website"},"primaryImageOfPage":{"@id":"https:\/\/hpx.eu\/fr\/product\/safety-grip-9600\/#primaryimage"},"image":{"@id":"https:\/\/hpx.eu\/fr\/product\/safety-grip-9600\/#primaryimage"},"thumbnailUrl":"https:\/\/hpx.eu\/wp-content\/uploads\/2025\/06\/SB5018-Safety_grip-Anti-slip_tape-black-50mm_x_18m-5425014224214.jpg","datePublished":"2025-07-14T08:08:17+00:00","dateModified":"2025-07-15T06:41:09+00:00","description":"Protection contre les glissades sur les surfaces lisses | S\u00e9curit\u00e9 et marquage | SAFETY GRIP | HPX","breadcrumb":{"@id":"https:\/\/hpx.eu\/fr\/product\/safety-grip-9600\/#breadcrumb"},"inLanguage":"fr-FR","potentialAction":[{"@type":"ReadAction","target":["https:\/\/hpx.eu\/fr\/product\/safety-grip-9600\/"]}]},{"@type":"ImageObject","inLanguage":"fr-FR","@id":"https:\/\/hpx.eu\/fr\/product\/safety-grip-9600\/#primaryimage","url":"https:\/\/hpx.eu\/wp-content\/uploads\/2025\/06\/SB5018-Safety_grip-Anti-slip_tape-black-50mm_x_18m-5425014224214.jpg","contentUrl":"https:\/\/hpx.eu\/wp-content\/uploads\/2025\/06\/SB5018-Safety_grip-Anti-slip_tape-black-50mm_x_18m-5425014224214.jpg","width":800,"height":800},{"@type":"BreadcrumbList","@id":"https:\/\/hpx.eu\/fr\/product\/safety-grip-9600\/#breadcrumb","itemListElement":[{"@type":"ListItem","position":1,"name":"Startseite","item":"https:\/\/hpx.eu\/fr\/"},{"@type":"ListItem","position":2,"name":"Produits","item":"https:\/\/hpx.eu\/fr\/produits\/"},{"@type":"ListItem","position":3,"name":"SAFETY GRIP 9600"}]},{"@type":"WebSite","@id":"https:\/\/hpx.eu\/fr\/#website","url":"https:\/\/hpx.eu\/fr\/","name":"HPX","description":"Tough Job, Tougher Tape","publisher":{"@id":"https:\/\/hpx.eu\/fr\/#organization"},"potentialAction":[{"@type":"SearchAction","target":{"@type":"EntryPoint","urlTemplate":"https:\/\/hpx.eu\/fr\/?s={search_term_string}"},"query-input":{"@type":"PropertyValueSpecification","valueRequired":true,"valueName":"search_term_string"}}],"inLanguage":"fr-FR"},{"@type":"Organization","@id":"https:\/\/hpx.eu\/fr\/#organization","name":"Option Tape Specialties","url":"https:\/\/hpx.eu\/fr\/","logo":{"@type":"ImageObject","inLanguage":"fr-FR","@id":"https:\/\/hpx.eu\/fr\/#\/schema\/logo\/image\/","url":"","contentUrl":"","caption":"Option Tape Specialties"},"image":{"@id":"https:\/\/hpx.eu\/fr\/#\/schema\/logo\/image\/"},"sameAs":["https:\/\/www.facebook.com\/HPXtape\/","https:\/\/www.linkedin.com\/company\/2913311\/","https:\/\/www.youtube.com\/channel\/UCCYnFjBGfKw8SPW1hMUCVFg"]}]}},"_links":{"self":[{"href":"https:\/\/hpx.eu\/fr\/wp-json\/wp\/v2\/product\/173291","targetHints":{"allow":["GET"]}}],"collection":[{"href":"https:\/\/hpx.eu\/fr\/wp-json\/wp\/v2\/product"}],"about":[{"href":"https:\/\/hpx.eu\/fr\/wp-json\/wp\/v2\/types\/product"}],"replies":[{"embeddable":true,"href":"https:\/\/hpx.eu\/fr\/wp-json\/wp\/v2\/comments?post=173291"}],"wp:featuredmedia":[{"embeddable":true,"href":"https:\/\/hpx.eu\/fr\/wp-json\/wp\/v2\/media\/171779"}],"wp:attachment":[{"href":"https:\/\/hpx.eu\/fr\/wp-json\/wp\/v2\/media?parent=173291"}],"wp:term":[{"taxonomy":"product_brand","embeddable":true,"href":"https:\/\/hpx.eu\/fr\/wp-json\/wp\/v2\/product_brand?post=173291"},{"taxonomy":"product_cat","embeddable":true,"href":"https:\/\/hpx.eu\/fr\/wp-json\/wp\/v2\/product_cat?post=173291"},{"taxonomy":"product_tag","embeddable":true,"href":"https:\/\/hpx.eu\/fr\/wp-json\/wp\/v2\/product_tag?post=173291"}],"curies":[{"name":"wp","href":"https:\/\/api.w.org\/{rel}","templated":true}]}}