{"id":173287,"date":"2025-07-14T10:08:17","date_gmt":"2025-07-14T08:08:17","guid":{"rendered":"https:\/\/hpx.eu\/product\/super-barrier-tape-9400\/"},"modified":"2025-07-15T08:38:56","modified_gmt":"2025-07-15T06:38:56","slug":"super-barrier-tape-9400","status":"publish","type":"product","link":"https:\/\/hpx.eu\/fr\/product\/super-barrier-tape-9400\/","title":{"rendered":"SUPER BARRIER TAPE <span class=\"productNr\">9400<\/span>"},"content":{"rendered":"","protected":false},"excerpt":{"rendered":"<ul class=\"product_UPS\">\n<li>Ruban de d\u00e9limitation tr\u00e8s r\u00e9sistant, de haute qualit\u00e9, en poly\u00e9thyl\u00e8ne respectueux de l\u2019environnement (au moins 80 % de mati\u00e8res recycl\u00e9es)<\/li>\n<li>Extr\u00eamement r\u00e9sistant \u00e0 la d\u00e9chirure<\/li>\n<li>R\u00e9sistant \u00e0 de nombreux param\u00e8tres impactants, notamment les rayons UV, la chaleur, le froid et l\u2019humidit\u00e9<\/li>\n<li>Conditionn\u00e9 dans une bo\u00eete distributrice facile \u00e0 utiliser<\/li>\n<li>Blocs rouge\/blanc des deux c\u00f4t\u00e9s<\/li>\n<li><\/li>\n<li><\/li>\n<li><\/li>\n<li><\/li>\n<li><\/li>\n<\/ul>\n<table class=\"product_table\">\n<thead>\n<tr>\n<th>R\u00e9f. Art.<\/th>\n<th>largeur<\/th>\n<th>longueur<\/th>\n<th>couleur<\/th>\n<th>Emb.<\/th>\n<th>Gencod<\/th>\n<\/tr>\n<\/thead>\n<tbody>\n<tr>\n<td>BS80100<\/td>\n<td>80 mm<\/td>\n<td>500 m<\/td>\n<td>rouge-blanc<\/td>\n<td>10<\/td>\n<td>5407004561455<\/td>\n<\/tr>\n<tr>\n<td><\/td>\n<td><\/td>\n<td><\/td>\n<td><\/td>\n<td><\/td>\n<td><\/td>\n<\/tr>\n<tr>\n<td><\/td>\n<td><\/td>\n<td><\/td>\n<td><\/td>\n<td><\/td>\n<td><\/td>\n<\/tr>\n<tr>\n<td><\/td>\n<td><\/td>\n<td><\/td>\n<td><\/td>\n<td><\/td>\n<td><\/td>\n<\/tr>\n<tr>\n<td><\/td>\n<td><\/td>\n<td><\/td>\n<td><\/td>\n<td><\/td>\n<td><\/td>\n<\/tr>\n<tr>\n<td><\/td>\n<td><\/td>\n<td><\/td>\n<td><\/td>\n<td><\/td>\n<td><\/td>\n<\/tr>\n<tr>\n<td><\/td>\n<td><\/td>\n<td><\/td>\n<td><\/td>\n<td><\/td>\n<td><\/td>\n<\/tr>\n<tr>\n<td><\/td>\n<td><\/td>\n<td><\/td>\n<td><\/td>\n<td><\/td>\n<td><\/td>\n<\/tr>\n<tr>\n<td><\/td>\n<td><\/td>\n<td><\/td>\n<td><\/td>\n<td><\/td>\n<td><\/td>\n<\/tr>\n<tr>\n<td><\/td>\n<td><\/td>\n<td><\/td>\n<td><\/td>\n<td><\/td>\n<td><\/td>\n<\/tr>\n<tr>\n<td><\/td>\n<td><\/td>\n<td><\/td>\n<td><\/td>\n<td><\/td>\n<td><\/td>\n<\/tr>\n<tr>\n<td><\/td>\n<td><\/td>\n<td><\/td>\n<td><\/td>\n<td><\/td>\n<td><\/td>\n<\/tr>\n<tr>\n<td><\/td>\n<td><\/td>\n<td><\/td>\n<td><\/td>\n<td><\/td>\n<td><\/td>\n<\/tr>\n<tr>\n<td><\/td>\n<td><\/td>\n<td><\/td>\n<td><\/td>\n<td><\/td>\n<td><\/td>\n<\/tr>\n<tr>\n<td><\/td>\n<td><\/td>\n<td><\/td>\n<td><\/td>\n<td><\/td>\n<td><\/td>\n<\/tr>\n<tr>\n<td><\/td>\n<td><\/td>\n<td><\/td>\n<td><\/td>\n<td><\/td>\n<td><\/td>\n<\/tr>\n<tr>\n<td><\/td>\n<td><\/td>\n<td><\/td>\n<td><\/td>\n<td><\/td>\n<td><\/td>\n<\/tr>\n<tr>\n<td><\/td>\n<td><\/td>\n<td><\/td>\n<td><\/td>\n<td><\/td>\n<td><\/td>\n<\/tr>\n<\/tbody>\n<\/table>\n<div class=\"product_characteristics\">\n<p><b>Adh\u00e9sif: <\/b><\/p>\n<p><b>Support: <\/b>poly\u00e9thyl\u00e8ne<\/p>\n<p><b>Tenue en temp\u00e9rature: <\/b><\/p>\n<p><b>Charge de rupture: <\/b><\/p>\n<p><b>Pouvoir adh\u00e9sif: <\/b><\/p>\n<p><b>R\u00e9sistance au cisaillement: <\/b><\/p>\n<p><b>Epaisseur: <\/b>0,03 mm<\/p>\n<p><b>Tension de rupture: <\/b><\/p>\n<\/div>\n<p><a class=\"btnHPX\" href=\"https:\/\/drive.google.com\/uc?id=1TPWMVzmfbH9m2tUzcYahLD5Hos4qtddO&amp;export=download\" target=\"_blank\" rel=\"noopener\"><i class=\"fa fa-download\" aria-hidden=\"true\"><\/i>Download Technical Data Sheet<\/a><\/p>\n","protected":false},"featured_media":92177,"comment_status":"closed","ping_status":"closed","template":"","meta":{"_exactmetrics_skip_tracking":false,"_exactmetrics_sitenote_active":false,"_exactmetrics_sitenote_note":"","_exactmetrics_sitenote_category":0,"_monsterinsights_skip_tracking":false,"_monsterinsights_sitenote_active":false,"_monsterinsights_sitenote_note":"","_monsterinsights_sitenote_category":0,"_themeisle_gutenberg_block_has_review":false},"product_brand":[],"product_cat":[997],"product_tag":[],"class_list":{"0":"post-173287","1":"product","2":"type-product","3":"status-publish","4":"has-post-thumbnail","6":"product_cat-securite-et-marquage","7":"post","8":"post-with-thumbnail","9":"post-with-thumbnail-large","11":"first","12":"instock","13":"product-type-simple"},"yoast_head":"<!-- This site is optimized with the Yoast SEO plugin v27.3 - https:\/\/yoast.com\/product\/yoast-seo-wordpress\/ -->\n<title>SUPER BARRIER TAPE | HPX<\/title>\n<meta name=\"description\" content=\"Ruban de d\u00e9limitation tr\u00e8s r\u00e9sistant, de haute qualit\u00e9, en poly\u00e9thyl\u00e8ne respectueux de l\u2019environnement (au moins 80 % de mati\u00e8res recycl\u00e9es) | S\u00e9curit\u00e9 et marquage | SUPER BARRIER TAPE | HPX\" \/>\n<meta name=\"robots\" content=\"index, follow, max-snippet:-1, max-image-preview:large, max-video-preview:-1\" \/>\n<link rel=\"canonical\" href=\"https:\/\/hpx.eu\/fr\/product\/super-barrier-tape-9400\/\" \/>\n<meta property=\"og:locale\" content=\"fr_FR\" \/>\n<meta property=\"og:type\" content=\"article\" \/>\n<meta property=\"og:title\" content=\"SUPER BARRIER TAPE | HPX\" \/>\n<meta property=\"og:description\" content=\"Ruban de d\u00e9limitation tr\u00e8s r\u00e9sistant, de haute qualit\u00e9, en poly\u00e9thyl\u00e8ne respectueux de l\u2019environnement (au moins 80 % de mati\u00e8res recycl\u00e9es) | S\u00e9curit\u00e9 et marquage | SUPER BARRIER TAPE | HPX\" \/>\n<meta property=\"og:url\" content=\"https:\/\/hpx.eu\/fr\/product\/super-barrier-tape-9400\/\" \/>\n<meta property=\"og:site_name\" content=\"HPX\" \/>\n<meta property=\"article:publisher\" content=\"https:\/\/www.facebook.com\/HPXtape\/\" \/>\n<meta property=\"article:modified_time\" content=\"2025-07-15T06:38:56+00:00\" \/>\n<meta property=\"og:image\" content=\"https:\/\/hpx.eu\/wp-content\/uploads\/2020\/04\/BS80100-Super_barrier_tape-white_red-80mm_x_500m-5407004561455-HPX.jpg\" \/>\n\t<meta property=\"og:image:width\" content=\"800\" \/>\n\t<meta property=\"og:image:height\" content=\"800\" \/>\n\t<meta property=\"og:image:type\" content=\"image\/jpeg\" \/>\n<meta name=\"twitter:card\" content=\"summary_large_image\" \/>\n<meta name=\"twitter:label1\" content=\"Dur\u00e9e de lecture estim\u00e9e\" \/>\n\t<meta name=\"twitter:data1\" content=\"1 minute\" \/>\n<script type=\"application\/ld+json\" class=\"yoast-schema-graph\">{\"@context\":\"https:\\\/\\\/schema.org\",\"@graph\":[{\"@type\":\"WebPage\",\"@id\":\"https:\\\/\\\/hpx.eu\\\/fr\\\/product\\\/super-barrier-tape-9400\\\/\",\"url\":\"https:\\\/\\\/hpx.eu\\\/fr\\\/product\\\/super-barrier-tape-9400\\\/\",\"name\":\"SUPER BARRIER TAPE | HPX\",\"isPartOf\":{\"@id\":\"http:\\\/\\\/hpx.eu\\\/fr\\\/#website\"},\"primaryImageOfPage\":{\"@id\":\"https:\\\/\\\/hpx.eu\\\/fr\\\/product\\\/super-barrier-tape-9400\\\/#primaryimage\"},\"image\":{\"@id\":\"https:\\\/\\\/hpx.eu\\\/fr\\\/product\\\/super-barrier-tape-9400\\\/#primaryimage\"},\"thumbnailUrl\":\"https:\\\/\\\/hpx.eu\\\/wp-content\\\/uploads\\\/2020\\\/04\\\/BS80100-Super_barrier_tape-white_red-80mm_x_500m-5407004561455-HPX.jpg\",\"datePublished\":\"2025-07-14T08:08:17+00:00\",\"dateModified\":\"2025-07-15T06:38:56+00:00\",\"description\":\"Ruban de d\u00e9limitation tr\u00e8s r\u00e9sistant, de haute qualit\u00e9, en poly\u00e9thyl\u00e8ne respectueux de l\u2019environnement (au moins 80 % de mati\u00e8res recycl\u00e9es) | S\u00e9curit\u00e9 et marquage | SUPER BARRIER TAPE | HPX\",\"breadcrumb\":{\"@id\":\"https:\\\/\\\/hpx.eu\\\/fr\\\/product\\\/super-barrier-tape-9400\\\/#breadcrumb\"},\"inLanguage\":\"fr-FR\",\"potentialAction\":[{\"@type\":\"ReadAction\",\"target\":[\"https:\\\/\\\/hpx.eu\\\/fr\\\/product\\\/super-barrier-tape-9400\\\/\"]}]},{\"@type\":\"ImageObject\",\"inLanguage\":\"fr-FR\",\"@id\":\"https:\\\/\\\/hpx.eu\\\/fr\\\/product\\\/super-barrier-tape-9400\\\/#primaryimage\",\"url\":\"https:\\\/\\\/hpx.eu\\\/wp-content\\\/uploads\\\/2020\\\/04\\\/BS80100-Super_barrier_tape-white_red-80mm_x_500m-5407004561455-HPX.jpg\",\"contentUrl\":\"https:\\\/\\\/hpx.eu\\\/wp-content\\\/uploads\\\/2020\\\/04\\\/BS80100-Super_barrier_tape-white_red-80mm_x_500m-5407004561455-HPX.jpg\",\"width\":800,\"height\":800,\"caption\":\"SUPER BARRIER TAPE | HPX\"},{\"@type\":\"BreadcrumbList\",\"@id\":\"https:\\\/\\\/hpx.eu\\\/fr\\\/product\\\/super-barrier-tape-9400\\\/#breadcrumb\",\"itemListElement\":[{\"@type\":\"ListItem\",\"position\":1,\"name\":\"Startseite\",\"item\":\"http:\\\/\\\/hpx.eu\\\/fr\\\/\"},{\"@type\":\"ListItem\",\"position\":2,\"name\":\"Produits\",\"item\":\"http:\\\/\\\/hpx.eu\\\/fr\\\/produits\\\/\"},{\"@type\":\"ListItem\",\"position\":3,\"name\":\"SUPER BARRIER TAPE 9400\"}]},{\"@type\":\"WebSite\",\"@id\":\"http:\\\/\\\/hpx.eu\\\/fr\\\/#website\",\"url\":\"http:\\\/\\\/hpx.eu\\\/fr\\\/\",\"name\":\"HPX\",\"description\":\"Tough Job, Tougher Tape\",\"publisher\":{\"@id\":\"http:\\\/\\\/hpx.eu\\\/fr\\\/#organization\"},\"potentialAction\":[{\"@type\":\"SearchAction\",\"target\":{\"@type\":\"EntryPoint\",\"urlTemplate\":\"http:\\\/\\\/hpx.eu\\\/fr\\\/?s={search_term_string}\"},\"query-input\":{\"@type\":\"PropertyValueSpecification\",\"valueRequired\":true,\"valueName\":\"search_term_string\"}}],\"inLanguage\":\"fr-FR\"},{\"@type\":\"Organization\",\"@id\":\"http:\\\/\\\/hpx.eu\\\/fr\\\/#organization\",\"name\":\"Option Tape Specialties\",\"url\":\"http:\\\/\\\/hpx.eu\\\/fr\\\/\",\"logo\":{\"@type\":\"ImageObject\",\"inLanguage\":\"fr-FR\",\"@id\":\"http:\\\/\\\/hpx.eu\\\/fr\\\/#\\\/schema\\\/logo\\\/image\\\/\",\"url\":\"\",\"contentUrl\":\"\",\"caption\":\"Option Tape Specialties\"},\"image\":{\"@id\":\"http:\\\/\\\/hpx.eu\\\/fr\\\/#\\\/schema\\\/logo\\\/image\\\/\"},\"sameAs\":[\"https:\\\/\\\/www.facebook.com\\\/HPXtape\\\/\",\"https:\\\/\\\/www.linkedin.com\\\/company\\\/2913311\\\/\",\"https:\\\/\\\/www.youtube.com\\\/channel\\\/UCCYnFjBGfKw8SPW1hMUCVFg\"]}]}<\/script>\n<!-- \/ Yoast SEO plugin. -->","yoast_head_json":{"title":"SUPER BARRIER TAPE | HPX","description":"Ruban de d\u00e9limitation tr\u00e8s r\u00e9sistant, de haute qualit\u00e9, en poly\u00e9thyl\u00e8ne respectueux de l\u2019environnement (au moins 80 % de mati\u00e8res recycl\u00e9es) | S\u00e9curit\u00e9 et marquage | SUPER BARRIER TAPE | HPX","robots":{"index":"index","follow":"follow","max-snippet":"max-snippet:-1","max-image-preview":"max-image-preview:large","max-video-preview":"max-video-preview:-1"},"canonical":"https:\/\/hpx.eu\/fr\/product\/super-barrier-tape-9400\/","og_locale":"fr_FR","og_type":"article","og_title":"SUPER BARRIER TAPE | HPX","og_description":"Ruban de d\u00e9limitation tr\u00e8s r\u00e9sistant, de haute qualit\u00e9, en poly\u00e9thyl\u00e8ne respectueux de l\u2019environnement (au moins 80 % de mati\u00e8res recycl\u00e9es) | S\u00e9curit\u00e9 et marquage | SUPER BARRIER TAPE | HPX","og_url":"https:\/\/hpx.eu\/fr\/product\/super-barrier-tape-9400\/","og_site_name":"HPX","article_publisher":"https:\/\/www.facebook.com\/HPXtape\/","article_modified_time":"2025-07-15T06:38:56+00:00","og_image":[{"width":800,"height":800,"url":"https:\/\/hpx.eu\/wp-content\/uploads\/2020\/04\/BS80100-Super_barrier_tape-white_red-80mm_x_500m-5407004561455-HPX.jpg","type":"image\/jpeg"}],"twitter_card":"summary_large_image","twitter_misc":{"Dur\u00e9e de lecture estim\u00e9e":"1 minute"},"schema":{"@context":"https:\/\/schema.org","@graph":[{"@type":"WebPage","@id":"https:\/\/hpx.eu\/fr\/product\/super-barrier-tape-9400\/","url":"https:\/\/hpx.eu\/fr\/product\/super-barrier-tape-9400\/","name":"SUPER BARRIER TAPE | HPX","isPartOf":{"@id":"https:\/\/hpx.eu\/fr\/#website"},"primaryImageOfPage":{"@id":"https:\/\/hpx.eu\/fr\/product\/super-barrier-tape-9400\/#primaryimage"},"image":{"@id":"https:\/\/hpx.eu\/fr\/product\/super-barrier-tape-9400\/#primaryimage"},"thumbnailUrl":"https:\/\/hpx.eu\/wp-content\/uploads\/2020\/04\/BS80100-Super_barrier_tape-white_red-80mm_x_500m-5407004561455-HPX.jpg","datePublished":"2025-07-14T08:08:17+00:00","dateModified":"2025-07-15T06:38:56+00:00","description":"Ruban de d\u00e9limitation tr\u00e8s r\u00e9sistant, de haute qualit\u00e9, en poly\u00e9thyl\u00e8ne respectueux de l\u2019environnement (au moins 80 % de mati\u00e8res recycl\u00e9es) | S\u00e9curit\u00e9 et marquage | SUPER BARRIER TAPE | HPX","breadcrumb":{"@id":"https:\/\/hpx.eu\/fr\/product\/super-barrier-tape-9400\/#breadcrumb"},"inLanguage":"fr-FR","potentialAction":[{"@type":"ReadAction","target":["https:\/\/hpx.eu\/fr\/product\/super-barrier-tape-9400\/"]}]},{"@type":"ImageObject","inLanguage":"fr-FR","@id":"https:\/\/hpx.eu\/fr\/product\/super-barrier-tape-9400\/#primaryimage","url":"https:\/\/hpx.eu\/wp-content\/uploads\/2020\/04\/BS80100-Super_barrier_tape-white_red-80mm_x_500m-5407004561455-HPX.jpg","contentUrl":"https:\/\/hpx.eu\/wp-content\/uploads\/2020\/04\/BS80100-Super_barrier_tape-white_red-80mm_x_500m-5407004561455-HPX.jpg","width":800,"height":800,"caption":"SUPER BARRIER TAPE | HPX"},{"@type":"BreadcrumbList","@id":"https:\/\/hpx.eu\/fr\/product\/super-barrier-tape-9400\/#breadcrumb","itemListElement":[{"@type":"ListItem","position":1,"name":"Startseite","item":"https:\/\/hpx.eu\/fr\/"},{"@type":"ListItem","position":2,"name":"Produits","item":"https:\/\/hpx.eu\/fr\/produits\/"},{"@type":"ListItem","position":3,"name":"SUPER BARRIER TAPE 9400"}]},{"@type":"WebSite","@id":"https:\/\/hpx.eu\/fr\/#website","url":"https:\/\/hpx.eu\/fr\/","name":"HPX","description":"Tough Job, Tougher Tape","publisher":{"@id":"https:\/\/hpx.eu\/fr\/#organization"},"potentialAction":[{"@type":"SearchAction","target":{"@type":"EntryPoint","urlTemplate":"https:\/\/hpx.eu\/fr\/?s={search_term_string}"},"query-input":{"@type":"PropertyValueSpecification","valueRequired":true,"valueName":"search_term_string"}}],"inLanguage":"fr-FR"},{"@type":"Organization","@id":"https:\/\/hpx.eu\/fr\/#organization","name":"Option Tape Specialties","url":"https:\/\/hpx.eu\/fr\/","logo":{"@type":"ImageObject","inLanguage":"fr-FR","@id":"https:\/\/hpx.eu\/fr\/#\/schema\/logo\/image\/","url":"","contentUrl":"","caption":"Option Tape Specialties"},"image":{"@id":"https:\/\/hpx.eu\/fr\/#\/schema\/logo\/image\/"},"sameAs":["https:\/\/www.facebook.com\/HPXtape\/","https:\/\/www.linkedin.com\/company\/2913311\/","https:\/\/www.youtube.com\/channel\/UCCYnFjBGfKw8SPW1hMUCVFg"]}]}},"_links":{"self":[{"href":"https:\/\/hpx.eu\/fr\/wp-json\/wp\/v2\/product\/173287","targetHints":{"allow":["GET"]}}],"collection":[{"href":"https:\/\/hpx.eu\/fr\/wp-json\/wp\/v2\/product"}],"about":[{"href":"https:\/\/hpx.eu\/fr\/wp-json\/wp\/v2\/types\/product"}],"replies":[{"embeddable":true,"href":"https:\/\/hpx.eu\/fr\/wp-json\/wp\/v2\/comments?post=173287"}],"wp:featuredmedia":[{"embeddable":true,"href":"https:\/\/hpx.eu\/fr\/wp-json\/wp\/v2\/media\/92177"}],"wp:attachment":[{"href":"https:\/\/hpx.eu\/fr\/wp-json\/wp\/v2\/media?parent=173287"}],"wp:term":[{"taxonomy":"product_brand","embeddable":true,"href":"https:\/\/hpx.eu\/fr\/wp-json\/wp\/v2\/product_brand?post=173287"},{"taxonomy":"product_cat","embeddable":true,"href":"https:\/\/hpx.eu\/fr\/wp-json\/wp\/v2\/product_cat?post=173287"},{"taxonomy":"product_tag","embeddable":true,"href":"https:\/\/hpx.eu\/fr\/wp-json\/wp\/v2\/product_tag?post=173287"}],"curies":[{"name":"wp","href":"https:\/\/api.w.org\/{rel}","templated":true}]}}