{"id":173191,"date":"2025-07-14T10:06:44","date_gmt":"2025-07-14T08:06:44","guid":{"rendered":"https:\/\/hpx.eu\/product\/easy-mask-fine-line-4750\/"},"modified":"2025-07-15T08:27:00","modified_gmt":"2025-07-15T06:27:00","slug":"easy-mask-fine-line-4750","status":"publish","type":"product","link":"https:\/\/hpx.eu\/fr\/product\/easy-mask-fine-line-4750\/","title":{"rendered":"EASY MASK FINE LINE <span class=\"productNr\">4750<\/span>"},"content":{"rendered":"","protected":false},"excerpt":{"rendered":"<ul class=\"product_UPS\">\n<li>Film transparent avec un ruban de masquage \u201cgold\u201d, pour une finition soign\u00e9e<\/li>\n<li>Le film adh\u00e8re aux surfaces gr\u00e2ce \u00e0 ses propri\u00e9t\u00e9s \u00e9lectrostatiques<\/li>\n<li>Pour masquer et couvrir des grandes surfaces (p.ex. meubles, murs)<\/li>\n<li>Convient pour des surfaces lisses et l\u00e9g\u00e8rement rugueuses<\/li>\n<li>R\u00e9sistant aux UV (sans transfert sur le support \u00e0 l\u2019enl\u00e8vement jusqu&rsquo;\u00e0 4 mois apr\u00e8s son application)<\/li>\n<li>Usage int\u00e9rieur<\/li>\n<li><\/li>\n<li><\/li>\n<li><\/li>\n<li><\/li>\n<\/ul>\n<table class=\"product_table\">\n<thead>\n<tr>\n<th>R\u00e9f. Art.<\/th>\n<th>largeur<\/th>\n<th>longueur<\/th>\n<th>couleur<\/th>\n<th>Emb.<\/th>\n<th>Gencod<\/th>\n<\/tr>\n<\/thead>\n<tbody>\n<tr>\n<td>EM5533<\/td>\n<td>550 mm<\/td>\n<td>33 m<\/td>\n<td><\/td>\n<td>60<\/td>\n<td>5425014229523<\/td>\n<\/tr>\n<tr>\n<td>EM11033<\/td>\n<td>1100 mm<\/td>\n<td>33 m<\/td>\n<td><\/td>\n<td>30<\/td>\n<td>5425014229547<\/td>\n<\/tr>\n<tr>\n<td>EM27020<\/td>\n<td>2700 mm<\/td>\n<td>20 m<\/td>\n<td><\/td>\n<td>30<\/td>\n<td>5425014229561<\/td>\n<\/tr>\n<tr>\n<td><\/td>\n<td><\/td>\n<td><\/td>\n<td><\/td>\n<td><\/td>\n<td><\/td>\n<\/tr>\n<tr>\n<td><\/td>\n<td><\/td>\n<td><\/td>\n<td><\/td>\n<td><\/td>\n<td><\/td>\n<\/tr>\n<tr>\n<td><\/td>\n<td><\/td>\n<td><\/td>\n<td><\/td>\n<td><\/td>\n<td><\/td>\n<\/tr>\n<tr>\n<td><\/td>\n<td><\/td>\n<td><\/td>\n<td><\/td>\n<td><\/td>\n<td><\/td>\n<\/tr>\n<tr>\n<td><\/td>\n<td><\/td>\n<td><\/td>\n<td><\/td>\n<td><\/td>\n<td><\/td>\n<\/tr>\n<tr>\n<td><\/td>\n<td><\/td>\n<td><\/td>\n<td><\/td>\n<td><\/td>\n<td><\/td>\n<\/tr>\n<tr>\n<td><\/td>\n<td><\/td>\n<td><\/td>\n<td><\/td>\n<td><\/td>\n<td><\/td>\n<\/tr>\n<tr>\n<td><\/td>\n<td><\/td>\n<td><\/td>\n<td><\/td>\n<td><\/td>\n<td><\/td>\n<\/tr>\n<tr>\n<td><\/td>\n<td><\/td>\n<td><\/td>\n<td><\/td>\n<td><\/td>\n<td><\/td>\n<\/tr>\n<tr>\n<td><\/td>\n<td><\/td>\n<td><\/td>\n<td><\/td>\n<td><\/td>\n<td><\/td>\n<\/tr>\n<tr>\n<td><\/td>\n<td><\/td>\n<td><\/td>\n<td><\/td>\n<td><\/td>\n<td><\/td>\n<\/tr>\n<tr>\n<td><\/td>\n<td><\/td>\n<td><\/td>\n<td><\/td>\n<td><\/td>\n<td><\/td>\n<\/tr>\n<tr>\n<td><\/td>\n<td><\/td>\n<td><\/td>\n<td><\/td>\n<td><\/td>\n<td><\/td>\n<\/tr>\n<tr>\n<td><\/td>\n<td><\/td>\n<td><\/td>\n<td><\/td>\n<td><\/td>\n<td><\/td>\n<\/tr>\n<tr>\n<td><\/td>\n<td><\/td>\n<td><\/td>\n<td><\/td>\n<td><\/td>\n<td><\/td>\n<\/tr>\n<\/tbody>\n<\/table>\n<div class=\"product_characteristics\">\n<p><b>Adh\u00e9sif: <\/b>acrylique<\/p>\n<p><b>Support: <\/b>papier washi<\/p>\n<p><b>Tenue en temp\u00e9rature: <\/b>100\u00b0C (temporairement jusqu&rsquo;\u00e0 150\u00b0C)<\/p>\n<p><b>Charge de rupture: <\/b>75 N\/25 mm<\/p>\n<p><b>Pouvoir adh\u00e9sif: <\/b>5 N\/25 mm<\/p>\n<p><b>R\u00e9sistance au cisaillement: <\/b><\/p>\n<p><b>Epaisseur: <\/b>0,09 mm<\/p>\n<p><b>Tension de rupture: <\/b><\/p>\n<\/div>\n<p><a class=\"btnHPX\" href=\"https:\/\/drive.google.com\/uc?id=1Il902er_e27Evy9X4aNZ_QwJc-2ZJr8R&amp;export=download\" target=\"_blank\" rel=\"noopener\"><i class=\"fa fa-download\" aria-hidden=\"true\"><\/i>Download Technical Data Sheet<\/a><\/p>\n","protected":false},"featured_media":111837,"comment_status":"closed","ping_status":"closed","template":"","meta":{"_exactmetrics_skip_tracking":false,"_exactmetrics_sitenote_active":false,"_exactmetrics_sitenote_note":"","_exactmetrics_sitenote_category":0,"_monsterinsights_skip_tracking":false,"_monsterinsights_sitenote_active":false,"_monsterinsights_sitenote_note":"","_monsterinsights_sitenote_category":0,"_themeisle_gutenberg_block_has_review":false},"product_brand":[],"product_cat":[981],"product_tag":[],"class_list":{"0":"post-173191","1":"product","2":"type-product","3":"status-publish","4":"has-post-thumbnail","6":"product_cat-rubans-de-masquage","7":"post","8":"post-with-thumbnail","9":"post-with-thumbnail-large","11":"first","12":"instock","13":"product-type-simple"},"yoast_head":"<!-- This site is optimized with the Yoast SEO plugin v27.3 - https:\/\/yoast.com\/product\/yoast-seo-wordpress\/ -->\n<title>EASY MASK FINE LINE | HPX<\/title>\n<meta name=\"description\" content=\"Film transparent avec un ruban de masquage \u201cgold\u201d, pour une finition soign\u00e9e | Rubans de masquage | EASY MASK FINE LINE | HPX\" \/>\n<meta name=\"robots\" content=\"index, follow, max-snippet:-1, max-image-preview:large, max-video-preview:-1\" \/>\n<link rel=\"canonical\" href=\"https:\/\/hpx.eu\/fr\/product\/easy-mask-fine-line-4750\/\" \/>\n<meta property=\"og:locale\" content=\"fr_FR\" \/>\n<meta property=\"og:type\" content=\"article\" \/>\n<meta property=\"og:title\" content=\"EASY MASK FINE LINE | HPX\" \/>\n<meta property=\"og:description\" content=\"Film transparent avec un ruban de masquage \u201cgold\u201d, pour une finition soign\u00e9e | Rubans de masquage | EASY MASK FINE LINE | HPX\" \/>\n<meta property=\"og:url\" content=\"https:\/\/hpx.eu\/fr\/product\/easy-mask-fine-line-4750\/\" \/>\n<meta property=\"og:site_name\" content=\"HPX\" \/>\n<meta property=\"article:publisher\" content=\"https:\/\/www.facebook.com\/HPXtape\/\" \/>\n<meta property=\"article:modified_time\" content=\"2025-07-15T06:27:00+00:00\" \/>\n<meta property=\"og:image\" content=\"https:\/\/hpx.eu\/wp-content\/uploads\/2022\/01\/EM5533-EM11033-EM27020-Easy_mask_fine_line-film_masking_tape_gold.jpg\" \/>\n\t<meta property=\"og:image:width\" content=\"800\" \/>\n\t<meta property=\"og:image:height\" content=\"800\" \/>\n\t<meta property=\"og:image:type\" content=\"image\/jpeg\" \/>\n<meta name=\"twitter:card\" content=\"summary_large_image\" \/>\n<meta name=\"twitter:label1\" content=\"Dur\u00e9e de lecture estim\u00e9e\" \/>\n\t<meta name=\"twitter:data1\" content=\"1 minute\" \/>\n<script type=\"application\/ld+json\" class=\"yoast-schema-graph\">{\"@context\":\"https:\\\/\\\/schema.org\",\"@graph\":[{\"@type\":\"WebPage\",\"@id\":\"https:\\\/\\\/hpx.eu\\\/fr\\\/product\\\/easy-mask-fine-line-4750\\\/\",\"url\":\"https:\\\/\\\/hpx.eu\\\/fr\\\/product\\\/easy-mask-fine-line-4750\\\/\",\"name\":\"EASY MASK FINE LINE | HPX\",\"isPartOf\":{\"@id\":\"http:\\\/\\\/hpx.eu\\\/fr\\\/#website\"},\"primaryImageOfPage\":{\"@id\":\"https:\\\/\\\/hpx.eu\\\/fr\\\/product\\\/easy-mask-fine-line-4750\\\/#primaryimage\"},\"image\":{\"@id\":\"https:\\\/\\\/hpx.eu\\\/fr\\\/product\\\/easy-mask-fine-line-4750\\\/#primaryimage\"},\"thumbnailUrl\":\"https:\\\/\\\/hpx.eu\\\/wp-content\\\/uploads\\\/2022\\\/01\\\/EM5533-EM11033-EM27020-Easy_mask_fine_line-film_masking_tape_gold.jpg\",\"datePublished\":\"2025-07-14T08:06:44+00:00\",\"dateModified\":\"2025-07-15T06:27:00+00:00\",\"description\":\"Film transparent avec un ruban de masquage \u201cgold\u201d, pour une finition soign\u00e9e | Rubans de masquage | EASY MASK FINE LINE | HPX\",\"breadcrumb\":{\"@id\":\"https:\\\/\\\/hpx.eu\\\/fr\\\/product\\\/easy-mask-fine-line-4750\\\/#breadcrumb\"},\"inLanguage\":\"fr-FR\",\"potentialAction\":[{\"@type\":\"ReadAction\",\"target\":[\"https:\\\/\\\/hpx.eu\\\/fr\\\/product\\\/easy-mask-fine-line-4750\\\/\"]}]},{\"@type\":\"ImageObject\",\"inLanguage\":\"fr-FR\",\"@id\":\"https:\\\/\\\/hpx.eu\\\/fr\\\/product\\\/easy-mask-fine-line-4750\\\/#primaryimage\",\"url\":\"https:\\\/\\\/hpx.eu\\\/wp-content\\\/uploads\\\/2022\\\/01\\\/EM5533-EM11033-EM27020-Easy_mask_fine_line-film_masking_tape_gold.jpg\",\"contentUrl\":\"https:\\\/\\\/hpx.eu\\\/wp-content\\\/uploads\\\/2022\\\/01\\\/EM5533-EM11033-EM27020-Easy_mask_fine_line-film_masking_tape_gold.jpg\",\"width\":800,\"height\":800},{\"@type\":\"BreadcrumbList\",\"@id\":\"https:\\\/\\\/hpx.eu\\\/fr\\\/product\\\/easy-mask-fine-line-4750\\\/#breadcrumb\",\"itemListElement\":[{\"@type\":\"ListItem\",\"position\":1,\"name\":\"Startseite\",\"item\":\"http:\\\/\\\/hpx.eu\\\/fr\\\/\"},{\"@type\":\"ListItem\",\"position\":2,\"name\":\"Produits\",\"item\":\"http:\\\/\\\/hpx.eu\\\/fr\\\/produits\\\/\"},{\"@type\":\"ListItem\",\"position\":3,\"name\":\"EASY MASK FINE LINE 4750\"}]},{\"@type\":\"WebSite\",\"@id\":\"http:\\\/\\\/hpx.eu\\\/fr\\\/#website\",\"url\":\"http:\\\/\\\/hpx.eu\\\/fr\\\/\",\"name\":\"HPX\",\"description\":\"Tough Job, Tougher Tape\",\"publisher\":{\"@id\":\"http:\\\/\\\/hpx.eu\\\/fr\\\/#organization\"},\"potentialAction\":[{\"@type\":\"SearchAction\",\"target\":{\"@type\":\"EntryPoint\",\"urlTemplate\":\"http:\\\/\\\/hpx.eu\\\/fr\\\/?s={search_term_string}\"},\"query-input\":{\"@type\":\"PropertyValueSpecification\",\"valueRequired\":true,\"valueName\":\"search_term_string\"}}],\"inLanguage\":\"fr-FR\"},{\"@type\":\"Organization\",\"@id\":\"http:\\\/\\\/hpx.eu\\\/fr\\\/#organization\",\"name\":\"Option Tape Specialties\",\"url\":\"http:\\\/\\\/hpx.eu\\\/fr\\\/\",\"logo\":{\"@type\":\"ImageObject\",\"inLanguage\":\"fr-FR\",\"@id\":\"http:\\\/\\\/hpx.eu\\\/fr\\\/#\\\/schema\\\/logo\\\/image\\\/\",\"url\":\"\",\"contentUrl\":\"\",\"caption\":\"Option Tape Specialties\"},\"image\":{\"@id\":\"http:\\\/\\\/hpx.eu\\\/fr\\\/#\\\/schema\\\/logo\\\/image\\\/\"},\"sameAs\":[\"https:\\\/\\\/www.facebook.com\\\/HPXtape\\\/\",\"https:\\\/\\\/www.linkedin.com\\\/company\\\/2913311\\\/\",\"https:\\\/\\\/www.youtube.com\\\/channel\\\/UCCYnFjBGfKw8SPW1hMUCVFg\"]}]}<\/script>\n<!-- \/ Yoast SEO plugin. -->","yoast_head_json":{"title":"EASY MASK FINE LINE | HPX","description":"Film transparent avec un ruban de masquage \u201cgold\u201d, pour une finition soign\u00e9e | Rubans de masquage | EASY MASK FINE LINE | HPX","robots":{"index":"index","follow":"follow","max-snippet":"max-snippet:-1","max-image-preview":"max-image-preview:large","max-video-preview":"max-video-preview:-1"},"canonical":"https:\/\/hpx.eu\/fr\/product\/easy-mask-fine-line-4750\/","og_locale":"fr_FR","og_type":"article","og_title":"EASY MASK FINE LINE | HPX","og_description":"Film transparent avec un ruban de masquage \u201cgold\u201d, pour une finition soign\u00e9e | Rubans de masquage | EASY MASK FINE LINE | HPX","og_url":"https:\/\/hpx.eu\/fr\/product\/easy-mask-fine-line-4750\/","og_site_name":"HPX","article_publisher":"https:\/\/www.facebook.com\/HPXtape\/","article_modified_time":"2025-07-15T06:27:00+00:00","og_image":[{"width":800,"height":800,"url":"https:\/\/hpx.eu\/wp-content\/uploads\/2022\/01\/EM5533-EM11033-EM27020-Easy_mask_fine_line-film_masking_tape_gold.jpg","type":"image\/jpeg"}],"twitter_card":"summary_large_image","twitter_misc":{"Dur\u00e9e de lecture estim\u00e9e":"1 minute"},"schema":{"@context":"https:\/\/schema.org","@graph":[{"@type":"WebPage","@id":"https:\/\/hpx.eu\/fr\/product\/easy-mask-fine-line-4750\/","url":"https:\/\/hpx.eu\/fr\/product\/easy-mask-fine-line-4750\/","name":"EASY MASK FINE LINE | HPX","isPartOf":{"@id":"https:\/\/hpx.eu\/fr\/#website"},"primaryImageOfPage":{"@id":"https:\/\/hpx.eu\/fr\/product\/easy-mask-fine-line-4750\/#primaryimage"},"image":{"@id":"https:\/\/hpx.eu\/fr\/product\/easy-mask-fine-line-4750\/#primaryimage"},"thumbnailUrl":"https:\/\/hpx.eu\/wp-content\/uploads\/2022\/01\/EM5533-EM11033-EM27020-Easy_mask_fine_line-film_masking_tape_gold.jpg","datePublished":"2025-07-14T08:06:44+00:00","dateModified":"2025-07-15T06:27:00+00:00","description":"Film transparent avec un ruban de masquage \u201cgold\u201d, pour une finition soign\u00e9e | Rubans de masquage | EASY MASK FINE LINE | HPX","breadcrumb":{"@id":"https:\/\/hpx.eu\/fr\/product\/easy-mask-fine-line-4750\/#breadcrumb"},"inLanguage":"fr-FR","potentialAction":[{"@type":"ReadAction","target":["https:\/\/hpx.eu\/fr\/product\/easy-mask-fine-line-4750\/"]}]},{"@type":"ImageObject","inLanguage":"fr-FR","@id":"https:\/\/hpx.eu\/fr\/product\/easy-mask-fine-line-4750\/#primaryimage","url":"https:\/\/hpx.eu\/wp-content\/uploads\/2022\/01\/EM5533-EM11033-EM27020-Easy_mask_fine_line-film_masking_tape_gold.jpg","contentUrl":"https:\/\/hpx.eu\/wp-content\/uploads\/2022\/01\/EM5533-EM11033-EM27020-Easy_mask_fine_line-film_masking_tape_gold.jpg","width":800,"height":800},{"@type":"BreadcrumbList","@id":"https:\/\/hpx.eu\/fr\/product\/easy-mask-fine-line-4750\/#breadcrumb","itemListElement":[{"@type":"ListItem","position":1,"name":"Startseite","item":"https:\/\/hpx.eu\/fr\/"},{"@type":"ListItem","position":2,"name":"Produits","item":"https:\/\/hpx.eu\/fr\/produits\/"},{"@type":"ListItem","position":3,"name":"EASY MASK FINE LINE 4750"}]},{"@type":"WebSite","@id":"https:\/\/hpx.eu\/fr\/#website","url":"https:\/\/hpx.eu\/fr\/","name":"HPX","description":"Tough Job, Tougher Tape","publisher":{"@id":"https:\/\/hpx.eu\/fr\/#organization"},"potentialAction":[{"@type":"SearchAction","target":{"@type":"EntryPoint","urlTemplate":"https:\/\/hpx.eu\/fr\/?s={search_term_string}"},"query-input":{"@type":"PropertyValueSpecification","valueRequired":true,"valueName":"search_term_string"}}],"inLanguage":"fr-FR"},{"@type":"Organization","@id":"https:\/\/hpx.eu\/fr\/#organization","name":"Option Tape Specialties","url":"https:\/\/hpx.eu\/fr\/","logo":{"@type":"ImageObject","inLanguage":"fr-FR","@id":"https:\/\/hpx.eu\/fr\/#\/schema\/logo\/image\/","url":"","contentUrl":"","caption":"Option Tape Specialties"},"image":{"@id":"https:\/\/hpx.eu\/fr\/#\/schema\/logo\/image\/"},"sameAs":["https:\/\/www.facebook.com\/HPXtape\/","https:\/\/www.linkedin.com\/company\/2913311\/","https:\/\/www.youtube.com\/channel\/UCCYnFjBGfKw8SPW1hMUCVFg"]}]}},"_links":{"self":[{"href":"https:\/\/hpx.eu\/fr\/wp-json\/wp\/v2\/product\/173191","targetHints":{"allow":["GET"]}}],"collection":[{"href":"https:\/\/hpx.eu\/fr\/wp-json\/wp\/v2\/product"}],"about":[{"href":"https:\/\/hpx.eu\/fr\/wp-json\/wp\/v2\/types\/product"}],"replies":[{"embeddable":true,"href":"https:\/\/hpx.eu\/fr\/wp-json\/wp\/v2\/comments?post=173191"}],"wp:featuredmedia":[{"embeddable":true,"href":"https:\/\/hpx.eu\/fr\/wp-json\/wp\/v2\/media\/111837"}],"wp:attachment":[{"href":"https:\/\/hpx.eu\/fr\/wp-json\/wp\/v2\/media?parent=173191"}],"wp:term":[{"taxonomy":"product_brand","embeddable":true,"href":"https:\/\/hpx.eu\/fr\/wp-json\/wp\/v2\/product_brand?post=173191"},{"taxonomy":"product_cat","embeddable":true,"href":"https:\/\/hpx.eu\/fr\/wp-json\/wp\/v2\/product_cat?post=173191"},{"taxonomy":"product_tag","embeddable":true,"href":"https:\/\/hpx.eu\/fr\/wp-json\/wp\/v2\/product_tag?post=173191"}],"curies":[{"name":"wp","href":"https:\/\/api.w.org\/{rel}","templated":true}]}}