{"id":173063,"date":"2025-07-14T10:04:08","date_gmt":"2025-07-14T08:04:08","guid":{"rendered":"https:\/\/hpx.eu\/product\/multi-tack-double-sided-mounting-tape-1700\/"},"modified":"2025-07-14T10:04:11","modified_gmt":"2025-07-14T08:04:11","slug":"multi-tack-double-sided-mounting-tape-1700","status":"publish","type":"product","link":"https:\/\/hpx.eu\/fr\/product\/multi-tack-double-sided-mounting-tape-1700\/","title":{"rendered":"MULTI TACK DOUBLE SIDED MOUNTING TAPE <span class=\"productNr\">1700<\/span>"},"content":{"rendered":"<p>https:\/\/youtu.be\/pHwSrBT5P_5<\/p>\n","protected":false},"excerpt":{"rendered":"<ul class=\"product_UPS\">\n<li>Id\u00e9al pour le montage rapide et facile de plinthes, bo\u00eetes aux lettres, panneaux d\u00e9coratifs, dalles, etc.<\/li>\n<li>Ruban adh\u00e9sif double face de montage, ultra robuste, pour usage int\u00e9rieur et ext\u00e9rieur. Convient pour les surfaces lisses, rugueuses et poreuses<\/li>\n<li>Montage sans clous ni vis<\/li>\n<li>Avec toile renforc\u00e9e<\/li>\n<li>Convient \u00e9galement pour les ornements et les cadres d\u00e9coratifs en mousse polyur\u00e9thane et polystyr\u00e8ne<\/li>\n<li>Bonne adh\u00e9sion sur les plastiques \u201cLow Surface Energy\u201d comme le PE et le PP<\/li>\n<li><\/li>\n<li><\/li>\n<li><\/li>\n<li><\/li>\n<\/ul>\n<table class=\"product_table\">\n<thead>\n<tr>\n<th>R\u00e9f. Art.<\/th>\n<th>largeur<\/th>\n<th>longueur<\/th>\n<th>couleur<\/th>\n<th>Emb.<\/th>\n<th>Gencod<\/th>\n<\/tr>\n<\/thead>\n<tbody>\n<tr>\n<td>PA1925<\/td>\n<td>19 mm<\/td>\n<td>25 m<\/td>\n<td>semi-transparent<\/td>\n<td>10<\/td>\n<td>5407004562056<\/td>\n<\/tr>\n<tr>\n<td><\/td>\n<td><\/td>\n<td><\/td>\n<td><\/td>\n<td><\/td>\n<td><\/td>\n<\/tr>\n<tr>\n<td><\/td>\n<td><\/td>\n<td><\/td>\n<td><\/td>\n<td><\/td>\n<td><\/td>\n<\/tr>\n<tr>\n<td><\/td>\n<td><\/td>\n<td><\/td>\n<td><\/td>\n<td><\/td>\n<td><\/td>\n<\/tr>\n<tr>\n<td><\/td>\n<td><\/td>\n<td><\/td>\n<td><\/td>\n<td><\/td>\n<td><\/td>\n<\/tr>\n<tr>\n<td><\/td>\n<td><\/td>\n<td><\/td>\n<td><\/td>\n<td><\/td>\n<td><\/td>\n<\/tr>\n<tr>\n<td><\/td>\n<td><\/td>\n<td><\/td>\n<td><\/td>\n<td><\/td>\n<td><\/td>\n<\/tr>\n<tr>\n<td><\/td>\n<td><\/td>\n<td><\/td>\n<td><\/td>\n<td><\/td>\n<td><\/td>\n<\/tr>\n<tr>\n<td><\/td>\n<td><\/td>\n<td><\/td>\n<td><\/td>\n<td><\/td>\n<td><\/td>\n<\/tr>\n<tr>\n<td><\/td>\n<td><\/td>\n<td><\/td>\n<td><\/td>\n<td><\/td>\n<td><\/td>\n<\/tr>\n<tr>\n<td><\/td>\n<td><\/td>\n<td><\/td>\n<td><\/td>\n<td><\/td>\n<td><\/td>\n<\/tr>\n<tr>\n<td><\/td>\n<td><\/td>\n<td><\/td>\n<td><\/td>\n<td><\/td>\n<td><\/td>\n<\/tr>\n<tr>\n<td><\/td>\n<td><\/td>\n<td><\/td>\n<td><\/td>\n<td><\/td>\n<td><\/td>\n<\/tr>\n<tr>\n<td><\/td>\n<td><\/td>\n<td><\/td>\n<td><\/td>\n<td><\/td>\n<td><\/td>\n<\/tr>\n<tr>\n<td><\/td>\n<td><\/td>\n<td><\/td>\n<td><\/td>\n<td><\/td>\n<td><\/td>\n<\/tr>\n<tr>\n<td><\/td>\n<td><\/td>\n<td><\/td>\n<td><\/td>\n<td><\/td>\n<td><\/td>\n<\/tr>\n<tr>\n<td><\/td>\n<td><\/td>\n<td><\/td>\n<td><\/td>\n<td><\/td>\n<td><\/td>\n<\/tr>\n<tr>\n<td><\/td>\n<td><\/td>\n<td><\/td>\n<td><\/td>\n<td><\/td>\n<td><\/td>\n<\/tr>\n<\/tbody>\n<\/table>\n<div class=\"product_characteristics\">\n<p><b>Adh\u00e9sif: <\/b><span>caoutchouc synth\u00e9tique<\/span><\/p>\n<p><b>Support: <\/b><span>film polyester<\/span><\/p>\n<p><b>Tenue en temp\u00e9rature: <\/b><span>75\u00b0C<\/span><\/p>\n<p><b>Charge de rupture: <\/b><span><\/span><\/p>\n<p><b>Pouvoir adh\u00e9sif: <\/b><span>55 N\/25 mm<\/span><\/p>\n<p><b>R\u00e9sistance au cisaillement: <\/b><span><\/span><\/p>\n<p><b>Epaisseur: <\/b><span>0,80 mm<\/span><\/p>\n<p><b>Tension de rupture: <\/b><span><\/span><\/p>\n<\/p><\/div>\n<p>  <a href=\"https:\/\/drive.google.com\/uc?id=1L23hg0i6Y-NRyM7s0-npasz3BKmyhWMC&#038;export=download\" class=\"btnHPX\" target=\"_blank\"><i class=\"fa fa-download\" aria-hidden=\"true\"><\/i>Download Technical Data Sheet<\/a><\/p>\n","protected":false},"featured_media":103791,"comment_status":"closed","ping_status":"open","template":"","meta":{"_exactmetrics_skip_tracking":false,"_exactmetrics_sitenote_active":false,"_exactmetrics_sitenote_note":"","_exactmetrics_sitenote_category":0,"_monsterinsights_skip_tracking":false,"_monsterinsights_sitenote_active":false,"_monsterinsights_sitenote_note":"","_monsterinsights_sitenote_category":0,"_themeisle_gutenberg_block_has_review":false},"product_brand":[],"product_cat":[961],"product_tag":[],"class_list":{"0":"post-173063","1":"product","2":"type-product","3":"status-publish","4":"has-post-thumbnail","6":"product_cat-rubans-de-fixation","7":"post","8":"post-with-thumbnail","9":"post-with-thumbnail-large","11":"first","12":"instock","13":"product-type-simple"},"yoast_head":"<!-- This site is optimized with the Yoast SEO plugin v27.3 - https:\/\/yoast.com\/product\/yoast-seo-wordpress\/ -->\n<title>MULTI TACK DOUBLE SIDED MOUNTING TAPE | HPX<\/title>\n<meta name=\"description\" content=\"Id\u00e9al pour le montage rapide et facile de plinthes, bo\u00eetes aux lettres, panneaux d\u00e9coratifs, dalles, etc. | Rubans de fixation | MULTI TACK DOUBLE SIDED MOUNTING TAPE | HPX\" \/>\n<meta name=\"robots\" content=\"index, follow, max-snippet:-1, max-image-preview:large, max-video-preview:-1\" \/>\n<link rel=\"canonical\" href=\"https:\/\/hpx.eu\/fr\/product\/multi-tack-double-sided-mounting-tape-1700\/\" \/>\n<meta property=\"og:locale\" content=\"fr_FR\" \/>\n<meta property=\"og:type\" content=\"article\" \/>\n<meta property=\"og:title\" content=\"MULTI TACK DOUBLE SIDED MOUNTING TAPE | HPX\" \/>\n<meta property=\"og:description\" content=\"Id\u00e9al pour le montage rapide et facile de plinthes, bo\u00eetes aux lettres, panneaux d\u00e9coratifs, dalles, etc. | Rubans de fixation | MULTI TACK DOUBLE SIDED MOUNTING TAPE | HPX\" \/>\n<meta property=\"og:url\" content=\"https:\/\/hpx.eu\/fr\/product\/multi-tack-double-sided-mounting-tape-1700\/\" \/>\n<meta property=\"og:site_name\" content=\"HPX\" \/>\n<meta property=\"article:publisher\" content=\"https:\/\/www.facebook.com\/HPXtape\/\" \/>\n<meta property=\"article:modified_time\" content=\"2025-07-14T08:04:11+00:00\" \/>\n<meta property=\"og:image\" content=\"https:\/\/hpx.eu\/wp-content\/uploads\/2020\/10\/PA1925-HPX-Multi_Tack_Double_Sided_Mounting_Tape-Semi_transparent-19mm_x_25m-5407004562056.jpg\" \/>\n\t<meta property=\"og:image:width\" content=\"800\" \/>\n\t<meta property=\"og:image:height\" content=\"800\" \/>\n\t<meta property=\"og:image:type\" content=\"image\/jpeg\" \/>\n<meta name=\"twitter:card\" content=\"summary_large_image\" \/>\n<script type=\"application\/ld+json\" class=\"yoast-schema-graph\">{\"@context\":\"https:\\\/\\\/schema.org\",\"@graph\":[{\"@type\":\"WebPage\",\"@id\":\"https:\\\/\\\/hpx.eu\\\/fr\\\/product\\\/multi-tack-double-sided-mounting-tape-1700\\\/\",\"url\":\"https:\\\/\\\/hpx.eu\\\/fr\\\/product\\\/multi-tack-double-sided-mounting-tape-1700\\\/\",\"name\":\"MULTI TACK DOUBLE SIDED MOUNTING TAPE | HPX\",\"isPartOf\":{\"@id\":\"http:\\\/\\\/hpx.eu\\\/fr\\\/#website\"},\"primaryImageOfPage\":{\"@id\":\"https:\\\/\\\/hpx.eu\\\/fr\\\/product\\\/multi-tack-double-sided-mounting-tape-1700\\\/#primaryimage\"},\"image\":{\"@id\":\"https:\\\/\\\/hpx.eu\\\/fr\\\/product\\\/multi-tack-double-sided-mounting-tape-1700\\\/#primaryimage\"},\"thumbnailUrl\":\"https:\\\/\\\/hpx.eu\\\/wp-content\\\/uploads\\\/2020\\\/10\\\/PA1925-HPX-Multi_Tack_Double_Sided_Mounting_Tape-Semi_transparent-19mm_x_25m-5407004562056.jpg\",\"datePublished\":\"2025-07-14T08:04:08+00:00\",\"dateModified\":\"2025-07-14T08:04:11+00:00\",\"description\":\"Id\u00e9al pour le montage rapide et facile de plinthes, bo\u00eetes aux lettres, panneaux d\u00e9coratifs, dalles, etc. | Rubans de fixation | MULTI TACK DOUBLE SIDED MOUNTING TAPE | HPX\",\"breadcrumb\":{\"@id\":\"https:\\\/\\\/hpx.eu\\\/fr\\\/product\\\/multi-tack-double-sided-mounting-tape-1700\\\/#breadcrumb\"},\"inLanguage\":\"fr-FR\",\"potentialAction\":[{\"@type\":\"ReadAction\",\"target\":[\"https:\\\/\\\/hpx.eu\\\/fr\\\/product\\\/multi-tack-double-sided-mounting-tape-1700\\\/\"]}]},{\"@type\":\"ImageObject\",\"inLanguage\":\"fr-FR\",\"@id\":\"https:\\\/\\\/hpx.eu\\\/fr\\\/product\\\/multi-tack-double-sided-mounting-tape-1700\\\/#primaryimage\",\"url\":\"https:\\\/\\\/hpx.eu\\\/wp-content\\\/uploads\\\/2020\\\/10\\\/PA1925-HPX-Multi_Tack_Double_Sided_Mounting_Tape-Semi_transparent-19mm_x_25m-5407004562056.jpg\",\"contentUrl\":\"https:\\\/\\\/hpx.eu\\\/wp-content\\\/uploads\\\/2020\\\/10\\\/PA1925-HPX-Multi_Tack_Double_Sided_Mounting_Tape-Semi_transparent-19mm_x_25m-5407004562056.jpg\",\"width\":800,\"height\":800,\"caption\":\"MULTI TACK DOUBLE SIDED MOUNTING TAPE | HPX\"},{\"@type\":\"BreadcrumbList\",\"@id\":\"https:\\\/\\\/hpx.eu\\\/fr\\\/product\\\/multi-tack-double-sided-mounting-tape-1700\\\/#breadcrumb\",\"itemListElement\":[{\"@type\":\"ListItem\",\"position\":1,\"name\":\"Startseite\",\"item\":\"http:\\\/\\\/hpx.eu\\\/fr\\\/\"},{\"@type\":\"ListItem\",\"position\":2,\"name\":\"Produits\",\"item\":\"http:\\\/\\\/hpx.eu\\\/fr\\\/produits\\\/\"},{\"@type\":\"ListItem\",\"position\":3,\"name\":\"MULTI TACK DOUBLE SIDED MOUNTING TAPE 1700\"}]},{\"@type\":\"WebSite\",\"@id\":\"http:\\\/\\\/hpx.eu\\\/fr\\\/#website\",\"url\":\"http:\\\/\\\/hpx.eu\\\/fr\\\/\",\"name\":\"HPX\",\"description\":\"Tough Job, Tougher Tape\",\"publisher\":{\"@id\":\"http:\\\/\\\/hpx.eu\\\/fr\\\/#organization\"},\"potentialAction\":[{\"@type\":\"SearchAction\",\"target\":{\"@type\":\"EntryPoint\",\"urlTemplate\":\"http:\\\/\\\/hpx.eu\\\/fr\\\/?s={search_term_string}\"},\"query-input\":{\"@type\":\"PropertyValueSpecification\",\"valueRequired\":true,\"valueName\":\"search_term_string\"}}],\"inLanguage\":\"fr-FR\"},{\"@type\":\"Organization\",\"@id\":\"http:\\\/\\\/hpx.eu\\\/fr\\\/#organization\",\"name\":\"Option Tape Specialties\",\"url\":\"http:\\\/\\\/hpx.eu\\\/fr\\\/\",\"logo\":{\"@type\":\"ImageObject\",\"inLanguage\":\"fr-FR\",\"@id\":\"http:\\\/\\\/hpx.eu\\\/fr\\\/#\\\/schema\\\/logo\\\/image\\\/\",\"url\":\"\",\"contentUrl\":\"\",\"caption\":\"Option Tape Specialties\"},\"image\":{\"@id\":\"http:\\\/\\\/hpx.eu\\\/fr\\\/#\\\/schema\\\/logo\\\/image\\\/\"},\"sameAs\":[\"https:\\\/\\\/www.facebook.com\\\/HPXtape\\\/\",\"https:\\\/\\\/www.linkedin.com\\\/company\\\/2913311\\\/\",\"https:\\\/\\\/www.youtube.com\\\/channel\\\/UCCYnFjBGfKw8SPW1hMUCVFg\"]}]}<\/script>\n<!-- \/ Yoast SEO plugin. -->","yoast_head_json":{"title":"MULTI TACK DOUBLE SIDED MOUNTING TAPE | HPX","description":"Id\u00e9al pour le montage rapide et facile de plinthes, bo\u00eetes aux lettres, panneaux d\u00e9coratifs, dalles, etc. | Rubans de fixation | MULTI TACK DOUBLE SIDED MOUNTING TAPE | HPX","robots":{"index":"index","follow":"follow","max-snippet":"max-snippet:-1","max-image-preview":"max-image-preview:large","max-video-preview":"max-video-preview:-1"},"canonical":"https:\/\/hpx.eu\/fr\/product\/multi-tack-double-sided-mounting-tape-1700\/","og_locale":"fr_FR","og_type":"article","og_title":"MULTI TACK DOUBLE SIDED MOUNTING TAPE | HPX","og_description":"Id\u00e9al pour le montage rapide et facile de plinthes, bo\u00eetes aux lettres, panneaux d\u00e9coratifs, dalles, etc. | Rubans de fixation | MULTI TACK DOUBLE SIDED MOUNTING TAPE | HPX","og_url":"https:\/\/hpx.eu\/fr\/product\/multi-tack-double-sided-mounting-tape-1700\/","og_site_name":"HPX","article_publisher":"https:\/\/www.facebook.com\/HPXtape\/","article_modified_time":"2025-07-14T08:04:11+00:00","og_image":[{"width":800,"height":800,"url":"https:\/\/hpx.eu\/wp-content\/uploads\/2020\/10\/PA1925-HPX-Multi_Tack_Double_Sided_Mounting_Tape-Semi_transparent-19mm_x_25m-5407004562056.jpg","type":"image\/jpeg"}],"twitter_card":"summary_large_image","schema":{"@context":"https:\/\/schema.org","@graph":[{"@type":"WebPage","@id":"https:\/\/hpx.eu\/fr\/product\/multi-tack-double-sided-mounting-tape-1700\/","url":"https:\/\/hpx.eu\/fr\/product\/multi-tack-double-sided-mounting-tape-1700\/","name":"MULTI TACK DOUBLE SIDED MOUNTING TAPE | HPX","isPartOf":{"@id":"https:\/\/hpx.eu\/fr\/#website"},"primaryImageOfPage":{"@id":"https:\/\/hpx.eu\/fr\/product\/multi-tack-double-sided-mounting-tape-1700\/#primaryimage"},"image":{"@id":"https:\/\/hpx.eu\/fr\/product\/multi-tack-double-sided-mounting-tape-1700\/#primaryimage"},"thumbnailUrl":"https:\/\/hpx.eu\/wp-content\/uploads\/2020\/10\/PA1925-HPX-Multi_Tack_Double_Sided_Mounting_Tape-Semi_transparent-19mm_x_25m-5407004562056.jpg","datePublished":"2025-07-14T08:04:08+00:00","dateModified":"2025-07-14T08:04:11+00:00","description":"Id\u00e9al pour le montage rapide et facile de plinthes, bo\u00eetes aux lettres, panneaux d\u00e9coratifs, dalles, etc. | Rubans de fixation | MULTI TACK DOUBLE SIDED MOUNTING TAPE | HPX","breadcrumb":{"@id":"https:\/\/hpx.eu\/fr\/product\/multi-tack-double-sided-mounting-tape-1700\/#breadcrumb"},"inLanguage":"fr-FR","potentialAction":[{"@type":"ReadAction","target":["https:\/\/hpx.eu\/fr\/product\/multi-tack-double-sided-mounting-tape-1700\/"]}]},{"@type":"ImageObject","inLanguage":"fr-FR","@id":"https:\/\/hpx.eu\/fr\/product\/multi-tack-double-sided-mounting-tape-1700\/#primaryimage","url":"https:\/\/hpx.eu\/wp-content\/uploads\/2020\/10\/PA1925-HPX-Multi_Tack_Double_Sided_Mounting_Tape-Semi_transparent-19mm_x_25m-5407004562056.jpg","contentUrl":"https:\/\/hpx.eu\/wp-content\/uploads\/2020\/10\/PA1925-HPX-Multi_Tack_Double_Sided_Mounting_Tape-Semi_transparent-19mm_x_25m-5407004562056.jpg","width":800,"height":800,"caption":"MULTI TACK DOUBLE SIDED MOUNTING TAPE | HPX"},{"@type":"BreadcrumbList","@id":"https:\/\/hpx.eu\/fr\/product\/multi-tack-double-sided-mounting-tape-1700\/#breadcrumb","itemListElement":[{"@type":"ListItem","position":1,"name":"Startseite","item":"https:\/\/hpx.eu\/fr\/"},{"@type":"ListItem","position":2,"name":"Produits","item":"https:\/\/hpx.eu\/fr\/produits\/"},{"@type":"ListItem","position":3,"name":"MULTI TACK DOUBLE SIDED MOUNTING TAPE 1700"}]},{"@type":"WebSite","@id":"https:\/\/hpx.eu\/fr\/#website","url":"https:\/\/hpx.eu\/fr\/","name":"HPX","description":"Tough Job, Tougher Tape","publisher":{"@id":"https:\/\/hpx.eu\/fr\/#organization"},"potentialAction":[{"@type":"SearchAction","target":{"@type":"EntryPoint","urlTemplate":"https:\/\/hpx.eu\/fr\/?s={search_term_string}"},"query-input":{"@type":"PropertyValueSpecification","valueRequired":true,"valueName":"search_term_string"}}],"inLanguage":"fr-FR"},{"@type":"Organization","@id":"https:\/\/hpx.eu\/fr\/#organization","name":"Option Tape Specialties","url":"https:\/\/hpx.eu\/fr\/","logo":{"@type":"ImageObject","inLanguage":"fr-FR","@id":"https:\/\/hpx.eu\/fr\/#\/schema\/logo\/image\/","url":"","contentUrl":"","caption":"Option Tape Specialties"},"image":{"@id":"https:\/\/hpx.eu\/fr\/#\/schema\/logo\/image\/"},"sameAs":["https:\/\/www.facebook.com\/HPXtape\/","https:\/\/www.linkedin.com\/company\/2913311\/","https:\/\/www.youtube.com\/channel\/UCCYnFjBGfKw8SPW1hMUCVFg"]}]}},"_links":{"self":[{"href":"https:\/\/hpx.eu\/fr\/wp-json\/wp\/v2\/product\/173063","targetHints":{"allow":["GET"]}}],"collection":[{"href":"https:\/\/hpx.eu\/fr\/wp-json\/wp\/v2\/product"}],"about":[{"href":"https:\/\/hpx.eu\/fr\/wp-json\/wp\/v2\/types\/product"}],"replies":[{"embeddable":true,"href":"https:\/\/hpx.eu\/fr\/wp-json\/wp\/v2\/comments?post=173063"}],"wp:featuredmedia":[{"embeddable":true,"href":"https:\/\/hpx.eu\/fr\/wp-json\/wp\/v2\/media\/103791"}],"wp:attachment":[{"href":"https:\/\/hpx.eu\/fr\/wp-json\/wp\/v2\/media?parent=173063"}],"wp:term":[{"taxonomy":"product_brand","embeddable":true,"href":"https:\/\/hpx.eu\/fr\/wp-json\/wp\/v2\/product_brand?post=173063"},{"taxonomy":"product_cat","embeddable":true,"href":"https:\/\/hpx.eu\/fr\/wp-json\/wp\/v2\/product_cat?post=173063"},{"taxonomy":"product_tag","embeddable":true,"href":"https:\/\/hpx.eu\/fr\/wp-json\/wp\/v2\/product_tag?post=173063"}],"curies":[{"name":"wp","href":"https:\/\/api.w.org\/{rel}","templated":true}]}}