{"id":9765,"date":"2017-06-13T16:20:33","date_gmt":"2017-06-13T14:20:33","guid":{"rendered":"http:\/\/hpx.jonathanhuyssens.be\/?page_id=9765"},"modified":"2026-01-05T10:50:36","modified_gmt":"2026-01-05T09:50:36","slug":"promotions","status":"publish","type":"page","link":"https:\/\/hpx.eu\/fr\/promotions\/","title":{"rendered":"Promotions"},"content":{"rendered":"<p>Ici vous trouverez un aper\u00e7u de nos promotions.<br \/>\n<br \/>\n<!---------------------------------------------------- AUTOMOTIVE ----------------------------------------------------><\/p>\n<p class=\"clearBoth\">&nbsp;<\/p>\n<h2>Calendrier Automotive<\/h2>\n<br \/>\n<!---------------------------------------------------- LEGAL ----------------------------------------------------><\/p>\n<p class=\"clearBoth\">&nbsp;<\/p>\n<hr>\n<h2>CONDITIONS DE L\u2019OFFRE<\/h2>\n<p>Les offres sont valables uniquement pendant la p\u00e9riode indiqu\u00e9e sur les prospectus promotionnels ou jusqu\u2019\u00e0 \u00e9puisement des stocks. Les offres ne sont pas cumulables avec d\u2019autres r\u00e9ductions, promotions ou conditions sp\u00e9cifiques. Sous r\u00e9serve d\u2019erreurs d\u2019impression et\/ou de composition. Indiquez \u00ab <b>PROMO<\/b> \u00bb sur votre bon de commande pour participer \u00e0 une offre.<\/p>\n","protected":false},"excerpt":{"rendered":"<p>Ici vous trouverez un aper\u00e7u de nos promotions. &nbsp; Calendrier Automotive &nbsp; CONDITIONS DE L\u2019OFFRE Les offres sont valables uniquement pendant la p\u00e9riode indiqu\u00e9e sur les prospectus promotionnels ou jusqu\u2019\u00e0 \u00e9puisement des stocks. Les offres ne sont pas cumulables avec d\u2019autres r\u00e9ductions, promotions ou conditions sp\u00e9cifiques. Sous r\u00e9serve d\u2019erreurs d\u2019impression et\/ou de composition. Indiquez \u00ab [&hellip;]<\/p>\n","protected":false},"author":1,"featured_media":0,"parent":0,"menu_order":0,"comment_status":"closed","ping_status":"closed","template":"","meta":{"_exactmetrics_skip_tracking":false,"_exactmetrics_sitenote_active":false,"_exactmetrics_sitenote_note":"","_exactmetrics_sitenote_category":0,"_monsterinsights_skip_tracking":false,"_monsterinsights_sitenote_active":false,"_monsterinsights_sitenote_note":"","_monsterinsights_sitenote_category":0,"_themeisle_gutenberg_block_has_review":false,"footnotes":""},"class_list":["post-9765","page","type-page","status-publish","hentry","post"],"yoast_head":"<!-- This site is optimized with the Yoast SEO plugin v27.3 - https:\/\/yoast.com\/product\/yoast-seo-wordpress\/ -->\n<title>Promotions - HPX<\/title>\n<meta name=\"robots\" content=\"index, follow, max-snippet:-1, max-image-preview:large, max-video-preview:-1\" \/>\n<link rel=\"canonical\" href=\"https:\/\/hpx.eu\/fr\/promotions\/\" \/>\n<meta property=\"og:locale\" content=\"fr_FR\" \/>\n<meta property=\"og:type\" content=\"article\" \/>\n<meta property=\"og:title\" content=\"Promotions - HPX\" \/>\n<meta property=\"og:description\" content=\"Ici vous trouverez un aper\u00e7u de nos promotions. &nbsp; Calendrier Automotive &nbsp; CONDITIONS DE L\u2019OFFRE Les offres sont valables uniquement pendant la p\u00e9riode indiqu\u00e9e sur les prospectus promotionnels ou jusqu\u2019\u00e0 \u00e9puisement des stocks. Les offres ne sont pas cumulables avec d\u2019autres r\u00e9ductions, promotions ou conditions sp\u00e9cifiques. Sous r\u00e9serve d\u2019erreurs d\u2019impression et\/ou de composition. Indiquez \u00ab [&hellip;]\" \/>\n<meta property=\"og:url\" content=\"https:\/\/hpx.eu\/fr\/promotions\/\" \/>\n<meta property=\"og:site_name\" content=\"HPX\" \/>\n<meta property=\"article:publisher\" content=\"https:\/\/www.facebook.com\/HPXtape\/\" \/>\n<meta property=\"article:modified_time\" content=\"2026-01-05T09:50:36+00:00\" \/>\n<meta property=\"og:image\" content=\"https:\/\/hpx.eu\/wp-content\/promotions\/promos-2025-jpeg\/DP0025-DP0026-FR.jpg\" \/>\n<meta name=\"twitter:card\" content=\"summary_large_image\" \/>\n<meta name=\"twitter:label1\" content=\"Dur\u00e9e de lecture estim\u00e9e\" \/>\n\t<meta name=\"twitter:data1\" content=\"2 minutes\" \/>\n<script type=\"application\/ld+json\" class=\"yoast-schema-graph\">{\"@context\":\"https:\\\/\\\/schema.org\",\"@graph\":[{\"@type\":\"WebPage\",\"@id\":\"https:\\\/\\\/hpx.eu\\\/fr\\\/promotions\\\/\",\"url\":\"https:\\\/\\\/hpx.eu\\\/fr\\\/promotions\\\/\",\"name\":\"Promotions - HPX\",\"isPartOf\":{\"@id\":\"http:\\\/\\\/hpx.eu\\\/fr\\\/#website\"},\"primaryImageOfPage\":{\"@id\":\"https:\\\/\\\/hpx.eu\\\/fr\\\/promotions\\\/#primaryimage\"},\"image\":{\"@id\":\"https:\\\/\\\/hpx.eu\\\/fr\\\/promotions\\\/#primaryimage\"},\"thumbnailUrl\":\"https:\\\/\\\/hpx.eu\\\/wp-content\\\/promotions\\\/promos-2025-jpeg\\\/DP0025-DP0026-FR.jpg\",\"datePublished\":\"2017-06-13T14:20:33+00:00\",\"dateModified\":\"2026-01-05T09:50:36+00:00\",\"breadcrumb\":{\"@id\":\"https:\\\/\\\/hpx.eu\\\/fr\\\/promotions\\\/#breadcrumb\"},\"inLanguage\":\"fr-FR\",\"potentialAction\":[{\"@type\":\"ReadAction\",\"target\":[\"https:\\\/\\\/hpx.eu\\\/fr\\\/promotions\\\/\"]}]},{\"@type\":\"ImageObject\",\"inLanguage\":\"fr-FR\",\"@id\":\"https:\\\/\\\/hpx.eu\\\/fr\\\/promotions\\\/#primaryimage\",\"url\":\"https:\\\/\\\/hpx.eu\\\/wp-content\\\/promotions\\\/promos-2025-jpeg\\\/DP0025-DP0026-FR.jpg\",\"contentUrl\":\"https:\\\/\\\/hpx.eu\\\/wp-content\\\/promotions\\\/promos-2025-jpeg\\\/DP0025-DP0026-FR.jpg\"},{\"@type\":\"BreadcrumbList\",\"@id\":\"https:\\\/\\\/hpx.eu\\\/fr\\\/promotions\\\/#breadcrumb\",\"itemListElement\":[{\"@type\":\"ListItem\",\"position\":1,\"name\":\"Startseite\",\"item\":\"http:\\\/\\\/hpx.eu\\\/fr\\\/\"},{\"@type\":\"ListItem\",\"position\":2,\"name\":\"Promotions\"}]},{\"@type\":\"WebSite\",\"@id\":\"http:\\\/\\\/hpx.eu\\\/fr\\\/#website\",\"url\":\"http:\\\/\\\/hpx.eu\\\/fr\\\/\",\"name\":\"HPX\",\"description\":\"Tough Job, Tougher Tape\",\"publisher\":{\"@id\":\"http:\\\/\\\/hpx.eu\\\/fr\\\/#organization\"},\"potentialAction\":[{\"@type\":\"SearchAction\",\"target\":{\"@type\":\"EntryPoint\",\"urlTemplate\":\"http:\\\/\\\/hpx.eu\\\/fr\\\/?s={search_term_string}\"},\"query-input\":{\"@type\":\"PropertyValueSpecification\",\"valueRequired\":true,\"valueName\":\"search_term_string\"}}],\"inLanguage\":\"fr-FR\"},{\"@type\":\"Organization\",\"@id\":\"http:\\\/\\\/hpx.eu\\\/fr\\\/#organization\",\"name\":\"Option Tape Specialties\",\"url\":\"http:\\\/\\\/hpx.eu\\\/fr\\\/\",\"logo\":{\"@type\":\"ImageObject\",\"inLanguage\":\"fr-FR\",\"@id\":\"http:\\\/\\\/hpx.eu\\\/fr\\\/#\\\/schema\\\/logo\\\/image\\\/\",\"url\":\"\",\"contentUrl\":\"\",\"caption\":\"Option Tape Specialties\"},\"image\":{\"@id\":\"http:\\\/\\\/hpx.eu\\\/fr\\\/#\\\/schema\\\/logo\\\/image\\\/\"},\"sameAs\":[\"https:\\\/\\\/www.facebook.com\\\/HPXtape\\\/\",\"https:\\\/\\\/www.linkedin.com\\\/company\\\/2913311\\\/\",\"https:\\\/\\\/www.youtube.com\\\/channel\\\/UCCYnFjBGfKw8SPW1hMUCVFg\"]}]}<\/script>\n<!-- \/ Yoast SEO plugin. -->","yoast_head_json":{"title":"Promotions - HPX","robots":{"index":"index","follow":"follow","max-snippet":"max-snippet:-1","max-image-preview":"max-image-preview:large","max-video-preview":"max-video-preview:-1"},"canonical":"https:\/\/hpx.eu\/fr\/promotions\/","og_locale":"fr_FR","og_type":"article","og_title":"Promotions - HPX","og_description":"Ici vous trouverez un aper\u00e7u de nos promotions. &nbsp; Calendrier Automotive &nbsp; CONDITIONS DE L\u2019OFFRE Les offres sont valables uniquement pendant la p\u00e9riode indiqu\u00e9e sur les prospectus promotionnels ou jusqu\u2019\u00e0 \u00e9puisement des stocks. Les offres ne sont pas cumulables avec d\u2019autres r\u00e9ductions, promotions ou conditions sp\u00e9cifiques. Sous r\u00e9serve d\u2019erreurs d\u2019impression et\/ou de composition. Indiquez \u00ab [&hellip;]","og_url":"https:\/\/hpx.eu\/fr\/promotions\/","og_site_name":"HPX","article_publisher":"https:\/\/www.facebook.com\/HPXtape\/","article_modified_time":"2026-01-05T09:50:36+00:00","og_image":[{"url":"https:\/\/hpx.eu\/wp-content\/promotions\/promos-2025-jpeg\/DP0025-DP0026-FR.jpg","type":"","width":"","height":""}],"twitter_card":"summary_large_image","twitter_misc":{"Dur\u00e9e de lecture estim\u00e9e":"2 minutes"},"schema":{"@context":"https:\/\/schema.org","@graph":[{"@type":"WebPage","@id":"https:\/\/hpx.eu\/fr\/promotions\/","url":"https:\/\/hpx.eu\/fr\/promotions\/","name":"Promotions - HPX","isPartOf":{"@id":"https:\/\/hpx.eu\/fr\/#website"},"primaryImageOfPage":{"@id":"https:\/\/hpx.eu\/fr\/promotions\/#primaryimage"},"image":{"@id":"https:\/\/hpx.eu\/fr\/promotions\/#primaryimage"},"thumbnailUrl":"https:\/\/hpx.eu\/wp-content\/promotions\/promos-2025-jpeg\/DP0025-DP0026-FR.jpg","datePublished":"2017-06-13T14:20:33+00:00","dateModified":"2026-01-05T09:50:36+00:00","breadcrumb":{"@id":"https:\/\/hpx.eu\/fr\/promotions\/#breadcrumb"},"inLanguage":"fr-FR","potentialAction":[{"@type":"ReadAction","target":["https:\/\/hpx.eu\/fr\/promotions\/"]}]},{"@type":"ImageObject","inLanguage":"fr-FR","@id":"https:\/\/hpx.eu\/fr\/promotions\/#primaryimage","url":"https:\/\/hpx.eu\/wp-content\/promotions\/promos-2025-jpeg\/DP0025-DP0026-FR.jpg","contentUrl":"https:\/\/hpx.eu\/wp-content\/promotions\/promos-2025-jpeg\/DP0025-DP0026-FR.jpg"},{"@type":"BreadcrumbList","@id":"https:\/\/hpx.eu\/fr\/promotions\/#breadcrumb","itemListElement":[{"@type":"ListItem","position":1,"name":"Startseite","item":"https:\/\/hpx.eu\/fr\/"},{"@type":"ListItem","position":2,"name":"Promotions"}]},{"@type":"WebSite","@id":"https:\/\/hpx.eu\/fr\/#website","url":"https:\/\/hpx.eu\/fr\/","name":"HPX","description":"Tough Job, Tougher Tape","publisher":{"@id":"https:\/\/hpx.eu\/fr\/#organization"},"potentialAction":[{"@type":"SearchAction","target":{"@type":"EntryPoint","urlTemplate":"https:\/\/hpx.eu\/fr\/?s={search_term_string}"},"query-input":{"@type":"PropertyValueSpecification","valueRequired":true,"valueName":"search_term_string"}}],"inLanguage":"fr-FR"},{"@type":"Organization","@id":"https:\/\/hpx.eu\/fr\/#organization","name":"Option Tape Specialties","url":"https:\/\/hpx.eu\/fr\/","logo":{"@type":"ImageObject","inLanguage":"fr-FR","@id":"https:\/\/hpx.eu\/fr\/#\/schema\/logo\/image\/","url":"","contentUrl":"","caption":"Option Tape Specialties"},"image":{"@id":"https:\/\/hpx.eu\/fr\/#\/schema\/logo\/image\/"},"sameAs":["https:\/\/www.facebook.com\/HPXtape\/","https:\/\/www.linkedin.com\/company\/2913311\/","https:\/\/www.youtube.com\/channel\/UCCYnFjBGfKw8SPW1hMUCVFg"]}]}},"_links":{"self":[{"href":"https:\/\/hpx.eu\/fr\/wp-json\/wp\/v2\/pages\/9765","targetHints":{"allow":["GET"]}}],"collection":[{"href":"https:\/\/hpx.eu\/fr\/wp-json\/wp\/v2\/pages"}],"about":[{"href":"https:\/\/hpx.eu\/fr\/wp-json\/wp\/v2\/types\/page"}],"author":[{"embeddable":true,"href":"https:\/\/hpx.eu\/fr\/wp-json\/wp\/v2\/users\/1"}],"replies":[{"embeddable":true,"href":"https:\/\/hpx.eu\/fr\/wp-json\/wp\/v2\/comments?post=9765"}],"version-history":[{"count":29,"href":"https:\/\/hpx.eu\/fr\/wp-json\/wp\/v2\/pages\/9765\/revisions"}],"predecessor-version":[{"id":184275,"href":"https:\/\/hpx.eu\/fr\/wp-json\/wp\/v2\/pages\/9765\/revisions\/184275"}],"wp:attachment":[{"href":"https:\/\/hpx.eu\/fr\/wp-json\/wp\/v2\/media?parent=9765"}],"curies":[{"name":"wp","href":"https:\/\/api.w.org\/{rel}","templated":true}]}}