{"id":9751,"date":"2017-06-13T16:16:41","date_gmt":"2017-06-13T14:16:41","guid":{"rendered":"http:\/\/hpx.jonathanhuyssens.be\/?page_id=9751"},"modified":"2023-01-12T14:52:00","modified_gmt":"2023-01-12T13:52:00","slug":"p-l-v","status":"publish","type":"page","link":"https:\/\/hpx.eu\/fr\/p-l-v\/","title":{"rendered":"P.L.V."},"content":{"rendered":"<p>Hpx propose un large \u00e9ventail de pr\u00e9sentoirs et solutions pour les points de vente.<\/p>\n<p>Il a \u00e9t\u00e9 prouv\u00e9 qu\u2019une presentation attrayante et une strat\u00e9gie de vente compl\u00e9mentaire bien d\u00e9finie ont une influence positive sur le comportement du prospect\/client. Cela permet d\u2019augmenter la visibilit\u00e9 de HPX et stimuler les achats d\u2019impulsion.<\/p>\n<p>HPX vous propose les outils n\u00e9cessaires pour presenter nos rubans aux endroits les plus adapt\u00e9s et faciliter la recherche de vos clients pour une solution compl\u00e9te et efficace.<\/p>\n<p>Sur cette page, vous pouvez toujours consulter la derni\u00e8re mise \u00e0 jour des possibilit\u00e9s de point de vente HPX. Si vous voulez plus d&rsquo;informations, vous pouvez toujours nous <a href=\"..\/contact\">contacter<\/a>.<\/p>\n<h2>Catalogue P.L.V.<\/h2>\n<div class=\"ThreeCol promo\"><a href=\"https:\/\/drive.google.com\/file\/d\/1Y7fHSfWSPBNQLefsKgBdioG4C6i6_uQt\/view?usp=sharing\" target=\"_blank\" rel=\"noopener noreferrer\"><br \/>\n<\/a><a href=\"https:\/\/drive.google.com\/file\/d\/1Y7fHSfWSPBNQLefsKgBdioG4C6i6_uQt\/view?usp=sharing\" target=\"_blank\" rel=\"noopener noreferrer\"><img loading=\"lazy\" decoding=\"async\" class=\"alignnone\" src=\"https:\/\/hpx.eu\/wp-content\/uploads\/2021\/02\/POS_Catalog.jpg\" alt=\"\" width=\"300\" height=\"658\"><\/a><\/p>\n<div class=\"full_screen\"><\/div>\n<\/div>\n","protected":false},"excerpt":{"rendered":"<p>Hpx propose un large \u00e9ventail de pr\u00e9sentoirs et solutions pour les points de vente. Il a \u00e9t\u00e9 prouv\u00e9 qu\u2019une presentation attrayante et une strat\u00e9gie de vente compl\u00e9mentaire bien d\u00e9finie ont une influence positive sur le comportement du prospect\/client. Cela permet d\u2019augmenter la visibilit\u00e9 de HPX et stimuler les achats d\u2019impulsion. HPX vous propose les outils [&hellip;]<\/p>\n","protected":false},"author":1,"featured_media":0,"parent":0,"menu_order":0,"comment_status":"closed","ping_status":"closed","template":"","meta":{"_exactmetrics_skip_tracking":false,"_exactmetrics_sitenote_active":false,"_exactmetrics_sitenote_note":"","_exactmetrics_sitenote_category":0,"_monsterinsights_skip_tracking":false,"_monsterinsights_sitenote_active":false,"_monsterinsights_sitenote_note":"","_monsterinsights_sitenote_category":0,"_themeisle_gutenberg_block_has_review":false,"footnotes":""},"class_list":["post-9751","page","type-page","status-publish","hentry","post"],"yoast_head":"<!-- This site is optimized with the Yoast SEO plugin v27.4 - https:\/\/yoast.com\/product\/yoast-seo-wordpress\/ -->\n<title>P.L.V. - HPX<\/title>\n<meta name=\"robots\" content=\"index, follow, max-snippet:-1, max-image-preview:large, max-video-preview:-1\" \/>\n<link rel=\"canonical\" href=\"https:\/\/hpx.eu\/fr\/p-l-v\/\" \/>\n<meta property=\"og:locale\" content=\"fr_FR\" \/>\n<meta property=\"og:type\" content=\"article\" \/>\n<meta property=\"og:title\" content=\"P.L.V. - HPX\" \/>\n<meta property=\"og:description\" content=\"Hpx propose un large \u00e9ventail de pr\u00e9sentoirs et solutions pour les points de vente. Il a \u00e9t\u00e9 prouv\u00e9 qu\u2019une presentation attrayante et une strat\u00e9gie de vente compl\u00e9mentaire bien d\u00e9finie ont une influence positive sur le comportement du prospect\/client. Cela permet d\u2019augmenter la visibilit\u00e9 de HPX et stimuler les achats d\u2019impulsion. HPX vous propose les outils [&hellip;]\" \/>\n<meta property=\"og:url\" content=\"https:\/\/hpx.eu\/fr\/p-l-v\/\" \/>\n<meta property=\"og:site_name\" content=\"HPX\" \/>\n<meta property=\"article:publisher\" content=\"https:\/\/www.facebook.com\/HPXtape\/\" \/>\n<meta property=\"article:modified_time\" content=\"2023-01-12T13:52:00+00:00\" \/>\n<meta property=\"og:image\" content=\"https:\/\/hpx.eu\/wp-content\/uploads\/2021\/02\/POS_Catalog.jpg\" \/>\n<meta name=\"twitter:card\" content=\"summary_large_image\" \/>\n<meta name=\"twitter:label1\" content=\"Dur\u00e9e de lecture estim\u00e9e\" \/>\n\t<meta name=\"twitter:data1\" content=\"1 minute\" \/>\n<script type=\"application\/ld+json\" class=\"yoast-schema-graph\">{\"@context\":\"https:\\\/\\\/schema.org\",\"@graph\":[{\"@type\":\"WebPage\",\"@id\":\"https:\\\/\\\/hpx.eu\\\/fr\\\/p-l-v\\\/\",\"url\":\"https:\\\/\\\/hpx.eu\\\/fr\\\/p-l-v\\\/\",\"name\":\"P.L.V. - HPX\",\"isPartOf\":{\"@id\":\"http:\\\/\\\/hpx.eu\\\/fr\\\/#website\"},\"primaryImageOfPage\":{\"@id\":\"https:\\\/\\\/hpx.eu\\\/fr\\\/p-l-v\\\/#primaryimage\"},\"image\":{\"@id\":\"https:\\\/\\\/hpx.eu\\\/fr\\\/p-l-v\\\/#primaryimage\"},\"thumbnailUrl\":\"https:\\\/\\\/hpx.eu\\\/wp-content\\\/uploads\\\/2021\\\/02\\\/POS_Catalog.jpg\",\"datePublished\":\"2017-06-13T14:16:41+00:00\",\"dateModified\":\"2023-01-12T13:52:00+00:00\",\"breadcrumb\":{\"@id\":\"https:\\\/\\\/hpx.eu\\\/fr\\\/p-l-v\\\/#breadcrumb\"},\"inLanguage\":\"fr-FR\",\"potentialAction\":[{\"@type\":\"ReadAction\",\"target\":[\"https:\\\/\\\/hpx.eu\\\/fr\\\/p-l-v\\\/\"]}]},{\"@type\":\"ImageObject\",\"inLanguage\":\"fr-FR\",\"@id\":\"https:\\\/\\\/hpx.eu\\\/fr\\\/p-l-v\\\/#primaryimage\",\"url\":\"https:\\\/\\\/hpx.eu\\\/wp-content\\\/uploads\\\/2021\\\/02\\\/POS_Catalog.jpg\",\"contentUrl\":\"https:\\\/\\\/hpx.eu\\\/wp-content\\\/uploads\\\/2021\\\/02\\\/POS_Catalog.jpg\"},{\"@type\":\"BreadcrumbList\",\"@id\":\"https:\\\/\\\/hpx.eu\\\/fr\\\/p-l-v\\\/#breadcrumb\",\"itemListElement\":[{\"@type\":\"ListItem\",\"position\":1,\"name\":\"Startseite\",\"item\":\"http:\\\/\\\/hpx.eu\\\/fr\\\/\"},{\"@type\":\"ListItem\",\"position\":2,\"name\":\"P.L.V.\"}]},{\"@type\":\"WebSite\",\"@id\":\"http:\\\/\\\/hpx.eu\\\/fr\\\/#website\",\"url\":\"http:\\\/\\\/hpx.eu\\\/fr\\\/\",\"name\":\"HPX\",\"description\":\"Tough Job, Tougher Tape\",\"publisher\":{\"@id\":\"http:\\\/\\\/hpx.eu\\\/fr\\\/#organization\"},\"potentialAction\":[{\"@type\":\"SearchAction\",\"target\":{\"@type\":\"EntryPoint\",\"urlTemplate\":\"http:\\\/\\\/hpx.eu\\\/fr\\\/?s={search_term_string}\"},\"query-input\":{\"@type\":\"PropertyValueSpecification\",\"valueRequired\":true,\"valueName\":\"search_term_string\"}}],\"inLanguage\":\"fr-FR\"},{\"@type\":\"Organization\",\"@id\":\"http:\\\/\\\/hpx.eu\\\/fr\\\/#organization\",\"name\":\"Option Tape Specialties\",\"url\":\"http:\\\/\\\/hpx.eu\\\/fr\\\/\",\"logo\":{\"@type\":\"ImageObject\",\"inLanguage\":\"fr-FR\",\"@id\":\"http:\\\/\\\/hpx.eu\\\/fr\\\/#\\\/schema\\\/logo\\\/image\\\/\",\"url\":\"\",\"contentUrl\":\"\",\"caption\":\"Option Tape Specialties\"},\"image\":{\"@id\":\"http:\\\/\\\/hpx.eu\\\/fr\\\/#\\\/schema\\\/logo\\\/image\\\/\"},\"sameAs\":[\"https:\\\/\\\/www.facebook.com\\\/HPXtape\\\/\",\"https:\\\/\\\/www.linkedin.com\\\/company\\\/2913311\\\/\",\"https:\\\/\\\/www.youtube.com\\\/channel\\\/UCCYnFjBGfKw8SPW1hMUCVFg\"]}]}<\/script>\n<!-- \/ Yoast SEO plugin. -->","yoast_head_json":{"title":"P.L.V. - HPX","robots":{"index":"index","follow":"follow","max-snippet":"max-snippet:-1","max-image-preview":"max-image-preview:large","max-video-preview":"max-video-preview:-1"},"canonical":"https:\/\/hpx.eu\/fr\/p-l-v\/","og_locale":"fr_FR","og_type":"article","og_title":"P.L.V. - HPX","og_description":"Hpx propose un large \u00e9ventail de pr\u00e9sentoirs et solutions pour les points de vente. Il a \u00e9t\u00e9 prouv\u00e9 qu\u2019une presentation attrayante et une strat\u00e9gie de vente compl\u00e9mentaire bien d\u00e9finie ont une influence positive sur le comportement du prospect\/client. Cela permet d\u2019augmenter la visibilit\u00e9 de HPX et stimuler les achats d\u2019impulsion. HPX vous propose les outils [&hellip;]","og_url":"https:\/\/hpx.eu\/fr\/p-l-v\/","og_site_name":"HPX","article_publisher":"https:\/\/www.facebook.com\/HPXtape\/","article_modified_time":"2023-01-12T13:52:00+00:00","og_image":[{"url":"https:\/\/hpx.eu\/wp-content\/uploads\/2021\/02\/POS_Catalog.jpg","type":"","width":"","height":""}],"twitter_card":"summary_large_image","twitter_misc":{"Dur\u00e9e de lecture estim\u00e9e":"1 minute"},"schema":{"@context":"https:\/\/schema.org","@graph":[{"@type":"WebPage","@id":"https:\/\/hpx.eu\/fr\/p-l-v\/","url":"https:\/\/hpx.eu\/fr\/p-l-v\/","name":"P.L.V. - HPX","isPartOf":{"@id":"https:\/\/hpx.eu\/fr\/#website"},"primaryImageOfPage":{"@id":"https:\/\/hpx.eu\/fr\/p-l-v\/#primaryimage"},"image":{"@id":"https:\/\/hpx.eu\/fr\/p-l-v\/#primaryimage"},"thumbnailUrl":"https:\/\/hpx.eu\/wp-content\/uploads\/2021\/02\/POS_Catalog.jpg","datePublished":"2017-06-13T14:16:41+00:00","dateModified":"2023-01-12T13:52:00+00:00","breadcrumb":{"@id":"https:\/\/hpx.eu\/fr\/p-l-v\/#breadcrumb"},"inLanguage":"fr-FR","potentialAction":[{"@type":"ReadAction","target":["https:\/\/hpx.eu\/fr\/p-l-v\/"]}]},{"@type":"ImageObject","inLanguage":"fr-FR","@id":"https:\/\/hpx.eu\/fr\/p-l-v\/#primaryimage","url":"https:\/\/hpx.eu\/wp-content\/uploads\/2021\/02\/POS_Catalog.jpg","contentUrl":"https:\/\/hpx.eu\/wp-content\/uploads\/2021\/02\/POS_Catalog.jpg"},{"@type":"BreadcrumbList","@id":"https:\/\/hpx.eu\/fr\/p-l-v\/#breadcrumb","itemListElement":[{"@type":"ListItem","position":1,"name":"Startseite","item":"https:\/\/hpx.eu\/fr\/"},{"@type":"ListItem","position":2,"name":"P.L.V."}]},{"@type":"WebSite","@id":"https:\/\/hpx.eu\/fr\/#website","url":"https:\/\/hpx.eu\/fr\/","name":"HPX","description":"Tough Job, Tougher Tape","publisher":{"@id":"https:\/\/hpx.eu\/fr\/#organization"},"potentialAction":[{"@type":"SearchAction","target":{"@type":"EntryPoint","urlTemplate":"https:\/\/hpx.eu\/fr\/?s={search_term_string}"},"query-input":{"@type":"PropertyValueSpecification","valueRequired":true,"valueName":"search_term_string"}}],"inLanguage":"fr-FR"},{"@type":"Organization","@id":"https:\/\/hpx.eu\/fr\/#organization","name":"Option Tape Specialties","url":"https:\/\/hpx.eu\/fr\/","logo":{"@type":"ImageObject","inLanguage":"fr-FR","@id":"https:\/\/hpx.eu\/fr\/#\/schema\/logo\/image\/","url":"","contentUrl":"","caption":"Option Tape Specialties"},"image":{"@id":"https:\/\/hpx.eu\/fr\/#\/schema\/logo\/image\/"},"sameAs":["https:\/\/www.facebook.com\/HPXtape\/","https:\/\/www.linkedin.com\/company\/2913311\/","https:\/\/www.youtube.com\/channel\/UCCYnFjBGfKw8SPW1hMUCVFg"]}]}},"_links":{"self":[{"href":"https:\/\/hpx.eu\/fr\/wp-json\/wp\/v2\/pages\/9751","targetHints":{"allow":["GET"]}}],"collection":[{"href":"https:\/\/hpx.eu\/fr\/wp-json\/wp\/v2\/pages"}],"about":[{"href":"https:\/\/hpx.eu\/fr\/wp-json\/wp\/v2\/types\/page"}],"author":[{"embeddable":true,"href":"https:\/\/hpx.eu\/fr\/wp-json\/wp\/v2\/users\/1"}],"replies":[{"embeddable":true,"href":"https:\/\/hpx.eu\/fr\/wp-json\/wp\/v2\/comments?post=9751"}],"version-history":[{"count":17,"href":"https:\/\/hpx.eu\/fr\/wp-json\/wp\/v2\/pages\/9751\/revisions"}],"predecessor-version":[{"id":144097,"href":"https:\/\/hpx.eu\/fr\/wp-json\/wp\/v2\/pages\/9751\/revisions\/144097"}],"wp:attachment":[{"href":"https:\/\/hpx.eu\/fr\/wp-json\/wp\/v2\/media?parent=9751"}],"curies":[{"name":"wp","href":"https:\/\/api.w.org\/{rel}","templated":true}]}}