{"id":9723,"date":"2017-06-13T16:07:43","date_gmt":"2017-06-13T14:07:43","guid":{"rendered":"http:\/\/hpx.jonathanhuyssens.be\/?page_id=9723"},"modified":"2020-05-11T08:59:16","modified_gmt":"2020-05-11T06:59:16","slug":"assortiments-type","status":"publish","type":"page","link":"https:\/\/hpx.eu\/fr\/assortiments-type\/","title":{"rendered":"Assortiments type"},"content":{"rendered":"<p>Nous avons des assortiments type \u00e0 votre disposition pour des march\u00e9s diff\u00e9rentes, il s&rsquo;agit notamment du secteur automobile,&nbsp;fournitures industrielles,&nbsp;commerces de gros de mat\u00e9riaux de construction, et les magasins loisirs cr\u00e9atifs, etc. Nous pouvons \u00e9galement d\u00e9velopper un assortiment type en fonction du chiffre d&rsquo;affaires, des rotations de vente, et des besoins de vos clients finaux.&nbsp;Si vous souhaitez obtenir plus d&rsquo;informations sur les possibilit\u00e9s potentielles, vous pouvez toujours <a href=\"..\/contact\">nous contacter<\/a>.<\/p>\n<div class=\"ThreeCol\">\n<h3>Etape 1: Implantations des r\u00e9f\u00e9rences<\/h3>\n<p><img loading=\"lazy\" decoding=\"async\" src=\"https:\/\/hpx.eu\/wp-content\/uploads\/2017\/06\/Shelf_plan-step_1.png\" alt=\"Implantations des r\u00e9f\u00e9rences\" width=\"300\" height=\"749\" class=\"alignnone size-full wp-image-17357\"><\/p>\n<\/div>\n<div class=\"ThreeCol\">\n<h3>Etape 2: Pr\u00e9sentation graphique<\/h3>\n<p><img loading=\"lazy\" decoding=\"async\" src=\"https:\/\/hpx.eu\/wp-content\/uploads\/2017\/06\/Shelf_plan-step_2.jpg\" alt=\"Pr\u00e9sentation graphique\" width=\"300\" height=\"749\" class=\"alignnone size-full wp-image-17377\" srcset=\"https:\/\/hpx.eu\/wp-content\/uploads\/2017\/06\/Shelf_plan-step_2.jpg 300w, https:\/\/hpx.eu\/wp-content\/uploads\/2017\/06\/Shelf_plan-step_2-120x300.jpg 120w\" sizes=\"auto, (max-width: 300px) 100vw, 300px\" \/><\/p>\n<\/div>\n<div class=\"ThreeCol\">\n<h3>Etape 3: R\u00e9alit\u00e9<\/h3>\n<p><img loading=\"lazy\" decoding=\"async\" src=\"https:\/\/hpx.eu\/wp-content\/uploads\/2017\/06\/Shelf_plan-step_3.jpg\" alt=\"R\u00e9alit\u00e9\" width=\"311\" height=\"749\" class=\"alignnone size-full wp-image-17395\" srcset=\"https:\/\/hpx.eu\/wp-content\/uploads\/2017\/06\/Shelf_plan-step_3.jpg 311w, https:\/\/hpx.eu\/wp-content\/uploads\/2017\/06\/Shelf_plan-step_3-125x300.jpg 125w\" sizes=\"auto, (max-width: 311px) 100vw, 311px\" \/><\/p>\n<\/div>\n","protected":false},"excerpt":{"rendered":"<p>Nous avons des assortiments type \u00e0 votre disposition pour des march\u00e9s diff\u00e9rentes, il s&rsquo;agit notamment du secteur automobile,&nbsp;fournitures industrielles,&nbsp;commerces de gros de mat\u00e9riaux de construction, et les magasins loisirs cr\u00e9atifs, etc. Nous pouvons \u00e9galement d\u00e9velopper un assortiment type en fonction du chiffre d&rsquo;affaires, des rotations de vente, et des besoins de vos clients finaux.&nbsp;Si vous [&hellip;]<\/p>\n","protected":false},"author":1,"featured_media":0,"parent":0,"menu_order":0,"comment_status":"closed","ping_status":"closed","template":"","meta":{"_exactmetrics_skip_tracking":false,"_exactmetrics_sitenote_active":false,"_exactmetrics_sitenote_note":"","_exactmetrics_sitenote_category":0,"_monsterinsights_skip_tracking":false,"_monsterinsights_sitenote_active":false,"_monsterinsights_sitenote_note":"","_monsterinsights_sitenote_category":0,"_themeisle_gutenberg_block_has_review":false,"footnotes":""},"class_list":["post-9723","page","type-page","status-publish","hentry","post"],"yoast_head":"<!-- This site is optimized with the Yoast SEO plugin v27.3 - https:\/\/yoast.com\/product\/yoast-seo-wordpress\/ -->\n<title>Assortiments type - HPX<\/title>\n<meta name=\"robots\" content=\"index, follow, max-snippet:-1, max-image-preview:large, max-video-preview:-1\" \/>\n<link rel=\"canonical\" href=\"https:\/\/hpx.eu\/fr\/assortiments-type\/\" \/>\n<meta property=\"og:locale\" content=\"fr_FR\" \/>\n<meta property=\"og:type\" content=\"article\" \/>\n<meta property=\"og:title\" content=\"Assortiments type - HPX\" \/>\n<meta property=\"og:description\" content=\"Nous avons des assortiments type \u00e0 votre disposition pour des march\u00e9s diff\u00e9rentes, il s&rsquo;agit notamment du secteur automobile,&nbsp;fournitures industrielles,&nbsp;commerces de gros de mat\u00e9riaux de construction, et les magasins loisirs cr\u00e9atifs, etc. Nous pouvons \u00e9galement d\u00e9velopper un assortiment type en fonction du chiffre d&rsquo;affaires, des rotations de vente, et des besoins de vos clients finaux.&nbsp;Si vous [&hellip;]\" \/>\n<meta property=\"og:url\" content=\"https:\/\/hpx.eu\/fr\/assortiments-type\/\" \/>\n<meta property=\"og:site_name\" content=\"HPX\" \/>\n<meta property=\"article:publisher\" content=\"https:\/\/www.facebook.com\/HPXtape\/\" \/>\n<meta property=\"article:modified_time\" content=\"2020-05-11T06:59:16+00:00\" \/>\n<meta property=\"og:image\" content=\"https:\/\/hpx.eu\/wp-content\/uploads\/2017\/06\/Shelf_plan-step_1.png\" \/>\n<meta name=\"twitter:card\" content=\"summary_large_image\" \/>\n<script type=\"application\/ld+json\" class=\"yoast-schema-graph\">{\"@context\":\"https:\\\/\\\/schema.org\",\"@graph\":[{\"@type\":\"WebPage\",\"@id\":\"https:\\\/\\\/hpx.eu\\\/fr\\\/assortiments-type\\\/\",\"url\":\"https:\\\/\\\/hpx.eu\\\/fr\\\/assortiments-type\\\/\",\"name\":\"Assortiments type - HPX\",\"isPartOf\":{\"@id\":\"http:\\\/\\\/hpx.eu\\\/fr\\\/#website\"},\"primaryImageOfPage\":{\"@id\":\"https:\\\/\\\/hpx.eu\\\/fr\\\/assortiments-type\\\/#primaryimage\"},\"image\":{\"@id\":\"https:\\\/\\\/hpx.eu\\\/fr\\\/assortiments-type\\\/#primaryimage\"},\"thumbnailUrl\":\"http:\\\/\\\/hpx.eu\\\/wp-content\\\/uploads\\\/2017\\\/06\\\/Shelf_plan-step_1.png\",\"datePublished\":\"2017-06-13T14:07:43+00:00\",\"dateModified\":\"2020-05-11T06:59:16+00:00\",\"breadcrumb\":{\"@id\":\"https:\\\/\\\/hpx.eu\\\/fr\\\/assortiments-type\\\/#breadcrumb\"},\"inLanguage\":\"fr-FR\",\"potentialAction\":[{\"@type\":\"ReadAction\",\"target\":[\"https:\\\/\\\/hpx.eu\\\/fr\\\/assortiments-type\\\/\"]}]},{\"@type\":\"ImageObject\",\"inLanguage\":\"fr-FR\",\"@id\":\"https:\\\/\\\/hpx.eu\\\/fr\\\/assortiments-type\\\/#primaryimage\",\"url\":\"http:\\\/\\\/hpx.eu\\\/wp-content\\\/uploads\\\/2017\\\/06\\\/Shelf_plan-step_1.png\",\"contentUrl\":\"http:\\\/\\\/hpx.eu\\\/wp-content\\\/uploads\\\/2017\\\/06\\\/Shelf_plan-step_1.png\"},{\"@type\":\"BreadcrumbList\",\"@id\":\"https:\\\/\\\/hpx.eu\\\/fr\\\/assortiments-type\\\/#breadcrumb\",\"itemListElement\":[{\"@type\":\"ListItem\",\"position\":1,\"name\":\"Startseite\",\"item\":\"http:\\\/\\\/hpx.eu\\\/fr\\\/\"},{\"@type\":\"ListItem\",\"position\":2,\"name\":\"Assortiments type\"}]},{\"@type\":\"WebSite\",\"@id\":\"http:\\\/\\\/hpx.eu\\\/fr\\\/#website\",\"url\":\"http:\\\/\\\/hpx.eu\\\/fr\\\/\",\"name\":\"HPX\",\"description\":\"Tough Job, Tougher Tape\",\"publisher\":{\"@id\":\"http:\\\/\\\/hpx.eu\\\/fr\\\/#organization\"},\"potentialAction\":[{\"@type\":\"SearchAction\",\"target\":{\"@type\":\"EntryPoint\",\"urlTemplate\":\"http:\\\/\\\/hpx.eu\\\/fr\\\/?s={search_term_string}\"},\"query-input\":{\"@type\":\"PropertyValueSpecification\",\"valueRequired\":true,\"valueName\":\"search_term_string\"}}],\"inLanguage\":\"fr-FR\"},{\"@type\":\"Organization\",\"@id\":\"http:\\\/\\\/hpx.eu\\\/fr\\\/#organization\",\"name\":\"Option Tape Specialties\",\"url\":\"http:\\\/\\\/hpx.eu\\\/fr\\\/\",\"logo\":{\"@type\":\"ImageObject\",\"inLanguage\":\"fr-FR\",\"@id\":\"http:\\\/\\\/hpx.eu\\\/fr\\\/#\\\/schema\\\/logo\\\/image\\\/\",\"url\":\"\",\"contentUrl\":\"\",\"caption\":\"Option Tape Specialties\"},\"image\":{\"@id\":\"http:\\\/\\\/hpx.eu\\\/fr\\\/#\\\/schema\\\/logo\\\/image\\\/\"},\"sameAs\":[\"https:\\\/\\\/www.facebook.com\\\/HPXtape\\\/\",\"https:\\\/\\\/www.linkedin.com\\\/company\\\/2913311\\\/\",\"https:\\\/\\\/www.youtube.com\\\/channel\\\/UCCYnFjBGfKw8SPW1hMUCVFg\"]}]}<\/script>\n<!-- \/ Yoast SEO plugin. -->","yoast_head_json":{"title":"Assortiments type - HPX","robots":{"index":"index","follow":"follow","max-snippet":"max-snippet:-1","max-image-preview":"max-image-preview:large","max-video-preview":"max-video-preview:-1"},"canonical":"https:\/\/hpx.eu\/fr\/assortiments-type\/","og_locale":"fr_FR","og_type":"article","og_title":"Assortiments type - HPX","og_description":"Nous avons des assortiments type \u00e0 votre disposition pour des march\u00e9s diff\u00e9rentes, il s&rsquo;agit notamment du secteur automobile,&nbsp;fournitures industrielles,&nbsp;commerces de gros de mat\u00e9riaux de construction, et les magasins loisirs cr\u00e9atifs, etc. Nous pouvons \u00e9galement d\u00e9velopper un assortiment type en fonction du chiffre d&rsquo;affaires, des rotations de vente, et des besoins de vos clients finaux.&nbsp;Si vous [&hellip;]","og_url":"https:\/\/hpx.eu\/fr\/assortiments-type\/","og_site_name":"HPX","article_publisher":"https:\/\/www.facebook.com\/HPXtape\/","article_modified_time":"2020-05-11T06:59:16+00:00","og_image":[{"url":"https:\/\/hpx.eu\/wp-content\/uploads\/2017\/06\/Shelf_plan-step_1.png","type":"","width":"","height":""}],"twitter_card":"summary_large_image","schema":{"@context":"https:\/\/schema.org","@graph":[{"@type":"WebPage","@id":"https:\/\/hpx.eu\/fr\/assortiments-type\/","url":"https:\/\/hpx.eu\/fr\/assortiments-type\/","name":"Assortiments type - HPX","isPartOf":{"@id":"https:\/\/hpx.eu\/fr\/#website"},"primaryImageOfPage":{"@id":"https:\/\/hpx.eu\/fr\/assortiments-type\/#primaryimage"},"image":{"@id":"https:\/\/hpx.eu\/fr\/assortiments-type\/#primaryimage"},"thumbnailUrl":"https:\/\/hpx.eu\/wp-content\/uploads\/2017\/06\/Shelf_plan-step_1.png","datePublished":"2017-06-13T14:07:43+00:00","dateModified":"2020-05-11T06:59:16+00:00","breadcrumb":{"@id":"https:\/\/hpx.eu\/fr\/assortiments-type\/#breadcrumb"},"inLanguage":"fr-FR","potentialAction":[{"@type":"ReadAction","target":["https:\/\/hpx.eu\/fr\/assortiments-type\/"]}]},{"@type":"ImageObject","inLanguage":"fr-FR","@id":"https:\/\/hpx.eu\/fr\/assortiments-type\/#primaryimage","url":"https:\/\/hpx.eu\/wp-content\/uploads\/2017\/06\/Shelf_plan-step_1.png","contentUrl":"https:\/\/hpx.eu\/wp-content\/uploads\/2017\/06\/Shelf_plan-step_1.png"},{"@type":"BreadcrumbList","@id":"https:\/\/hpx.eu\/fr\/assortiments-type\/#breadcrumb","itemListElement":[{"@type":"ListItem","position":1,"name":"Startseite","item":"https:\/\/hpx.eu\/fr\/"},{"@type":"ListItem","position":2,"name":"Assortiments type"}]},{"@type":"WebSite","@id":"https:\/\/hpx.eu\/fr\/#website","url":"https:\/\/hpx.eu\/fr\/","name":"HPX","description":"Tough Job, Tougher Tape","publisher":{"@id":"https:\/\/hpx.eu\/fr\/#organization"},"potentialAction":[{"@type":"SearchAction","target":{"@type":"EntryPoint","urlTemplate":"https:\/\/hpx.eu\/fr\/?s={search_term_string}"},"query-input":{"@type":"PropertyValueSpecification","valueRequired":true,"valueName":"search_term_string"}}],"inLanguage":"fr-FR"},{"@type":"Organization","@id":"https:\/\/hpx.eu\/fr\/#organization","name":"Option Tape Specialties","url":"https:\/\/hpx.eu\/fr\/","logo":{"@type":"ImageObject","inLanguage":"fr-FR","@id":"https:\/\/hpx.eu\/fr\/#\/schema\/logo\/image\/","url":"","contentUrl":"","caption":"Option Tape Specialties"},"image":{"@id":"https:\/\/hpx.eu\/fr\/#\/schema\/logo\/image\/"},"sameAs":["https:\/\/www.facebook.com\/HPXtape\/","https:\/\/www.linkedin.com\/company\/2913311\/","https:\/\/www.youtube.com\/channel\/UCCYnFjBGfKw8SPW1hMUCVFg"]}]}},"_links":{"self":[{"href":"https:\/\/hpx.eu\/fr\/wp-json\/wp\/v2\/pages\/9723","targetHints":{"allow":["GET"]}}],"collection":[{"href":"https:\/\/hpx.eu\/fr\/wp-json\/wp\/v2\/pages"}],"about":[{"href":"https:\/\/hpx.eu\/fr\/wp-json\/wp\/v2\/types\/page"}],"author":[{"embeddable":true,"href":"https:\/\/hpx.eu\/fr\/wp-json\/wp\/v2\/users\/1"}],"replies":[{"embeddable":true,"href":"https:\/\/hpx.eu\/fr\/wp-json\/wp\/v2\/comments?post=9723"}],"version-history":[{"count":4,"href":"https:\/\/hpx.eu\/fr\/wp-json\/wp\/v2\/pages\/9723\/revisions"}],"predecessor-version":[{"id":100329,"href":"https:\/\/hpx.eu\/fr\/wp-json\/wp\/v2\/pages\/9723\/revisions\/100329"}],"wp:attachment":[{"href":"https:\/\/hpx.eu\/fr\/wp-json\/wp\/v2\/media?parent=9723"}],"curies":[{"name":"wp","href":"https:\/\/api.w.org\/{rel}","templated":true}]}}