{"id":185635,"date":"2026-03-06T13:04:23","date_gmt":"2026-03-06T12:04:23","guid":{"rendered":"https:\/\/hpx.eu\/?page_id=185635"},"modified":"2026-03-06T14:39:26","modified_gmt":"2026-03-06T13:39:26","slug":"postes-vacants","status":"publish","type":"page","link":"https:\/\/hpx.eu\/fr\/postes-vacants\/","title":{"rendered":"Postes vacants"},"content":{"rendered":"<div id=\"vacatures\">\n<div class=\"comp_details\">\n\t\t<img decoding=\"async\" src=\"https:\/\/hpx.eu\/wp-content\/uploads\/2026\/03\/HPX-VACATURES-FR.jpg\" alt=\"Travailler chez HPX | Postes vacants\"\/><\/p>\n<p>HPX vous propose une large s\u00e9lection de rubans adh\u00e9sifs de haute qualit\u00e9, con\u00e7us pour les utilisateurs professionnels. Depuis sa cr\u00e9ation en 2004, HPX b\u00e9n\u00e9ficie aujourd\u2019hui d\u2019une solide notori\u00e9t\u00e9 dans plus de 25 pays. En tant que fabricant belge, nous sommes fiers de notre longue exp\u00e9rience du march\u00e9, qui nous permet de r\u00e9pondre aux besoins de diff\u00e9rents secteurs tels que la construction, l\u2019\u00e9lectricit\u00e9, la peinture, l\u2019automobile et la quincaillerie.<\/p>\n<p>La qualit\u00e9 est au c\u0153ur des priorit\u00e9s de HPX. Nous nous effor\u00e7ons donc en permanence de garantir une qualit\u00e9 professionnelle et constante pour l\u2019ensemble de notre gamme de produits. Notre forte croissance repose notamment sur le d\u00e9veloppement innovant des performances de nos rubans adh\u00e9sifs et sur la relation de confiance durable que nous entretenons avec nos partenaires.<\/p>\n<p>HPX accorde une grande importance \u00e0 la connaissance du march\u00e9 et au conseil technique. Notre \u00e9quipe est pr\u00eate \u00e0 vous accompagner avec des formations produits, des tests en laboratoire et un support technique. Nos clients m\u00e9ritent le meilleur service afin de trouver le produit le plus adapt\u00e9 \u00e0 chaque application.<\/p>\n<p>D\u00e9couvrez notre vaste gamme de solutions adh\u00e9sives sur mesure et laissez-vous convaincre par notre qualit\u00e9.<\/p>\n<div id=\"Openstaand\">\n<h2>POSTES VACANTS<\/h2>\n<p>\t\t\t<a href=\"#AMW\" class=\"vacature_THUMB\"><img decoding=\"async\" src=\"https:\/\/hpx.eu\/wp-content\/uploads\/2026\/03\/HPX-Accountmanager_BE_FR-THUMB-1.jpg\" alt=\"Account Manager pour la Wallonie\" title=\"Voir l\u2019offre d\u2019emploi\"\/><\/a>\n\t\t<\/div>\n<\/p><\/div>\n<div class=\"vacature\">\n\t\t<a class=\"anchor\" id=\"AMW\"><\/a><br \/>\n\t\t<img decoding=\"async\" src=\"https:\/\/hpx.eu\/wp-content\/uploads\/2026\/03\/HPX-Accountmanager_BE_FR.jpg\" alt=\"Offre d\u2019emploi pour un Account Manager chez HPX\"\/><\/p>\n<h3>Votre mission:<\/h3>\n<ul>\n<li>identifier les opportunit\u00e9s de march\u00e9, prospecter et conclure des contrats avec de nouveaux clients;<\/li>\n<li>apporter un soutien aux distributeurs existants, renforcer les relations actuelles et stimuler les ventes;<\/li>\n<li>installer et entretenir des pr\u00e9sentations en magasin afin d\u2019optimiser la visibilit\u00e9 de nos produits et de promouvoir les ventes;<\/li>\n<li>travailler dans des secteurs sp\u00e9cialis\u00e9s: automobile, construction, industrie,..<\/li>\n<\/ul>\n<h3>Votre profil:<\/h3>\n<ul>\n<li>Vous \u00eates positif, engag\u00e9 et dot\u00e9 d\u2019un solide esprit commercial, acquis gr\u00e2ce \u00e0 plusieurs ann\u00e9es d&rsquo;exp\u00e9rience en tant qu\u2019Account Manager. <\/li>\n<li>Gr\u00e2ce \u00e0 votre sens technique, vous donnez des conseils bien fond\u00e9s et convainquez les clients.<\/li>\n<li>L&rsquo;\u00e9coute active fait partie de votre nature: vous traduisez sans effort les besoins des clients en solutions concr\u00e8tes. Vous \u00e9tablissez des relations de confiance durables \u2013 tant en prospection que dans le suivi et le d\u00e9veloppement du portefeuille de clients existants.<\/li>\n<li>Le r\u00e9seautage vous donne de l&rsquo;\u00e9nergie: vous \u00e9voluez ais\u00e9ment dans divers environnements, cr\u00e9ez des contacts de valeur et voyez des opportunit\u00e9s l\u00e0 o\u00f9 d&rsquo;autres ne les voient pas.<\/li>\n<li>Vous \u00eates un v\u00e9ritable goal-getter: motiv\u00e9, orient\u00e9 vers les r\u00e9sultats et d\u00e9termin\u00e9 \u00e0 transformer les opportunit\u00e9s commerciales en succ\u00e8s.<\/li>\n<li>Vous combinez les visites clients avec autant d&rsquo;enthousiasme que l\u2019installation et l&rsquo;optimisation de pr\u00e9sentations en magasin. Vous prenez des initiatives et n\u2019h\u00e9sitez pas \u00e0 mettre la main \u00e0 la p\u00e2te!<\/li>\n<li>Vous travaillez de mani\u00e8re autonome et b\u00e9n\u00e9ficiez d\u2019une grande libert\u00e9, tout en vous coordonnant de  mani\u00e8re proactive et claire avec le Sales Manager Benelux afin d\u2019atteindre ensemble les objectifs commerciaux.<\/li>\n<\/ul>\n<h3>Int\u00e9ress\u00e9(e) ?<\/h3>\n<p>\t\t<a href=\"mailto:hr@hpx.eu?subject=Candidature \u2013 Account Manager Wallonie\" class=\"btnHPX\">Postulez d\u00e8s maintenant<\/a>\n\t<\/div>\n<\/div>\n","protected":false},"excerpt":{"rendered":"<p>HPX vous propose une large s\u00e9lection de rubans adh\u00e9sifs de haute qualit\u00e9, con\u00e7us pour les utilisateurs professionnels. Depuis sa cr\u00e9ation en 2004, HPX b\u00e9n\u00e9ficie aujourd\u2019hui d\u2019une solide notori\u00e9t\u00e9 dans plus de 25 pays. En tant que fabricant belge, nous sommes fiers de notre longue exp\u00e9rience du march\u00e9, qui nous permet de r\u00e9pondre aux besoins de [&hellip;]<\/p>\n","protected":false},"author":1,"featured_media":0,"parent":0,"menu_order":0,"comment_status":"closed","ping_status":"closed","template":"","meta":{"_exactmetrics_skip_tracking":false,"_exactmetrics_sitenote_active":false,"_exactmetrics_sitenote_note":"","_exactmetrics_sitenote_category":0,"_monsterinsights_skip_tracking":false,"_monsterinsights_sitenote_active":false,"_monsterinsights_sitenote_note":"","_monsterinsights_sitenote_category":0,"_themeisle_gutenberg_block_has_review":false,"footnotes":""},"class_list":["post-185635","page","type-page","status-publish","hentry","post"],"yoast_head":"<!-- This site is optimized with the Yoast SEO plugin v27.4 - https:\/\/yoast.com\/product\/yoast-seo-wordpress\/ -->\n<title>Postes vacants - HPX<\/title>\n<meta name=\"robots\" content=\"index, follow, max-snippet:-1, max-image-preview:large, max-video-preview:-1\" \/>\n<link rel=\"canonical\" href=\"https:\/\/hpx.eu\/fr\/postes-vacants\/\" \/>\n<meta property=\"og:locale\" content=\"fr_FR\" \/>\n<meta property=\"og:type\" content=\"article\" \/>\n<meta property=\"og:title\" content=\"Postes vacants - HPX\" \/>\n<meta property=\"og:description\" content=\"HPX vous propose une large s\u00e9lection de rubans adh\u00e9sifs de haute qualit\u00e9, con\u00e7us pour les utilisateurs professionnels. Depuis sa cr\u00e9ation en 2004, HPX b\u00e9n\u00e9ficie aujourd\u2019hui d\u2019une solide notori\u00e9t\u00e9 dans plus de 25 pays. En tant que fabricant belge, nous sommes fiers de notre longue exp\u00e9rience du march\u00e9, qui nous permet de r\u00e9pondre aux besoins de [&hellip;]\" \/>\n<meta property=\"og:url\" content=\"https:\/\/hpx.eu\/fr\/postes-vacants\/\" \/>\n<meta property=\"og:site_name\" content=\"HPX\" \/>\n<meta property=\"article:publisher\" content=\"https:\/\/www.facebook.com\/HPXtape\/\" \/>\n<meta property=\"article:modified_time\" content=\"2026-03-06T13:39:26+00:00\" \/>\n<meta property=\"og:image\" content=\"https:\/\/hpx.eu\/wp-content\/uploads\/2026\/03\/HPX-VACATURES-FR.jpg\" \/>\n<meta name=\"twitter:card\" content=\"summary_large_image\" \/>\n<meta name=\"twitter:label1\" content=\"Dur\u00e9e de lecture estim\u00e9e\" \/>\n\t<meta name=\"twitter:data1\" content=\"3 minutes\" \/>\n<script type=\"application\/ld+json\" class=\"yoast-schema-graph\">{\"@context\":\"https:\\\/\\\/schema.org\",\"@graph\":[{\"@type\":\"WebPage\",\"@id\":\"https:\\\/\\\/hpx.eu\\\/fr\\\/postes-vacants\\\/\",\"url\":\"https:\\\/\\\/hpx.eu\\\/fr\\\/postes-vacants\\\/\",\"name\":\"Postes vacants - HPX\",\"isPartOf\":{\"@id\":\"http:\\\/\\\/hpx.eu\\\/fr\\\/#website\"},\"primaryImageOfPage\":{\"@id\":\"https:\\\/\\\/hpx.eu\\\/fr\\\/postes-vacants\\\/#primaryimage\"},\"image\":{\"@id\":\"https:\\\/\\\/hpx.eu\\\/fr\\\/postes-vacants\\\/#primaryimage\"},\"thumbnailUrl\":\"https:\\\/\\\/hpx.eu\\\/wp-content\\\/uploads\\\/2026\\\/03\\\/HPX-VACATURES-FR.jpg\",\"datePublished\":\"2026-03-06T12:04:23+00:00\",\"dateModified\":\"2026-03-06T13:39:26+00:00\",\"breadcrumb\":{\"@id\":\"https:\\\/\\\/hpx.eu\\\/fr\\\/postes-vacants\\\/#breadcrumb\"},\"inLanguage\":\"fr-FR\",\"potentialAction\":[{\"@type\":\"ReadAction\",\"target\":[\"https:\\\/\\\/hpx.eu\\\/fr\\\/postes-vacants\\\/\"]}]},{\"@type\":\"ImageObject\",\"inLanguage\":\"fr-FR\",\"@id\":\"https:\\\/\\\/hpx.eu\\\/fr\\\/postes-vacants\\\/#primaryimage\",\"url\":\"https:\\\/\\\/hpx.eu\\\/wp-content\\\/uploads\\\/2026\\\/03\\\/HPX-VACATURES-FR.jpg\",\"contentUrl\":\"https:\\\/\\\/hpx.eu\\\/wp-content\\\/uploads\\\/2026\\\/03\\\/HPX-VACATURES-FR.jpg\"},{\"@type\":\"BreadcrumbList\",\"@id\":\"https:\\\/\\\/hpx.eu\\\/fr\\\/postes-vacants\\\/#breadcrumb\",\"itemListElement\":[{\"@type\":\"ListItem\",\"position\":1,\"name\":\"Startseite\",\"item\":\"http:\\\/\\\/hpx.eu\\\/fr\\\/\"},{\"@type\":\"ListItem\",\"position\":2,\"name\":\"Postes vacants\"}]},{\"@type\":\"WebSite\",\"@id\":\"http:\\\/\\\/hpx.eu\\\/fr\\\/#website\",\"url\":\"http:\\\/\\\/hpx.eu\\\/fr\\\/\",\"name\":\"HPX\",\"description\":\"Tough Job, Tougher Tape\",\"publisher\":{\"@id\":\"http:\\\/\\\/hpx.eu\\\/fr\\\/#organization\"},\"potentialAction\":[{\"@type\":\"SearchAction\",\"target\":{\"@type\":\"EntryPoint\",\"urlTemplate\":\"http:\\\/\\\/hpx.eu\\\/fr\\\/?s={search_term_string}\"},\"query-input\":{\"@type\":\"PropertyValueSpecification\",\"valueRequired\":true,\"valueName\":\"search_term_string\"}}],\"inLanguage\":\"fr-FR\"},{\"@type\":\"Organization\",\"@id\":\"http:\\\/\\\/hpx.eu\\\/fr\\\/#organization\",\"name\":\"Option Tape Specialties\",\"url\":\"http:\\\/\\\/hpx.eu\\\/fr\\\/\",\"logo\":{\"@type\":\"ImageObject\",\"inLanguage\":\"fr-FR\",\"@id\":\"http:\\\/\\\/hpx.eu\\\/fr\\\/#\\\/schema\\\/logo\\\/image\\\/\",\"url\":\"\",\"contentUrl\":\"\",\"caption\":\"Option Tape Specialties\"},\"image\":{\"@id\":\"http:\\\/\\\/hpx.eu\\\/fr\\\/#\\\/schema\\\/logo\\\/image\\\/\"},\"sameAs\":[\"https:\\\/\\\/www.facebook.com\\\/HPXtape\\\/\",\"https:\\\/\\\/www.linkedin.com\\\/company\\\/2913311\\\/\",\"https:\\\/\\\/www.youtube.com\\\/channel\\\/UCCYnFjBGfKw8SPW1hMUCVFg\"]}]}<\/script>\n<!-- \/ Yoast SEO plugin. -->","yoast_head_json":{"title":"Postes vacants - HPX","robots":{"index":"index","follow":"follow","max-snippet":"max-snippet:-1","max-image-preview":"max-image-preview:large","max-video-preview":"max-video-preview:-1"},"canonical":"https:\/\/hpx.eu\/fr\/postes-vacants\/","og_locale":"fr_FR","og_type":"article","og_title":"Postes vacants - HPX","og_description":"HPX vous propose une large s\u00e9lection de rubans adh\u00e9sifs de haute qualit\u00e9, con\u00e7us pour les utilisateurs professionnels. Depuis sa cr\u00e9ation en 2004, HPX b\u00e9n\u00e9ficie aujourd\u2019hui d\u2019une solide notori\u00e9t\u00e9 dans plus de 25 pays. En tant que fabricant belge, nous sommes fiers de notre longue exp\u00e9rience du march\u00e9, qui nous permet de r\u00e9pondre aux besoins de [&hellip;]","og_url":"https:\/\/hpx.eu\/fr\/postes-vacants\/","og_site_name":"HPX","article_publisher":"https:\/\/www.facebook.com\/HPXtape\/","article_modified_time":"2026-03-06T13:39:26+00:00","og_image":[{"url":"https:\/\/hpx.eu\/wp-content\/uploads\/2026\/03\/HPX-VACATURES-FR.jpg","type":"","width":"","height":""}],"twitter_card":"summary_large_image","twitter_misc":{"Dur\u00e9e de lecture estim\u00e9e":"3 minutes"},"schema":{"@context":"https:\/\/schema.org","@graph":[{"@type":"WebPage","@id":"https:\/\/hpx.eu\/fr\/postes-vacants\/","url":"https:\/\/hpx.eu\/fr\/postes-vacants\/","name":"Postes vacants - HPX","isPartOf":{"@id":"https:\/\/hpx.eu\/fr\/#website"},"primaryImageOfPage":{"@id":"https:\/\/hpx.eu\/fr\/postes-vacants\/#primaryimage"},"image":{"@id":"https:\/\/hpx.eu\/fr\/postes-vacants\/#primaryimage"},"thumbnailUrl":"https:\/\/hpx.eu\/wp-content\/uploads\/2026\/03\/HPX-VACATURES-FR.jpg","datePublished":"2026-03-06T12:04:23+00:00","dateModified":"2026-03-06T13:39:26+00:00","breadcrumb":{"@id":"https:\/\/hpx.eu\/fr\/postes-vacants\/#breadcrumb"},"inLanguage":"fr-FR","potentialAction":[{"@type":"ReadAction","target":["https:\/\/hpx.eu\/fr\/postes-vacants\/"]}]},{"@type":"ImageObject","inLanguage":"fr-FR","@id":"https:\/\/hpx.eu\/fr\/postes-vacants\/#primaryimage","url":"https:\/\/hpx.eu\/wp-content\/uploads\/2026\/03\/HPX-VACATURES-FR.jpg","contentUrl":"https:\/\/hpx.eu\/wp-content\/uploads\/2026\/03\/HPX-VACATURES-FR.jpg"},{"@type":"BreadcrumbList","@id":"https:\/\/hpx.eu\/fr\/postes-vacants\/#breadcrumb","itemListElement":[{"@type":"ListItem","position":1,"name":"Startseite","item":"https:\/\/hpx.eu\/fr\/"},{"@type":"ListItem","position":2,"name":"Postes vacants"}]},{"@type":"WebSite","@id":"https:\/\/hpx.eu\/fr\/#website","url":"https:\/\/hpx.eu\/fr\/","name":"HPX","description":"Tough Job, Tougher Tape","publisher":{"@id":"https:\/\/hpx.eu\/fr\/#organization"},"potentialAction":[{"@type":"SearchAction","target":{"@type":"EntryPoint","urlTemplate":"https:\/\/hpx.eu\/fr\/?s={search_term_string}"},"query-input":{"@type":"PropertyValueSpecification","valueRequired":true,"valueName":"search_term_string"}}],"inLanguage":"fr-FR"},{"@type":"Organization","@id":"https:\/\/hpx.eu\/fr\/#organization","name":"Option Tape Specialties","url":"https:\/\/hpx.eu\/fr\/","logo":{"@type":"ImageObject","inLanguage":"fr-FR","@id":"https:\/\/hpx.eu\/fr\/#\/schema\/logo\/image\/","url":"","contentUrl":"","caption":"Option Tape Specialties"},"image":{"@id":"https:\/\/hpx.eu\/fr\/#\/schema\/logo\/image\/"},"sameAs":["https:\/\/www.facebook.com\/HPXtape\/","https:\/\/www.linkedin.com\/company\/2913311\/","https:\/\/www.youtube.com\/channel\/UCCYnFjBGfKw8SPW1hMUCVFg"]}]}},"_links":{"self":[{"href":"https:\/\/hpx.eu\/fr\/wp-json\/wp\/v2\/pages\/185635","targetHints":{"allow":["GET"]}}],"collection":[{"href":"https:\/\/hpx.eu\/fr\/wp-json\/wp\/v2\/pages"}],"about":[{"href":"https:\/\/hpx.eu\/fr\/wp-json\/wp\/v2\/types\/page"}],"author":[{"embeddable":true,"href":"https:\/\/hpx.eu\/fr\/wp-json\/wp\/v2\/users\/1"}],"replies":[{"embeddable":true,"href":"https:\/\/hpx.eu\/fr\/wp-json\/wp\/v2\/comments?post=185635"}],"version-history":[{"count":8,"href":"https:\/\/hpx.eu\/fr\/wp-json\/wp\/v2\/pages\/185635\/revisions"}],"predecessor-version":[{"id":185739,"href":"https:\/\/hpx.eu\/fr\/wp-json\/wp\/v2\/pages\/185635\/revisions\/185739"}],"wp:attachment":[{"href":"https:\/\/hpx.eu\/fr\/wp-json\/wp\/v2\/media?parent=185635"}],"curies":[{"name":"wp","href":"https:\/\/api.w.org\/{rel}","templated":true}]}}