{"id":175867,"date":"2025-09-01T09:23:01","date_gmt":"2025-09-01T07:23:01","guid":{"rendered":"https:\/\/hpx.eu\/?page_id=175867"},"modified":"2025-09-01T09:23:04","modified_gmt":"2025-09-01T07:23:04","slug":"paint-protection-film","status":"publish","type":"page","link":"https:\/\/hpx.eu\/fr\/paint-protection-film\/","title":{"rendered":"Paint Protection Film"},"content":{"rendered":"\n<div class=\"wp-block-columns is-layout-flex wp-container-core-columns-is-layout-9d6595d7 wp-block-columns-is-layout-flex\">\n<div class=\"wp-block-column is-layout-flow wp-block-column-is-layout-flow\" style=\"flex-basis:100%\">\n<div style=\"width: 720px;\" class=\"wp-video\"><video class=\"wp-video-shortcode\" id=\"video-175867-1\" width=\"720\" height=\"405\" preload=\"metadata\" controls=\"controls\"><source type=\"video\/mp4\" src=\"https:\/\/hpx.eu\/wp-content\/uploads\/2025\/09\/HPX_7600_Paint_Protection_Film-Comment_appliquer.mp4?_=1\" \/><a href=\"https:\/\/hpx.eu\/wp-content\/uploads\/2025\/09\/HPX_7600_Paint_Protection_Film-Comment_appliquer.mp4\">https:\/\/hpx.eu\/wp-content\/uploads\/2025\/09\/HPX_7600_Paint_Protection_Film-Comment_appliquer.mp4<\/a><\/video><\/div>\n<p>\u00a0<\/p>\n<h2>Comment appliquer le Film de Protection HPX<\/h2>\n<p><strong>Pr\u00e9paration \u2013 Outils n\u00e9cessaires<\/strong><\/p>\n<ul>\n<li>Film de Protection HPX<\/li>\n<li>Lingette de pr\u00e9paration HPX (incluse)<\/li>\n<li>Pulv\u00e9risateur avec solution eau + savon doux<\/li>\n<li>Ciseaux ou cutter<\/li>\n<li>Raclette (incluse)<\/li>\n<li>Chiffon propre et non pelucheux<\/li>\n<\/ul>\n<p><strong>\u00c9tape 1 : Pr\u00e9parer la forme<\/strong><\/p>\n<ul>\n<li>Marquez sur papier la zone \u00e0 prot\u00e9ger.<\/li>\n<li>D\u00e9coupez la forme et utilisez-la comme gabarit.<\/li>\n<li>Reportez le gabarit sur le c\u00f4t\u00e9 mat du film.<\/li>\n<li>Mesurez et d\u00e9coupez le film \u00e0 la longueur souhait\u00e9e.<\/li>\n<\/ul>\n<p><strong>\u00c9tape 2 : D\u00e9couper le film<\/strong><\/p>\n<ul>\n<li>D\u00e9coupez le film selon la forme.<\/li>\n<li>Arrondissez tous les angles pour \u00e9viter le d\u00e9collement.<\/li>\n<\/ul>\n<p><strong>\u00c9tape 3 : Nettoyer la surface<\/strong><\/p>\n<ul>\n<li>Nettoyez la zone avec la lingette de pr\u00e9paration HPX.<\/li>\n<li>Assurez-vous que la surface soit exempte de poussi\u00e8re, de graisse et de cire.<\/li>\n<\/ul>\n<p><strong>\u00c9tape 4 : Pulv\u00e9riser la solution<\/strong><\/p>\n<ul>\n<li>Pulv\u00e9risez g\u00e9n\u00e9reusement la solution eau-savon sur la surface du v\u00e9hicule.<\/li>\n<li>Retirez le film protecteur et vaporisez des deux c\u00f4t\u00e9s\u00a0 (\u00e9galement le c\u00f4t\u00e9 adh\u00e9sif)<\/li>\n<\/ul>\n<p><strong>\u00c9tape 5 : Poser le film<\/strong><\/p>\n<ul>\n<li>Placez le film sur la surface humide.<\/li>\n<li>La solution savonneuse facilite le repositionnement du film.<\/li>\n<\/ul>\n<p><strong>\u00c9tape 6 : Utiliser la raclette<\/strong><\/p>\n<ul>\n<li>\u00c0 partir du centre, chassez l\u2019eau et les bulles d\u2019air vers les bords.<\/li>\n<li>Travaillez soigneusement pour un r\u00e9sultat lisse et sans bulles.<\/li>\n<\/ul>\n<p><strong>\u00c9tape 7 : S\u00e9cher la zone<\/strong><\/p>\n<ul>\n<li>Utilisez un chiffon propre et non pelucheux pour essuyer l\u2019exc\u00e9dent d\u2019eau.<\/li>\n<\/ul>\n<p><strong>\u00c9tape 8 : Laisser adh\u00e9rer<\/strong><\/p>\n<ul>\n<li>Laissez le film se fixer pendant <strong>au moins 15 minutes avant de prendre la route<\/strong>.<\/li>\n<li>Attendez <strong>24 heures avant de laver le v\u00e9hicule<\/strong>.<\/li>\n<\/ul>\n<ol>\n<li style=\"list-style-type: none;\">\u00a0<\/li>\n<\/ol>\n<\/div>\n<\/div>\n","protected":false},"excerpt":{"rendered":"<p>\u00a0 Comment appliquer le Film de Protection HPX Pr\u00e9paration \u2013 Outils n\u00e9cessaires Film de Protection HPX Lingette de pr\u00e9paration HPX (incluse) Pulv\u00e9risateur avec solution eau + savon doux Ciseaux ou cutter Raclette (incluse) Chiffon propre et non pelucheux \u00c9tape 1 : Pr\u00e9parer la forme Marquez sur papier la zone \u00e0 prot\u00e9ger. D\u00e9coupez la forme et [&hellip;]<\/p>\n","protected":false},"author":1,"featured_media":0,"parent":0,"menu_order":0,"comment_status":"closed","ping_status":"closed","template":"","meta":{"_exactmetrics_skip_tracking":false,"_exactmetrics_sitenote_active":false,"_exactmetrics_sitenote_note":"","_exactmetrics_sitenote_category":0,"_monsterinsights_skip_tracking":false,"_monsterinsights_sitenote_active":false,"_monsterinsights_sitenote_note":"","_monsterinsights_sitenote_category":0,"_themeisle_gutenberg_block_has_review":false,"footnotes":""},"class_list":["post-175867","page","type-page","status-publish","hentry","post"],"yoast_head":"<!-- This site is optimized with the Yoast SEO plugin v27.3 - https:\/\/yoast.com\/product\/yoast-seo-wordpress\/ -->\n<title>Paint Protection Film - HPX<\/title>\n<meta name=\"robots\" content=\"index, follow, max-snippet:-1, max-image-preview:large, max-video-preview:-1\" \/>\n<link rel=\"canonical\" href=\"https:\/\/hpx.eu\/fr\/paint-protection-film\/\" \/>\n<meta property=\"og:locale\" content=\"fr_FR\" \/>\n<meta property=\"og:type\" content=\"article\" \/>\n<meta property=\"og:title\" content=\"Paint Protection Film - HPX\" \/>\n<meta property=\"og:description\" content=\"\u00a0 Comment appliquer le Film de Protection HPX Pr\u00e9paration \u2013 Outils n\u00e9cessaires Film de Protection HPX Lingette de pr\u00e9paration HPX (incluse) Pulv\u00e9risateur avec solution eau + savon doux Ciseaux ou cutter Raclette (incluse) Chiffon propre et non pelucheux \u00c9tape 1 : Pr\u00e9parer la forme Marquez sur papier la zone \u00e0 prot\u00e9ger. D\u00e9coupez la forme et [&hellip;]\" \/>\n<meta property=\"og:url\" content=\"https:\/\/hpx.eu\/fr\/paint-protection-film\/\" \/>\n<meta property=\"og:site_name\" content=\"HPX\" \/>\n<meta property=\"article:publisher\" content=\"https:\/\/www.facebook.com\/HPXtape\/\" \/>\n<meta property=\"article:modified_time\" content=\"2025-09-01T07:23:04+00:00\" \/>\n<meta name=\"twitter:card\" content=\"summary_large_image\" \/>\n<meta name=\"twitter:label1\" content=\"Dur\u00e9e de lecture estim\u00e9e\" \/>\n\t<meta name=\"twitter:data1\" content=\"2 minutes\" \/>\n<script type=\"application\/ld+json\" class=\"yoast-schema-graph\">{\"@context\":\"https:\\\/\\\/schema.org\",\"@graph\":[{\"@type\":\"WebPage\",\"@id\":\"https:\\\/\\\/hpx.eu\\\/fr\\\/paint-protection-film\\\/\",\"url\":\"https:\\\/\\\/hpx.eu\\\/fr\\\/paint-protection-film\\\/\",\"name\":\"Paint Protection Film - HPX\",\"isPartOf\":{\"@id\":\"http:\\\/\\\/hpx.eu\\\/fr\\\/#website\"},\"datePublished\":\"2025-09-01T07:23:01+00:00\",\"dateModified\":\"2025-09-01T07:23:04+00:00\",\"breadcrumb\":{\"@id\":\"https:\\\/\\\/hpx.eu\\\/fr\\\/paint-protection-film\\\/#breadcrumb\"},\"inLanguage\":\"fr-FR\",\"potentialAction\":[{\"@type\":\"ReadAction\",\"target\":[\"https:\\\/\\\/hpx.eu\\\/fr\\\/paint-protection-film\\\/\"]}]},{\"@type\":\"BreadcrumbList\",\"@id\":\"https:\\\/\\\/hpx.eu\\\/fr\\\/paint-protection-film\\\/#breadcrumb\",\"itemListElement\":[{\"@type\":\"ListItem\",\"position\":1,\"name\":\"Startseite\",\"item\":\"http:\\\/\\\/hpx.eu\\\/fr\\\/\"},{\"@type\":\"ListItem\",\"position\":2,\"name\":\"Paint Protection Film\"}]},{\"@type\":\"WebSite\",\"@id\":\"http:\\\/\\\/hpx.eu\\\/fr\\\/#website\",\"url\":\"http:\\\/\\\/hpx.eu\\\/fr\\\/\",\"name\":\"HPX\",\"description\":\"Tough Job, Tougher Tape\",\"publisher\":{\"@id\":\"http:\\\/\\\/hpx.eu\\\/fr\\\/#organization\"},\"potentialAction\":[{\"@type\":\"SearchAction\",\"target\":{\"@type\":\"EntryPoint\",\"urlTemplate\":\"http:\\\/\\\/hpx.eu\\\/fr\\\/?s={search_term_string}\"},\"query-input\":{\"@type\":\"PropertyValueSpecification\",\"valueRequired\":true,\"valueName\":\"search_term_string\"}}],\"inLanguage\":\"fr-FR\"},{\"@type\":\"Organization\",\"@id\":\"http:\\\/\\\/hpx.eu\\\/fr\\\/#organization\",\"name\":\"Option Tape Specialties\",\"url\":\"http:\\\/\\\/hpx.eu\\\/fr\\\/\",\"logo\":{\"@type\":\"ImageObject\",\"inLanguage\":\"fr-FR\",\"@id\":\"http:\\\/\\\/hpx.eu\\\/fr\\\/#\\\/schema\\\/logo\\\/image\\\/\",\"url\":\"\",\"contentUrl\":\"\",\"caption\":\"Option Tape Specialties\"},\"image\":{\"@id\":\"http:\\\/\\\/hpx.eu\\\/fr\\\/#\\\/schema\\\/logo\\\/image\\\/\"},\"sameAs\":[\"https:\\\/\\\/www.facebook.com\\\/HPXtape\\\/\",\"https:\\\/\\\/www.linkedin.com\\\/company\\\/2913311\\\/\",\"https:\\\/\\\/www.youtube.com\\\/channel\\\/UCCYnFjBGfKw8SPW1hMUCVFg\"]}]}<\/script>\n<!-- \/ Yoast SEO plugin. -->","yoast_head_json":{"title":"Paint Protection Film - HPX","robots":{"index":"index","follow":"follow","max-snippet":"max-snippet:-1","max-image-preview":"max-image-preview:large","max-video-preview":"max-video-preview:-1"},"canonical":"https:\/\/hpx.eu\/fr\/paint-protection-film\/","og_locale":"fr_FR","og_type":"article","og_title":"Paint Protection Film - HPX","og_description":"\u00a0 Comment appliquer le Film de Protection HPX Pr\u00e9paration \u2013 Outils n\u00e9cessaires Film de Protection HPX Lingette de pr\u00e9paration HPX (incluse) Pulv\u00e9risateur avec solution eau + savon doux Ciseaux ou cutter Raclette (incluse) Chiffon propre et non pelucheux \u00c9tape 1 : Pr\u00e9parer la forme Marquez sur papier la zone \u00e0 prot\u00e9ger. D\u00e9coupez la forme et [&hellip;]","og_url":"https:\/\/hpx.eu\/fr\/paint-protection-film\/","og_site_name":"HPX","article_publisher":"https:\/\/www.facebook.com\/HPXtape\/","article_modified_time":"2025-09-01T07:23:04+00:00","twitter_card":"summary_large_image","twitter_misc":{"Dur\u00e9e de lecture estim\u00e9e":"2 minutes"},"schema":{"@context":"https:\/\/schema.org","@graph":[{"@type":"WebPage","@id":"https:\/\/hpx.eu\/fr\/paint-protection-film\/","url":"https:\/\/hpx.eu\/fr\/paint-protection-film\/","name":"Paint Protection Film - HPX","isPartOf":{"@id":"https:\/\/hpx.eu\/fr\/#website"},"datePublished":"2025-09-01T07:23:01+00:00","dateModified":"2025-09-01T07:23:04+00:00","breadcrumb":{"@id":"https:\/\/hpx.eu\/fr\/paint-protection-film\/#breadcrumb"},"inLanguage":"fr-FR","potentialAction":[{"@type":"ReadAction","target":["https:\/\/hpx.eu\/fr\/paint-protection-film\/"]}]},{"@type":"BreadcrumbList","@id":"https:\/\/hpx.eu\/fr\/paint-protection-film\/#breadcrumb","itemListElement":[{"@type":"ListItem","position":1,"name":"Startseite","item":"https:\/\/hpx.eu\/fr\/"},{"@type":"ListItem","position":2,"name":"Paint Protection Film"}]},{"@type":"WebSite","@id":"https:\/\/hpx.eu\/fr\/#website","url":"https:\/\/hpx.eu\/fr\/","name":"HPX","description":"Tough Job, Tougher Tape","publisher":{"@id":"https:\/\/hpx.eu\/fr\/#organization"},"potentialAction":[{"@type":"SearchAction","target":{"@type":"EntryPoint","urlTemplate":"https:\/\/hpx.eu\/fr\/?s={search_term_string}"},"query-input":{"@type":"PropertyValueSpecification","valueRequired":true,"valueName":"search_term_string"}}],"inLanguage":"fr-FR"},{"@type":"Organization","@id":"https:\/\/hpx.eu\/fr\/#organization","name":"Option Tape Specialties","url":"https:\/\/hpx.eu\/fr\/","logo":{"@type":"ImageObject","inLanguage":"fr-FR","@id":"https:\/\/hpx.eu\/fr\/#\/schema\/logo\/image\/","url":"","contentUrl":"","caption":"Option Tape Specialties"},"image":{"@id":"https:\/\/hpx.eu\/fr\/#\/schema\/logo\/image\/"},"sameAs":["https:\/\/www.facebook.com\/HPXtape\/","https:\/\/www.linkedin.com\/company\/2913311\/","https:\/\/www.youtube.com\/channel\/UCCYnFjBGfKw8SPW1hMUCVFg"]}]}},"_links":{"self":[{"href":"https:\/\/hpx.eu\/fr\/wp-json\/wp\/v2\/pages\/175867","targetHints":{"allow":["GET"]}}],"collection":[{"href":"https:\/\/hpx.eu\/fr\/wp-json\/wp\/v2\/pages"}],"about":[{"href":"https:\/\/hpx.eu\/fr\/wp-json\/wp\/v2\/types\/page"}],"author":[{"embeddable":true,"href":"https:\/\/hpx.eu\/fr\/wp-json\/wp\/v2\/users\/1"}],"replies":[{"embeddable":true,"href":"https:\/\/hpx.eu\/fr\/wp-json\/wp\/v2\/comments?post=175867"}],"version-history":[{"count":1,"href":"https:\/\/hpx.eu\/fr\/wp-json\/wp\/v2\/pages\/175867\/revisions"}],"predecessor-version":[{"id":175891,"href":"https:\/\/hpx.eu\/fr\/wp-json\/wp\/v2\/pages\/175867\/revisions\/175891"}],"wp:attachment":[{"href":"https:\/\/hpx.eu\/fr\/wp-json\/wp\/v2\/media?parent=175867"}],"curies":[{"name":"wp","href":"https:\/\/api.w.org\/{rel}","templated":true}]}}