{"id":153671,"date":"2023-09-14T13:29:21","date_gmt":"2023-09-14T11:29:21","guid":{"rendered":"https:\/\/hpx.eu\/?page_id=153671"},"modified":"2023-09-14T13:36:20","modified_gmt":"2023-09-14T11:36:20","slug":"masking-4360-gold","status":"publish","type":"page","link":"https:\/\/hpx.eu\/fr\/masking-4360-gold\/","title":{"rendered":"MASKING 4360 GOLD"},"content":{"rendered":"<div id=\"Lecot\">\n<div class=\"right\">\n\t\t\t<img loading=\"lazy\" decoding=\"async\" src=\"https:\/\/hpx.eu\/wp-content\/uploads\/2023\/09\/EF2445-Masking_4300_Gold-orange-24mm_x_45m-5407004565620.jpg\" width=\"520\" height=\"520\" \/><\/div>\n<div class=\"product left\">\n<h1>MASKING 4360 GOLD<\/h1>\n<div>\n<ul class=\"product_UPS\">\n<li>Ruban de masquage \u201cgold\u201d de haute qualit\u00e9, pour les c\u00f4t\u00e9s extr\u00eamement aigus<\/li>\n<li>Bonne adh\u00e9sion au m\u00e9tal, au verre, aux mati\u00e8res synth\u00e9tiques et au caoutchouc<\/li>\n<li>R\u00e9sistant aux solvants<\/li>\n<li>R\u00e9sistant aux UV (sans transfert sur le support \u00e0 l\u2019enl\u00e8vement jusqu&rsquo;\u00e0 3 mois apr\u00e8s son application)<\/li>\n<li>Convient \u00e9galement comme ruban fine ligne pour les applications automobiles<\/li>\n<\/ul>\n<table class=\"product_table\">\n<thead>\n<tr>\n<th>R\u00e9f. Art.<\/th>\n<th>largeur<\/th>\n<th>longueur<\/th>\n<th>couleur<\/th>\n<th>Emb.<\/th>\n<th>Gencod<\/th>\n<\/tr>\n<\/thead>\n<tbody>\n<tr>\n<td>EF2445<\/td>\n<td>24 mm<\/td>\n<td>45 m<\/td>\n<td>orange<\/td>\n<td>36<\/td>\n<td>5407004565620<\/td>\n<\/tr>\n<tr>\n<td>EF3645<\/td>\n<td>36 mm<\/td>\n<td>45 m<\/td>\n<td>orange<\/td>\n<td>24<\/td>\n<td>5407004565644<\/td>\n<\/tr>\n<tr>\n<td>EF4845<\/td>\n<td>48 mm<\/td>\n<td>45 m<\/td>\n<td>orange<\/td>\n<td>16<\/td>\n<td>5407004565668<\/td>\n<\/tr>\n<\/tbody>\n<\/table>\n<div class=\"product_characteristics\">\n<p><b>Adh\u00e9sif: <\/b><span>acrylique<\/span><\/p>\n<p><b>Support: <\/b><span>papier washi<\/span><\/p>\n<p><b>Tenue en temp\u00e9rature: <\/b><span>100&deg;C (temporairement jusqu&rsquo;\u00e0 120&deg;C)<\/span><\/p>\n<p><b>Charge de rupture: <\/b><span>7 N\/25 mm<\/span><\/p>\n<p><b>Pouvoir adh\u00e9sif: <\/b><span>3,75 N\/25 mm<\/span><\/p>\n<p><b>Epaisseur: <\/b><span>0,09 mm<\/span><\/p>\n<\/div>\n<\/div>\n<\/div>\n<\/div>\n","protected":false},"excerpt":{"rendered":"<p>MASKING 4360 GOLD Ruban de masquage \u201cgold\u201d de haute qualit\u00e9, pour les c\u00f4t\u00e9s extr\u00eamement aigus Bonne adh\u00e9sion au m\u00e9tal, au verre, aux mati\u00e8res synth\u00e9tiques et au caoutchouc R\u00e9sistant aux solvants R\u00e9sistant aux UV (sans transfert sur le support \u00e0 l\u2019enl\u00e8vement jusqu&rsquo;\u00e0 3 mois apr\u00e8s son application) Convient \u00e9galement comme ruban fine ligne pour les applications [&hellip;]<\/p>\n","protected":false},"author":1,"featured_media":0,"parent":0,"menu_order":0,"comment_status":"closed","ping_status":"closed","template":"","meta":{"_exactmetrics_skip_tracking":false,"_exactmetrics_sitenote_active":false,"_exactmetrics_sitenote_note":"","_exactmetrics_sitenote_category":0,"_monsterinsights_skip_tracking":false,"_monsterinsights_sitenote_active":false,"_monsterinsights_sitenote_note":"","_monsterinsights_sitenote_category":0,"_themeisle_gutenberg_block_has_review":false,"footnotes":""},"class_list":["post-153671","page","type-page","status-publish","hentry","post"],"yoast_head":"<!-- This site is optimized with the Yoast SEO plugin v27.3 - https:\/\/yoast.com\/product\/yoast-seo-wordpress\/ -->\n<title>MASKING 4360 GOLD - HPX<\/title>\n<meta name=\"robots\" content=\"index, follow, max-snippet:-1, max-image-preview:large, max-video-preview:-1\" \/>\n<link rel=\"canonical\" href=\"https:\/\/hpx.eu\/fr\/masking-4360-gold\/\" \/>\n<meta property=\"og:locale\" content=\"fr_FR\" \/>\n<meta property=\"og:type\" content=\"article\" \/>\n<meta property=\"og:title\" content=\"MASKING 4360 GOLD - HPX\" \/>\n<meta property=\"og:description\" content=\"MASKING 4360 GOLD Ruban de masquage \u201cgold\u201d de haute qualit\u00e9, pour les c\u00f4t\u00e9s extr\u00eamement aigus Bonne adh\u00e9sion au m\u00e9tal, au verre, aux mati\u00e8res synth\u00e9tiques et au caoutchouc R\u00e9sistant aux solvants R\u00e9sistant aux UV (sans transfert sur le support \u00e0 l\u2019enl\u00e8vement jusqu&rsquo;\u00e0 3 mois apr\u00e8s son application) Convient \u00e9galement comme ruban fine ligne pour les applications [&hellip;]\" \/>\n<meta property=\"og:url\" content=\"https:\/\/hpx.eu\/fr\/masking-4360-gold\/\" \/>\n<meta property=\"og:site_name\" content=\"HPX\" \/>\n<meta property=\"article:publisher\" content=\"https:\/\/www.facebook.com\/HPXtape\/\" \/>\n<meta property=\"article:modified_time\" content=\"2023-09-14T11:36:20+00:00\" \/>\n<meta property=\"og:image\" content=\"https:\/\/hpx.eu\/wp-content\/uploads\/2023\/09\/EF2445-Masking_4300_Gold-orange-24mm_x_45m-5407004565620.jpg\" \/>\n<meta name=\"twitter:card\" content=\"summary_large_image\" \/>\n<meta name=\"twitter:label1\" content=\"Dur\u00e9e de lecture estim\u00e9e\" \/>\n\t<meta name=\"twitter:data1\" content=\"1 minute\" \/>\n<script type=\"application\/ld+json\" class=\"yoast-schema-graph\">{\"@context\":\"https:\\\/\\\/schema.org\",\"@graph\":[{\"@type\":\"WebPage\",\"@id\":\"https:\\\/\\\/hpx.eu\\\/fr\\\/masking-4360-gold\\\/\",\"url\":\"https:\\\/\\\/hpx.eu\\\/fr\\\/masking-4360-gold\\\/\",\"name\":\"MASKING 4360 GOLD - HPX\",\"isPartOf\":{\"@id\":\"http:\\\/\\\/hpx.eu\\\/fr\\\/#website\"},\"primaryImageOfPage\":{\"@id\":\"https:\\\/\\\/hpx.eu\\\/fr\\\/masking-4360-gold\\\/#primaryimage\"},\"image\":{\"@id\":\"https:\\\/\\\/hpx.eu\\\/fr\\\/masking-4360-gold\\\/#primaryimage\"},\"thumbnailUrl\":\"https:\\\/\\\/hpx.eu\\\/wp-content\\\/uploads\\\/2023\\\/09\\\/EF2445-Masking_4300_Gold-orange-24mm_x_45m-5407004565620.jpg\",\"datePublished\":\"2023-09-14T11:29:21+00:00\",\"dateModified\":\"2023-09-14T11:36:20+00:00\",\"breadcrumb\":{\"@id\":\"https:\\\/\\\/hpx.eu\\\/fr\\\/masking-4360-gold\\\/#breadcrumb\"},\"inLanguage\":\"fr-FR\",\"potentialAction\":[{\"@type\":\"ReadAction\",\"target\":[\"https:\\\/\\\/hpx.eu\\\/fr\\\/masking-4360-gold\\\/\"]}]},{\"@type\":\"ImageObject\",\"inLanguage\":\"fr-FR\",\"@id\":\"https:\\\/\\\/hpx.eu\\\/fr\\\/masking-4360-gold\\\/#primaryimage\",\"url\":\"https:\\\/\\\/hpx.eu\\\/wp-content\\\/uploads\\\/2023\\\/09\\\/EF2445-Masking_4300_Gold-orange-24mm_x_45m-5407004565620.jpg\",\"contentUrl\":\"https:\\\/\\\/hpx.eu\\\/wp-content\\\/uploads\\\/2023\\\/09\\\/EF2445-Masking_4300_Gold-orange-24mm_x_45m-5407004565620.jpg\"},{\"@type\":\"BreadcrumbList\",\"@id\":\"https:\\\/\\\/hpx.eu\\\/fr\\\/masking-4360-gold\\\/#breadcrumb\",\"itemListElement\":[{\"@type\":\"ListItem\",\"position\":1,\"name\":\"Startseite\",\"item\":\"http:\\\/\\\/hpx.eu\\\/fr\\\/\"},{\"@type\":\"ListItem\",\"position\":2,\"name\":\"MASKING 4360 GOLD\"}]},{\"@type\":\"WebSite\",\"@id\":\"http:\\\/\\\/hpx.eu\\\/fr\\\/#website\",\"url\":\"http:\\\/\\\/hpx.eu\\\/fr\\\/\",\"name\":\"HPX\",\"description\":\"Tough Job, Tougher Tape\",\"publisher\":{\"@id\":\"http:\\\/\\\/hpx.eu\\\/fr\\\/#organization\"},\"potentialAction\":[{\"@type\":\"SearchAction\",\"target\":{\"@type\":\"EntryPoint\",\"urlTemplate\":\"http:\\\/\\\/hpx.eu\\\/fr\\\/?s={search_term_string}\"},\"query-input\":{\"@type\":\"PropertyValueSpecification\",\"valueRequired\":true,\"valueName\":\"search_term_string\"}}],\"inLanguage\":\"fr-FR\"},{\"@type\":\"Organization\",\"@id\":\"http:\\\/\\\/hpx.eu\\\/fr\\\/#organization\",\"name\":\"Option Tape Specialties\",\"url\":\"http:\\\/\\\/hpx.eu\\\/fr\\\/\",\"logo\":{\"@type\":\"ImageObject\",\"inLanguage\":\"fr-FR\",\"@id\":\"http:\\\/\\\/hpx.eu\\\/fr\\\/#\\\/schema\\\/logo\\\/image\\\/\",\"url\":\"\",\"contentUrl\":\"\",\"caption\":\"Option Tape Specialties\"},\"image\":{\"@id\":\"http:\\\/\\\/hpx.eu\\\/fr\\\/#\\\/schema\\\/logo\\\/image\\\/\"},\"sameAs\":[\"https:\\\/\\\/www.facebook.com\\\/HPXtape\\\/\",\"https:\\\/\\\/www.linkedin.com\\\/company\\\/2913311\\\/\",\"https:\\\/\\\/www.youtube.com\\\/channel\\\/UCCYnFjBGfKw8SPW1hMUCVFg\"]}]}<\/script>\n<!-- \/ Yoast SEO plugin. -->","yoast_head_json":{"title":"MASKING 4360 GOLD - HPX","robots":{"index":"index","follow":"follow","max-snippet":"max-snippet:-1","max-image-preview":"max-image-preview:large","max-video-preview":"max-video-preview:-1"},"canonical":"https:\/\/hpx.eu\/fr\/masking-4360-gold\/","og_locale":"fr_FR","og_type":"article","og_title":"MASKING 4360 GOLD - HPX","og_description":"MASKING 4360 GOLD Ruban de masquage \u201cgold\u201d de haute qualit\u00e9, pour les c\u00f4t\u00e9s extr\u00eamement aigus Bonne adh\u00e9sion au m\u00e9tal, au verre, aux mati\u00e8res synth\u00e9tiques et au caoutchouc R\u00e9sistant aux solvants R\u00e9sistant aux UV (sans transfert sur le support \u00e0 l\u2019enl\u00e8vement jusqu&rsquo;\u00e0 3 mois apr\u00e8s son application) Convient \u00e9galement comme ruban fine ligne pour les applications [&hellip;]","og_url":"https:\/\/hpx.eu\/fr\/masking-4360-gold\/","og_site_name":"HPX","article_publisher":"https:\/\/www.facebook.com\/HPXtape\/","article_modified_time":"2023-09-14T11:36:20+00:00","og_image":[{"url":"https:\/\/hpx.eu\/wp-content\/uploads\/2023\/09\/EF2445-Masking_4300_Gold-orange-24mm_x_45m-5407004565620.jpg","type":"","width":"","height":""}],"twitter_card":"summary_large_image","twitter_misc":{"Dur\u00e9e de lecture estim\u00e9e":"1 minute"},"schema":{"@context":"https:\/\/schema.org","@graph":[{"@type":"WebPage","@id":"https:\/\/hpx.eu\/fr\/masking-4360-gold\/","url":"https:\/\/hpx.eu\/fr\/masking-4360-gold\/","name":"MASKING 4360 GOLD - HPX","isPartOf":{"@id":"https:\/\/hpx.eu\/fr\/#website"},"primaryImageOfPage":{"@id":"https:\/\/hpx.eu\/fr\/masking-4360-gold\/#primaryimage"},"image":{"@id":"https:\/\/hpx.eu\/fr\/masking-4360-gold\/#primaryimage"},"thumbnailUrl":"https:\/\/hpx.eu\/wp-content\/uploads\/2023\/09\/EF2445-Masking_4300_Gold-orange-24mm_x_45m-5407004565620.jpg","datePublished":"2023-09-14T11:29:21+00:00","dateModified":"2023-09-14T11:36:20+00:00","breadcrumb":{"@id":"https:\/\/hpx.eu\/fr\/masking-4360-gold\/#breadcrumb"},"inLanguage":"fr-FR","potentialAction":[{"@type":"ReadAction","target":["https:\/\/hpx.eu\/fr\/masking-4360-gold\/"]}]},{"@type":"ImageObject","inLanguage":"fr-FR","@id":"https:\/\/hpx.eu\/fr\/masking-4360-gold\/#primaryimage","url":"https:\/\/hpx.eu\/wp-content\/uploads\/2023\/09\/EF2445-Masking_4300_Gold-orange-24mm_x_45m-5407004565620.jpg","contentUrl":"https:\/\/hpx.eu\/wp-content\/uploads\/2023\/09\/EF2445-Masking_4300_Gold-orange-24mm_x_45m-5407004565620.jpg"},{"@type":"BreadcrumbList","@id":"https:\/\/hpx.eu\/fr\/masking-4360-gold\/#breadcrumb","itemListElement":[{"@type":"ListItem","position":1,"name":"Startseite","item":"https:\/\/hpx.eu\/fr\/"},{"@type":"ListItem","position":2,"name":"MASKING 4360 GOLD"}]},{"@type":"WebSite","@id":"https:\/\/hpx.eu\/fr\/#website","url":"https:\/\/hpx.eu\/fr\/","name":"HPX","description":"Tough Job, Tougher Tape","publisher":{"@id":"https:\/\/hpx.eu\/fr\/#organization"},"potentialAction":[{"@type":"SearchAction","target":{"@type":"EntryPoint","urlTemplate":"https:\/\/hpx.eu\/fr\/?s={search_term_string}"},"query-input":{"@type":"PropertyValueSpecification","valueRequired":true,"valueName":"search_term_string"}}],"inLanguage":"fr-FR"},{"@type":"Organization","@id":"https:\/\/hpx.eu\/fr\/#organization","name":"Option Tape Specialties","url":"https:\/\/hpx.eu\/fr\/","logo":{"@type":"ImageObject","inLanguage":"fr-FR","@id":"https:\/\/hpx.eu\/fr\/#\/schema\/logo\/image\/","url":"","contentUrl":"","caption":"Option Tape Specialties"},"image":{"@id":"https:\/\/hpx.eu\/fr\/#\/schema\/logo\/image\/"},"sameAs":["https:\/\/www.facebook.com\/HPXtape\/","https:\/\/www.linkedin.com\/company\/2913311\/","https:\/\/www.youtube.com\/channel\/UCCYnFjBGfKw8SPW1hMUCVFg"]}]}},"_links":{"self":[{"href":"https:\/\/hpx.eu\/fr\/wp-json\/wp\/v2\/pages\/153671","targetHints":{"allow":["GET"]}}],"collection":[{"href":"https:\/\/hpx.eu\/fr\/wp-json\/wp\/v2\/pages"}],"about":[{"href":"https:\/\/hpx.eu\/fr\/wp-json\/wp\/v2\/types\/page"}],"author":[{"embeddable":true,"href":"https:\/\/hpx.eu\/fr\/wp-json\/wp\/v2\/users\/1"}],"replies":[{"embeddable":true,"href":"https:\/\/hpx.eu\/fr\/wp-json\/wp\/v2\/comments?post=153671"}],"version-history":[{"count":2,"href":"https:\/\/hpx.eu\/fr\/wp-json\/wp\/v2\/pages\/153671\/revisions"}],"predecessor-version":[{"id":153683,"href":"https:\/\/hpx.eu\/fr\/wp-json\/wp\/v2\/pages\/153671\/revisions\/153683"}],"wp:attachment":[{"href":"https:\/\/hpx.eu\/fr\/wp-json\/wp\/v2\/media?parent=153671"}],"curies":[{"name":"wp","href":"https:\/\/api.w.org\/{rel}","templated":true}]}}