{"id":153219,"date":"2023-08-10T14:00:56","date_gmt":"2023-08-10T12:00:56","guid":{"rendered":"https:\/\/hpx.eu\/?page_id=153219"},"modified":"2023-08-10T14:01:42","modified_gmt":"2023-08-10T12:01:42","slug":"masking-4760-sensitive","status":"publish","type":"page","link":"https:\/\/hpx.eu\/fr\/masking-4760-sensitive\/","title":{"rendered":"MASKING 4760 SENSITIVE"},"content":{"rendered":"<div id=\"Lecot\">\n<div class=\"right\">\n\t\t\t<img loading=\"lazy\" decoding=\"async\" src=\"https:\/\/hpx.eu\/wp-content\/uploads\/2023\/08\/PW2445-Masking_4760_Sensitive-purple-24mm_x_45m-5407004565569.jpg\" width=\"520\" height=\"520\" \/><\/div>\n<div class=\"product left\">\n<h1>MASKING 4760 SENSITIVE<\/h1>\n<div>\n<ul class=\"product_UPS\">\n<li>Ruban de masquage pour les cloisons s\u00e8ches, le papier peint, les couches peinture r\u00e9centes et autres supports d\u00e9licats<\/li>\n<li>Convient pour les applications g\u00e9n\u00e9rales et de peinture, o\u00f9 une faible adh\u00e9rence mais une haute qualit\u00e9 de ruban sont exig\u00e9es<\/li>\n<\/ul>\n<table class=\"product_table\">\n<thead>\n<tr>\n<th>R\u00e9f. Art.<\/th>\n<th>largeur<\/th>\n<th>longueur<\/th>\n<th>couleur<\/th>\n<th>Emb.<\/th>\n<th>Gencod<\/th>\n<\/tr>\n<\/thead>\n<tbody>\n<tr>\n<td>PW2445<\/td>\n<td>24 mm<\/td>\n<td>45 m<\/td>\n<td>violet<\/td>\n<td>36<\/td>\n<td>5407004565569<\/td>\n<\/tr>\n<tr>\n<td>PW3645<\/td>\n<td>36 mm<\/td>\n<td>45 m<\/td>\n<td>violet<\/td>\n<td>24<\/td>\n<td>5407004565583<\/td>\n<\/tr>\n<tr>\n<td>PW4845<\/td>\n<td>48 mm<\/td>\n<td>45 m<\/td>\n<td>violet<\/td>\n<td>16<\/td>\n<td>5407004565606<\/td>\n<\/tr>\n<\/tbody>\n<\/table>\n<div class=\"product_characteristics\">\n<p><b>Adh\u00e9sif: <\/b><span>acrylique<\/span><\/p>\n<p><b>Support: <\/b><span>papier washi<\/span><\/p>\n<p><b>Tenue en temp\u00e9rature: <\/b><span>60&deg;C<\/span><\/p>\n<p><b>Charge de rupture: <\/b><span>102,5 N\/25 mm<\/span><\/p>\n<p><b>Pouvoir adh\u00e9sif: <\/b><span>2 N\/25 mm<\/span><\/p>\n<p><b>Epaisseur: <\/b><span>0,07 mm<\/span><\/p>\n<\/div>\n<\/div>\n<\/div>\n<\/div>\n","protected":false},"excerpt":{"rendered":"<p>MASKING 4760 SENSITIVE Ruban de masquage pour les cloisons s\u00e8ches, le papier peint, les couches peinture r\u00e9centes et autres supports d\u00e9licats Convient pour les applications g\u00e9n\u00e9rales et de peinture, o\u00f9 une faible adh\u00e9rence mais une haute qualit\u00e9 de ruban sont exig\u00e9es R\u00e9f. Art. largeur longueur couleur Emb. Gencod PW2445 24 mm 45 m violet 36 [&hellip;]<\/p>\n","protected":false},"author":1,"featured_media":0,"parent":0,"menu_order":0,"comment_status":"closed","ping_status":"closed","template":"","meta":{"_exactmetrics_skip_tracking":false,"_exactmetrics_sitenote_active":false,"_exactmetrics_sitenote_note":"","_exactmetrics_sitenote_category":0,"_monsterinsights_skip_tracking":false,"_monsterinsights_sitenote_active":false,"_monsterinsights_sitenote_note":"","_monsterinsights_sitenote_category":0,"_themeisle_gutenberg_block_has_review":false,"footnotes":""},"class_list":["post-153219","page","type-page","status-publish","hentry","post"],"yoast_head":"<!-- This site is optimized with the Yoast SEO plugin v27.3 - https:\/\/yoast.com\/product\/yoast-seo-wordpress\/ -->\n<title>MASKING 4760 SENSITIVE - HPX<\/title>\n<meta name=\"robots\" content=\"index, follow, max-snippet:-1, max-image-preview:large, max-video-preview:-1\" \/>\n<link rel=\"canonical\" href=\"https:\/\/hpx.eu\/fr\/masking-4760-sensitive\/\" \/>\n<meta property=\"og:locale\" content=\"fr_FR\" \/>\n<meta property=\"og:type\" content=\"article\" \/>\n<meta property=\"og:title\" content=\"MASKING 4760 SENSITIVE - HPX\" \/>\n<meta property=\"og:description\" content=\"MASKING 4760 SENSITIVE Ruban de masquage pour les cloisons s\u00e8ches, le papier peint, les couches peinture r\u00e9centes et autres supports d\u00e9licats Convient pour les applications g\u00e9n\u00e9rales et de peinture, o\u00f9 une faible adh\u00e9rence mais une haute qualit\u00e9 de ruban sont exig\u00e9es R\u00e9f. Art. largeur longueur couleur Emb. Gencod PW2445 24 mm 45 m violet 36 [&hellip;]\" \/>\n<meta property=\"og:url\" content=\"https:\/\/hpx.eu\/fr\/masking-4760-sensitive\/\" \/>\n<meta property=\"og:site_name\" content=\"HPX\" \/>\n<meta property=\"article:publisher\" content=\"https:\/\/www.facebook.com\/HPXtape\/\" \/>\n<meta property=\"article:modified_time\" content=\"2023-08-10T12:01:42+00:00\" \/>\n<meta property=\"og:image\" content=\"https:\/\/hpx.eu\/wp-content\/uploads\/2023\/08\/PW2445-Masking_4760_Sensitive-purple-24mm_x_45m-5407004565569.jpg\" \/>\n<meta name=\"twitter:card\" content=\"summary_large_image\" \/>\n<meta name=\"twitter:label1\" content=\"Dur\u00e9e de lecture estim\u00e9e\" \/>\n\t<meta name=\"twitter:data1\" content=\"1 minute\" \/>\n<script type=\"application\/ld+json\" class=\"yoast-schema-graph\">{\"@context\":\"https:\\\/\\\/schema.org\",\"@graph\":[{\"@type\":\"WebPage\",\"@id\":\"https:\\\/\\\/hpx.eu\\\/fr\\\/masking-4760-sensitive\\\/\",\"url\":\"https:\\\/\\\/hpx.eu\\\/fr\\\/masking-4760-sensitive\\\/\",\"name\":\"MASKING 4760 SENSITIVE - HPX\",\"isPartOf\":{\"@id\":\"http:\\\/\\\/hpx.eu\\\/fr\\\/#website\"},\"primaryImageOfPage\":{\"@id\":\"https:\\\/\\\/hpx.eu\\\/fr\\\/masking-4760-sensitive\\\/#primaryimage\"},\"image\":{\"@id\":\"https:\\\/\\\/hpx.eu\\\/fr\\\/masking-4760-sensitive\\\/#primaryimage\"},\"thumbnailUrl\":\"https:\\\/\\\/hpx.eu\\\/wp-content\\\/uploads\\\/2023\\\/08\\\/PW2445-Masking_4760_Sensitive-purple-24mm_x_45m-5407004565569.jpg\",\"datePublished\":\"2023-08-10T12:00:56+00:00\",\"dateModified\":\"2023-08-10T12:01:42+00:00\",\"breadcrumb\":{\"@id\":\"https:\\\/\\\/hpx.eu\\\/fr\\\/masking-4760-sensitive\\\/#breadcrumb\"},\"inLanguage\":\"fr-FR\",\"potentialAction\":[{\"@type\":\"ReadAction\",\"target\":[\"https:\\\/\\\/hpx.eu\\\/fr\\\/masking-4760-sensitive\\\/\"]}]},{\"@type\":\"ImageObject\",\"inLanguage\":\"fr-FR\",\"@id\":\"https:\\\/\\\/hpx.eu\\\/fr\\\/masking-4760-sensitive\\\/#primaryimage\",\"url\":\"https:\\\/\\\/hpx.eu\\\/wp-content\\\/uploads\\\/2023\\\/08\\\/PW2445-Masking_4760_Sensitive-purple-24mm_x_45m-5407004565569.jpg\",\"contentUrl\":\"https:\\\/\\\/hpx.eu\\\/wp-content\\\/uploads\\\/2023\\\/08\\\/PW2445-Masking_4760_Sensitive-purple-24mm_x_45m-5407004565569.jpg\"},{\"@type\":\"BreadcrumbList\",\"@id\":\"https:\\\/\\\/hpx.eu\\\/fr\\\/masking-4760-sensitive\\\/#breadcrumb\",\"itemListElement\":[{\"@type\":\"ListItem\",\"position\":1,\"name\":\"Startseite\",\"item\":\"http:\\\/\\\/hpx.eu\\\/fr\\\/\"},{\"@type\":\"ListItem\",\"position\":2,\"name\":\"MASKING 4760 SENSITIVE\"}]},{\"@type\":\"WebSite\",\"@id\":\"http:\\\/\\\/hpx.eu\\\/fr\\\/#website\",\"url\":\"http:\\\/\\\/hpx.eu\\\/fr\\\/\",\"name\":\"HPX\",\"description\":\"Tough Job, Tougher Tape\",\"publisher\":{\"@id\":\"http:\\\/\\\/hpx.eu\\\/fr\\\/#organization\"},\"potentialAction\":[{\"@type\":\"SearchAction\",\"target\":{\"@type\":\"EntryPoint\",\"urlTemplate\":\"http:\\\/\\\/hpx.eu\\\/fr\\\/?s={search_term_string}\"},\"query-input\":{\"@type\":\"PropertyValueSpecification\",\"valueRequired\":true,\"valueName\":\"search_term_string\"}}],\"inLanguage\":\"fr-FR\"},{\"@type\":\"Organization\",\"@id\":\"http:\\\/\\\/hpx.eu\\\/fr\\\/#organization\",\"name\":\"Option Tape Specialties\",\"url\":\"http:\\\/\\\/hpx.eu\\\/fr\\\/\",\"logo\":{\"@type\":\"ImageObject\",\"inLanguage\":\"fr-FR\",\"@id\":\"http:\\\/\\\/hpx.eu\\\/fr\\\/#\\\/schema\\\/logo\\\/image\\\/\",\"url\":\"\",\"contentUrl\":\"\",\"caption\":\"Option Tape Specialties\"},\"image\":{\"@id\":\"http:\\\/\\\/hpx.eu\\\/fr\\\/#\\\/schema\\\/logo\\\/image\\\/\"},\"sameAs\":[\"https:\\\/\\\/www.facebook.com\\\/HPXtape\\\/\",\"https:\\\/\\\/www.linkedin.com\\\/company\\\/2913311\\\/\",\"https:\\\/\\\/www.youtube.com\\\/channel\\\/UCCYnFjBGfKw8SPW1hMUCVFg\"]}]}<\/script>\n<!-- \/ Yoast SEO plugin. -->","yoast_head_json":{"title":"MASKING 4760 SENSITIVE - HPX","robots":{"index":"index","follow":"follow","max-snippet":"max-snippet:-1","max-image-preview":"max-image-preview:large","max-video-preview":"max-video-preview:-1"},"canonical":"https:\/\/hpx.eu\/fr\/masking-4760-sensitive\/","og_locale":"fr_FR","og_type":"article","og_title":"MASKING 4760 SENSITIVE - HPX","og_description":"MASKING 4760 SENSITIVE Ruban de masquage pour les cloisons s\u00e8ches, le papier peint, les couches peinture r\u00e9centes et autres supports d\u00e9licats Convient pour les applications g\u00e9n\u00e9rales et de peinture, o\u00f9 une faible adh\u00e9rence mais une haute qualit\u00e9 de ruban sont exig\u00e9es R\u00e9f. Art. largeur longueur couleur Emb. Gencod PW2445 24 mm 45 m violet 36 [&hellip;]","og_url":"https:\/\/hpx.eu\/fr\/masking-4760-sensitive\/","og_site_name":"HPX","article_publisher":"https:\/\/www.facebook.com\/HPXtape\/","article_modified_time":"2023-08-10T12:01:42+00:00","og_image":[{"url":"https:\/\/hpx.eu\/wp-content\/uploads\/2023\/08\/PW2445-Masking_4760_Sensitive-purple-24mm_x_45m-5407004565569.jpg","type":"","width":"","height":""}],"twitter_card":"summary_large_image","twitter_misc":{"Dur\u00e9e de lecture estim\u00e9e":"1 minute"},"schema":{"@context":"https:\/\/schema.org","@graph":[{"@type":"WebPage","@id":"https:\/\/hpx.eu\/fr\/masking-4760-sensitive\/","url":"https:\/\/hpx.eu\/fr\/masking-4760-sensitive\/","name":"MASKING 4760 SENSITIVE - HPX","isPartOf":{"@id":"https:\/\/hpx.eu\/fr\/#website"},"primaryImageOfPage":{"@id":"https:\/\/hpx.eu\/fr\/masking-4760-sensitive\/#primaryimage"},"image":{"@id":"https:\/\/hpx.eu\/fr\/masking-4760-sensitive\/#primaryimage"},"thumbnailUrl":"https:\/\/hpx.eu\/wp-content\/uploads\/2023\/08\/PW2445-Masking_4760_Sensitive-purple-24mm_x_45m-5407004565569.jpg","datePublished":"2023-08-10T12:00:56+00:00","dateModified":"2023-08-10T12:01:42+00:00","breadcrumb":{"@id":"https:\/\/hpx.eu\/fr\/masking-4760-sensitive\/#breadcrumb"},"inLanguage":"fr-FR","potentialAction":[{"@type":"ReadAction","target":["https:\/\/hpx.eu\/fr\/masking-4760-sensitive\/"]}]},{"@type":"ImageObject","inLanguage":"fr-FR","@id":"https:\/\/hpx.eu\/fr\/masking-4760-sensitive\/#primaryimage","url":"https:\/\/hpx.eu\/wp-content\/uploads\/2023\/08\/PW2445-Masking_4760_Sensitive-purple-24mm_x_45m-5407004565569.jpg","contentUrl":"https:\/\/hpx.eu\/wp-content\/uploads\/2023\/08\/PW2445-Masking_4760_Sensitive-purple-24mm_x_45m-5407004565569.jpg"},{"@type":"BreadcrumbList","@id":"https:\/\/hpx.eu\/fr\/masking-4760-sensitive\/#breadcrumb","itemListElement":[{"@type":"ListItem","position":1,"name":"Startseite","item":"https:\/\/hpx.eu\/fr\/"},{"@type":"ListItem","position":2,"name":"MASKING 4760 SENSITIVE"}]},{"@type":"WebSite","@id":"https:\/\/hpx.eu\/fr\/#website","url":"https:\/\/hpx.eu\/fr\/","name":"HPX","description":"Tough Job, Tougher Tape","publisher":{"@id":"https:\/\/hpx.eu\/fr\/#organization"},"potentialAction":[{"@type":"SearchAction","target":{"@type":"EntryPoint","urlTemplate":"https:\/\/hpx.eu\/fr\/?s={search_term_string}"},"query-input":{"@type":"PropertyValueSpecification","valueRequired":true,"valueName":"search_term_string"}}],"inLanguage":"fr-FR"},{"@type":"Organization","@id":"https:\/\/hpx.eu\/fr\/#organization","name":"Option Tape Specialties","url":"https:\/\/hpx.eu\/fr\/","logo":{"@type":"ImageObject","inLanguage":"fr-FR","@id":"https:\/\/hpx.eu\/fr\/#\/schema\/logo\/image\/","url":"","contentUrl":"","caption":"Option Tape Specialties"},"image":{"@id":"https:\/\/hpx.eu\/fr\/#\/schema\/logo\/image\/"},"sameAs":["https:\/\/www.facebook.com\/HPXtape\/","https:\/\/www.linkedin.com\/company\/2913311\/","https:\/\/www.youtube.com\/channel\/UCCYnFjBGfKw8SPW1hMUCVFg"]}]}},"_links":{"self":[{"href":"https:\/\/hpx.eu\/fr\/wp-json\/wp\/v2\/pages\/153219","targetHints":{"allow":["GET"]}}],"collection":[{"href":"https:\/\/hpx.eu\/fr\/wp-json\/wp\/v2\/pages"}],"about":[{"href":"https:\/\/hpx.eu\/fr\/wp-json\/wp\/v2\/types\/page"}],"author":[{"embeddable":true,"href":"https:\/\/hpx.eu\/fr\/wp-json\/wp\/v2\/users\/1"}],"replies":[{"embeddable":true,"href":"https:\/\/hpx.eu\/fr\/wp-json\/wp\/v2\/comments?post=153219"}],"version-history":[{"count":1,"href":"https:\/\/hpx.eu\/fr\/wp-json\/wp\/v2\/pages\/153219\/revisions"}],"predecessor-version":[{"id":153221,"href":"https:\/\/hpx.eu\/fr\/wp-json\/wp\/v2\/pages\/153219\/revisions\/153221"}],"wp:attachment":[{"href":"https:\/\/hpx.eu\/fr\/wp-json\/wp\/v2\/media?parent=153219"}],"curies":[{"name":"wp","href":"https:\/\/api.w.org\/{rel}","templated":true}]}}