{"id":110029,"date":"2021-09-30T08:35:19","date_gmt":"2021-09-30T06:35:19","guid":{"rendered":"https:\/\/hpx.eu\/?page_id=110029"},"modified":"2023-01-26T11:31:38","modified_gmt":"2023-01-26T10:31:38","slug":"double-sided-cloth-tape","status":"publish","type":"page","link":"https:\/\/hpx.eu\/fr\/double-sided-cloth-tape\/","title":{"rendered":"Double Sided Cloth Tape"},"content":{"rendered":"<div id=\"Lecot\">\n<div class=\"product left\">\n<h1>HPX DOUBLE SIDED CLOTH TAPE<\/h1>\n<div>\n<p><b>HPX DOUBLE SIDED CLOTH TAPE  est un ruban adh\u00e9sif double face toil\u00e9, pr\u00e9sentant une colle \u00e0 base de caoutchouc tr\u00e8s performante, sensible \u00e0 la pression et un protecteur en glassine. La masse adh\u00e9sive sur la face expos\u00e9e permet un enl\u00e8vement facile et sans r\u00e9sidu sur beaucoup de surfaces.<\/b><\/p>\n<ul class=\"product_UPS\">\n<li>Installation temporaire de tapis lors de conf\u00e9rences ou salons (forte adh\u00e9rence et enl\u00e8vement facile)<\/li>\n<li>Surfaces de sol en PVC et tapis avec couche arri\u00e8re en PVC.<\/li>\n<li>Fixation de conduits de c\u00e2bles t\u00e9l\u00e9phoniques.<\/li>\n<\/ul>\n<table class=\"product_table\">\n<thead>\n<tr>\n<th>R\u00e9f. Art.<\/th>\n<th>largeur<\/th>\n<th>longueur<\/th>\n<th>couleur<\/th>\n<th>Emb.<\/th>\n<th>Gencod<\/th>\n<\/tr>\n<\/thead>\n<tbody>\n<tr>\n<td>DZ1950<\/td>\n<td>19 mm<\/td>\n<td>50 m<\/td>\n<td>blanc<\/td>\n<td>42<\/td>\n<td>5407004563848<\/td>\n<\/tr>\n<\/tbody>\n<\/table>\n<div class=\"product_characteristics\">\n<p><b>Masse adh\u00e9sive: <\/b><span>Caoutchouc<\/span><\/p>\n<p><b>Support: <\/b><span>Coton toil\u00e9 &#8211; blanc<\/span><\/p>\n<p><b>Protecteur: <\/b><span>Papier glassine &#8211; brun<\/span><\/p>\n<p><b>Epaisseur: <\/b><span>0,31 mm<\/span><\/p>\n<p><b>Pouvoir adh\u00e9sif: <\/b><span>9,8 N\/25 mm<\/span><\/p>\n<p><b>R\u00e9sistance \u00e0 la rupture: <\/b><span>98 N\/25 mm<\/span><\/p>\n<p><b>Tenue en temp\u00e9rature: <\/b><span>De -40\u00b0C \u00e0 +60\u00b0C<\/span><\/p>\n<p><b>Compatible avec mat\u00e9riaux \u00e0 faible \u00e9nergie de surface: <\/b><span>Oui<\/span><\/p>\n<p><b>Force de d\u00e9roulement c\u00f4t\u00e9 couvert: <\/b><span>&lt; 80 g\/25 mm<\/span><\/p>\n<p><b>Force de d\u00e9roulement c\u00f4t\u00e9 expos\u00e9: <\/b><span>&lt; 80 g\/25 mm<\/span><\/p>\n<\/div>\n<p><a href=\"https:\/\/drive.google.com\/file\/d\/1R_Yk489wDvI048ikyfOkvK8TGD9txAI9\/view?usp=share_link\" class=\"btnHPX\" target=\"_blank\" rel=\"noopener\"><i class=\"fa fa-download\" aria-hidden=\"true\"><\/i>Download Technical Data Sheet<\/a><\/p>\n<\/div>\n<\/div>\n<div class=\"right\">\n\t\t\t<img loading=\"lazy\" decoding=\"async\" src=\"https:\/\/hpx.eu\/wp-content\/uploads\/2023\/01\/DZ1950-HPX_Double_sided_cloth_tape-white-19mm-50m-5407004563848.jpg\" width=\"520\" height=\"520\"><\/div>\n<\/div>\n","protected":false},"excerpt":{"rendered":"<p>HPX DOUBLE SIDED CLOTH TAPE HPX DOUBLE SIDED CLOTH TAPE est un ruban adh\u00e9sif double face toil\u00e9, pr\u00e9sentant une colle \u00e0 base de caoutchouc tr\u00e8s performante, sensible \u00e0 la pression et un protecteur en glassine. La masse adh\u00e9sive sur la face expos\u00e9e permet un enl\u00e8vement facile et sans r\u00e9sidu sur beaucoup de surfaces. Installation temporaire [&hellip;]<\/p>\n","protected":false},"author":1,"featured_media":0,"parent":0,"menu_order":0,"comment_status":"closed","ping_status":"closed","template":"","meta":{"_exactmetrics_skip_tracking":false,"_exactmetrics_sitenote_active":false,"_exactmetrics_sitenote_note":"","_exactmetrics_sitenote_category":0,"_monsterinsights_skip_tracking":false,"_monsterinsights_sitenote_active":false,"_monsterinsights_sitenote_note":"","_monsterinsights_sitenote_category":0,"_themeisle_gutenberg_block_has_review":false,"footnotes":""},"class_list":["post-110029","page","type-page","status-publish","hentry","post"],"yoast_head":"<!-- This site is optimized with the Yoast SEO plugin v27.3 - https:\/\/yoast.com\/product\/yoast-seo-wordpress\/ -->\n<title>Double Sided Cloth Tape - HPX<\/title>\n<meta name=\"robots\" content=\"index, follow, max-snippet:-1, max-image-preview:large, max-video-preview:-1\" \/>\n<link rel=\"canonical\" href=\"https:\/\/hpx.eu\/fr\/double-sided-cloth-tape\/\" \/>\n<meta property=\"og:locale\" content=\"fr_FR\" \/>\n<meta property=\"og:type\" content=\"article\" \/>\n<meta property=\"og:title\" content=\"Double Sided Cloth Tape - HPX\" \/>\n<meta property=\"og:description\" content=\"HPX DOUBLE SIDED CLOTH TAPE HPX DOUBLE SIDED CLOTH TAPE est un ruban adh\u00e9sif double face toil\u00e9, pr\u00e9sentant une colle \u00e0 base de caoutchouc tr\u00e8s performante, sensible \u00e0 la pression et un protecteur en glassine. La masse adh\u00e9sive sur la face expos\u00e9e permet un enl\u00e8vement facile et sans r\u00e9sidu sur beaucoup de surfaces. Installation temporaire [&hellip;]\" \/>\n<meta property=\"og:url\" content=\"https:\/\/hpx.eu\/fr\/double-sided-cloth-tape\/\" \/>\n<meta property=\"og:site_name\" content=\"HPX\" \/>\n<meta property=\"article:publisher\" content=\"https:\/\/www.facebook.com\/HPXtape\/\" \/>\n<meta property=\"article:modified_time\" content=\"2023-01-26T10:31:38+00:00\" \/>\n<meta property=\"og:image\" content=\"https:\/\/hpx.eu\/wp-content\/uploads\/2023\/01\/DZ1950-HPX_Double_sided_cloth_tape-white-19mm-50m-5407004563848.jpg\" \/>\n<meta name=\"twitter:card\" content=\"summary_large_image\" \/>\n<meta name=\"twitter:label1\" content=\"Dur\u00e9e de lecture estim\u00e9e\" \/>\n\t<meta name=\"twitter:data1\" content=\"2 minutes\" \/>\n<script type=\"application\/ld+json\" class=\"yoast-schema-graph\">{\"@context\":\"https:\\\/\\\/schema.org\",\"@graph\":[{\"@type\":\"WebPage\",\"@id\":\"https:\\\/\\\/hpx.eu\\\/fr\\\/double-sided-cloth-tape\\\/\",\"url\":\"https:\\\/\\\/hpx.eu\\\/fr\\\/double-sided-cloth-tape\\\/\",\"name\":\"Double Sided Cloth Tape - HPX\",\"isPartOf\":{\"@id\":\"http:\\\/\\\/hpx.eu\\\/fr\\\/#website\"},\"primaryImageOfPage\":{\"@id\":\"https:\\\/\\\/hpx.eu\\\/fr\\\/double-sided-cloth-tape\\\/#primaryimage\"},\"image\":{\"@id\":\"https:\\\/\\\/hpx.eu\\\/fr\\\/double-sided-cloth-tape\\\/#primaryimage\"},\"thumbnailUrl\":\"https:\\\/\\\/hpx.eu\\\/wp-content\\\/uploads\\\/2023\\\/01\\\/DZ1950-HPX_Double_sided_cloth_tape-white-19mm-50m-5407004563848.jpg\",\"datePublished\":\"2021-09-30T06:35:19+00:00\",\"dateModified\":\"2023-01-26T10:31:38+00:00\",\"breadcrumb\":{\"@id\":\"https:\\\/\\\/hpx.eu\\\/fr\\\/double-sided-cloth-tape\\\/#breadcrumb\"},\"inLanguage\":\"fr-FR\",\"potentialAction\":[{\"@type\":\"ReadAction\",\"target\":[\"https:\\\/\\\/hpx.eu\\\/fr\\\/double-sided-cloth-tape\\\/\"]}]},{\"@type\":\"ImageObject\",\"inLanguage\":\"fr-FR\",\"@id\":\"https:\\\/\\\/hpx.eu\\\/fr\\\/double-sided-cloth-tape\\\/#primaryimage\",\"url\":\"https:\\\/\\\/hpx.eu\\\/wp-content\\\/uploads\\\/2023\\\/01\\\/DZ1950-HPX_Double_sided_cloth_tape-white-19mm-50m-5407004563848.jpg\",\"contentUrl\":\"https:\\\/\\\/hpx.eu\\\/wp-content\\\/uploads\\\/2023\\\/01\\\/DZ1950-HPX_Double_sided_cloth_tape-white-19mm-50m-5407004563848.jpg\"},{\"@type\":\"BreadcrumbList\",\"@id\":\"https:\\\/\\\/hpx.eu\\\/fr\\\/double-sided-cloth-tape\\\/#breadcrumb\",\"itemListElement\":[{\"@type\":\"ListItem\",\"position\":1,\"name\":\"Startseite\",\"item\":\"http:\\\/\\\/hpx.eu\\\/fr\\\/\"},{\"@type\":\"ListItem\",\"position\":2,\"name\":\"Double Sided Cloth Tape\"}]},{\"@type\":\"WebSite\",\"@id\":\"http:\\\/\\\/hpx.eu\\\/fr\\\/#website\",\"url\":\"http:\\\/\\\/hpx.eu\\\/fr\\\/\",\"name\":\"HPX\",\"description\":\"Tough Job, Tougher Tape\",\"publisher\":{\"@id\":\"http:\\\/\\\/hpx.eu\\\/fr\\\/#organization\"},\"potentialAction\":[{\"@type\":\"SearchAction\",\"target\":{\"@type\":\"EntryPoint\",\"urlTemplate\":\"http:\\\/\\\/hpx.eu\\\/fr\\\/?s={search_term_string}\"},\"query-input\":{\"@type\":\"PropertyValueSpecification\",\"valueRequired\":true,\"valueName\":\"search_term_string\"}}],\"inLanguage\":\"fr-FR\"},{\"@type\":\"Organization\",\"@id\":\"http:\\\/\\\/hpx.eu\\\/fr\\\/#organization\",\"name\":\"Option Tape Specialties\",\"url\":\"http:\\\/\\\/hpx.eu\\\/fr\\\/\",\"logo\":{\"@type\":\"ImageObject\",\"inLanguage\":\"fr-FR\",\"@id\":\"http:\\\/\\\/hpx.eu\\\/fr\\\/#\\\/schema\\\/logo\\\/image\\\/\",\"url\":\"\",\"contentUrl\":\"\",\"caption\":\"Option Tape Specialties\"},\"image\":{\"@id\":\"http:\\\/\\\/hpx.eu\\\/fr\\\/#\\\/schema\\\/logo\\\/image\\\/\"},\"sameAs\":[\"https:\\\/\\\/www.facebook.com\\\/HPXtape\\\/\",\"https:\\\/\\\/www.linkedin.com\\\/company\\\/2913311\\\/\",\"https:\\\/\\\/www.youtube.com\\\/channel\\\/UCCYnFjBGfKw8SPW1hMUCVFg\"]}]}<\/script>\n<!-- \/ Yoast SEO plugin. -->","yoast_head_json":{"title":"Double Sided Cloth Tape - HPX","robots":{"index":"index","follow":"follow","max-snippet":"max-snippet:-1","max-image-preview":"max-image-preview:large","max-video-preview":"max-video-preview:-1"},"canonical":"https:\/\/hpx.eu\/fr\/double-sided-cloth-tape\/","og_locale":"fr_FR","og_type":"article","og_title":"Double Sided Cloth Tape - HPX","og_description":"HPX DOUBLE SIDED CLOTH TAPE HPX DOUBLE SIDED CLOTH TAPE est un ruban adh\u00e9sif double face toil\u00e9, pr\u00e9sentant une colle \u00e0 base de caoutchouc tr\u00e8s performante, sensible \u00e0 la pression et un protecteur en glassine. La masse adh\u00e9sive sur la face expos\u00e9e permet un enl\u00e8vement facile et sans r\u00e9sidu sur beaucoup de surfaces. Installation temporaire [&hellip;]","og_url":"https:\/\/hpx.eu\/fr\/double-sided-cloth-tape\/","og_site_name":"HPX","article_publisher":"https:\/\/www.facebook.com\/HPXtape\/","article_modified_time":"2023-01-26T10:31:38+00:00","og_image":[{"url":"https:\/\/hpx.eu\/wp-content\/uploads\/2023\/01\/DZ1950-HPX_Double_sided_cloth_tape-white-19mm-50m-5407004563848.jpg","type":"","width":"","height":""}],"twitter_card":"summary_large_image","twitter_misc":{"Dur\u00e9e de lecture estim\u00e9e":"2 minutes"},"schema":{"@context":"https:\/\/schema.org","@graph":[{"@type":"WebPage","@id":"https:\/\/hpx.eu\/fr\/double-sided-cloth-tape\/","url":"https:\/\/hpx.eu\/fr\/double-sided-cloth-tape\/","name":"Double Sided Cloth Tape - HPX","isPartOf":{"@id":"https:\/\/hpx.eu\/fr\/#website"},"primaryImageOfPage":{"@id":"https:\/\/hpx.eu\/fr\/double-sided-cloth-tape\/#primaryimage"},"image":{"@id":"https:\/\/hpx.eu\/fr\/double-sided-cloth-tape\/#primaryimage"},"thumbnailUrl":"https:\/\/hpx.eu\/wp-content\/uploads\/2023\/01\/DZ1950-HPX_Double_sided_cloth_tape-white-19mm-50m-5407004563848.jpg","datePublished":"2021-09-30T06:35:19+00:00","dateModified":"2023-01-26T10:31:38+00:00","breadcrumb":{"@id":"https:\/\/hpx.eu\/fr\/double-sided-cloth-tape\/#breadcrumb"},"inLanguage":"fr-FR","potentialAction":[{"@type":"ReadAction","target":["https:\/\/hpx.eu\/fr\/double-sided-cloth-tape\/"]}]},{"@type":"ImageObject","inLanguage":"fr-FR","@id":"https:\/\/hpx.eu\/fr\/double-sided-cloth-tape\/#primaryimage","url":"https:\/\/hpx.eu\/wp-content\/uploads\/2023\/01\/DZ1950-HPX_Double_sided_cloth_tape-white-19mm-50m-5407004563848.jpg","contentUrl":"https:\/\/hpx.eu\/wp-content\/uploads\/2023\/01\/DZ1950-HPX_Double_sided_cloth_tape-white-19mm-50m-5407004563848.jpg"},{"@type":"BreadcrumbList","@id":"https:\/\/hpx.eu\/fr\/double-sided-cloth-tape\/#breadcrumb","itemListElement":[{"@type":"ListItem","position":1,"name":"Startseite","item":"https:\/\/hpx.eu\/fr\/"},{"@type":"ListItem","position":2,"name":"Double Sided Cloth Tape"}]},{"@type":"WebSite","@id":"https:\/\/hpx.eu\/fr\/#website","url":"https:\/\/hpx.eu\/fr\/","name":"HPX","description":"Tough Job, Tougher Tape","publisher":{"@id":"https:\/\/hpx.eu\/fr\/#organization"},"potentialAction":[{"@type":"SearchAction","target":{"@type":"EntryPoint","urlTemplate":"https:\/\/hpx.eu\/fr\/?s={search_term_string}"},"query-input":{"@type":"PropertyValueSpecification","valueRequired":true,"valueName":"search_term_string"}}],"inLanguage":"fr-FR"},{"@type":"Organization","@id":"https:\/\/hpx.eu\/fr\/#organization","name":"Option Tape Specialties","url":"https:\/\/hpx.eu\/fr\/","logo":{"@type":"ImageObject","inLanguage":"fr-FR","@id":"https:\/\/hpx.eu\/fr\/#\/schema\/logo\/image\/","url":"","contentUrl":"","caption":"Option Tape Specialties"},"image":{"@id":"https:\/\/hpx.eu\/fr\/#\/schema\/logo\/image\/"},"sameAs":["https:\/\/www.facebook.com\/HPXtape\/","https:\/\/www.linkedin.com\/company\/2913311\/","https:\/\/www.youtube.com\/channel\/UCCYnFjBGfKw8SPW1hMUCVFg"]}]}},"_links":{"self":[{"href":"https:\/\/hpx.eu\/fr\/wp-json\/wp\/v2\/pages\/110029","targetHints":{"allow":["GET"]}}],"collection":[{"href":"https:\/\/hpx.eu\/fr\/wp-json\/wp\/v2\/pages"}],"about":[{"href":"https:\/\/hpx.eu\/fr\/wp-json\/wp\/v2\/types\/page"}],"author":[{"embeddable":true,"href":"https:\/\/hpx.eu\/fr\/wp-json\/wp\/v2\/users\/1"}],"replies":[{"embeddable":true,"href":"https:\/\/hpx.eu\/fr\/wp-json\/wp\/v2\/comments?post=110029"}],"version-history":[{"count":2,"href":"https:\/\/hpx.eu\/fr\/wp-json\/wp\/v2\/pages\/110029\/revisions"}],"predecessor-version":[{"id":145387,"href":"https:\/\/hpx.eu\/fr\/wp-json\/wp\/v2\/pages\/110029\/revisions\/145387"}],"wp:attachment":[{"href":"https:\/\/hpx.eu\/fr\/wp-json\/wp\/v2\/media?parent=110029"}],"curies":[{"name":"wp","href":"https:\/\/api.w.org\/{rel}","templated":true}]}}