{"id":110025,"date":"2021-09-30T08:34:07","date_gmt":"2021-09-30T06:34:07","guid":{"rendered":"https:\/\/hpx.eu\/?page_id=110025"},"modified":"2023-01-26T13:00:19","modified_gmt":"2023-01-26T12:00:19","slug":"heavy-duty-double-sided-mounting-tape","status":"publish","type":"page","link":"https:\/\/hpx.eu\/fr\/heavy-duty-double-sided-mounting-tape\/","title":{"rendered":"Heavy Duty Double Sided Mounting Tape"},"content":{"rendered":"<div id=\"Lecot\">\n<div class=\"product left\">\n<h1>HPX HEAVY DUTY DOUBLE SIDED MOUNTING TAPE<\/h1>\n<div>\n<p><b>HPX HEAVY DUTY DOUBLE SIDED MOUNTING TAPE se compose d&rsquo;une mousse en pol\u00e9thyl\u00e8ne blanche \u00e0 cellules ferm\u00e9es enduite sur les 2 faces avec une colle acrylique pure solvant. Ce ruban adh\u00e9sif garantit une haute r\u00e9sistance finale. Il r\u00e9siste aux temp\u00e9ratures extr\u00eames, aux plastifiants, aux acides, aux lessivages et aux solvants. Il reste inerte vis-\u00e0-vis de diff\u00e9rentes laques pour miroirs. Ce ruban adh\u00e9sif pr\u00e9sente un protecteur en papier bleu enduit sur les 2 faces avec du silicone et du poly\u00e9thyl\u00e8ne.<\/b><\/p>\n<ul class=\"product_UPS\">\n<li>Enseignes et panneaux.<\/li>\n<li>Montage de miroirs.<\/li>\n<li>Assemblage de displays PLV.<\/li>\n<li>Montage de mat\u00e9riel pour l&rsquo;\u00e9v\u00e8nementiel.<\/li>\n<li>Fixation de panneaux et de poign\u00e9es dans l&rsquo;industrie de l&rsquo;\u00e9lectrom\u00e9nager et l&rsquo;industrie \u00e9lectrique.<\/li>\n<\/ul>\n<table class=\"product_table\">\n<thead>\n<tr>\n<th>R\u00e9f. Art.<\/th>\n<th>largeur<\/th>\n<th>longueur<\/th>\n<th>couleur<\/th>\n<th>Emb.<\/th>\n<th>Gencod<\/th>\n<\/tr>\n<\/thead>\n<tbody>\n<tr>\n<td>WF1933<\/td>\n<td>19 mm<\/td>\n<td>33 m<\/td>\n<td>blanc<\/td>\n<td>13<\/td>\n<td>5407004563923<\/td>\n<\/tr>\n<\/tbody>\n<\/table>\n<div class=\"product_characteristics\">\n<p><b>Masse adh\u00e9sive: <\/b><span>Colle acrylique pure<\/span><\/p>\n<p><b>Support: <\/b><span>Mousse poly\u00e9thyl\u00e8ne &#8211; blanc<\/span><\/p>\n<p><b>Protecteur: <\/b><span>Papier silicon\u00e9<\/span><\/p>\n<p><b>Epaisseur: <\/b><span>1,60 mm<\/span><\/p>\n<p><b>Tenue en temp\u00e9rature: <\/b><span>De -40\u00b0C \u00e0 +90\u00b0C<\/span><\/p>\n<p><b>Cisaillement statique: <\/b><span>&gt;1000h \u00e0 23\u00b0C; &gt;72h \u00e0 70\u00b0C<\/span><\/p>\n<p><b>Densit\u00e9: <\/b><span>67 kg\/cm\u00b3<\/span><\/p>\n<\/div>\n<p><a href=\"https:\/\/drive.google.com\/file\/d\/1p3G7PH31optLRK0iq5HzrH7Es-Vo498s\/view?usp=share_link\" class=\"btnHPX\" target=\"_blank\" rel=\"noopener\"><i class=\"fa fa-download\" aria-hidden=\"true\"><\/i>Download Technical Data Sheet<\/a><\/p>\n<\/div>\n<\/div>\n<div class=\"right\">\n\t\t\t<img loading=\"lazy\" decoding=\"async\" src=\"https:\/\/hpx.eu\/wp-content\/uploads\/2023\/01\/WF1933-HPX_Heavy_duty_double_sided_mounting_tape-white-19mm-33m-5407004563923.jpg\" width=\"520\" height=\"520\"><\/div>\n<\/div>\n","protected":false},"excerpt":{"rendered":"<p>HPX HEAVY DUTY DOUBLE SIDED MOUNTING TAPE HPX HEAVY DUTY DOUBLE SIDED MOUNTING TAPE se compose d&rsquo;une mousse en pol\u00e9thyl\u00e8ne blanche \u00e0 cellules ferm\u00e9es enduite sur les 2 faces avec une colle acrylique pure solvant. Ce ruban adh\u00e9sif garantit une haute r\u00e9sistance finale. Il r\u00e9siste aux temp\u00e9ratures extr\u00eames, aux plastifiants, aux acides, aux lessivages et [&hellip;]<\/p>\n","protected":false},"author":1,"featured_media":0,"parent":0,"menu_order":0,"comment_status":"closed","ping_status":"closed","template":"","meta":{"_exactmetrics_skip_tracking":false,"_exactmetrics_sitenote_active":false,"_exactmetrics_sitenote_note":"","_exactmetrics_sitenote_category":0,"_monsterinsights_skip_tracking":false,"_monsterinsights_sitenote_active":false,"_monsterinsights_sitenote_note":"","_monsterinsights_sitenote_category":0,"_themeisle_gutenberg_block_has_review":false,"footnotes":""},"class_list":["post-110025","page","type-page","status-publish","hentry","post"],"yoast_head":"<!-- This site is optimized with the Yoast SEO plugin v27.3 - https:\/\/yoast.com\/product\/yoast-seo-wordpress\/ -->\n<title>Heavy Duty Double Sided Mounting Tape - HPX<\/title>\n<meta name=\"robots\" content=\"index, follow, max-snippet:-1, max-image-preview:large, max-video-preview:-1\" \/>\n<link rel=\"canonical\" href=\"https:\/\/hpx.eu\/fr\/heavy-duty-double-sided-mounting-tape\/\" \/>\n<meta property=\"og:locale\" content=\"fr_FR\" \/>\n<meta property=\"og:type\" content=\"article\" \/>\n<meta property=\"og:title\" content=\"Heavy Duty Double Sided Mounting Tape - HPX\" \/>\n<meta property=\"og:description\" content=\"HPX HEAVY DUTY DOUBLE SIDED MOUNTING TAPE HPX HEAVY DUTY DOUBLE SIDED MOUNTING TAPE se compose d&rsquo;une mousse en pol\u00e9thyl\u00e8ne blanche \u00e0 cellules ferm\u00e9es enduite sur les 2 faces avec une colle acrylique pure solvant. Ce ruban adh\u00e9sif garantit une haute r\u00e9sistance finale. Il r\u00e9siste aux temp\u00e9ratures extr\u00eames, aux plastifiants, aux acides, aux lessivages et [&hellip;]\" \/>\n<meta property=\"og:url\" content=\"https:\/\/hpx.eu\/fr\/heavy-duty-double-sided-mounting-tape\/\" \/>\n<meta property=\"og:site_name\" content=\"HPX\" \/>\n<meta property=\"article:publisher\" content=\"https:\/\/www.facebook.com\/HPXtape\/\" \/>\n<meta property=\"article:modified_time\" content=\"2023-01-26T12:00:19+00:00\" \/>\n<meta property=\"og:image\" content=\"https:\/\/hpx.eu\/wp-content\/uploads\/2023\/01\/WF1933-HPX_Heavy_duty_double_sided_mounting_tape-white-19mm-33m-5407004563923.jpg\" \/>\n<meta name=\"twitter:card\" content=\"summary_large_image\" \/>\n<meta name=\"twitter:label1\" content=\"Dur\u00e9e de lecture estim\u00e9e\" \/>\n\t<meta name=\"twitter:data1\" content=\"2 minutes\" \/>\n<script type=\"application\/ld+json\" class=\"yoast-schema-graph\">{\"@context\":\"https:\\\/\\\/schema.org\",\"@graph\":[{\"@type\":\"WebPage\",\"@id\":\"https:\\\/\\\/hpx.eu\\\/fr\\\/heavy-duty-double-sided-mounting-tape\\\/\",\"url\":\"https:\\\/\\\/hpx.eu\\\/fr\\\/heavy-duty-double-sided-mounting-tape\\\/\",\"name\":\"Heavy Duty Double Sided Mounting Tape - HPX\",\"isPartOf\":{\"@id\":\"http:\\\/\\\/hpx.eu\\\/fr\\\/#website\"},\"primaryImageOfPage\":{\"@id\":\"https:\\\/\\\/hpx.eu\\\/fr\\\/heavy-duty-double-sided-mounting-tape\\\/#primaryimage\"},\"image\":{\"@id\":\"https:\\\/\\\/hpx.eu\\\/fr\\\/heavy-duty-double-sided-mounting-tape\\\/#primaryimage\"},\"thumbnailUrl\":\"https:\\\/\\\/hpx.eu\\\/wp-content\\\/uploads\\\/2023\\\/01\\\/WF1933-HPX_Heavy_duty_double_sided_mounting_tape-white-19mm-33m-5407004563923.jpg\",\"datePublished\":\"2021-09-30T06:34:07+00:00\",\"dateModified\":\"2023-01-26T12:00:19+00:00\",\"breadcrumb\":{\"@id\":\"https:\\\/\\\/hpx.eu\\\/fr\\\/heavy-duty-double-sided-mounting-tape\\\/#breadcrumb\"},\"inLanguage\":\"fr-FR\",\"potentialAction\":[{\"@type\":\"ReadAction\",\"target\":[\"https:\\\/\\\/hpx.eu\\\/fr\\\/heavy-duty-double-sided-mounting-tape\\\/\"]}]},{\"@type\":\"ImageObject\",\"inLanguage\":\"fr-FR\",\"@id\":\"https:\\\/\\\/hpx.eu\\\/fr\\\/heavy-duty-double-sided-mounting-tape\\\/#primaryimage\",\"url\":\"https:\\\/\\\/hpx.eu\\\/wp-content\\\/uploads\\\/2023\\\/01\\\/WF1933-HPX_Heavy_duty_double_sided_mounting_tape-white-19mm-33m-5407004563923.jpg\",\"contentUrl\":\"https:\\\/\\\/hpx.eu\\\/wp-content\\\/uploads\\\/2023\\\/01\\\/WF1933-HPX_Heavy_duty_double_sided_mounting_tape-white-19mm-33m-5407004563923.jpg\"},{\"@type\":\"BreadcrumbList\",\"@id\":\"https:\\\/\\\/hpx.eu\\\/fr\\\/heavy-duty-double-sided-mounting-tape\\\/#breadcrumb\",\"itemListElement\":[{\"@type\":\"ListItem\",\"position\":1,\"name\":\"Startseite\",\"item\":\"http:\\\/\\\/hpx.eu\\\/fr\\\/\"},{\"@type\":\"ListItem\",\"position\":2,\"name\":\"Heavy Duty Double Sided Mounting Tape\"}]},{\"@type\":\"WebSite\",\"@id\":\"http:\\\/\\\/hpx.eu\\\/fr\\\/#website\",\"url\":\"http:\\\/\\\/hpx.eu\\\/fr\\\/\",\"name\":\"HPX\",\"description\":\"Tough Job, Tougher Tape\",\"publisher\":{\"@id\":\"http:\\\/\\\/hpx.eu\\\/fr\\\/#organization\"},\"potentialAction\":[{\"@type\":\"SearchAction\",\"target\":{\"@type\":\"EntryPoint\",\"urlTemplate\":\"http:\\\/\\\/hpx.eu\\\/fr\\\/?s={search_term_string}\"},\"query-input\":{\"@type\":\"PropertyValueSpecification\",\"valueRequired\":true,\"valueName\":\"search_term_string\"}}],\"inLanguage\":\"fr-FR\"},{\"@type\":\"Organization\",\"@id\":\"http:\\\/\\\/hpx.eu\\\/fr\\\/#organization\",\"name\":\"Option Tape Specialties\",\"url\":\"http:\\\/\\\/hpx.eu\\\/fr\\\/\",\"logo\":{\"@type\":\"ImageObject\",\"inLanguage\":\"fr-FR\",\"@id\":\"http:\\\/\\\/hpx.eu\\\/fr\\\/#\\\/schema\\\/logo\\\/image\\\/\",\"url\":\"\",\"contentUrl\":\"\",\"caption\":\"Option Tape Specialties\"},\"image\":{\"@id\":\"http:\\\/\\\/hpx.eu\\\/fr\\\/#\\\/schema\\\/logo\\\/image\\\/\"},\"sameAs\":[\"https:\\\/\\\/www.facebook.com\\\/HPXtape\\\/\",\"https:\\\/\\\/www.linkedin.com\\\/company\\\/2913311\\\/\",\"https:\\\/\\\/www.youtube.com\\\/channel\\\/UCCYnFjBGfKw8SPW1hMUCVFg\"]}]}<\/script>\n<!-- \/ Yoast SEO plugin. -->","yoast_head_json":{"title":"Heavy Duty Double Sided Mounting Tape - HPX","robots":{"index":"index","follow":"follow","max-snippet":"max-snippet:-1","max-image-preview":"max-image-preview:large","max-video-preview":"max-video-preview:-1"},"canonical":"https:\/\/hpx.eu\/fr\/heavy-duty-double-sided-mounting-tape\/","og_locale":"fr_FR","og_type":"article","og_title":"Heavy Duty Double Sided Mounting Tape - HPX","og_description":"HPX HEAVY DUTY DOUBLE SIDED MOUNTING TAPE HPX HEAVY DUTY DOUBLE SIDED MOUNTING TAPE se compose d&rsquo;une mousse en pol\u00e9thyl\u00e8ne blanche \u00e0 cellules ferm\u00e9es enduite sur les 2 faces avec une colle acrylique pure solvant. Ce ruban adh\u00e9sif garantit une haute r\u00e9sistance finale. Il r\u00e9siste aux temp\u00e9ratures extr\u00eames, aux plastifiants, aux acides, aux lessivages et [&hellip;]","og_url":"https:\/\/hpx.eu\/fr\/heavy-duty-double-sided-mounting-tape\/","og_site_name":"HPX","article_publisher":"https:\/\/www.facebook.com\/HPXtape\/","article_modified_time":"2023-01-26T12:00:19+00:00","og_image":[{"url":"https:\/\/hpx.eu\/wp-content\/uploads\/2023\/01\/WF1933-HPX_Heavy_duty_double_sided_mounting_tape-white-19mm-33m-5407004563923.jpg","type":"","width":"","height":""}],"twitter_card":"summary_large_image","twitter_misc":{"Dur\u00e9e de lecture estim\u00e9e":"2 minutes"},"schema":{"@context":"https:\/\/schema.org","@graph":[{"@type":"WebPage","@id":"https:\/\/hpx.eu\/fr\/heavy-duty-double-sided-mounting-tape\/","url":"https:\/\/hpx.eu\/fr\/heavy-duty-double-sided-mounting-tape\/","name":"Heavy Duty Double Sided Mounting Tape - HPX","isPartOf":{"@id":"https:\/\/hpx.eu\/fr\/#website"},"primaryImageOfPage":{"@id":"https:\/\/hpx.eu\/fr\/heavy-duty-double-sided-mounting-tape\/#primaryimage"},"image":{"@id":"https:\/\/hpx.eu\/fr\/heavy-duty-double-sided-mounting-tape\/#primaryimage"},"thumbnailUrl":"https:\/\/hpx.eu\/wp-content\/uploads\/2023\/01\/WF1933-HPX_Heavy_duty_double_sided_mounting_tape-white-19mm-33m-5407004563923.jpg","datePublished":"2021-09-30T06:34:07+00:00","dateModified":"2023-01-26T12:00:19+00:00","breadcrumb":{"@id":"https:\/\/hpx.eu\/fr\/heavy-duty-double-sided-mounting-tape\/#breadcrumb"},"inLanguage":"fr-FR","potentialAction":[{"@type":"ReadAction","target":["https:\/\/hpx.eu\/fr\/heavy-duty-double-sided-mounting-tape\/"]}]},{"@type":"ImageObject","inLanguage":"fr-FR","@id":"https:\/\/hpx.eu\/fr\/heavy-duty-double-sided-mounting-tape\/#primaryimage","url":"https:\/\/hpx.eu\/wp-content\/uploads\/2023\/01\/WF1933-HPX_Heavy_duty_double_sided_mounting_tape-white-19mm-33m-5407004563923.jpg","contentUrl":"https:\/\/hpx.eu\/wp-content\/uploads\/2023\/01\/WF1933-HPX_Heavy_duty_double_sided_mounting_tape-white-19mm-33m-5407004563923.jpg"},{"@type":"BreadcrumbList","@id":"https:\/\/hpx.eu\/fr\/heavy-duty-double-sided-mounting-tape\/#breadcrumb","itemListElement":[{"@type":"ListItem","position":1,"name":"Startseite","item":"https:\/\/hpx.eu\/fr\/"},{"@type":"ListItem","position":2,"name":"Heavy Duty Double Sided Mounting Tape"}]},{"@type":"WebSite","@id":"https:\/\/hpx.eu\/fr\/#website","url":"https:\/\/hpx.eu\/fr\/","name":"HPX","description":"Tough Job, Tougher Tape","publisher":{"@id":"https:\/\/hpx.eu\/fr\/#organization"},"potentialAction":[{"@type":"SearchAction","target":{"@type":"EntryPoint","urlTemplate":"https:\/\/hpx.eu\/fr\/?s={search_term_string}"},"query-input":{"@type":"PropertyValueSpecification","valueRequired":true,"valueName":"search_term_string"}}],"inLanguage":"fr-FR"},{"@type":"Organization","@id":"https:\/\/hpx.eu\/fr\/#organization","name":"Option Tape Specialties","url":"https:\/\/hpx.eu\/fr\/","logo":{"@type":"ImageObject","inLanguage":"fr-FR","@id":"https:\/\/hpx.eu\/fr\/#\/schema\/logo\/image\/","url":"","contentUrl":"","caption":"Option Tape Specialties"},"image":{"@id":"https:\/\/hpx.eu\/fr\/#\/schema\/logo\/image\/"},"sameAs":["https:\/\/www.facebook.com\/HPXtape\/","https:\/\/www.linkedin.com\/company\/2913311\/","https:\/\/www.youtube.com\/channel\/UCCYnFjBGfKw8SPW1hMUCVFg"]}]}},"_links":{"self":[{"href":"https:\/\/hpx.eu\/fr\/wp-json\/wp\/v2\/pages\/110025","targetHints":{"allow":["GET"]}}],"collection":[{"href":"https:\/\/hpx.eu\/fr\/wp-json\/wp\/v2\/pages"}],"about":[{"href":"https:\/\/hpx.eu\/fr\/wp-json\/wp\/v2\/types\/page"}],"author":[{"embeddable":true,"href":"https:\/\/hpx.eu\/fr\/wp-json\/wp\/v2\/users\/1"}],"replies":[{"embeddable":true,"href":"https:\/\/hpx.eu\/fr\/wp-json\/wp\/v2\/comments?post=110025"}],"version-history":[{"count":4,"href":"https:\/\/hpx.eu\/fr\/wp-json\/wp\/v2\/pages\/110025\/revisions"}],"predecessor-version":[{"id":145411,"href":"https:\/\/hpx.eu\/fr\/wp-json\/wp\/v2\/pages\/110025\/revisions\/145411"}],"wp:attachment":[{"href":"https:\/\/hpx.eu\/fr\/wp-json\/wp\/v2\/media?parent=110025"}],"curies":[{"name":"wp","href":"https:\/\/api.w.org\/{rel}","templated":true}]}}