{"id":107421,"date":"2021-04-23T14:29:25","date_gmt":"2021-04-23T12:29:25","guid":{"rendered":"https:\/\/hpx.eu\/?page_id=107421"},"modified":"2025-12-19T08:45:02","modified_gmt":"2025-12-19T07:45:02","slug":"hpx-specialiste-des-rubans-adhesifs-pour-lautomobile","status":"publish","type":"page","link":"https:\/\/hpx.eu\/fr\/hpx-specialiste-des-rubans-adhesifs-pour-lautomobile\/","title":{"rendered":"HPX : Sp\u00e9cialiste des rubans adh\u00e9sifs pour l\u2019automobile"},"content":{"rendered":"<div id=\"automotive_specialist\">\n<p>HPX est un fabricant belge de ruban adh\u00e9sif technique depuis plus de 25 ans. Gr\u00e2ce \u00e0 notre assortiment d\u00e9di\u00e9 \u00e0 l\u2019automobile, HPX a connu une forte croissance ces derni\u00e8res ann\u00e9es et est devenu le leader europ\u00e9en des rubans adh\u00e9sifs sur le march\u00e9 automobile de deuxi\u00e8me monte. HPX offre :<\/p>\n<ul>\n<li>Assortiment complet &amp; compact bas\u00e9 sur les besoins du m\u00e9tier et une rotation optimale<\/li>\n<li>Niveau de qualit\u00e9 professionnel et permanent. C\u2019est notre plus grande priorit\u00e9 !<\/li>\n<li>Packaging attrayant et clair, adapt\u00e9 aux exigences du march\u00e9 local et international<\/li>\n<li>Des produits innovatifs et uniques<\/li>\n<li>Conseil et soutien technique (propre laboratoire, \u00e9quipe de technicien,)<\/li>\n<li>Pr\u00e9sentation lin\u00e9aire avec instructions claires (afin de guider le consommateur vers la meilleure solution)<\/li>\n<li>Flexibilit\u00e9 et fiabilit\u00e9<\/li>\n<li>Excellent rapport qualit\u00e9\/prix et une marge cons\u00e9quente pour nos partenaires<\/li>\n<\/ul>\n<p>Nous ne fabriquons pas uniquement les produits, nous offrons une approche 360\u00b0. Nous soutenons nos partenaires en fournissant les outils pour :<\/p>\n<ul>\n<li>L\u2019animation des points de ventes gr\u00e2ce \u00e0 des  planogrammes soign\u00e9s, pr\u00e9sentoirs magasins, cross-selling, ILV,\u2026)<\/li>\n<li>La digitalisation des informations (base de donn\u00e9es accessible permettant de t\u00e9l\u00e9charger l\u2019ensemble de nos photos HD, vid\u00e9os, descriptions produits, fiches techniques,\u2026)<\/li>\n<li>Stimuler la demande (campagne de publicit\u00e9 sur r\u00e9seaux sociaux, tutoriels,\u2026)<\/li>\n<li>Dynamiser ventes gr\u00e2ce \u00e0 des actions sp\u00e9cifiques<\/li>\n<\/ul>\n<hr class=\"clearBoth\">\n<h2>SMART REPAIR VIDEOS<\/h2>\n<p>Hpx fait d\u00e9couvrir ses solutions d\u2019une mani\u00e8re interactive au consommateur en pr\u00e9sentant l\u2019utilisation des produits en circonstance r\u00e9elle. Nous vous invitons \u00e0 d\u00e9couvrir ci-dessous nos videos \u201c HPX Smart Repair \u00bb que nous avons r\u00e9alis\u00e9 en partenariat avec Motip Dupli. Ces videos pr\u00e9sentent \u00e9tape par \u00e9tape la r\u00e9paration des d\u00e9g\u00e2ts les plus courants.<\/p>\n<div class=\"smartRepairVideos\">\n<h3>Video 1 : Comment r\u00e9parer une rayure de la carroserie<\/h3>\n<p><iframe src=\"https:\/\/www.youtube.com\/embed\/0RX8ceKiiCk\" title=\"YouTube video player\" frameborder=\"0\" allow=\"accelerometer; autoplay; clipboard-write; encrypted-media; gyroscope; picture-in-picture\" allowfullscreen=\"\"><\/iframe><\/p>\n<\/div>\n<div class=\"smartRepairVideos\">\n<h3>Video 2: Comment r\u00e9parer de petites bosses dans la carrosserie<\/h3>\n<p><iframe src=\"https:\/\/www.youtube.com\/embed\/98AdUJimtjI\" title=\"YouTube video player\" frameborder=\"0\" allow=\"accelerometer; autoplay; clipboard-write; encrypted-media; gyroscope; picture-in-picture\" allowfullscreen=\"\"><\/iframe><\/p>\n<\/div>\n<div class=\"smartRepairVideos\">\n<h3>Video 3: Comment r\u00e9parer un pare-choc<\/h3>\n<p><iframe src=\"https:\/\/www.youtube.com\/embed\/5HhGd6bZz5E\" title=\"YouTube video player\" frameborder=\"0\" allow=\"accelerometer; autoplay; clipboard-write; encrypted-media; gyroscope; picture-in-picture\" allowfullscreen=\"\"><\/iframe><\/p>\n<\/div>\n<div class=\"smartRepairVideos\">\n<h3>Video 4: Video 4: Comment r\u00e9parer une jante<\/h3>\n<p><iframe src=\"https:\/\/www.youtube.com\/embed\/MCnZX87r2tM\" title=\"YouTube video player\" frameborder=\"0\" allow=\"accelerometer; autoplay; clipboard-write; encrypted-media; gyroscope; picture-in-picture\" allowfullscreen=\"\"><\/iframe><\/p>\n<\/div>\n<hr class=\"clearBoth\">\n<h2>PRODUITS MIS EN AVANT<\/h2>\n<p>Les videos pr\u00e9c\u00e9dentes mettent en avant nos solutions pour r\u00e9paration de carrosserie. L\u2019offre d\u2019HPX est plus large et propose une solution compl\u00e8te pour l\u2019automobile. Ci-dessous quelques produits phares d\u2019HPX pour l\u2019automobile :<\/p>\n<div class=\"post product\">\n<div class=\"productImg\">\n            <img decoding=\"async\" src=\"https:\/\/hpx.eu\/wp-content\/uploads\/2020\/04\/HPX_6200_Repair_tape-HPX.jpg\"><\/div>\n<div class=\"summary entry-summary\">\n<h1 class=\"product_title entry-title\"><a href=\"https:\/\/hpx.eu\/fr\/product\/hpx-6200-repair-tape\/\" target=\"_blank\" rel=\"noopener\">HPX 6200 REPAIR TAPE<\/a><\/h1>\n<div class=\"woocommerce-product-details__short-description\">\n<ul class=\"product_UPS\">\n<li>Toile am\u00e9ricaine haut de gamme, tr\u00e8s r\u00e9sistante et au pouvoir adh\u00e9sif \u00e9lev\u00e9<\/li>\n<li>Adapt\u00e9 pour la fixation et r\u00e9paration (temporaire) d\u2019\u00e9l\u00e9ments de carrosserie sans laisser de r\u00e9sidu d\u2019adh\u00e9sif<\/li>\n<li>Se d\u00e9coupe \u00e0 la main<\/li>\n<li>Waterproof et r\u00e9sistant aux intemp\u00e9ries<\/li>\n<li>La r\u00e9f\u00e9rence en toile am\u00e9ricaine pour l\u2019automobile<\/li>\n<\/ul>\n<div class=\"product_characteristics\">\n<p><b>Adh\u00e9sif: <\/b><span>caoutchouc naturel<\/span><\/p>\n<p><b>Support: <\/b><span>toile avec rev\u00eatement PE<\/span><\/p>\n<p><b>Tenue en temp\u00e9rature: <\/b><span>60\u00b0C (temporairement jusqu&rsquo;\u00e0 80\u00b0C)<\/span><\/p>\n<p><b>Charge de rupture: <\/b><span>183 N\/25 mm<\/span><\/p>\n<p><b>Pouvoir adh\u00e9sif: <\/b><span>13 N\/25 mm<\/span><\/p>\n<p><b>Epaisseur: <\/b><span>0,30 mm<\/span><\/p>\n<\/div>\n<\/div>\n<\/div>\n<\/div>\n<hr class=\"clearBoth\">\n<div class=\"post product\">\n<div class=\"productImg\">\n            <img decoding=\"async\" src=\"https:\/\/hpx.eu\/wp-content\/uploads\/2020\/04\/TP1925-Cable_protection_tape-black-19mm_x_25m-5425014221732-HPX.jpg\"><\/div>\n<div class=\"summary entry-summary\">\n<h1 class=\"product_title entry-title\"><a href=\"https:\/\/hpx.eu\/fr\/product\/cable-protection-tape\/\" target=\"_blank\" rel=\"noopener\">CABLE PROTECTION TAPE<\/a><\/h1>\n<div class=\"woocommerce-product-details__short-description\">\n<ul class=\"product_UPS\">\n<li>Ruban adh\u00e9sif textile protecteur<\/li>\n<li>Convient pour le c\u00e2blage et la protection des c\u00e2bles. Par exemple dans la voiture, pour les cha\u00eenes st\u00e9r\u00e9ophoniques, etc.<\/li>\n<li>Effet insonorisant<\/li>\n<li>Qualit\u00e9 FEO<\/li>\n<\/ul>\n<div class=\"product_characteristics\">\n<p><b>Adh\u00e9sif: <\/b><span>caoutchouc<\/span><\/p>\n<p><b>Support: <\/b><span>polyester<\/span><\/p>\n<p><b>Tenue en temp\u00e9rature: <\/b><span>105\u00b0C<\/span><\/p>\n<p><b>Charge de rupture: <\/b><span>80 N\/25 mm<\/span><\/p>\n<p><b>Pouvoir adh\u00e9sif: <\/b><span>10 N\/25 mm<\/span><\/p>\n<p><b>Epaisseur: <\/b><span>0,30 mm<\/span><\/p>\n<\/div>\n<\/div>\n<\/div>\n<\/div>\n<hr class=\"clearBoth\">\n<div class=\"post product\">\n<div class=\"productImg\">\n            <img decoding=\"async\" src=\"https:\/\/hpx.eu\/wp-content\/uploads\/2020\/04\/HSA002-High_strenght_acrilyc_3200-Double_sided_mounting_tape-anthracite-6mm_x_10m-5425014221596-HPX.jpg\"><\/div>\n<div class=\"summary entry-summary\">\n<h1 class=\"product_title entry-title\"><a href=\"https:\/\/hpx.eu\/fr\/product\/hsa-high-strength-acrylic-3200\/\" target=\"_blank\" rel=\"noopener\">HSA HIGH STRENGTH ACRYLIC 3200<\/a><\/h1>\n<div class=\"woocommerce-product-details__short-description\">\n<ul class=\"product_UPS\">\n<li>Ruban adh\u00e9sif double face acrylique \u00e0 tr\u00e8s forte adh\u00e9rence<\/li>\n<li>Particuli\u00e8rement adapt\u00e9 pour la fixation des baguettes et moulures (lourdes), embl\u00e8mes, pi\u00e8ces de renforcement, etc.<\/li>\n<li>Bonne adh\u00e9sion au m\u00e9tal, au verre et \u00e0 la plupart des mati\u00e8res synth\u00e9tiques<\/li>\n<li>R\u00e9sistant aux solvants<\/li>\n<li>Bien repositionnable<\/li>\n<li>Remplace les vis, les rivets, les soudures ou les colles liquides<\/li>\n<\/ul>\n<div class=\"product_characteristics\">\n<p><b>Adh\u00e9sif: <\/b><span>acrylique<\/span><\/p>\n<p><b>Support: <\/b><span>mousse acrylique<\/span><\/p>\n<p><b>Tenue en temp\u00e9rature: <\/b><span>93\u00b0C (temporairement jusqu&rsquo;\u00e0 150\u00b0C)<\/span><\/p>\n<p><b>Pouvoir adh\u00e9sif: <\/b><span>47 N\/25 mm<\/span><\/p>\n<p><b>Epaisseur: <\/b><span>1,10 mm<\/span><\/p>\n<\/div>\n<\/div>\n<\/div>\n<\/div>\n<hr class=\"clearBoth\">\n<div class=\"post product\">\n<div class=\"productImg\">\n            <img decoding=\"async\" src=\"https:\/\/hpx.eu\/wp-content\/uploads\/2020\/04\/PP1002-PP1502-Car_paint_protection_film-transparent-HPX.jpg\"><\/div>\n<div class=\"summary entry-summary\">\n<h1 class=\"product_title entry-title\"><a href=\"https:\/\/hpx.eu\/fr\/paint-protection-film\/\" target=\"_blank\" rel=\"noopener\">CAR PAINT PROTECTION FILM<\/a><\/h1>\n<div class=\"woocommerce-product-details__short-description\">\n<ul class=\"product_UPS\">\n<li>Film de protection transparent contre les gravillons et les rayures<\/li>\n<li>Convient pour les vitres des voitures et autobus<\/li>\n<li>Ne jaunit pas, longue r\u00e9sistance aux UV<\/li>\n<li>R\u00e9sistant au nettoyage haute pression<\/li>\n<li>S&rsquo;\u00e9limine sans provoquer de dommages<\/li>\n<\/ul>\n<div class=\"product_characteristics\">\n<p><b>Adh\u00e9sif: <\/b><span>acrylique<\/span><\/p>\n<p><b>Support: <\/b><span>film polyur\u00e9thane<\/span><\/p>\n<p><b>Tenue en temp\u00e9rature: <\/b><span>85\u00b0C<\/span><\/p>\n<p><b>Charge de rupture: <\/b><span>75 N\/25 mm<\/span><\/p>\n<p><b>Pouvoir adh\u00e9sif: <\/b><span>17 N\/25 mm<\/span><\/p>\n<p><b>Epaisseur: <\/b><span>0,19 mm<\/span><\/p>\n<\/div>\n<\/div>\n<\/div>\n<\/div>\n<hr class=\"clearBoth\">\n<h2>CATALOGUE AUTOMOTIVE<\/h2>\n<p>Nous vous invitons \u00e0 d\u00e9couvrir l\u2019ensemble de notre assortiment dans le catalogue HPX:<\/p>\n<p><iframe loading=\"lazy\" src=\"https:\/\/cdn.flipsnack.com\/widget\/v2\/widget.html?hash=xhm4j58hp8\" width=\"100%\" height=\"600\" seamless=\"seamless\" scrolling=\"no\" frameborder=\"0\" allowfullscreen=\"\"><\/iframe><\/p>\n<hr class=\"clearBoth\">\n<h2>CONCEPT<\/h2>\n<p>HPX propose des pr\u00e9sentations et planogrammes adapt\u00e9s \u00e0 votre point de vente. Ci-dessous un exemple d\u2019assortiment complet et adapt\u00e9 automotive.<\/p>\n<p><img decoding=\"async\" src=\"https:\/\/hpx.eu\/wp-content\/uploads\/2021\/04\/HPX-Concept_Auto-140x200cm-2020-1.jpg\" alt=\"HPX | Automotive Concept | 140 x 200 cm\"><br \/>\n<img decoding=\"async\" src=\"https:\/\/hpx.eu\/wp-content\/uploads\/2021\/04\/HPX-Concept_Auto-140x200cm-2020-2.jpg\" alt=\"HPX | Automotive Concept | 140 x 200 cm\"><\/p>\n<\/div>\n","protected":false},"excerpt":{"rendered":"<p>HPX est un fabricant belge de ruban adh\u00e9sif technique depuis plus de 25 ans. Gr\u00e2ce \u00e0 notre assortiment d\u00e9di\u00e9 \u00e0 l\u2019automobile, HPX a connu une forte croissance ces derni\u00e8res ann\u00e9es et est devenu le leader europ\u00e9en des rubans adh\u00e9sifs sur le march\u00e9 automobile de deuxi\u00e8me monte. HPX offre : Assortiment complet &amp; compact bas\u00e9 sur [&hellip;]<\/p>\n","protected":false},"author":1,"featured_media":0,"parent":0,"menu_order":0,"comment_status":"closed","ping_status":"closed","template":"","meta":{"_exactmetrics_skip_tracking":false,"_exactmetrics_sitenote_active":false,"_exactmetrics_sitenote_note":"","_exactmetrics_sitenote_category":0,"_monsterinsights_skip_tracking":false,"_monsterinsights_sitenote_active":false,"_monsterinsights_sitenote_note":"","_monsterinsights_sitenote_category":0,"_themeisle_gutenberg_block_has_review":false,"footnotes":""},"class_list":["post-107421","page","type-page","status-publish","hentry","post"],"yoast_head":"<!-- This site is optimized with the Yoast SEO plugin v27.3 - https:\/\/yoast.com\/product\/yoast-seo-wordpress\/ -->\n<title>HPX : Sp\u00e9cialiste des rubans adh\u00e9sifs pour l\u2019automobile - HPX<\/title>\n<meta name=\"robots\" content=\"index, follow, max-snippet:-1, max-image-preview:large, max-video-preview:-1\" \/>\n<link rel=\"canonical\" href=\"https:\/\/hpx.eu\/fr\/hpx-specialiste-des-rubans-adhesifs-pour-lautomobile\/\" \/>\n<meta property=\"og:locale\" content=\"fr_FR\" \/>\n<meta property=\"og:type\" content=\"article\" \/>\n<meta property=\"og:title\" content=\"HPX : Sp\u00e9cialiste des rubans adh\u00e9sifs pour l\u2019automobile - HPX\" \/>\n<meta property=\"og:description\" content=\"HPX est un fabricant belge de ruban adh\u00e9sif technique depuis plus de 25 ans. Gr\u00e2ce \u00e0 notre assortiment d\u00e9di\u00e9 \u00e0 l\u2019automobile, HPX a connu une forte croissance ces derni\u00e8res ann\u00e9es et est devenu le leader europ\u00e9en des rubans adh\u00e9sifs sur le march\u00e9 automobile de deuxi\u00e8me monte. HPX offre : Assortiment complet &amp; compact bas\u00e9 sur [&hellip;]\" \/>\n<meta property=\"og:url\" content=\"https:\/\/hpx.eu\/fr\/hpx-specialiste-des-rubans-adhesifs-pour-lautomobile\/\" \/>\n<meta property=\"og:site_name\" content=\"HPX\" \/>\n<meta property=\"article:publisher\" content=\"https:\/\/www.facebook.com\/HPXtape\/\" \/>\n<meta property=\"article:modified_time\" content=\"2025-12-19T07:45:02+00:00\" \/>\n<meta property=\"og:image\" content=\"https:\/\/hpx.eu\/wp-content\/uploads\/2020\/04\/HPX_6200_Repair_tape-HPX.jpg\" \/>\n<meta name=\"twitter:card\" content=\"summary_large_image\" \/>\n<meta name=\"twitter:label1\" content=\"Dur\u00e9e de lecture estim\u00e9e\" \/>\n\t<meta name=\"twitter:data1\" content=\"5 minutes\" \/>\n<script type=\"application\/ld+json\" class=\"yoast-schema-graph\">{\"@context\":\"https:\\\/\\\/schema.org\",\"@graph\":[{\"@type\":\"WebPage\",\"@id\":\"https:\\\/\\\/hpx.eu\\\/fr\\\/hpx-specialiste-des-rubans-adhesifs-pour-lautomobile\\\/\",\"url\":\"https:\\\/\\\/hpx.eu\\\/fr\\\/hpx-specialiste-des-rubans-adhesifs-pour-lautomobile\\\/\",\"name\":\"HPX : Sp\u00e9cialiste des rubans adh\u00e9sifs pour l\u2019automobile - HPX\",\"isPartOf\":{\"@id\":\"http:\\\/\\\/hpx.eu\\\/fr\\\/#website\"},\"primaryImageOfPage\":{\"@id\":\"https:\\\/\\\/hpx.eu\\\/fr\\\/hpx-specialiste-des-rubans-adhesifs-pour-lautomobile\\\/#primaryimage\"},\"image\":{\"@id\":\"https:\\\/\\\/hpx.eu\\\/fr\\\/hpx-specialiste-des-rubans-adhesifs-pour-lautomobile\\\/#primaryimage\"},\"thumbnailUrl\":\"https:\\\/\\\/hpx.eu\\\/wp-content\\\/uploads\\\/2020\\\/04\\\/HPX_6200_Repair_tape-HPX.jpg\",\"datePublished\":\"2021-04-23T12:29:25+00:00\",\"dateModified\":\"2025-12-19T07:45:02+00:00\",\"breadcrumb\":{\"@id\":\"https:\\\/\\\/hpx.eu\\\/fr\\\/hpx-specialiste-des-rubans-adhesifs-pour-lautomobile\\\/#breadcrumb\"},\"inLanguage\":\"fr-FR\",\"potentialAction\":[{\"@type\":\"ReadAction\",\"target\":[\"https:\\\/\\\/hpx.eu\\\/fr\\\/hpx-specialiste-des-rubans-adhesifs-pour-lautomobile\\\/\"]}]},{\"@type\":\"ImageObject\",\"inLanguage\":\"fr-FR\",\"@id\":\"https:\\\/\\\/hpx.eu\\\/fr\\\/hpx-specialiste-des-rubans-adhesifs-pour-lautomobile\\\/#primaryimage\",\"url\":\"https:\\\/\\\/hpx.eu\\\/wp-content\\\/uploads\\\/2020\\\/04\\\/HPX_6200_Repair_tape-HPX.jpg\",\"contentUrl\":\"https:\\\/\\\/hpx.eu\\\/wp-content\\\/uploads\\\/2020\\\/04\\\/HPX_6200_Repair_tape-HPX.jpg\"},{\"@type\":\"BreadcrumbList\",\"@id\":\"https:\\\/\\\/hpx.eu\\\/fr\\\/hpx-specialiste-des-rubans-adhesifs-pour-lautomobile\\\/#breadcrumb\",\"itemListElement\":[{\"@type\":\"ListItem\",\"position\":1,\"name\":\"Startseite\",\"item\":\"http:\\\/\\\/hpx.eu\\\/fr\\\/\"},{\"@type\":\"ListItem\",\"position\":2,\"name\":\"HPX : Sp\u00e9cialiste des rubans adh\u00e9sifs pour l\u2019automobile\"}]},{\"@type\":\"WebSite\",\"@id\":\"http:\\\/\\\/hpx.eu\\\/fr\\\/#website\",\"url\":\"http:\\\/\\\/hpx.eu\\\/fr\\\/\",\"name\":\"HPX\",\"description\":\"Tough Job, Tougher Tape\",\"publisher\":{\"@id\":\"http:\\\/\\\/hpx.eu\\\/fr\\\/#organization\"},\"potentialAction\":[{\"@type\":\"SearchAction\",\"target\":{\"@type\":\"EntryPoint\",\"urlTemplate\":\"http:\\\/\\\/hpx.eu\\\/fr\\\/?s={search_term_string}\"},\"query-input\":{\"@type\":\"PropertyValueSpecification\",\"valueRequired\":true,\"valueName\":\"search_term_string\"}}],\"inLanguage\":\"fr-FR\"},{\"@type\":\"Organization\",\"@id\":\"http:\\\/\\\/hpx.eu\\\/fr\\\/#organization\",\"name\":\"Option Tape Specialties\",\"url\":\"http:\\\/\\\/hpx.eu\\\/fr\\\/\",\"logo\":{\"@type\":\"ImageObject\",\"inLanguage\":\"fr-FR\",\"@id\":\"http:\\\/\\\/hpx.eu\\\/fr\\\/#\\\/schema\\\/logo\\\/image\\\/\",\"url\":\"\",\"contentUrl\":\"\",\"caption\":\"Option Tape Specialties\"},\"image\":{\"@id\":\"http:\\\/\\\/hpx.eu\\\/fr\\\/#\\\/schema\\\/logo\\\/image\\\/\"},\"sameAs\":[\"https:\\\/\\\/www.facebook.com\\\/HPXtape\\\/\",\"https:\\\/\\\/www.linkedin.com\\\/company\\\/2913311\\\/\",\"https:\\\/\\\/www.youtube.com\\\/channel\\\/UCCYnFjBGfKw8SPW1hMUCVFg\"]}]}<\/script>\n<!-- \/ Yoast SEO plugin. -->","yoast_head_json":{"title":"HPX : Sp\u00e9cialiste des rubans adh\u00e9sifs pour l\u2019automobile - HPX","robots":{"index":"index","follow":"follow","max-snippet":"max-snippet:-1","max-image-preview":"max-image-preview:large","max-video-preview":"max-video-preview:-1"},"canonical":"https:\/\/hpx.eu\/fr\/hpx-specialiste-des-rubans-adhesifs-pour-lautomobile\/","og_locale":"fr_FR","og_type":"article","og_title":"HPX : Sp\u00e9cialiste des rubans adh\u00e9sifs pour l\u2019automobile - HPX","og_description":"HPX est un fabricant belge de ruban adh\u00e9sif technique depuis plus de 25 ans. Gr\u00e2ce \u00e0 notre assortiment d\u00e9di\u00e9 \u00e0 l\u2019automobile, HPX a connu une forte croissance ces derni\u00e8res ann\u00e9es et est devenu le leader europ\u00e9en des rubans adh\u00e9sifs sur le march\u00e9 automobile de deuxi\u00e8me monte. HPX offre : Assortiment complet &amp; compact bas\u00e9 sur [&hellip;]","og_url":"https:\/\/hpx.eu\/fr\/hpx-specialiste-des-rubans-adhesifs-pour-lautomobile\/","og_site_name":"HPX","article_publisher":"https:\/\/www.facebook.com\/HPXtape\/","article_modified_time":"2025-12-19T07:45:02+00:00","og_image":[{"url":"https:\/\/hpx.eu\/wp-content\/uploads\/2020\/04\/HPX_6200_Repair_tape-HPX.jpg","type":"","width":"","height":""}],"twitter_card":"summary_large_image","twitter_misc":{"Dur\u00e9e de lecture estim\u00e9e":"5 minutes"},"schema":{"@context":"https:\/\/schema.org","@graph":[{"@type":"WebPage","@id":"https:\/\/hpx.eu\/fr\/hpx-specialiste-des-rubans-adhesifs-pour-lautomobile\/","url":"https:\/\/hpx.eu\/fr\/hpx-specialiste-des-rubans-adhesifs-pour-lautomobile\/","name":"HPX : Sp\u00e9cialiste des rubans adh\u00e9sifs pour l\u2019automobile - HPX","isPartOf":{"@id":"https:\/\/hpx.eu\/fr\/#website"},"primaryImageOfPage":{"@id":"https:\/\/hpx.eu\/fr\/hpx-specialiste-des-rubans-adhesifs-pour-lautomobile\/#primaryimage"},"image":{"@id":"https:\/\/hpx.eu\/fr\/hpx-specialiste-des-rubans-adhesifs-pour-lautomobile\/#primaryimage"},"thumbnailUrl":"https:\/\/hpx.eu\/wp-content\/uploads\/2020\/04\/HPX_6200_Repair_tape-HPX.jpg","datePublished":"2021-04-23T12:29:25+00:00","dateModified":"2025-12-19T07:45:02+00:00","breadcrumb":{"@id":"https:\/\/hpx.eu\/fr\/hpx-specialiste-des-rubans-adhesifs-pour-lautomobile\/#breadcrumb"},"inLanguage":"fr-FR","potentialAction":[{"@type":"ReadAction","target":["https:\/\/hpx.eu\/fr\/hpx-specialiste-des-rubans-adhesifs-pour-lautomobile\/"]}]},{"@type":"ImageObject","inLanguage":"fr-FR","@id":"https:\/\/hpx.eu\/fr\/hpx-specialiste-des-rubans-adhesifs-pour-lautomobile\/#primaryimage","url":"https:\/\/hpx.eu\/wp-content\/uploads\/2020\/04\/HPX_6200_Repair_tape-HPX.jpg","contentUrl":"https:\/\/hpx.eu\/wp-content\/uploads\/2020\/04\/HPX_6200_Repair_tape-HPX.jpg"},{"@type":"BreadcrumbList","@id":"https:\/\/hpx.eu\/fr\/hpx-specialiste-des-rubans-adhesifs-pour-lautomobile\/#breadcrumb","itemListElement":[{"@type":"ListItem","position":1,"name":"Startseite","item":"https:\/\/hpx.eu\/fr\/"},{"@type":"ListItem","position":2,"name":"HPX : Sp\u00e9cialiste des rubans adh\u00e9sifs pour l\u2019automobile"}]},{"@type":"WebSite","@id":"https:\/\/hpx.eu\/fr\/#website","url":"https:\/\/hpx.eu\/fr\/","name":"HPX","description":"Tough Job, Tougher Tape","publisher":{"@id":"https:\/\/hpx.eu\/fr\/#organization"},"potentialAction":[{"@type":"SearchAction","target":{"@type":"EntryPoint","urlTemplate":"https:\/\/hpx.eu\/fr\/?s={search_term_string}"},"query-input":{"@type":"PropertyValueSpecification","valueRequired":true,"valueName":"search_term_string"}}],"inLanguage":"fr-FR"},{"@type":"Organization","@id":"https:\/\/hpx.eu\/fr\/#organization","name":"Option Tape Specialties","url":"https:\/\/hpx.eu\/fr\/","logo":{"@type":"ImageObject","inLanguage":"fr-FR","@id":"https:\/\/hpx.eu\/fr\/#\/schema\/logo\/image\/","url":"","contentUrl":"","caption":"Option Tape Specialties"},"image":{"@id":"https:\/\/hpx.eu\/fr\/#\/schema\/logo\/image\/"},"sameAs":["https:\/\/www.facebook.com\/HPXtape\/","https:\/\/www.linkedin.com\/company\/2913311\/","https:\/\/www.youtube.com\/channel\/UCCYnFjBGfKw8SPW1hMUCVFg"]}]}},"_links":{"self":[{"href":"https:\/\/hpx.eu\/fr\/wp-json\/wp\/v2\/pages\/107421","targetHints":{"allow":["GET"]}}],"collection":[{"href":"https:\/\/hpx.eu\/fr\/wp-json\/wp\/v2\/pages"}],"about":[{"href":"https:\/\/hpx.eu\/fr\/wp-json\/wp\/v2\/types\/page"}],"author":[{"embeddable":true,"href":"https:\/\/hpx.eu\/fr\/wp-json\/wp\/v2\/users\/1"}],"replies":[{"embeddable":true,"href":"https:\/\/hpx.eu\/fr\/wp-json\/wp\/v2\/comments?post=107421"}],"version-history":[{"count":8,"href":"https:\/\/hpx.eu\/fr\/wp-json\/wp\/v2\/pages\/107421\/revisions"}],"predecessor-version":[{"id":109677,"href":"https:\/\/hpx.eu\/fr\/wp-json\/wp\/v2\/pages\/107421\/revisions\/109677"}],"wp:attachment":[{"href":"https:\/\/hpx.eu\/fr\/wp-json\/wp\/v2\/media?parent=107421"}],"curies":[{"name":"wp","href":"https:\/\/api.w.org\/{rel}","templated":true}]}}