{"id":10138,"date":"2017-06-14T14:26:20","date_gmt":"2017-06-14T12:26:20","guid":{"rendered":"http:\/\/hpx.jonathanhuyssens.be\/?page_id=10138"},"modified":"2023-01-09T16:54:09","modified_gmt":"2023-01-09T15:54:09","slug":"plan-du-site","status":"publish","type":"page","link":"https:\/\/hpx.eu\/fr\/plan-du-site\/","title":{"rendered":"Plan du site"},"content":{"rendered":"<div class=\"wsp-container\"><h2 class=\"wsp-pages-title\">Pages<\/h2>\n<ul class=\"wsp-pages-list\">\n<li class=\"page_item page-item-175909\"><a href=\"https:\/\/hpx.eu\/fr\/airtight\/\">AIRTIGHT<\/a><\/li>\n<li class=\"page_item page-item-9723\"><a href=\"https:\/\/hpx.eu\/fr\/assortiments-type\/\">Assortiments type<\/a><\/li>\n<li class=\"page_item page-item-9705\"><a href=\"https:\/\/hpx.eu\/fr\/catalogue\/\">Catalogue<\/a><\/li>\n<li class=\"page_item page-item-10103\"><a href=\"https:\/\/hpx.eu\/fr\/clause-de-nonresponsabilite\/\">Clause de nonresponsabilit\u00e9<\/a><\/li>\n<li class=\"page_item page-item-10083\"><a href=\"https:\/\/hpx.eu\/fr\/conditions-generales\/\">Conditions g\u00e9n\u00e9rales<\/a><\/li>\n<li class=\"page_item page-item-9737\"><a href=\"https:\/\/hpx.eu\/fr\/contact\/\">Contact<\/a><\/li>\n<li class=\"page_item page-item-10122\"><a href=\"https:\/\/hpx.eu\/fr\/declaration-de-confidentialite\/\">D\u00e9claration de confidentialit\u00e9<\/a><\/li>\n<li class=\"page_item page-item-110029\"><a href=\"https:\/\/hpx.eu\/fr\/double-sided-cloth-tape\/\">Double Sided Cloth Tape<\/a><\/li>\n<li class=\"page_item page-item-110031\"><a href=\"https:\/\/hpx.eu\/fr\/double-sided-vinyl-tape\/\">Double Sided Vinyl Tape<\/a><\/li>\n<li class=\"page_item page-item-108613\"><a href=\"https:\/\/hpx.eu\/fr\/durable-airtight-products\/\">DURABLE AIRTIGHT PRODUCTS<\/a><\/li>\n<li class=\"page_item page-item-152637\"><a href=\"https:\/\/hpx.eu\/fr\/fine-line-tape\/\">Fine Line Tape<\/a><\/li>\n<li class=\"page_item page-item-110025\"><a href=\"https:\/\/hpx.eu\/fr\/heavy-duty-double-sided-mounting-tape\/\">Heavy Duty Double Sided Mounting Tape<\/a><\/li>\n<li class=\"page_item page-item-107421\"><a href=\"https:\/\/hpx.eu\/fr\/hpx-specialiste-des-rubans-adhesifs-pour-lautomobile\/\">HPX : Sp\u00e9cialiste des rubans adh\u00e9sifs pour l\u2019automobile<\/a><\/li>\n<li class=\"page_item page-item-6692\"><a href=\"https:\/\/hpx.eu\/fr\/\">HPX | Tough Job, Tougher Tape<\/a><\/li>\n<li class=\"page_item page-item-153671\"><a href=\"https:\/\/hpx.eu\/fr\/masking-4360-gold\/\">MASKING 4360 GOLD<\/a><\/li>\n<li class=\"page_item page-item-153219\"><a href=\"https:\/\/hpx.eu\/fr\/masking-4760-sensitive\/\">MASKING 4760 SENSITIVE<\/a><\/li>\n<li class=\"page_item page-item-9751\"><a href=\"https:\/\/hpx.eu\/fr\/p-l-v\/\">P.L.V.<\/a><\/li>\n<li class=\"page_item page-item-175867\"><a href=\"https:\/\/hpx.eu\/fr\/paint-protection-film\/\">Paint Protection Film<\/a><\/li>\n<li class=\"page_item page-item-10138\"><a href=\"https:\/\/hpx.eu\/fr\/plan-du-site\/\">Plan du site<\/a><\/li>\n<li class=\"page_item page-item-185635\"><a href=\"https:\/\/hpx.eu\/fr\/postes-vacants\/\">Postes vacants<\/a><\/li>\n<li class=\"page_item page-item-9955\"><a href=\"https:\/\/hpx.eu\/fr\/produits\/\">Produits<\/a><\/li>\n<li class=\"page_item page-item-9765\"><a href=\"https:\/\/hpx.eu\/fr\/promotions\/\">Promotions<\/a><\/li>\n<li class=\"page_item page-item-109241\"><a href=\"https:\/\/hpx.eu\/fr\/sticky-cover-paper\/\">Sticky Cover Paper<\/a><\/li>\n<li class=\"page_item page-item-166299\"><a href=\"https:\/\/hpx.eu\/fr\/sustainability\/\">Sustainability<\/a><\/li>\n<li class=\"page_item page-item-17489\"><a href=\"https:\/\/hpx.eu\/fr\/vacatures\/\">Vacatures<\/a><\/li>\n<\/ul>\n<h2 class=\"wsp-products-title\">Produits<\/h2>\n<ul class=\"wsp-products-list\">\n<li><a href=\"https:\/\/hpx.eu\/fr\/product\/airtight-fix-8900\/\">AIRTIGHT FIX 8900<\/a><\/li>\n<li><a href=\"https:\/\/hpx.eu\/fr\/product\/airtight-roof-8800\/\">AIRTIGHT ROOF 8800<\/a><\/li>\n<li><a href=\"https:\/\/hpx.eu\/fr\/product\/airtight-indoor-8700\/\">AIRTIGHT INDOOR 8700<\/a><\/li>\n<li><a href=\"https:\/\/hpx.eu\/fr\/product\/airtight-uv-8600\/\">AIRTIGHT UV 8600<\/a><\/li>\n<li><a href=\"https:\/\/hpx.eu\/fr\/product\/airtight-flex-go-8550\/\">AIRTIGHT FLEX GO 8550<\/a><\/li>\n<li><a href=\"https:\/\/hpx.eu\/fr\/product\/airtight-flex-8500\/\">AIRTIGHT FLEX 8500<\/a><\/li>\n<li><a href=\"https:\/\/hpx.eu\/fr\/product\/eliminateur-dadhesifs-9800\/\">ELIMINATEUR D&apos;ADH\u00c9SIFS 9800<\/a><\/li>\n<li><a href=\"https:\/\/hpx.eu\/fr\/product\/mirror-repair-kit-9730\/\">MIRROR REPAIR KIT 9730<\/a><\/li>\n<li><a href=\"https:\/\/hpx.eu\/fr\/product\/cable-protection-tape-52800-2\/\">CABLE PROTECTION TAPE 52800<\/a><\/li>\n<li><a href=\"https:\/\/hpx.eu\/fr\/product\/self-fusion-tape-52500-2\/\">SELF FUSION TAPE 52500<\/a><\/li>\n<li><a href=\"https:\/\/hpx.eu\/fr\/product\/insulation-tape-5200-5200-2\/\">INSULATION TAPE 5200 5200<\/a><\/li>\n<li><a href=\"https:\/\/hpx.eu\/fr\/product\/reflect-tape-9710\/\">REFLECT TAPE 9710<\/a><\/li>\n<li><a href=\"https:\/\/hpx.eu\/fr\/product\/aluminium-tape-8300\/\">ALUMINIUM TAPE 8300<\/a><\/li>\n<li><a href=\"https:\/\/hpx.eu\/fr\/product\/duo-grip-1830-2\/\">DUO GRIP 1830<\/a><\/li>\n<li><a href=\"https:\/\/hpx.eu\/fr\/product\/zip-fix-1815\/\">ZIP FIX 1815<\/a><\/li>\n<li><a href=\"https:\/\/hpx.eu\/fr\/product\/ultra-mount-tape-1600-2\/\">ULTRA MOUNT TAPE 1600<\/a><\/li>\n<li><a href=\"https:\/\/hpx.eu\/fr\/product\/side-moulding-tape-2400-2\/\">SIDE MOULDING TAPE 2400<\/a><\/li>\n<li><a href=\"https:\/\/hpx.eu\/fr\/product\/power-bond-3200\/\">POWER BOND 3200<\/a><\/li>\n<li><a href=\"https:\/\/hpx.eu\/fr\/product\/hsa-double-sided-tape-3200\/\">HSA DOUBLE SIDED TAPE 3200<\/a><\/li>\n<li><a href=\"https:\/\/hpx.eu\/fr\/product\/camo-tape-6300\/\">CAMO TAPE 6300<\/a><\/li>\n<li><a href=\"https:\/\/hpx.eu\/fr\/product\/hpx-6200-repair-tape-pocket-size-6200\/\">HPX 6200 REPAIR TAPE - POCKET SIZE 6200<\/a><\/li>\n<li><a href=\"https:\/\/hpx.eu\/fr\/product\/hpx-6200-repair-tape-6200-2\/\">HPX 6200 REPAIR TAPE 6200<\/a><\/li>\n<li><a href=\"https:\/\/hpx.eu\/fr\/product\/double-sided-carpet-tape-1100-2\/\">DOUBLE SIDED CARPET TAPE 1100<\/a><\/li>\n<li><a href=\"https:\/\/hpx.eu\/fr\/product\/removable-transparent-pads-3050\/\">REMOVABLE TRANSPARENT PADS 3050<\/a><\/li>\n<li><a href=\"https:\/\/hpx.eu\/fr\/product\/powerpads-1710\/\">POWERPADS 1710<\/a><\/li>\n<li><a href=\"https:\/\/hpx.eu\/fr\/product\/tape-dispenser-5920\/\">TAPE DISPENSER 5920<\/a><\/li>\n<li><a href=\"https:\/\/hpx.eu\/fr\/product\/packaging-tape-breekbaar-fragile-5900\/\">PACKAGING TAPE BREEKBAAR\/FRAGILE 5900<\/a><\/li>\n<li><a href=\"https:\/\/hpx.eu\/fr\/product\/paper-packaging-tape-5800\/\">PAPER PACKAGING TAPE 5800<\/a><\/li>\n<li><a href=\"https:\/\/hpx.eu\/fr\/product\/super-strong-filament-tape-5750\/\">SUPER STRONG FILAMENT TAPE 5750<\/a><\/li>\n<li><a href=\"https:\/\/hpx.eu\/fr\/product\/premium-packaging-tape-5700\/\">PREMIUM PACKAGING TAPE 5700<\/a><\/li>\n<li><a href=\"https:\/\/hpx.eu\/fr\/product\/packaging-tape-flatpack-6-rolls-5600\/\">PACKAGING TAPE FLATPACK (6 ROLLS) 5600<\/a><\/li>\n<li><a href=\"https:\/\/hpx.eu\/fr\/product\/packaging-tape-individual-5600\/\">PACKAGING TAPE (INDIVIDUAL) 5600<\/a><\/li>\n<li><a href=\"https:\/\/hpx.eu\/fr\/product\/cloth-insulation-tape-52900\/\">CLOTH INSULATION TAPE 52900<\/a><\/li>\n<li><a href=\"https:\/\/hpx.eu\/fr\/product\/cable-protection-tape-52800\/\">CABLE PROTECTION TAPE 52800<\/a><\/li>\n<li><a href=\"https:\/\/hpx.eu\/fr\/product\/stretch-fuse-52700\/\">STRETCH &amp; FUSE 52700<\/a><\/li>\n<li><a href=\"https:\/\/hpx.eu\/fr\/product\/self-fusion-tape-52500\/\">SELF FUSION TAPE 52500<\/a><\/li>\n<li><a href=\"https:\/\/hpx.eu\/fr\/product\/ptfe-tape-water-7950\/\">PTFE TAPE WATER 7950<\/a><\/li>\n<li><a href=\"https:\/\/hpx.eu\/fr\/product\/ptfe-tape-gas-7900\/\">PTFE TAPE GAS 7900<\/a><\/li>\n<li><a href=\"https:\/\/hpx.eu\/fr\/product\/insulation-tape-52400-52400\/\">INSULATION TAPE 52400 52400<\/a><\/li>\n<li><a href=\"https:\/\/hpx.eu\/fr\/product\/insulation-tape-52300-52300\/\">INSULATION TAPE 52300 52300<\/a><\/li>\n<li><a href=\"https:\/\/hpx.eu\/fr\/product\/insulation-tape-52100-52100\/\">INSULATION TAPE 52100 52100<\/a><\/li>\n<li><a href=\"https:\/\/hpx.eu\/fr\/product\/insulation-tape-5200-5200\/\">INSULATION TAPE 5200 5200<\/a><\/li>\n<li><a href=\"https:\/\/hpx.eu\/fr\/product\/magnetic-tape-7800\/\">MAGNETIC TAPE 7800<\/a><\/li>\n<li><a href=\"https:\/\/hpx.eu\/fr\/product\/metal-corner-strips-7720\/\">METAL CORNER STRIPS 7720<\/a><\/li>\n<li><a href=\"https:\/\/hpx.eu\/fr\/product\/drywall-paper-tape-7710\/\">DRYWALL PAPER TAPE 7710<\/a><\/li>\n<li><a href=\"https:\/\/hpx.eu\/fr\/product\/drywall-jointing-tape-7700\/\">DRYWALL JOINTING TAPE 7700<\/a><\/li>\n<li><a href=\"https:\/\/hpx.eu\/fr\/product\/reinforced-aluminium-tape-8400\/\">REINFORCED ALUMINIUM TAPE 8400<\/a><\/li>\n<li><a href=\"https:\/\/hpx.eu\/fr\/product\/alu-tape-8300\/\">ALU TAPE 8300<\/a><\/li>\n<li><a href=\"https:\/\/hpx.eu\/fr\/product\/bodywork-cover-pads-7660\/\">BODYWORK COVER PADS 7660<\/a><\/li>\n<li><a href=\"https:\/\/hpx.eu\/fr\/product\/black-protection-film-7650\/\">BLACK PROTECTION FILM 7650<\/a><\/li>\n<li><a href=\"https:\/\/hpx.eu\/fr\/product\/car-paint-protection-film-7600\/\">PAINT PROTECTION FILM 7600<\/a><\/li>\n<li><a href=\"https:\/\/hpx.eu\/fr\/product\/aqua-grip-9700\/\">AQUA GRIP 9700<\/a><\/li>\n<li><a href=\"https:\/\/hpx.eu\/fr\/product\/safety-grip-9600\/\">SAFETY GRIP 9600<\/a><\/li>\n<li><a href=\"https:\/\/hpx.eu\/fr\/product\/super-barrier-tape-9400\/\">SUPER BARRIER TAPE 9400<\/a><\/li>\n<li><a href=\"https:\/\/hpx.eu\/fr\/product\/barrier-tape-9300\/\">BARRIER TAPE 9300<\/a><\/li>\n<li><a href=\"https:\/\/hpx.eu\/fr\/product\/lane-marking-tape-9200\/\">LANE MARKING TAPE 9200<\/a><\/li>\n<li><a href=\"https:\/\/hpx.eu\/fr\/product\/heavy-duty-marking-tape-9100\/\">HEAVY DUTY MARKING TAPE 9100<\/a><\/li>\n<li><a href=\"https:\/\/hpx.eu\/fr\/product\/safety-textile-tape-6150\/\">SAFETY TEXTILE TAPE 6150<\/a><\/li>\n<li><a href=\"https:\/\/hpx.eu\/fr\/product\/safety-tape-9000\/\">SAFETY TAPE 9000<\/a><\/li>\n<li><a href=\"https:\/\/hpx.eu\/fr\/product\/fine-line-tape-7500\/\">FINE LINE TAPE 7500<\/a><\/li>\n<li><a href=\"https:\/\/hpx.eu\/fr\/product\/trim-masking-tape-4950\/\">TRIM MASKING TAPE 4950<\/a><\/li>\n<li><a href=\"https:\/\/hpx.eu\/fr\/product\/pvc-form-work-tape-7400\/\">PVC FORM WORK TAPE 7400<\/a><\/li>\n<li><a href=\"https:\/\/hpx.eu\/fr\/product\/clean-removal-tape-7300\/\">CLEAN REMOVAL TAPE 7300<\/a><\/li>\n<li><a href=\"https:\/\/hpx.eu\/fr\/product\/pro-pe-plastering-tape-5910\/\">PRO PE PLASTERING TAPE 5910<\/a><\/li>\n<li><a href=\"https:\/\/hpx.eu\/fr\/product\/pvc-orange-pare-vapeur-7200\/\">PVC ORANGE PARE VAPEUR 7200<\/a><\/li>\n<li><a href=\"https:\/\/hpx.eu\/fr\/product\/pro-cover-7100\/\">PRO COVER 7100<\/a><\/li>\n<li><a href=\"https:\/\/hpx.eu\/fr\/product\/sticky-cover-paper-stairs-4000\/\">STICKY COVER PAPER - STAIRS 4000<\/a><\/li>\n<li><a href=\"https:\/\/hpx.eu\/fr\/product\/sticky-cover-paper-4000\/\">STICKY COVER PAPER 4000<\/a><\/li>\n<li><a href=\"https:\/\/hpx.eu\/fr\/product\/easy-mask-outdoor-uv-4790\/\">EASY MASK OUTDOOR UV 4790<\/a><\/li>\n<li><a href=\"https:\/\/hpx.eu\/fr\/product\/easy-mask-outdoor-4780\/\">EASY MASK OUTDOOR 4780<\/a><\/li>\n<li><a href=\"https:\/\/hpx.eu\/fr\/product\/easy-mask-fine-line-4750\/\">EASY MASK FINE LINE 4750<\/a><\/li>\n<li><a href=\"https:\/\/hpx.eu\/fr\/product\/easy-mask-dispenser-4730\/\">EASY MASK + DISPENSER 4730<\/a><\/li>\n<li><a href=\"https:\/\/hpx.eu\/fr\/product\/easy-mask-4720\/\">EASY MASK 4720<\/a><\/li>\n<li><a href=\"https:\/\/hpx.eu\/fr\/product\/masking-4900-extra-strong-4900\/\">MASKING 4900 EXTRA STRONG 4900<\/a><\/li>\n<li><a href=\"https:\/\/hpx.eu\/fr\/product\/masking-4800-delicate-surfaces-4800\/\">MASKING 4800 DELICATE SURFACES 4800<\/a><\/li>\n<li><a href=\"https:\/\/hpx.eu\/fr\/product\/masking-4400-fine-line-4400\/\">MASKING 4400 FINE LINE 4400<\/a><\/li>\n<li><a href=\"https:\/\/hpx.eu\/fr\/product\/masking-4300-stucco-4300\/\">MASKING 4300 STUCCO 4300<\/a><\/li>\n<li><a href=\"https:\/\/hpx.eu\/fr\/product\/masking-4600-uv-4600\/\">MASKING 4600 UV 4600<\/a><\/li>\n<li><a href=\"https:\/\/hpx.eu\/fr\/product\/masking-4050-paint-pro-60c-4050\/\">MASKING 4050 PAINT PRO 60\u00b0C 4050<\/a><\/li>\n<li><a href=\"https:\/\/hpx.eu\/fr\/product\/masking-4100-automotive-110c-4100\/\">MASKING 4100 AUTOMOTIVE 110\u00b0C 4100<\/a><\/li>\n<li><a href=\"https:\/\/hpx.eu\/fr\/product\/alubutyl-8200\/\">ALUBUTYL 8200<\/a><\/li>\n<li><a href=\"https:\/\/hpx.eu\/fr\/product\/power-sealing-tape-8100\/\">POWER SEALING TAPE 8100<\/a><\/li>\n<li><a href=\"https:\/\/hpx.eu\/fr\/product\/butyl-sealing-tape-8000\/\">BUTYL SEALING TAPE 8000<\/a><\/li>\n<li><a href=\"https:\/\/hpx.eu\/fr\/product\/backgrip-1840\/\">BACKGRIP 1840<\/a><\/li>\n<li><a href=\"https:\/\/hpx.eu\/fr\/product\/duo-grip-1830\/\">DUO GRIP 1830<\/a><\/li>\n<li><a href=\"https:\/\/hpx.eu\/fr\/product\/zip-fix-1800\/\">ZIP FIX 1800<\/a><\/li>\n<li><a href=\"https:\/\/hpx.eu\/fr\/product\/emblem-press-mount-1500\/\">EMBLEM PRESS &amp; MOUNT 1500<\/a><\/li>\n<li><a href=\"https:\/\/hpx.eu\/fr\/product\/expo-carpet-tape-1400\/\">EXPO CARPET TAPE 1400<\/a><\/li>\n<li><a href=\"https:\/\/hpx.eu\/fr\/product\/double-sided-paper-tape-1300\/\">DOUBLE SIDED PAPER TAPE 1300<\/a><\/li>\n<li><a href=\"https:\/\/hpx.eu\/fr\/product\/double-sided-tape-1200\/\">DOUBLE SIDED TAPE 1200<\/a><\/li>\n<li><a href=\"https:\/\/hpx.eu\/fr\/product\/double-sided-carpet-tape-1100\/\">DOUBLE SIDED CARPET TAPE 1100<\/a><\/li>\n<li><a href=\"https:\/\/hpx.eu\/fr\/product\/multi-tack-double-sided-mounting-tape-led-profile-1700\/\">MULTI TACK DOUBLE SIDED MOUNTING TAPE - LED PROFILE 1700<\/a><\/li>\n<li><a href=\"https:\/\/hpx.eu\/fr\/product\/multi-tack-double-sided-mounting-tape-1700\/\">MULTI TACK DOUBLE SIDED MOUNTING TAPE 1700<\/a><\/li>\n<li><a href=\"https:\/\/hpx.eu\/fr\/product\/ultra-mount-tape-1600\/\">ULTRA MOUNT TAPE 1600<\/a><\/li>\n<li><a href=\"https:\/\/hpx.eu\/fr\/product\/double-sided-mounting-tape-black-2800\/\">DOUBLE SIDED MOUNTING TAPE BLACK 2800<\/a><\/li>\n<li><a href=\"https:\/\/hpx.eu\/fr\/product\/double-sided-mounting-tape-2700\/\">DOUBLE SIDED MOUNTING TAPE 2700<\/a><\/li>\n<li><a href=\"https:\/\/hpx.eu\/fr\/product\/double-sided-mounting-tape-3mm-2600\/\">DOUBLE SIDED MOUNTING TAPE 3MM 2600<\/a><\/li>\n<li><a href=\"https:\/\/hpx.eu\/fr\/product\/mirror-mounting-tape-2500\/\">MIRROR MOUNTING TAPE 2500<\/a><\/li>\n<li><a href=\"https:\/\/hpx.eu\/fr\/product\/side-moulding-tape-2400\/\">SIDE MOULDING TAPE 2400<\/a><\/li>\n<li><a href=\"https:\/\/hpx.eu\/fr\/product\/hsa-high-strength-acrylic-3200-3200\/\">HSA HIGH STRENGTH ACRYLIC 3200 3200<\/a><\/li>\n<li><a href=\"https:\/\/hpx.eu\/fr\/product\/maxpower-outdoor-3100\/\">MAXPOWER OUTDOOR 3100<\/a><\/li>\n<li><a href=\"https:\/\/hpx.eu\/fr\/product\/maxpower-transparent-3000\/\">MAXPOWER TRANSPARENT 3000<\/a><\/li>\n<li><a href=\"https:\/\/hpx.eu\/fr\/product\/agritape-6900\/\">AGRITAPE 6900<\/a><\/li>\n<li><a href=\"https:\/\/hpx.eu\/fr\/product\/all-weather-tape-6800\/\">ALL WEATHER TAPE 6800<\/a><\/li>\n<li><a href=\"https:\/\/hpx.eu\/fr\/product\/gaffer-6000-tape-sound-and-light-6000\/\">GAFFER 6000 TAPE &apos;SOUND AND LIGHT&apos; 6000<\/a><\/li>\n<li><a href=\"https:\/\/hpx.eu\/fr\/product\/gaffer-tape-fluo-6100\/\">GAFFER TAPE FLUO 6100<\/a><\/li>\n<li><a href=\"https:\/\/hpx.eu\/fr\/product\/gaffer-tape-matt-black-6400\/\">GAFFER TAPE MATT BLACK 6400<\/a><\/li>\n<li><a href=\"https:\/\/hpx.eu\/fr\/product\/duct-tape-1900-1900\/\">DUCT TAPE 1900 1900<\/a><\/li>\n<li><a href=\"https:\/\/hpx.eu\/fr\/product\/duct-tape-2200-2200\/\">DUCT TAPE 2200 2200<\/a><\/li>\n<li><a href=\"https:\/\/hpx.eu\/fr\/product\/duct-tape-2300-performance-plus-2300\/\">DUCT TAPE 2300 PERFORMANCE PLUS 2300<\/a><\/li>\n<li><a href=\"https:\/\/hpx.eu\/fr\/product\/pro-duct-tape-orange-2000\/\">PRO DUCT TAPE ORANGE 2000<\/a><\/li>\n<li><a href=\"https:\/\/hpx.eu\/fr\/product\/hpx-6200-repair-tape-6200\/\">HPX 6200 REPAIR TAPE 6200<\/a><\/li>\n<\/ul>\n<h2 class=\"wsp-product_cats-title\">Cat\u00e9gories de produits<\/h2>\n<ul class=\"wsp-product_cats-list\">\n<li><a href=\"https:\/\/hpx.eu\/fr\/categorie-produit\/accessoires-non-paint\/\">Accessoires non paint<\/a><\/li>\n<li><a href=\"https:\/\/hpx.eu\/fr\/categorie-produit\/emballage\/\">Emballage<\/a><\/li>\n<li><a href=\"https:\/\/hpx.eu\/fr\/categorie-produit\/produits-daposetancheite-durables\/\">Produits d'\u00e9tanch\u00e9it\u00e9 durables<\/a><\/li>\n<li><a href=\"https:\/\/hpx.eu\/fr\/categorie-produit\/rubans-adhesifs-en-blister\/\">Rubans adh\u00e9sifs en blister<\/a><\/li>\n<li><a href=\"https:\/\/hpx.eu\/fr\/categorie-produit\/rubans-daposetancheite\/\">Rubans d'\u00e9tanch\u00e9it\u00e9<\/a><\/li>\n<li><a href=\"https:\/\/hpx.eu\/fr\/categorie-produit\/rubans-de-fixation\/\">Rubans de fixation<\/a><\/li>\n<li><a href=\"https:\/\/hpx.eu\/fr\/categorie-produit\/rubans-de-masquage\/\">Rubans de masquage<\/a><\/li>\n<li><a href=\"https:\/\/hpx.eu\/fr\/categorie-produit\/rubans-isolants\/\">Rubans isolants<\/a><\/li>\n<li><a href=\"https:\/\/hpx.eu\/fr\/categorie-produit\/rubans-toile-adhesifs\/\">Rubans toile adh\u00e9sifs<\/a><\/li>\n<li><a href=\"https:\/\/hpx.eu\/fr\/categorie-produit\/securite-et-marquage\/\">S\u00e9curit\u00e9 et marquage<\/a><\/li>\n<li><a href=\"https:\/\/hpx.eu\/fr\/categorie-produit\/specialites\/\">Sp\u00e9cialit\u00e9s<\/a><\/li>\n<\/ul>\n<\/div>\n","protected":false},"excerpt":{"rendered":"","protected":false},"author":1,"featured_media":0,"parent":0,"menu_order":0,"comment_status":"closed","ping_status":"closed","template":"","meta":{"_exactmetrics_skip_tracking":false,"_exactmetrics_sitenote_active":false,"_exactmetrics_sitenote_note":"","_exactmetrics_sitenote_category":0,"_monsterinsights_skip_tracking":false,"_monsterinsights_sitenote_active":false,"_monsterinsights_sitenote_note":"","_monsterinsights_sitenote_category":0,"_themeisle_gutenberg_block_has_review":false,"footnotes":""},"class_list":["post-10138","page","type-page","status-publish","hentry","post"],"yoast_head":"<!-- This site is optimized with the Yoast SEO plugin v27.3 - https:\/\/yoast.com\/product\/yoast-seo-wordpress\/ -->\n<title>Plan du site - HPX<\/title>\n<meta name=\"description\" content=\"Bienvenue chez HPX. Nous offrons une vaste gamme de rubans, avec des solutions professionnelles qui r\u00e9pondent toujours \u00e0 toutes les plus hautes exigences de qualit\u00e9.\" \/>\n<meta name=\"robots\" content=\"index, follow, max-snippet:-1, max-image-preview:large, max-video-preview:-1\" \/>\n<link rel=\"canonical\" href=\"https:\/\/hpx.eu\/fr\/plan-du-site\/\" \/>\n<meta property=\"og:locale\" content=\"fr_FR\" \/>\n<meta property=\"og:type\" content=\"article\" \/>\n<meta property=\"og:title\" content=\"Plan du site - HPX\" \/>\n<meta property=\"og:description\" content=\"Bienvenue chez HPX. Nous offrons une vaste gamme de rubans, avec des solutions professionnelles qui r\u00e9pondent toujours \u00e0 toutes les plus hautes exigences de qualit\u00e9.\" \/>\n<meta property=\"og:url\" content=\"https:\/\/hpx.eu\/fr\/plan-du-site\/\" \/>\n<meta property=\"og:site_name\" content=\"HPX\" \/>\n<meta property=\"article:publisher\" content=\"https:\/\/www.facebook.com\/HPXtape\/\" \/>\n<meta property=\"article:modified_time\" content=\"2023-01-09T15:54:09+00:00\" \/>\n<meta name=\"twitter:card\" content=\"summary_large_image\" \/>\n<meta name=\"twitter:label1\" content=\"Dur\u00e9e de lecture estim\u00e9e\" \/>\n\t<meta name=\"twitter:data1\" content=\"1 minute\" \/>\n<script type=\"application\/ld+json\" class=\"yoast-schema-graph\">{\"@context\":\"https:\\\/\\\/schema.org\",\"@graph\":[{\"@type\":\"WebPage\",\"@id\":\"https:\\\/\\\/hpx.eu\\\/fr\\\/plan-du-site\\\/\",\"url\":\"https:\\\/\\\/hpx.eu\\\/fr\\\/plan-du-site\\\/\",\"name\":\"Plan du site - HPX\",\"isPartOf\":{\"@id\":\"http:\\\/\\\/hpx.eu\\\/fr\\\/#website\"},\"datePublished\":\"2017-06-14T12:26:20+00:00\",\"dateModified\":\"2023-01-09T15:54:09+00:00\",\"description\":\"Bienvenue chez HPX. Nous offrons une vaste gamme de rubans, avec des solutions professionnelles qui r\u00e9pondent toujours \u00e0 toutes les plus hautes exigences de qualit\u00e9.\",\"breadcrumb\":{\"@id\":\"https:\\\/\\\/hpx.eu\\\/fr\\\/plan-du-site\\\/#breadcrumb\"},\"inLanguage\":\"fr-FR\",\"potentialAction\":[{\"@type\":\"ReadAction\",\"target\":[\"https:\\\/\\\/hpx.eu\\\/fr\\\/plan-du-site\\\/\"]}]},{\"@type\":\"BreadcrumbList\",\"@id\":\"https:\\\/\\\/hpx.eu\\\/fr\\\/plan-du-site\\\/#breadcrumb\",\"itemListElement\":[{\"@type\":\"ListItem\",\"position\":1,\"name\":\"Startseite\",\"item\":\"http:\\\/\\\/hpx.eu\\\/fr\\\/\"},{\"@type\":\"ListItem\",\"position\":2,\"name\":\"Plan du site\"}]},{\"@type\":\"WebSite\",\"@id\":\"http:\\\/\\\/hpx.eu\\\/fr\\\/#website\",\"url\":\"http:\\\/\\\/hpx.eu\\\/fr\\\/\",\"name\":\"HPX\",\"description\":\"Tough Job, Tougher Tape\",\"publisher\":{\"@id\":\"http:\\\/\\\/hpx.eu\\\/fr\\\/#organization\"},\"potentialAction\":[{\"@type\":\"SearchAction\",\"target\":{\"@type\":\"EntryPoint\",\"urlTemplate\":\"http:\\\/\\\/hpx.eu\\\/fr\\\/?s={search_term_string}\"},\"query-input\":{\"@type\":\"PropertyValueSpecification\",\"valueRequired\":true,\"valueName\":\"search_term_string\"}}],\"inLanguage\":\"fr-FR\"},{\"@type\":\"Organization\",\"@id\":\"http:\\\/\\\/hpx.eu\\\/fr\\\/#organization\",\"name\":\"Option Tape Specialties\",\"url\":\"http:\\\/\\\/hpx.eu\\\/fr\\\/\",\"logo\":{\"@type\":\"ImageObject\",\"inLanguage\":\"fr-FR\",\"@id\":\"http:\\\/\\\/hpx.eu\\\/fr\\\/#\\\/schema\\\/logo\\\/image\\\/\",\"url\":\"\",\"contentUrl\":\"\",\"caption\":\"Option Tape Specialties\"},\"image\":{\"@id\":\"http:\\\/\\\/hpx.eu\\\/fr\\\/#\\\/schema\\\/logo\\\/image\\\/\"},\"sameAs\":[\"https:\\\/\\\/www.facebook.com\\\/HPXtape\\\/\",\"https:\\\/\\\/www.linkedin.com\\\/company\\\/2913311\\\/\",\"https:\\\/\\\/www.youtube.com\\\/channel\\\/UCCYnFjBGfKw8SPW1hMUCVFg\"]}]}<\/script>\n<!-- \/ Yoast SEO plugin. -->","yoast_head_json":{"title":"Plan du site - HPX","description":"Bienvenue chez HPX. Nous offrons une vaste gamme de rubans, avec des solutions professionnelles qui r\u00e9pondent toujours \u00e0 toutes les plus hautes exigences de qualit\u00e9.","robots":{"index":"index","follow":"follow","max-snippet":"max-snippet:-1","max-image-preview":"max-image-preview:large","max-video-preview":"max-video-preview:-1"},"canonical":"https:\/\/hpx.eu\/fr\/plan-du-site\/","og_locale":"fr_FR","og_type":"article","og_title":"Plan du site - HPX","og_description":"Bienvenue chez HPX. Nous offrons une vaste gamme de rubans, avec des solutions professionnelles qui r\u00e9pondent toujours \u00e0 toutes les plus hautes exigences de qualit\u00e9.","og_url":"https:\/\/hpx.eu\/fr\/plan-du-site\/","og_site_name":"HPX","article_publisher":"https:\/\/www.facebook.com\/HPXtape\/","article_modified_time":"2023-01-09T15:54:09+00:00","twitter_card":"summary_large_image","twitter_misc":{"Dur\u00e9e de lecture estim\u00e9e":"1 minute"},"schema":{"@context":"https:\/\/schema.org","@graph":[{"@type":"WebPage","@id":"https:\/\/hpx.eu\/fr\/plan-du-site\/","url":"https:\/\/hpx.eu\/fr\/plan-du-site\/","name":"Plan du site - HPX","isPartOf":{"@id":"https:\/\/hpx.eu\/fr\/#website"},"datePublished":"2017-06-14T12:26:20+00:00","dateModified":"2023-01-09T15:54:09+00:00","description":"Bienvenue chez HPX. Nous offrons une vaste gamme de rubans, avec des solutions professionnelles qui r\u00e9pondent toujours \u00e0 toutes les plus hautes exigences de qualit\u00e9.","breadcrumb":{"@id":"https:\/\/hpx.eu\/fr\/plan-du-site\/#breadcrumb"},"inLanguage":"fr-FR","potentialAction":[{"@type":"ReadAction","target":["https:\/\/hpx.eu\/fr\/plan-du-site\/"]}]},{"@type":"BreadcrumbList","@id":"https:\/\/hpx.eu\/fr\/plan-du-site\/#breadcrumb","itemListElement":[{"@type":"ListItem","position":1,"name":"Startseite","item":"https:\/\/hpx.eu\/fr\/"},{"@type":"ListItem","position":2,"name":"Plan du site"}]},{"@type":"WebSite","@id":"https:\/\/hpx.eu\/fr\/#website","url":"https:\/\/hpx.eu\/fr\/","name":"HPX","description":"Tough Job, Tougher Tape","publisher":{"@id":"https:\/\/hpx.eu\/fr\/#organization"},"potentialAction":[{"@type":"SearchAction","target":{"@type":"EntryPoint","urlTemplate":"https:\/\/hpx.eu\/fr\/?s={search_term_string}"},"query-input":{"@type":"PropertyValueSpecification","valueRequired":true,"valueName":"search_term_string"}}],"inLanguage":"fr-FR"},{"@type":"Organization","@id":"https:\/\/hpx.eu\/fr\/#organization","name":"Option Tape Specialties","url":"https:\/\/hpx.eu\/fr\/","logo":{"@type":"ImageObject","inLanguage":"fr-FR","@id":"https:\/\/hpx.eu\/fr\/#\/schema\/logo\/image\/","url":"","contentUrl":"","caption":"Option Tape Specialties"},"image":{"@id":"https:\/\/hpx.eu\/fr\/#\/schema\/logo\/image\/"},"sameAs":["https:\/\/www.facebook.com\/HPXtape\/","https:\/\/www.linkedin.com\/company\/2913311\/","https:\/\/www.youtube.com\/channel\/UCCYnFjBGfKw8SPW1hMUCVFg"]}]}},"_links":{"self":[{"href":"https:\/\/hpx.eu\/fr\/wp-json\/wp\/v2\/pages\/10138","targetHints":{"allow":["GET"]}}],"collection":[{"href":"https:\/\/hpx.eu\/fr\/wp-json\/wp\/v2\/pages"}],"about":[{"href":"https:\/\/hpx.eu\/fr\/wp-json\/wp\/v2\/types\/page"}],"author":[{"embeddable":true,"href":"https:\/\/hpx.eu\/fr\/wp-json\/wp\/v2\/users\/1"}],"replies":[{"embeddable":true,"href":"https:\/\/hpx.eu\/fr\/wp-json\/wp\/v2\/comments?post=10138"}],"version-history":[{"count":2,"href":"https:\/\/hpx.eu\/fr\/wp-json\/wp\/v2\/pages\/10138\/revisions"}],"predecessor-version":[{"id":13859,"href":"https:\/\/hpx.eu\/fr\/wp-json\/wp\/v2\/pages\/10138\/revisions\/13859"}],"wp:attachment":[{"href":"https:\/\/hpx.eu\/fr\/wp-json\/wp\/v2\/media?parent=10138"}],"curies":[{"name":"wp","href":"https:\/\/api.w.org\/{rel}","templated":true}]}}