{"id":10122,"date":"2017-06-14T14:23:14","date_gmt":"2017-06-14T12:23:14","guid":{"rendered":"http:\/\/hpx.jonathanhuyssens.be\/?page_id=10122"},"modified":"2018-05-24T09:19:40","modified_gmt":"2018-05-24T07:19:40","slug":"declaration-de-confidentialite","status":"publish","type":"page","link":"https:\/\/hpx.eu\/fr\/declaration-de-confidentialite\/","title":{"rendered":"D\u00e9claration de confidentialit\u00e9"},"content":{"rendered":"<p>HPX traite des donn\u00e9es \u00e0 caract\u00e8re personnel conform\u00e9ment \u00e0 la pr\u00e9sente d\u00e9claration relative \u00e0 la protection de la vie priv\u00e9e. Pour plus d\u2019informations ou en cas de questions ou de remarques concernant notre politique relative \u00e0 la protection de la vie priv\u00e9e, vous pouvez vous adresser via <a href=\"mailto:info@hpx.eu\">info@hpx.eu<\/a><\/p>\n<h2>Finalit\u00e9s du traitement<\/h2>\n<p>HPX collecte et traite les donn\u00e9es \u00e0 caract\u00e8re personnel de clients \u00e0 des fins de gestion de la client\u00e8le et des commandes (notamment administration des clients, suivi des commandes\/livraisons, facturation, suivi de la solvabilit\u00e9, profilage et marketing et envoi de publicit\u00e9 personnalis\u00e9e).<\/p>\n<h2>Fondement(s) juridique(s) du traitement<\/h2>\n<p>Les donn\u00e9es \u00e0 caract\u00e8re personnel sont trait\u00e9es en vertu de l\u2019article 6.1.<\/p>\n<ul>\n<li>(a) autorisation,<\/li>\n<li>(b) n\u00e9cessaire pour l\u2019ex\u00e9cution d\u2019un contrat,<\/li>\n<li>(f) n\u00e9cessaire pour la d\u00e9fense de notre int\u00e9r\u00eat l\u00e9gitime \u00e0 entreprendre<\/li>\n<\/ul>\n<p>du R\u00e8glement g\u00e9n\u00e9ral pour la protection des donn\u00e9es.<\/p>\n<p>Dans la mesure o\u00f9 le traitement de donn\u00e9es \u00e0 caract\u00e8re personnel a lieu en vertu de l\u2019article 6.1. a) (autorisation), le client a toujours le droit de retirer l\u2019autorisation accord\u00e9e<\/p>\n<h2>Transmission \u00e0 des tiers<\/h2>\n<p>Si cela est n\u00e9cessaire pour la r\u00e9alisation des objectifs fix\u00e9s, les donn\u00e9es \u00e0 caract\u00e8re personnel du client seront partag\u00e9es au sein de l\u2019Espace \u00e9conomique europ\u00e9en avec d\u2019autres soci\u00e9t\u00e9s (du groupe HPX) qui sont directement ou indirectement li\u00e9es \u00e0 HPX ou \u00e0 tout autre partenaire de HPX.<\/p>\n<p>HPX garantit que ces b\u00e9n\u00e9ficiaires prendront les mesures techniques et organisationnelles n\u00e9cessaires pour prot\u00e9ger les donn\u00e9es \u00e0 caract\u00e8re personnel.<\/p>\n<h2>D\u00e9lai de conservation<\/h2>\n<p>Les donn\u00e9es \u00e0 caract\u00e8re personnel trait\u00e9es \u00e0 des fins de gestion de la client\u00e8le seront conserv\u00e9es durant le d\u00e9lai n\u00e9cessaire pour satisfaire aux exigences l\u00e9gales (notamment sur le plan de la comptabilit\u00e9).<\/p>\n<h2>Droit de consultation, de rectification, de suppression, de limitation, d\u2019opposition et de transmissibilit\u00e9 de donn\u00e9es \u00e0 caract\u00e8re personnel<\/h2>\n<p>Le client a \u00e0 tout moment le droit de consulter ses donn\u00e9es \u00e0 caract\u00e8re personnel et peut les (faire) rectifier si elles sont incorrectes ou incompl\u00e8tes, les faire supprimer, en limiter le traitement et s\u2019opposer au traitement des donn\u00e9es \u00e0 caract\u00e8re personnel le concernant en vertu de l\u2019article 6.1 (f), y compris le profilage sur la base de ces dispositions.<\/p>\n<p>Le client a en outre le droit d\u2019obtenir une copie (dans un format structur\u00e9, courant et lisible par machine) de ses donn\u00e9es \u00e0 caract\u00e8re personnel et de faire envoyer les donn\u00e9es \u00e0 caract\u00e8re personnel \u00e0 une autre soci\u00e9t\u00e9.<\/p>\n<p>Afin d\u2019exercer les droits susmentionn\u00e9s, il est demand\u00e9 au client d\u2019envoyer un e-mail \u00e0 l\u2019adresse e-mail suivante :  <a href=\"mailto:info@hpx.eu\">info@hpx.eu<\/a>.<\/p>\n<h2>Marketing direct<\/h2>\n<p>Le client a le droit de s\u2019opposer gratuitement \u00e0 tout traitement de ses donn\u00e9es \u00e0 caract\u00e8re personnel \u00e0 des fins de marketing direct.<\/p>\n<h2>Plainte<\/h2>\n<p>Le client a le droit de d\u00e9poser plainte aupr\u00e8s de la Commission de la protection de la vie priv\u00e9e (Rue de la Presse 35, 1000 Bruxelles &#8211; <a href=\"mailto:commission@privacycommission.be\">commission@privacycommission.be<\/a>).<\/p>\n<h1>L&rsquo;utilisationdes \u2018cookies&rsquo;<\/h1>\n<p>Durant la visite d&rsquo;un site internet, des cookies peuvent \u00eatre mis sur le disque dur de votre ordinateur. Ils servent uniquement au r\u00e9glage du site aux besoins de l&rsquo;utilisateur. Les cookies ne sont pasutilis\u00e9s pour contr\u00f4ler le comportement de navigation de l&rsquo;utilisateur sur d&rsquo;autres sites internet. Votre navigateur vous permet d&#8217;emp\u00eacher l&rsquo;usage des cookies, de recevoir un avertissement quand un cookie s&rsquo;est install\u00e9 ou d&rsquo;enlever les cookies du disque dur. Veuillez consulter la fonction \u2018aide et support&rsquo; de votre navigateur.<\/p>\n","protected":false},"excerpt":{"rendered":"<p>HPX traite des donn\u00e9es \u00e0 caract\u00e8re personnel conform\u00e9ment \u00e0 la pr\u00e9sente d\u00e9claration relative \u00e0 la protection de la vie priv\u00e9e. Pour plus d\u2019informations ou en cas de questions ou de remarques concernant notre politique relative \u00e0 la protection de la vie priv\u00e9e, vous pouvez vous adresser via info@hpx.eu Finalit\u00e9s du traitement HPX collecte et traite [&hellip;]<\/p>\n","protected":false},"author":1,"featured_media":0,"parent":0,"menu_order":0,"comment_status":"closed","ping_status":"closed","template":"","meta":{"_exactmetrics_skip_tracking":false,"_exactmetrics_sitenote_active":false,"_exactmetrics_sitenote_note":"","_exactmetrics_sitenote_category":0,"_monsterinsights_skip_tracking":false,"_monsterinsights_sitenote_active":false,"_monsterinsights_sitenote_note":"","_monsterinsights_sitenote_category":0,"_themeisle_gutenberg_block_has_review":false,"footnotes":""},"class_list":["post-10122","page","type-page","status-publish","hentry","post"],"yoast_head":"<!-- This site is optimized with the Yoast SEO plugin v27.3 - https:\/\/yoast.com\/product\/yoast-seo-wordpress\/ -->\n<title>D\u00e9claration de confidentialit\u00e9 - HPX<\/title>\n<meta name=\"robots\" content=\"index, follow, max-snippet:-1, max-image-preview:large, max-video-preview:-1\" \/>\n<link rel=\"canonical\" href=\"https:\/\/hpx.eu\/fr\/declaration-de-confidentialite\/\" \/>\n<meta property=\"og:locale\" content=\"fr_FR\" \/>\n<meta property=\"og:type\" content=\"article\" \/>\n<meta property=\"og:title\" content=\"D\u00e9claration de confidentialit\u00e9 - HPX\" \/>\n<meta property=\"og:description\" content=\"HPX traite des donn\u00e9es \u00e0 caract\u00e8re personnel conform\u00e9ment \u00e0 la pr\u00e9sente d\u00e9claration relative \u00e0 la protection de la vie priv\u00e9e. Pour plus d\u2019informations ou en cas de questions ou de remarques concernant notre politique relative \u00e0 la protection de la vie priv\u00e9e, vous pouvez vous adresser via info@hpx.eu Finalit\u00e9s du traitement HPX collecte et traite [&hellip;]\" \/>\n<meta property=\"og:url\" content=\"https:\/\/hpx.eu\/fr\/declaration-de-confidentialite\/\" \/>\n<meta property=\"og:site_name\" content=\"HPX\" \/>\n<meta property=\"article:publisher\" content=\"https:\/\/www.facebook.com\/HPXtape\/\" \/>\n<meta property=\"article:modified_time\" content=\"2018-05-24T07:19:40+00:00\" \/>\n<meta name=\"twitter:card\" content=\"summary_large_image\" \/>\n<meta name=\"twitter:label1\" content=\"Dur\u00e9e de lecture estim\u00e9e\" \/>\n\t<meta name=\"twitter:data1\" content=\"3 minutes\" \/>\n<script type=\"application\/ld+json\" class=\"yoast-schema-graph\">{\"@context\":\"https:\\\/\\\/schema.org\",\"@graph\":[{\"@type\":\"WebPage\",\"@id\":\"https:\\\/\\\/hpx.eu\\\/fr\\\/declaration-de-confidentialite\\\/\",\"url\":\"https:\\\/\\\/hpx.eu\\\/fr\\\/declaration-de-confidentialite\\\/\",\"name\":\"D\u00e9claration de confidentialit\u00e9 - HPX\",\"isPartOf\":{\"@id\":\"http:\\\/\\\/hpx.eu\\\/fr\\\/#website\"},\"datePublished\":\"2017-06-14T12:23:14+00:00\",\"dateModified\":\"2018-05-24T07:19:40+00:00\",\"breadcrumb\":{\"@id\":\"https:\\\/\\\/hpx.eu\\\/fr\\\/declaration-de-confidentialite\\\/#breadcrumb\"},\"inLanguage\":\"fr-FR\",\"potentialAction\":[{\"@type\":\"ReadAction\",\"target\":[\"https:\\\/\\\/hpx.eu\\\/fr\\\/declaration-de-confidentialite\\\/\"]}]},{\"@type\":\"BreadcrumbList\",\"@id\":\"https:\\\/\\\/hpx.eu\\\/fr\\\/declaration-de-confidentialite\\\/#breadcrumb\",\"itemListElement\":[{\"@type\":\"ListItem\",\"position\":1,\"name\":\"Startseite\",\"item\":\"http:\\\/\\\/hpx.eu\\\/fr\\\/\"},{\"@type\":\"ListItem\",\"position\":2,\"name\":\"D\u00e9claration de confidentialit\u00e9\"}]},{\"@type\":\"WebSite\",\"@id\":\"http:\\\/\\\/hpx.eu\\\/fr\\\/#website\",\"url\":\"http:\\\/\\\/hpx.eu\\\/fr\\\/\",\"name\":\"HPX\",\"description\":\"Tough Job, Tougher Tape\",\"publisher\":{\"@id\":\"http:\\\/\\\/hpx.eu\\\/fr\\\/#organization\"},\"potentialAction\":[{\"@type\":\"SearchAction\",\"target\":{\"@type\":\"EntryPoint\",\"urlTemplate\":\"http:\\\/\\\/hpx.eu\\\/fr\\\/?s={search_term_string}\"},\"query-input\":{\"@type\":\"PropertyValueSpecification\",\"valueRequired\":true,\"valueName\":\"search_term_string\"}}],\"inLanguage\":\"fr-FR\"},{\"@type\":\"Organization\",\"@id\":\"http:\\\/\\\/hpx.eu\\\/fr\\\/#organization\",\"name\":\"Option Tape Specialties\",\"url\":\"http:\\\/\\\/hpx.eu\\\/fr\\\/\",\"logo\":{\"@type\":\"ImageObject\",\"inLanguage\":\"fr-FR\",\"@id\":\"http:\\\/\\\/hpx.eu\\\/fr\\\/#\\\/schema\\\/logo\\\/image\\\/\",\"url\":\"\",\"contentUrl\":\"\",\"caption\":\"Option Tape Specialties\"},\"image\":{\"@id\":\"http:\\\/\\\/hpx.eu\\\/fr\\\/#\\\/schema\\\/logo\\\/image\\\/\"},\"sameAs\":[\"https:\\\/\\\/www.facebook.com\\\/HPXtape\\\/\",\"https:\\\/\\\/www.linkedin.com\\\/company\\\/2913311\\\/\",\"https:\\\/\\\/www.youtube.com\\\/channel\\\/UCCYnFjBGfKw8SPW1hMUCVFg\"]}]}<\/script>\n<!-- \/ Yoast SEO plugin. -->","yoast_head_json":{"title":"D\u00e9claration de confidentialit\u00e9 - HPX","robots":{"index":"index","follow":"follow","max-snippet":"max-snippet:-1","max-image-preview":"max-image-preview:large","max-video-preview":"max-video-preview:-1"},"canonical":"https:\/\/hpx.eu\/fr\/declaration-de-confidentialite\/","og_locale":"fr_FR","og_type":"article","og_title":"D\u00e9claration de confidentialit\u00e9 - HPX","og_description":"HPX traite des donn\u00e9es \u00e0 caract\u00e8re personnel conform\u00e9ment \u00e0 la pr\u00e9sente d\u00e9claration relative \u00e0 la protection de la vie priv\u00e9e. Pour plus d\u2019informations ou en cas de questions ou de remarques concernant notre politique relative \u00e0 la protection de la vie priv\u00e9e, vous pouvez vous adresser via info@hpx.eu Finalit\u00e9s du traitement HPX collecte et traite [&hellip;]","og_url":"https:\/\/hpx.eu\/fr\/declaration-de-confidentialite\/","og_site_name":"HPX","article_publisher":"https:\/\/www.facebook.com\/HPXtape\/","article_modified_time":"2018-05-24T07:19:40+00:00","twitter_card":"summary_large_image","twitter_misc":{"Dur\u00e9e de lecture estim\u00e9e":"3 minutes"},"schema":{"@context":"https:\/\/schema.org","@graph":[{"@type":"WebPage","@id":"https:\/\/hpx.eu\/fr\/declaration-de-confidentialite\/","url":"https:\/\/hpx.eu\/fr\/declaration-de-confidentialite\/","name":"D\u00e9claration de confidentialit\u00e9 - HPX","isPartOf":{"@id":"https:\/\/hpx.eu\/fr\/#website"},"datePublished":"2017-06-14T12:23:14+00:00","dateModified":"2018-05-24T07:19:40+00:00","breadcrumb":{"@id":"https:\/\/hpx.eu\/fr\/declaration-de-confidentialite\/#breadcrumb"},"inLanguage":"fr-FR","potentialAction":[{"@type":"ReadAction","target":["https:\/\/hpx.eu\/fr\/declaration-de-confidentialite\/"]}]},{"@type":"BreadcrumbList","@id":"https:\/\/hpx.eu\/fr\/declaration-de-confidentialite\/#breadcrumb","itemListElement":[{"@type":"ListItem","position":1,"name":"Startseite","item":"https:\/\/hpx.eu\/fr\/"},{"@type":"ListItem","position":2,"name":"D\u00e9claration de confidentialit\u00e9"}]},{"@type":"WebSite","@id":"https:\/\/hpx.eu\/fr\/#website","url":"https:\/\/hpx.eu\/fr\/","name":"HPX","description":"Tough Job, Tougher Tape","publisher":{"@id":"https:\/\/hpx.eu\/fr\/#organization"},"potentialAction":[{"@type":"SearchAction","target":{"@type":"EntryPoint","urlTemplate":"https:\/\/hpx.eu\/fr\/?s={search_term_string}"},"query-input":{"@type":"PropertyValueSpecification","valueRequired":true,"valueName":"search_term_string"}}],"inLanguage":"fr-FR"},{"@type":"Organization","@id":"https:\/\/hpx.eu\/fr\/#organization","name":"Option Tape Specialties","url":"https:\/\/hpx.eu\/fr\/","logo":{"@type":"ImageObject","inLanguage":"fr-FR","@id":"https:\/\/hpx.eu\/fr\/#\/schema\/logo\/image\/","url":"","contentUrl":"","caption":"Option Tape Specialties"},"image":{"@id":"https:\/\/hpx.eu\/fr\/#\/schema\/logo\/image\/"},"sameAs":["https:\/\/www.facebook.com\/HPXtape\/","https:\/\/www.linkedin.com\/company\/2913311\/","https:\/\/www.youtube.com\/channel\/UCCYnFjBGfKw8SPW1hMUCVFg"]}]}},"_links":{"self":[{"href":"https:\/\/hpx.eu\/fr\/wp-json\/wp\/v2\/pages\/10122","targetHints":{"allow":["GET"]}}],"collection":[{"href":"https:\/\/hpx.eu\/fr\/wp-json\/wp\/v2\/pages"}],"about":[{"href":"https:\/\/hpx.eu\/fr\/wp-json\/wp\/v2\/types\/page"}],"author":[{"embeddable":true,"href":"https:\/\/hpx.eu\/fr\/wp-json\/wp\/v2\/users\/1"}],"replies":[{"embeddable":true,"href":"https:\/\/hpx.eu\/fr\/wp-json\/wp\/v2\/comments?post=10122"}],"version-history":[{"count":3,"href":"https:\/\/hpx.eu\/fr\/wp-json\/wp\/v2\/pages\/10122\/revisions"}],"predecessor-version":[{"id":25583,"href":"https:\/\/hpx.eu\/fr\/wp-json\/wp\/v2\/pages\/10122\/revisions\/25583"}],"wp:attachment":[{"href":"https:\/\/hpx.eu\/fr\/wp-json\/wp\/v2\/media?parent=10122"}],"curies":[{"name":"wp","href":"https:\/\/api.w.org\/{rel}","templated":true}]}}