{"id":10103,"date":"2017-06-14T14:19:52","date_gmt":"2017-06-14T12:19:52","guid":{"rendered":"http:\/\/hpx.jonathanhuyssens.be\/?page_id=10103"},"modified":"2023-01-12T09:19:34","modified_gmt":"2023-01-12T08:19:34","slug":"clause-de-nonresponsabilite","status":"publish","type":"page","link":"https:\/\/hpx.eu\/fr\/clause-de-nonresponsabilite\/","title":{"rendered":"Clause de nonresponsabilit\u00e9"},"content":{"rendered":"<p>Ce site internet est propri\u00e9t\u00e9 de HPX.<\/p>\n<p>Si\u00e8ge social:<\/p>\n<ul class=\"bottom_adress\">\n<li>Frankrijkstraat 8<\/li>\n<li>9140 Temse<\/li>\n<li>Tel.: 0032 3 710 19 19<\/li>\n<li>Fax: 0032 3 711 34 64<\/li>\n<li>Email: <a href=\"mailto:info@hpx.eu\">info@hpx.eu<\/a><\/li>\n<\/ul>\n<p>Par visitant et en utilisant ce site internet, vous d\u00e9clarez d&rsquo;\u00eatre d&rsquo;accord avec les conditions g\u00e9n\u00e9rales et vous engagez \u00e0 les suivre.<\/p>\n<h2>Limitation de responsabilit\u00e9<\/h2>\n<p>L&rsquo;information sur ce site est d&rsquo;une nature g\u00e9n\u00e9rale. L&rsquo;information n&rsquo;est pas adapt\u00e9e \u00e0 des conditions personnelles ni sp\u00e9cifiques, et alors ne peut jamais \u00eatre consid\u00e9r\u00e9e comme conseil personnel, professionnel ni juridique \u00e0l&rsquo;utilisateur.<\/p>\n<p>HPX fait de grands efforts pour que l&rsquo;information donn\u00e9e soit compl\u00e8te, correcte, pr\u00e9cise et mise \u00e0 jour. Malgr\u00e9 ces efforts, on peut toujours avoir des erreurs dans l&rsquo;information disponible. Si l&rsquo;information contiendra des erreurs ou s&rsquo;il y aura de l&rsquo;information sur le site qui sera incorrecte, HPX mettra tout en \u0153uvre de faire les corrections n\u00e9cessaires. N\u00e9anmoins,HPX ne peut pas \u00eatre rendue responsable pour des dommages direct ou indirect, qui est le r\u00e9sultat de l&rsquo;utilisation de l&rsquo;information sur ce site. Si vous d\u00e9couvrirez des erreurs dans cette information, merci de contacter l&rsquo;administrateur du site (info@hpx.eu)<\/p>\n<p>Le contenu de ce site (liens inclus) peut toujours \u00eatre ajust\u00e9, modifi\u00e9 ou compl\u00e9t\u00e9, sans annonce ou communication. HPX ne garantit pas le bon fonctionnement et ne peut jamais \u00eatre rendue responsable pour le mal fonctionnement ou la (non)disponibilit\u00e9 temporaire du site ni pour tout autre type de dommage, soit direct ou indirect, qui serait le r\u00e9sultat de l&rsquo;utilisation du site.<\/p>\n<p>HPX ne peut jamais \u00eatre rendue responsable pour des dommages, qui sont le r\u00e9sultat de l&rsquo;utilisation de ce site, ou un autre site, particuli\u00e8rement par suite de liens, ou hyperliens inclus, sans limitation, de toutes les pertes, interruptions, endommagement des programmes ou autres donn\u00e9es du syst\u00e8me informatique, d&rsquo;\u00e9quipement, logiciel etc. de l&rsquo;utilisateur.<\/p>\n<p>Le site internet peut contenir des hyperliens \u00e0 des sites ou pages des tiers, ou y adresser indirectement. Mettre des liens \u00e0 ces sites ou pages n&rsquo;implique pas d&rsquo;approbation du contenu d&rsquo;aucunemani\u00e8re.<\/p>\n<p>HPX d\u00e9clare explicitement qu&rsquo;elle n&rsquo;a pas de mot \u00e0 dire sur le contenu ou des autres caract\u00e9ristiques de ces sites et qu&rsquo;elle ne peut jamais \u00eatre rendue responsable pour le contenu ou ses caract\u00e9ristiques ni des endommagements qui sont le r\u00e9sultat de l&rsquo;utilisation du site.<\/p>\n<h2>Droit applicable et tribunaux comp\u00e9tents<\/h2>\n<p>Le droit belge est applicable sur ce site. En cas de litige, seulement les tribunaux et cours de l&rsquo;arrondissement judiciaire de Dendermonde sont comp\u00e9tents. Seulement le droit belge est applicable.<\/p>\n<p>Cette version de clause de nonresponsabilit\u00e9 est entr\u00e9e en vigueur le 11\/03\/2013.<\/p>\n<p>\u00a9[year] HPX. All rights reserved.<\/p>\n","protected":false},"excerpt":{"rendered":"<p>Ce site internet est propri\u00e9t\u00e9 de HPX. Si\u00e8ge social: Frankrijkstraat 8 9140 Temse Tel.: 0032 3 710 19 19 Fax: 0032 3 711 34 64 Email: info@hpx.eu Par visitant et en utilisant ce site internet, vous d\u00e9clarez d&rsquo;\u00eatre d&rsquo;accord avec les conditions g\u00e9n\u00e9rales et vous engagez \u00e0 les suivre. Limitation de responsabilit\u00e9 L&rsquo;information sur ce [&hellip;]<\/p>\n","protected":false},"author":1,"featured_media":0,"parent":0,"menu_order":0,"comment_status":"closed","ping_status":"closed","template":"","meta":{"_exactmetrics_skip_tracking":false,"_exactmetrics_sitenote_active":false,"_exactmetrics_sitenote_note":"","_exactmetrics_sitenote_category":0,"_monsterinsights_skip_tracking":false,"_monsterinsights_sitenote_active":false,"_monsterinsights_sitenote_note":"","_monsterinsights_sitenote_category":0,"_themeisle_gutenberg_block_has_review":false,"footnotes":""},"class_list":["post-10103","page","type-page","status-publish","hentry","post"],"yoast_head":"<!-- This site is optimized with the Yoast SEO plugin v27.4 - https:\/\/yoast.com\/product\/yoast-seo-wordpress\/ -->\n<title>Clause de nonresponsabilit\u00e9 - HPX<\/title>\n<meta name=\"robots\" content=\"index, follow, max-snippet:-1, max-image-preview:large, max-video-preview:-1\" \/>\n<link rel=\"canonical\" href=\"https:\/\/hpx.eu\/fr\/clause-de-nonresponsabilite\/\" \/>\n<meta property=\"og:locale\" content=\"fr_FR\" \/>\n<meta property=\"og:type\" content=\"article\" \/>\n<meta property=\"og:title\" content=\"Clause de nonresponsabilit\u00e9 - HPX\" \/>\n<meta property=\"og:description\" content=\"Ce site internet est propri\u00e9t\u00e9 de HPX. Si\u00e8ge social: Frankrijkstraat 8 9140 Temse Tel.: 0032 3 710 19 19 Fax: 0032 3 711 34 64 Email: info@hpx.eu Par visitant et en utilisant ce site internet, vous d\u00e9clarez d&rsquo;\u00eatre d&rsquo;accord avec les conditions g\u00e9n\u00e9rales et vous engagez \u00e0 les suivre. Limitation de responsabilit\u00e9 L&rsquo;information sur ce [&hellip;]\" \/>\n<meta property=\"og:url\" content=\"https:\/\/hpx.eu\/fr\/clause-de-nonresponsabilite\/\" \/>\n<meta property=\"og:site_name\" content=\"HPX\" \/>\n<meta property=\"article:publisher\" content=\"https:\/\/www.facebook.com\/HPXtape\/\" \/>\n<meta property=\"article:modified_time\" content=\"2023-01-12T08:19:34+00:00\" \/>\n<meta name=\"twitter:card\" content=\"summary_large_image\" \/>\n<meta name=\"twitter:label1\" content=\"Dur\u00e9e de lecture estim\u00e9e\" \/>\n\t<meta name=\"twitter:data1\" content=\"3 minutes\" \/>\n<script type=\"application\/ld+json\" class=\"yoast-schema-graph\">{\"@context\":\"https:\\\/\\\/schema.org\",\"@graph\":[{\"@type\":\"WebPage\",\"@id\":\"https:\\\/\\\/hpx.eu\\\/fr\\\/clause-de-nonresponsabilite\\\/\",\"url\":\"https:\\\/\\\/hpx.eu\\\/fr\\\/clause-de-nonresponsabilite\\\/\",\"name\":\"Clause de nonresponsabilit\u00e9 - HPX\",\"isPartOf\":{\"@id\":\"http:\\\/\\\/hpx.eu\\\/fr\\\/#website\"},\"datePublished\":\"2017-06-14T12:19:52+00:00\",\"dateModified\":\"2023-01-12T08:19:34+00:00\",\"breadcrumb\":{\"@id\":\"https:\\\/\\\/hpx.eu\\\/fr\\\/clause-de-nonresponsabilite\\\/#breadcrumb\"},\"inLanguage\":\"fr-FR\",\"potentialAction\":[{\"@type\":\"ReadAction\",\"target\":[\"https:\\\/\\\/hpx.eu\\\/fr\\\/clause-de-nonresponsabilite\\\/\"]}]},{\"@type\":\"BreadcrumbList\",\"@id\":\"https:\\\/\\\/hpx.eu\\\/fr\\\/clause-de-nonresponsabilite\\\/#breadcrumb\",\"itemListElement\":[{\"@type\":\"ListItem\",\"position\":1,\"name\":\"Startseite\",\"item\":\"http:\\\/\\\/hpx.eu\\\/fr\\\/\"},{\"@type\":\"ListItem\",\"position\":2,\"name\":\"Clause de nonresponsabilit\u00e9\"}]},{\"@type\":\"WebSite\",\"@id\":\"http:\\\/\\\/hpx.eu\\\/fr\\\/#website\",\"url\":\"http:\\\/\\\/hpx.eu\\\/fr\\\/\",\"name\":\"HPX\",\"description\":\"Tough Job, Tougher Tape\",\"publisher\":{\"@id\":\"http:\\\/\\\/hpx.eu\\\/fr\\\/#organization\"},\"potentialAction\":[{\"@type\":\"SearchAction\",\"target\":{\"@type\":\"EntryPoint\",\"urlTemplate\":\"http:\\\/\\\/hpx.eu\\\/fr\\\/?s={search_term_string}\"},\"query-input\":{\"@type\":\"PropertyValueSpecification\",\"valueRequired\":true,\"valueName\":\"search_term_string\"}}],\"inLanguage\":\"fr-FR\"},{\"@type\":\"Organization\",\"@id\":\"http:\\\/\\\/hpx.eu\\\/fr\\\/#organization\",\"name\":\"Option Tape Specialties\",\"url\":\"http:\\\/\\\/hpx.eu\\\/fr\\\/\",\"logo\":{\"@type\":\"ImageObject\",\"inLanguage\":\"fr-FR\",\"@id\":\"http:\\\/\\\/hpx.eu\\\/fr\\\/#\\\/schema\\\/logo\\\/image\\\/\",\"url\":\"\",\"contentUrl\":\"\",\"caption\":\"Option Tape Specialties\"},\"image\":{\"@id\":\"http:\\\/\\\/hpx.eu\\\/fr\\\/#\\\/schema\\\/logo\\\/image\\\/\"},\"sameAs\":[\"https:\\\/\\\/www.facebook.com\\\/HPXtape\\\/\",\"https:\\\/\\\/www.linkedin.com\\\/company\\\/2913311\\\/\",\"https:\\\/\\\/www.youtube.com\\\/channel\\\/UCCYnFjBGfKw8SPW1hMUCVFg\"]}]}<\/script>\n<!-- \/ Yoast SEO plugin. -->","yoast_head_json":{"title":"Clause de nonresponsabilit\u00e9 - HPX","robots":{"index":"index","follow":"follow","max-snippet":"max-snippet:-1","max-image-preview":"max-image-preview:large","max-video-preview":"max-video-preview:-1"},"canonical":"https:\/\/hpx.eu\/fr\/clause-de-nonresponsabilite\/","og_locale":"fr_FR","og_type":"article","og_title":"Clause de nonresponsabilit\u00e9 - HPX","og_description":"Ce site internet est propri\u00e9t\u00e9 de HPX. Si\u00e8ge social: Frankrijkstraat 8 9140 Temse Tel.: 0032 3 710 19 19 Fax: 0032 3 711 34 64 Email: info@hpx.eu Par visitant et en utilisant ce site internet, vous d\u00e9clarez d&rsquo;\u00eatre d&rsquo;accord avec les conditions g\u00e9n\u00e9rales et vous engagez \u00e0 les suivre. Limitation de responsabilit\u00e9 L&rsquo;information sur ce [&hellip;]","og_url":"https:\/\/hpx.eu\/fr\/clause-de-nonresponsabilite\/","og_site_name":"HPX","article_publisher":"https:\/\/www.facebook.com\/HPXtape\/","article_modified_time":"2023-01-12T08:19:34+00:00","twitter_card":"summary_large_image","twitter_misc":{"Dur\u00e9e de lecture estim\u00e9e":"3 minutes"},"schema":{"@context":"https:\/\/schema.org","@graph":[{"@type":"WebPage","@id":"https:\/\/hpx.eu\/fr\/clause-de-nonresponsabilite\/","url":"https:\/\/hpx.eu\/fr\/clause-de-nonresponsabilite\/","name":"Clause de nonresponsabilit\u00e9 - HPX","isPartOf":{"@id":"https:\/\/hpx.eu\/fr\/#website"},"datePublished":"2017-06-14T12:19:52+00:00","dateModified":"2023-01-12T08:19:34+00:00","breadcrumb":{"@id":"https:\/\/hpx.eu\/fr\/clause-de-nonresponsabilite\/#breadcrumb"},"inLanguage":"fr-FR","potentialAction":[{"@type":"ReadAction","target":["https:\/\/hpx.eu\/fr\/clause-de-nonresponsabilite\/"]}]},{"@type":"BreadcrumbList","@id":"https:\/\/hpx.eu\/fr\/clause-de-nonresponsabilite\/#breadcrumb","itemListElement":[{"@type":"ListItem","position":1,"name":"Startseite","item":"https:\/\/hpx.eu\/fr\/"},{"@type":"ListItem","position":2,"name":"Clause de nonresponsabilit\u00e9"}]},{"@type":"WebSite","@id":"https:\/\/hpx.eu\/fr\/#website","url":"https:\/\/hpx.eu\/fr\/","name":"HPX","description":"Tough Job, Tougher Tape","publisher":{"@id":"https:\/\/hpx.eu\/fr\/#organization"},"potentialAction":[{"@type":"SearchAction","target":{"@type":"EntryPoint","urlTemplate":"https:\/\/hpx.eu\/fr\/?s={search_term_string}"},"query-input":{"@type":"PropertyValueSpecification","valueRequired":true,"valueName":"search_term_string"}}],"inLanguage":"fr-FR"},{"@type":"Organization","@id":"https:\/\/hpx.eu\/fr\/#organization","name":"Option Tape Specialties","url":"https:\/\/hpx.eu\/fr\/","logo":{"@type":"ImageObject","inLanguage":"fr-FR","@id":"https:\/\/hpx.eu\/fr\/#\/schema\/logo\/image\/","url":"","contentUrl":"","caption":"Option Tape Specialties"},"image":{"@id":"https:\/\/hpx.eu\/fr\/#\/schema\/logo\/image\/"},"sameAs":["https:\/\/www.facebook.com\/HPXtape\/","https:\/\/www.linkedin.com\/company\/2913311\/","https:\/\/www.youtube.com\/channel\/UCCYnFjBGfKw8SPW1hMUCVFg"]}]}},"_links":{"self":[{"href":"https:\/\/hpx.eu\/fr\/wp-json\/wp\/v2\/pages\/10103","targetHints":{"allow":["GET"]}}],"collection":[{"href":"https:\/\/hpx.eu\/fr\/wp-json\/wp\/v2\/pages"}],"about":[{"href":"https:\/\/hpx.eu\/fr\/wp-json\/wp\/v2\/types\/page"}],"author":[{"embeddable":true,"href":"https:\/\/hpx.eu\/fr\/wp-json\/wp\/v2\/users\/1"}],"replies":[{"embeddable":true,"href":"https:\/\/hpx.eu\/fr\/wp-json\/wp\/v2\/comments?post=10103"}],"version-history":[{"count":2,"href":"https:\/\/hpx.eu\/fr\/wp-json\/wp\/v2\/pages\/10103\/revisions"}],"predecessor-version":[{"id":144045,"href":"https:\/\/hpx.eu\/fr\/wp-json\/wp\/v2\/pages\/10103\/revisions\/144045"}],"wp:attachment":[{"href":"https:\/\/hpx.eu\/fr\/wp-json\/wp\/v2\/media?parent=10103"}],"curies":[{"name":"wp","href":"https:\/\/api.w.org\/{rel}","templated":true}]}}