{"id":174485,"date":"2025-07-14T10:18:38","date_gmt":"2025-07-14T08:18:38","guid":{"rendered":"https:\/\/hpx.eu\/product\/zip-fix-1815\/"},"modified":"2025-07-14T10:26:58","modified_gmt":"2025-07-14T08:26:58","slug":"zip-fix-1815","status":"publish","type":"product","link":"https:\/\/hpx.eu\/fi\/product\/zip-fix-1815\/","title":{"rendered":"ZIP FIX <span class=\"productNr\">1815<\/span>"},"content":{"rendered":"<p>&nbsp;<\/p>\n","protected":false},"excerpt":{"rendered":"<ul class=\"product_UPS\">\n<li>Eritt\u00e4in vahva itsekiinnittyv\u00e4 Velcro-teippi<\/li>\n<li>Soveltuu sek\u00e4 kevyille ett\u00e4 raskaille kuormille, kuten esim.: Automattojen, autojen lis\u00e4varusteiden, \u00e4\u00e4nentoistolaitteiden kiinnitt\u00e4miseen jne.<\/li>\n<li>Tarttuu hyvin metalliin, lasiin, puuhun, keraamisiin materiaaleihin sek\u00e4 useimpiin muovilaatuihin<\/li>\n<li>Sopii my\u00f6s ulkok\u00e4ytt\u00f6\u00f6n<\/li>\n<li><\/li>\n<li><\/li>\n<li><\/li>\n<li><\/li>\n<li><\/li>\n<li><\/li>\n<\/ul>\n<table class=\"product_table\">\n<thead>\n<tr>\n<th>Tuote no.<\/th>\n<th>Leveys<\/th>\n<th>Pituus<\/th>\n<th>V\u00e4ri<\/th>\n<th>Pkt<\/th>\n<th>EAN-koodi<\/th>\n<\/tr>\n<\/thead>\n<tbody>\n<tr>\n<td>ZF1000<\/td>\n<td>20 mm<\/td>\n<td>50 mm<\/td>\n<td>musta<\/td>\n<td>20<\/td>\n<td>5425014220766<\/td>\n<\/tr>\n<tr>\n<td>ZF2001<\/td>\n<td>2 x 20 mm<\/td>\n<td>1 m<\/td>\n<td>musta<\/td>\n<td>24<\/td>\n<td>5425014222388<\/td>\n<\/tr>\n<tr>\n<td><\/td>\n<td><\/td>\n<td><\/td>\n<td><\/td>\n<td><\/td>\n<td><\/td>\n<\/tr>\n<tr>\n<td><\/td>\n<td><\/td>\n<td><\/td>\n<td><\/td>\n<td><\/td>\n<td><\/td>\n<\/tr>\n<tr>\n<td><\/td>\n<td><\/td>\n<td><\/td>\n<td><\/td>\n<td><\/td>\n<td><\/td>\n<\/tr>\n<tr>\n<td><\/td>\n<td><\/td>\n<td><\/td>\n<td><\/td>\n<td><\/td>\n<td><\/td>\n<\/tr>\n<tr>\n<td><\/td>\n<td><\/td>\n<td><\/td>\n<td><\/td>\n<td><\/td>\n<td><\/td>\n<\/tr>\n<tr>\n<td><\/td>\n<td><\/td>\n<td><\/td>\n<td><\/td>\n<td><\/td>\n<td><\/td>\n<\/tr>\n<tr>\n<td><\/td>\n<td><\/td>\n<td><\/td>\n<td><\/td>\n<td><\/td>\n<td><\/td>\n<\/tr>\n<tr>\n<td><\/td>\n<td><\/td>\n<td><\/td>\n<td><\/td>\n<td><\/td>\n<td><\/td>\n<\/tr>\n<tr>\n<td><\/td>\n<td><\/td>\n<td><\/td>\n<td><\/td>\n<td><\/td>\n<td><\/td>\n<\/tr>\n<tr>\n<td><\/td>\n<td><\/td>\n<td><\/td>\n<td><\/td>\n<td><\/td>\n<td><\/td>\n<\/tr>\n<tr>\n<td><\/td>\n<td><\/td>\n<td><\/td>\n<td><\/td>\n<td><\/td>\n<td><\/td>\n<\/tr>\n<tr>\n<td><\/td>\n<td><\/td>\n<td><\/td>\n<td><\/td>\n<td><\/td>\n<td><\/td>\n<\/tr>\n<tr>\n<td><\/td>\n<td><\/td>\n<td><\/td>\n<td><\/td>\n<td><\/td>\n<td><\/td>\n<\/tr>\n<tr>\n<td><\/td>\n<td><\/td>\n<td><\/td>\n<td><\/td>\n<td><\/td>\n<td><\/td>\n<\/tr>\n<tr>\n<td><\/td>\n<td><\/td>\n<td><\/td>\n<td><\/td>\n<td><\/td>\n<td><\/td>\n<\/tr>\n<tr>\n<td><\/td>\n<td><\/td>\n<td><\/td>\n<td><\/td>\n<td><\/td>\n<td><\/td>\n<\/tr>\n<\/tbody>\n<\/table>\n<div class=\"product_characteristics\">\n<p><b>Liima-aine: <\/b><span>Synteettinen kumi<\/span><\/p>\n<p><b>Selk\u00e4materiaali: <\/b><span>Polyamidi<\/span><\/p>\n<p><b>Max. l\u00e4mp\u00f6tila: <\/b><span>100\u00b0C<\/span><\/p>\n<p><b>Vetolujuus: <\/b><span><\/span><\/p>\n<p><b>Tartuntalujuus: <\/b><span><\/span><\/p>\n<p><b>Leikkauslujuus: <\/b><span><\/span><\/p>\n<p><b>Vahvuus: <\/b><span>1,50 mm<\/span><\/p>\n<p><b>L\u00e4pily\u00f6ntij\u00e4nnite: <\/b><span><\/span><\/p>\n<\/p><\/div>\n<p>  <a href=\"https:\/\/drive.google.com\/uc?id=1pK5mFvy0kdlBrQaHDlM0CB_Wt5Tv6KZ9&#038;export=download\" class=\"btnHPX\" target=\"_blank\"><i class=\"fa fa-download\" aria-hidden=\"true\"><\/i>Lataa tekninen tiedote (EN)<\/a><\/p>\n","protected":false},"featured_media":98455,"comment_status":"closed","ping_status":"closed","template":"","meta":{"_exactmetrics_skip_tracking":false,"_exactmetrics_sitenote_active":false,"_exactmetrics_sitenote_note":"","_exactmetrics_sitenote_category":0,"_monsterinsights_skip_tracking":false,"_monsterinsights_sitenote_active":false,"_monsterinsights_sitenote_note":"","_monsterinsights_sitenote_category":0,"_themeisle_gutenberg_block_has_review":false},"product_brand":[],"product_cat":[1101],"product_tag":[],"class_list":{"0":"post-174485","1":"product","2":"type-product","3":"status-publish","4":"has-post-thumbnail","6":"product_cat-blisteripakkaukseen-pakatut-teipit","7":"post","8":"post-with-thumbnail","9":"post-with-thumbnail-large","11":"first","12":"instock","13":"product-type-simple"},"yoast_head":"<!-- This site is optimized with the Yoast SEO plugin v27.3 - https:\/\/yoast.com\/product\/yoast-seo-wordpress\/ -->\n<title>ZIP FIX | HPX<\/title>\n<meta name=\"description\" content=\"Eritt\u00e4in vahva itsekiinnittyv\u00e4 Velcro-teippi | Blisteripakkaukseen pakatut teipit | ZIP FIX | HPX\" \/>\n<meta name=\"robots\" content=\"index, follow, max-snippet:-1, max-image-preview:large, max-video-preview:-1\" \/>\n<link rel=\"canonical\" href=\"https:\/\/hpx.eu\/fi\/product\/zip-fix-1815\/\" \/>\n<meta property=\"og:locale\" content=\"fi_FI\" \/>\n<meta property=\"og:type\" content=\"article\" \/>\n<meta property=\"og:title\" content=\"ZIP FIX | HPX\" \/>\n<meta property=\"og:description\" content=\"Eritt\u00e4in vahva itsekiinnittyv\u00e4 Velcro-teippi | Blisteripakkaukseen pakatut teipit | ZIP FIX | HPX\" \/>\n<meta property=\"og:url\" content=\"https:\/\/hpx.eu\/fi\/product\/zip-fix-1815\/\" \/>\n<meta property=\"og:site_name\" content=\"HPX\" \/>\n<meta property=\"article:publisher\" content=\"https:\/\/www.facebook.com\/HPXtape\/\" \/>\n<meta property=\"article:modified_time\" content=\"2025-07-14T08:26:58+00:00\" \/>\n<meta property=\"og:image\" content=\"https:\/\/hpx.eu\/wp-content\/uploads\/2018\/05\/ZF1000-Zip_Fix_fastener-pads-20mm_x_50mm-5425014220766.jpg\" \/>\n\t<meta property=\"og:image:width\" content=\"800\" \/>\n\t<meta property=\"og:image:height\" content=\"800\" \/>\n\t<meta property=\"og:image:type\" content=\"image\/jpeg\" \/>\n<meta name=\"twitter:card\" content=\"summary_large_image\" \/>\n<script type=\"application\/ld+json\" class=\"yoast-schema-graph\">{\"@context\":\"https:\\\/\\\/schema.org\",\"@graph\":[{\"@type\":\"WebPage\",\"@id\":\"https:\\\/\\\/hpx.eu\\\/fi\\\/product\\\/zip-fix-1815\\\/\",\"url\":\"https:\\\/\\\/hpx.eu\\\/fi\\\/product\\\/zip-fix-1815\\\/\",\"name\":\"ZIP FIX | HPX\",\"isPartOf\":{\"@id\":\"http:\\\/\\\/hpx.eu\\\/fi\\\/#website\"},\"primaryImageOfPage\":{\"@id\":\"https:\\\/\\\/hpx.eu\\\/fi\\\/product\\\/zip-fix-1815\\\/#primaryimage\"},\"image\":{\"@id\":\"https:\\\/\\\/hpx.eu\\\/fi\\\/product\\\/zip-fix-1815\\\/#primaryimage\"},\"thumbnailUrl\":\"https:\\\/\\\/hpx.eu\\\/wp-content\\\/uploads\\\/2020\\\/04\\\/ZF2001-Zip_Fix_fastener-hook_and_loop-black_2_x_20mm_x_1m-5425014222388-HPX.jpg\",\"datePublished\":\"2025-07-14T08:18:38+00:00\",\"dateModified\":\"2025-07-14T08:26:58+00:00\",\"description\":\"Eritt\u00e4in vahva itsekiinnittyv\u00e4 Velcro-teippi | Blisteripakkaukseen pakatut teipit | ZIP FIX | HPX\",\"breadcrumb\":{\"@id\":\"https:\\\/\\\/hpx.eu\\\/fi\\\/product\\\/zip-fix-1815\\\/#breadcrumb\"},\"inLanguage\":\"fi\",\"potentialAction\":[{\"@type\":\"ReadAction\",\"target\":[\"https:\\\/\\\/hpx.eu\\\/fi\\\/product\\\/zip-fix-1815\\\/\"]}]},{\"@type\":\"ImageObject\",\"inLanguage\":\"fi\",\"@id\":\"https:\\\/\\\/hpx.eu\\\/fi\\\/product\\\/zip-fix-1815\\\/#primaryimage\",\"url\":\"https:\\\/\\\/hpx.eu\\\/wp-content\\\/uploads\\\/2020\\\/04\\\/ZF2001-Zip_Fix_fastener-hook_and_loop-black_2_x_20mm_x_1m-5425014222388-HPX.jpg\",\"contentUrl\":\"https:\\\/\\\/hpx.eu\\\/wp-content\\\/uploads\\\/2020\\\/04\\\/ZF2001-Zip_Fix_fastener-hook_and_loop-black_2_x_20mm_x_1m-5425014222388-HPX.jpg\",\"width\":800,\"height\":800,\"caption\":\"ZF2001 - Zip Fix fastener - hook and loop - black 2 x 20mm x 1m - 5425014222388\"},{\"@type\":\"BreadcrumbList\",\"@id\":\"https:\\\/\\\/hpx.eu\\\/fi\\\/product\\\/zip-fix-1815\\\/#breadcrumb\",\"itemListElement\":[{\"@type\":\"ListItem\",\"position\":1,\"name\":\"Startseite\",\"item\":\"http:\\\/\\\/hpx.eu\\\/fi\\\/\"},{\"@type\":\"ListItem\",\"position\":2,\"name\":\"Tuotteet\",\"item\":\"http:\\\/\\\/hpx.eu\\\/fi\\\/tuotteet\\\/\"},{\"@type\":\"ListItem\",\"position\":3,\"name\":\"ZIP FIX 1815\"}]},{\"@type\":\"WebSite\",\"@id\":\"http:\\\/\\\/hpx.eu\\\/fi\\\/#website\",\"url\":\"http:\\\/\\\/hpx.eu\\\/fi\\\/\",\"name\":\"HPX\",\"description\":\"Tough Job, Tougher Tape\",\"publisher\":{\"@id\":\"http:\\\/\\\/hpx.eu\\\/fi\\\/#organization\"},\"potentialAction\":[{\"@type\":\"SearchAction\",\"target\":{\"@type\":\"EntryPoint\",\"urlTemplate\":\"http:\\\/\\\/hpx.eu\\\/fi\\\/?s={search_term_string}\"},\"query-input\":{\"@type\":\"PropertyValueSpecification\",\"valueRequired\":true,\"valueName\":\"search_term_string\"}}],\"inLanguage\":\"fi\"},{\"@type\":\"Organization\",\"@id\":\"http:\\\/\\\/hpx.eu\\\/fi\\\/#organization\",\"name\":\"Option Tape Specialties\",\"url\":\"http:\\\/\\\/hpx.eu\\\/fi\\\/\",\"logo\":{\"@type\":\"ImageObject\",\"inLanguage\":\"fi\",\"@id\":\"http:\\\/\\\/hpx.eu\\\/fi\\\/#\\\/schema\\\/logo\\\/image\\\/\",\"url\":\"\",\"contentUrl\":\"\",\"caption\":\"Option Tape Specialties\"},\"image\":{\"@id\":\"http:\\\/\\\/hpx.eu\\\/fi\\\/#\\\/schema\\\/logo\\\/image\\\/\"},\"sameAs\":[\"https:\\\/\\\/www.facebook.com\\\/HPXtape\\\/\",\"https:\\\/\\\/www.linkedin.com\\\/company\\\/2913311\\\/\",\"https:\\\/\\\/www.youtube.com\\\/channel\\\/UCCYnFjBGfKw8SPW1hMUCVFg\"]}]}<\/script>\n<!-- \/ Yoast SEO plugin. -->","yoast_head_json":{"title":"ZIP FIX | HPX","description":"Eritt\u00e4in vahva itsekiinnittyv\u00e4 Velcro-teippi | Blisteripakkaukseen pakatut teipit | ZIP FIX | HPX","robots":{"index":"index","follow":"follow","max-snippet":"max-snippet:-1","max-image-preview":"max-image-preview:large","max-video-preview":"max-video-preview:-1"},"canonical":"https:\/\/hpx.eu\/fi\/product\/zip-fix-1815\/","og_locale":"fi_FI","og_type":"article","og_title":"ZIP FIX | HPX","og_description":"Eritt\u00e4in vahva itsekiinnittyv\u00e4 Velcro-teippi | Blisteripakkaukseen pakatut teipit | ZIP FIX | HPX","og_url":"https:\/\/hpx.eu\/fi\/product\/zip-fix-1815\/","og_site_name":"HPX","article_publisher":"https:\/\/www.facebook.com\/HPXtape\/","article_modified_time":"2025-07-14T08:26:58+00:00","og_image":[{"width":800,"height":800,"url":"https:\/\/hpx.eu\/wp-content\/uploads\/2018\/05\/ZF1000-Zip_Fix_fastener-pads-20mm_x_50mm-5425014220766.jpg","type":"image\/jpeg"}],"twitter_card":"summary_large_image","schema":{"@context":"https:\/\/schema.org","@graph":[{"@type":"WebPage","@id":"https:\/\/hpx.eu\/fi\/product\/zip-fix-1815\/","url":"https:\/\/hpx.eu\/fi\/product\/zip-fix-1815\/","name":"ZIP FIX | HPX","isPartOf":{"@id":"https:\/\/hpx.eu\/fi\/#website"},"primaryImageOfPage":{"@id":"https:\/\/hpx.eu\/fi\/product\/zip-fix-1815\/#primaryimage"},"image":{"@id":"https:\/\/hpx.eu\/fi\/product\/zip-fix-1815\/#primaryimage"},"thumbnailUrl":"https:\/\/hpx.eu\/wp-content\/uploads\/2020\/04\/ZF2001-Zip_Fix_fastener-hook_and_loop-black_2_x_20mm_x_1m-5425014222388-HPX.jpg","datePublished":"2025-07-14T08:18:38+00:00","dateModified":"2025-07-14T08:26:58+00:00","description":"Eritt\u00e4in vahva itsekiinnittyv\u00e4 Velcro-teippi | Blisteripakkaukseen pakatut teipit | ZIP FIX | HPX","breadcrumb":{"@id":"https:\/\/hpx.eu\/fi\/product\/zip-fix-1815\/#breadcrumb"},"inLanguage":"fi","potentialAction":[{"@type":"ReadAction","target":["https:\/\/hpx.eu\/fi\/product\/zip-fix-1815\/"]}]},{"@type":"ImageObject","inLanguage":"fi","@id":"https:\/\/hpx.eu\/fi\/product\/zip-fix-1815\/#primaryimage","url":"https:\/\/hpx.eu\/wp-content\/uploads\/2020\/04\/ZF2001-Zip_Fix_fastener-hook_and_loop-black_2_x_20mm_x_1m-5425014222388-HPX.jpg","contentUrl":"https:\/\/hpx.eu\/wp-content\/uploads\/2020\/04\/ZF2001-Zip_Fix_fastener-hook_and_loop-black_2_x_20mm_x_1m-5425014222388-HPX.jpg","width":800,"height":800,"caption":"ZF2001 - Zip Fix fastener - hook and loop - black 2 x 20mm x 1m - 5425014222388"},{"@type":"BreadcrumbList","@id":"https:\/\/hpx.eu\/fi\/product\/zip-fix-1815\/#breadcrumb","itemListElement":[{"@type":"ListItem","position":1,"name":"Startseite","item":"https:\/\/hpx.eu\/fi\/"},{"@type":"ListItem","position":2,"name":"Tuotteet","item":"https:\/\/hpx.eu\/fi\/tuotteet\/"},{"@type":"ListItem","position":3,"name":"ZIP FIX 1815"}]},{"@type":"WebSite","@id":"https:\/\/hpx.eu\/fi\/#website","url":"https:\/\/hpx.eu\/fi\/","name":"HPX","description":"Tough Job, Tougher Tape","publisher":{"@id":"https:\/\/hpx.eu\/fi\/#organization"},"potentialAction":[{"@type":"SearchAction","target":{"@type":"EntryPoint","urlTemplate":"https:\/\/hpx.eu\/fi\/?s={search_term_string}"},"query-input":{"@type":"PropertyValueSpecification","valueRequired":true,"valueName":"search_term_string"}}],"inLanguage":"fi"},{"@type":"Organization","@id":"https:\/\/hpx.eu\/fi\/#organization","name":"Option Tape Specialties","url":"https:\/\/hpx.eu\/fi\/","logo":{"@type":"ImageObject","inLanguage":"fi","@id":"https:\/\/hpx.eu\/fi\/#\/schema\/logo\/image\/","url":"","contentUrl":"","caption":"Option Tape Specialties"},"image":{"@id":"https:\/\/hpx.eu\/fi\/#\/schema\/logo\/image\/"},"sameAs":["https:\/\/www.facebook.com\/HPXtape\/","https:\/\/www.linkedin.com\/company\/2913311\/","https:\/\/www.youtube.com\/channel\/UCCYnFjBGfKw8SPW1hMUCVFg"]}]}},"_links":{"self":[{"href":"https:\/\/hpx.eu\/fi\/wp-json\/wp\/v2\/product\/174485","targetHints":{"allow":["GET"]}}],"collection":[{"href":"https:\/\/hpx.eu\/fi\/wp-json\/wp\/v2\/product"}],"about":[{"href":"https:\/\/hpx.eu\/fi\/wp-json\/wp\/v2\/types\/product"}],"replies":[{"embeddable":true,"href":"https:\/\/hpx.eu\/fi\/wp-json\/wp\/v2\/comments?post=174485"}],"wp:featuredmedia":[{"embeddable":true,"href":"https:\/\/hpx.eu\/fi\/wp-json\/wp\/v2\/media\/98455"}],"wp:attachment":[{"href":"https:\/\/hpx.eu\/fi\/wp-json\/wp\/v2\/media?parent=174485"}],"wp:term":[{"taxonomy":"product_brand","embeddable":true,"href":"https:\/\/hpx.eu\/fi\/wp-json\/wp\/v2\/product_brand?post=174485"},{"taxonomy":"product_cat","embeddable":true,"href":"https:\/\/hpx.eu\/fi\/wp-json\/wp\/v2\/product_cat?post=174485"},{"taxonomy":"product_tag","embeddable":true,"href":"https:\/\/hpx.eu\/fi\/wp-json\/wp\/v2\/product_tag?post=174485"}],"curies":[{"name":"wp","href":"https:\/\/api.w.org\/{rel}","templated":true}]}}