{"id":174177,"date":"2025-07-14T10:08:55","date_gmt":"2025-07-14T08:08:55","guid":{"rendered":"https:\/\/hpx.eu\/product\/maalarinteippi-4900-extra-tarttuva-4900\/"},"modified":"2025-07-14T10:23:11","modified_gmt":"2025-07-14T08:23:11","slug":"maalarinteippi-4900-extra-tarttuva-4900","status":"publish","type":"product","link":"https:\/\/hpx.eu\/fi\/product\/maalarinteippi-4900-extra-tarttuva-4900\/","title":{"rendered":"MAALARINTEIPPI 4900 EXTRA TARTTUVA <span class=\"productNr\">4900<\/span>"},"content":{"rendered":"<p>&nbsp;<\/p>\n","protected":false},"excerpt":{"rendered":"<ul class=\"product_UPS\">\n<li>UV:n kest\u00e4v\u00e4 maalarinteippi karheille pinnoille<\/li>\n<li>Sek\u00e4 sis\u00e4-ett\u00e4 ulkok\u00e4ytt\u00f6\u00f6n<\/li>\n<li>Erinomainen pysyvyys<\/li>\n<li>Korkea l\u00e4mp\u00f6tilan kesto (+120\u00b0C korkeintaan tunnin ajan)<\/li>\n<li>Hyv\u00e4 liimauslujuus kaikenlaisiin pintoihin<\/li>\n<li>Voidaan poistaa ilman liimaj\u00e4\u00e4mi\u00e4 jopa 6kk kuluttua.<\/li>\n<li><\/li>\n<li><\/li>\n<li><\/li>\n<li><\/li>\n<\/ul>\n<table class=\"product_table\">\n<thead>\n<tr>\n<th>Tuote no.<\/th>\n<th>Leveys<\/th>\n<th>Pituus<\/th>\n<th>V\u00e4ri<\/th>\n<th>Pkt<\/th>\n<th>EAN-koodi<\/th>\n<\/tr>\n<\/thead>\n<tbody>\n<tr>\n<td>EW2550<\/td>\n<td>24 mm<\/td>\n<td>50 m<\/td>\n<td>vaaleansininen<\/td>\n<td>36<\/td>\n<td>5407004561479<\/td>\n<\/tr>\n<tr>\n<td>EW3850<\/td>\n<td>36 mm<\/td>\n<td>50 m<\/td>\n<td>vaaleansininen<\/td>\n<td>24<\/td>\n<td>5407004561493<\/td>\n<\/tr>\n<tr>\n<td>EW5050<\/td>\n<td>48 mm<\/td>\n<td>50 m<\/td>\n<td>vaaleansininen<\/td>\n<td>16<\/td>\n<td>5407004561516<\/td>\n<\/tr>\n<tr>\n<td><\/td>\n<td><\/td>\n<td><\/td>\n<td><\/td>\n<td><\/td>\n<td><\/td>\n<\/tr>\n<tr>\n<td><\/td>\n<td><\/td>\n<td><\/td>\n<td><\/td>\n<td><\/td>\n<td><\/td>\n<\/tr>\n<tr>\n<td><\/td>\n<td><\/td>\n<td><\/td>\n<td><\/td>\n<td><\/td>\n<td><\/td>\n<\/tr>\n<tr>\n<td><\/td>\n<td><\/td>\n<td><\/td>\n<td><\/td>\n<td><\/td>\n<td><\/td>\n<\/tr>\n<tr>\n<td><\/td>\n<td><\/td>\n<td><\/td>\n<td><\/td>\n<td><\/td>\n<td><\/td>\n<\/tr>\n<tr>\n<td><\/td>\n<td><\/td>\n<td><\/td>\n<td><\/td>\n<td><\/td>\n<td><\/td>\n<\/tr>\n<tr>\n<td><\/td>\n<td><\/td>\n<td><\/td>\n<td><\/td>\n<td><\/td>\n<td><\/td>\n<\/tr>\n<tr>\n<td><\/td>\n<td><\/td>\n<td><\/td>\n<td><\/td>\n<td><\/td>\n<td><\/td>\n<\/tr>\n<tr>\n<td><\/td>\n<td><\/td>\n<td><\/td>\n<td><\/td>\n<td><\/td>\n<td><\/td>\n<\/tr>\n<tr>\n<td><\/td>\n<td><\/td>\n<td><\/td>\n<td><\/td>\n<td><\/td>\n<td><\/td>\n<\/tr>\n<tr>\n<td><\/td>\n<td><\/td>\n<td><\/td>\n<td><\/td>\n<td><\/td>\n<td><\/td>\n<\/tr>\n<tr>\n<td><\/td>\n<td><\/td>\n<td><\/td>\n<td><\/td>\n<td><\/td>\n<td><\/td>\n<\/tr>\n<tr>\n<td><\/td>\n<td><\/td>\n<td><\/td>\n<td><\/td>\n<td><\/td>\n<td><\/td>\n<\/tr>\n<tr>\n<td><\/td>\n<td><\/td>\n<td><\/td>\n<td><\/td>\n<td><\/td>\n<td><\/td>\n<\/tr>\n<tr>\n<td><\/td>\n<td><\/td>\n<td><\/td>\n<td><\/td>\n<td><\/td>\n<td><\/td>\n<\/tr>\n<\/tbody>\n<\/table>\n<div class=\"product_characteristics\">\n<p><b>Liima-aine: <\/b><span>Akryyli<\/span><\/p>\n<p><b>Selk\u00e4materiaali: <\/b><span>Washi-paperi<\/span><\/p>\n<p><b>Max. l\u00e4mp\u00f6tila: <\/b><span>120\u00b0C<\/span><\/p>\n<p><b>Vetolujuus: <\/b><span>117 N\/25 mm<\/span><\/p>\n<p><b>Tartuntalujuus: <\/b><span>6 N\/25 mm<\/span><\/p>\n<p><b>Leikkauslujuus: <\/b><span><\/span><\/p>\n<p><b>Vahvuus: <\/b><span>0,11 mm<\/span><\/p>\n<p><b>L\u00e4pily\u00f6ntij\u00e4nnite: <\/b><span><\/span><\/p>\n<\/p><\/div>\n<p>  <a href=\"https:\/\/drive.google.com\/uc?id=1ZZn9Xi-bXB3yV3vT_AfK22u-s2FlBm6_&#038;export=download\" class=\"btnHPX\" target=\"_blank\"><i class=\"fa fa-download\" aria-hidden=\"true\"><\/i>Lataa tekninen tiedote (EN)<\/a><\/p>\n","protected":false},"featured_media":103609,"comment_status":"closed","ping_status":"open","template":"","meta":{"_exactmetrics_skip_tracking":false,"_exactmetrics_sitenote_active":false,"_exactmetrics_sitenote_note":"","_exactmetrics_sitenote_category":0,"_monsterinsights_skip_tracking":false,"_monsterinsights_sitenote_active":false,"_monsterinsights_sitenote_note":"","_monsterinsights_sitenote_category":0,"_themeisle_gutenberg_block_has_review":false},"product_brand":[],"product_cat":[1111],"product_tag":[],"class_list":{"0":"post-174177","1":"product","2":"type-product","3":"status-publish","4":"has-post-thumbnail","6":"product_cat-rajausteipit-maalarinteipit","7":"post","8":"post-with-thumbnail","9":"post-with-thumbnail-large","11":"first","12":"instock","13":"product-type-simple"},"yoast_head":"<!-- This site is optimized with the Yoast SEO plugin v27.4 - https:\/\/yoast.com\/product\/yoast-seo-wordpress\/ -->\n<title>MASKING 4900 EXTRA STRONG | HPX<\/title>\n<meta name=\"description\" content=\"UV:n kest\u00e4v\u00e4 maalarinteippi karheille pinnoille | Rajausteipit\/Maalarinteipit | MASKING 4900 EXTRA STRONG | HPX\" \/>\n<meta name=\"robots\" content=\"index, follow, max-snippet:-1, max-image-preview:large, max-video-preview:-1\" \/>\n<link rel=\"canonical\" href=\"https:\/\/hpx.eu\/fi\/product\/maalarinteippi-4900-extra-tarttuva-4900\/\" \/>\n<meta property=\"og:locale\" content=\"fi_FI\" \/>\n<meta property=\"og:type\" content=\"article\" \/>\n<meta property=\"og:title\" content=\"MASKING 4900 EXTRA STRONG | HPX\" \/>\n<meta property=\"og:description\" content=\"UV:n kest\u00e4v\u00e4 maalarinteippi karheille pinnoille | Rajausteipit\/Maalarinteipit | MASKING 4900 EXTRA STRONG | HPX\" \/>\n<meta property=\"og:url\" content=\"https:\/\/hpx.eu\/fi\/product\/maalarinteippi-4900-extra-tarttuva-4900\/\" \/>\n<meta property=\"og:site_name\" content=\"HPX\" \/>\n<meta property=\"article:publisher\" content=\"https:\/\/www.facebook.com\/HPXtape\/\" \/>\n<meta property=\"article:modified_time\" content=\"2025-07-14T08:23:11+00:00\" \/>\n<meta property=\"og:image\" content=\"https:\/\/hpx.eu\/wp-content\/uploads\/2020\/10\/EW2550-HPX-Masking_tape_4900_Extra_strong-blue-25mm_x_50m-5407004561479.jpg\" \/>\n\t<meta property=\"og:image:width\" content=\"800\" \/>\n\t<meta property=\"og:image:height\" content=\"800\" \/>\n\t<meta property=\"og:image:type\" content=\"image\/jpeg\" \/>\n<meta name=\"twitter:card\" content=\"summary_large_image\" \/>\n<script type=\"application\/ld+json\" class=\"yoast-schema-graph\">{\"@context\":\"https:\\\/\\\/schema.org\",\"@graph\":[{\"@type\":\"WebPage\",\"@id\":\"https:\\\/\\\/hpx.eu\\\/fi\\\/product\\\/maalarinteippi-4900-extra-tarttuva-4900\\\/\",\"url\":\"https:\\\/\\\/hpx.eu\\\/fi\\\/product\\\/maalarinteippi-4900-extra-tarttuva-4900\\\/\",\"name\":\"MASKING 4900 EXTRA STRONG | HPX\",\"isPartOf\":{\"@id\":\"http:\\\/\\\/hpx.eu\\\/fi\\\/#website\"},\"primaryImageOfPage\":{\"@id\":\"https:\\\/\\\/hpx.eu\\\/fi\\\/product\\\/maalarinteippi-4900-extra-tarttuva-4900\\\/#primaryimage\"},\"image\":{\"@id\":\"https:\\\/\\\/hpx.eu\\\/fi\\\/product\\\/maalarinteippi-4900-extra-tarttuva-4900\\\/#primaryimage\"},\"thumbnailUrl\":\"https:\\\/\\\/hpx.eu\\\/wp-content\\\/uploads\\\/2020\\\/10\\\/EW2550-HPX-Masking_tape_4900_Extra_strong-blue-25mm_x_50m-5407004561479.jpg\",\"datePublished\":\"2025-07-14T08:08:55+00:00\",\"dateModified\":\"2025-07-14T08:23:11+00:00\",\"description\":\"UV:n kest\u00e4v\u00e4 maalarinteippi karheille pinnoille | Rajausteipit\\\/Maalarinteipit | MASKING 4900 EXTRA STRONG | HPX\",\"breadcrumb\":{\"@id\":\"https:\\\/\\\/hpx.eu\\\/fi\\\/product\\\/maalarinteippi-4900-extra-tarttuva-4900\\\/#breadcrumb\"},\"inLanguage\":\"fi\",\"potentialAction\":[{\"@type\":\"ReadAction\",\"target\":[\"https:\\\/\\\/hpx.eu\\\/fi\\\/product\\\/maalarinteippi-4900-extra-tarttuva-4900\\\/\"]}]},{\"@type\":\"ImageObject\",\"inLanguage\":\"fi\",\"@id\":\"https:\\\/\\\/hpx.eu\\\/fi\\\/product\\\/maalarinteippi-4900-extra-tarttuva-4900\\\/#primaryimage\",\"url\":\"https:\\\/\\\/hpx.eu\\\/wp-content\\\/uploads\\\/2020\\\/10\\\/EW2550-HPX-Masking_tape_4900_Extra_strong-blue-25mm_x_50m-5407004561479.jpg\",\"contentUrl\":\"https:\\\/\\\/hpx.eu\\\/wp-content\\\/uploads\\\/2020\\\/10\\\/EW2550-HPX-Masking_tape_4900_Extra_strong-blue-25mm_x_50m-5407004561479.jpg\",\"width\":800,\"height\":800,\"caption\":\"MASKING 4900 EXTRA STRONG | HPX\"},{\"@type\":\"BreadcrumbList\",\"@id\":\"https:\\\/\\\/hpx.eu\\\/fi\\\/product\\\/maalarinteippi-4900-extra-tarttuva-4900\\\/#breadcrumb\",\"itemListElement\":[{\"@type\":\"ListItem\",\"position\":1,\"name\":\"Startseite\",\"item\":\"http:\\\/\\\/hpx.eu\\\/fi\\\/\"},{\"@type\":\"ListItem\",\"position\":2,\"name\":\"Tuotteet\",\"item\":\"http:\\\/\\\/hpx.eu\\\/fi\\\/tuotteet\\\/\"},{\"@type\":\"ListItem\",\"position\":3,\"name\":\"MAALARINTEIPPI 4900 EXTRA TARTTUVA 4900\"}]},{\"@type\":\"WebSite\",\"@id\":\"http:\\\/\\\/hpx.eu\\\/fi\\\/#website\",\"url\":\"http:\\\/\\\/hpx.eu\\\/fi\\\/\",\"name\":\"HPX\",\"description\":\"Tough Job, Tougher Tape\",\"publisher\":{\"@id\":\"http:\\\/\\\/hpx.eu\\\/fi\\\/#organization\"},\"potentialAction\":[{\"@type\":\"SearchAction\",\"target\":{\"@type\":\"EntryPoint\",\"urlTemplate\":\"http:\\\/\\\/hpx.eu\\\/fi\\\/?s={search_term_string}\"},\"query-input\":{\"@type\":\"PropertyValueSpecification\",\"valueRequired\":true,\"valueName\":\"search_term_string\"}}],\"inLanguage\":\"fi\"},{\"@type\":\"Organization\",\"@id\":\"http:\\\/\\\/hpx.eu\\\/fi\\\/#organization\",\"name\":\"Option Tape Specialties\",\"url\":\"http:\\\/\\\/hpx.eu\\\/fi\\\/\",\"logo\":{\"@type\":\"ImageObject\",\"inLanguage\":\"fi\",\"@id\":\"http:\\\/\\\/hpx.eu\\\/fi\\\/#\\\/schema\\\/logo\\\/image\\\/\",\"url\":\"\",\"contentUrl\":\"\",\"caption\":\"Option Tape Specialties\"},\"image\":{\"@id\":\"http:\\\/\\\/hpx.eu\\\/fi\\\/#\\\/schema\\\/logo\\\/image\\\/\"},\"sameAs\":[\"https:\\\/\\\/www.facebook.com\\\/HPXtape\\\/\",\"https:\\\/\\\/www.linkedin.com\\\/company\\\/2913311\\\/\",\"https:\\\/\\\/www.youtube.com\\\/channel\\\/UCCYnFjBGfKw8SPW1hMUCVFg\"]}]}<\/script>\n<!-- \/ Yoast SEO plugin. -->","yoast_head_json":{"title":"MASKING 4900 EXTRA STRONG | HPX","description":"UV:n kest\u00e4v\u00e4 maalarinteippi karheille pinnoille | Rajausteipit\/Maalarinteipit | MASKING 4900 EXTRA STRONG | HPX","robots":{"index":"index","follow":"follow","max-snippet":"max-snippet:-1","max-image-preview":"max-image-preview:large","max-video-preview":"max-video-preview:-1"},"canonical":"https:\/\/hpx.eu\/fi\/product\/maalarinteippi-4900-extra-tarttuva-4900\/","og_locale":"fi_FI","og_type":"article","og_title":"MASKING 4900 EXTRA STRONG | HPX","og_description":"UV:n kest\u00e4v\u00e4 maalarinteippi karheille pinnoille | Rajausteipit\/Maalarinteipit | MASKING 4900 EXTRA STRONG | HPX","og_url":"https:\/\/hpx.eu\/fi\/product\/maalarinteippi-4900-extra-tarttuva-4900\/","og_site_name":"HPX","article_publisher":"https:\/\/www.facebook.com\/HPXtape\/","article_modified_time":"2025-07-14T08:23:11+00:00","og_image":[{"width":800,"height":800,"url":"https:\/\/hpx.eu\/wp-content\/uploads\/2020\/10\/EW2550-HPX-Masking_tape_4900_Extra_strong-blue-25mm_x_50m-5407004561479.jpg","type":"image\/jpeg"}],"twitter_card":"summary_large_image","schema":{"@context":"https:\/\/schema.org","@graph":[{"@type":"WebPage","@id":"https:\/\/hpx.eu\/fi\/product\/maalarinteippi-4900-extra-tarttuva-4900\/","url":"https:\/\/hpx.eu\/fi\/product\/maalarinteippi-4900-extra-tarttuva-4900\/","name":"MASKING 4900 EXTRA STRONG | HPX","isPartOf":{"@id":"https:\/\/hpx.eu\/fi\/#website"},"primaryImageOfPage":{"@id":"https:\/\/hpx.eu\/fi\/product\/maalarinteippi-4900-extra-tarttuva-4900\/#primaryimage"},"image":{"@id":"https:\/\/hpx.eu\/fi\/product\/maalarinteippi-4900-extra-tarttuva-4900\/#primaryimage"},"thumbnailUrl":"https:\/\/hpx.eu\/wp-content\/uploads\/2020\/10\/EW2550-HPX-Masking_tape_4900_Extra_strong-blue-25mm_x_50m-5407004561479.jpg","datePublished":"2025-07-14T08:08:55+00:00","dateModified":"2025-07-14T08:23:11+00:00","description":"UV:n kest\u00e4v\u00e4 maalarinteippi karheille pinnoille | Rajausteipit\/Maalarinteipit | MASKING 4900 EXTRA STRONG | HPX","breadcrumb":{"@id":"https:\/\/hpx.eu\/fi\/product\/maalarinteippi-4900-extra-tarttuva-4900\/#breadcrumb"},"inLanguage":"fi","potentialAction":[{"@type":"ReadAction","target":["https:\/\/hpx.eu\/fi\/product\/maalarinteippi-4900-extra-tarttuva-4900\/"]}]},{"@type":"ImageObject","inLanguage":"fi","@id":"https:\/\/hpx.eu\/fi\/product\/maalarinteippi-4900-extra-tarttuva-4900\/#primaryimage","url":"https:\/\/hpx.eu\/wp-content\/uploads\/2020\/10\/EW2550-HPX-Masking_tape_4900_Extra_strong-blue-25mm_x_50m-5407004561479.jpg","contentUrl":"https:\/\/hpx.eu\/wp-content\/uploads\/2020\/10\/EW2550-HPX-Masking_tape_4900_Extra_strong-blue-25mm_x_50m-5407004561479.jpg","width":800,"height":800,"caption":"MASKING 4900 EXTRA STRONG | HPX"},{"@type":"BreadcrumbList","@id":"https:\/\/hpx.eu\/fi\/product\/maalarinteippi-4900-extra-tarttuva-4900\/#breadcrumb","itemListElement":[{"@type":"ListItem","position":1,"name":"Startseite","item":"https:\/\/hpx.eu\/fi\/"},{"@type":"ListItem","position":2,"name":"Tuotteet","item":"https:\/\/hpx.eu\/fi\/tuotteet\/"},{"@type":"ListItem","position":3,"name":"MAALARINTEIPPI 4900 EXTRA TARTTUVA 4900"}]},{"@type":"WebSite","@id":"https:\/\/hpx.eu\/fi\/#website","url":"https:\/\/hpx.eu\/fi\/","name":"HPX","description":"Tough Job, Tougher Tape","publisher":{"@id":"https:\/\/hpx.eu\/fi\/#organization"},"potentialAction":[{"@type":"SearchAction","target":{"@type":"EntryPoint","urlTemplate":"https:\/\/hpx.eu\/fi\/?s={search_term_string}"},"query-input":{"@type":"PropertyValueSpecification","valueRequired":true,"valueName":"search_term_string"}}],"inLanguage":"fi"},{"@type":"Organization","@id":"https:\/\/hpx.eu\/fi\/#organization","name":"Option Tape Specialties","url":"https:\/\/hpx.eu\/fi\/","logo":{"@type":"ImageObject","inLanguage":"fi","@id":"https:\/\/hpx.eu\/fi\/#\/schema\/logo\/image\/","url":"","contentUrl":"","caption":"Option Tape Specialties"},"image":{"@id":"https:\/\/hpx.eu\/fi\/#\/schema\/logo\/image\/"},"sameAs":["https:\/\/www.facebook.com\/HPXtape\/","https:\/\/www.linkedin.com\/company\/2913311\/","https:\/\/www.youtube.com\/channel\/UCCYnFjBGfKw8SPW1hMUCVFg"]}]}},"_links":{"self":[{"href":"https:\/\/hpx.eu\/fi\/wp-json\/wp\/v2\/product\/174177","targetHints":{"allow":["GET"]}}],"collection":[{"href":"https:\/\/hpx.eu\/fi\/wp-json\/wp\/v2\/product"}],"about":[{"href":"https:\/\/hpx.eu\/fi\/wp-json\/wp\/v2\/types\/product"}],"replies":[{"embeddable":true,"href":"https:\/\/hpx.eu\/fi\/wp-json\/wp\/v2\/comments?post=174177"}],"wp:featuredmedia":[{"embeddable":true,"href":"https:\/\/hpx.eu\/fi\/wp-json\/wp\/v2\/media\/103609"}],"wp:attachment":[{"href":"https:\/\/hpx.eu\/fi\/wp-json\/wp\/v2\/media?parent=174177"}],"wp:term":[{"taxonomy":"product_brand","embeddable":true,"href":"https:\/\/hpx.eu\/fi\/wp-json\/wp\/v2\/product_brand?post=174177"},{"taxonomy":"product_cat","embeddable":true,"href":"https:\/\/hpx.eu\/fi\/wp-json\/wp\/v2\/product_cat?post=174177"},{"taxonomy":"product_tag","embeddable":true,"href":"https:\/\/hpx.eu\/fi\/wp-json\/wp\/v2\/product_tag?post=174177"}],"curies":[{"name":"wp","href":"https:\/\/api.w.org\/{rel}","templated":true}]}}