{"id":173999,"date":"2025-07-14T10:02:57","date_gmt":"2025-07-14T08:02:57","guid":{"rendered":"https:\/\/hpx.eu\/product\/monitoimiteippi-6200-6200\/"},"modified":"2025-07-14T10:20:43","modified_gmt":"2025-07-14T08:20:43","slug":"monitoimiteippi-6200-6200","status":"publish","type":"product","link":"https:\/\/hpx.eu\/fi\/product\/monitoimiteippi-6200-6200\/","title":{"rendered":"MONITOIMITEIPPI 6200 <span class=\"productNr\">6200<\/span>"},"content":{"rendered":"<p><iframe loading=\"lazy\" title=\"HPX 6200 Repair tape\" width=\"720\" height=\"405\" src=\"https:\/\/www.youtube.com\/embed\/03jrI8mwh_U?feature=oembed\" frameborder=\"0\" allow=\"accelerometer; autoplay; clipboard-write; encrypted-media; gyroscope; picture-in-picture; web-share\" referrerpolicy=\"strict-origin-when-cross-origin\" allowfullscreen><\/iframe><\/p>\n","protected":false},"excerpt":{"rendered":"<ul class=\"product_UPS\">\n<li>Eritt\u00e4in vahva yleisk\u00e4ytt\u00f6\u00f6n tarkoitettu, voimakkaasti tarttuva korkealaatuinen kangasteippi<\/li>\n<li>Sopii putkien, puutarhaletkujen jne. kiinnitykseen ja korjaukseen<\/li>\n<li>K\u00e4sin revitt\u00e4v\u00e4<\/li>\n<li>Vedenpit\u00e4v\u00e4 ja s\u00e4\u00e4nkest\u00e4v\u00e4<\/li>\n<li><\/li>\n<li><\/li>\n<li><\/li>\n<li><\/li>\n<li><\/li>\n<li><\/li>\n<\/ul>\n<table class=\"product_table\">\n<thead>\n<tr>\n<th>Tuote no.<\/th>\n<th>Leveys<\/th>\n<th>Pituus<\/th>\n<th>V\u00e4ri<\/th>\n<th>Pkt<\/th>\n<th>EAN-koodi<\/th>\n<\/tr>\n<\/thead>\n<tbody>\n<tr>\n<td>CS5010<\/td>\n<td>48 mm<\/td>\n<td>10 m<\/td>\n<td>hopea<\/td>\n<td>12<\/td>\n<td>5425014220537<\/td>\n<\/tr>\n<tr>\n<td>CB5010<\/td>\n<td>48 mm<\/td>\n<td>10 m<\/td>\n<td>musta<\/td>\n<td>12<\/td>\n<td>5425014220513<\/td>\n<\/tr>\n<tr>\n<td>CS5025<\/td>\n<td>48 mm<\/td>\n<td>25 m<\/td>\n<td>hopea<\/td>\n<td>30<\/td>\n<td>8711347114610<\/td>\n<\/tr>\n<tr>\n<td>CB5025<\/td>\n<td>48 mm<\/td>\n<td>25 m<\/td>\n<td>musta<\/td>\n<td>30<\/td>\n<td>8711347114573<\/td>\n<\/tr>\n<tr>\n<td>CW5025<\/td>\n<td>48 mm<\/td>\n<td>25 m<\/td>\n<td>valkoinen<\/td>\n<td>30<\/td>\n<td>5425014220018<\/td>\n<\/tr>\n<tr>\n<td>CY5025<\/td>\n<td>48 mm<\/td>\n<td>25 m<\/td>\n<td>keltainen<\/td>\n<td>30<\/td>\n<td>5425014220674<\/td>\n<\/tr>\n<tr>\n<td>CR5025<\/td>\n<td>48 mm<\/td>\n<td>25 m<\/td>\n<td>punainen<\/td>\n<td>30<\/td>\n<td>5425014220681<\/td>\n<\/tr>\n<tr>\n<td>CL5025<\/td>\n<td>48 mm<\/td>\n<td>25 m<\/td>\n<td>vaaleansininen<\/td>\n<td>30<\/td>\n<td>5425014220698<\/td>\n<\/tr>\n<tr>\n<td>CD5025<\/td>\n<td>48 mm<\/td>\n<td>25 m<\/td>\n<td>tummansininen<\/td>\n<td>30<\/td>\n<td>5425014220704<\/td>\n<\/tr>\n<tr>\n<td>CG5025<\/td>\n<td>48 mm<\/td>\n<td>25 m<\/td>\n<td>oliivinvihre\u00e4<\/td>\n<td>30<\/td>\n<td>5425014220711<\/td>\n<\/tr>\n<tr>\n<td>CS5050<\/td>\n<td>48 mm<\/td>\n<td>50 m<\/td>\n<td>hopea<\/td>\n<td>18<\/td>\n<td>8711347114634<\/td>\n<\/tr>\n<tr>\n<td>CB5050<\/td>\n<td>48 mm<\/td>\n<td>50 m<\/td>\n<td>musta<\/td>\n<td>18<\/td>\n<td>8711347114597<\/td>\n<\/tr>\n<tr>\n<td>CS7550<\/td>\n<td>75 mm<\/td>\n<td>50 m<\/td>\n<td>hopea<\/td>\n<td>12<\/td>\n<td>5425014224665<\/td>\n<\/tr>\n<tr>\n<td>CB7550<\/td>\n<td>75 mm<\/td>\n<td>50 m<\/td>\n<td>musta<\/td>\n<td>12<\/td>\n<td>5425014224740<\/td>\n<\/tr>\n<tr>\n<td>CS10050<\/td>\n<td>100 mm<\/td>\n<td>50 m<\/td>\n<td>hopea<\/td>\n<td>12<\/td>\n<td>5425014224764<\/td>\n<\/tr>\n<tr>\n<td>CB10050<\/td>\n<td>100 mm<\/td>\n<td>50 m<\/td>\n<td>musta<\/td>\n<td>12<\/td>\n<td>5425014222975<\/td>\n<\/tr>\n<tr>\n<td><\/td>\n<td><\/td>\n<td><\/td>\n<td><\/td>\n<td><\/td>\n<td><\/td>\n<\/tr>\n<tr>\n<td><\/td>\n<td><\/td>\n<td><\/td>\n<td><\/td>\n<td><\/td>\n<td><\/td>\n<\/tr>\n<\/tbody>\n<\/table>\n<div class=\"product_characteristics\">\n<p><b>Liima-aine: <\/b><span>Luonnonkumi<\/span><\/p>\n<p><b>Selk\u00e4materiaali: <\/b><span>Kangas PE-pinnoitteella<\/span><\/p>\n<p><b>Max. l\u00e4mp\u00f6tila: <\/b><span>60\u00b0C (hetkellisesti jopa 80\u00b0C)<\/span><\/p>\n<p><b>Vetolujuus: <\/b><span>183 N\/25 mm<\/span><\/p>\n<p><b>Tartuntalujuus: <\/b><span>13 N\/25 mm<\/span><\/p>\n<p><b>Leikkauslujuus: <\/b><span><\/span><\/p>\n<p><b>Vahvuus: <\/b><span>0,30 mm<\/span><\/p>\n<p><b>L\u00e4pily\u00f6ntij\u00e4nnite: <\/b><span><\/span><\/p>\n<\/p><\/div>\n<p>  <a href=\"https:\/\/drive.google.com\/uc?id=1ftGMBu3YGaKAyqyyWh0lbk8reciSqEB5&#038;export=download\" class=\"btnHPX\" target=\"_blank\"><i class=\"fa fa-download\" aria-hidden=\"true\"><\/i>Lataa tekninen tiedote (EN)<\/a><\/p>\n","protected":false},"featured_media":94355,"comment_status":"closed","ping_status":"closed","template":"","meta":{"_exactmetrics_skip_tracking":false,"_exactmetrics_sitenote_active":false,"_exactmetrics_sitenote_note":"","_exactmetrics_sitenote_category":0,"_monsterinsights_skip_tracking":false,"_monsterinsights_sitenote_active":false,"_monsterinsights_sitenote_note":"","_monsterinsights_sitenote_category":0,"_themeisle_gutenberg_block_has_review":false},"product_brand":[],"product_cat":[1105],"product_tag":[],"class_list":{"0":"post-173999","1":"product","2":"type-product","3":"status-publish","4":"has-post-thumbnail","6":"product_cat-ilmastointiteipit","7":"post","8":"post-with-thumbnail","9":"post-with-thumbnail-large","11":"first","12":"instock","13":"product-type-simple"},"yoast_head":"<!-- This site is optimized with the Yoast SEO plugin v27.3 - https:\/\/yoast.com\/product\/yoast-seo-wordpress\/ -->\n<title>HPX 6200 REPAIR TAPE | HPX<\/title>\n<meta name=\"description\" content=\"Eritt\u00e4in vahva yleisk\u00e4ytt\u00f6\u00f6n tarkoitettu, voimakkaasti tarttuva korkealaatuinen kangasteippi | Ilmastointiteipit | HPX 6200 REPAIR TAPE | HPX\" \/>\n<meta name=\"robots\" content=\"index, follow, max-snippet:-1, max-image-preview:large, max-video-preview:-1\" \/>\n<link rel=\"canonical\" href=\"https:\/\/hpx.eu\/fi\/product\/monitoimiteippi-6200-6200\/\" \/>\n<meta property=\"og:locale\" content=\"fi_FI\" \/>\n<meta property=\"og:type\" content=\"article\" \/>\n<meta property=\"og:title\" content=\"HPX 6200 REPAIR TAPE | HPX\" \/>\n<meta property=\"og:description\" content=\"Eritt\u00e4in vahva yleisk\u00e4ytt\u00f6\u00f6n tarkoitettu, voimakkaasti tarttuva korkealaatuinen kangasteippi | Ilmastointiteipit | HPX 6200 REPAIR TAPE | HPX\" \/>\n<meta property=\"og:url\" content=\"https:\/\/hpx.eu\/fi\/product\/monitoimiteippi-6200-6200\/\" \/>\n<meta property=\"og:site_name\" content=\"HPX\" \/>\n<meta property=\"article:publisher\" content=\"https:\/\/www.facebook.com\/HPXtape\/\" \/>\n<meta property=\"article:modified_time\" content=\"2025-07-14T08:20:43+00:00\" \/>\n<meta property=\"og:image\" content=\"https:\/\/hpx.eu\/wp-content\/uploads\/2018\/05\/HPX_6200_Repair_tape.jpg\" \/>\n\t<meta property=\"og:image:width\" content=\"800\" \/>\n\t<meta property=\"og:image:height\" content=\"800\" \/>\n\t<meta property=\"og:image:type\" content=\"image\/jpeg\" \/>\n<meta name=\"twitter:card\" content=\"summary_large_image\" \/>\n<script type=\"application\/ld+json\" class=\"yoast-schema-graph\">{\"@context\":\"https:\\\/\\\/schema.org\",\"@graph\":[{\"@type\":\"WebPage\",\"@id\":\"https:\\\/\\\/hpx.eu\\\/fi\\\/product\\\/monitoimiteippi-6200-6200\\\/\",\"url\":\"https:\\\/\\\/hpx.eu\\\/fi\\\/product\\\/monitoimiteippi-6200-6200\\\/\",\"name\":\"HPX 6200 REPAIR TAPE | HPX\",\"isPartOf\":{\"@id\":\"http:\\\/\\\/hpx.eu\\\/fi\\\/#website\"},\"primaryImageOfPage\":{\"@id\":\"https:\\\/\\\/hpx.eu\\\/fi\\\/product\\\/monitoimiteippi-6200-6200\\\/#primaryimage\"},\"image\":{\"@id\":\"https:\\\/\\\/hpx.eu\\\/fi\\\/product\\\/monitoimiteippi-6200-6200\\\/#primaryimage\"},\"thumbnailUrl\":\"https:\\\/\\\/hpx.eu\\\/wp-content\\\/uploads\\\/2020\\\/04\\\/HPX_6200_Repair_tape-HPX.jpg\",\"datePublished\":\"2025-07-14T08:02:57+00:00\",\"dateModified\":\"2025-07-14T08:20:43+00:00\",\"description\":\"Eritt\u00e4in vahva yleisk\u00e4ytt\u00f6\u00f6n tarkoitettu, voimakkaasti tarttuva korkealaatuinen kangasteippi | Ilmastointiteipit | HPX 6200 REPAIR TAPE | HPX\",\"breadcrumb\":{\"@id\":\"https:\\\/\\\/hpx.eu\\\/fi\\\/product\\\/monitoimiteippi-6200-6200\\\/#breadcrumb\"},\"inLanguage\":\"fi\",\"potentialAction\":[{\"@type\":\"ReadAction\",\"target\":[\"https:\\\/\\\/hpx.eu\\\/fi\\\/product\\\/monitoimiteippi-6200-6200\\\/\"]}]},{\"@type\":\"ImageObject\",\"inLanguage\":\"fi\",\"@id\":\"https:\\\/\\\/hpx.eu\\\/fi\\\/product\\\/monitoimiteippi-6200-6200\\\/#primaryimage\",\"url\":\"https:\\\/\\\/hpx.eu\\\/wp-content\\\/uploads\\\/2020\\\/04\\\/HPX_6200_Repair_tape-HPX.jpg\",\"contentUrl\":\"https:\\\/\\\/hpx.eu\\\/wp-content\\\/uploads\\\/2020\\\/04\\\/HPX_6200_Repair_tape-HPX.jpg\",\"width\":800,\"height\":800,\"caption\":\"HPX 6200 REPAIR TAPE | HPX\"},{\"@type\":\"BreadcrumbList\",\"@id\":\"https:\\\/\\\/hpx.eu\\\/fi\\\/product\\\/monitoimiteippi-6200-6200\\\/#breadcrumb\",\"itemListElement\":[{\"@type\":\"ListItem\",\"position\":1,\"name\":\"Startseite\",\"item\":\"http:\\\/\\\/hpx.eu\\\/fi\\\/\"},{\"@type\":\"ListItem\",\"position\":2,\"name\":\"Tuotteet\",\"item\":\"http:\\\/\\\/hpx.eu\\\/fi\\\/tuotteet\\\/\"},{\"@type\":\"ListItem\",\"position\":3,\"name\":\"MONITOIMITEIPPI 6200 6200\"}]},{\"@type\":\"WebSite\",\"@id\":\"http:\\\/\\\/hpx.eu\\\/fi\\\/#website\",\"url\":\"http:\\\/\\\/hpx.eu\\\/fi\\\/\",\"name\":\"HPX\",\"description\":\"Tough Job, Tougher Tape\",\"publisher\":{\"@id\":\"http:\\\/\\\/hpx.eu\\\/fi\\\/#organization\"},\"potentialAction\":[{\"@type\":\"SearchAction\",\"target\":{\"@type\":\"EntryPoint\",\"urlTemplate\":\"http:\\\/\\\/hpx.eu\\\/fi\\\/?s={search_term_string}\"},\"query-input\":{\"@type\":\"PropertyValueSpecification\",\"valueRequired\":true,\"valueName\":\"search_term_string\"}}],\"inLanguage\":\"fi\"},{\"@type\":\"Organization\",\"@id\":\"http:\\\/\\\/hpx.eu\\\/fi\\\/#organization\",\"name\":\"Option Tape Specialties\",\"url\":\"http:\\\/\\\/hpx.eu\\\/fi\\\/\",\"logo\":{\"@type\":\"ImageObject\",\"inLanguage\":\"fi\",\"@id\":\"http:\\\/\\\/hpx.eu\\\/fi\\\/#\\\/schema\\\/logo\\\/image\\\/\",\"url\":\"\",\"contentUrl\":\"\",\"caption\":\"Option Tape Specialties\"},\"image\":{\"@id\":\"http:\\\/\\\/hpx.eu\\\/fi\\\/#\\\/schema\\\/logo\\\/image\\\/\"},\"sameAs\":[\"https:\\\/\\\/www.facebook.com\\\/HPXtape\\\/\",\"https:\\\/\\\/www.linkedin.com\\\/company\\\/2913311\\\/\",\"https:\\\/\\\/www.youtube.com\\\/channel\\\/UCCYnFjBGfKw8SPW1hMUCVFg\"]}]}<\/script>\n<!-- \/ Yoast SEO plugin. -->","yoast_head_json":{"title":"HPX 6200 REPAIR TAPE | HPX","description":"Eritt\u00e4in vahva yleisk\u00e4ytt\u00f6\u00f6n tarkoitettu, voimakkaasti tarttuva korkealaatuinen kangasteippi | Ilmastointiteipit | HPX 6200 REPAIR TAPE | HPX","robots":{"index":"index","follow":"follow","max-snippet":"max-snippet:-1","max-image-preview":"max-image-preview:large","max-video-preview":"max-video-preview:-1"},"canonical":"https:\/\/hpx.eu\/fi\/product\/monitoimiteippi-6200-6200\/","og_locale":"fi_FI","og_type":"article","og_title":"HPX 6200 REPAIR TAPE | HPX","og_description":"Eritt\u00e4in vahva yleisk\u00e4ytt\u00f6\u00f6n tarkoitettu, voimakkaasti tarttuva korkealaatuinen kangasteippi | Ilmastointiteipit | HPX 6200 REPAIR TAPE | HPX","og_url":"https:\/\/hpx.eu\/fi\/product\/monitoimiteippi-6200-6200\/","og_site_name":"HPX","article_publisher":"https:\/\/www.facebook.com\/HPXtape\/","article_modified_time":"2025-07-14T08:20:43+00:00","og_image":[{"width":800,"height":800,"url":"https:\/\/hpx.eu\/wp-content\/uploads\/2018\/05\/HPX_6200_Repair_tape.jpg","type":"image\/jpeg"}],"twitter_card":"summary_large_image","schema":{"@context":"https:\/\/schema.org","@graph":[{"@type":"WebPage","@id":"https:\/\/hpx.eu\/fi\/product\/monitoimiteippi-6200-6200\/","url":"https:\/\/hpx.eu\/fi\/product\/monitoimiteippi-6200-6200\/","name":"HPX 6200 REPAIR TAPE | HPX","isPartOf":{"@id":"https:\/\/hpx.eu\/fi\/#website"},"primaryImageOfPage":{"@id":"https:\/\/hpx.eu\/fi\/product\/monitoimiteippi-6200-6200\/#primaryimage"},"image":{"@id":"https:\/\/hpx.eu\/fi\/product\/monitoimiteippi-6200-6200\/#primaryimage"},"thumbnailUrl":"https:\/\/hpx.eu\/wp-content\/uploads\/2020\/04\/HPX_6200_Repair_tape-HPX.jpg","datePublished":"2025-07-14T08:02:57+00:00","dateModified":"2025-07-14T08:20:43+00:00","description":"Eritt\u00e4in vahva yleisk\u00e4ytt\u00f6\u00f6n tarkoitettu, voimakkaasti tarttuva korkealaatuinen kangasteippi | Ilmastointiteipit | HPX 6200 REPAIR TAPE | HPX","breadcrumb":{"@id":"https:\/\/hpx.eu\/fi\/product\/monitoimiteippi-6200-6200\/#breadcrumb"},"inLanguage":"fi","potentialAction":[{"@type":"ReadAction","target":["https:\/\/hpx.eu\/fi\/product\/monitoimiteippi-6200-6200\/"]}]},{"@type":"ImageObject","inLanguage":"fi","@id":"https:\/\/hpx.eu\/fi\/product\/monitoimiteippi-6200-6200\/#primaryimage","url":"https:\/\/hpx.eu\/wp-content\/uploads\/2020\/04\/HPX_6200_Repair_tape-HPX.jpg","contentUrl":"https:\/\/hpx.eu\/wp-content\/uploads\/2020\/04\/HPX_6200_Repair_tape-HPX.jpg","width":800,"height":800,"caption":"HPX 6200 REPAIR TAPE | HPX"},{"@type":"BreadcrumbList","@id":"https:\/\/hpx.eu\/fi\/product\/monitoimiteippi-6200-6200\/#breadcrumb","itemListElement":[{"@type":"ListItem","position":1,"name":"Startseite","item":"https:\/\/hpx.eu\/fi\/"},{"@type":"ListItem","position":2,"name":"Tuotteet","item":"https:\/\/hpx.eu\/fi\/tuotteet\/"},{"@type":"ListItem","position":3,"name":"MONITOIMITEIPPI 6200 6200"}]},{"@type":"WebSite","@id":"https:\/\/hpx.eu\/fi\/#website","url":"https:\/\/hpx.eu\/fi\/","name":"HPX","description":"Tough Job, Tougher Tape","publisher":{"@id":"https:\/\/hpx.eu\/fi\/#organization"},"potentialAction":[{"@type":"SearchAction","target":{"@type":"EntryPoint","urlTemplate":"https:\/\/hpx.eu\/fi\/?s={search_term_string}"},"query-input":{"@type":"PropertyValueSpecification","valueRequired":true,"valueName":"search_term_string"}}],"inLanguage":"fi"},{"@type":"Organization","@id":"https:\/\/hpx.eu\/fi\/#organization","name":"Option Tape Specialties","url":"https:\/\/hpx.eu\/fi\/","logo":{"@type":"ImageObject","inLanguage":"fi","@id":"https:\/\/hpx.eu\/fi\/#\/schema\/logo\/image\/","url":"","contentUrl":"","caption":"Option Tape Specialties"},"image":{"@id":"https:\/\/hpx.eu\/fi\/#\/schema\/logo\/image\/"},"sameAs":["https:\/\/www.facebook.com\/HPXtape\/","https:\/\/www.linkedin.com\/company\/2913311\/","https:\/\/www.youtube.com\/channel\/UCCYnFjBGfKw8SPW1hMUCVFg"]}]}},"_links":{"self":[{"href":"https:\/\/hpx.eu\/fi\/wp-json\/wp\/v2\/product\/173999","targetHints":{"allow":["GET"]}}],"collection":[{"href":"https:\/\/hpx.eu\/fi\/wp-json\/wp\/v2\/product"}],"about":[{"href":"https:\/\/hpx.eu\/fi\/wp-json\/wp\/v2\/types\/product"}],"replies":[{"embeddable":true,"href":"https:\/\/hpx.eu\/fi\/wp-json\/wp\/v2\/comments?post=173999"}],"wp:featuredmedia":[{"embeddable":true,"href":"https:\/\/hpx.eu\/fi\/wp-json\/wp\/v2\/media\/94355"}],"wp:attachment":[{"href":"https:\/\/hpx.eu\/fi\/wp-json\/wp\/v2\/media?parent=173999"}],"wp:term":[{"taxonomy":"product_brand","embeddable":true,"href":"https:\/\/hpx.eu\/fi\/wp-json\/wp\/v2\/product_brand?post=173999"},{"taxonomy":"product_cat","embeddable":true,"href":"https:\/\/hpx.eu\/fi\/wp-json\/wp\/v2\/product_cat?post=173999"},{"taxonomy":"product_tag","embeddable":true,"href":"https:\/\/hpx.eu\/fi\/wp-json\/wp\/v2\/product_tag?post=173999"}],"curies":[{"name":"wp","href":"https:\/\/api.w.org\/{rel}","templated":true}]}}