{"id":9892,"date":"2017-06-14T08:34:38","date_gmt":"2017-06-14T06:34:38","guid":{"rendered":"http:\/\/hpx.jonathanhuyssens.be\/?page_id=9892"},"modified":"2026-04-09T10:36:54","modified_gmt":"2026-04-09T08:36:54","slug":"kampanjat","status":"publish","type":"page","link":"https:\/\/hpx.eu\/fi\/kampanjat\/","title":{"rendered":"Kampanjat"},"content":{"rendered":"<p>Klikkaa t\u00e4st\u00e4 ladataksesi t\u00e4m\u00e4nhetkiset kampanjamme.<br \/>\n<\/p>\n<div class=\"ThreeCol promo\">\n<h2>BASKET PROMO<\/h2>\n<p><a href=\"https:\/\/hpx.eu\/wp-content\/promotions\/Calendar_HPX-2026\/Calendar_HPX-2026-INT\/BASKET_PROMO-INT.pdf\" target=\"_blank\" rel=\"noopener\"><img decoding=\"async\" src=\"https:\/\/hpx.eu\/wp-content\/promotions\/website-IMG\/BASKET_PROMO-INT.jpg\" width=\"300\"><\/a><a href=\"https:\/\/hpx.eu\/wp-content\/promotions\/Calendar_HPX-2026\/Calendar_HPX-2026-INT\/BASKET_PROMO-INT.pdfhttps:\/\/hpx.eu\/wp-content\/promotions\/Calendar_HPX-2026\/Calendar_HPX-2026-INT\/BASKET_PROMO-INT.pdf\" target=\"_blank\" rel=\"noopener\"><\/a><\/div>\n<p><br \/>\n<!------------------------------------------- AUTOMOTIVE ----------------------------------------------------><\/p>\n<p class=\"clearBoth\">&nbsp;<\/p>\n<h2>Automotive<\/h2>\n<\/p>\n<div class=\"ThreeCol promo\">\n<h2>CHROME 2 BLACK PROMO<\/h2>\n<p><a href=\"https:\/\/hpx.eu\/wp-content\/promotions\/Calendar_HPX-2026\/Calendar_HPX-2026-INT\/CHROME_2_BLACK_PROMO-INT.pdf\" target=\"_blank\" rel=\"noopener\"><img decoding=\"async\" src=\"https:\/\/hpx.eu\/wp-content\/promotions\/website-IMG\/CHROME_2_BLACK_PROMO-INT.jpg\" width=\"300\"><\/a><a href=\"https:\/\/hpx.eu\/wp-content\/promotions\/Calendar_HPX-2026\/Calendar_HPX-2026-INT\/CHROME_2_BLACK_PROMO-INT.pdf\" target=_blank\" rel=\"noopener\"><\/p>\n<div class=\"full_screen\"><\/div>\n<p><\/a><a href=\"https:\/\/hpx.eu\/wp-content\/promotions\/Calendar_HPX-2026\/Calendar_HPX-2026-INT\/CHROME_2_BLACK_PROMO-INT.pdf\" target=\"_blank\" rel=\"noopener\"><\/a><\/div>\n<p><br \/>\n<!---------------------------------------------------- LEGAL ----------------------------------------------------><\/p>\n<p class=\"clearBoth\">&nbsp;<\/p>\n<hr>\n<h2>PROMOTIONAL TERMS AND CONDITIONS<\/h2>\n<p>Promotions are only valid within the period specified on the promotional leaflets or while stocks last. Offers cannot be combined with other discounts, promotions or specific conditions. Subject to printing and\/or typesetting errors. Please state \u2018<b>PROMO<\/b>\u2019 on your purchase order to participate in a promotion.<\/p>\n","protected":false},"excerpt":{"rendered":"<p>Klikkaa t\u00e4st\u00e4 ladataksesi t\u00e4m\u00e4nhetkiset kampanjamme. &nbsp; Automotive &nbsp; PROMOTIONAL TERMS AND CONDITIONS Promotions are only valid within the period specified on the promotional leaflets or while stocks last. Offers cannot be combined with other discounts, promotions or specific conditions. Subject to printing and\/or typesetting errors. Please state \u2018PROMO\u2019 on your purchase order to participate in [&hellip;]<\/p>\n","protected":false},"author":1,"featured_media":0,"parent":0,"menu_order":0,"comment_status":"closed","ping_status":"closed","template":"","meta":{"_exactmetrics_skip_tracking":false,"_exactmetrics_sitenote_active":false,"_exactmetrics_sitenote_note":"","_exactmetrics_sitenote_category":0,"_monsterinsights_skip_tracking":false,"_monsterinsights_sitenote_active":false,"_monsterinsights_sitenote_note":"","_monsterinsights_sitenote_category":0,"_themeisle_gutenberg_block_has_review":false,"footnotes":""},"class_list":["post-9892","page","type-page","status-publish","hentry","post"],"yoast_head":"<!-- This site is optimized with the Yoast SEO plugin v27.4 - https:\/\/yoast.com\/product\/yoast-seo-wordpress\/ -->\n<title>Kampanjat - HPX<\/title>\n<meta name=\"robots\" content=\"index, follow, max-snippet:-1, max-image-preview:large, max-video-preview:-1\" \/>\n<link rel=\"canonical\" href=\"https:\/\/hpx.eu\/fi\/kampanjat\/\" \/>\n<meta property=\"og:locale\" content=\"fi_FI\" \/>\n<meta property=\"og:type\" content=\"article\" \/>\n<meta property=\"og:title\" content=\"Kampanjat - HPX\" \/>\n<meta property=\"og:description\" content=\"Klikkaa t\u00e4st\u00e4 ladataksesi t\u00e4m\u00e4nhetkiset kampanjamme. &nbsp; Automotive &nbsp; PROMOTIONAL TERMS AND CONDITIONS Promotions are only valid within the period specified on the promotional leaflets or while stocks last. Offers cannot be combined with other discounts, promotions or specific conditions. Subject to printing and\/or typesetting errors. Please state \u2018PROMO\u2019 on your purchase order to participate in [&hellip;]\" \/>\n<meta property=\"og:url\" content=\"https:\/\/hpx.eu\/fi\/kampanjat\/\" \/>\n<meta property=\"og:site_name\" content=\"HPX\" \/>\n<meta property=\"article:publisher\" content=\"https:\/\/www.facebook.com\/HPXtape\/\" \/>\n<meta property=\"article:modified_time\" content=\"2026-04-09T08:36:54+00:00\" \/>\n<meta property=\"og:image\" content=\"https:\/\/hpx.eu\/wp-content\/promotions\/promos-2025-jpeg\/DP0025-DP0026-INT.jpg\" \/>\n<meta name=\"twitter:card\" content=\"summary_large_image\" \/>\n<meta name=\"twitter:label1\" content=\"Arvioitu lukuaika\" \/>\n\t<meta name=\"twitter:data1\" content=\"5 minuuttia\" \/>\n<script type=\"application\/ld+json\" class=\"yoast-schema-graph\">{\"@context\":\"https:\\\/\\\/schema.org\",\"@graph\":[{\"@type\":\"WebPage\",\"@id\":\"https:\\\/\\\/hpx.eu\\\/fi\\\/kampanjat\\\/\",\"url\":\"https:\\\/\\\/hpx.eu\\\/fi\\\/kampanjat\\\/\",\"name\":\"Kampanjat - HPX\",\"isPartOf\":{\"@id\":\"http:\\\/\\\/hpx.eu\\\/fi\\\/#website\"},\"primaryImageOfPage\":{\"@id\":\"https:\\\/\\\/hpx.eu\\\/fi\\\/kampanjat\\\/#primaryimage\"},\"image\":{\"@id\":\"https:\\\/\\\/hpx.eu\\\/fi\\\/kampanjat\\\/#primaryimage\"},\"thumbnailUrl\":\"https:\\\/\\\/hpx.eu\\\/wp-content\\\/promotions\\\/promos-2025-jpeg\\\/DP0025-DP0026-INT.jpg\",\"datePublished\":\"2017-06-14T06:34:38+00:00\",\"dateModified\":\"2026-04-09T08:36:54+00:00\",\"breadcrumb\":{\"@id\":\"https:\\\/\\\/hpx.eu\\\/fi\\\/kampanjat\\\/#breadcrumb\"},\"inLanguage\":\"fi\",\"potentialAction\":[{\"@type\":\"ReadAction\",\"target\":[\"https:\\\/\\\/hpx.eu\\\/fi\\\/kampanjat\\\/\"]}]},{\"@type\":\"ImageObject\",\"inLanguage\":\"fi\",\"@id\":\"https:\\\/\\\/hpx.eu\\\/fi\\\/kampanjat\\\/#primaryimage\",\"url\":\"https:\\\/\\\/hpx.eu\\\/wp-content\\\/promotions\\\/promos-2025-jpeg\\\/DP0025-DP0026-INT.jpg\",\"contentUrl\":\"https:\\\/\\\/hpx.eu\\\/wp-content\\\/promotions\\\/promos-2025-jpeg\\\/DP0025-DP0026-INT.jpg\"},{\"@type\":\"BreadcrumbList\",\"@id\":\"https:\\\/\\\/hpx.eu\\\/fi\\\/kampanjat\\\/#breadcrumb\",\"itemListElement\":[{\"@type\":\"ListItem\",\"position\":1,\"name\":\"Startseite\",\"item\":\"http:\\\/\\\/hpx.eu\\\/fi\\\/\"},{\"@type\":\"ListItem\",\"position\":2,\"name\":\"Kampanjat\"}]},{\"@type\":\"WebSite\",\"@id\":\"http:\\\/\\\/hpx.eu\\\/fi\\\/#website\",\"url\":\"http:\\\/\\\/hpx.eu\\\/fi\\\/\",\"name\":\"HPX\",\"description\":\"Tough Job, Tougher Tape\",\"publisher\":{\"@id\":\"http:\\\/\\\/hpx.eu\\\/fi\\\/#organization\"},\"potentialAction\":[{\"@type\":\"SearchAction\",\"target\":{\"@type\":\"EntryPoint\",\"urlTemplate\":\"http:\\\/\\\/hpx.eu\\\/fi\\\/?s={search_term_string}\"},\"query-input\":{\"@type\":\"PropertyValueSpecification\",\"valueRequired\":true,\"valueName\":\"search_term_string\"}}],\"inLanguage\":\"fi\"},{\"@type\":\"Organization\",\"@id\":\"http:\\\/\\\/hpx.eu\\\/fi\\\/#organization\",\"name\":\"Option Tape Specialties\",\"url\":\"http:\\\/\\\/hpx.eu\\\/fi\\\/\",\"logo\":{\"@type\":\"ImageObject\",\"inLanguage\":\"fi\",\"@id\":\"http:\\\/\\\/hpx.eu\\\/fi\\\/#\\\/schema\\\/logo\\\/image\\\/\",\"url\":\"\",\"contentUrl\":\"\",\"caption\":\"Option Tape Specialties\"},\"image\":{\"@id\":\"http:\\\/\\\/hpx.eu\\\/fi\\\/#\\\/schema\\\/logo\\\/image\\\/\"},\"sameAs\":[\"https:\\\/\\\/www.facebook.com\\\/HPXtape\\\/\",\"https:\\\/\\\/www.linkedin.com\\\/company\\\/2913311\\\/\",\"https:\\\/\\\/www.youtube.com\\\/channel\\\/UCCYnFjBGfKw8SPW1hMUCVFg\"]}]}<\/script>\n<!-- \/ Yoast SEO plugin. -->","yoast_head_json":{"title":"Kampanjat - HPX","robots":{"index":"index","follow":"follow","max-snippet":"max-snippet:-1","max-image-preview":"max-image-preview:large","max-video-preview":"max-video-preview:-1"},"canonical":"https:\/\/hpx.eu\/fi\/kampanjat\/","og_locale":"fi_FI","og_type":"article","og_title":"Kampanjat - HPX","og_description":"Klikkaa t\u00e4st\u00e4 ladataksesi t\u00e4m\u00e4nhetkiset kampanjamme. &nbsp; Automotive &nbsp; PROMOTIONAL TERMS AND CONDITIONS Promotions are only valid within the period specified on the promotional leaflets or while stocks last. Offers cannot be combined with other discounts, promotions or specific conditions. Subject to printing and\/or typesetting errors. Please state \u2018PROMO\u2019 on your purchase order to participate in [&hellip;]","og_url":"https:\/\/hpx.eu\/fi\/kampanjat\/","og_site_name":"HPX","article_publisher":"https:\/\/www.facebook.com\/HPXtape\/","article_modified_time":"2026-04-09T08:36:54+00:00","og_image":[{"url":"https:\/\/hpx.eu\/wp-content\/promotions\/promos-2025-jpeg\/DP0025-DP0026-INT.jpg","type":"","width":"","height":""}],"twitter_card":"summary_large_image","twitter_misc":{"Arvioitu lukuaika":"5 minuuttia"},"schema":{"@context":"https:\/\/schema.org","@graph":[{"@type":"WebPage","@id":"https:\/\/hpx.eu\/fi\/kampanjat\/","url":"https:\/\/hpx.eu\/fi\/kampanjat\/","name":"Kampanjat - HPX","isPartOf":{"@id":"https:\/\/hpx.eu\/fi\/#website"},"primaryImageOfPage":{"@id":"https:\/\/hpx.eu\/fi\/kampanjat\/#primaryimage"},"image":{"@id":"https:\/\/hpx.eu\/fi\/kampanjat\/#primaryimage"},"thumbnailUrl":"https:\/\/hpx.eu\/wp-content\/promotions\/promos-2025-jpeg\/DP0025-DP0026-INT.jpg","datePublished":"2017-06-14T06:34:38+00:00","dateModified":"2026-04-09T08:36:54+00:00","breadcrumb":{"@id":"https:\/\/hpx.eu\/fi\/kampanjat\/#breadcrumb"},"inLanguage":"fi","potentialAction":[{"@type":"ReadAction","target":["https:\/\/hpx.eu\/fi\/kampanjat\/"]}]},{"@type":"ImageObject","inLanguage":"fi","@id":"https:\/\/hpx.eu\/fi\/kampanjat\/#primaryimage","url":"https:\/\/hpx.eu\/wp-content\/promotions\/promos-2025-jpeg\/DP0025-DP0026-INT.jpg","contentUrl":"https:\/\/hpx.eu\/wp-content\/promotions\/promos-2025-jpeg\/DP0025-DP0026-INT.jpg"},{"@type":"BreadcrumbList","@id":"https:\/\/hpx.eu\/fi\/kampanjat\/#breadcrumb","itemListElement":[{"@type":"ListItem","position":1,"name":"Startseite","item":"https:\/\/hpx.eu\/fi\/"},{"@type":"ListItem","position":2,"name":"Kampanjat"}]},{"@type":"WebSite","@id":"https:\/\/hpx.eu\/fi\/#website","url":"https:\/\/hpx.eu\/fi\/","name":"HPX","description":"Tough Job, Tougher Tape","publisher":{"@id":"https:\/\/hpx.eu\/fi\/#organization"},"potentialAction":[{"@type":"SearchAction","target":{"@type":"EntryPoint","urlTemplate":"https:\/\/hpx.eu\/fi\/?s={search_term_string}"},"query-input":{"@type":"PropertyValueSpecification","valueRequired":true,"valueName":"search_term_string"}}],"inLanguage":"fi"},{"@type":"Organization","@id":"https:\/\/hpx.eu\/fi\/#organization","name":"Option Tape Specialties","url":"https:\/\/hpx.eu\/fi\/","logo":{"@type":"ImageObject","inLanguage":"fi","@id":"https:\/\/hpx.eu\/fi\/#\/schema\/logo\/image\/","url":"","contentUrl":"","caption":"Option Tape Specialties"},"image":{"@id":"https:\/\/hpx.eu\/fi\/#\/schema\/logo\/image\/"},"sameAs":["https:\/\/www.facebook.com\/HPXtape\/","https:\/\/www.linkedin.com\/company\/2913311\/","https:\/\/www.youtube.com\/channel\/UCCYnFjBGfKw8SPW1hMUCVFg"]}]}},"_links":{"self":[{"href":"https:\/\/hpx.eu\/fi\/wp-json\/wp\/v2\/pages\/9892","targetHints":{"allow":["GET"]}}],"collection":[{"href":"https:\/\/hpx.eu\/fi\/wp-json\/wp\/v2\/pages"}],"about":[{"href":"https:\/\/hpx.eu\/fi\/wp-json\/wp\/v2\/types\/page"}],"author":[{"embeddable":true,"href":"https:\/\/hpx.eu\/fi\/wp-json\/wp\/v2\/users\/1"}],"replies":[{"embeddable":true,"href":"https:\/\/hpx.eu\/fi\/wp-json\/wp\/v2\/comments?post=9892"}],"version-history":[{"count":27,"href":"https:\/\/hpx.eu\/fi\/wp-json\/wp\/v2\/pages\/9892\/revisions"}],"predecessor-version":[{"id":196725,"href":"https:\/\/hpx.eu\/fi\/wp-json\/wp\/v2\/pages\/9892\/revisions\/196725"}],"wp:attachment":[{"href":"https:\/\/hpx.eu\/fi\/wp-json\/wp\/v2\/media?parent=9892"}],"curies":[{"name":"wp","href":"https:\/\/api.w.org\/{rel}","templated":true}]}}