{"id":6697,"date":"2017-03-01T13:04:32","date_gmt":"2017-03-01T13:04:32","guid":{"rendered":"http:\/\/hpx.jonathanhuyssens.be\/nl-fi\/"},"modified":"2021-07-06T10:57:33","modified_gmt":"2021-07-06T08:57:33","slug":"nl-fi-2","status":"publish","type":"page","link":"https:\/\/hpx.eu\/fi\/","title":{"rendered":"HPX | Tough Job, Tougher Tape"},"content":{"rendered":"<p><img loading=\"lazy\" decoding=\"async\" id=\"mobile_header\" src=\"https:\/\/hpx.eu\/wp-content\/uploads\/2017\/03\/HPX-Tough_Job_Tougher_Tape.jpg\" alt=\"\" width=\"800\" height=\"566\" class=\"alignnone size-full wp-image-16111\" srcset=\"https:\/\/hpx.eu\/wp-content\/uploads\/2017\/03\/HPX-Tough_Job_Tougher_Tape.jpg 800w, https:\/\/hpx.eu\/wp-content\/uploads\/2017\/03\/HPX-Tough_Job_Tougher_Tape-600x425.jpg 600w, https:\/\/hpx.eu\/wp-content\/uploads\/2017\/03\/HPX-Tough_Job_Tougher_Tape-300x212.jpg 300w, https:\/\/hpx.eu\/wp-content\/uploads\/2017\/03\/HPX-Tough_Job_Tougher_Tape-768x543.jpg 768w\" sizes=\"auto, (max-width: 800px) 100vw, 800px\" \/><\/p>\n<h1>Tervetuloa HPX sivustolle<\/h1>\n<p>Tarjoamme laajan valikoiman teippej\u00e4 ammattilaisratkaisuilla, jotka vastaavat aina korkeimpia laatuvaatimuksia. HPX-br\u00e4ndi perustettiin vuonna 2004, ja siit\u00e4 asti laadun parantaminen ja kehitt\u00e4minen ovat olleet ehdottomasti t\u00e4rkeimm\u00e4t prioriteettimme. Lis\u00e4ksi meilt\u00e4 l\u00f6ytyy yli 25 vuoden kokemus alalta.<\/p>\n<p>HPX:ll\u00e4 on t\u00e4rke\u00e4 markkinaosuus monissa l\u00e4ntisen Euroopan maissa. Kiitos yhteisty\u00f6kumppaniemme ja j\u00e4lleenmyyjiemme, HPX tuotteita myyd\u00e4\u00e4n yli 3000 myyntipisteess\u00e4 20 maassa. HPX sijaitsee Temsess\u00e4, Belgiassa, ja keskeisen sijaintinsa vuoksi sill\u00e4 on mahdollisuus nopeisiin ja tehokkaisiin toimituksiin.<\/p>\n<p>HPX-sarja sis\u00e4lt\u00e4\u00e4 kymmenen erilaista tuoteryhm\u00e4\u00e4 teollisuudelle, autoteollisuudelle, rakennusteollisuudelle ja yksityisille kuluttajille.<\/p>\n<section id=\"content_table\">\n<div class=\"content_table right\">\n\t\t<a href=\"\/fi\/categorie-produit\/airtight-hoyrynsulkuteipit\/\"><img loading=\"lazy\" decoding=\"async\" src=\"\/wp-content\/uploads\/2021\/04\/IS5025-IS6025-US6025-US9025-AI6025-AR6025-AF3850-Durable_Airtight_Products.jpg\" alt=\"Airtight h\u00f6yrynsulkuteipit\" width=\"150\" height=\"150\" class=\"alignnone size-thumbnail wp-image-10282\"><\/p>\n<h2>Airtight h\u00f6yrynsulkuteipit<\/h2>\n<p><\/a><a href=\"\/fi\/categorie-produit\/airtight-hoyrynsulkuteipit\/\"><\/a><\/p>\n<\/div>\n<div class=\"content_table left\">\n\t\t<a href=\"\/fi\/categorie-produit\/ilmastointiteippi\/\"><img loading=\"lazy\" decoding=\"async\" src=\"\/wp-content\/uploads\/2020\/03\/HPX_6200_Repair_tape.jpg\" alt=\"\" width=\"150\" height=\"150\" class=\"alignnone size-thumbnail wp-image-12197\"><\/p>\n<h2>Ilmastointiteippi<\/h2>\n<p><\/a><a href=\"\/fi\/categorie-produit\/ilmastointiteippi\/\"><\/a><a href=\"\/fi\/categorie-produit\/ilmastointiteippi\/\"><\/a><a href=\"\/fi\/categorie-produit\/ilmastointiteippi\/\"><\/a><a href=\"\/fi\/categorie-produit\/ilmastointiteippi\/\"><\/a><a href=\"\/fi\/categorie-produit\/ilmastointiteippi\/\"><\/a><a href=\"\/fi\/categorie-produit\/ilmastointiteippi\/\"><\/a><a href=\"\/fi\/categorie-produit\/ilmastointiteippi\/\"><\/a><a href=\"\/fi\/categorie-produit\/ilmastointiteippi\/\"><\/a><a href=\"\/fi\/categorie-produit\/ilmastointiteippi\/\"><\/a><a href=\"\/fi\/categorie-produit\/ilmastointiteippi\/\"><\/a><a href=\"\/fi\/categorie-produit\/ilmastointiteippi\/\"><\/a><a href=\"\/fi\/categorie-produit\/ilmastointiteippi\/\"><\/a><a href=\"\/fi\/categorie-produit\/ilmastointiteippi\/\"><\/a><a href=\"\/fi\/categorie-produit\/ilmastointiteippi\/\"><\/a><a href=\"\/fi\/categorie-produit\/ilmastointiteippi\/\"><\/a><a href=\"\/fi\/categorie-produit\/ilmastointiteippi\/\"><\/a><a href=\"\/fi\/categorie-produit\/ilmastointiteippi\/\"><\/a><\/p>\n<\/div>\n<div class=\"content_table right\">\n\t\t<a href=\"\/fi\/categorie-produit\/kiinnitysteipit\/\"><img loading=\"lazy\" decoding=\"async\" src=\"\/wp-content\/uploads\/2020\/03\/HT1902-HT1905-HT1916-Max_Power_Transparent-Mounting_tape.jpg\" alt=\"\" width=\"150\" height=\"150\" class=\"alignnone size-thumbnail wp-image-10282\"><\/p>\n<h2>Kiinnitysteipit<\/h2>\n<p><\/a><a href=\"\/fi\/categorie-produit\/kiinnitysteipit\/\"><\/a><a href=\"\/fi\/categorie-produit\/kiinnitysteipit\/\"><\/a><a href=\"\/fi\/categorie-produit\/kiinnitysteipit\/\"><\/a><a href=\"\/fi\/categorie-produit\/kiinnitysteipit\/\"><\/a><a href=\"\/fi\/categorie-produit\/kiinnitysteipit\/\"><\/a><a href=\"\/fi\/categorie-produit\/kiinnitysteipit\/\"><\/a><a href=\"\/fi\/categorie-produit\/kiinnitysteipit\/\"><\/a><a href=\"\/fi\/categorie-produit\/kiinnitysteipit\/\"><\/a><a href=\"\/fi\/categorie-produit\/kiinnitysteipit\/\"><\/a><a href=\"\/fi\/categorie-produit\/kiinnitysteipit\/\"><\/a><a href=\"\/fi\/categorie-produit\/kiinnitysteipit\/\"><\/a><a href=\"\/fi\/categorie-produit\/kiinnitysteipit\/\"><\/a><a href=\"\/fi\/categorie-produit\/kiinnitysteipit\/\"><\/a><a href=\"\/fi\/categorie-produit\/kiinnitysteipit\/\"><\/a><a href=\"\/fi\/categorie-produit\/kiinnitysteipit\/\"><\/a><a href=\"\/fi\/categorie-produit\/kiinnitysteipit\/\"><\/a><a href=\"\/fi\/categorie-produit\/kiinnitysteipit\/\"><\/a><\/p>\n<\/div>\n<div class=\"content_table left\">\n\t\t<a href=\"\/fi\/categorie-produit\/tiivistysteipitsulkuteippi\/\"><img loading=\"lazy\" decoding=\"async\" src=\"\/wp-content\/uploads\/2020\/03\/AY5020-Alubutyl_tape-50mm_x_20m-5407004561240.jpg\" alt=\"\" width=\"150\" height=\"150\" class=\"alignnone size-thumbnail wp-image-12181\"><\/p>\n<h2>Tiivistysteipit\/Sulkuteippi<\/h2>\n<p><\/a><a href=\"\/fi\/categorie-produit\/tiivistysteipitsulkuteippi\/\"><\/a><a href=\"\/fi\/categorie-produit\/tiivistysteipitsulkuteippi\/\"><\/a><a href=\"\/fi\/categorie-produit\/tiivistysteipitsulkuteippi\/\"><\/a><a href=\"\/fi\/categorie-produit\/tiivistysteipitsulkuteippi\/\"><\/a><a href=\"\/fi\/categorie-produit\/tiivistysteipitsulkuteippi\/\"><\/a><a href=\"\/fi\/categorie-produit\/tiivistysteipitsulkuteippi\/\"><\/a><a href=\"\/fi\/categorie-produit\/tiivistysteipitsulkuteippi\/\"><\/a><a href=\"\/fi\/categorie-produit\/tiivistysteipitsulkuteippi\/\"><\/a><a href=\"\/fi\/categorie-produit\/tiivistysteipitsulkuteippi\/\"><\/a><a href=\"\/fi\/categorie-produit\/tiivistysteipitsulkuteippi\/\"><\/a><a href=\"\/fi\/categorie-produit\/tiivistysteipitsulkuteippi\/\"><\/a><a href=\"\/fi\/categorie-produit\/tiivistysteipitsulkuteippi\/\"><\/a><a href=\"\/fi\/categorie-produit\/tiivistysteipitsulkuteippi\/\"><\/a><a href=\"\/fi\/categorie-produit\/tiivistysteipitsulkuteippi\/\"><\/a><a href=\"\/fi\/categorie-produit\/tiivistysteipitsulkuteippi\/\"><\/a><a href=\"\/fi\/categorie-produit\/tiivistysteipitsulkuteippi\/\"><\/a><a href=\"\/fi\/categorie-produit\/tiivistysteipitsulkuteippi\/\"><\/a><\/p>\n<\/div>\n<div class=\"content_table right\">\n\t\t<a href=\"\/fi\/categorie-produit\/rajausteipitmaalarinteipit\/\"><img loading=\"lazy\" decoding=\"async\" src=\"\/wp-content\/uploads\/2020\/03\/MA2550-Masking_tape_60C-cream-25mm_x_50m-8711347178773.jpg\" alt=\"\" width=\"150\" height=\"150\" class=\"alignnone size-thumbnail wp-image-12209\"><\/p>\n<h2>Rajausteipit\/Maalarinteipit<\/h2>\n<p><\/a><a href=\"\/fi\/categorie-produit\/rajausteipitmaalarinteipit\/\"><\/a><a href=\"\/fi\/categorie-produit\/rajausteipitmaalarinteipit\/\"><\/a><a href=\"\/fi\/categorie-produit\/rajausteipitmaalarinteipit\/\"><\/a><a href=\"\/fi\/categorie-produit\/rajausteipitmaalarinteipit\/\"><\/a><a href=\"\/fi\/categorie-produit\/rajausteipitmaalarinteipit\/\"><\/a><a href=\"\/fi\/categorie-produit\/rajausteipitmaalarinteipit\/\"><\/a><a href=\"\/fi\/categorie-produit\/rajausteipitmaalarinteipit\/\"><\/a><a href=\"\/fi\/categorie-produit\/rajausteipitmaalarinteipit\/\"><\/a><a href=\"\/fi\/categorie-produit\/rajausteipitmaalarinteipit\/\"><\/a><a href=\"\/fi\/categorie-produit\/rajausteipitmaalarinteipit\/\"><\/a><a href=\"\/fi\/categorie-produit\/rajausteipitmaalarinteipit\/\"><\/a><a href=\"\/fi\/categorie-produit\/rajausteipitmaalarinteipit\/\"><\/a><a href=\"\/fi\/categorie-produit\/rajausteipitmaalarinteipit\/\"><\/a><a href=\"\/fi\/categorie-produit\/rajausteipitmaalarinteipit\/\"><\/a><a href=\"\/fi\/categorie-produit\/rajausteipitmaalarinteipit\/\"><\/a><a href=\"\/fi\/categorie-produit\/rajausteipitmaalarinteipit\/\"><\/a><a href=\"\/fi\/categorie-produit\/rajausteipitmaalarinteipit\/\"><\/a><\/p>\n<\/div>\n<div class=\"content_table left\">\n\t\t<a href=\"\/fi\/categorie-produit\/turvallisuus-ja-merkinta\/\"><img loading=\"lazy\" decoding=\"async\" src=\"\/wp-content\/uploads\/2020\/03\/HW5033-RW5033-Safety_tape-Security_marking_tape-50mm_x_33m.jpg\" alt=\"\" width=\"150\" height=\"150\" class=\"alignnone size-thumbnail wp-image-11101\"><\/p>\n<h2>Turvallisuus ja merkint\u00e4<\/h2>\n<p><\/a><a href=\"\/fi\/categorie-produit\/turvallisuus-ja-merkinta\/\"><\/a><a href=\"\/fi\/categorie-produit\/turvallisuus-ja-merkinta\/\"><\/a><a href=\"\/fi\/categorie-produit\/turvallisuus-ja-merkinta\/\"><\/a><a href=\"\/fi\/categorie-produit\/turvallisuus-ja-merkinta\/\"><\/a><a href=\"\/fi\/categorie-produit\/turvallisuus-ja-merkinta\/\"><\/a><a href=\"\/fi\/categorie-produit\/turvallisuus-ja-merkinta\/\"><\/a><a href=\"\/fi\/categorie-produit\/turvallisuus-ja-merkinta\/\"><\/a><a href=\"\/fi\/categorie-produit\/turvallisuus-ja-merkinta\/\"><\/a><a href=\"\/fi\/categorie-produit\/turvallisuus-ja-merkinta\/\"><\/a><a href=\"\/fi\/categorie-produit\/turvallisuus-ja-merkinta\/\"><\/a><a href=\"\/fi\/categorie-produit\/turvallisuus-ja-merkinta\/\"><\/a><a href=\"\/fi\/categorie-produit\/turvallisuus-ja-merkinta\/\"><\/a><a href=\"\/fi\/categorie-produit\/turvallisuus-ja-merkinta\/\"><\/a><a href=\"\/fi\/categorie-produit\/turvallisuus-ja-merkinta\/\"><\/a><a href=\"\/fi\/categorie-produit\/turvallisuus-ja-merkinta\/\"><\/a><a href=\"\/fi\/categorie-produit\/turvallisuus-ja-merkinta\/\"><\/a><a href=\"\/fi\/categorie-produit\/turvallisuus-ja-merkinta\/\"><\/a><\/p>\n<\/div>\n<div class=\"content_table right\">\n\t\t<a href=\"\/fi\/categorie-produit\/erikoismerkit\/\"><img loading=\"lazy\" decoding=\"async\" src=\"\/wp-content\/uploads\/2020\/03\/FT5090-Drywall_jointing_tape-Fiberglass_mesh_tape-50mm_x_90m-5407004560151.jpg\" alt=\"\" width=\"150\" height=\"150\" class=\"alignnone size-thumbnail wp-image-11272\"><\/p>\n<h2>Erikoismerkit<\/h2>\n<p><\/a><a href=\"\/fi\/categorie-produit\/erikoismerkit\/\"><\/a><a href=\"\/fi\/categorie-produit\/erikoismerkit\/\"><\/a><a href=\"\/fi\/categorie-produit\/erikoismerkit\/\"><\/a><a href=\"\/fi\/categorie-produit\/erikoismerkit\/\"><\/a><a href=\"\/fi\/categorie-produit\/erikoismerkit\/\"><\/a><a href=\"\/fi\/categorie-produit\/erikoismerkit\/\"><\/a><a href=\"\/fi\/categorie-produit\/erikoismerkit\/\"><\/a><a href=\"\/fi\/categorie-produit\/erikoismerkit\/\"><\/a><a href=\"\/fi\/categorie-produit\/erikoismerkit\/\"><\/a><a href=\"\/fi\/categorie-produit\/erikoismerkit\/\"><\/a><a href=\"\/fi\/categorie-produit\/erikoismerkit\/\"><\/a><a href=\"\/fi\/categorie-produit\/erikoismerkit\/\"><\/a><a href=\"\/fi\/categorie-produit\/erikoismerkit\/\"><\/a><a href=\"\/fi\/categorie-produit\/erikoismerkit\/\"><\/a><a href=\"\/fi\/categorie-produit\/erikoismerkit\/\"><\/a><a href=\"\/fi\/categorie-produit\/erikoismerkit\/\"><\/a><a href=\"\/fi\/categorie-produit\/erikoismerkit\/\"><\/a><\/p>\n<\/div>\n<div class=\"content_table left\">\n\t\t<a href=\"\/fi\/categorie-produit\/eristysteipit\/\"><img loading=\"lazy\" decoding=\"async\" src=\"\/wp-content\/uploads\/2020\/03\/PVC_insulating_tape_5200-black.jpg\" alt=\"\" width=\"150\" height=\"150\" class=\"alignnone size-thumbnail wp-image-11290\"><\/p>\n<h2>Eristysteipit<\/h2>\n<p><\/a><a href=\"\/fi\/categorie-produit\/eristysteipit\/\"><\/a><a href=\"\/fi\/categorie-produit\/eristysteipit\/\"><\/a><a href=\"\/fi\/categorie-produit\/eristysteipit\/\"><\/a><a href=\"\/fi\/categorie-produit\/eristysteipit\/\"><\/a><a href=\"\/fi\/categorie-produit\/eristysteipit\/\"><\/a><a href=\"\/fi\/categorie-produit\/eristysteipit\/\"><\/a><a href=\"\/fi\/categorie-produit\/eristysteipit\/\"><\/a><a href=\"\/fi\/categorie-produit\/eristysteipit\/\"><\/a><a href=\"\/fi\/categorie-produit\/eristysteipit\/\"><\/a><a href=\"\/fi\/categorie-produit\/eristysteipit\/\"><\/a><a href=\"\/fi\/categorie-produit\/eristysteipit\/\"><\/a><a href=\"\/fi\/categorie-produit\/eristysteipit\/\"><\/a><a href=\"\/fi\/categorie-produit\/eristysteipit\/\"><\/a><a href=\"\/fi\/categorie-produit\/eristysteipit\/\"><\/a><a href=\"\/fi\/categorie-produit\/eristysteipit\/\"><\/a><a href=\"\/fi\/categorie-produit\/eristysteipit\/\"><\/a><a href=\"\/fi\/categorie-produit\/eristysteipit\/\"><\/a><\/p>\n<\/div>\n<div class=\"content_table right\">\n\t\t<a href=\"\/fi\/categorie-produit\/pakkausteipit\/\"><img loading=\"lazy\" decoding=\"async\" src=\"\/wp-content\/uploads\/2020\/03\/VB5066-VT5066-Packaging_tape-50mm_x_66m.jpg\" alt=\"\" width=\"150\" height=\"150\" class=\"alignnone size-thumbnail wp-image-12290\"><\/p>\n<h2>Pakkausteipit<\/h2>\n<p><\/a><a href=\"\/fi\/categorie-produit\/pakkausteipit\/\"><\/a><a href=\"\/fi\/categorie-produit\/pakkausteipit\/\"><\/a><a href=\"\/fi\/categorie-produit\/pakkausteipit\/\"><\/a><a href=\"\/fi\/categorie-produit\/pakkausteipit\/\"><\/a><a href=\"\/fi\/categorie-produit\/pakkausteipit\/\"><\/a><a href=\"\/fi\/categorie-produit\/pakkausteipit\/\"><\/a><a href=\"\/fi\/categorie-produit\/pakkausteipit\/\"><\/a><a href=\"\/fi\/categorie-produit\/pakkausteipit\/\"><\/a><a href=\"\/fi\/categorie-produit\/pakkausteipit\/\"><\/a><a href=\"\/fi\/categorie-produit\/pakkausteipit\/\"><\/a><a href=\"\/fi\/categorie-produit\/pakkausteipit\/\"><\/a><a href=\"\/fi\/categorie-produit\/pakkausteipit\/\"><\/a><a href=\"\/fi\/categorie-produit\/pakkausteipit\/\"><\/a><a href=\"\/fi\/categorie-produit\/pakkausteipit\/\"><\/a><a href=\"\/fi\/categorie-produit\/pakkausteipit\/\"><\/a><a href=\"\/fi\/categorie-produit\/pakkausteipit\/\"><\/a><a href=\"\/fi\/categorie-produit\/pakkausteipit\/\"><\/a><\/p>\n<\/div>\n<div class=\"content_table left\">\n\t\t<a href=\"\/fi\/categorie-produit\/blisteripakkaukseen-pakatut-teipit\/\"><img loading=\"lazy\" decoding=\"async\" src=\"\/wp-content\/uploads\/2020\/03\/HT2525-Removable_Transparent-Pads-25mm_x_25mm-5407004561813.jpg\" alt=\"\" width=\"150\" height=\"150\" class=\"alignnone size-thumbnail wp-image-11740\"><\/p>\n<h2>Blisteripakkaukseen pakatut teipit<\/h2>\n<p><\/a><a href=\"\/fi\/categorie-produit\/blisteripakkaukseen-pakatut-teipit\/\"><\/a><a href=\"\/fi\/categorie-produit\/blisteripakkaukseen-pakatut-teipit\/\"><\/a><a href=\"\/fi\/categorie-produit\/blisteripakkaukseen-pakatut-teipit\/\"><\/a><a href=\"\/fi\/categorie-produit\/blisteripakkaukseen-pakatut-teipit\/\"><\/a><a href=\"\/fi\/categorie-produit\/blisteripakkaukseen-pakatut-teipit\/\"><\/a><a href=\"\/fi\/categorie-produit\/blisteripakkaukseen-pakatut-teipit\/\"><\/a><a href=\"\/fi\/categorie-produit\/blisteripakkaukseen-pakatut-teipit\/\"><\/a><a href=\"\/fi\/categorie-produit\/blisteripakkaukseen-pakatut-teipit\/\"><\/a><a href=\"\/fi\/categorie-produit\/blisteripakkaukseen-pakatut-teipit\/\"><\/a><a href=\"\/fi\/categorie-produit\/blisteripakkaukseen-pakatut-teipit\/\"><\/a><a href=\"\/fi\/categorie-produit\/blisteripakkaukseen-pakatut-teipit\/\"><\/a><a href=\"\/fi\/categorie-produit\/blisteripakkaukseen-pakatut-teipit\/\"><\/a><a href=\"\/fi\/categorie-produit\/blisteripakkaukseen-pakatut-teipit\/\"><\/a><a href=\"\/fi\/categorie-produit\/blisteripakkaukseen-pakatut-teipit\/\"><\/a><a href=\"\/fi\/categorie-produit\/blisteripakkaukseen-pakatut-teipit\/\"><\/a><a href=\"\/fi\/categorie-produit\/blisteripakkaukseen-pakatut-teipit\/\"><\/a><a href=\"\/fi\/categorie-produit\/blisteripakkaukseen-pakatut-teipit\/\"><\/a><\/p>\n<\/div>\n<div class=\"content_table right\">\n\t\t<a href=\"\/fi\/categorie-produit\/maalaustarvikkeet\/\"><img loading=\"lazy\" decoding=\"async\" src=\"\/wp-content\/uploads\/2020\/03\/ZCRE04-ZCRE07-Tape__striping_remover.jpg\" alt=\"\" width=\"150\" height=\"150\" class=\"alignnone size-thumbnail wp-image-12109\"><\/p>\n<h2>Maalaustarvikkeet<\/h2>\n<p><\/a><a href=\"\/fi\/categorie-produit\/maalaustarvikkeet\/\"><\/a><a href=\"\/fi\/categorie-produit\/maalaustarvikkeet\/\"><\/a><a href=\"\/fi\/categorie-produit\/maalaustarvikkeet\/\"><\/a><a href=\"\/fi\/categorie-produit\/maalaustarvikkeet\/\"><\/a><a href=\"\/fi\/categorie-produit\/maalaustarvikkeet\/\"><\/a><a href=\"\/fi\/categorie-produit\/maalaustarvikkeet\/\"><\/a><a href=\"\/fi\/categorie-produit\/maalaustarvikkeet\/\"><\/a><a href=\"\/fi\/categorie-produit\/maalaustarvikkeet\/\"><\/a><a href=\"\/fi\/categorie-produit\/maalaustarvikkeet\/\"><\/a><a href=\"\/fi\/categorie-produit\/maalaustarvikkeet\/\"><\/a><a href=\"\/fi\/categorie-produit\/maalaustarvikkeet\/\"><\/a><a href=\"\/fi\/categorie-produit\/maalaustarvikkeet\/\"><\/a><a href=\"\/fi\/categorie-produit\/maalaustarvikkeet\/\"><\/a><a href=\"\/fi\/categorie-produit\/maalaustarvikkeet\/\"><\/a><a href=\"\/fi\/categorie-produit\/maalaustarvikkeet\/\"><\/a><a href=\"\/fi\/categorie-produit\/maalaustarvikkeet\/\"><\/a><a href=\"\/fi\/categorie-produit\/maalaustarvikkeet\/\"><\/a><\/p>\n<\/div>\n<\/section>\n","protected":false},"excerpt":{"rendered":"<p>Tervetuloa HPX sivustolle Tarjoamme laajan valikoiman teippej\u00e4 ammattilaisratkaisuilla, jotka vastaavat aina korkeimpia laatuvaatimuksia. HPX-br\u00e4ndi perustettiin vuonna 2004, ja siit\u00e4 asti laadun parantaminen ja kehitt\u00e4minen ovat olleet ehdottomasti t\u00e4rkeimm\u00e4t prioriteettimme. Lis\u00e4ksi meilt\u00e4 l\u00f6ytyy yli 25 vuoden kokemus alalta. HPX:ll\u00e4 on t\u00e4rke\u00e4 markkinaosuus monissa l\u00e4ntisen Euroopan maissa. Kiitos yhteisty\u00f6kumppaniemme ja j\u00e4lleenmyyjiemme, HPX tuotteita myyd\u00e4\u00e4n yli 3000 myyntipisteess\u00e4 [&hellip;]<\/p>\n","protected":false},"author":2,"featured_media":16111,"parent":0,"menu_order":0,"comment_status":"closed","ping_status":"closed","template":"","meta":{"_exactmetrics_skip_tracking":false,"_exactmetrics_sitenote_active":false,"_exactmetrics_sitenote_note":"","_exactmetrics_sitenote_category":0,"_monsterinsights_skip_tracking":false,"_monsterinsights_sitenote_active":false,"_monsterinsights_sitenote_note":"","_monsterinsights_sitenote_category":0,"_themeisle_gutenberg_block_has_review":false,"footnotes":""},"class_list":["post-6697","page","type-page","status-publish","has-post-thumbnail","hentry","post","post-with-thumbnail","post-with-thumbnail-large"],"yoast_head":"<!-- This site is optimized with the Yoast SEO plugin v27.3 - https:\/\/yoast.com\/product\/yoast-seo-wordpress\/ -->\n<title>HPX | Tough Job, Tougher Tape - HPX<\/title>\n<meta name=\"robots\" content=\"index, follow, max-snippet:-1, max-image-preview:large, max-video-preview:-1\" \/>\n<link rel=\"canonical\" href=\"https:\/\/hpx.eu\/fi\/\" \/>\n<meta property=\"og:locale\" content=\"fi_FI\" \/>\n<meta property=\"og:type\" content=\"article\" \/>\n<meta property=\"og:title\" content=\"HPX | Tough Job, Tougher Tape - HPX\" \/>\n<meta property=\"og:description\" content=\"Tervetuloa HPX sivustolle Tarjoamme laajan valikoiman teippej\u00e4 ammattilaisratkaisuilla, jotka vastaavat aina korkeimpia laatuvaatimuksia. HPX-br\u00e4ndi perustettiin vuonna 2004, ja siit\u00e4 asti laadun parantaminen ja kehitt\u00e4minen ovat olleet ehdottomasti t\u00e4rkeimm\u00e4t prioriteettimme. Lis\u00e4ksi meilt\u00e4 l\u00f6ytyy yli 25 vuoden kokemus alalta. HPX:ll\u00e4 on t\u00e4rke\u00e4 markkinaosuus monissa l\u00e4ntisen Euroopan maissa. Kiitos yhteisty\u00f6kumppaniemme ja j\u00e4lleenmyyjiemme, HPX tuotteita myyd\u00e4\u00e4n yli 3000 myyntipisteess\u00e4 [&hellip;]\" \/>\n<meta property=\"og:url\" content=\"https:\/\/hpx.eu\/fi\/\" \/>\n<meta property=\"og:site_name\" content=\"HPX\" \/>\n<meta property=\"article:publisher\" content=\"https:\/\/www.facebook.com\/HPXtape\/\" \/>\n<meta property=\"article:modified_time\" content=\"2021-07-06T08:57:33+00:00\" \/>\n<meta property=\"og:image\" content=\"https:\/\/hpx.eu\/wp-content\/uploads\/2017\/03\/HPX-Tough_Job_Tougher_Tape.jpg\" \/>\n<meta name=\"twitter:card\" content=\"summary_large_image\" \/>\n<meta name=\"twitter:label1\" content=\"Arvioitu lukuaika\" \/>\n\t<meta name=\"twitter:data1\" content=\"3 minuuttia\" \/>\n<script type=\"application\/ld+json\" class=\"yoast-schema-graph\">{\"@context\":\"https:\\\/\\\/schema.org\",\"@graph\":[{\"@type\":\"WebPage\",\"@id\":\"https:\\\/\\\/hpx.eu\\\/fi\\\/\",\"url\":\"https:\\\/\\\/hpx.eu\\\/fi\\\/\",\"name\":\"HPX | Tough Job, Tougher Tape - HPX\",\"isPartOf\":{\"@id\":\"http:\\\/\\\/hpx.eu\\\/fi\\\/#website\"},\"primaryImageOfPage\":{\"@id\":\"https:\\\/\\\/hpx.eu\\\/fi\\\/#primaryimage\"},\"image\":{\"@id\":\"https:\\\/\\\/hpx.eu\\\/fi\\\/#primaryimage\"},\"thumbnailUrl\":\"https:\\\/\\\/hpx.eu\\\/wp-content\\\/uploads\\\/2017\\\/03\\\/HPX-Tough_Job_Tougher_Tape.jpg\",\"datePublished\":\"2017-03-01T13:04:32+00:00\",\"dateModified\":\"2021-07-06T08:57:33+00:00\",\"breadcrumb\":{\"@id\":\"https:\\\/\\\/hpx.eu\\\/fi\\\/#breadcrumb\"},\"inLanguage\":\"fi\",\"potentialAction\":[{\"@type\":\"ReadAction\",\"target\":[\"https:\\\/\\\/hpx.eu\\\/fi\\\/\"]}]},{\"@type\":\"ImageObject\",\"inLanguage\":\"fi\",\"@id\":\"https:\\\/\\\/hpx.eu\\\/fi\\\/#primaryimage\",\"url\":\"https:\\\/\\\/hpx.eu\\\/wp-content\\\/uploads\\\/2017\\\/03\\\/HPX-Tough_Job_Tougher_Tape.jpg\",\"contentUrl\":\"https:\\\/\\\/hpx.eu\\\/wp-content\\\/uploads\\\/2017\\\/03\\\/HPX-Tough_Job_Tougher_Tape.jpg\",\"width\":800,\"height\":566},{\"@type\":\"BreadcrumbList\",\"@id\":\"https:\\\/\\\/hpx.eu\\\/fi\\\/#breadcrumb\",\"itemListElement\":[{\"@type\":\"ListItem\",\"position\":1,\"name\":\"Startseite\",\"item\":\"http:\\\/\\\/hpx.eu\\\/fi\\\/\"},{\"@type\":\"ListItem\",\"position\":2,\"name\":\"HPX | Tough Job, Tougher Tape\"}]},{\"@type\":\"WebSite\",\"@id\":\"http:\\\/\\\/hpx.eu\\\/fi\\\/#website\",\"url\":\"http:\\\/\\\/hpx.eu\\\/fi\\\/\",\"name\":\"HPX\",\"description\":\"Tough Job, Tougher Tape\",\"publisher\":{\"@id\":\"http:\\\/\\\/hpx.eu\\\/fi\\\/#organization\"},\"potentialAction\":[{\"@type\":\"SearchAction\",\"target\":{\"@type\":\"EntryPoint\",\"urlTemplate\":\"http:\\\/\\\/hpx.eu\\\/fi\\\/?s={search_term_string}\"},\"query-input\":{\"@type\":\"PropertyValueSpecification\",\"valueRequired\":true,\"valueName\":\"search_term_string\"}}],\"inLanguage\":\"fi\"},{\"@type\":\"Organization\",\"@id\":\"http:\\\/\\\/hpx.eu\\\/fi\\\/#organization\",\"name\":\"Option Tape Specialties\",\"url\":\"http:\\\/\\\/hpx.eu\\\/fi\\\/\",\"logo\":{\"@type\":\"ImageObject\",\"inLanguage\":\"fi\",\"@id\":\"http:\\\/\\\/hpx.eu\\\/fi\\\/#\\\/schema\\\/logo\\\/image\\\/\",\"url\":\"\",\"contentUrl\":\"\",\"caption\":\"Option Tape Specialties\"},\"image\":{\"@id\":\"http:\\\/\\\/hpx.eu\\\/fi\\\/#\\\/schema\\\/logo\\\/image\\\/\"},\"sameAs\":[\"https:\\\/\\\/www.facebook.com\\\/HPXtape\\\/\",\"https:\\\/\\\/www.linkedin.com\\\/company\\\/2913311\\\/\",\"https:\\\/\\\/www.youtube.com\\\/channel\\\/UCCYnFjBGfKw8SPW1hMUCVFg\"]}]}<\/script>\n<!-- \/ Yoast SEO plugin. -->","yoast_head_json":{"title":"HPX | Tough Job, Tougher Tape - HPX","robots":{"index":"index","follow":"follow","max-snippet":"max-snippet:-1","max-image-preview":"max-image-preview:large","max-video-preview":"max-video-preview:-1"},"canonical":"https:\/\/hpx.eu\/fi\/","og_locale":"fi_FI","og_type":"article","og_title":"HPX | Tough Job, Tougher Tape - HPX","og_description":"Tervetuloa HPX sivustolle Tarjoamme laajan valikoiman teippej\u00e4 ammattilaisratkaisuilla, jotka vastaavat aina korkeimpia laatuvaatimuksia. HPX-br\u00e4ndi perustettiin vuonna 2004, ja siit\u00e4 asti laadun parantaminen ja kehitt\u00e4minen ovat olleet ehdottomasti t\u00e4rkeimm\u00e4t prioriteettimme. Lis\u00e4ksi meilt\u00e4 l\u00f6ytyy yli 25 vuoden kokemus alalta. HPX:ll\u00e4 on t\u00e4rke\u00e4 markkinaosuus monissa l\u00e4ntisen Euroopan maissa. Kiitos yhteisty\u00f6kumppaniemme ja j\u00e4lleenmyyjiemme, HPX tuotteita myyd\u00e4\u00e4n yli 3000 myyntipisteess\u00e4 [&hellip;]","og_url":"https:\/\/hpx.eu\/fi\/","og_site_name":"HPX","article_publisher":"https:\/\/www.facebook.com\/HPXtape\/","article_modified_time":"2021-07-06T08:57:33+00:00","og_image":[{"url":"https:\/\/hpx.eu\/wp-content\/uploads\/2017\/03\/HPX-Tough_Job_Tougher_Tape.jpg","type":"","width":"","height":""}],"twitter_card":"summary_large_image","twitter_misc":{"Arvioitu lukuaika":"3 minuuttia"},"schema":{"@context":"https:\/\/schema.org","@graph":[{"@type":"WebPage","@id":"https:\/\/hpx.eu\/fi\/","url":"https:\/\/hpx.eu\/fi\/","name":"HPX | Tough Job, Tougher Tape - HPX","isPartOf":{"@id":"https:\/\/hpx.eu\/fi\/#website"},"primaryImageOfPage":{"@id":"https:\/\/hpx.eu\/fi\/#primaryimage"},"image":{"@id":"https:\/\/hpx.eu\/fi\/#primaryimage"},"thumbnailUrl":"https:\/\/hpx.eu\/wp-content\/uploads\/2017\/03\/HPX-Tough_Job_Tougher_Tape.jpg","datePublished":"2017-03-01T13:04:32+00:00","dateModified":"2021-07-06T08:57:33+00:00","breadcrumb":{"@id":"https:\/\/hpx.eu\/fi\/#breadcrumb"},"inLanguage":"fi","potentialAction":[{"@type":"ReadAction","target":["https:\/\/hpx.eu\/fi\/"]}]},{"@type":"ImageObject","inLanguage":"fi","@id":"https:\/\/hpx.eu\/fi\/#primaryimage","url":"https:\/\/hpx.eu\/wp-content\/uploads\/2017\/03\/HPX-Tough_Job_Tougher_Tape.jpg","contentUrl":"https:\/\/hpx.eu\/wp-content\/uploads\/2017\/03\/HPX-Tough_Job_Tougher_Tape.jpg","width":800,"height":566},{"@type":"BreadcrumbList","@id":"https:\/\/hpx.eu\/fi\/#breadcrumb","itemListElement":[{"@type":"ListItem","position":1,"name":"Startseite","item":"https:\/\/hpx.eu\/fi\/"},{"@type":"ListItem","position":2,"name":"HPX | Tough Job, Tougher Tape"}]},{"@type":"WebSite","@id":"https:\/\/hpx.eu\/fi\/#website","url":"https:\/\/hpx.eu\/fi\/","name":"HPX","description":"Tough Job, Tougher Tape","publisher":{"@id":"https:\/\/hpx.eu\/fi\/#organization"},"potentialAction":[{"@type":"SearchAction","target":{"@type":"EntryPoint","urlTemplate":"https:\/\/hpx.eu\/fi\/?s={search_term_string}"},"query-input":{"@type":"PropertyValueSpecification","valueRequired":true,"valueName":"search_term_string"}}],"inLanguage":"fi"},{"@type":"Organization","@id":"https:\/\/hpx.eu\/fi\/#organization","name":"Option Tape Specialties","url":"https:\/\/hpx.eu\/fi\/","logo":{"@type":"ImageObject","inLanguage":"fi","@id":"https:\/\/hpx.eu\/fi\/#\/schema\/logo\/image\/","url":"","contentUrl":"","caption":"Option Tape Specialties"},"image":{"@id":"https:\/\/hpx.eu\/fi\/#\/schema\/logo\/image\/"},"sameAs":["https:\/\/www.facebook.com\/HPXtape\/","https:\/\/www.linkedin.com\/company\/2913311\/","https:\/\/www.youtube.com\/channel\/UCCYnFjBGfKw8SPW1hMUCVFg"]}]}},"_links":{"self":[{"href":"https:\/\/hpx.eu\/fi\/wp-json\/wp\/v2\/pages\/6697","targetHints":{"allow":["GET"]}}],"collection":[{"href":"https:\/\/hpx.eu\/fi\/wp-json\/wp\/v2\/pages"}],"about":[{"href":"https:\/\/hpx.eu\/fi\/wp-json\/wp\/v2\/types\/page"}],"author":[{"embeddable":true,"href":"https:\/\/hpx.eu\/fi\/wp-json\/wp\/v2\/users\/2"}],"replies":[{"embeddable":true,"href":"https:\/\/hpx.eu\/fi\/wp-json\/wp\/v2\/comments?post=6697"}],"version-history":[{"count":10,"href":"https:\/\/hpx.eu\/fi\/wp-json\/wp\/v2\/pages\/6697\/revisions"}],"predecessor-version":[{"id":109515,"href":"https:\/\/hpx.eu\/fi\/wp-json\/wp\/v2\/pages\/6697\/revisions\/109515"}],"wp:featuredmedia":[{"embeddable":true,"href":"https:\/\/hpx.eu\/fi\/wp-json\/wp\/v2\/media\/16111"}],"wp:attachment":[{"href":"https:\/\/hpx.eu\/fi\/wp-json\/wp\/v2\/media?parent=6697"}],"curies":[{"name":"wp","href":"https:\/\/api.w.org\/{rel}","templated":true}]}}