{"id":109277,"date":"2021-06-21T08:25:51","date_gmt":"2021-06-21T06:25:51","guid":{"rendered":"https:\/\/hpx.eu\/?page_id=109277"},"modified":"2022-06-29T16:20:43","modified_gmt":"2022-06-29T14:20:43","slug":"sticky-cover-paper","status":"publish","type":"page","link":"https:\/\/hpx.eu\/fi\/sticky-cover-paper\/","title":{"rendered":"Sticky Cover Paper"},"content":{"rendered":"<div id=\"AIRTIGHT\">\n<h1>STICKY COVER PAPER<\/h1>\n<p><img decoding=\"async\" src=\"https:\/\/hpx.eu\/wp-content\/uploads\/2021\/06\/Sticky_Cover_Paper-Applications.png\" alt=\"Sticky Cover Paper - Applications\" class=\"SCP\"><br \/>\n<iframe loading=\"lazy\" width=\"827\" height=\"465\" src=\"https:\/\/www.youtube.com\/embed\/Tgq1Rn4Gp1E\" title=\"YouTube video player\" frameborder=\"0\" allow=\"accelerometer; autoplay; clipboard-write; encrypted-media; gyroscope; picture-in-picture\" allowfullscreen=\"\"><\/iframe><\/p>\n<h3>T\u00e4ysin itsekiinnittyv\u00e4 peitepaperi suurten alueiden nopeaan ja helppoon peitt\u00e4miseen<\/h3>\n<ul>\n<li>Eri pintojen, kuten lattian, portaiden, ikkunalaudan, l\u00e4mmityksen, kaiteiden jne. peitt\u00e4miseen<\/li>\n<li>T\u00e4ydellinen maalaukseen ja ruiskutukseen<\/li>\n<li>Korjattavissa asettamisen j\u00e4lkeen erityisten liimaominaisuuksien ansiosta<\/li>\n<li>Uudelleenk\u00e4ytett\u00e4v\u00e4 ja j\u00e4\u00e4m\u00e4tt\u00f6m\u00e4sti irrotettava<\/li>\n<li>Helppo asettaa<\/li>\n<li>Ymp\u00e4rist\u00f6yst\u00e4v\u00e4llinen<\/li>\n<\/ul>\n<div class=\"productImg\">\n        <img decoding=\"async\" src=\"https:\/\/hpx.eu\/wp-content\/uploads\/2021\/06\/CP7530-Sticky_Cover_Paper-brown-75mm_x_30m-5407004564494.jpg\" alt=\"CP730 | HPX Sticky Cover Paper | 75 mm x 30 m\"><img decoding=\"async\" src=\"https:\/\/hpx.eu\/wp-content\/uploads\/2021\/06\/CP1530-Sticky_Cover_Paper-brown-150mm_x_30m-5407004564517.jpg\" alt=\"CP1530 | HPX Sticky Cover Paper | 150 mm x 30 m\"><img decoding=\"async\" src=\"https:\/\/hpx.eu\/wp-content\/uploads\/2021\/06\/CP2230-Sticky_Cover_Paper-brown-225mm_x_30m-5407004564531.jpg\" alt=\"CP2230 | HPX Sticky Cover Paper | 225 mm x 30 m\"><img decoding=\"async\" src=\"https:\/\/hpx.eu\/wp-content\/uploads\/2021\/06\/CP3030-Sticky_Cover_Paper-brown-300mm_x_30m-5407004564555.jpg\" alt=\"CP3030 | HPX Sticky Cover Paper | 300 mm x 30 m\"><\/div>\n<div class=\"body\">\n<table class=\"product_table\">\n<thead>\n<tr>\n<th>Tuote no.<\/th>\n<th>Leveys<\/th>\n<th>Pituus<\/th>\n<th>V\u00e4ri<\/th>\n<th>Pkt<\/th>\n<th>EAN-koodi<\/th>\n<\/tr>\n<\/thead>\n<tbody>\n<tr>\n<td>CP7530<\/td>\n<td>74 mm<\/td>\n<td>30 m<\/td>\n<td>ruskea<\/td>\n<td>24<\/td>\n<td>5407004564494<\/td>\n<\/tr>\n<tr>\n<td>CP1530<\/td>\n<td>148 mm<\/td>\n<td>30 m<\/td>\n<td>ruskea<\/td>\n<td>32<\/td>\n<td>5407004564517<\/td>\n<\/tr>\n<tr>\n<td>CP2230<\/td>\n<td>222 mm<\/td>\n<td>30 m<\/td>\n<td>ruskea<\/td>\n<td>25<\/td>\n<td>5407004564531<\/td>\n<\/tr>\n<tr>\n<td>CP3030<\/td>\n<td>296 mm<\/td>\n<td>30 m<\/td>\n<td>ruskea<\/td>\n<td>16<\/td>\n<td>5407004564555<\/td>\n<\/tr>\n<\/tbody>\n<\/table>\n<\/div>\n<p><img decoding=\"async\" src=\"https:\/\/hpx.eu\/wp-content\/uploads\/2021\/06\/CP730-CP1530-CP2230-CP3030-Sticky_Cover_Paper.jpg\" alt=\"CP7530 | CP1530 | CP2230 | CP3030 | HPX Sticky Cover Paper\"><\/p>\n<\/div>\n","protected":false},"excerpt":{"rendered":"<p>STICKY COVER PAPER T\u00e4ysin itsekiinnittyv\u00e4 peitepaperi suurten alueiden nopeaan ja helppoon peitt\u00e4miseen Eri pintojen, kuten lattian, portaiden, ikkunalaudan, l\u00e4mmityksen, kaiteiden jne. peitt\u00e4miseen T\u00e4ydellinen maalaukseen ja ruiskutukseen Korjattavissa asettamisen j\u00e4lkeen erityisten liimaominaisuuksien ansiosta Uudelleenk\u00e4ytett\u00e4v\u00e4 ja j\u00e4\u00e4m\u00e4tt\u00f6m\u00e4sti irrotettava Helppo asettaa Ymp\u00e4rist\u00f6yst\u00e4v\u00e4llinen Tuote no. Leveys Pituus V\u00e4ri Pkt EAN-koodi CP7530 74 mm 30 m ruskea 24 5407004564494 CP1530 [&hellip;]<\/p>\n","protected":false},"author":1,"featured_media":0,"parent":0,"menu_order":0,"comment_status":"closed","ping_status":"closed","template":"","meta":{"_exactmetrics_skip_tracking":false,"_exactmetrics_sitenote_active":false,"_exactmetrics_sitenote_note":"","_exactmetrics_sitenote_category":0,"_monsterinsights_skip_tracking":false,"_monsterinsights_sitenote_active":false,"_monsterinsights_sitenote_note":"","_monsterinsights_sitenote_category":0,"_themeisle_gutenberg_block_has_review":false,"footnotes":""},"class_list":["post-109277","page","type-page","status-publish","hentry","post"],"yoast_head":"<!-- This site is optimized with the Yoast SEO plugin v27.3 - https:\/\/yoast.com\/product\/yoast-seo-wordpress\/ -->\n<title>Sticky Cover Paper - HPX<\/title>\n<meta name=\"robots\" content=\"index, follow, max-snippet:-1, max-image-preview:large, max-video-preview:-1\" \/>\n<link rel=\"canonical\" href=\"https:\/\/hpx.eu\/fi\/sticky-cover-paper\/\" \/>\n<meta property=\"og:locale\" content=\"fi_FI\" \/>\n<meta property=\"og:type\" content=\"article\" \/>\n<meta property=\"og:title\" content=\"Sticky Cover Paper - HPX\" \/>\n<meta property=\"og:description\" content=\"STICKY COVER PAPER T\u00e4ysin itsekiinnittyv\u00e4 peitepaperi suurten alueiden nopeaan ja helppoon peitt\u00e4miseen Eri pintojen, kuten lattian, portaiden, ikkunalaudan, l\u00e4mmityksen, kaiteiden jne. peitt\u00e4miseen T\u00e4ydellinen maalaukseen ja ruiskutukseen Korjattavissa asettamisen j\u00e4lkeen erityisten liimaominaisuuksien ansiosta Uudelleenk\u00e4ytett\u00e4v\u00e4 ja j\u00e4\u00e4m\u00e4tt\u00f6m\u00e4sti irrotettava Helppo asettaa Ymp\u00e4rist\u00f6yst\u00e4v\u00e4llinen Tuote no. Leveys Pituus V\u00e4ri Pkt EAN-koodi CP7530 74 mm 30 m ruskea 24 5407004564494 CP1530 [&hellip;]\" \/>\n<meta property=\"og:url\" content=\"https:\/\/hpx.eu\/fi\/sticky-cover-paper\/\" \/>\n<meta property=\"og:site_name\" content=\"HPX\" \/>\n<meta property=\"article:publisher\" content=\"https:\/\/www.facebook.com\/HPXtape\/\" \/>\n<meta property=\"article:modified_time\" content=\"2022-06-29T14:20:43+00:00\" \/>\n<meta property=\"og:image\" content=\"https:\/\/hpx.eu\/wp-content\/uploads\/2021\/06\/Sticky_Cover_Paper-Applications.png\" \/>\n<meta name=\"twitter:card\" content=\"summary_large_image\" \/>\n<meta name=\"twitter:label1\" content=\"Arvioitu lukuaika\" \/>\n\t<meta name=\"twitter:data1\" content=\"2 minuuttia\" \/>\n<script type=\"application\/ld+json\" class=\"yoast-schema-graph\">{\"@context\":\"https:\\\/\\\/schema.org\",\"@graph\":[{\"@type\":\"WebPage\",\"@id\":\"https:\\\/\\\/hpx.eu\\\/fi\\\/sticky-cover-paper\\\/\",\"url\":\"https:\\\/\\\/hpx.eu\\\/fi\\\/sticky-cover-paper\\\/\",\"name\":\"Sticky Cover Paper - HPX\",\"isPartOf\":{\"@id\":\"http:\\\/\\\/hpx.eu\\\/fi\\\/#website\"},\"primaryImageOfPage\":{\"@id\":\"https:\\\/\\\/hpx.eu\\\/fi\\\/sticky-cover-paper\\\/#primaryimage\"},\"image\":{\"@id\":\"https:\\\/\\\/hpx.eu\\\/fi\\\/sticky-cover-paper\\\/#primaryimage\"},\"thumbnailUrl\":\"https:\\\/\\\/hpx.eu\\\/wp-content\\\/uploads\\\/2021\\\/06\\\/Sticky_Cover_Paper-Applications.png\",\"datePublished\":\"2021-06-21T06:25:51+00:00\",\"dateModified\":\"2022-06-29T14:20:43+00:00\",\"breadcrumb\":{\"@id\":\"https:\\\/\\\/hpx.eu\\\/fi\\\/sticky-cover-paper\\\/#breadcrumb\"},\"inLanguage\":\"fi\",\"potentialAction\":[{\"@type\":\"ReadAction\",\"target\":[\"https:\\\/\\\/hpx.eu\\\/fi\\\/sticky-cover-paper\\\/\"]}]},{\"@type\":\"ImageObject\",\"inLanguage\":\"fi\",\"@id\":\"https:\\\/\\\/hpx.eu\\\/fi\\\/sticky-cover-paper\\\/#primaryimage\",\"url\":\"https:\\\/\\\/hpx.eu\\\/wp-content\\\/uploads\\\/2021\\\/06\\\/Sticky_Cover_Paper-Applications.png\",\"contentUrl\":\"https:\\\/\\\/hpx.eu\\\/wp-content\\\/uploads\\\/2021\\\/06\\\/Sticky_Cover_Paper-Applications.png\"},{\"@type\":\"BreadcrumbList\",\"@id\":\"https:\\\/\\\/hpx.eu\\\/fi\\\/sticky-cover-paper\\\/#breadcrumb\",\"itemListElement\":[{\"@type\":\"ListItem\",\"position\":1,\"name\":\"Startseite\",\"item\":\"http:\\\/\\\/hpx.eu\\\/fi\\\/\"},{\"@type\":\"ListItem\",\"position\":2,\"name\":\"Sticky Cover Paper\"}]},{\"@type\":\"WebSite\",\"@id\":\"http:\\\/\\\/hpx.eu\\\/fi\\\/#website\",\"url\":\"http:\\\/\\\/hpx.eu\\\/fi\\\/\",\"name\":\"HPX\",\"description\":\"Tough Job, Tougher Tape\",\"publisher\":{\"@id\":\"http:\\\/\\\/hpx.eu\\\/fi\\\/#organization\"},\"potentialAction\":[{\"@type\":\"SearchAction\",\"target\":{\"@type\":\"EntryPoint\",\"urlTemplate\":\"http:\\\/\\\/hpx.eu\\\/fi\\\/?s={search_term_string}\"},\"query-input\":{\"@type\":\"PropertyValueSpecification\",\"valueRequired\":true,\"valueName\":\"search_term_string\"}}],\"inLanguage\":\"fi\"},{\"@type\":\"Organization\",\"@id\":\"http:\\\/\\\/hpx.eu\\\/fi\\\/#organization\",\"name\":\"Option Tape Specialties\",\"url\":\"http:\\\/\\\/hpx.eu\\\/fi\\\/\",\"logo\":{\"@type\":\"ImageObject\",\"inLanguage\":\"fi\",\"@id\":\"http:\\\/\\\/hpx.eu\\\/fi\\\/#\\\/schema\\\/logo\\\/image\\\/\",\"url\":\"\",\"contentUrl\":\"\",\"caption\":\"Option Tape Specialties\"},\"image\":{\"@id\":\"http:\\\/\\\/hpx.eu\\\/fi\\\/#\\\/schema\\\/logo\\\/image\\\/\"},\"sameAs\":[\"https:\\\/\\\/www.facebook.com\\\/HPXtape\\\/\",\"https:\\\/\\\/www.linkedin.com\\\/company\\\/2913311\\\/\",\"https:\\\/\\\/www.youtube.com\\\/channel\\\/UCCYnFjBGfKw8SPW1hMUCVFg\"]}]}<\/script>\n<!-- \/ Yoast SEO plugin. -->","yoast_head_json":{"title":"Sticky Cover Paper - HPX","robots":{"index":"index","follow":"follow","max-snippet":"max-snippet:-1","max-image-preview":"max-image-preview:large","max-video-preview":"max-video-preview:-1"},"canonical":"https:\/\/hpx.eu\/fi\/sticky-cover-paper\/","og_locale":"fi_FI","og_type":"article","og_title":"Sticky Cover Paper - HPX","og_description":"STICKY COVER PAPER T\u00e4ysin itsekiinnittyv\u00e4 peitepaperi suurten alueiden nopeaan ja helppoon peitt\u00e4miseen Eri pintojen, kuten lattian, portaiden, ikkunalaudan, l\u00e4mmityksen, kaiteiden jne. peitt\u00e4miseen T\u00e4ydellinen maalaukseen ja ruiskutukseen Korjattavissa asettamisen j\u00e4lkeen erityisten liimaominaisuuksien ansiosta Uudelleenk\u00e4ytett\u00e4v\u00e4 ja j\u00e4\u00e4m\u00e4tt\u00f6m\u00e4sti irrotettava Helppo asettaa Ymp\u00e4rist\u00f6yst\u00e4v\u00e4llinen Tuote no. Leveys Pituus V\u00e4ri Pkt EAN-koodi CP7530 74 mm 30 m ruskea 24 5407004564494 CP1530 [&hellip;]","og_url":"https:\/\/hpx.eu\/fi\/sticky-cover-paper\/","og_site_name":"HPX","article_publisher":"https:\/\/www.facebook.com\/HPXtape\/","article_modified_time":"2022-06-29T14:20:43+00:00","og_image":[{"url":"https:\/\/hpx.eu\/wp-content\/uploads\/2021\/06\/Sticky_Cover_Paper-Applications.png","type":"","width":"","height":""}],"twitter_card":"summary_large_image","twitter_misc":{"Arvioitu lukuaika":"2 minuuttia"},"schema":{"@context":"https:\/\/schema.org","@graph":[{"@type":"WebPage","@id":"https:\/\/hpx.eu\/fi\/sticky-cover-paper\/","url":"https:\/\/hpx.eu\/fi\/sticky-cover-paper\/","name":"Sticky Cover Paper - HPX","isPartOf":{"@id":"https:\/\/hpx.eu\/fi\/#website"},"primaryImageOfPage":{"@id":"https:\/\/hpx.eu\/fi\/sticky-cover-paper\/#primaryimage"},"image":{"@id":"https:\/\/hpx.eu\/fi\/sticky-cover-paper\/#primaryimage"},"thumbnailUrl":"https:\/\/hpx.eu\/wp-content\/uploads\/2021\/06\/Sticky_Cover_Paper-Applications.png","datePublished":"2021-06-21T06:25:51+00:00","dateModified":"2022-06-29T14:20:43+00:00","breadcrumb":{"@id":"https:\/\/hpx.eu\/fi\/sticky-cover-paper\/#breadcrumb"},"inLanguage":"fi","potentialAction":[{"@type":"ReadAction","target":["https:\/\/hpx.eu\/fi\/sticky-cover-paper\/"]}]},{"@type":"ImageObject","inLanguage":"fi","@id":"https:\/\/hpx.eu\/fi\/sticky-cover-paper\/#primaryimage","url":"https:\/\/hpx.eu\/wp-content\/uploads\/2021\/06\/Sticky_Cover_Paper-Applications.png","contentUrl":"https:\/\/hpx.eu\/wp-content\/uploads\/2021\/06\/Sticky_Cover_Paper-Applications.png"},{"@type":"BreadcrumbList","@id":"https:\/\/hpx.eu\/fi\/sticky-cover-paper\/#breadcrumb","itemListElement":[{"@type":"ListItem","position":1,"name":"Startseite","item":"https:\/\/hpx.eu\/fi\/"},{"@type":"ListItem","position":2,"name":"Sticky Cover Paper"}]},{"@type":"WebSite","@id":"https:\/\/hpx.eu\/fi\/#website","url":"https:\/\/hpx.eu\/fi\/","name":"HPX","description":"Tough Job, Tougher Tape","publisher":{"@id":"https:\/\/hpx.eu\/fi\/#organization"},"potentialAction":[{"@type":"SearchAction","target":{"@type":"EntryPoint","urlTemplate":"https:\/\/hpx.eu\/fi\/?s={search_term_string}"},"query-input":{"@type":"PropertyValueSpecification","valueRequired":true,"valueName":"search_term_string"}}],"inLanguage":"fi"},{"@type":"Organization","@id":"https:\/\/hpx.eu\/fi\/#organization","name":"Option Tape Specialties","url":"https:\/\/hpx.eu\/fi\/","logo":{"@type":"ImageObject","inLanguage":"fi","@id":"https:\/\/hpx.eu\/fi\/#\/schema\/logo\/image\/","url":"","contentUrl":"","caption":"Option Tape Specialties"},"image":{"@id":"https:\/\/hpx.eu\/fi\/#\/schema\/logo\/image\/"},"sameAs":["https:\/\/www.facebook.com\/HPXtape\/","https:\/\/www.linkedin.com\/company\/2913311\/","https:\/\/www.youtube.com\/channel\/UCCYnFjBGfKw8SPW1hMUCVFg"]}]}},"_links":{"self":[{"href":"https:\/\/hpx.eu\/fi\/wp-json\/wp\/v2\/pages\/109277","targetHints":{"allow":["GET"]}}],"collection":[{"href":"https:\/\/hpx.eu\/fi\/wp-json\/wp\/v2\/pages"}],"about":[{"href":"https:\/\/hpx.eu\/fi\/wp-json\/wp\/v2\/types\/page"}],"author":[{"embeddable":true,"href":"https:\/\/hpx.eu\/fi\/wp-json\/wp\/v2\/users\/1"}],"replies":[{"embeddable":true,"href":"https:\/\/hpx.eu\/fi\/wp-json\/wp\/v2\/comments?post=109277"}],"version-history":[{"count":3,"href":"https:\/\/hpx.eu\/fi\/wp-json\/wp\/v2\/pages\/109277\/revisions"}],"predecessor-version":[{"id":113839,"href":"https:\/\/hpx.eu\/fi\/wp-json\/wp\/v2\/pages\/109277\/revisions\/113839"}],"wp:attachment":[{"href":"https:\/\/hpx.eu\/fi\/wp-json\/wp\/v2\/media?parent=109277"}],"curies":[{"name":"wp","href":"https:\/\/api.w.org\/{rel}","templated":true}]}}