{"id":10146,"date":"2017-06-14T14:27:08","date_gmt":"2017-06-14T12:27:08","guid":{"rendered":"http:\/\/hpx.jonathanhuyssens.be\/?page_id=10146"},"modified":"2017-06-29T09:46:52","modified_gmt":"2017-06-29T07:46:52","slug":"sitemap","status":"publish","type":"page","link":"https:\/\/hpx.eu\/fi\/sitemap\/","title":{"rendered":"Sitemap"},"content":{"rendered":"<div class=\"wsp-container\"><h2 class=\"wsp-pages-title\">Pages<\/h2>\n<ul class=\"wsp-pages-list\">\n<li class=\"page_item page-item-10109\"><a href=\"https:\/\/hpx.eu\/fi\/disclaimer\/\">Disclaimer<\/a><\/li>\n<li class=\"page_item page-item-108627\"><a href=\"https:\/\/hpx.eu\/fi\/durable-airtight-products\/\">DURABLE AIRTIGHT PRODUCTS<\/a><\/li>\n<li class=\"page_item page-item-10087\"><a href=\"https:\/\/hpx.eu\/fi\/general-conditions\/\">General conditions<\/a><\/li>\n<li class=\"page_item page-item-6697\"><a href=\"https:\/\/hpx.eu\/fi\/\">HPX | Tough Job, Tougher Tape<\/a><\/li>\n<li class=\"page_item page-item-9917\"><a href=\"https:\/\/hpx.eu\/fi\/hyllysuunnittelu\/\">Hyllysuunnittelu<\/a><\/li>\n<li class=\"page_item page-item-9892\"><a href=\"https:\/\/hpx.eu\/fi\/kampanjat\/\">Kampanjat<\/a><\/li>\n<li class=\"page_item page-item-153699\"><a href=\"https:\/\/hpx.eu\/fi\/masking-4360-gold\/\">MASKING 4360 GOLD<\/a><\/li>\n<li class=\"page_item page-item-153243\"><a href=\"https:\/\/hpx.eu\/fi\/masking-4760-sensitive\/\">MASKING 4760 SENSITIVE<\/a><\/li>\n<li class=\"page_item page-item-9895\"><a href=\"https:\/\/hpx.eu\/fi\/p-o-s\/\">Myyntipiste<\/a><\/li>\n<li class=\"page_item page-item-10128\"><a href=\"https:\/\/hpx.eu\/fi\/privacy\/\">Privacy<\/a><\/li>\n<li class=\"page_item page-item-10146\"><a href=\"https:\/\/hpx.eu\/fi\/sitemap\/\">Sitemap<\/a><\/li>\n<li class=\"page_item page-item-109277\"><a href=\"https:\/\/hpx.eu\/fi\/sticky-cover-paper\/\">Sticky Cover Paper<\/a><\/li>\n<li class=\"page_item page-item-9926\"><a href=\"https:\/\/hpx.eu\/fi\/tuoteluettelot\/\">Tuoteluettelot<\/a><\/li>\n<li class=\"page_item page-item-9953\"><a href=\"https:\/\/hpx.eu\/fi\/tuotteet\/\">Tuotteet<\/a><\/li>\n<li class=\"page_item page-item-9940\"><a href=\"https:\/\/hpx.eu\/fi\/yhteystiedot\/\">Yhteystiedot<\/a><\/li>\n<\/ul>\n<h2 class=\"wsp-products-title\">Tuotteet<\/h2>\n<ul class=\"wsp-products-list\">\n<li><a href=\"https:\/\/hpx.eu\/fi\/product\/airtight-fix-8900\/\">AIRTIGHT FIX 8900<\/a><\/li>\n<li><a href=\"https:\/\/hpx.eu\/fi\/product\/airtight-roof-8800\/\">AIRTIGHT ROOF 8800<\/a><\/li>\n<li><a href=\"https:\/\/hpx.eu\/fi\/product\/airtight-indoor-8700\/\">AIRTIGHT INDOOR 8700<\/a><\/li>\n<li><a href=\"https:\/\/hpx.eu\/fi\/product\/airtight-uv-8600\/\">AIRTIGHT UV 8600<\/a><\/li>\n<li><a href=\"https:\/\/hpx.eu\/fi\/product\/airtight-flex-go-8550\/\">AIRTIGHT FLEX GO 8550<\/a><\/li>\n<li><a href=\"https:\/\/hpx.eu\/fi\/product\/airtight-flex-hoyrynsulkuteippi-8500\/\">AIRTIGHT FLEX H\u00d6YRYNSULKUTEIPPI 8500<\/a><\/li>\n<li><a href=\"https:\/\/hpx.eu\/fi\/product\/liiman-ja-teipinpoistolaikka-toffeelaikka-9800\/\">LIIMAN JA TEIPINPOISTOLAIKKA &quot;TOFFEELAIKKA&quot; 9800<\/a><\/li>\n<li><a href=\"https:\/\/hpx.eu\/fi\/product\/peilin-korjaussarja-9730\/\">PEILIN KORJAUSSARJA 9730<\/a><\/li>\n<li><a href=\"https:\/\/hpx.eu\/fi\/product\/kaapelinsuojateippi-52800\/\">KAAPELINSUOJATEIPPI 52800<\/a><\/li>\n<li><a href=\"https:\/\/hpx.eu\/fi\/product\/vulganointiteippi-52500-2\/\">VULGANOINTITEIPPI 52500<\/a><\/li>\n<li><a href=\"https:\/\/hpx.eu\/fi\/product\/eristysteippi-5200-5200-2\/\">ERISTYSTEIPPI 5200 5200<\/a><\/li>\n<li><a href=\"https:\/\/hpx.eu\/fi\/product\/heijastinteippi-9710\/\">HEIJASTINTEIPPI 9710<\/a><\/li>\n<li><a href=\"https:\/\/hpx.eu\/fi\/product\/alumiiniteippi-8300-2\/\">ALUMIINITEIPPI 8300<\/a><\/li>\n<li><a href=\"https:\/\/hpx.eu\/fi\/product\/duo-grip-1830-2\/\">DUO GRIP 1830<\/a><\/li>\n<li><a href=\"https:\/\/hpx.eu\/fi\/product\/zip-fix-1815\/\">ZIP FIX 1815<\/a><\/li>\n<li><a href=\"https:\/\/hpx.eu\/fi\/product\/kaksipuolinen-asennusteippi-kirkas-1600-2\/\">KAKSIPUOLINEN ASENNUSTEIPPI KIRKAS 1600<\/a><\/li>\n<li><a href=\"https:\/\/hpx.eu\/fi\/product\/kaksipuolinen-vaahtoteippi-2400-2\/\">KAKSIPUOLINEN  VAAHTOTEIPPI 2400<\/a><\/li>\n<li><a href=\"https:\/\/hpx.eu\/fi\/product\/kaksipuolinen-teippipala-taustapeiliteippi-3200\/\">KAKSIPUOLINEN  TEIPPIPALA &quot;TAUSTAPEILITEIPPI&quot; 3200<\/a><\/li>\n<li><a href=\"https:\/\/hpx.eu\/fi\/product\/kaksipuolinen-akryyliteippi-3200\/\">KAKSIPUOLINEN  AKRYYLITEIPPI 3200<\/a><\/li>\n<li><a href=\"https:\/\/hpx.eu\/fi\/product\/metsastysteippi-6300\/\">METS\u00c4STYSTEIPPI 6300<\/a><\/li>\n<li><a href=\"https:\/\/hpx.eu\/fi\/product\/monitoimiteippi-6200-taskukoko-6200\/\">MONITOIMITEIPPI 6200 - TASKUKOKO 6200<\/a><\/li>\n<li><a href=\"https:\/\/hpx.eu\/fi\/product\/monitoimiteippi-6200-6200-2\/\">MONITOIMITEIPPI 6200 6200<\/a><\/li>\n<li><a href=\"https:\/\/hpx.eu\/fi\/product\/mattoteippi-1100\/\">MATTOTEIPPI 1100<\/a><\/li>\n<li><a href=\"https:\/\/hpx.eu\/fi\/product\/irrotettavat-lapikuultavat-teippipalat-3050\/\">IRROTETTAVAT L\u00c4PIKUULTAVAT TEIPPIPALAT 3050<\/a><\/li>\n<li><a href=\"https:\/\/hpx.eu\/fi\/product\/powerpads-1710\/\">POWERPADS 1710<\/a><\/li>\n<li><a href=\"https:\/\/hpx.eu\/fi\/product\/teippikone-5920\/\">TEIPPIKONE 5920<\/a><\/li>\n<li><a href=\"https:\/\/hpx.eu\/fi\/product\/pakkausteippi-breekbaar-fragile-5900\/\">PAKKAUSTEIPPI BREEKBAAR\/FRAGILE 5900<\/a><\/li>\n<li><a href=\"https:\/\/hpx.eu\/fi\/product\/paperipakkausteippi-5800\/\">PAPERIPAKKAUSTEIPPI 5800<\/a><\/li>\n<li><a href=\"https:\/\/hpx.eu\/fi\/product\/erittain-vahva-filamenttiteippi-5750\/\">ERITT\u00c4IN VAHVA FILAMENTTITEIPPI 5750<\/a><\/li>\n<li><a href=\"https:\/\/hpx.eu\/fi\/product\/pakkausteippi-premium-5700\/\">PAKKAUSTEIPPI PREMIUM 5700<\/a><\/li>\n<li><a href=\"https:\/\/hpx.eu\/fi\/product\/pakkausteippi-monipakkaus-6-rullan-5600\/\">PAKKAUSTEIPPI MONIPAKKAUS (6 RULLAN) 5600<\/a><\/li>\n<li><a href=\"https:\/\/hpx.eu\/fi\/product\/pakkausteippi-yksittaispakattu-5600\/\">PAKKAUSTEIPPI (YKSITT\u00c4ISPAKATTU) 5600<\/a><\/li>\n<li><a href=\"https:\/\/hpx.eu\/fi\/product\/kangaseristysteippi-52900\/\">KANGASERISTYSTEIPPI 52900<\/a><\/li>\n<li><a href=\"https:\/\/hpx.eu\/fi\/product\/kaapelin-suojateippi-52800\/\">KAAPELIN SUOJATEIPPI 52800<\/a><\/li>\n<li><a href=\"https:\/\/hpx.eu\/fi\/product\/vulganointiteippi-stretch-52700\/\">VULGANOINTITEIPPI &quot;STRETCH &amp; FUSE&quot; 52700<\/a><\/li>\n<li><a href=\"https:\/\/hpx.eu\/fi\/product\/vulganointiteippi-52500\/\">VULGANOINTITEIPPI 52500<\/a><\/li>\n<li><a href=\"https:\/\/hpx.eu\/fi\/product\/putkikierreteippi-vesi-7950\/\">PUTKIKIERRETEIPPI VESI 7950<\/a><\/li>\n<li><a href=\"https:\/\/hpx.eu\/fi\/product\/putkikierreteippi-kaasu-7900\/\">PUTKIKIERRETEIPPI KAASU 7900<\/a><\/li>\n<li><a href=\"https:\/\/hpx.eu\/fi\/product\/pakkaseristysteippi-52400-52400\/\">PAKKASERISTYSTEIPPI 52400 52400<\/a><\/li>\n<li><a href=\"https:\/\/hpx.eu\/fi\/product\/eristysteippi-52300-52300\/\">ERISTYSTEIPPI 52300 52300<\/a><\/li>\n<li><a href=\"https:\/\/hpx.eu\/fi\/product\/joustava-eristysteippi-52100-52100\/\">JOUSTAVA ERISTYSTEIPPI 52100 52100<\/a><\/li>\n<li><a href=\"https:\/\/hpx.eu\/fi\/product\/eristysteippi-5200-5200\/\">ERISTYSTEIPPI 5200 5200<\/a><\/li>\n<li><a href=\"https:\/\/hpx.eu\/fi\/product\/magneettiteippi-7800\/\">MAGNEETTITEIPPI 7800<\/a><\/li>\n<li><a href=\"https:\/\/hpx.eu\/fi\/product\/metalliset-kulmalistat-7720\/\">METALLISET KULMALISTAT 7720<\/a><\/li>\n<li><a href=\"https:\/\/hpx.eu\/fi\/product\/kipsilevy-paperiteippi-7710\/\">KIPSILEVY PAPERITEIPPI 7710<\/a><\/li>\n<li><a href=\"https:\/\/hpx.eu\/fi\/product\/lasikuitusaumanauha-7700\/\">LASIKUITUSAUMANAUHA 7700<\/a><\/li>\n<li><a href=\"https:\/\/hpx.eu\/fi\/product\/vahvistettu-alumiiniteippi-8400\/\">VAHVISTETTU ALUMIINITEIPPI 8400<\/a><\/li>\n<li><a href=\"https:\/\/hpx.eu\/fi\/product\/alumiiniteippi-8300\/\">ALUMIINITEIPPI 8300<\/a><\/li>\n<li><a href=\"https:\/\/hpx.eu\/fi\/product\/korin-suojapehmusteet-7660\/\">KORIN SUOJAPEHMUSTEET 7660<\/a><\/li>\n<li><a href=\"https:\/\/hpx.eu\/fi\/product\/ovenkarmiteippi-7650\/\">OVENKARMITEIPPI 7650<\/a><\/li>\n<li><a href=\"https:\/\/hpx.eu\/fi\/product\/kiveniskuteippi-7600\/\">KIVENISKUTEIPPI 7600<\/a><\/li>\n<li><a href=\"https:\/\/hpx.eu\/fi\/product\/liukuesteteippi-allasteippi-9700\/\">LIUKUESTETEIPPI &quot;ALLASTEIPPI&quot; 9700<\/a><\/li>\n<li><a href=\"https:\/\/hpx.eu\/fi\/product\/liukuesteteippi-9600\/\">LIUKUESTETEIPPI 9600<\/a><\/li>\n<li><a href=\"https:\/\/hpx.eu\/fi\/product\/super-sulkunauha-9400\/\">SUPER SULKUNAUHA 9400<\/a><\/li>\n<li><a href=\"https:\/\/hpx.eu\/fi\/product\/sulkunauha-9300\/\">SULKUNAUHA 9300<\/a><\/li>\n<li><a href=\"https:\/\/hpx.eu\/fi\/product\/merkintateippi-9200\/\">MERKINT\u00c4TEIPPI 9200<\/a><\/li>\n<li><a href=\"https:\/\/hpx.eu\/fi\/product\/heavy-duty-merkkausteippi-9100\/\">HEAVY DUTY MERKKAUSTEIPPI 9100<\/a><\/li>\n<li><a href=\"https:\/\/hpx.eu\/fi\/product\/varoitusteippi-kangas-6150\/\">VAROITUSTEIPPI KANGAS 6150<\/a><\/li>\n<li><a href=\"https:\/\/hpx.eu\/fi\/product\/varoitusteippi-9000\/\">VAROITUSTEIPPI 9000<\/a><\/li>\n<li><a href=\"https:\/\/hpx.eu\/fi\/product\/rajausteippi-liekkiteippi-7500\/\">RAJAUSTEIPPI &quot;LIEKKITEIPPI&quot; 7500<\/a><\/li>\n<li><a href=\"https:\/\/hpx.eu\/fi\/product\/listannostoteippi-4950\/\">LISTANNOSTOTEIPPI 4950<\/a><\/li>\n<li><a href=\"https:\/\/hpx.eu\/fi\/product\/rappausteippi-7400\/\">RAPPAUSTEIPPI 7400<\/a><\/li>\n<li><a href=\"https:\/\/hpx.eu\/fi\/product\/helposti-irroittuva-suojateippi-7300\/\">HELPOSTI IRROITTUVA SUOJATEIPPI 7300<\/a><\/li>\n<li><a href=\"https:\/\/hpx.eu\/fi\/product\/pro-pe-plastering-tape-5910\/\">PRO PE PLASTERING TAPE 5910<\/a><\/li>\n<li><a href=\"https:\/\/hpx.eu\/fi\/product\/oranssi-suojateippi-7200\/\">ORANSSI SUOJATEIPPI 7200<\/a><\/li>\n<li><a href=\"https:\/\/hpx.eu\/fi\/product\/pro-suojakalvo-7100\/\">PRO-SUOJAKALVO 7100<\/a><\/li>\n<li><a href=\"https:\/\/hpx.eu\/fi\/product\/itsetarttuva-suojapaperi-portaat-4000\/\">ITSETARTTUVA SUOJAPAPERI - PORTAAT 4000<\/a><\/li>\n<li><a href=\"https:\/\/hpx.eu\/fi\/product\/itsetarttuva-suojapaperi-4000\/\">ITSETARTTUVA SUOJAPAPERI 4000<\/a><\/li>\n<li><a href=\"https:\/\/hpx.eu\/fi\/product\/easy-mask-ulkotiloihin-uv-4790\/\">EASY MASK ULKOTILOIHIN UV 4790<\/a><\/li>\n<li><a href=\"https:\/\/hpx.eu\/fi\/product\/easy-mask-ulkotiloihin-4780\/\">EASY MASK ULKOTILOIHIN 4780<\/a><\/li>\n<li><a href=\"https:\/\/hpx.eu\/fi\/product\/easy-mask-tarkkaan-rajaukseen-4750\/\">EASY MASK TARKKAAN RAJAUKSEEN 4750<\/a><\/li>\n<li><a href=\"https:\/\/hpx.eu\/fi\/product\/easy-mask-annostelija-4730\/\">EASY MASK + ANNOSTELIJA 4730<\/a><\/li>\n<li><a href=\"https:\/\/hpx.eu\/fi\/product\/easy-mask-4720\/\">EASY MASK 4720<\/a><\/li>\n<li><a href=\"https:\/\/hpx.eu\/fi\/product\/maalarinteippi-4900-extra-tarttuva-4900\/\">MAALARINTEIPPI 4900 EXTRA TARTTUVA 4900<\/a><\/li>\n<li><a href=\"https:\/\/hpx.eu\/fi\/product\/arkojen-pintojen-maalarinteippi-4800-4800\/\">ARKOJEN PINTOJEN MAALARINTEIPPI 4800 4800<\/a><\/li>\n<li><a href=\"https:\/\/hpx.eu\/fi\/product\/maalarinteippi-4400-4400\/\">MAALARINTEIPPI 4400 4400<\/a><\/li>\n<li><a href=\"https:\/\/hpx.eu\/fi\/product\/maalarinteippi-4300-rappaus-4300\/\">MAALARINTEIPPI 4300 RAPPAUS 4300<\/a><\/li>\n<li><a href=\"https:\/\/hpx.eu\/fi\/product\/maalarinteippi-4600-uv-4600\/\">MAALARINTEIPPI 4600 UV 4600<\/a><\/li>\n<li><a href=\"https:\/\/hpx.eu\/fi\/product\/maalarinteippi-4050-paint-pro-60c-4050\/\">MAALARINTEIPPI 4050 PAINT PRO 60\u00b0C 4050<\/a><\/li>\n<li><a href=\"https:\/\/hpx.eu\/fi\/product\/maalarinteippi-4100-automotive-110c-4100\/\">MAALARINTEIPPI 4100 AUTOMOTIVE 110\u00b0C 4100<\/a><\/li>\n<li><a href=\"https:\/\/hpx.eu\/fi\/product\/alubutyl-8200\/\">ALUBUTYL 8200<\/a><\/li>\n<li><a href=\"https:\/\/hpx.eu\/fi\/product\/voima-tiivistysteippi-8100\/\">VOIMA TIIVISTYSTEIPPI 8100<\/a><\/li>\n<li><a href=\"https:\/\/hpx.eu\/fi\/product\/butyyli-tiivistysteippi-8000\/\">BUTYYLI TIIVISTYSTEIPPI 8000<\/a><\/li>\n<li><a href=\"https:\/\/hpx.eu\/fi\/product\/backgrip-1840\/\">BACKGRIP 1840<\/a><\/li>\n<li><a href=\"https:\/\/hpx.eu\/fi\/product\/duo-grip-1830\/\">DUO GRIP 1830<\/a><\/li>\n<li><a href=\"https:\/\/hpx.eu\/fi\/product\/zip-fix-1800\/\">ZIP FIX 1800<\/a><\/li>\n<li><a href=\"https:\/\/hpx.eu\/fi\/product\/merkkien-asennusteippi-paina-ja-asenna-1500\/\">MERKKIEN ASENNUSTEIPPI &quot;PAINA JA ASENNA&quot; 1500<\/a><\/li>\n<li><a href=\"https:\/\/hpx.eu\/fi\/product\/expo-mattoteippi-1400\/\">EXPO MATTOTEIPPI 1400<\/a><\/li>\n<li><a href=\"https:\/\/hpx.eu\/fi\/product\/kaksipuolinen-paperiteippi-1300\/\">KAKSIPUOLINEN PAPERITEIPPI 1300<\/a><\/li>\n<li><a href=\"https:\/\/hpx.eu\/fi\/product\/kaksipuolinen-teippi-1200\/\">KAKSIPUOLINEN TEIPPI 1200<\/a><\/li>\n<li><a href=\"https:\/\/hpx.eu\/fi\/product\/kaksipuolinen-mattoteippi-1100\/\">KAKSIPUOLINEN MATTOTEIPPI 1100<\/a><\/li>\n<li><a href=\"https:\/\/hpx.eu\/fi\/product\/multi-tack-kaksipuolinen-asennusteippi-led-profiili-1700\/\">MULTI TACK KAKSIPUOLINEN ASENNUSTEIPPI \u2013 LED-PROFIILI 1700<\/a><\/li>\n<li><a href=\"https:\/\/hpx.eu\/fi\/product\/multi-tack-kaksipuolinen-asennusteippi-1700\/\">MULTI TACK KAKSIPUOLINEN ASENNUSTEIPPI 1700<\/a><\/li>\n<li><a href=\"https:\/\/hpx.eu\/fi\/product\/kaksipuolinen-asennusteippi-kirkas-1600\/\">KAKSIPUOLINEN ASENNUSTEIPPI KIRKAS 1600<\/a><\/li>\n<li><a href=\"https:\/\/hpx.eu\/fi\/product\/kaksipuolinen-vaahtoteippi-musta-2800\/\">KAKSIPUOLINEN VAAHTOTEIPPI MUSTA 2800<\/a><\/li>\n<li><a href=\"https:\/\/hpx.eu\/fi\/product\/kaksipuolinen-vaahtoteippi-2700\/\">KAKSIPUOLINEN VAAHTOTEIPPI 2700<\/a><\/li>\n<li><a href=\"https:\/\/hpx.eu\/fi\/product\/kaksipuoleinen-vaahtoteippi-3mm-2600\/\">KAKSIPUOLEINEN VAAHTOTEIPPI 3MM 2600<\/a><\/li>\n<li><a href=\"https:\/\/hpx.eu\/fi\/product\/kaksipuolinen-peilin-asennusteippi-2500\/\">KAKSIPUOLINEN PEILIN ASENNUSTEIPPI 2500<\/a><\/li>\n<li><a href=\"https:\/\/hpx.eu\/fi\/product\/kaksipuolinen-vaahtoteippi-2400\/\">KAKSIPUOLINEN VAAHTOTEIPPI 2400<\/a><\/li>\n<li><a href=\"https:\/\/hpx.eu\/fi\/product\/voimakas-kaksipuolinen-akryyliteippi-3200-3200\/\">VOIMAKAS KAKSIPUOLINEN AKRYYLITEIPPI 3200 3200<\/a><\/li>\n<li><a href=\"https:\/\/hpx.eu\/fi\/product\/kaksipuolinen-voimateippi-ulkokayttoon-3100\/\">KAKSIPUOLINEN VOIMATEIPPI ULKOK\u00c4YTT\u00d6\u00d6N 3100<\/a><\/li>\n<li><a href=\"https:\/\/hpx.eu\/fi\/product\/kirkas-kaksipuolinen-voimateippi-3000\/\">KIRKAS KAKSIPUOLINEN VOIMATEIPPI 3000<\/a><\/li>\n<li><a href=\"https:\/\/hpx.eu\/fi\/product\/agri-teippi-6900\/\">AGRI-TEIPPI 6900<\/a><\/li>\n<li><a href=\"https:\/\/hpx.eu\/fi\/product\/kasvihuoneteippi-6800\/\">KASVIHUONETEIPPI 6800<\/a><\/li>\n<li><a href=\"https:\/\/hpx.eu\/fi\/product\/studioteippi-6000-aani-ja-valo-6000\/\">STUDIOTEIPPI 6000 &quot;\u00c4\u00c4NI JA VALO&quot; 6000<\/a><\/li>\n<li><a href=\"https:\/\/hpx.eu\/fi\/product\/roudarinteippi-fluo-6100\/\">ROUDARINTEIPPI FLUO 6100<\/a><\/li>\n<li><a href=\"https:\/\/hpx.eu\/fi\/product\/teatteri-roudari-teippi-mattamusta-6400\/\">TEATTERI\/ ROUDARI TEIPPI MATTAMUSTA 6400<\/a><\/li>\n<li><a href=\"https:\/\/hpx.eu\/fi\/product\/ilmastointiteippi-1900-1900\/\">ILMASTOINTITEIPPI 1900 1900<\/a><\/li>\n<li><a href=\"https:\/\/hpx.eu\/fi\/product\/ilmastointiteippi-2200-2200\/\">ILMASTOINTITEIPPI 2200 2200<\/a><\/li>\n<li><a href=\"https:\/\/hpx.eu\/fi\/product\/ilmastointiteippi-2300-performance-plus-2300\/\">ILMASTOINTITEIPPI 2300 PERFORMANCE PLUS 2300<\/a><\/li>\n<li><a href=\"https:\/\/hpx.eu\/fi\/product\/oranssi-suojateippi-pro-2000\/\">ORANSSI SUOJATEIPPI PRO 2000<\/a><\/li>\n<li><a href=\"https:\/\/hpx.eu\/fi\/product\/monitoimiteippi-6200-6200\/\">MONITOIMITEIPPI 6200 6200<\/a><\/li>\n<\/ul>\n<h2 class=\"wsp-product_cats-title\">Osastot<\/h2>\n<ul class=\"wsp-product_cats-list\">\n<li><a href=\"https:\/\/hpx.eu\/fi\/categorie-produit\/airtight-hoyrynsulkuteipit\/\">Airtight h\u00f6yrynsulkuteipit<\/a><\/li>\n<li><a href=\"https:\/\/hpx.eu\/fi\/categorie-produit\/blisteripakkaukseen-pakatut-teipit\/\">Blisteripakkaukseen pakatut teipit<\/a><\/li>\n<li><a href=\"https:\/\/hpx.eu\/fi\/categorie-produit\/erikoisteipit\/\">Erikoisteipit<\/a><\/li>\n<li><a href=\"https:\/\/hpx.eu\/fi\/categorie-produit\/eristysteipit\/\">Eristysteipit<\/a><\/li>\n<li><a href=\"https:\/\/hpx.eu\/fi\/categorie-produit\/ilmastointiteipit\/\">Ilmastointiteipit<\/a><\/li>\n<li><a href=\"https:\/\/hpx.eu\/fi\/categorie-produit\/kiinnitysteipit\/\">Kiinnitysteipit<\/a><\/li>\n<li><a href=\"https:\/\/hpx.eu\/fi\/categorie-produit\/maalaustarvikkeet\/\">Maalaustarvikkeet<\/a><\/li>\n<li><a href=\"https:\/\/hpx.eu\/fi\/categorie-produit\/pakkausteipit\/\">Pakkausteipit<\/a><\/li>\n<li><a href=\"https:\/\/hpx.eu\/fi\/categorie-produit\/rajausteipit-maalarinteipit\/\">Rajausteipit\/Maalarinteipit<\/a><\/li>\n<li><a href=\"https:\/\/hpx.eu\/fi\/categorie-produit\/tiivistysteipit\/\">Tiivistysteipit<\/a><\/li>\n<li><a href=\"https:\/\/hpx.eu\/fi\/categorie-produit\/turvallisuus-ja-merkinta\/\">Turvallisuus ja merkint\u00e4<\/a><\/li>\n<\/ul>\n<\/div>\n","protected":false},"excerpt":{"rendered":"","protected":false},"author":1,"featured_media":0,"parent":0,"menu_order":0,"comment_status":"closed","ping_status":"closed","template":"","meta":{"_exactmetrics_skip_tracking":false,"_exactmetrics_sitenote_active":false,"_exactmetrics_sitenote_note":"","_exactmetrics_sitenote_category":0,"_monsterinsights_skip_tracking":false,"_monsterinsights_sitenote_active":false,"_monsterinsights_sitenote_note":"","_monsterinsights_sitenote_category":0,"_themeisle_gutenberg_block_has_review":false,"footnotes":""},"class_list":["post-10146","page","type-page","status-publish","hentry","post"],"yoast_head":"<!-- This site is optimized with the Yoast SEO plugin v27.3 - https:\/\/yoast.com\/product\/yoast-seo-wordpress\/ -->\n<title>Sitemap - HPX<\/title>\n<meta name=\"robots\" content=\"index, follow, max-snippet:-1, max-image-preview:large, max-video-preview:-1\" \/>\n<link rel=\"canonical\" href=\"https:\/\/hpx.eu\/fi\/sitemap\/\" \/>\n<meta property=\"og:locale\" content=\"fi_FI\" \/>\n<meta property=\"og:type\" content=\"article\" \/>\n<meta property=\"og:title\" content=\"Sitemap - HPX\" \/>\n<meta property=\"og:url\" content=\"https:\/\/hpx.eu\/fi\/sitemap\/\" \/>\n<meta property=\"og:site_name\" content=\"HPX\" \/>\n<meta property=\"article:publisher\" content=\"https:\/\/www.facebook.com\/HPXtape\/\" \/>\n<meta property=\"article:modified_time\" content=\"2017-06-29T07:46:52+00:00\" \/>\n<meta name=\"twitter:card\" content=\"summary_large_image\" \/>\n<script type=\"application\/ld+json\" class=\"yoast-schema-graph\">{\"@context\":\"https:\\\/\\\/schema.org\",\"@graph\":[{\"@type\":\"WebPage\",\"@id\":\"https:\\\/\\\/hpx.eu\\\/fi\\\/sitemap\\\/\",\"url\":\"https:\\\/\\\/hpx.eu\\\/fi\\\/sitemap\\\/\",\"name\":\"Sitemap - HPX\",\"isPartOf\":{\"@id\":\"http:\\\/\\\/hpx.eu\\\/fi\\\/#website\"},\"datePublished\":\"2017-06-14T12:27:08+00:00\",\"dateModified\":\"2017-06-29T07:46:52+00:00\",\"breadcrumb\":{\"@id\":\"https:\\\/\\\/hpx.eu\\\/fi\\\/sitemap\\\/#breadcrumb\"},\"inLanguage\":\"fi\",\"potentialAction\":[{\"@type\":\"ReadAction\",\"target\":[\"https:\\\/\\\/hpx.eu\\\/fi\\\/sitemap\\\/\"]}]},{\"@type\":\"BreadcrumbList\",\"@id\":\"https:\\\/\\\/hpx.eu\\\/fi\\\/sitemap\\\/#breadcrumb\",\"itemListElement\":[{\"@type\":\"ListItem\",\"position\":1,\"name\":\"Startseite\",\"item\":\"http:\\\/\\\/hpx.eu\\\/fi\\\/\"},{\"@type\":\"ListItem\",\"position\":2,\"name\":\"Sitemap\"}]},{\"@type\":\"WebSite\",\"@id\":\"http:\\\/\\\/hpx.eu\\\/fi\\\/#website\",\"url\":\"http:\\\/\\\/hpx.eu\\\/fi\\\/\",\"name\":\"HPX\",\"description\":\"Tough Job, Tougher Tape\",\"publisher\":{\"@id\":\"http:\\\/\\\/hpx.eu\\\/fi\\\/#organization\"},\"potentialAction\":[{\"@type\":\"SearchAction\",\"target\":{\"@type\":\"EntryPoint\",\"urlTemplate\":\"http:\\\/\\\/hpx.eu\\\/fi\\\/?s={search_term_string}\"},\"query-input\":{\"@type\":\"PropertyValueSpecification\",\"valueRequired\":true,\"valueName\":\"search_term_string\"}}],\"inLanguage\":\"fi\"},{\"@type\":\"Organization\",\"@id\":\"http:\\\/\\\/hpx.eu\\\/fi\\\/#organization\",\"name\":\"Option Tape Specialties\",\"url\":\"http:\\\/\\\/hpx.eu\\\/fi\\\/\",\"logo\":{\"@type\":\"ImageObject\",\"inLanguage\":\"fi\",\"@id\":\"http:\\\/\\\/hpx.eu\\\/fi\\\/#\\\/schema\\\/logo\\\/image\\\/\",\"url\":\"\",\"contentUrl\":\"\",\"caption\":\"Option Tape Specialties\"},\"image\":{\"@id\":\"http:\\\/\\\/hpx.eu\\\/fi\\\/#\\\/schema\\\/logo\\\/image\\\/\"},\"sameAs\":[\"https:\\\/\\\/www.facebook.com\\\/HPXtape\\\/\",\"https:\\\/\\\/www.linkedin.com\\\/company\\\/2913311\\\/\",\"https:\\\/\\\/www.youtube.com\\\/channel\\\/UCCYnFjBGfKw8SPW1hMUCVFg\"]}]}<\/script>\n<!-- \/ Yoast SEO plugin. -->","yoast_head_json":{"title":"Sitemap - HPX","robots":{"index":"index","follow":"follow","max-snippet":"max-snippet:-1","max-image-preview":"max-image-preview:large","max-video-preview":"max-video-preview:-1"},"canonical":"https:\/\/hpx.eu\/fi\/sitemap\/","og_locale":"fi_FI","og_type":"article","og_title":"Sitemap - HPX","og_url":"https:\/\/hpx.eu\/fi\/sitemap\/","og_site_name":"HPX","article_publisher":"https:\/\/www.facebook.com\/HPXtape\/","article_modified_time":"2017-06-29T07:46:52+00:00","twitter_card":"summary_large_image","schema":{"@context":"https:\/\/schema.org","@graph":[{"@type":"WebPage","@id":"https:\/\/hpx.eu\/fi\/sitemap\/","url":"https:\/\/hpx.eu\/fi\/sitemap\/","name":"Sitemap - HPX","isPartOf":{"@id":"https:\/\/hpx.eu\/fi\/#website"},"datePublished":"2017-06-14T12:27:08+00:00","dateModified":"2017-06-29T07:46:52+00:00","breadcrumb":{"@id":"https:\/\/hpx.eu\/fi\/sitemap\/#breadcrumb"},"inLanguage":"fi","potentialAction":[{"@type":"ReadAction","target":["https:\/\/hpx.eu\/fi\/sitemap\/"]}]},{"@type":"BreadcrumbList","@id":"https:\/\/hpx.eu\/fi\/sitemap\/#breadcrumb","itemListElement":[{"@type":"ListItem","position":1,"name":"Startseite","item":"https:\/\/hpx.eu\/fi\/"},{"@type":"ListItem","position":2,"name":"Sitemap"}]},{"@type":"WebSite","@id":"https:\/\/hpx.eu\/fi\/#website","url":"https:\/\/hpx.eu\/fi\/","name":"HPX","description":"Tough Job, Tougher Tape","publisher":{"@id":"https:\/\/hpx.eu\/fi\/#organization"},"potentialAction":[{"@type":"SearchAction","target":{"@type":"EntryPoint","urlTemplate":"https:\/\/hpx.eu\/fi\/?s={search_term_string}"},"query-input":{"@type":"PropertyValueSpecification","valueRequired":true,"valueName":"search_term_string"}}],"inLanguage":"fi"},{"@type":"Organization","@id":"https:\/\/hpx.eu\/fi\/#organization","name":"Option Tape Specialties","url":"https:\/\/hpx.eu\/fi\/","logo":{"@type":"ImageObject","inLanguage":"fi","@id":"https:\/\/hpx.eu\/fi\/#\/schema\/logo\/image\/","url":"","contentUrl":"","caption":"Option Tape Specialties"},"image":{"@id":"https:\/\/hpx.eu\/fi\/#\/schema\/logo\/image\/"},"sameAs":["https:\/\/www.facebook.com\/HPXtape\/","https:\/\/www.linkedin.com\/company\/2913311\/","https:\/\/www.youtube.com\/channel\/UCCYnFjBGfKw8SPW1hMUCVFg"]}]}},"_links":{"self":[{"href":"https:\/\/hpx.eu\/fi\/wp-json\/wp\/v2\/pages\/10146","targetHints":{"allow":["GET"]}}],"collection":[{"href":"https:\/\/hpx.eu\/fi\/wp-json\/wp\/v2\/pages"}],"about":[{"href":"https:\/\/hpx.eu\/fi\/wp-json\/wp\/v2\/types\/page"}],"author":[{"embeddable":true,"href":"https:\/\/hpx.eu\/fi\/wp-json\/wp\/v2\/users\/1"}],"replies":[{"embeddable":true,"href":"https:\/\/hpx.eu\/fi\/wp-json\/wp\/v2\/comments?post=10146"}],"version-history":[{"count":2,"href":"https:\/\/hpx.eu\/fi\/wp-json\/wp\/v2\/pages\/10146\/revisions"}],"predecessor-version":[{"id":13858,"href":"https:\/\/hpx.eu\/fi\/wp-json\/wp\/v2\/pages\/10146\/revisions\/13858"}],"wp:attachment":[{"href":"https:\/\/hpx.eu\/fi\/wp-json\/wp\/v2\/media?parent=10146"}],"curies":[{"name":"wp","href":"https:\/\/api.w.org\/{rel}","templated":true}]}}