{"id":175053,"date":"2025-07-14T10:07:36","date_gmt":"2025-07-14T08:07:36","guid":{"rendered":"https:\/\/hpx.eu\/product\/butyl-sealing-tape-8000\/"},"modified":"2025-07-14T10:35:09","modified_gmt":"2025-07-14T08:35:09","slug":"butyl-sealing-tape-8000","status":"publish","type":"product","link":"https:\/\/hpx.eu\/es\/product\/butyl-sealing-tape-8000\/","title":{"rendered":"BUTYL SEALING TAPE <span class=\"productNr\">8000<\/span>"},"content":{"rendered":"<p>&nbsp;<\/p>\n","protected":false},"excerpt":{"rendered":"<ul class=\"product_UPS\">\n<li>Cinta de obturaci\u00f3n contra el agua, polvo y corrientes de aire en los coches y caravanas (guardabarros, molduras y jambas de puertas), viviendas (l\u00e1mparas, rodapies, canaletas y ventanas) y embarcaciones (metal, madera y pl\u00e1stico)<\/li>\n<li>El\u00e1stico y resistente al desgaste y de larga duraci\u00f3n<\/li>\n<li>Puede ser mec\u00e1nicamente perforada<\/li>\n<li>Tambi\u00e9n adecuado como masilla selladora para los agujeros, esquinas y juntas<\/li>\n<li><\/li>\n<li><\/li>\n<li><\/li>\n<li><\/li>\n<li><\/li>\n<li><\/li>\n<\/ul>\n<table class=\"product_table\">\n<thead>\n<tr>\n<th>Art. N\u00b0<\/th>\n<th>Anchura<\/th>\n<th>Longitud<\/th>\n<th>Color<\/th>\n<th>Cant.<\/th>\n<th>C\u00f3digo de EAN<\/th>\n<\/tr>\n<\/thead>\n<tbody>\n<tr>\n<td>BU2003<\/td>\n<td>20 mm<\/td>\n<td>3 m<\/td>\n<td>gris<\/td>\n<td>12<\/td>\n<td>5425014223378<\/td>\n<\/tr>\n<tr>\n<td><\/td>\n<td><\/td>\n<td><\/td>\n<td><\/td>\n<td><\/td>\n<td><\/td>\n<\/tr>\n<tr>\n<td><\/td>\n<td><\/td>\n<td><\/td>\n<td><\/td>\n<td><\/td>\n<td><\/td>\n<\/tr>\n<tr>\n<td><\/td>\n<td><\/td>\n<td><\/td>\n<td><\/td>\n<td><\/td>\n<td><\/td>\n<\/tr>\n<tr>\n<td><\/td>\n<td><\/td>\n<td><\/td>\n<td><\/td>\n<td><\/td>\n<td><\/td>\n<\/tr>\n<tr>\n<td><\/td>\n<td><\/td>\n<td><\/td>\n<td><\/td>\n<td><\/td>\n<td><\/td>\n<\/tr>\n<tr>\n<td><\/td>\n<td><\/td>\n<td><\/td>\n<td><\/td>\n<td><\/td>\n<td><\/td>\n<\/tr>\n<tr>\n<td><\/td>\n<td><\/td>\n<td><\/td>\n<td><\/td>\n<td><\/td>\n<td><\/td>\n<\/tr>\n<tr>\n<td><\/td>\n<td><\/td>\n<td><\/td>\n<td><\/td>\n<td><\/td>\n<td><\/td>\n<\/tr>\n<tr>\n<td><\/td>\n<td><\/td>\n<td><\/td>\n<td><\/td>\n<td><\/td>\n<td><\/td>\n<\/tr>\n<tr>\n<td><\/td>\n<td><\/td>\n<td><\/td>\n<td><\/td>\n<td><\/td>\n<td><\/td>\n<\/tr>\n<tr>\n<td><\/td>\n<td><\/td>\n<td><\/td>\n<td><\/td>\n<td><\/td>\n<td><\/td>\n<\/tr>\n<tr>\n<td><\/td>\n<td><\/td>\n<td><\/td>\n<td><\/td>\n<td><\/td>\n<td><\/td>\n<\/tr>\n<tr>\n<td><\/td>\n<td><\/td>\n<td><\/td>\n<td><\/td>\n<td><\/td>\n<td><\/td>\n<\/tr>\n<tr>\n<td><\/td>\n<td><\/td>\n<td><\/td>\n<td><\/td>\n<td><\/td>\n<td><\/td>\n<\/tr>\n<tr>\n<td><\/td>\n<td><\/td>\n<td><\/td>\n<td><\/td>\n<td><\/td>\n<td><\/td>\n<\/tr>\n<tr>\n<td><\/td>\n<td><\/td>\n<td><\/td>\n<td><\/td>\n<td><\/td>\n<td><\/td>\n<\/tr>\n<tr>\n<td><\/td>\n<td><\/td>\n<td><\/td>\n<td><\/td>\n<td><\/td>\n<td><\/td>\n<\/tr>\n<\/tbody>\n<\/table>\n<div class=\"product_characteristics\">\n<p><b>Adhesivo: <\/b><span>caucho de butilo<\/span><\/p>\n<p><b>Soporte: <\/b><span>butilo<\/span><\/p>\n<p><b>Temperatura m\u00e1xima: <\/b><span>90\u00b0C<\/span><\/p>\n<p><b>Resistencia a la tracci\u00f3n: <\/b><span><\/span><\/p>\n<p><b>Fuerza adhesiva: <\/b><span>20 N\/25 mm<\/span><\/p>\n<p><b>Resistencia al corte: <\/b><span><\/span><\/p>\n<p><b>Grosor: <\/b><span>2,00 mm<\/span><\/p>\n<p><b>Tensi\u00f3n de ruptura: <\/b><span><\/span><\/p>\n<\/p><\/div>\n<p>  <a href=\"https:\/\/drive.google.com\/uc?id=1jxVoJtg0XXFOLNf87-aIrAHWBcWkdqiO&#038;export=download\" class=\"btnHPX\" target=\"_blank\"><i class=\"fa fa-download\" aria-hidden=\"true\"><\/i>Descargar ficha t\u00e9cnica (EN)<\/a><\/p>\n","protected":false},"featured_media":92225,"comment_status":"closed","ping_status":"closed","template":"","meta":{"_exactmetrics_skip_tracking":false,"_exactmetrics_sitenote_active":false,"_exactmetrics_sitenote_note":"","_exactmetrics_sitenote_category":0,"_monsterinsights_skip_tracking":false,"_monsterinsights_sitenote_active":false,"_monsterinsights_sitenote_note":"","_monsterinsights_sitenote_category":0,"_themeisle_gutenberg_block_has_review":false},"product_brand":[],"product_cat":[1077],"product_tag":[],"class_list":{"0":"post-175053","1":"product","2":"type-product","3":"status-publish","4":"has-post-thumbnail","6":"product_cat-cintas-de-obturacion","7":"post","8":"post-with-thumbnail","9":"post-with-thumbnail-large","11":"first","12":"instock","13":"product-type-simple"},"yoast_head":"<!-- This site is optimized with the Yoast SEO plugin v27.3 - https:\/\/yoast.com\/product\/yoast-seo-wordpress\/ -->\n<title>BUTYL SEALING TAPE | HPX<\/title>\n<meta name=\"description\" content=\"Cinta de obturaci\u00f3n contra el agua, polvo y corrientes de aire en los coches y caravanas (guardabarros, molduras y jambas de puertas), viviendas (l\u00e1mparas, rodapies, canaletas y ventanas) y embarcaciones (metal, madera y pl\u00e1stico) | Cintas de obturaci\u00f3n | BUTYL SEALING TAPE | HPX\" \/>\n<meta name=\"robots\" content=\"index, follow, max-snippet:-1, max-image-preview:large, max-video-preview:-1\" \/>\n<link rel=\"canonical\" href=\"https:\/\/hpx.eu\/es\/product\/butyl-sealing-tape-8000\/\" \/>\n<meta property=\"og:locale\" content=\"es_ES\" \/>\n<meta property=\"og:type\" content=\"article\" \/>\n<meta property=\"og:title\" content=\"BUTYL SEALING TAPE | HPX\" \/>\n<meta property=\"og:description\" content=\"Cinta de obturaci\u00f3n contra el agua, polvo y corrientes de aire en los coches y caravanas (guardabarros, molduras y jambas de puertas), viviendas (l\u00e1mparas, rodapies, canaletas y ventanas) y embarcaciones (metal, madera y pl\u00e1stico) | Cintas de obturaci\u00f3n | BUTYL SEALING TAPE | HPX\" \/>\n<meta property=\"og:url\" content=\"https:\/\/hpx.eu\/es\/product\/butyl-sealing-tape-8000\/\" \/>\n<meta property=\"og:site_name\" content=\"HPX\" \/>\n<meta property=\"article:publisher\" content=\"https:\/\/www.facebook.com\/HPXtape\/\" \/>\n<meta property=\"article:modified_time\" content=\"2025-07-14T08:35:09+00:00\" \/>\n<meta property=\"og:image\" content=\"https:\/\/hpx.eu\/wp-content\/uploads\/2018\/05\/BU2003-Butyl_sealing_tape-grey-20mm_x_3m-5425014223378.jpg\" \/>\n\t<meta property=\"og:image:width\" content=\"800\" \/>\n\t<meta property=\"og:image:height\" content=\"800\" \/>\n\t<meta property=\"og:image:type\" content=\"image\/jpeg\" \/>\n<meta name=\"twitter:card\" content=\"summary_large_image\" \/>\n<script type=\"application\/ld+json\" class=\"yoast-schema-graph\">{\"@context\":\"https:\\\/\\\/schema.org\",\"@graph\":[{\"@type\":\"WebPage\",\"@id\":\"https:\\\/\\\/hpx.eu\\\/es\\\/product\\\/butyl-sealing-tape-8000\\\/\",\"url\":\"https:\\\/\\\/hpx.eu\\\/es\\\/product\\\/butyl-sealing-tape-8000\\\/\",\"name\":\"BUTYL SEALING TAPE | HPX\",\"isPartOf\":{\"@id\":\"http:\\\/\\\/hpx.eu\\\/es\\\/#website\"},\"primaryImageOfPage\":{\"@id\":\"https:\\\/\\\/hpx.eu\\\/es\\\/product\\\/butyl-sealing-tape-8000\\\/#primaryimage\"},\"image\":{\"@id\":\"https:\\\/\\\/hpx.eu\\\/es\\\/product\\\/butyl-sealing-tape-8000\\\/#primaryimage\"},\"thumbnailUrl\":\"https:\\\/\\\/hpx.eu\\\/wp-content\\\/uploads\\\/2020\\\/04\\\/BU2003-Butyl_sealing_tape-grey-20mm_x_3m-5425014223378-HPX.jpg\",\"datePublished\":\"2025-07-14T08:07:36+00:00\",\"dateModified\":\"2025-07-14T08:35:09+00:00\",\"description\":\"Cinta de obturaci\u00f3n contra el agua, polvo y corrientes de aire en los coches y caravanas (guardabarros, molduras y jambas de puertas), viviendas (l\u00e1mparas, rodapies, canaletas y ventanas) y embarcaciones (metal, madera y pl\u00e1stico) | Cintas de obturaci\u00f3n | BUTYL SEALING TAPE | HPX\",\"breadcrumb\":{\"@id\":\"https:\\\/\\\/hpx.eu\\\/es\\\/product\\\/butyl-sealing-tape-8000\\\/#breadcrumb\"},\"inLanguage\":\"es\",\"potentialAction\":[{\"@type\":\"ReadAction\",\"target\":[\"https:\\\/\\\/hpx.eu\\\/es\\\/product\\\/butyl-sealing-tape-8000\\\/\"]}]},{\"@type\":\"ImageObject\",\"inLanguage\":\"es\",\"@id\":\"https:\\\/\\\/hpx.eu\\\/es\\\/product\\\/butyl-sealing-tape-8000\\\/#primaryimage\",\"url\":\"https:\\\/\\\/hpx.eu\\\/wp-content\\\/uploads\\\/2020\\\/04\\\/BU2003-Butyl_sealing_tape-grey-20mm_x_3m-5425014223378-HPX.jpg\",\"contentUrl\":\"https:\\\/\\\/hpx.eu\\\/wp-content\\\/uploads\\\/2020\\\/04\\\/BU2003-Butyl_sealing_tape-grey-20mm_x_3m-5425014223378-HPX.jpg\",\"width\":800,\"height\":800,\"caption\":\"BUTYL SEALING TAPE | HPX\"},{\"@type\":\"BreadcrumbList\",\"@id\":\"https:\\\/\\\/hpx.eu\\\/es\\\/product\\\/butyl-sealing-tape-8000\\\/#breadcrumb\",\"itemListElement\":[{\"@type\":\"ListItem\",\"position\":1,\"name\":\"Startseite\",\"item\":\"https:\\\/\\\/hpx.eu\\\/es\\\/\"},{\"@type\":\"ListItem\",\"position\":2,\"name\":\"Productos\",\"item\":\"http:\\\/\\\/hpx.eu\\\/es\\\/productos\\\/\"},{\"@type\":\"ListItem\",\"position\":3,\"name\":\"BUTYL SEALING TAPE 8000\"}]},{\"@type\":\"WebSite\",\"@id\":\"http:\\\/\\\/hpx.eu\\\/es\\\/#website\",\"url\":\"http:\\\/\\\/hpx.eu\\\/es\\\/\",\"name\":\"HPX\",\"description\":\"Tough Job, Tougher Tape\",\"publisher\":{\"@id\":\"http:\\\/\\\/hpx.eu\\\/es\\\/#organization\"},\"potentialAction\":[{\"@type\":\"SearchAction\",\"target\":{\"@type\":\"EntryPoint\",\"urlTemplate\":\"http:\\\/\\\/hpx.eu\\\/es\\\/?s={search_term_string}\"},\"query-input\":{\"@type\":\"PropertyValueSpecification\",\"valueRequired\":true,\"valueName\":\"search_term_string\"}}],\"inLanguage\":\"es\"},{\"@type\":\"Organization\",\"@id\":\"http:\\\/\\\/hpx.eu\\\/es\\\/#organization\",\"name\":\"Option Tape Specialties\",\"url\":\"http:\\\/\\\/hpx.eu\\\/es\\\/\",\"logo\":{\"@type\":\"ImageObject\",\"inLanguage\":\"es\",\"@id\":\"http:\\\/\\\/hpx.eu\\\/es\\\/#\\\/schema\\\/logo\\\/image\\\/\",\"url\":\"\",\"contentUrl\":\"\",\"caption\":\"Option Tape Specialties\"},\"image\":{\"@id\":\"http:\\\/\\\/hpx.eu\\\/es\\\/#\\\/schema\\\/logo\\\/image\\\/\"},\"sameAs\":[\"https:\\\/\\\/www.facebook.com\\\/HPXtape\\\/\",\"https:\\\/\\\/www.linkedin.com\\\/company\\\/2913311\\\/\",\"https:\\\/\\\/www.youtube.com\\\/channel\\\/UCCYnFjBGfKw8SPW1hMUCVFg\"]}]}<\/script>\n<!-- \/ Yoast SEO plugin. -->","yoast_head_json":{"title":"BUTYL SEALING TAPE | HPX","description":"Cinta de obturaci\u00f3n contra el agua, polvo y corrientes de aire en los coches y caravanas (guardabarros, molduras y jambas de puertas), viviendas (l\u00e1mparas, rodapies, canaletas y ventanas) y embarcaciones (metal, madera y pl\u00e1stico) | Cintas de obturaci\u00f3n | BUTYL SEALING TAPE | HPX","robots":{"index":"index","follow":"follow","max-snippet":"max-snippet:-1","max-image-preview":"max-image-preview:large","max-video-preview":"max-video-preview:-1"},"canonical":"https:\/\/hpx.eu\/es\/product\/butyl-sealing-tape-8000\/","og_locale":"es_ES","og_type":"article","og_title":"BUTYL SEALING TAPE | HPX","og_description":"Cinta de obturaci\u00f3n contra el agua, polvo y corrientes de aire en los coches y caravanas (guardabarros, molduras y jambas de puertas), viviendas (l\u00e1mparas, rodapies, canaletas y ventanas) y embarcaciones (metal, madera y pl\u00e1stico) | Cintas de obturaci\u00f3n | BUTYL SEALING TAPE | HPX","og_url":"https:\/\/hpx.eu\/es\/product\/butyl-sealing-tape-8000\/","og_site_name":"HPX","article_publisher":"https:\/\/www.facebook.com\/HPXtape\/","article_modified_time":"2025-07-14T08:35:09+00:00","og_image":[{"width":800,"height":800,"url":"https:\/\/hpx.eu\/wp-content\/uploads\/2018\/05\/BU2003-Butyl_sealing_tape-grey-20mm_x_3m-5425014223378.jpg","type":"image\/jpeg"}],"twitter_card":"summary_large_image","schema":{"@context":"https:\/\/schema.org","@graph":[{"@type":"WebPage","@id":"https:\/\/hpx.eu\/es\/product\/butyl-sealing-tape-8000\/","url":"https:\/\/hpx.eu\/es\/product\/butyl-sealing-tape-8000\/","name":"BUTYL SEALING TAPE | HPX","isPartOf":{"@id":"https:\/\/hpx.eu\/es\/#website"},"primaryImageOfPage":{"@id":"https:\/\/hpx.eu\/es\/product\/butyl-sealing-tape-8000\/#primaryimage"},"image":{"@id":"https:\/\/hpx.eu\/es\/product\/butyl-sealing-tape-8000\/#primaryimage"},"thumbnailUrl":"https:\/\/hpx.eu\/wp-content\/uploads\/2020\/04\/BU2003-Butyl_sealing_tape-grey-20mm_x_3m-5425014223378-HPX.jpg","datePublished":"2025-07-14T08:07:36+00:00","dateModified":"2025-07-14T08:35:09+00:00","description":"Cinta de obturaci\u00f3n contra el agua, polvo y corrientes de aire en los coches y caravanas (guardabarros, molduras y jambas de puertas), viviendas (l\u00e1mparas, rodapies, canaletas y ventanas) y embarcaciones (metal, madera y pl\u00e1stico) | Cintas de obturaci\u00f3n | BUTYL SEALING TAPE | HPX","breadcrumb":{"@id":"https:\/\/hpx.eu\/es\/product\/butyl-sealing-tape-8000\/#breadcrumb"},"inLanguage":"es","potentialAction":[{"@type":"ReadAction","target":["https:\/\/hpx.eu\/es\/product\/butyl-sealing-tape-8000\/"]}]},{"@type":"ImageObject","inLanguage":"es","@id":"https:\/\/hpx.eu\/es\/product\/butyl-sealing-tape-8000\/#primaryimage","url":"https:\/\/hpx.eu\/wp-content\/uploads\/2020\/04\/BU2003-Butyl_sealing_tape-grey-20mm_x_3m-5425014223378-HPX.jpg","contentUrl":"https:\/\/hpx.eu\/wp-content\/uploads\/2020\/04\/BU2003-Butyl_sealing_tape-grey-20mm_x_3m-5425014223378-HPX.jpg","width":800,"height":800,"caption":"BUTYL SEALING TAPE | HPX"},{"@type":"BreadcrumbList","@id":"https:\/\/hpx.eu\/es\/product\/butyl-sealing-tape-8000\/#breadcrumb","itemListElement":[{"@type":"ListItem","position":1,"name":"Startseite","item":"https:\/\/hpx.eu\/es\/"},{"@type":"ListItem","position":2,"name":"Productos","item":"https:\/\/hpx.eu\/es\/productos\/"},{"@type":"ListItem","position":3,"name":"BUTYL SEALING TAPE 8000"}]},{"@type":"WebSite","@id":"https:\/\/hpx.eu\/es\/#website","url":"https:\/\/hpx.eu\/es\/","name":"HPX","description":"Tough Job, Tougher Tape","publisher":{"@id":"https:\/\/hpx.eu\/es\/#organization"},"potentialAction":[{"@type":"SearchAction","target":{"@type":"EntryPoint","urlTemplate":"https:\/\/hpx.eu\/es\/?s={search_term_string}"},"query-input":{"@type":"PropertyValueSpecification","valueRequired":true,"valueName":"search_term_string"}}],"inLanguage":"es"},{"@type":"Organization","@id":"https:\/\/hpx.eu\/es\/#organization","name":"Option Tape Specialties","url":"https:\/\/hpx.eu\/es\/","logo":{"@type":"ImageObject","inLanguage":"es","@id":"https:\/\/hpx.eu\/es\/#\/schema\/logo\/image\/","url":"","contentUrl":"","caption":"Option Tape Specialties"},"image":{"@id":"https:\/\/hpx.eu\/es\/#\/schema\/logo\/image\/"},"sameAs":["https:\/\/www.facebook.com\/HPXtape\/","https:\/\/www.linkedin.com\/company\/2913311\/","https:\/\/www.youtube.com\/channel\/UCCYnFjBGfKw8SPW1hMUCVFg"]}]}},"_links":{"self":[{"href":"https:\/\/hpx.eu\/es\/wp-json\/wp\/v2\/product\/175053","targetHints":{"allow":["GET"]}}],"collection":[{"href":"https:\/\/hpx.eu\/es\/wp-json\/wp\/v2\/product"}],"about":[{"href":"https:\/\/hpx.eu\/es\/wp-json\/wp\/v2\/types\/product"}],"replies":[{"embeddable":true,"href":"https:\/\/hpx.eu\/es\/wp-json\/wp\/v2\/comments?post=175053"}],"wp:featuredmedia":[{"embeddable":true,"href":"https:\/\/hpx.eu\/es\/wp-json\/wp\/v2\/media\/92225"}],"wp:attachment":[{"href":"https:\/\/hpx.eu\/es\/wp-json\/wp\/v2\/media?parent=175053"}],"wp:term":[{"taxonomy":"product_brand","embeddable":true,"href":"https:\/\/hpx.eu\/es\/wp-json\/wp\/v2\/product_brand?post=175053"},{"taxonomy":"product_cat","embeddable":true,"href":"https:\/\/hpx.eu\/es\/wp-json\/wp\/v2\/product_cat?post=175053"},{"taxonomy":"product_tag","embeddable":true,"href":"https:\/\/hpx.eu\/es\/wp-json\/wp\/v2\/product_tag?post=175053"}],"curies":[{"name":"wp","href":"https:\/\/api.w.org\/{rel}","templated":true}]}}