{"id":9733,"date":"2017-06-13T16:10:12","date_gmt":"2017-06-13T14:10:12","guid":{"rendered":"http:\/\/hpx.jonathanhuyssens.be\/?page_id=9733"},"modified":"2022-09-12T10:07:52","modified_gmt":"2022-09-12T08:07:52","slug":"concepto-de-venta","status":"publish","type":"page","link":"https:\/\/hpx.eu\/es\/concepto-de-venta\/","title":{"rendered":"Concepto de venta"},"content":{"rendered":"<p>Ofrecemos concepto de venta adaptado a los siguientes mercados : autom\u00f3vil, suministro industrial, ferreterias, construcci\u00f3n y decoraci\u00f3n.<br \/>\nNuestros conceptos de venta estan realizado teniendo en cuenta las necessidades de cada segmento, un analysis de la rotaci\u00f3n por subcategorias de productos, la superficie media de los puntos de ventas y el tipo de distribuci\u00f3n. Para recibir mas informaci\u00f3n de estas oportunidades no dude en <a href=\"..\/contactar-nos\">contactarnos<\/a>.<\/p>\n<div class=\"ThreeCol\">\n<h3>Etapa 1: Selecci\u00f3n de los productos<\/h3>\n<p><img loading=\"lazy\" decoding=\"async\" class=\"alignnone size-full wp-image-17357\" src=\"https:\/\/hpx.eu\/wp-content\/uploads\/2017\/06\/Shelf_plan-step_1.png\" alt=\"Seleccion de los productos\" width=\"300\" height=\"749\"><\/p>\n<\/div>\n<div class=\"ThreeCol\">\n<h3>Etapa 2: Presentaci\u00f3n gr\u00e1fica<\/h3>\n<p><img loading=\"lazy\" decoding=\"async\" class=\"alignnone size-full wp-image-17391\" src=\"https:\/\/hpx.eu\/wp-content\/uploads\/2017\/06\/Shelf_plan-step_2.jpg\" alt=\"Presentacion grafica\" width=\"300\" height=\"749\" srcset=\"https:\/\/hpx.eu\/wp-content\/uploads\/2017\/06\/Shelf_plan-step_2.jpg 300w, https:\/\/hpx.eu\/wp-content\/uploads\/2017\/06\/Shelf_plan-step_2-120x300.jpg 120w\" sizes=\"auto, (max-width: 300px) 100vw, 300px\" \/><\/p>\n<\/div>\n<div class=\"ThreeCol\">\n<h3>Etapa 3: Instalaci\u00f3n<\/h3>\n<p><img loading=\"lazy\" decoding=\"async\" class=\"alignnone size-full wp-image-17409\" src=\"https:\/\/hpx.eu\/wp-content\/uploads\/2017\/06\/Shelf_plan-step_3.jpg\" alt=\"Insatalacion\" width=\"311\" height=\"749\" srcset=\"https:\/\/hpx.eu\/wp-content\/uploads\/2017\/06\/Shelf_plan-step_3.jpg 311w, https:\/\/hpx.eu\/wp-content\/uploads\/2017\/06\/Shelf_plan-step_3-125x300.jpg 125w\" sizes=\"auto, (max-width: 311px) 100vw, 311px\" \/><\/p>\n<\/div>\n","protected":false},"excerpt":{"rendered":"<p>Ofrecemos concepto de venta adaptado a los siguientes mercados : autom\u00f3vil, suministro industrial, ferreterias, construcci\u00f3n y decoraci\u00f3n. Nuestros conceptos de venta estan realizado teniendo en cuenta las necessidades de cada segmento, un analysis de la rotaci\u00f3n por subcategorias de productos, la superficie media de los puntos de ventas y el tipo de distribuci\u00f3n. Para recibir [&hellip;]<\/p>\n","protected":false},"author":1,"featured_media":0,"parent":0,"menu_order":0,"comment_status":"closed","ping_status":"closed","template":"","meta":{"_exactmetrics_skip_tracking":false,"_exactmetrics_sitenote_active":false,"_exactmetrics_sitenote_note":"","_exactmetrics_sitenote_category":0,"_monsterinsights_skip_tracking":false,"_monsterinsights_sitenote_active":false,"_monsterinsights_sitenote_note":"","_monsterinsights_sitenote_category":0,"_themeisle_gutenberg_block_has_review":false,"footnotes":""},"class_list":["post-9733","page","type-page","status-publish","hentry","post"],"yoast_head":"<!-- This site is optimized with the Yoast SEO plugin v27.3 - https:\/\/yoast.com\/product\/yoast-seo-wordpress\/ -->\n<title>Concepto de venta - HPX<\/title>\n<meta name=\"robots\" content=\"index, follow, max-snippet:-1, max-image-preview:large, max-video-preview:-1\" \/>\n<link rel=\"canonical\" href=\"https:\/\/hpx.eu\/es\/concepto-de-venta\/\" \/>\n<meta property=\"og:locale\" content=\"es_ES\" \/>\n<meta property=\"og:type\" content=\"article\" \/>\n<meta property=\"og:title\" content=\"Concepto de venta - HPX\" \/>\n<meta property=\"og:description\" content=\"Ofrecemos concepto de venta adaptado a los siguientes mercados : autom\u00f3vil, suministro industrial, ferreterias, construcci\u00f3n y decoraci\u00f3n. Nuestros conceptos de venta estan realizado teniendo en cuenta las necessidades de cada segmento, un analysis de la rotaci\u00f3n por subcategorias de productos, la superficie media de los puntos de ventas y el tipo de distribuci\u00f3n. Para recibir [&hellip;]\" \/>\n<meta property=\"og:url\" content=\"https:\/\/hpx.eu\/es\/concepto-de-venta\/\" \/>\n<meta property=\"og:site_name\" content=\"HPX\" \/>\n<meta property=\"article:publisher\" content=\"https:\/\/www.facebook.com\/HPXtape\/\" \/>\n<meta property=\"article:modified_time\" content=\"2022-09-12T08:07:52+00:00\" \/>\n<meta property=\"og:image\" content=\"https:\/\/hpx.eu\/wp-content\/uploads\/2017\/06\/Shelf_plan-step_1.png\" \/>\n<meta name=\"twitter:card\" content=\"summary_large_image\" \/>\n<meta name=\"twitter:label1\" content=\"Tiempo de lectura\" \/>\n\t<meta name=\"twitter:data1\" content=\"1 minuto\" \/>\n<script type=\"application\/ld+json\" class=\"yoast-schema-graph\">{\"@context\":\"https:\\\/\\\/schema.org\",\"@graph\":[{\"@type\":\"WebPage\",\"@id\":\"https:\\\/\\\/hpx.eu\\\/es\\\/concepto-de-venta\\\/\",\"url\":\"https:\\\/\\\/hpx.eu\\\/es\\\/concepto-de-venta\\\/\",\"name\":\"Concepto de venta - HPX\",\"isPartOf\":{\"@id\":\"http:\\\/\\\/hpx.eu\\\/es\\\/#website\"},\"primaryImageOfPage\":{\"@id\":\"https:\\\/\\\/hpx.eu\\\/es\\\/concepto-de-venta\\\/#primaryimage\"},\"image\":{\"@id\":\"https:\\\/\\\/hpx.eu\\\/es\\\/concepto-de-venta\\\/#primaryimage\"},\"thumbnailUrl\":\"http:\\\/\\\/hpx.eu\\\/wp-content\\\/uploads\\\/2017\\\/06\\\/Shelf_plan-step_1.png\",\"datePublished\":\"2017-06-13T14:10:12+00:00\",\"dateModified\":\"2022-09-12T08:07:52+00:00\",\"breadcrumb\":{\"@id\":\"https:\\\/\\\/hpx.eu\\\/es\\\/concepto-de-venta\\\/#breadcrumb\"},\"inLanguage\":\"es\",\"potentialAction\":[{\"@type\":\"ReadAction\",\"target\":[\"https:\\\/\\\/hpx.eu\\\/es\\\/concepto-de-venta\\\/\"]}]},{\"@type\":\"ImageObject\",\"inLanguage\":\"es\",\"@id\":\"https:\\\/\\\/hpx.eu\\\/es\\\/concepto-de-venta\\\/#primaryimage\",\"url\":\"http:\\\/\\\/hpx.eu\\\/wp-content\\\/uploads\\\/2017\\\/06\\\/Shelf_plan-step_1.png\",\"contentUrl\":\"http:\\\/\\\/hpx.eu\\\/wp-content\\\/uploads\\\/2017\\\/06\\\/Shelf_plan-step_1.png\"},{\"@type\":\"BreadcrumbList\",\"@id\":\"https:\\\/\\\/hpx.eu\\\/es\\\/concepto-de-venta\\\/#breadcrumb\",\"itemListElement\":[{\"@type\":\"ListItem\",\"position\":1,\"name\":\"Startseite\",\"item\":\"https:\\\/\\\/hpx.eu\\\/es\\\/\"},{\"@type\":\"ListItem\",\"position\":2,\"name\":\"Concepto de venta\"}]},{\"@type\":\"WebSite\",\"@id\":\"http:\\\/\\\/hpx.eu\\\/es\\\/#website\",\"url\":\"http:\\\/\\\/hpx.eu\\\/es\\\/\",\"name\":\"HPX\",\"description\":\"Tough Job, Tougher Tape\",\"publisher\":{\"@id\":\"http:\\\/\\\/hpx.eu\\\/es\\\/#organization\"},\"potentialAction\":[{\"@type\":\"SearchAction\",\"target\":{\"@type\":\"EntryPoint\",\"urlTemplate\":\"http:\\\/\\\/hpx.eu\\\/es\\\/?s={search_term_string}\"},\"query-input\":{\"@type\":\"PropertyValueSpecification\",\"valueRequired\":true,\"valueName\":\"search_term_string\"}}],\"inLanguage\":\"es\"},{\"@type\":\"Organization\",\"@id\":\"http:\\\/\\\/hpx.eu\\\/es\\\/#organization\",\"name\":\"Option Tape Specialties\",\"url\":\"http:\\\/\\\/hpx.eu\\\/es\\\/\",\"logo\":{\"@type\":\"ImageObject\",\"inLanguage\":\"es\",\"@id\":\"http:\\\/\\\/hpx.eu\\\/es\\\/#\\\/schema\\\/logo\\\/image\\\/\",\"url\":\"\",\"contentUrl\":\"\",\"caption\":\"Option Tape Specialties\"},\"image\":{\"@id\":\"http:\\\/\\\/hpx.eu\\\/es\\\/#\\\/schema\\\/logo\\\/image\\\/\"},\"sameAs\":[\"https:\\\/\\\/www.facebook.com\\\/HPXtape\\\/\",\"https:\\\/\\\/www.linkedin.com\\\/company\\\/2913311\\\/\",\"https:\\\/\\\/www.youtube.com\\\/channel\\\/UCCYnFjBGfKw8SPW1hMUCVFg\"]}]}<\/script>\n<!-- \/ Yoast SEO plugin. -->","yoast_head_json":{"title":"Concepto de venta - HPX","robots":{"index":"index","follow":"follow","max-snippet":"max-snippet:-1","max-image-preview":"max-image-preview:large","max-video-preview":"max-video-preview:-1"},"canonical":"https:\/\/hpx.eu\/es\/concepto-de-venta\/","og_locale":"es_ES","og_type":"article","og_title":"Concepto de venta - HPX","og_description":"Ofrecemos concepto de venta adaptado a los siguientes mercados : autom\u00f3vil, suministro industrial, ferreterias, construcci\u00f3n y decoraci\u00f3n. Nuestros conceptos de venta estan realizado teniendo en cuenta las necessidades de cada segmento, un analysis de la rotaci\u00f3n por subcategorias de productos, la superficie media de los puntos de ventas y el tipo de distribuci\u00f3n. Para recibir [&hellip;]","og_url":"https:\/\/hpx.eu\/es\/concepto-de-venta\/","og_site_name":"HPX","article_publisher":"https:\/\/www.facebook.com\/HPXtape\/","article_modified_time":"2022-09-12T08:07:52+00:00","og_image":[{"url":"https:\/\/hpx.eu\/wp-content\/uploads\/2017\/06\/Shelf_plan-step_1.png","type":"","width":"","height":""}],"twitter_card":"summary_large_image","twitter_misc":{"Tiempo de lectura":"1 minuto"},"schema":{"@context":"https:\/\/schema.org","@graph":[{"@type":"WebPage","@id":"https:\/\/hpx.eu\/es\/concepto-de-venta\/","url":"https:\/\/hpx.eu\/es\/concepto-de-venta\/","name":"Concepto de venta - HPX","isPartOf":{"@id":"https:\/\/hpx.eu\/es\/#website"},"primaryImageOfPage":{"@id":"https:\/\/hpx.eu\/es\/concepto-de-venta\/#primaryimage"},"image":{"@id":"https:\/\/hpx.eu\/es\/concepto-de-venta\/#primaryimage"},"thumbnailUrl":"https:\/\/hpx.eu\/wp-content\/uploads\/2017\/06\/Shelf_plan-step_1.png","datePublished":"2017-06-13T14:10:12+00:00","dateModified":"2022-09-12T08:07:52+00:00","breadcrumb":{"@id":"https:\/\/hpx.eu\/es\/concepto-de-venta\/#breadcrumb"},"inLanguage":"es","potentialAction":[{"@type":"ReadAction","target":["https:\/\/hpx.eu\/es\/concepto-de-venta\/"]}]},{"@type":"ImageObject","inLanguage":"es","@id":"https:\/\/hpx.eu\/es\/concepto-de-venta\/#primaryimage","url":"https:\/\/hpx.eu\/wp-content\/uploads\/2017\/06\/Shelf_plan-step_1.png","contentUrl":"https:\/\/hpx.eu\/wp-content\/uploads\/2017\/06\/Shelf_plan-step_1.png"},{"@type":"BreadcrumbList","@id":"https:\/\/hpx.eu\/es\/concepto-de-venta\/#breadcrumb","itemListElement":[{"@type":"ListItem","position":1,"name":"Startseite","item":"https:\/\/hpx.eu\/es\/"},{"@type":"ListItem","position":2,"name":"Concepto de venta"}]},{"@type":"WebSite","@id":"https:\/\/hpx.eu\/es\/#website","url":"https:\/\/hpx.eu\/es\/","name":"HPX","description":"Tough Job, Tougher Tape","publisher":{"@id":"https:\/\/hpx.eu\/es\/#organization"},"potentialAction":[{"@type":"SearchAction","target":{"@type":"EntryPoint","urlTemplate":"https:\/\/hpx.eu\/es\/?s={search_term_string}"},"query-input":{"@type":"PropertyValueSpecification","valueRequired":true,"valueName":"search_term_string"}}],"inLanguage":"es"},{"@type":"Organization","@id":"https:\/\/hpx.eu\/es\/#organization","name":"Option Tape Specialties","url":"https:\/\/hpx.eu\/es\/","logo":{"@type":"ImageObject","inLanguage":"es","@id":"https:\/\/hpx.eu\/es\/#\/schema\/logo\/image\/","url":"","contentUrl":"","caption":"Option Tape Specialties"},"image":{"@id":"https:\/\/hpx.eu\/es\/#\/schema\/logo\/image\/"},"sameAs":["https:\/\/www.facebook.com\/HPXtape\/","https:\/\/www.linkedin.com\/company\/2913311\/","https:\/\/www.youtube.com\/channel\/UCCYnFjBGfKw8SPW1hMUCVFg"]}]}},"_links":{"self":[{"href":"https:\/\/hpx.eu\/es\/wp-json\/wp\/v2\/pages\/9733","targetHints":{"allow":["GET"]}}],"collection":[{"href":"https:\/\/hpx.eu\/es\/wp-json\/wp\/v2\/pages"}],"about":[{"href":"https:\/\/hpx.eu\/es\/wp-json\/wp\/v2\/types\/page"}],"author":[{"embeddable":true,"href":"https:\/\/hpx.eu\/es\/wp-json\/wp\/v2\/users\/1"}],"replies":[{"embeddable":true,"href":"https:\/\/hpx.eu\/es\/wp-json\/wp\/v2\/comments?post=9733"}],"version-history":[{"count":8,"href":"https:\/\/hpx.eu\/es\/wp-json\/wp\/v2\/pages\/9733\/revisions"}],"predecessor-version":[{"id":114493,"href":"https:\/\/hpx.eu\/es\/wp-json\/wp\/v2\/pages\/9733\/revisions\/114493"}],"wp:attachment":[{"href":"https:\/\/hpx.eu\/es\/wp-json\/wp\/v2\/media?parent=9733"}],"curies":[{"name":"wp","href":"https:\/\/api.w.org\/{rel}","templated":true}]}}