{"id":153687,"date":"2023-09-14T13:41:55","date_gmt":"2023-09-14T11:41:55","guid":{"rendered":"https:\/\/hpx.eu\/?page_id=153687"},"modified":"2023-09-14T13:41:59","modified_gmt":"2023-09-14T11:41:59","slug":"masking-4360-gold","status":"publish","type":"page","link":"https:\/\/hpx.eu\/es\/masking-4360-gold\/","title":{"rendered":"MASKING 4360 GOLD"},"content":{"rendered":"<div id=\"Lecot\">\n<div class=\"right\">\n\t\t\t<img loading=\"lazy\" decoding=\"async\" src=\"https:\/\/hpx.eu\/wp-content\/uploads\/2023\/09\/EF2445-Masking_4300_Gold-orange-24mm_x_45m-5407004565620.jpg\" width=\"520\" height=\"520\" \/><\/div>\n<div class=\"product left\">\n<h1>MASKING 4360 GOLD<\/h1>\n<div>\n<ul class=\"product_UPS\">\n<li>Cinta de enmascarar washi (papel arroz) \u00ab gold \u00bb de alta calidad, para los lados extremadamente agudos<\/li>\n<li>Buena adherencia sobre metal, vidrio, pl\u00e1stico y caucho<\/li>\n<li>Resistente a los disolventes<\/li>\n<li>Resistente a los rayos UV (sin dejar residuos en el soporte hasta 3 meses despu\u00e9s de la aplicaci\u00f3n)<\/li>\n<li>Tambi\u00e9n es adecuado para aplicaciones de \u00ab perfilar \u00bb en el sector de la automoci\u00f3n<\/li>\n<\/ul>\n<table class=\"product_table\">\n<thead>\n<tr>\n<th>Art. N&deg;<\/th>\n<th>Anchura<\/th>\n<th>Longitud<\/th>\n<th>Color<\/th>\n<th>Cant.<\/th>\n<th>C\u00f3digo de EAN<\/th>\n<\/tr>\n<\/thead>\n<tbody>\n<tr>\n<td>EF2445<\/td>\n<td>24 mm<\/td>\n<td>45 m<\/td>\n<td>naranja<\/td>\n<td>36<\/td>\n<td>5407004565620<\/td>\n<\/tr>\n<tr>\n<td>EF3645<\/td>\n<td>36 mm<\/td>\n<td>45 m<\/td>\n<td>naranja<\/td>\n<td>24<\/td>\n<td>5407004565644<\/td>\n<\/tr>\n<tr>\n<td>EF4845<\/td>\n<td>48 mm<\/td>\n<td>45 m<\/td>\n<td>naranja<\/td>\n<td>16<\/td>\n<td>5407004565668<\/td>\n<\/tr>\n<\/tbody>\n<\/table>\n<div class=\"product_characteristics\">\n<p><b>Adhesivo: <\/b><span>acr\u00edlico<\/span><\/p>\n<p><b>Soporte: <\/b><span>papel arroz<\/span><\/p>\n<p><b>Temperatura m\u00e1xima: <\/b><span>100&deg;C (hasta 120&deg;C para periodos cortos)<\/span><\/p>\n<p><b>Resistencia a la tracci\u00f3n: <\/b><span>70 N\/25 mm<\/span><\/p>\n<p><b>Fuerza adhesiva: <\/b><span>3,75 N\/25 mm<\/span><\/p>\n<p><b>Grosor: <\/b><span>0,09 mm<\/span><\/p>\n<\/div>\n<\/div>\n<\/div>\n<\/div>\n","protected":false},"excerpt":{"rendered":"<p>MASKING 4360 GOLD Cinta de enmascarar washi (papel arroz) \u00ab gold \u00bb de alta calidad, para los lados extremadamente agudos Buena adherencia sobre metal, vidrio, pl\u00e1stico y caucho Resistente a los disolventes Resistente a los rayos UV (sin dejar residuos en el soporte hasta 3 meses despu\u00e9s de la aplicaci\u00f3n) Tambi\u00e9n es adecuado para aplicaciones [&hellip;]<\/p>\n","protected":false},"author":1,"featured_media":0,"parent":0,"menu_order":0,"comment_status":"closed","ping_status":"closed","template":"","meta":{"_exactmetrics_skip_tracking":false,"_exactmetrics_sitenote_active":false,"_exactmetrics_sitenote_note":"","_exactmetrics_sitenote_category":0,"_monsterinsights_skip_tracking":false,"_monsterinsights_sitenote_active":false,"_monsterinsights_sitenote_note":"","_monsterinsights_sitenote_category":0,"_themeisle_gutenberg_block_has_review":false,"footnotes":""},"class_list":["post-153687","page","type-page","status-publish","hentry","post"],"yoast_head":"<!-- This site is optimized with the Yoast SEO plugin v27.3 - https:\/\/yoast.com\/product\/yoast-seo-wordpress\/ -->\n<title>MASKING 4360 GOLD - HPX<\/title>\n<meta name=\"robots\" content=\"index, follow, max-snippet:-1, max-image-preview:large, max-video-preview:-1\" \/>\n<link rel=\"canonical\" href=\"https:\/\/hpx.eu\/es\/masking-4360-gold\/\" \/>\n<meta property=\"og:locale\" content=\"es_ES\" \/>\n<meta property=\"og:type\" content=\"article\" \/>\n<meta property=\"og:title\" content=\"MASKING 4360 GOLD - HPX\" \/>\n<meta property=\"og:description\" content=\"MASKING 4360 GOLD Cinta de enmascarar washi (papel arroz) \u00ab gold \u00bb de alta calidad, para los lados extremadamente agudos Buena adherencia sobre metal, vidrio, pl\u00e1stico y caucho Resistente a los disolventes Resistente a los rayos UV (sin dejar residuos en el soporte hasta 3 meses despu\u00e9s de la aplicaci\u00f3n) Tambi\u00e9n es adecuado para aplicaciones [&hellip;]\" \/>\n<meta property=\"og:url\" content=\"https:\/\/hpx.eu\/es\/masking-4360-gold\/\" \/>\n<meta property=\"og:site_name\" content=\"HPX\" \/>\n<meta property=\"article:publisher\" content=\"https:\/\/www.facebook.com\/HPXtape\/\" \/>\n<meta property=\"article:modified_time\" content=\"2023-09-14T11:41:59+00:00\" \/>\n<meta property=\"og:image\" content=\"https:\/\/hpx.eu\/wp-content\/uploads\/2023\/09\/EF2445-Masking_4300_Gold-orange-24mm_x_45m-5407004565620.jpg\" \/>\n<meta name=\"twitter:card\" content=\"summary_large_image\" \/>\n<meta name=\"twitter:label1\" content=\"Tiempo de lectura\" \/>\n\t<meta name=\"twitter:data1\" content=\"1 minuto\" \/>\n<script type=\"application\/ld+json\" class=\"yoast-schema-graph\">{\"@context\":\"https:\\\/\\\/schema.org\",\"@graph\":[{\"@type\":\"WebPage\",\"@id\":\"https:\\\/\\\/hpx.eu\\\/es\\\/masking-4360-gold\\\/\",\"url\":\"https:\\\/\\\/hpx.eu\\\/es\\\/masking-4360-gold\\\/\",\"name\":\"MASKING 4360 GOLD - HPX\",\"isPartOf\":{\"@id\":\"http:\\\/\\\/hpx.eu\\\/es\\\/#website\"},\"primaryImageOfPage\":{\"@id\":\"https:\\\/\\\/hpx.eu\\\/es\\\/masking-4360-gold\\\/#primaryimage\"},\"image\":{\"@id\":\"https:\\\/\\\/hpx.eu\\\/es\\\/masking-4360-gold\\\/#primaryimage\"},\"thumbnailUrl\":\"https:\\\/\\\/hpx.eu\\\/wp-content\\\/uploads\\\/2023\\\/09\\\/EF2445-Masking_4300_Gold-orange-24mm_x_45m-5407004565620.jpg\",\"datePublished\":\"2023-09-14T11:41:55+00:00\",\"dateModified\":\"2023-09-14T11:41:59+00:00\",\"breadcrumb\":{\"@id\":\"https:\\\/\\\/hpx.eu\\\/es\\\/masking-4360-gold\\\/#breadcrumb\"},\"inLanguage\":\"es\",\"potentialAction\":[{\"@type\":\"ReadAction\",\"target\":[\"https:\\\/\\\/hpx.eu\\\/es\\\/masking-4360-gold\\\/\"]}]},{\"@type\":\"ImageObject\",\"inLanguage\":\"es\",\"@id\":\"https:\\\/\\\/hpx.eu\\\/es\\\/masking-4360-gold\\\/#primaryimage\",\"url\":\"https:\\\/\\\/hpx.eu\\\/wp-content\\\/uploads\\\/2023\\\/09\\\/EF2445-Masking_4300_Gold-orange-24mm_x_45m-5407004565620.jpg\",\"contentUrl\":\"https:\\\/\\\/hpx.eu\\\/wp-content\\\/uploads\\\/2023\\\/09\\\/EF2445-Masking_4300_Gold-orange-24mm_x_45m-5407004565620.jpg\"},{\"@type\":\"BreadcrumbList\",\"@id\":\"https:\\\/\\\/hpx.eu\\\/es\\\/masking-4360-gold\\\/#breadcrumb\",\"itemListElement\":[{\"@type\":\"ListItem\",\"position\":1,\"name\":\"Startseite\",\"item\":\"https:\\\/\\\/hpx.eu\\\/es\\\/\"},{\"@type\":\"ListItem\",\"position\":2,\"name\":\"MASKING 4360 GOLD\"}]},{\"@type\":\"WebSite\",\"@id\":\"http:\\\/\\\/hpx.eu\\\/es\\\/#website\",\"url\":\"http:\\\/\\\/hpx.eu\\\/es\\\/\",\"name\":\"HPX\",\"description\":\"Tough Job, Tougher Tape\",\"publisher\":{\"@id\":\"http:\\\/\\\/hpx.eu\\\/es\\\/#organization\"},\"potentialAction\":[{\"@type\":\"SearchAction\",\"target\":{\"@type\":\"EntryPoint\",\"urlTemplate\":\"http:\\\/\\\/hpx.eu\\\/es\\\/?s={search_term_string}\"},\"query-input\":{\"@type\":\"PropertyValueSpecification\",\"valueRequired\":true,\"valueName\":\"search_term_string\"}}],\"inLanguage\":\"es\"},{\"@type\":\"Organization\",\"@id\":\"http:\\\/\\\/hpx.eu\\\/es\\\/#organization\",\"name\":\"Option Tape Specialties\",\"url\":\"http:\\\/\\\/hpx.eu\\\/es\\\/\",\"logo\":{\"@type\":\"ImageObject\",\"inLanguage\":\"es\",\"@id\":\"http:\\\/\\\/hpx.eu\\\/es\\\/#\\\/schema\\\/logo\\\/image\\\/\",\"url\":\"\",\"contentUrl\":\"\",\"caption\":\"Option Tape Specialties\"},\"image\":{\"@id\":\"http:\\\/\\\/hpx.eu\\\/es\\\/#\\\/schema\\\/logo\\\/image\\\/\"},\"sameAs\":[\"https:\\\/\\\/www.facebook.com\\\/HPXtape\\\/\",\"https:\\\/\\\/www.linkedin.com\\\/company\\\/2913311\\\/\",\"https:\\\/\\\/www.youtube.com\\\/channel\\\/UCCYnFjBGfKw8SPW1hMUCVFg\"]}]}<\/script>\n<!-- \/ Yoast SEO plugin. -->","yoast_head_json":{"title":"MASKING 4360 GOLD - HPX","robots":{"index":"index","follow":"follow","max-snippet":"max-snippet:-1","max-image-preview":"max-image-preview:large","max-video-preview":"max-video-preview:-1"},"canonical":"https:\/\/hpx.eu\/es\/masking-4360-gold\/","og_locale":"es_ES","og_type":"article","og_title":"MASKING 4360 GOLD - HPX","og_description":"MASKING 4360 GOLD Cinta de enmascarar washi (papel arroz) \u00ab gold \u00bb de alta calidad, para los lados extremadamente agudos Buena adherencia sobre metal, vidrio, pl\u00e1stico y caucho Resistente a los disolventes Resistente a los rayos UV (sin dejar residuos en el soporte hasta 3 meses despu\u00e9s de la aplicaci\u00f3n) Tambi\u00e9n es adecuado para aplicaciones [&hellip;]","og_url":"https:\/\/hpx.eu\/es\/masking-4360-gold\/","og_site_name":"HPX","article_publisher":"https:\/\/www.facebook.com\/HPXtape\/","article_modified_time":"2023-09-14T11:41:59+00:00","og_image":[{"url":"https:\/\/hpx.eu\/wp-content\/uploads\/2023\/09\/EF2445-Masking_4300_Gold-orange-24mm_x_45m-5407004565620.jpg","type":"","width":"","height":""}],"twitter_card":"summary_large_image","twitter_misc":{"Tiempo de lectura":"1 minuto"},"schema":{"@context":"https:\/\/schema.org","@graph":[{"@type":"WebPage","@id":"https:\/\/hpx.eu\/es\/masking-4360-gold\/","url":"https:\/\/hpx.eu\/es\/masking-4360-gold\/","name":"MASKING 4360 GOLD - HPX","isPartOf":{"@id":"https:\/\/hpx.eu\/es\/#website"},"primaryImageOfPage":{"@id":"https:\/\/hpx.eu\/es\/masking-4360-gold\/#primaryimage"},"image":{"@id":"https:\/\/hpx.eu\/es\/masking-4360-gold\/#primaryimage"},"thumbnailUrl":"https:\/\/hpx.eu\/wp-content\/uploads\/2023\/09\/EF2445-Masking_4300_Gold-orange-24mm_x_45m-5407004565620.jpg","datePublished":"2023-09-14T11:41:55+00:00","dateModified":"2023-09-14T11:41:59+00:00","breadcrumb":{"@id":"https:\/\/hpx.eu\/es\/masking-4360-gold\/#breadcrumb"},"inLanguage":"es","potentialAction":[{"@type":"ReadAction","target":["https:\/\/hpx.eu\/es\/masking-4360-gold\/"]}]},{"@type":"ImageObject","inLanguage":"es","@id":"https:\/\/hpx.eu\/es\/masking-4360-gold\/#primaryimage","url":"https:\/\/hpx.eu\/wp-content\/uploads\/2023\/09\/EF2445-Masking_4300_Gold-orange-24mm_x_45m-5407004565620.jpg","contentUrl":"https:\/\/hpx.eu\/wp-content\/uploads\/2023\/09\/EF2445-Masking_4300_Gold-orange-24mm_x_45m-5407004565620.jpg"},{"@type":"BreadcrumbList","@id":"https:\/\/hpx.eu\/es\/masking-4360-gold\/#breadcrumb","itemListElement":[{"@type":"ListItem","position":1,"name":"Startseite","item":"https:\/\/hpx.eu\/es\/"},{"@type":"ListItem","position":2,"name":"MASKING 4360 GOLD"}]},{"@type":"WebSite","@id":"https:\/\/hpx.eu\/es\/#website","url":"https:\/\/hpx.eu\/es\/","name":"HPX","description":"Tough Job, Tougher Tape","publisher":{"@id":"https:\/\/hpx.eu\/es\/#organization"},"potentialAction":[{"@type":"SearchAction","target":{"@type":"EntryPoint","urlTemplate":"https:\/\/hpx.eu\/es\/?s={search_term_string}"},"query-input":{"@type":"PropertyValueSpecification","valueRequired":true,"valueName":"search_term_string"}}],"inLanguage":"es"},{"@type":"Organization","@id":"https:\/\/hpx.eu\/es\/#organization","name":"Option Tape Specialties","url":"https:\/\/hpx.eu\/es\/","logo":{"@type":"ImageObject","inLanguage":"es","@id":"https:\/\/hpx.eu\/es\/#\/schema\/logo\/image\/","url":"","contentUrl":"","caption":"Option Tape Specialties"},"image":{"@id":"https:\/\/hpx.eu\/es\/#\/schema\/logo\/image\/"},"sameAs":["https:\/\/www.facebook.com\/HPXtape\/","https:\/\/www.linkedin.com\/company\/2913311\/","https:\/\/www.youtube.com\/channel\/UCCYnFjBGfKw8SPW1hMUCVFg"]}]}},"_links":{"self":[{"href":"https:\/\/hpx.eu\/es\/wp-json\/wp\/v2\/pages\/153687","targetHints":{"allow":["GET"]}}],"collection":[{"href":"https:\/\/hpx.eu\/es\/wp-json\/wp\/v2\/pages"}],"about":[{"href":"https:\/\/hpx.eu\/es\/wp-json\/wp\/v2\/types\/page"}],"author":[{"embeddable":true,"href":"https:\/\/hpx.eu\/es\/wp-json\/wp\/v2\/users\/1"}],"replies":[{"embeddable":true,"href":"https:\/\/hpx.eu\/es\/wp-json\/wp\/v2\/comments?post=153687"}],"version-history":[{"count":1,"href":"https:\/\/hpx.eu\/es\/wp-json\/wp\/v2\/pages\/153687\/revisions"}],"predecessor-version":[{"id":153689,"href":"https:\/\/hpx.eu\/es\/wp-json\/wp\/v2\/pages\/153687\/revisions\/153689"}],"wp:attachment":[{"href":"https:\/\/hpx.eu\/es\/wp-json\/wp\/v2\/media?parent=153687"}],"curies":[{"name":"wp","href":"https:\/\/api.w.org\/{rel}","templated":true}]}}