{"id":175039,"date":"2025-07-14T10:18:45","date_gmt":"2025-07-14T08:18:45","guid":{"rendered":"https:\/\/hpx.eu\/product\/duo-grip-1830-2\/"},"modified":"2025-07-14T10:35:01","modified_gmt":"2025-07-14T08:35:01","slug":"duo-grip-1830-2","status":"publish","type":"product","link":"https:\/\/hpx.eu\/de\/product\/duo-grip-1830-2\/","title":{"rendered":"DUO GRIP <span class=\"productNr\">1830<\/span>"},"content":{"rendered":"<p>&nbsp;<\/p>\n","protected":false},"excerpt":{"rendered":"<ul class=\"product_UPS\">\n<li>Wiederverwendbarer Klettverschluss: eine optimale Haftung erh\u00e4lt man, indem man die Hakenstrukturen vollst\u00e4ndig ineinander dr\u00fcckt<\/li>\n<li>Geeignet f\u00fcr leichte und schwere Belastungen, wie z. B. Automatten, Auto- und Audioger\u00e4te, usw.<\/li>\n<li>Bis zu f\u00fcnfmal gr\u00f6\u00dfere Belastung m\u00f6glich als bei klassischen \u201cHaken-und-\u00d6sen\u201d-Verbindungen<\/li>\n<li><\/li>\n<li><\/li>\n<li><\/li>\n<li><\/li>\n<li><\/li>\n<li><\/li>\n<li><\/li>\n<\/ul>\n<table class=\"product_table\">\n<thead>\n<tr>\n<th>Art. Nr.<\/th>\n<th>Breite<\/th>\n<th>L\u00e4nge<\/th>\n<th>Farbe<\/th>\n<th>VE<\/th>\n<th>EAN-code<\/th>\n<\/tr>\n<\/thead>\n<tbody>\n<tr>\n<td>DG1000<\/td>\n<td>25 mm<\/td>\n<td>25 mm<\/td>\n<td>schwarz<\/td>\n<td>20<\/td>\n<td>5425014220926<\/td>\n<\/tr>\n<tr>\n<td>DG2500<\/td>\n<td>25 mm<\/td>\n<td>0,5 m<\/td>\n<td>schwarz<\/td>\n<td>20<\/td>\n<td>5425014225488<\/td>\n<\/tr>\n<tr>\n<td><\/td>\n<td><\/td>\n<td><\/td>\n<td><\/td>\n<td><\/td>\n<td><\/td>\n<\/tr>\n<tr>\n<td><\/td>\n<td><\/td>\n<td><\/td>\n<td><\/td>\n<td><\/td>\n<td><\/td>\n<\/tr>\n<tr>\n<td><\/td>\n<td><\/td>\n<td><\/td>\n<td><\/td>\n<td><\/td>\n<td><\/td>\n<\/tr>\n<tr>\n<td><\/td>\n<td><\/td>\n<td><\/td>\n<td><\/td>\n<td><\/td>\n<td><\/td>\n<\/tr>\n<tr>\n<td><\/td>\n<td><\/td>\n<td><\/td>\n<td><\/td>\n<td><\/td>\n<td><\/td>\n<\/tr>\n<tr>\n<td><\/td>\n<td><\/td>\n<td><\/td>\n<td><\/td>\n<td><\/td>\n<td><\/td>\n<\/tr>\n<tr>\n<td><\/td>\n<td><\/td>\n<td><\/td>\n<td><\/td>\n<td><\/td>\n<td><\/td>\n<\/tr>\n<tr>\n<td><\/td>\n<td><\/td>\n<td><\/td>\n<td><\/td>\n<td><\/td>\n<td><\/td>\n<\/tr>\n<tr>\n<td><\/td>\n<td><\/td>\n<td><\/td>\n<td><\/td>\n<td><\/td>\n<td><\/td>\n<\/tr>\n<tr>\n<td><\/td>\n<td><\/td>\n<td><\/td>\n<td><\/td>\n<td><\/td>\n<td><\/td>\n<\/tr>\n<tr>\n<td><\/td>\n<td><\/td>\n<td><\/td>\n<td><\/td>\n<td><\/td>\n<td><\/td>\n<\/tr>\n<tr>\n<td><\/td>\n<td><\/td>\n<td><\/td>\n<td><\/td>\n<td><\/td>\n<td><\/td>\n<\/tr>\n<tr>\n<td><\/td>\n<td><\/td>\n<td><\/td>\n<td><\/td>\n<td><\/td>\n<td><\/td>\n<\/tr>\n<tr>\n<td><\/td>\n<td><\/td>\n<td><\/td>\n<td><\/td>\n<td><\/td>\n<td><\/td>\n<\/tr>\n<tr>\n<td><\/td>\n<td><\/td>\n<td><\/td>\n<td><\/td>\n<td><\/td>\n<td><\/td>\n<\/tr>\n<tr>\n<td><\/td>\n<td><\/td>\n<td><\/td>\n<td><\/td>\n<td><\/td>\n<td><\/td>\n<\/tr>\n<\/tbody>\n<\/table>\n<div class=\"product_characteristics\">\n<p><b>Klebeschicht: <\/b><span>Synthesekautschuk<\/span><\/p>\n<p><b>Tr\u00e4germaterial: <\/b><span>Polyamide<\/span><\/p>\n<p><b>Temperaturbest\u00e4ndig bis: <\/b><span>93\u00b0C<\/span><\/p>\n<p><b>Zugfestigkeit: <\/b><span><\/span><\/p>\n<p><b>Klebekraft: <\/b><span><\/span><\/p>\n<p><b>Scherfestigkeit: <\/b><span><\/span><\/p>\n<p><b>Dicke: <\/b><span>5,40 mm<\/span><\/p>\n<p><b>Durchschlagspannung: <\/b><span><\/span><\/p>\n<\/p><\/div>\n<p>  <a href=\"https:\/\/drive.google.com\/uc?id=1jqpjmIVdaywZVDhqkIo1IRvl-TimFC4T&#038;export=download\" class=\"btnHPX\" target=\"_blank\"><i class=\"fa fa-download\" aria-hidden=\"true\"><\/i>Download Technical Data Sheet<\/a><\/p>\n","protected":false},"featured_media":92979,"comment_status":"closed","ping_status":"closed","template":"","meta":{"_exactmetrics_skip_tracking":false,"_exactmetrics_sitenote_active":false,"_exactmetrics_sitenote_note":"","_exactmetrics_sitenote_category":0,"_monsterinsights_skip_tracking":false,"_monsterinsights_sitenote_active":false,"_monsterinsights_sitenote_note":"","_monsterinsights_sitenote_category":0,"_themeisle_gutenberg_block_has_review":false},"product_brand":[],"product_cat":[969],"product_tag":[],"class_list":{"0":"post-175039","1":"product","2":"type-product","3":"status-publish","4":"has-post-thumbnail","6":"product_cat-klebebaender-in-blisterverpackung","7":"post","8":"post-with-thumbnail","9":"post-with-thumbnail-large","11":"first","12":"instock","13":"product-type-simple"},"yoast_head":"<!-- This site is optimized with the Yoast SEO plugin v27.4 - https:\/\/yoast.com\/product\/yoast-seo-wordpress\/ -->\n<title>DUO GRIP | HPX<\/title>\n<meta name=\"description\" content=\"Wiederverwendbarer Klettverschluss: eine optimale Haftung erh\u00e4lt man, indem man die Hakenstrukturen vollst\u00e4ndig ineinander dr\u00fcckt | Klebeb\u00e4nder in Blisterverpackung | DUO GRIP | HPX\" \/>\n<meta name=\"robots\" content=\"index, follow, max-snippet:-1, max-image-preview:large, max-video-preview:-1\" \/>\n<link rel=\"canonical\" href=\"https:\/\/hpx.eu\/de\/product\/duo-grip-1830-2\/\" \/>\n<meta property=\"og:locale\" content=\"de_DE\" \/>\n<meta property=\"og:type\" content=\"article\" \/>\n<meta property=\"og:title\" content=\"DUO GRIP | HPX\" \/>\n<meta property=\"og:description\" content=\"Wiederverwendbarer Klettverschluss: eine optimale Haftung erh\u00e4lt man, indem man die Hakenstrukturen vollst\u00e4ndig ineinander dr\u00fcckt | Klebeb\u00e4nder in Blisterverpackung | DUO GRIP | HPX\" \/>\n<meta property=\"og:url\" content=\"https:\/\/hpx.eu\/de\/product\/duo-grip-1830-2\/\" \/>\n<meta property=\"og:site_name\" content=\"HPX\" \/>\n<meta property=\"article:publisher\" content=\"https:\/\/www.facebook.com\/HPXtape\/\" \/>\n<meta property=\"article:modified_time\" content=\"2025-07-14T08:35:01+00:00\" \/>\n<meta property=\"og:image\" content=\"https:\/\/hpx.eu\/wp-content\/uploads\/2018\/05\/DG1000-Duo_grip_fastener-pads-25mm_x_25mm-5425014220926.jpg\" \/>\n\t<meta property=\"og:image:width\" content=\"800\" \/>\n\t<meta property=\"og:image:height\" content=\"800\" \/>\n\t<meta property=\"og:image:type\" content=\"image\/jpeg\" \/>\n<meta name=\"twitter:card\" content=\"summary_large_image\" \/>\n<script type=\"application\/ld+json\" class=\"yoast-schema-graph\">{\"@context\":\"https:\\\/\\\/schema.org\",\"@graph\":[{\"@type\":\"WebPage\",\"@id\":\"https:\\\/\\\/hpx.eu\\\/de\\\/product\\\/duo-grip-1830-2\\\/\",\"url\":\"https:\\\/\\\/hpx.eu\\\/de\\\/product\\\/duo-grip-1830-2\\\/\",\"name\":\"DUO GRIP | HPX\",\"isPartOf\":{\"@id\":\"http:\\\/\\\/hpx.eu\\\/de\\\/#website\"},\"primaryImageOfPage\":{\"@id\":\"https:\\\/\\\/hpx.eu\\\/de\\\/product\\\/duo-grip-1830-2\\\/#primaryimage\"},\"image\":{\"@id\":\"https:\\\/\\\/hpx.eu\\\/de\\\/product\\\/duo-grip-1830-2\\\/#primaryimage\"},\"thumbnailUrl\":\"https:\\\/\\\/hpx.eu\\\/wp-content\\\/uploads\\\/2020\\\/04\\\/DG2500-Duo_grip_fastener-25mm_x_0_5m-5425014225488-HPX.jpg\",\"datePublished\":\"2025-07-14T08:18:45+00:00\",\"dateModified\":\"2025-07-14T08:35:01+00:00\",\"description\":\"Wiederverwendbarer Klettverschluss: eine optimale Haftung erh\u00e4lt man, indem man die Hakenstrukturen vollst\u00e4ndig ineinander dr\u00fcckt | Klebeb\u00e4nder in Blisterverpackung | DUO GRIP | HPX\",\"breadcrumb\":{\"@id\":\"https:\\\/\\\/hpx.eu\\\/de\\\/product\\\/duo-grip-1830-2\\\/#breadcrumb\"},\"inLanguage\":\"de\",\"potentialAction\":[{\"@type\":\"ReadAction\",\"target\":[\"https:\\\/\\\/hpx.eu\\\/de\\\/product\\\/duo-grip-1830-2\\\/\"]}]},{\"@type\":\"ImageObject\",\"inLanguage\":\"de\",\"@id\":\"https:\\\/\\\/hpx.eu\\\/de\\\/product\\\/duo-grip-1830-2\\\/#primaryimage\",\"url\":\"https:\\\/\\\/hpx.eu\\\/wp-content\\\/uploads\\\/2020\\\/04\\\/DG2500-Duo_grip_fastener-25mm_x_0_5m-5425014225488-HPX.jpg\",\"contentUrl\":\"https:\\\/\\\/hpx.eu\\\/wp-content\\\/uploads\\\/2020\\\/04\\\/DG2500-Duo_grip_fastener-25mm_x_0_5m-5425014225488-HPX.jpg\",\"width\":800,\"height\":800,\"caption\":\"DG2500 - Duo grip fastener - 25mm x 0 5m - 5425014225488\"},{\"@type\":\"BreadcrumbList\",\"@id\":\"https:\\\/\\\/hpx.eu\\\/de\\\/product\\\/duo-grip-1830-2\\\/#breadcrumb\",\"itemListElement\":[{\"@type\":\"ListItem\",\"position\":1,\"name\":\"Startseite\",\"item\":\"http:\\\/\\\/hpx.eu\\\/de\\\/\"},{\"@type\":\"ListItem\",\"position\":2,\"name\":\"Produkte\",\"item\":\"http:\\\/\\\/hpx.eu\\\/de\\\/produkte\\\/\"},{\"@type\":\"ListItem\",\"position\":3,\"name\":\"DUO GRIP 1830\"}]},{\"@type\":\"WebSite\",\"@id\":\"http:\\\/\\\/hpx.eu\\\/de\\\/#website\",\"url\":\"http:\\\/\\\/hpx.eu\\\/de\\\/\",\"name\":\"HPX\",\"description\":\"Tough Job, Tougher Tape\",\"publisher\":{\"@id\":\"http:\\\/\\\/hpx.eu\\\/de\\\/#organization\"},\"potentialAction\":[{\"@type\":\"SearchAction\",\"target\":{\"@type\":\"EntryPoint\",\"urlTemplate\":\"http:\\\/\\\/hpx.eu\\\/de\\\/?s={search_term_string}\"},\"query-input\":{\"@type\":\"PropertyValueSpecification\",\"valueRequired\":true,\"valueName\":\"search_term_string\"}}],\"inLanguage\":\"de\"},{\"@type\":\"Organization\",\"@id\":\"http:\\\/\\\/hpx.eu\\\/de\\\/#organization\",\"name\":\"Option Tape Specialties\",\"url\":\"http:\\\/\\\/hpx.eu\\\/de\\\/\",\"logo\":{\"@type\":\"ImageObject\",\"inLanguage\":\"de\",\"@id\":\"http:\\\/\\\/hpx.eu\\\/de\\\/#\\\/schema\\\/logo\\\/image\\\/\",\"url\":\"\",\"contentUrl\":\"\",\"caption\":\"Option Tape Specialties\"},\"image\":{\"@id\":\"http:\\\/\\\/hpx.eu\\\/de\\\/#\\\/schema\\\/logo\\\/image\\\/\"},\"sameAs\":[\"https:\\\/\\\/www.facebook.com\\\/HPXtape\\\/\",\"https:\\\/\\\/www.linkedin.com\\\/company\\\/2913311\\\/\",\"https:\\\/\\\/www.youtube.com\\\/channel\\\/UCCYnFjBGfKw8SPW1hMUCVFg\"]}]}<\/script>\n<!-- \/ Yoast SEO plugin. -->","yoast_head_json":{"title":"DUO GRIP | HPX","description":"Wiederverwendbarer Klettverschluss: eine optimale Haftung erh\u00e4lt man, indem man die Hakenstrukturen vollst\u00e4ndig ineinander dr\u00fcckt | Klebeb\u00e4nder in Blisterverpackung | DUO GRIP | HPX","robots":{"index":"index","follow":"follow","max-snippet":"max-snippet:-1","max-image-preview":"max-image-preview:large","max-video-preview":"max-video-preview:-1"},"canonical":"https:\/\/hpx.eu\/de\/product\/duo-grip-1830-2\/","og_locale":"de_DE","og_type":"article","og_title":"DUO GRIP | HPX","og_description":"Wiederverwendbarer Klettverschluss: eine optimale Haftung erh\u00e4lt man, indem man die Hakenstrukturen vollst\u00e4ndig ineinander dr\u00fcckt | Klebeb\u00e4nder in Blisterverpackung | DUO GRIP | HPX","og_url":"https:\/\/hpx.eu\/de\/product\/duo-grip-1830-2\/","og_site_name":"HPX","article_publisher":"https:\/\/www.facebook.com\/HPXtape\/","article_modified_time":"2025-07-14T08:35:01+00:00","og_image":[{"width":800,"height":800,"url":"https:\/\/hpx.eu\/wp-content\/uploads\/2018\/05\/DG1000-Duo_grip_fastener-pads-25mm_x_25mm-5425014220926.jpg","type":"image\/jpeg"}],"twitter_card":"summary_large_image","schema":{"@context":"https:\/\/schema.org","@graph":[{"@type":"WebPage","@id":"https:\/\/hpx.eu\/de\/product\/duo-grip-1830-2\/","url":"https:\/\/hpx.eu\/de\/product\/duo-grip-1830-2\/","name":"DUO GRIP | HPX","isPartOf":{"@id":"https:\/\/hpx.eu\/de\/#website"},"primaryImageOfPage":{"@id":"https:\/\/hpx.eu\/de\/product\/duo-grip-1830-2\/#primaryimage"},"image":{"@id":"https:\/\/hpx.eu\/de\/product\/duo-grip-1830-2\/#primaryimage"},"thumbnailUrl":"https:\/\/hpx.eu\/wp-content\/uploads\/2020\/04\/DG2500-Duo_grip_fastener-25mm_x_0_5m-5425014225488-HPX.jpg","datePublished":"2025-07-14T08:18:45+00:00","dateModified":"2025-07-14T08:35:01+00:00","description":"Wiederverwendbarer Klettverschluss: eine optimale Haftung erh\u00e4lt man, indem man die Hakenstrukturen vollst\u00e4ndig ineinander dr\u00fcckt | Klebeb\u00e4nder in Blisterverpackung | DUO GRIP | HPX","breadcrumb":{"@id":"https:\/\/hpx.eu\/de\/product\/duo-grip-1830-2\/#breadcrumb"},"inLanguage":"de","potentialAction":[{"@type":"ReadAction","target":["https:\/\/hpx.eu\/de\/product\/duo-grip-1830-2\/"]}]},{"@type":"ImageObject","inLanguage":"de","@id":"https:\/\/hpx.eu\/de\/product\/duo-grip-1830-2\/#primaryimage","url":"https:\/\/hpx.eu\/wp-content\/uploads\/2020\/04\/DG2500-Duo_grip_fastener-25mm_x_0_5m-5425014225488-HPX.jpg","contentUrl":"https:\/\/hpx.eu\/wp-content\/uploads\/2020\/04\/DG2500-Duo_grip_fastener-25mm_x_0_5m-5425014225488-HPX.jpg","width":800,"height":800,"caption":"DG2500 - Duo grip fastener - 25mm x 0 5m - 5425014225488"},{"@type":"BreadcrumbList","@id":"https:\/\/hpx.eu\/de\/product\/duo-grip-1830-2\/#breadcrumb","itemListElement":[{"@type":"ListItem","position":1,"name":"Startseite","item":"https:\/\/hpx.eu\/de\/"},{"@type":"ListItem","position":2,"name":"Produkte","item":"https:\/\/hpx.eu\/de\/produkte\/"},{"@type":"ListItem","position":3,"name":"DUO GRIP 1830"}]},{"@type":"WebSite","@id":"https:\/\/hpx.eu\/de\/#website","url":"https:\/\/hpx.eu\/de\/","name":"HPX","description":"Tough Job, Tougher Tape","publisher":{"@id":"https:\/\/hpx.eu\/de\/#organization"},"potentialAction":[{"@type":"SearchAction","target":{"@type":"EntryPoint","urlTemplate":"https:\/\/hpx.eu\/de\/?s={search_term_string}"},"query-input":{"@type":"PropertyValueSpecification","valueRequired":true,"valueName":"search_term_string"}}],"inLanguage":"de"},{"@type":"Organization","@id":"https:\/\/hpx.eu\/de\/#organization","name":"Option Tape Specialties","url":"https:\/\/hpx.eu\/de\/","logo":{"@type":"ImageObject","inLanguage":"de","@id":"https:\/\/hpx.eu\/de\/#\/schema\/logo\/image\/","url":"","contentUrl":"","caption":"Option Tape Specialties"},"image":{"@id":"https:\/\/hpx.eu\/de\/#\/schema\/logo\/image\/"},"sameAs":["https:\/\/www.facebook.com\/HPXtape\/","https:\/\/www.linkedin.com\/company\/2913311\/","https:\/\/www.youtube.com\/channel\/UCCYnFjBGfKw8SPW1hMUCVFg"]}]}},"_links":{"self":[{"href":"https:\/\/hpx.eu\/de\/wp-json\/wp\/v2\/product\/175039","targetHints":{"allow":["GET"]}}],"collection":[{"href":"https:\/\/hpx.eu\/de\/wp-json\/wp\/v2\/product"}],"about":[{"href":"https:\/\/hpx.eu\/de\/wp-json\/wp\/v2\/types\/product"}],"replies":[{"embeddable":true,"href":"https:\/\/hpx.eu\/de\/wp-json\/wp\/v2\/comments?post=175039"}],"wp:featuredmedia":[{"embeddable":true,"href":"https:\/\/hpx.eu\/de\/wp-json\/wp\/v2\/media\/92979"}],"wp:attachment":[{"href":"https:\/\/hpx.eu\/de\/wp-json\/wp\/v2\/media?parent=175039"}],"wp:term":[{"taxonomy":"product_brand","embeddable":true,"href":"https:\/\/hpx.eu\/de\/wp-json\/wp\/v2\/product_brand?post=175039"},{"taxonomy":"product_cat","embeddable":true,"href":"https:\/\/hpx.eu\/de\/wp-json\/wp\/v2\/product_cat?post=175039"},{"taxonomy":"product_tag","embeddable":true,"href":"https:\/\/hpx.eu\/de\/wp-json\/wp\/v2\/product_tag?post=175039"}],"curies":[{"name":"wp","href":"https:\/\/api.w.org\/{rel}","templated":true}]}}