{"id":9725,"date":"2017-06-13T16:07:56","date_gmt":"2017-06-13T14:07:56","guid":{"rendered":"http:\/\/hpx.jonathanhuyssens.be\/?page_id=9725"},"modified":"2020-05-11T09:05:11","modified_gmt":"2020-05-11T07:05:11","slug":"planogramme","status":"publish","type":"page","link":"https:\/\/hpx.eu\/de\/planogramme\/","title":{"rendered":"Planogramme"},"content":{"rendered":"<p>Wir haben diverse Planogramme f\u00fcr die verschiedenen M\u00e4rkte entwickelt, wie zum Beispiel f\u00fcr den Automobilsektor, den Bau- und Industriegro\u00dfhandel, die Freizeit- und Erholungsgesch\u00e4fte.&nbsp;Auf Anfrage k\u00f6nnen wir auch, auf Basis der Abverkaufszahlen, Verkaufsstellen und unserer langj\u00e4hrigen Erfahrung, auf Sie zugeschnittene individuelle Planogramme entwerfen.&nbsp;Wenn Sie mehr dar\u00fcber erfahren wollen, k\u00f6nnen Sie uns gerne jederzeit <a href=\"..\/kontakt\">kontaktieren<\/a>.<\/p>\n<div class=\"ThreeCol\">\n<h3>Schritt 1: Entwicklung des Planogramms<\/h3>\n<p><img loading=\"lazy\" decoding=\"async\" src=\"https:\/\/hpx.eu\/wp-content\/uploads\/2017\/06\/Shelf_plan-step_1.png\" alt=\"Entwicklung des Planogramms\" width=\"300\" height=\"749\" class=\"alignnone size-full wp-image-17357\"><\/p>\n<\/div>\n<div class=\"ThreeCol\">\n<h3>Schritt 2: Graphische Darstellung<\/h3>\n<p><img loading=\"lazy\" decoding=\"async\" src=\"https:\/\/hpx.eu\/wp-content\/uploads\/2017\/06\/Shelf_plan-step_2.jpg\" alt=\"Graphische Darstellung\" width=\"300\" height=\"749\" class=\"alignnone size-full wp-image-17377\" srcset=\"https:\/\/hpx.eu\/wp-content\/uploads\/2017\/06\/Shelf_plan-step_2.jpg 300w, https:\/\/hpx.eu\/wp-content\/uploads\/2017\/06\/Shelf_plan-step_2-120x300.jpg 120w\" sizes=\"auto, (max-width: 300px) 100vw, 300px\" \/><\/p>\n<\/div>\n<div class=\"ThreeCol\">\n<h3>Schritt 3: Umsetung<\/h3>\n<p><img loading=\"lazy\" decoding=\"async\" src=\"https:\/\/hpx.eu\/wp-content\/uploads\/2017\/06\/Shelf_plan-step_3.jpg\" alt=\"Umsetung\" width=\"311\" height=\"749\" class=\"alignnone size-full wp-image-17395\" srcset=\"https:\/\/hpx.eu\/wp-content\/uploads\/2017\/06\/Shelf_plan-step_3.jpg 311w, https:\/\/hpx.eu\/wp-content\/uploads\/2017\/06\/Shelf_plan-step_3-125x300.jpg 125w\" sizes=\"auto, (max-width: 311px) 100vw, 311px\" \/><\/p>\n<\/div>\n","protected":false},"excerpt":{"rendered":"<p>Wir haben diverse Planogramme f\u00fcr die verschiedenen M\u00e4rkte entwickelt, wie zum Beispiel f\u00fcr den Automobilsektor, den Bau- und Industriegro\u00dfhandel, die Freizeit- und Erholungsgesch\u00e4fte.&nbsp;Auf Anfrage k\u00f6nnen wir auch, auf Basis der Abverkaufszahlen, Verkaufsstellen und unserer langj\u00e4hrigen Erfahrung, auf Sie zugeschnittene individuelle Planogramme entwerfen.&nbsp;Wenn Sie mehr dar\u00fcber erfahren wollen, k\u00f6nnen Sie uns gerne jederzeit kontaktieren. Schritt 1: [&hellip;]<\/p>\n","protected":false},"author":1,"featured_media":0,"parent":0,"menu_order":0,"comment_status":"closed","ping_status":"closed","template":"","meta":{"_exactmetrics_skip_tracking":false,"_exactmetrics_sitenote_active":false,"_exactmetrics_sitenote_note":"","_exactmetrics_sitenote_category":0,"_monsterinsights_skip_tracking":false,"_monsterinsights_sitenote_active":false,"_monsterinsights_sitenote_note":"","_monsterinsights_sitenote_category":0,"_themeisle_gutenberg_block_has_review":false,"footnotes":""},"class_list":["post-9725","page","type-page","status-publish","hentry","post"],"yoast_head":"<!-- This site is optimized with the Yoast SEO plugin v27.3 - https:\/\/yoast.com\/product\/yoast-seo-wordpress\/ -->\n<title>Planogramme - HPX<\/title>\n<meta name=\"robots\" content=\"index, follow, max-snippet:-1, max-image-preview:large, max-video-preview:-1\" \/>\n<link rel=\"canonical\" href=\"https:\/\/hpx.eu\/de\/planogramme\/\" \/>\n<meta property=\"og:locale\" content=\"de_DE\" \/>\n<meta property=\"og:type\" content=\"article\" \/>\n<meta property=\"og:title\" content=\"Planogramme - HPX\" \/>\n<meta property=\"og:description\" content=\"Wir haben diverse Planogramme f\u00fcr die verschiedenen M\u00e4rkte entwickelt, wie zum Beispiel f\u00fcr den Automobilsektor, den Bau- und Industriegro\u00dfhandel, die Freizeit- und Erholungsgesch\u00e4fte.&nbsp;Auf Anfrage k\u00f6nnen wir auch, auf Basis der Abverkaufszahlen, Verkaufsstellen und unserer langj\u00e4hrigen Erfahrung, auf Sie zugeschnittene individuelle Planogramme entwerfen.&nbsp;Wenn Sie mehr dar\u00fcber erfahren wollen, k\u00f6nnen Sie uns gerne jederzeit kontaktieren. Schritt 1: [&hellip;]\" \/>\n<meta property=\"og:url\" content=\"https:\/\/hpx.eu\/de\/planogramme\/\" \/>\n<meta property=\"og:site_name\" content=\"HPX\" \/>\n<meta property=\"article:publisher\" content=\"https:\/\/www.facebook.com\/HPXtape\/\" \/>\n<meta property=\"article:modified_time\" content=\"2020-05-11T07:05:11+00:00\" \/>\n<meta property=\"og:image\" content=\"https:\/\/hpx.eu\/wp-content\/uploads\/2017\/06\/Shelf_plan-step_1.png\" \/>\n<meta name=\"twitter:card\" content=\"summary_large_image\" \/>\n<script type=\"application\/ld+json\" class=\"yoast-schema-graph\">{\"@context\":\"https:\\\/\\\/schema.org\",\"@graph\":[{\"@type\":\"WebPage\",\"@id\":\"https:\\\/\\\/hpx.eu\\\/de\\\/planogramme\\\/\",\"url\":\"https:\\\/\\\/hpx.eu\\\/de\\\/planogramme\\\/\",\"name\":\"Planogramme - HPX\",\"isPartOf\":{\"@id\":\"http:\\\/\\\/hpx.eu\\\/de\\\/#website\"},\"primaryImageOfPage\":{\"@id\":\"https:\\\/\\\/hpx.eu\\\/de\\\/planogramme\\\/#primaryimage\"},\"image\":{\"@id\":\"https:\\\/\\\/hpx.eu\\\/de\\\/planogramme\\\/#primaryimage\"},\"thumbnailUrl\":\"http:\\\/\\\/hpx.eu\\\/wp-content\\\/uploads\\\/2017\\\/06\\\/Shelf_plan-step_1.png\",\"datePublished\":\"2017-06-13T14:07:56+00:00\",\"dateModified\":\"2020-05-11T07:05:11+00:00\",\"breadcrumb\":{\"@id\":\"https:\\\/\\\/hpx.eu\\\/de\\\/planogramme\\\/#breadcrumb\"},\"inLanguage\":\"de\",\"potentialAction\":[{\"@type\":\"ReadAction\",\"target\":[\"https:\\\/\\\/hpx.eu\\\/de\\\/planogramme\\\/\"]}]},{\"@type\":\"ImageObject\",\"inLanguage\":\"de\",\"@id\":\"https:\\\/\\\/hpx.eu\\\/de\\\/planogramme\\\/#primaryimage\",\"url\":\"http:\\\/\\\/hpx.eu\\\/wp-content\\\/uploads\\\/2017\\\/06\\\/Shelf_plan-step_1.png\",\"contentUrl\":\"http:\\\/\\\/hpx.eu\\\/wp-content\\\/uploads\\\/2017\\\/06\\\/Shelf_plan-step_1.png\"},{\"@type\":\"BreadcrumbList\",\"@id\":\"https:\\\/\\\/hpx.eu\\\/de\\\/planogramme\\\/#breadcrumb\",\"itemListElement\":[{\"@type\":\"ListItem\",\"position\":1,\"name\":\"Startseite\",\"item\":\"http:\\\/\\\/hpx.eu\\\/de\\\/\"},{\"@type\":\"ListItem\",\"position\":2,\"name\":\"Planogramme\"}]},{\"@type\":\"WebSite\",\"@id\":\"http:\\\/\\\/hpx.eu\\\/de\\\/#website\",\"url\":\"http:\\\/\\\/hpx.eu\\\/de\\\/\",\"name\":\"HPX\",\"description\":\"Tough Job, Tougher Tape\",\"publisher\":{\"@id\":\"http:\\\/\\\/hpx.eu\\\/de\\\/#organization\"},\"potentialAction\":[{\"@type\":\"SearchAction\",\"target\":{\"@type\":\"EntryPoint\",\"urlTemplate\":\"http:\\\/\\\/hpx.eu\\\/de\\\/?s={search_term_string}\"},\"query-input\":{\"@type\":\"PropertyValueSpecification\",\"valueRequired\":true,\"valueName\":\"search_term_string\"}}],\"inLanguage\":\"de\"},{\"@type\":\"Organization\",\"@id\":\"http:\\\/\\\/hpx.eu\\\/de\\\/#organization\",\"name\":\"Option Tape Specialties\",\"url\":\"http:\\\/\\\/hpx.eu\\\/de\\\/\",\"logo\":{\"@type\":\"ImageObject\",\"inLanguage\":\"de\",\"@id\":\"http:\\\/\\\/hpx.eu\\\/de\\\/#\\\/schema\\\/logo\\\/image\\\/\",\"url\":\"\",\"contentUrl\":\"\",\"caption\":\"Option Tape Specialties\"},\"image\":{\"@id\":\"http:\\\/\\\/hpx.eu\\\/de\\\/#\\\/schema\\\/logo\\\/image\\\/\"},\"sameAs\":[\"https:\\\/\\\/www.facebook.com\\\/HPXtape\\\/\",\"https:\\\/\\\/www.linkedin.com\\\/company\\\/2913311\\\/\",\"https:\\\/\\\/www.youtube.com\\\/channel\\\/UCCYnFjBGfKw8SPW1hMUCVFg\"]}]}<\/script>\n<!-- \/ Yoast SEO plugin. -->","yoast_head_json":{"title":"Planogramme - HPX","robots":{"index":"index","follow":"follow","max-snippet":"max-snippet:-1","max-image-preview":"max-image-preview:large","max-video-preview":"max-video-preview:-1"},"canonical":"https:\/\/hpx.eu\/de\/planogramme\/","og_locale":"de_DE","og_type":"article","og_title":"Planogramme - HPX","og_description":"Wir haben diverse Planogramme f\u00fcr die verschiedenen M\u00e4rkte entwickelt, wie zum Beispiel f\u00fcr den Automobilsektor, den Bau- und Industriegro\u00dfhandel, die Freizeit- und Erholungsgesch\u00e4fte.&nbsp;Auf Anfrage k\u00f6nnen wir auch, auf Basis der Abverkaufszahlen, Verkaufsstellen und unserer langj\u00e4hrigen Erfahrung, auf Sie zugeschnittene individuelle Planogramme entwerfen.&nbsp;Wenn Sie mehr dar\u00fcber erfahren wollen, k\u00f6nnen Sie uns gerne jederzeit kontaktieren. Schritt 1: [&hellip;]","og_url":"https:\/\/hpx.eu\/de\/planogramme\/","og_site_name":"HPX","article_publisher":"https:\/\/www.facebook.com\/HPXtape\/","article_modified_time":"2020-05-11T07:05:11+00:00","og_image":[{"url":"https:\/\/hpx.eu\/wp-content\/uploads\/2017\/06\/Shelf_plan-step_1.png","type":"","width":"","height":""}],"twitter_card":"summary_large_image","schema":{"@context":"https:\/\/schema.org","@graph":[{"@type":"WebPage","@id":"https:\/\/hpx.eu\/de\/planogramme\/","url":"https:\/\/hpx.eu\/de\/planogramme\/","name":"Planogramme - HPX","isPartOf":{"@id":"https:\/\/hpx.eu\/de\/#website"},"primaryImageOfPage":{"@id":"https:\/\/hpx.eu\/de\/planogramme\/#primaryimage"},"image":{"@id":"https:\/\/hpx.eu\/de\/planogramme\/#primaryimage"},"thumbnailUrl":"https:\/\/hpx.eu\/wp-content\/uploads\/2017\/06\/Shelf_plan-step_1.png","datePublished":"2017-06-13T14:07:56+00:00","dateModified":"2020-05-11T07:05:11+00:00","breadcrumb":{"@id":"https:\/\/hpx.eu\/de\/planogramme\/#breadcrumb"},"inLanguage":"de","potentialAction":[{"@type":"ReadAction","target":["https:\/\/hpx.eu\/de\/planogramme\/"]}]},{"@type":"ImageObject","inLanguage":"de","@id":"https:\/\/hpx.eu\/de\/planogramme\/#primaryimage","url":"https:\/\/hpx.eu\/wp-content\/uploads\/2017\/06\/Shelf_plan-step_1.png","contentUrl":"https:\/\/hpx.eu\/wp-content\/uploads\/2017\/06\/Shelf_plan-step_1.png"},{"@type":"BreadcrumbList","@id":"https:\/\/hpx.eu\/de\/planogramme\/#breadcrumb","itemListElement":[{"@type":"ListItem","position":1,"name":"Startseite","item":"https:\/\/hpx.eu\/de\/"},{"@type":"ListItem","position":2,"name":"Planogramme"}]},{"@type":"WebSite","@id":"https:\/\/hpx.eu\/de\/#website","url":"https:\/\/hpx.eu\/de\/","name":"HPX","description":"Tough Job, Tougher Tape","publisher":{"@id":"https:\/\/hpx.eu\/de\/#organization"},"potentialAction":[{"@type":"SearchAction","target":{"@type":"EntryPoint","urlTemplate":"https:\/\/hpx.eu\/de\/?s={search_term_string}"},"query-input":{"@type":"PropertyValueSpecification","valueRequired":true,"valueName":"search_term_string"}}],"inLanguage":"de"},{"@type":"Organization","@id":"https:\/\/hpx.eu\/de\/#organization","name":"Option Tape Specialties","url":"https:\/\/hpx.eu\/de\/","logo":{"@type":"ImageObject","inLanguage":"de","@id":"https:\/\/hpx.eu\/de\/#\/schema\/logo\/image\/","url":"","contentUrl":"","caption":"Option Tape Specialties"},"image":{"@id":"https:\/\/hpx.eu\/de\/#\/schema\/logo\/image\/"},"sameAs":["https:\/\/www.facebook.com\/HPXtape\/","https:\/\/www.linkedin.com\/company\/2913311\/","https:\/\/www.youtube.com\/channel\/UCCYnFjBGfKw8SPW1hMUCVFg"]}]}},"_links":{"self":[{"href":"https:\/\/hpx.eu\/de\/wp-json\/wp\/v2\/pages\/9725","targetHints":{"allow":["GET"]}}],"collection":[{"href":"https:\/\/hpx.eu\/de\/wp-json\/wp\/v2\/pages"}],"about":[{"href":"https:\/\/hpx.eu\/de\/wp-json\/wp\/v2\/types\/page"}],"author":[{"embeddable":true,"href":"https:\/\/hpx.eu\/de\/wp-json\/wp\/v2\/users\/1"}],"replies":[{"embeddable":true,"href":"https:\/\/hpx.eu\/de\/wp-json\/wp\/v2\/comments?post=9725"}],"version-history":[{"count":10,"href":"https:\/\/hpx.eu\/de\/wp-json\/wp\/v2\/pages\/9725\/revisions"}],"predecessor-version":[{"id":100343,"href":"https:\/\/hpx.eu\/de\/wp-json\/wp\/v2\/pages\/9725\/revisions\/100343"}],"wp:attachment":[{"href":"https:\/\/hpx.eu\/de\/wp-json\/wp\/v2\/media?parent=9725"}],"curies":[{"name":"wp","href":"https:\/\/api.w.org\/{rel}","templated":true}]}}